{"id":6779,"date":"2026-04-09T17:48:36","date_gmt":"2026-04-09T17:48:36","guid":{"rendered":"https:\/\/www.mascoteriagonzalito.cl\/?post_type=product&#038;p=6779"},"modified":"2026-04-16T13:58:22","modified_gmt":"2026-04-16T13:58:22","slug":"agility-control-peso-1-5-kg","status":"publish","type":"product","link":"https:\/\/www.mascoteriagonzalito.cl\/index.php\/producto\/agility-control-peso-1-5-kg\/","title":{"rendered":"AGILITY CONTROL PESO 1.5 KG"},"content":{"rendered":"<h2>Agility+ Weight Control + Prolonged Satiety Adult Cat<\/h2>\n<p><strong>Nutrici\u00f3n inteligente para gatos adultos con tendencia al sobrepeso.<\/strong>\u00a0Agility+ Weight Control + Prolonged Satiety es un alimento seco completo y balanceado, formulado para ayudar a tu felino a controlar su peso corporal de forma saludable, sin sacrificar nutrici\u00f3n ni bienestar.<\/p>\n<p>Su f\u00f3rmula con\u00a0<strong>pollo como ingrediente principal<\/strong>\u00a0ofrece un\u00a0<strong>alto contenido de prote\u00ednas y bajo nivel de grasa<\/strong>, ayudando a mantener una \u00f3ptima condici\u00f3n corporal mientras favorece una sensaci\u00f3n de saciedad prolongada.<\/p>\n<h3>Beneficios principales<\/h3>\n<ul>\n<li><strong>Control de peso:<\/strong>\u00a0dise\u00f1ado para gatos adultos con tendencia al sobrepeso.<\/li>\n<li><strong>Saciedad prolongada:<\/strong>\u00a0incorpora miscanthus, una fibra no digerible que aporta volumen sin sumar calor\u00edas extra.<\/li>\n<li><strong>Apoyo al metabolismo de grasas:<\/strong>\u00a0contiene\u00a0<strong>L-carnitina<\/strong>.<\/li>\n<li><strong>\u00d3ptima condici\u00f3n corporal:<\/strong>\u00a0balance adecuado de prote\u00ednas, grasa y fibra.<\/li>\n<li><strong>Soporte urinario:<\/strong>\u00a0aporta nutrientes espec\u00edficos que ayudan a controlar el pH urinario.<\/li>\n<\/ul>\n<h3>An\u00e1lisis garantizado<\/h3>\n<ul>\n<li>Prote\u00edna bruta (m\u00edn.):\u00a0<strong>38%<\/strong><\/li>\n<li>Extracto et\u00e9reo (m\u00edn.):\u00a0<strong>8%<\/strong><\/li>\n<li>Fibra cruda (m\u00e1x.):\u00a0<strong>5%<\/strong><\/li>\n<li>Minerales totales (m\u00e1x.):\u00a0<strong>7,5%<\/strong><\/li>\n<li>Humedad (m\u00e1x.):\u00a0<strong>10%<\/strong><\/li>\n<li>Calcio (m\u00edn. \u2013 m\u00e1x.):\u00a0<strong>1% \u2013 1,5%<\/strong><\/li>\n<li>F\u00f3sforo (m\u00edn. \u2013 m\u00e1x.):\u00a0<strong>0,9% \u2013 1,2%<\/strong><\/li>\n<li>Energ\u00eda metabolizable (base seca):\u00a0<strong>3450 Kcal\/kg<\/strong><\/li>\n<\/ul>\n<h3>Ingredientes<\/h3>\n<p>Harina de subproductos de pollo, ma\u00edz, harina de gluten de ma\u00edz, arroz, harina de pescado, fibra de ca\u00f1a, harina de h\u00edgado de merluza, saborizante natural, pulpa de remolacha, trigo, gluten vital de trigo, aceite de pollo estabilizado, bisulfato de sodio, aceite de pescado estabilizado, mananooligosac\u00e1ridos, colina, L-lisina, taurina, DL-metionina, L-carnitina, vitaminas y minerales.<\/p>\n","protected":false},"excerpt":{"rendered":"<p>ALIMENTO SECO COMPLETO Y BALANCEADO PARA GATOS ADULTOS\u00a0 DISE\u00d1ANDO PARA AYUDAR A TU FELINO A CONTROLAR SU PESO CORPORAL DE FORMA SALUDABLE SIN SACRIFICAR NUTRICI\u00d3N.<\/p>\n","protected":false},"featured_media":6803,"comment_status":"open","ping_status":"closed","template":"","meta":[],"product_brand":[119],"product_cat":[33],"product_tag":[],"class_list":{"0":"post-6779","1":"product","2":"type-product","3":"status-publish","4":"has-post-thumbnail","6":"product_brand-agility","7":"product_cat-alimentos-gatos","9":"first","10":"instock","11":"shipping-taxable","12":"purchasable","13":"product-type-simple"},"yoast_head":"<!-- This site is optimized with the Yoast SEO plugin v27.4 - https:\/\/yoast.com\/product\/yoast-seo-wordpress\/ -->\n<title>AGILITY CONTROL PESO 1.5 KG - Mascoter\u00eda Gonzalito<\/title>\n<meta name=\"robots\" content=\"index, follow, max-snippet:-1, max-image-preview:large, max-video-preview:-1\" \/>\n<link rel=\"canonical\" href=\"https:\/\/www.mascoteriagonzalito.cl\/index.php\/producto\/agility-control-peso-1-5-kg\/\" \/>\n<meta property=\"og:locale\" content=\"es_ES\" \/>\n<meta property=\"og:type\" content=\"article\" \/>\n<meta property=\"og:title\" content=\"AGILITY CONTROL PESO 1.5 KG - Mascoter\u00eda Gonzalito\" \/>\n<meta property=\"og:description\" content=\"ALIMENTO SECO COMPLETO Y BALANCEADO PARA GATOS ADULTOS\u00a0 DISE\u00d1ANDO PARA AYUDAR A TU FELINO A CONTROLAR SU PESO CORPORAL DE FORMA SALUDABLE SIN SACRIFICAR NUTRICI\u00d3N.\" \/>\n<meta property=\"og:url\" content=\"https:\/\/www.mascoteriagonzalito.cl\/index.php\/producto\/agility-control-peso-1-5-kg\/\" \/>\n<meta property=\"og:site_name\" content=\"Mascoter\u00eda Gonzalito\" \/>\n<meta property=\"article:publisher\" content=\"https:\/\/www.facebook.com\/mascoteria.gonzalito\/\" \/>\n<meta property=\"article:modified_time\" content=\"2026-04-16T13:58:22+00:00\" \/>\n<meta property=\"og:image\" content=\"https:\/\/www.mascoteriagonzalito.cl\/wp-content\/uploads\/2026\/04\/agility-weight-control-gato.jpg\" \/>\n\t<meta property=\"og:image:width\" content=\"455\" \/>\n\t<meta property=\"og:image:height\" content=\"455\" \/>\n\t<meta property=\"og:image:type\" content=\"image\/jpeg\" \/>\n<meta name=\"twitter:card\" content=\"summary_large_image\" \/>\n<meta name=\"twitter:label1\" content=\"Tiempo de lectura\" \/>\n\t<meta name=\"twitter:data1\" content=\"1 minuto\" \/>\n<script type=\"application\/ld+json\" class=\"yoast-schema-graph\">{\"@context\":\"https:\\\/\\\/schema.org\",\"@graph\":[{\"@type\":\"WebPage\",\"@id\":\"https:\\\/\\\/www.mascoteriagonzalito.cl\\\/index.php\\\/producto\\\/agility-control-peso-1-5-kg\\\/\",\"url\":\"https:\\\/\\\/www.mascoteriagonzalito.cl\\\/index.php\\\/producto\\\/agility-control-peso-1-5-kg\\\/\",\"name\":\"AGILITY CONTROL PESO 1.5 KG - Mascoter\u00eda Gonzalito\",\"isPartOf\":{\"@id\":\"https:\\\/\\\/www.mascoteriagonzalito.cl\\\/#website\"},\"primaryImageOfPage\":{\"@id\":\"https:\\\/\\\/www.mascoteriagonzalito.cl\\\/index.php\\\/producto\\\/agility-control-peso-1-5-kg\\\/#primaryimage\"},\"image\":{\"@id\":\"https:\\\/\\\/www.mascoteriagonzalito.cl\\\/index.php\\\/producto\\\/agility-control-peso-1-5-kg\\\/#primaryimage\"},\"thumbnailUrl\":\"https:\\\/\\\/www.mascoteriagonzalito.cl\\\/wp-content\\\/uploads\\\/2026\\\/04\\\/agility-weight-control-gato.jpg\",\"datePublished\":\"2026-04-09T17:48:36+00:00\",\"dateModified\":\"2026-04-16T13:58:22+00:00\",\"breadcrumb\":{\"@id\":\"https:\\\/\\\/www.mascoteriagonzalito.cl\\\/index.php\\\/producto\\\/agility-control-peso-1-5-kg\\\/#breadcrumb\"},\"inLanguage\":\"es\",\"potentialAction\":[{\"@type\":\"ReadAction\",\"target\":[\"https:\\\/\\\/www.mascoteriagonzalito.cl\\\/index.php\\\/producto\\\/agility-control-peso-1-5-kg\\\/\"]}]},{\"@type\":\"ImageObject\",\"inLanguage\":\"es\",\"@id\":\"https:\\\/\\\/www.mascoteriagonzalito.cl\\\/index.php\\\/producto\\\/agility-control-peso-1-5-kg\\\/#primaryimage\",\"url\":\"https:\\\/\\\/www.mascoteriagonzalito.cl\\\/wp-content\\\/uploads\\\/2026\\\/04\\\/agility-weight-control-gato.jpg\",\"contentUrl\":\"https:\\\/\\\/www.mascoteriagonzalito.cl\\\/wp-content\\\/uploads\\\/2026\\\/04\\\/agility-weight-control-gato.jpg\",\"width\":455,\"height\":455},{\"@type\":\"BreadcrumbList\",\"@id\":\"https:\\\/\\\/www.mascoteriagonzalito.cl\\\/index.php\\\/producto\\\/agility-control-peso-1-5-kg\\\/#breadcrumb\",\"itemListElement\":[{\"@type\":\"ListItem\",\"position\":1,\"name\":\"Portada\",\"item\":\"https:\\\/\\\/www.mascoteriagonzalito.cl\\\/\"},{\"@type\":\"ListItem\",\"position\":2,\"name\":\"Tienda\",\"item\":\"https:\\\/\\\/www.mascoteriagonzalito.cl\\\/index.php\\\/tienda\\\/\"},{\"@type\":\"ListItem\",\"position\":3,\"name\":\"AGILITY CONTROL PESO 1.5 KG\"}]},{\"@type\":\"WebSite\",\"@id\":\"https:\\\/\\\/www.mascoteriagonzalito.cl\\\/#website\",\"url\":\"https:\\\/\\\/www.mascoteriagonzalito.cl\\\/\",\"name\":\"Mascoter\u00eda Gonzalito\",\"description\":\"Alimentos y accesorios para mascotas\",\"publisher\":{\"@id\":\"https:\\\/\\\/www.mascoteriagonzalito.cl\\\/#organization\"},\"potentialAction\":[{\"@type\":\"SearchAction\",\"target\":{\"@type\":\"EntryPoint\",\"urlTemplate\":\"https:\\\/\\\/www.mascoteriagonzalito.cl\\\/?s={search_term_string}\"},\"query-input\":{\"@type\":\"PropertyValueSpecification\",\"valueRequired\":true,\"valueName\":\"search_term_string\"}}],\"inLanguage\":\"es\"},{\"@type\":\"Organization\",\"@id\":\"https:\\\/\\\/www.mascoteriagonzalito.cl\\\/#organization\",\"name\":\"Mascoter\u00eda Gonzalito\",\"url\":\"https:\\\/\\\/www.mascoteriagonzalito.cl\\\/\",\"logo\":{\"@type\":\"ImageObject\",\"inLanguage\":\"es\",\"@id\":\"https:\\\/\\\/www.mascoteriagonzalito.cl\\\/#\\\/schema\\\/logo\\\/image\\\/\",\"url\":\"https:\\\/\\\/www.mascoteriagonzalito.cl\\\/wp-content\\\/uploads\\\/2025\\\/01\\\/IMG-20250113-WA0002-copia.png\",\"contentUrl\":\"https:\\\/\\\/www.mascoteriagonzalito.cl\\\/wp-content\\\/uploads\\\/2025\\\/01\\\/IMG-20250113-WA0002-copia.png\",\"width\":1600,\"height\":1600,\"caption\":\"Mascoter\u00eda Gonzalito\"},\"image\":{\"@id\":\"https:\\\/\\\/www.mascoteriagonzalito.cl\\\/#\\\/schema\\\/logo\\\/image\\\/\"},\"sameAs\":[\"https:\\\/\\\/www.facebook.com\\\/mascoteria.gonzalito\\\/\"]}]}<\/script>\n<!-- \/ Yoast SEO plugin. -->","yoast_head_json":{"title":"AGILITY CONTROL PESO 1.5 KG - Mascoter\u00eda Gonzalito","robots":{"index":"index","follow":"follow","max-snippet":"max-snippet:-1","max-image-preview":"max-image-preview:large","max-video-preview":"max-video-preview:-1"},"canonical":"https:\/\/www.mascoteriagonzalito.cl\/index.php\/producto\/agility-control-peso-1-5-kg\/","og_locale":"es_ES","og_type":"article","og_title":"AGILITY CONTROL PESO 1.5 KG - Mascoter\u00eda Gonzalito","og_description":"ALIMENTO SECO COMPLETO Y BALANCEADO PARA GATOS ADULTOS\u00a0 DISE\u00d1ANDO PARA AYUDAR A TU FELINO A CONTROLAR SU PESO CORPORAL DE FORMA SALUDABLE SIN SACRIFICAR NUTRICI\u00d3N.","og_url":"https:\/\/www.mascoteriagonzalito.cl\/index.php\/producto\/agility-control-peso-1-5-kg\/","og_site_name":"Mascoter\u00eda Gonzalito","article_publisher":"https:\/\/www.facebook.com\/mascoteria.gonzalito\/","article_modified_time":"2026-04-16T13:58:22+00:00","og_image":[{"width":455,"height":455,"url":"https:\/\/www.mascoteriagonzalito.cl\/wp-content\/uploads\/2026\/04\/agility-weight-control-gato.jpg","type":"image\/jpeg"}],"twitter_card":"summary_large_image","twitter_misc":{"Tiempo de lectura":"1 minuto"},"schema":{"@context":"https:\/\/schema.org","@graph":[{"@type":"WebPage","@id":"https:\/\/www.mascoteriagonzalito.cl\/index.php\/producto\/agility-control-peso-1-5-kg\/","url":"https:\/\/www.mascoteriagonzalito.cl\/index.php\/producto\/agility-control-peso-1-5-kg\/","name":"AGILITY CONTROL PESO 1.5 KG - Mascoter\u00eda Gonzalito","isPartOf":{"@id":"https:\/\/www.mascoteriagonzalito.cl\/#website"},"primaryImageOfPage":{"@id":"https:\/\/www.mascoteriagonzalito.cl\/index.php\/producto\/agility-control-peso-1-5-kg\/#primaryimage"},"image":{"@id":"https:\/\/www.mascoteriagonzalito.cl\/index.php\/producto\/agility-control-peso-1-5-kg\/#primaryimage"},"thumbnailUrl":"https:\/\/www.mascoteriagonzalito.cl\/wp-content\/uploads\/2026\/04\/agility-weight-control-gato.jpg","datePublished":"2026-04-09T17:48:36+00:00","dateModified":"2026-04-16T13:58:22+00:00","breadcrumb":{"@id":"https:\/\/www.mascoteriagonzalito.cl\/index.php\/producto\/agility-control-peso-1-5-kg\/#breadcrumb"},"inLanguage":"es","potentialAction":[{"@type":"ReadAction","target":["https:\/\/www.mascoteriagonzalito.cl\/index.php\/producto\/agility-control-peso-1-5-kg\/"]}]},{"@type":"ImageObject","inLanguage":"es","@id":"https:\/\/www.mascoteriagonzalito.cl\/index.php\/producto\/agility-control-peso-1-5-kg\/#primaryimage","url":"https:\/\/www.mascoteriagonzalito.cl\/wp-content\/uploads\/2026\/04\/agility-weight-control-gato.jpg","contentUrl":"https:\/\/www.mascoteriagonzalito.cl\/wp-content\/uploads\/2026\/04\/agility-weight-control-gato.jpg","width":455,"height":455},{"@type":"BreadcrumbList","@id":"https:\/\/www.mascoteriagonzalito.cl\/index.php\/producto\/agility-control-peso-1-5-kg\/#breadcrumb","itemListElement":[{"@type":"ListItem","position":1,"name":"Portada","item":"https:\/\/www.mascoteriagonzalito.cl\/"},{"@type":"ListItem","position":2,"name":"Tienda","item":"https:\/\/www.mascoteriagonzalito.cl\/index.php\/tienda\/"},{"@type":"ListItem","position":3,"name":"AGILITY CONTROL PESO 1.5 KG"}]},{"@type":"WebSite","@id":"https:\/\/www.mascoteriagonzalito.cl\/#website","url":"https:\/\/www.mascoteriagonzalito.cl\/","name":"Mascoter\u00eda Gonzalito","description":"Alimentos y accesorios para mascotas","publisher":{"@id":"https:\/\/www.mascoteriagonzalito.cl\/#organization"},"potentialAction":[{"@type":"SearchAction","target":{"@type":"EntryPoint","urlTemplate":"https:\/\/www.mascoteriagonzalito.cl\/?s={search_term_string}"},"query-input":{"@type":"PropertyValueSpecification","valueRequired":true,"valueName":"search_term_string"}}],"inLanguage":"es"},{"@type":"Organization","@id":"https:\/\/www.mascoteriagonzalito.cl\/#organization","name":"Mascoter\u00eda Gonzalito","url":"https:\/\/www.mascoteriagonzalito.cl\/","logo":{"@type":"ImageObject","inLanguage":"es","@id":"https:\/\/www.mascoteriagonzalito.cl\/#\/schema\/logo\/image\/","url":"https:\/\/www.mascoteriagonzalito.cl\/wp-content\/uploads\/2025\/01\/IMG-20250113-WA0002-copia.png","contentUrl":"https:\/\/www.mascoteriagonzalito.cl\/wp-content\/uploads\/2025\/01\/IMG-20250113-WA0002-copia.png","width":1600,"height":1600,"caption":"Mascoter\u00eda Gonzalito"},"image":{"@id":"https:\/\/www.mascoteriagonzalito.cl\/#\/schema\/logo\/image\/"},"sameAs":["https:\/\/www.facebook.com\/mascoteria.gonzalito\/"]}]}},"_links":{"self":[{"href":"https:\/\/www.mascoteriagonzalito.cl\/index.php\/wp-json\/wp\/v2\/product\/6779","targetHints":{"allow":["GET"]}}],"collection":[{"href":"https:\/\/www.mascoteriagonzalito.cl\/index.php\/wp-json\/wp\/v2\/product"}],"about":[{"href":"https:\/\/www.mascoteriagonzalito.cl\/index.php\/wp-json\/wp\/v2\/types\/product"}],"replies":[{"embeddable":true,"href":"https:\/\/www.mascoteriagonzalito.cl\/index.php\/wp-json\/wp\/v2\/comments?post=6779"}],"wp:featuredmedia":[{"embeddable":true,"href":"https:\/\/www.mascoteriagonzalito.cl\/index.php\/wp-json\/wp\/v2\/media\/6803"}],"wp:attachment":[{"href":"https:\/\/www.mascoteriagonzalito.cl\/index.php\/wp-json\/wp\/v2\/media?parent=6779"}],"wp:term":[{"taxonomy":"product_brand","embeddable":true,"href":"https:\/\/www.mascoteriagonzalito.cl\/index.php\/wp-json\/wp\/v2\/product_brand?post=6779"},{"taxonomy":"product_cat","embeddable":true,"href":"https:\/\/www.mascoteriagonzalito.cl\/index.php\/wp-json\/wp\/v2\/product_cat?post=6779"},{"taxonomy":"product_tag","embeddable":true,"href":"https:\/\/www.mascoteriagonzalito.cl\/index.php\/wp-json\/wp\/v2\/product_tag?post=6779"}],"curies":[{"name":"wp","href":"https:\/\/api.w.org\/{rel}","templated":true}]}}