{"id":6597,"date":"2026-02-27T17:30:42","date_gmt":"2026-02-27T17:30:42","guid":{"rendered":"https:\/\/www.mascoteriagonzalito.cl\/?post_type=product&#038;p=6597"},"modified":"2026-03-31T13:04:05","modified_gmt":"2026-03-31T13:04:05","slug":"america-litter-ultra-odor-seal-cumpling-aroma-talco-baby-7-kg","status":"publish","type":"product","link":"https:\/\/www.mascoteriagonzalito.cl\/index.php\/producto\/america-litter-ultra-odor-seal-cumpling-aroma-talco-baby-7-kg\/","title":{"rendered":"AMERICA LITTER ULTRA ODOR SEAL CUMPLING AROMA TALCO BABY 7 KG"},"content":{"rendered":"<h4>Caracter\u00edsticas de la America Litter Baby Powder 7Kg<\/h4>\n<p>Ultra Aglutinante\u00a0\u2013\u00a0La arena de Bentonita posee la habilidad de formar bolas redondas absorbiendo el l\u00edquido y manteni\u00e9ndolo dentro.<\/p>\n<ul>\n<li>Aglutina en 3 segundos<\/li>\n<li>Bolas m\u00e1s fuertes que nunca<\/li>\n<li>No se pegan al fondo del ba\u00f1o<\/li>\n<\/ul>\n<p>Ultra Bloqueo de olor\u00a0\u2013\u00a0La f\u00f3rmula especial de bentonita y carb\u00f3n activado es la mejor manera para combatir mal olores y mantener el aire fresco.<\/p>\n<ul>\n<li>Excepcional neutralizaci\u00f3n de olores<\/li>\n<\/ul>\n<p>Econ\u00f3mica:\u00a0La granulaci\u00f3n especial y su composici\u00f3n hace de este producto un 25% m\u00e1s econ\u00f3mico que otras arenas regulares.<\/p>\n<ul>\n<li>25% m\u00e1s econ\u00f3mica<\/li>\n<li>Absorbe m\u00e1s l\u00edquido de lo usual<\/li>\n<\/ul>\n<p>Ecol\u00f3gica:\u00a0La Bentonita es 100% natural y libre de t\u00f3xicos, y por ende no da\u00f1a tu salud ni la de tu gato.<\/p>\n<ul>\n<li>Bajo impacto ambiental<\/li>\n<li>No t\u00f3xica<\/li>\n<li>Segura de usar<\/li>\n<\/ul>\n<p>99% Libre de Polvo:\u00a0Con la ayuda de un granulado especial, se ha reducido al m\u00ednimo posible la presencia de polvo.<\/p>\n<ul>\n<li>Bajo Polvo<\/li>\n<li>Bajo Impacto en el sistema respiratorio<\/li>\n<\/ul>\n","protected":false},"excerpt":{"rendered":"<div id=\"product-description-short-40181\" class=\"product-description-short typo sm-bottom\">\n<p>AmericaLitter\u2122 Ultra Odor Seal Baby Powder es una arena\u00a0sanitaria para gatos\u00a0con gran poder aglutinante formulada\u00a0especialmente para mejorar los problemas habituales de las arenas sanitarias (Sellado de olores, aglutinaci\u00f3n, polvo, etc.) No t\u00f3xica, de bajo impacto ambiental y ecol\u00f3gica. Con aroma a talco de beb\u00e9.<\/p>\n<\/div>\n<div class=\"product-information light-box-bg sm-bottom\">\n<div class=\"product-actions\">\n<div class=\"product-variants\"><\/div>\n<section class=\"product-discounts\"><\/section>\n<div class=\"product-prices sm-bottom\">\n<div class=\"product-prices-wrapper d-flex flex-wrap align-items-center\"><\/div>\n<\/div>\n<\/div>\n<\/div>\n","protected":false},"featured_media":6706,"comment_status":"open","ping_status":"closed","template":"","meta":[],"product_brand":[146],"product_cat":[41],"product_tag":[],"class_list":{"0":"post-6597","1":"product","2":"type-product","3":"status-publish","4":"has-post-thumbnail","6":"product_brand-america-litter","7":"product_cat-arenas-sanitarias","9":"first","10":"instock","11":"shipping-taxable","12":"purchasable","13":"product-type-simple"},"yoast_head":"<!-- This site is optimized with the Yoast SEO plugin v27.4 - https:\/\/yoast.com\/product\/yoast-seo-wordpress\/ -->\n<title>AMERICA LITTER ULTRA ODOR SEAL CUMPLING AROMA TALCO BABY 7 KG - Mascoter\u00eda Gonzalito<\/title>\n<meta name=\"robots\" content=\"index, follow, max-snippet:-1, max-image-preview:large, max-video-preview:-1\" \/>\n<link rel=\"canonical\" href=\"https:\/\/www.mascoteriagonzalito.cl\/index.php\/producto\/america-litter-ultra-odor-seal-cumpling-aroma-talco-baby-7-kg\/\" \/>\n<meta property=\"og:locale\" content=\"es_ES\" \/>\n<meta property=\"og:type\" content=\"article\" \/>\n<meta property=\"og:title\" content=\"AMERICA LITTER ULTRA ODOR SEAL CUMPLING AROMA TALCO BABY 7 KG - Mascoter\u00eda Gonzalito\" \/>\n<meta property=\"og:description\" content=\"AmericaLitter\u2122 Ultra Odor Seal Baby Powder es una arena\u00a0sanitaria para gatos\u00a0con gran poder aglutinante formulada\u00a0especialmente para mejorar los problemas habituales de las arenas sanitarias (Sellado de olores, aglutinaci\u00f3n, polvo, etc.) No t\u00f3xica, de bajo impacto ambiental y ecol\u00f3gica. Con aroma a talco de beb\u00e9.\" \/>\n<meta property=\"og:url\" content=\"https:\/\/www.mascoteriagonzalito.cl\/index.php\/producto\/america-litter-ultra-odor-seal-cumpling-aroma-talco-baby-7-kg\/\" \/>\n<meta property=\"og:site_name\" content=\"Mascoter\u00eda Gonzalito\" \/>\n<meta property=\"article:publisher\" content=\"https:\/\/www.facebook.com\/mascoteria.gonzalito\/\" \/>\n<meta property=\"article:modified_time\" content=\"2026-03-31T13:04:05+00:00\" \/>\n<meta property=\"og:image\" content=\"https:\/\/www.mascoteriagonzalito.cl\/wp-content\/uploads\/2026\/02\/arena-america-litter-odor-baby-powder-7-kg.jpg\" \/>\n\t<meta property=\"og:image:width\" content=\"455\" \/>\n\t<meta property=\"og:image:height\" content=\"455\" \/>\n\t<meta property=\"og:image:type\" content=\"image\/jpeg\" \/>\n<meta name=\"twitter:card\" content=\"summary_large_image\" \/>\n<meta name=\"twitter:label1\" content=\"Tiempo de lectura\" \/>\n\t<meta name=\"twitter:data1\" content=\"1 minuto\" \/>\n<script type=\"application\/ld+json\" class=\"yoast-schema-graph\">{\"@context\":\"https:\\\/\\\/schema.org\",\"@graph\":[{\"@type\":\"WebPage\",\"@id\":\"https:\\\/\\\/www.mascoteriagonzalito.cl\\\/index.php\\\/producto\\\/america-litter-ultra-odor-seal-cumpling-aroma-talco-baby-7-kg\\\/\",\"url\":\"https:\\\/\\\/www.mascoteriagonzalito.cl\\\/index.php\\\/producto\\\/america-litter-ultra-odor-seal-cumpling-aroma-talco-baby-7-kg\\\/\",\"name\":\"AMERICA LITTER ULTRA ODOR SEAL CUMPLING AROMA TALCO BABY 7 KG - Mascoter\u00eda Gonzalito\",\"isPartOf\":{\"@id\":\"https:\\\/\\\/www.mascoteriagonzalito.cl\\\/#website\"},\"primaryImageOfPage\":{\"@id\":\"https:\\\/\\\/www.mascoteriagonzalito.cl\\\/index.php\\\/producto\\\/america-litter-ultra-odor-seal-cumpling-aroma-talco-baby-7-kg\\\/#primaryimage\"},\"image\":{\"@id\":\"https:\\\/\\\/www.mascoteriagonzalito.cl\\\/index.php\\\/producto\\\/america-litter-ultra-odor-seal-cumpling-aroma-talco-baby-7-kg\\\/#primaryimage\"},\"thumbnailUrl\":\"https:\\\/\\\/www.mascoteriagonzalito.cl\\\/wp-content\\\/uploads\\\/2026\\\/02\\\/arena-america-litter-odor-baby-powder-7-kg.jpg\",\"datePublished\":\"2026-02-27T17:30:42+00:00\",\"dateModified\":\"2026-03-31T13:04:05+00:00\",\"breadcrumb\":{\"@id\":\"https:\\\/\\\/www.mascoteriagonzalito.cl\\\/index.php\\\/producto\\\/america-litter-ultra-odor-seal-cumpling-aroma-talco-baby-7-kg\\\/#breadcrumb\"},\"inLanguage\":\"es\",\"potentialAction\":[{\"@type\":\"ReadAction\",\"target\":[\"https:\\\/\\\/www.mascoteriagonzalito.cl\\\/index.php\\\/producto\\\/america-litter-ultra-odor-seal-cumpling-aroma-talco-baby-7-kg\\\/\"]}]},{\"@type\":\"ImageObject\",\"inLanguage\":\"es\",\"@id\":\"https:\\\/\\\/www.mascoteriagonzalito.cl\\\/index.php\\\/producto\\\/america-litter-ultra-odor-seal-cumpling-aroma-talco-baby-7-kg\\\/#primaryimage\",\"url\":\"https:\\\/\\\/www.mascoteriagonzalito.cl\\\/wp-content\\\/uploads\\\/2026\\\/02\\\/arena-america-litter-odor-baby-powder-7-kg.jpg\",\"contentUrl\":\"https:\\\/\\\/www.mascoteriagonzalito.cl\\\/wp-content\\\/uploads\\\/2026\\\/02\\\/arena-america-litter-odor-baby-powder-7-kg.jpg\",\"width\":455,\"height\":455},{\"@type\":\"BreadcrumbList\",\"@id\":\"https:\\\/\\\/www.mascoteriagonzalito.cl\\\/index.php\\\/producto\\\/america-litter-ultra-odor-seal-cumpling-aroma-talco-baby-7-kg\\\/#breadcrumb\",\"itemListElement\":[{\"@type\":\"ListItem\",\"position\":1,\"name\":\"Portada\",\"item\":\"https:\\\/\\\/www.mascoteriagonzalito.cl\\\/\"},{\"@type\":\"ListItem\",\"position\":2,\"name\":\"Tienda\",\"item\":\"https:\\\/\\\/www.mascoteriagonzalito.cl\\\/index.php\\\/tienda\\\/\"},{\"@type\":\"ListItem\",\"position\":3,\"name\":\"AMERICA LITTER ULTRA ODOR SEAL CUMPLING AROMA TALCO BABY 7 KG\"}]},{\"@type\":\"WebSite\",\"@id\":\"https:\\\/\\\/www.mascoteriagonzalito.cl\\\/#website\",\"url\":\"https:\\\/\\\/www.mascoteriagonzalito.cl\\\/\",\"name\":\"Mascoter\u00eda Gonzalito\",\"description\":\"Alimentos y accesorios para mascotas\",\"publisher\":{\"@id\":\"https:\\\/\\\/www.mascoteriagonzalito.cl\\\/#organization\"},\"potentialAction\":[{\"@type\":\"SearchAction\",\"target\":{\"@type\":\"EntryPoint\",\"urlTemplate\":\"https:\\\/\\\/www.mascoteriagonzalito.cl\\\/?s={search_term_string}\"},\"query-input\":{\"@type\":\"PropertyValueSpecification\",\"valueRequired\":true,\"valueName\":\"search_term_string\"}}],\"inLanguage\":\"es\"},{\"@type\":\"Organization\",\"@id\":\"https:\\\/\\\/www.mascoteriagonzalito.cl\\\/#organization\",\"name\":\"Mascoter\u00eda Gonzalito\",\"url\":\"https:\\\/\\\/www.mascoteriagonzalito.cl\\\/\",\"logo\":{\"@type\":\"ImageObject\",\"inLanguage\":\"es\",\"@id\":\"https:\\\/\\\/www.mascoteriagonzalito.cl\\\/#\\\/schema\\\/logo\\\/image\\\/\",\"url\":\"https:\\\/\\\/www.mascoteriagonzalito.cl\\\/wp-content\\\/uploads\\\/2025\\\/01\\\/IMG-20250113-WA0002-copia.png\",\"contentUrl\":\"https:\\\/\\\/www.mascoteriagonzalito.cl\\\/wp-content\\\/uploads\\\/2025\\\/01\\\/IMG-20250113-WA0002-copia.png\",\"width\":1600,\"height\":1600,\"caption\":\"Mascoter\u00eda Gonzalito\"},\"image\":{\"@id\":\"https:\\\/\\\/www.mascoteriagonzalito.cl\\\/#\\\/schema\\\/logo\\\/image\\\/\"},\"sameAs\":[\"https:\\\/\\\/www.facebook.com\\\/mascoteria.gonzalito\\\/\"]}]}<\/script>\n<!-- \/ Yoast SEO plugin. -->","yoast_head_json":{"title":"AMERICA LITTER ULTRA ODOR SEAL CUMPLING AROMA TALCO BABY 7 KG - Mascoter\u00eda Gonzalito","robots":{"index":"index","follow":"follow","max-snippet":"max-snippet:-1","max-image-preview":"max-image-preview:large","max-video-preview":"max-video-preview:-1"},"canonical":"https:\/\/www.mascoteriagonzalito.cl\/index.php\/producto\/america-litter-ultra-odor-seal-cumpling-aroma-talco-baby-7-kg\/","og_locale":"es_ES","og_type":"article","og_title":"AMERICA LITTER ULTRA ODOR SEAL CUMPLING AROMA TALCO BABY 7 KG - Mascoter\u00eda Gonzalito","og_description":"AmericaLitter\u2122 Ultra Odor Seal Baby Powder es una arena\u00a0sanitaria para gatos\u00a0con gran poder aglutinante formulada\u00a0especialmente para mejorar los problemas habituales de las arenas sanitarias (Sellado de olores, aglutinaci\u00f3n, polvo, etc.) No t\u00f3xica, de bajo impacto ambiental y ecol\u00f3gica. Con aroma a talco de beb\u00e9.","og_url":"https:\/\/www.mascoteriagonzalito.cl\/index.php\/producto\/america-litter-ultra-odor-seal-cumpling-aroma-talco-baby-7-kg\/","og_site_name":"Mascoter\u00eda Gonzalito","article_publisher":"https:\/\/www.facebook.com\/mascoteria.gonzalito\/","article_modified_time":"2026-03-31T13:04:05+00:00","og_image":[{"width":455,"height":455,"url":"https:\/\/www.mascoteriagonzalito.cl\/wp-content\/uploads\/2026\/02\/arena-america-litter-odor-baby-powder-7-kg.jpg","type":"image\/jpeg"}],"twitter_card":"summary_large_image","twitter_misc":{"Tiempo de lectura":"1 minuto"},"schema":{"@context":"https:\/\/schema.org","@graph":[{"@type":"WebPage","@id":"https:\/\/www.mascoteriagonzalito.cl\/index.php\/producto\/america-litter-ultra-odor-seal-cumpling-aroma-talco-baby-7-kg\/","url":"https:\/\/www.mascoteriagonzalito.cl\/index.php\/producto\/america-litter-ultra-odor-seal-cumpling-aroma-talco-baby-7-kg\/","name":"AMERICA LITTER ULTRA ODOR SEAL CUMPLING AROMA TALCO BABY 7 KG - Mascoter\u00eda Gonzalito","isPartOf":{"@id":"https:\/\/www.mascoteriagonzalito.cl\/#website"},"primaryImageOfPage":{"@id":"https:\/\/www.mascoteriagonzalito.cl\/index.php\/producto\/america-litter-ultra-odor-seal-cumpling-aroma-talco-baby-7-kg\/#primaryimage"},"image":{"@id":"https:\/\/www.mascoteriagonzalito.cl\/index.php\/producto\/america-litter-ultra-odor-seal-cumpling-aroma-talco-baby-7-kg\/#primaryimage"},"thumbnailUrl":"https:\/\/www.mascoteriagonzalito.cl\/wp-content\/uploads\/2026\/02\/arena-america-litter-odor-baby-powder-7-kg.jpg","datePublished":"2026-02-27T17:30:42+00:00","dateModified":"2026-03-31T13:04:05+00:00","breadcrumb":{"@id":"https:\/\/www.mascoteriagonzalito.cl\/index.php\/producto\/america-litter-ultra-odor-seal-cumpling-aroma-talco-baby-7-kg\/#breadcrumb"},"inLanguage":"es","potentialAction":[{"@type":"ReadAction","target":["https:\/\/www.mascoteriagonzalito.cl\/index.php\/producto\/america-litter-ultra-odor-seal-cumpling-aroma-talco-baby-7-kg\/"]}]},{"@type":"ImageObject","inLanguage":"es","@id":"https:\/\/www.mascoteriagonzalito.cl\/index.php\/producto\/america-litter-ultra-odor-seal-cumpling-aroma-talco-baby-7-kg\/#primaryimage","url":"https:\/\/www.mascoteriagonzalito.cl\/wp-content\/uploads\/2026\/02\/arena-america-litter-odor-baby-powder-7-kg.jpg","contentUrl":"https:\/\/www.mascoteriagonzalito.cl\/wp-content\/uploads\/2026\/02\/arena-america-litter-odor-baby-powder-7-kg.jpg","width":455,"height":455},{"@type":"BreadcrumbList","@id":"https:\/\/www.mascoteriagonzalito.cl\/index.php\/producto\/america-litter-ultra-odor-seal-cumpling-aroma-talco-baby-7-kg\/#breadcrumb","itemListElement":[{"@type":"ListItem","position":1,"name":"Portada","item":"https:\/\/www.mascoteriagonzalito.cl\/"},{"@type":"ListItem","position":2,"name":"Tienda","item":"https:\/\/www.mascoteriagonzalito.cl\/index.php\/tienda\/"},{"@type":"ListItem","position":3,"name":"AMERICA LITTER ULTRA ODOR SEAL CUMPLING AROMA TALCO BABY 7 KG"}]},{"@type":"WebSite","@id":"https:\/\/www.mascoteriagonzalito.cl\/#website","url":"https:\/\/www.mascoteriagonzalito.cl\/","name":"Mascoter\u00eda Gonzalito","description":"Alimentos y accesorios para mascotas","publisher":{"@id":"https:\/\/www.mascoteriagonzalito.cl\/#organization"},"potentialAction":[{"@type":"SearchAction","target":{"@type":"EntryPoint","urlTemplate":"https:\/\/www.mascoteriagonzalito.cl\/?s={search_term_string}"},"query-input":{"@type":"PropertyValueSpecification","valueRequired":true,"valueName":"search_term_string"}}],"inLanguage":"es"},{"@type":"Organization","@id":"https:\/\/www.mascoteriagonzalito.cl\/#organization","name":"Mascoter\u00eda Gonzalito","url":"https:\/\/www.mascoteriagonzalito.cl\/","logo":{"@type":"ImageObject","inLanguage":"es","@id":"https:\/\/www.mascoteriagonzalito.cl\/#\/schema\/logo\/image\/","url":"https:\/\/www.mascoteriagonzalito.cl\/wp-content\/uploads\/2025\/01\/IMG-20250113-WA0002-copia.png","contentUrl":"https:\/\/www.mascoteriagonzalito.cl\/wp-content\/uploads\/2025\/01\/IMG-20250113-WA0002-copia.png","width":1600,"height":1600,"caption":"Mascoter\u00eda Gonzalito"},"image":{"@id":"https:\/\/www.mascoteriagonzalito.cl\/#\/schema\/logo\/image\/"},"sameAs":["https:\/\/www.facebook.com\/mascoteria.gonzalito\/"]}]}},"_links":{"self":[{"href":"https:\/\/www.mascoteriagonzalito.cl\/index.php\/wp-json\/wp\/v2\/product\/6597","targetHints":{"allow":["GET"]}}],"collection":[{"href":"https:\/\/www.mascoteriagonzalito.cl\/index.php\/wp-json\/wp\/v2\/product"}],"about":[{"href":"https:\/\/www.mascoteriagonzalito.cl\/index.php\/wp-json\/wp\/v2\/types\/product"}],"replies":[{"embeddable":true,"href":"https:\/\/www.mascoteriagonzalito.cl\/index.php\/wp-json\/wp\/v2\/comments?post=6597"}],"wp:featuredmedia":[{"embeddable":true,"href":"https:\/\/www.mascoteriagonzalito.cl\/index.php\/wp-json\/wp\/v2\/media\/6706"}],"wp:attachment":[{"href":"https:\/\/www.mascoteriagonzalito.cl\/index.php\/wp-json\/wp\/v2\/media?parent=6597"}],"wp:term":[{"taxonomy":"product_brand","embeddable":true,"href":"https:\/\/www.mascoteriagonzalito.cl\/index.php\/wp-json\/wp\/v2\/product_brand?post=6597"},{"taxonomy":"product_cat","embeddable":true,"href":"https:\/\/www.mascoteriagonzalito.cl\/index.php\/wp-json\/wp\/v2\/product_cat?post=6597"},{"taxonomy":"product_tag","embeddable":true,"href":"https:\/\/www.mascoteriagonzalito.cl\/index.php\/wp-json\/wp\/v2\/product_tag?post=6597"}],"curies":[{"name":"wp","href":"https:\/\/api.w.org\/{rel}","templated":true}]}}