{"id":6562,"date":"2026-02-26T16:48:12","date_gmt":"2026-02-26T16:48:12","guid":{"rendered":"https:\/\/www.mascoteriagonzalito.cl\/?post_type=product&#038;p=6562"},"modified":"2026-03-12T13:36:11","modified_gmt":"2026-03-12T13:36:11","slug":"brit-care-dog-hypoallergenic-dog-show-champion-salmon-y-herring-3-kg","status":"publish","type":"product","link":"https:\/\/www.mascoteriagonzalito.cl\/index.php\/producto\/brit-care-dog-hypoallergenic-dog-show-champion-salmon-y-herring-3-kg\/","title":{"rendered":"BRIT CARE DOG HYPOALLERGENIC DOG SHOW CHAMPION SALMON Y HERRING 3 KG"},"content":{"rendered":"<div class=\"elementor-accordion-title active\" data-section=\"1\">Beneficios<\/div>\n<div class=\"elementor-accordion-content elementor-clearfix\" data-section=\"1\">\n<p><strong>CONTROL DEL STRESS:<\/strong>\u00a0el L-tript\u00f3fano brinda apoyo calmante en situaciones estresantes<\/p>\n<p><strong>PIEL Y PELAJE:<\/strong>\u00a0gran cantidad de omega-3 para aumentar el brillo del cabello y la salud de la piel.<\/p>\n<p><strong>INMUNIDAD:<\/strong>\u00a0los probi\u00f3ticos y los antioxidantes estimulan el sistema inmunol\u00f3gico y respaldan la salud digestiva.<\/p>\n<p><strong>APTO PARA TODOS LOS PERROS,<\/strong>\u00a0 especialmente aquellos con riesgo de desarrollar alergias o intolerancias alimentarias.<\/p>\n<p><strong>NUEVO EMPAQUE RECICLABLE:<\/strong>\u00a0Empaques totalmente reciclables con una amplia gama de aplicaciones posteriores. Optimizamos el tama\u00f1o y la fuerza del empaque con nuestros socios para minimizar su peso. Los envases etiquetados con el n\u00famero 4 o 5 en un tri\u00e1ngulo se pueden desechar en contenedores designados para desperdicios pl\u00e1sticos.<\/p>\n<div class=\"elementor-accordion-title active\" data-section=\"2\">Ingredientes<\/div>\n<div class=\"elementor-accordion-content elementor-clearfix\" data-section=\"2\">\n<p>salm\u00f3n (36 %) (salm\u00f3n deshidratado, salm\u00f3n hidrolizado), arroz (26 %), arenque deshidratado (14 %), grasa de pollo, linaza (4 %), pulpa de manzana deshidratada, aceite de salm\u00f3n (3 %), aroma natural, cerveza levadura, algas secas (0,5%, Schizochytrium limacinum), harina de guisantes, glucosamina (300 mg\/kg), fructo-oligosac\u00e1ridos (230 mg\/kg), sulfato de condroitina (230 mg\/kg), manano-oligosac\u00e1ridos (180 mg\/kg ), yuca de Mojave (180 mg\/kg), semilla de cardo mariano (110 mg\/kg), \u03b2-glucanos (60 mg\/kg), agripalma seca (60 mg\/kg), espino amarillo seco (60 mg\/kg), probi\u00f3tico Lactobacillus helveticus HA \u2013 122 inactivado (15\u00d7109 c\u00e9lulas\/kg).<\/p>\n<p><img decoding=\"async\" class=\" ls-is-cached lazyloaded\" src=\"https:\/\/bestforpets.cl\/tienda\/img\/cms\/BRIT\/Hypoallergenic-Ingredients.jpg\" alt=\"\" width=\"229\" height=\"81\" data-orig-src=\"https:\/\/bestforpets.cl\/tienda\/img\/cms\/BRIT\/Hypoallergenic-Ingredients.jpg\" \/><\/p>\n<\/div>\n<\/div>\n","protected":false},"excerpt":{"rendered":"<div class=\"fusion-woo-short-description-tb fusion-woo-short-description-tb-1\">\n<div class=\"woocommerce-product-details__short-description\">\n<div id=\"product-description-short-2352\" class=\"product-description-short-detail\">\n<p>Brit Care Dog Show Champion es un alimento hipoalerg\u00e9nico con salm\u00f3n y arenque indicado para mantener a los perros de exposici\u00f3n en excelentes condiciones. Con una \u00fanica fuente de prote\u00edna animal. Los \u00e1cidos grasos omega-3 como ala, epa y dha aumentan la hidrataci\u00f3n de la piel y contribuyen a un pelaje sano y brillante. El L-tript\u00f3fano brinda apoyo calmante en situaciones estresantes, mientras que la agripalma ayuda a aliviar la ansiedad. La f\u00f3rmula est\u00e1 enriquecida con probi\u00f3ticos que mantienen una microflora intestinal saludable y cardo mariano, que apoya la funci\u00f3n hep\u00e1tica mientras limpia el cuerpo y lo libera de toxinas da\u00f1inas.. Nuevo empaque reciclable.<\/p>\n<\/div>\n<div class=\"social-sharing dropdown\">\n<div class=\"dropdown-toggle title_font\" role=\"tabpanel\" data-toggle=\"dropdown\" aria-expanded=\"false\"><\/div>\n<\/div>\n<\/div>\n<\/div>\n<div class=\"fusion-woo-cart fusion-woo-cart-1\" data-type=\"simple\" data-layout=\"floated\"><\/div>\n","protected":false},"featured_media":6655,"comment_status":"open","ping_status":"closed","template":"","meta":[],"product_brand":[216],"product_cat":[34],"product_tag":[],"class_list":{"0":"post-6562","1":"product","2":"type-product","3":"status-publish","4":"has-post-thumbnail","6":"product_brand-brit-care","7":"product_cat-alimentos-perros","9":"first","10":"instock","11":"shipping-taxable","12":"purchasable","13":"product-type-simple"},"yoast_head":"<!-- This site is optimized with the Yoast SEO plugin v27.4 - https:\/\/yoast.com\/product\/yoast-seo-wordpress\/ -->\n<title>BRIT CARE DOG HYPOALLERGENIC DOG SHOW CHAMPION SALMON Y HERRING 3 KG - Mascoter\u00eda Gonzalito<\/title>\n<meta name=\"robots\" content=\"index, follow, max-snippet:-1, max-image-preview:large, max-video-preview:-1\" \/>\n<link rel=\"canonical\" href=\"https:\/\/www.mascoteriagonzalito.cl\/index.php\/producto\/brit-care-dog-hypoallergenic-dog-show-champion-salmon-y-herring-3-kg\/\" \/>\n<meta property=\"og:locale\" content=\"es_ES\" \/>\n<meta property=\"og:type\" content=\"article\" \/>\n<meta property=\"og:title\" content=\"BRIT CARE DOG HYPOALLERGENIC DOG SHOW CHAMPION SALMON Y HERRING 3 KG - Mascoter\u00eda Gonzalito\" \/>\n<meta property=\"og:description\" content=\"Brit Care Dog Show Champion es un alimento hipoalerg\u00e9nico con salm\u00f3n y arenque indicado para mantener a los perros de exposici\u00f3n en excelentes condiciones. Con una \u00fanica fuente de prote\u00edna animal. Los \u00e1cidos grasos omega-3 como ala, epa y dha aumentan la hidrataci\u00f3n de la piel y contribuyen a un pelaje sano y brillante. El L-tript\u00f3fano brinda apoyo calmante en situaciones estresantes, mientras que la agripalma ayuda a aliviar la ansiedad. La f\u00f3rmula est\u00e1 enriquecida con probi\u00f3ticos que mantienen una microflora intestinal saludable y cardo mariano, que apoya la funci\u00f3n hep\u00e1tica mientras limpia el cuerpo y lo libera de toxinas da\u00f1inas.. Nuevo empaque reciclable.\" \/>\n<meta property=\"og:url\" content=\"https:\/\/www.mascoteriagonzalito.cl\/index.php\/producto\/brit-care-dog-hypoallergenic-dog-show-champion-salmon-y-herring-3-kg\/\" \/>\n<meta property=\"og:site_name\" content=\"Mascoter\u00eda Gonzalito\" \/>\n<meta property=\"article:publisher\" content=\"https:\/\/www.facebook.com\/mascoteria.gonzalito\/\" \/>\n<meta property=\"article:modified_time\" content=\"2026-03-12T13:36:11+00:00\" \/>\n<meta property=\"og:image\" content=\"https:\/\/www.mascoteriagonzalito.cl\/wp-content\/uploads\/2026\/02\/brit-care-dog-salmon-herring-hypoallergenic-12kg.jpg\" \/>\n\t<meta property=\"og:image:width\" content=\"800\" \/>\n\t<meta property=\"og:image:height\" content=\"800\" \/>\n\t<meta property=\"og:image:type\" content=\"image\/jpeg\" \/>\n<meta name=\"twitter:card\" content=\"summary_large_image\" \/>\n<meta name=\"twitter:label1\" content=\"Tiempo de lectura\" \/>\n\t<meta name=\"twitter:data1\" content=\"1 minuto\" \/>\n<script type=\"application\/ld+json\" class=\"yoast-schema-graph\">{\"@context\":\"https:\\\/\\\/schema.org\",\"@graph\":[{\"@type\":\"WebPage\",\"@id\":\"https:\\\/\\\/www.mascoteriagonzalito.cl\\\/index.php\\\/producto\\\/brit-care-dog-hypoallergenic-dog-show-champion-salmon-y-herring-3-kg\\\/\",\"url\":\"https:\\\/\\\/www.mascoteriagonzalito.cl\\\/index.php\\\/producto\\\/brit-care-dog-hypoallergenic-dog-show-champion-salmon-y-herring-3-kg\\\/\",\"name\":\"BRIT CARE DOG HYPOALLERGENIC DOG SHOW CHAMPION SALMON Y HERRING 3 KG - Mascoter\u00eda Gonzalito\",\"isPartOf\":{\"@id\":\"https:\\\/\\\/www.mascoteriagonzalito.cl\\\/#website\"},\"primaryImageOfPage\":{\"@id\":\"https:\\\/\\\/www.mascoteriagonzalito.cl\\\/index.php\\\/producto\\\/brit-care-dog-hypoallergenic-dog-show-champion-salmon-y-herring-3-kg\\\/#primaryimage\"},\"image\":{\"@id\":\"https:\\\/\\\/www.mascoteriagonzalito.cl\\\/index.php\\\/producto\\\/brit-care-dog-hypoallergenic-dog-show-champion-salmon-y-herring-3-kg\\\/#primaryimage\"},\"thumbnailUrl\":\"https:\\\/\\\/www.mascoteriagonzalito.cl\\\/wp-content\\\/uploads\\\/2026\\\/02\\\/brit-care-dog-salmon-herring-hypoallergenic-12kg.jpg\",\"datePublished\":\"2026-02-26T16:48:12+00:00\",\"dateModified\":\"2026-03-12T13:36:11+00:00\",\"breadcrumb\":{\"@id\":\"https:\\\/\\\/www.mascoteriagonzalito.cl\\\/index.php\\\/producto\\\/brit-care-dog-hypoallergenic-dog-show-champion-salmon-y-herring-3-kg\\\/#breadcrumb\"},\"inLanguage\":\"es\",\"potentialAction\":[{\"@type\":\"ReadAction\",\"target\":[\"https:\\\/\\\/www.mascoteriagonzalito.cl\\\/index.php\\\/producto\\\/brit-care-dog-hypoallergenic-dog-show-champion-salmon-y-herring-3-kg\\\/\"]}]},{\"@type\":\"ImageObject\",\"inLanguage\":\"es\",\"@id\":\"https:\\\/\\\/www.mascoteriagonzalito.cl\\\/index.php\\\/producto\\\/brit-care-dog-hypoallergenic-dog-show-champion-salmon-y-herring-3-kg\\\/#primaryimage\",\"url\":\"https:\\\/\\\/www.mascoteriagonzalito.cl\\\/wp-content\\\/uploads\\\/2026\\\/02\\\/brit-care-dog-salmon-herring-hypoallergenic-12kg.jpg\",\"contentUrl\":\"https:\\\/\\\/www.mascoteriagonzalito.cl\\\/wp-content\\\/uploads\\\/2026\\\/02\\\/brit-care-dog-salmon-herring-hypoallergenic-12kg.jpg\",\"width\":800,\"height\":800},{\"@type\":\"BreadcrumbList\",\"@id\":\"https:\\\/\\\/www.mascoteriagonzalito.cl\\\/index.php\\\/producto\\\/brit-care-dog-hypoallergenic-dog-show-champion-salmon-y-herring-3-kg\\\/#breadcrumb\",\"itemListElement\":[{\"@type\":\"ListItem\",\"position\":1,\"name\":\"Portada\",\"item\":\"https:\\\/\\\/www.mascoteriagonzalito.cl\\\/\"},{\"@type\":\"ListItem\",\"position\":2,\"name\":\"Tienda\",\"item\":\"https:\\\/\\\/www.mascoteriagonzalito.cl\\\/index.php\\\/tienda\\\/\"},{\"@type\":\"ListItem\",\"position\":3,\"name\":\"BRIT CARE DOG HYPOALLERGENIC DOG SHOW CHAMPION SALMON Y HERRING 3 KG\"}]},{\"@type\":\"WebSite\",\"@id\":\"https:\\\/\\\/www.mascoteriagonzalito.cl\\\/#website\",\"url\":\"https:\\\/\\\/www.mascoteriagonzalito.cl\\\/\",\"name\":\"Mascoter\u00eda Gonzalito\",\"description\":\"Alimentos y accesorios para mascotas\",\"publisher\":{\"@id\":\"https:\\\/\\\/www.mascoteriagonzalito.cl\\\/#organization\"},\"potentialAction\":[{\"@type\":\"SearchAction\",\"target\":{\"@type\":\"EntryPoint\",\"urlTemplate\":\"https:\\\/\\\/www.mascoteriagonzalito.cl\\\/?s={search_term_string}\"},\"query-input\":{\"@type\":\"PropertyValueSpecification\",\"valueRequired\":true,\"valueName\":\"search_term_string\"}}],\"inLanguage\":\"es\"},{\"@type\":\"Organization\",\"@id\":\"https:\\\/\\\/www.mascoteriagonzalito.cl\\\/#organization\",\"name\":\"Mascoter\u00eda Gonzalito\",\"url\":\"https:\\\/\\\/www.mascoteriagonzalito.cl\\\/\",\"logo\":{\"@type\":\"ImageObject\",\"inLanguage\":\"es\",\"@id\":\"https:\\\/\\\/www.mascoteriagonzalito.cl\\\/#\\\/schema\\\/logo\\\/image\\\/\",\"url\":\"https:\\\/\\\/www.mascoteriagonzalito.cl\\\/wp-content\\\/uploads\\\/2025\\\/01\\\/IMG-20250113-WA0002-copia.png\",\"contentUrl\":\"https:\\\/\\\/www.mascoteriagonzalito.cl\\\/wp-content\\\/uploads\\\/2025\\\/01\\\/IMG-20250113-WA0002-copia.png\",\"width\":1600,\"height\":1600,\"caption\":\"Mascoter\u00eda Gonzalito\"},\"image\":{\"@id\":\"https:\\\/\\\/www.mascoteriagonzalito.cl\\\/#\\\/schema\\\/logo\\\/image\\\/\"},\"sameAs\":[\"https:\\\/\\\/www.facebook.com\\\/mascoteria.gonzalito\\\/\"]}]}<\/script>\n<!-- \/ Yoast SEO plugin. -->","yoast_head_json":{"title":"BRIT CARE DOG HYPOALLERGENIC DOG SHOW CHAMPION SALMON Y HERRING 3 KG - Mascoter\u00eda Gonzalito","robots":{"index":"index","follow":"follow","max-snippet":"max-snippet:-1","max-image-preview":"max-image-preview:large","max-video-preview":"max-video-preview:-1"},"canonical":"https:\/\/www.mascoteriagonzalito.cl\/index.php\/producto\/brit-care-dog-hypoallergenic-dog-show-champion-salmon-y-herring-3-kg\/","og_locale":"es_ES","og_type":"article","og_title":"BRIT CARE DOG HYPOALLERGENIC DOG SHOW CHAMPION SALMON Y HERRING 3 KG - Mascoter\u00eda Gonzalito","og_description":"Brit Care Dog Show Champion es un alimento hipoalerg\u00e9nico con salm\u00f3n y arenque indicado para mantener a los perros de exposici\u00f3n en excelentes condiciones. Con una \u00fanica fuente de prote\u00edna animal. Los \u00e1cidos grasos omega-3 como ala, epa y dha aumentan la hidrataci\u00f3n de la piel y contribuyen a un pelaje sano y brillante. El L-tript\u00f3fano brinda apoyo calmante en situaciones estresantes, mientras que la agripalma ayuda a aliviar la ansiedad. La f\u00f3rmula est\u00e1 enriquecida con probi\u00f3ticos que mantienen una microflora intestinal saludable y cardo mariano, que apoya la funci\u00f3n hep\u00e1tica mientras limpia el cuerpo y lo libera de toxinas da\u00f1inas.. Nuevo empaque reciclable.","og_url":"https:\/\/www.mascoteriagonzalito.cl\/index.php\/producto\/brit-care-dog-hypoallergenic-dog-show-champion-salmon-y-herring-3-kg\/","og_site_name":"Mascoter\u00eda Gonzalito","article_publisher":"https:\/\/www.facebook.com\/mascoteria.gonzalito\/","article_modified_time":"2026-03-12T13:36:11+00:00","og_image":[{"width":800,"height":800,"url":"https:\/\/www.mascoteriagonzalito.cl\/wp-content\/uploads\/2026\/02\/brit-care-dog-salmon-herring-hypoallergenic-12kg.jpg","type":"image\/jpeg"}],"twitter_card":"summary_large_image","twitter_misc":{"Tiempo de lectura":"1 minuto"},"schema":{"@context":"https:\/\/schema.org","@graph":[{"@type":"WebPage","@id":"https:\/\/www.mascoteriagonzalito.cl\/index.php\/producto\/brit-care-dog-hypoallergenic-dog-show-champion-salmon-y-herring-3-kg\/","url":"https:\/\/www.mascoteriagonzalito.cl\/index.php\/producto\/brit-care-dog-hypoallergenic-dog-show-champion-salmon-y-herring-3-kg\/","name":"BRIT CARE DOG HYPOALLERGENIC DOG SHOW CHAMPION SALMON Y HERRING 3 KG - Mascoter\u00eda Gonzalito","isPartOf":{"@id":"https:\/\/www.mascoteriagonzalito.cl\/#website"},"primaryImageOfPage":{"@id":"https:\/\/www.mascoteriagonzalito.cl\/index.php\/producto\/brit-care-dog-hypoallergenic-dog-show-champion-salmon-y-herring-3-kg\/#primaryimage"},"image":{"@id":"https:\/\/www.mascoteriagonzalito.cl\/index.php\/producto\/brit-care-dog-hypoallergenic-dog-show-champion-salmon-y-herring-3-kg\/#primaryimage"},"thumbnailUrl":"https:\/\/www.mascoteriagonzalito.cl\/wp-content\/uploads\/2026\/02\/brit-care-dog-salmon-herring-hypoallergenic-12kg.jpg","datePublished":"2026-02-26T16:48:12+00:00","dateModified":"2026-03-12T13:36:11+00:00","breadcrumb":{"@id":"https:\/\/www.mascoteriagonzalito.cl\/index.php\/producto\/brit-care-dog-hypoallergenic-dog-show-champion-salmon-y-herring-3-kg\/#breadcrumb"},"inLanguage":"es","potentialAction":[{"@type":"ReadAction","target":["https:\/\/www.mascoteriagonzalito.cl\/index.php\/producto\/brit-care-dog-hypoallergenic-dog-show-champion-salmon-y-herring-3-kg\/"]}]},{"@type":"ImageObject","inLanguage":"es","@id":"https:\/\/www.mascoteriagonzalito.cl\/index.php\/producto\/brit-care-dog-hypoallergenic-dog-show-champion-salmon-y-herring-3-kg\/#primaryimage","url":"https:\/\/www.mascoteriagonzalito.cl\/wp-content\/uploads\/2026\/02\/brit-care-dog-salmon-herring-hypoallergenic-12kg.jpg","contentUrl":"https:\/\/www.mascoteriagonzalito.cl\/wp-content\/uploads\/2026\/02\/brit-care-dog-salmon-herring-hypoallergenic-12kg.jpg","width":800,"height":800},{"@type":"BreadcrumbList","@id":"https:\/\/www.mascoteriagonzalito.cl\/index.php\/producto\/brit-care-dog-hypoallergenic-dog-show-champion-salmon-y-herring-3-kg\/#breadcrumb","itemListElement":[{"@type":"ListItem","position":1,"name":"Portada","item":"https:\/\/www.mascoteriagonzalito.cl\/"},{"@type":"ListItem","position":2,"name":"Tienda","item":"https:\/\/www.mascoteriagonzalito.cl\/index.php\/tienda\/"},{"@type":"ListItem","position":3,"name":"BRIT CARE DOG HYPOALLERGENIC DOG SHOW CHAMPION SALMON Y HERRING 3 KG"}]},{"@type":"WebSite","@id":"https:\/\/www.mascoteriagonzalito.cl\/#website","url":"https:\/\/www.mascoteriagonzalito.cl\/","name":"Mascoter\u00eda Gonzalito","description":"Alimentos y accesorios para mascotas","publisher":{"@id":"https:\/\/www.mascoteriagonzalito.cl\/#organization"},"potentialAction":[{"@type":"SearchAction","target":{"@type":"EntryPoint","urlTemplate":"https:\/\/www.mascoteriagonzalito.cl\/?s={search_term_string}"},"query-input":{"@type":"PropertyValueSpecification","valueRequired":true,"valueName":"search_term_string"}}],"inLanguage":"es"},{"@type":"Organization","@id":"https:\/\/www.mascoteriagonzalito.cl\/#organization","name":"Mascoter\u00eda Gonzalito","url":"https:\/\/www.mascoteriagonzalito.cl\/","logo":{"@type":"ImageObject","inLanguage":"es","@id":"https:\/\/www.mascoteriagonzalito.cl\/#\/schema\/logo\/image\/","url":"https:\/\/www.mascoteriagonzalito.cl\/wp-content\/uploads\/2025\/01\/IMG-20250113-WA0002-copia.png","contentUrl":"https:\/\/www.mascoteriagonzalito.cl\/wp-content\/uploads\/2025\/01\/IMG-20250113-WA0002-copia.png","width":1600,"height":1600,"caption":"Mascoter\u00eda Gonzalito"},"image":{"@id":"https:\/\/www.mascoteriagonzalito.cl\/#\/schema\/logo\/image\/"},"sameAs":["https:\/\/www.facebook.com\/mascoteria.gonzalito\/"]}]}},"_links":{"self":[{"href":"https:\/\/www.mascoteriagonzalito.cl\/index.php\/wp-json\/wp\/v2\/product\/6562","targetHints":{"allow":["GET"]}}],"collection":[{"href":"https:\/\/www.mascoteriagonzalito.cl\/index.php\/wp-json\/wp\/v2\/product"}],"about":[{"href":"https:\/\/www.mascoteriagonzalito.cl\/index.php\/wp-json\/wp\/v2\/types\/product"}],"replies":[{"embeddable":true,"href":"https:\/\/www.mascoteriagonzalito.cl\/index.php\/wp-json\/wp\/v2\/comments?post=6562"}],"wp:featuredmedia":[{"embeddable":true,"href":"https:\/\/www.mascoteriagonzalito.cl\/index.php\/wp-json\/wp\/v2\/media\/6655"}],"wp:attachment":[{"href":"https:\/\/www.mascoteriagonzalito.cl\/index.php\/wp-json\/wp\/v2\/media?parent=6562"}],"wp:term":[{"taxonomy":"product_brand","embeddable":true,"href":"https:\/\/www.mascoteriagonzalito.cl\/index.php\/wp-json\/wp\/v2\/product_brand?post=6562"},{"taxonomy":"product_cat","embeddable":true,"href":"https:\/\/www.mascoteriagonzalito.cl\/index.php\/wp-json\/wp\/v2\/product_cat?post=6562"},{"taxonomy":"product_tag","embeddable":true,"href":"https:\/\/www.mascoteriagonzalito.cl\/index.php\/wp-json\/wp\/v2\/product_tag?post=6562"}],"curies":[{"name":"wp","href":"https:\/\/api.w.org\/{rel}","templated":true}]}}