{"id":6560,"date":"2026-02-26T16:00:10","date_gmt":"2026-02-26T16:00:10","guid":{"rendered":"https:\/\/www.mascoteriagonzalito.cl\/?post_type=product&#038;p=6560"},"modified":"2026-03-12T13:04:15","modified_gmt":"2026-03-12T13:04:15","slug":"brit-care-dog-hypoallergenic-junior-large-bree-lamb-3-kg","status":"publish","type":"product","link":"https:\/\/www.mascoteriagonzalito.cl\/index.php\/producto\/brit-care-dog-hypoallergenic-junior-large-bree-lamb-3-kg\/","title":{"rendered":"BRIT CARE DOG  HYPOALLERGENIC JUNIOR LARGE BREE LAMB 3 KG"},"content":{"rendered":"<h4>BENEFICIOS<\/h4>\n<ul>\n<li>CONTROL DE CRECIMIENTO R\u00c1PIDO: F\u00f3rmula Hipoalerg\u00e9nica con contenido equilibrado de prote\u00ednas, grasas y minerales para un desarrollo saludable durante esta etapa de desarrollo acelerado<\/li>\n<li>CONSTRUYENDO INMUNIDAD: Cuenta con prebi\u00f3ticos con inulina para el soporte inmunol\u00f3gico y modulaci\u00f3n de la microflora intestinal.<\/li>\n<li>HABILIDADES MENTALES: Altos niveles de Omega-3 provenientes del aceite de salm\u00f3n para el desarrollo de las funciones mentales y la capacidad de aprendizaje.<\/li>\n<li>HUESOS &amp; ARTICULACIONES: Condroprotectores, minerales y niveles equilibrados Ca &amp; P favorecen el adecuado desarrollo de los huesos, articulaciones, cart\u00edlagos y dientes.<\/li>\n<\/ul>\n<h4>INGREDIENTES PRINCIPALES<\/h4>\n<ul>\n<li>Carne de cordero deshidratada<\/li>\n<li>Arroz<\/li>\n<li>Grasa de pollo<\/li>\n<li>Manzanas deshidratadas<\/li>\n<li>Aceite de salm\u00f3n<\/li>\n<li>Sabores naturales<\/li>\n<li>Levadura de cerveza<\/li>\n<li>Conchas de crust\u00e1ceos hidrolizadas<\/li>\n<li>Extracto de cart\u00edlago<\/li>\n<li>Hierbas y frutas<\/li>\n<\/ul>\n","protected":false},"excerpt":{"rendered":"<p>Brit Junior Cordero y Arroz Perros Raza Grande 3 Kg est\u00e1 adecuadamente balanceado y es altamente digestible, es un alimento Super Premium formulado con los requerimientos especiales de los cachorros y de los perros j\u00f3venes de razas grandes y gigantes.<\/p>\n<div class=\"woocommerce-product-details__short-description\">\n<div class=\"woocommerce-product-details__short-description\"><\/div>\n<\/div>\n","protected":false},"featured_media":6650,"comment_status":"open","ping_status":"closed","template":"","meta":[],"product_brand":[216],"product_cat":[34],"product_tag":[],"class_list":{"0":"post-6560","1":"product","2":"type-product","3":"status-publish","4":"has-post-thumbnail","6":"product_brand-brit-care","7":"product_cat-alimentos-perros","9":"first","10":"instock","11":"shipping-taxable","12":"purchasable","13":"product-type-simple"},"yoast_head":"<!-- This site is optimized with the Yoast SEO plugin v27.4 - https:\/\/yoast.com\/product\/yoast-seo-wordpress\/ -->\n<title>BRIT CARE DOG HYPOALLERGENIC JUNIOR LARGE BREE LAMB 3 KG - Mascoter\u00eda Gonzalito<\/title>\n<meta name=\"robots\" content=\"index, follow, max-snippet:-1, max-image-preview:large, max-video-preview:-1\" \/>\n<link rel=\"canonical\" href=\"https:\/\/www.mascoteriagonzalito.cl\/index.php\/producto\/brit-care-dog-hypoallergenic-junior-large-bree-lamb-3-kg\/\" \/>\n<meta property=\"og:locale\" content=\"es_ES\" \/>\n<meta property=\"og:type\" content=\"article\" \/>\n<meta property=\"og:title\" content=\"BRIT CARE DOG HYPOALLERGENIC JUNIOR LARGE BREE LAMB 3 KG - Mascoter\u00eda Gonzalito\" \/>\n<meta property=\"og:description\" content=\"Brit Junior Cordero y Arroz Perros Raza Grande 3 Kg est\u00e1 adecuadamente balanceado y es altamente digestible, es un alimento Super Premium formulado con los requerimientos especiales de los cachorros y de los perros j\u00f3venes de razas grandes y gigantes.\" \/>\n<meta property=\"og:url\" content=\"https:\/\/www.mascoteriagonzalito.cl\/index.php\/producto\/brit-care-dog-hypoallergenic-junior-large-bree-lamb-3-kg\/\" \/>\n<meta property=\"og:site_name\" content=\"Mascoter\u00eda Gonzalito\" \/>\n<meta property=\"article:publisher\" content=\"https:\/\/www.facebook.com\/mascoteria.gonzalito\/\" \/>\n<meta property=\"article:modified_time\" content=\"2026-03-12T13:04:15+00:00\" \/>\n<meta property=\"og:image\" content=\"https:\/\/www.mascoteriagonzalito.cl\/wp-content\/uploads\/2026\/02\/junior-large-breed-3-kg-.png\" \/>\n\t<meta property=\"og:image:width\" content=\"800\" \/>\n\t<meta property=\"og:image:height\" content=\"800\" \/>\n\t<meta property=\"og:image:type\" content=\"image\/png\" \/>\n<meta name=\"twitter:card\" content=\"summary_large_image\" \/>\n<meta name=\"twitter:label1\" content=\"Tiempo de lectura\" \/>\n\t<meta name=\"twitter:data1\" content=\"1 minuto\" \/>\n<script type=\"application\/ld+json\" class=\"yoast-schema-graph\">{\"@context\":\"https:\\\/\\\/schema.org\",\"@graph\":[{\"@type\":\"WebPage\",\"@id\":\"https:\\\/\\\/www.mascoteriagonzalito.cl\\\/index.php\\\/producto\\\/brit-care-dog-hypoallergenic-junior-large-bree-lamb-3-kg\\\/\",\"url\":\"https:\\\/\\\/www.mascoteriagonzalito.cl\\\/index.php\\\/producto\\\/brit-care-dog-hypoallergenic-junior-large-bree-lamb-3-kg\\\/\",\"name\":\"BRIT CARE DOG HYPOALLERGENIC JUNIOR LARGE BREE LAMB 3 KG - Mascoter\u00eda Gonzalito\",\"isPartOf\":{\"@id\":\"https:\\\/\\\/www.mascoteriagonzalito.cl\\\/#website\"},\"primaryImageOfPage\":{\"@id\":\"https:\\\/\\\/www.mascoteriagonzalito.cl\\\/index.php\\\/producto\\\/brit-care-dog-hypoallergenic-junior-large-bree-lamb-3-kg\\\/#primaryimage\"},\"image\":{\"@id\":\"https:\\\/\\\/www.mascoteriagonzalito.cl\\\/index.php\\\/producto\\\/brit-care-dog-hypoallergenic-junior-large-bree-lamb-3-kg\\\/#primaryimage\"},\"thumbnailUrl\":\"https:\\\/\\\/www.mascoteriagonzalito.cl\\\/wp-content\\\/uploads\\\/2026\\\/02\\\/junior-large-breed-3-kg-.png\",\"datePublished\":\"2026-02-26T16:00:10+00:00\",\"dateModified\":\"2026-03-12T13:04:15+00:00\",\"breadcrumb\":{\"@id\":\"https:\\\/\\\/www.mascoteriagonzalito.cl\\\/index.php\\\/producto\\\/brit-care-dog-hypoallergenic-junior-large-bree-lamb-3-kg\\\/#breadcrumb\"},\"inLanguage\":\"es\",\"potentialAction\":[{\"@type\":\"ReadAction\",\"target\":[\"https:\\\/\\\/www.mascoteriagonzalito.cl\\\/index.php\\\/producto\\\/brit-care-dog-hypoallergenic-junior-large-bree-lamb-3-kg\\\/\"]}]},{\"@type\":\"ImageObject\",\"inLanguage\":\"es\",\"@id\":\"https:\\\/\\\/www.mascoteriagonzalito.cl\\\/index.php\\\/producto\\\/brit-care-dog-hypoallergenic-junior-large-bree-lamb-3-kg\\\/#primaryimage\",\"url\":\"https:\\\/\\\/www.mascoteriagonzalito.cl\\\/wp-content\\\/uploads\\\/2026\\\/02\\\/junior-large-breed-3-kg-.png\",\"contentUrl\":\"https:\\\/\\\/www.mascoteriagonzalito.cl\\\/wp-content\\\/uploads\\\/2026\\\/02\\\/junior-large-breed-3-kg-.png\",\"width\":800,\"height\":800},{\"@type\":\"BreadcrumbList\",\"@id\":\"https:\\\/\\\/www.mascoteriagonzalito.cl\\\/index.php\\\/producto\\\/brit-care-dog-hypoallergenic-junior-large-bree-lamb-3-kg\\\/#breadcrumb\",\"itemListElement\":[{\"@type\":\"ListItem\",\"position\":1,\"name\":\"Portada\",\"item\":\"https:\\\/\\\/www.mascoteriagonzalito.cl\\\/\"},{\"@type\":\"ListItem\",\"position\":2,\"name\":\"Tienda\",\"item\":\"https:\\\/\\\/www.mascoteriagonzalito.cl\\\/index.php\\\/tienda\\\/\"},{\"@type\":\"ListItem\",\"position\":3,\"name\":\"BRIT CARE DOG HYPOALLERGENIC JUNIOR LARGE BREE LAMB 3 KG\"}]},{\"@type\":\"WebSite\",\"@id\":\"https:\\\/\\\/www.mascoteriagonzalito.cl\\\/#website\",\"url\":\"https:\\\/\\\/www.mascoteriagonzalito.cl\\\/\",\"name\":\"Mascoter\u00eda Gonzalito\",\"description\":\"Alimentos y accesorios para mascotas\",\"publisher\":{\"@id\":\"https:\\\/\\\/www.mascoteriagonzalito.cl\\\/#organization\"},\"potentialAction\":[{\"@type\":\"SearchAction\",\"target\":{\"@type\":\"EntryPoint\",\"urlTemplate\":\"https:\\\/\\\/www.mascoteriagonzalito.cl\\\/?s={search_term_string}\"},\"query-input\":{\"@type\":\"PropertyValueSpecification\",\"valueRequired\":true,\"valueName\":\"search_term_string\"}}],\"inLanguage\":\"es\"},{\"@type\":\"Organization\",\"@id\":\"https:\\\/\\\/www.mascoteriagonzalito.cl\\\/#organization\",\"name\":\"Mascoter\u00eda Gonzalito\",\"url\":\"https:\\\/\\\/www.mascoteriagonzalito.cl\\\/\",\"logo\":{\"@type\":\"ImageObject\",\"inLanguage\":\"es\",\"@id\":\"https:\\\/\\\/www.mascoteriagonzalito.cl\\\/#\\\/schema\\\/logo\\\/image\\\/\",\"url\":\"https:\\\/\\\/www.mascoteriagonzalito.cl\\\/wp-content\\\/uploads\\\/2025\\\/01\\\/IMG-20250113-WA0002-copia.png\",\"contentUrl\":\"https:\\\/\\\/www.mascoteriagonzalito.cl\\\/wp-content\\\/uploads\\\/2025\\\/01\\\/IMG-20250113-WA0002-copia.png\",\"width\":1600,\"height\":1600,\"caption\":\"Mascoter\u00eda Gonzalito\"},\"image\":{\"@id\":\"https:\\\/\\\/www.mascoteriagonzalito.cl\\\/#\\\/schema\\\/logo\\\/image\\\/\"},\"sameAs\":[\"https:\\\/\\\/www.facebook.com\\\/mascoteria.gonzalito\\\/\"]}]}<\/script>\n<!-- \/ Yoast SEO plugin. -->","yoast_head_json":{"title":"BRIT CARE DOG HYPOALLERGENIC JUNIOR LARGE BREE LAMB 3 KG - Mascoter\u00eda Gonzalito","robots":{"index":"index","follow":"follow","max-snippet":"max-snippet:-1","max-image-preview":"max-image-preview:large","max-video-preview":"max-video-preview:-1"},"canonical":"https:\/\/www.mascoteriagonzalito.cl\/index.php\/producto\/brit-care-dog-hypoallergenic-junior-large-bree-lamb-3-kg\/","og_locale":"es_ES","og_type":"article","og_title":"BRIT CARE DOG HYPOALLERGENIC JUNIOR LARGE BREE LAMB 3 KG - Mascoter\u00eda Gonzalito","og_description":"Brit Junior Cordero y Arroz Perros Raza Grande 3 Kg est\u00e1 adecuadamente balanceado y es altamente digestible, es un alimento Super Premium formulado con los requerimientos especiales de los cachorros y de los perros j\u00f3venes de razas grandes y gigantes.","og_url":"https:\/\/www.mascoteriagonzalito.cl\/index.php\/producto\/brit-care-dog-hypoallergenic-junior-large-bree-lamb-3-kg\/","og_site_name":"Mascoter\u00eda Gonzalito","article_publisher":"https:\/\/www.facebook.com\/mascoteria.gonzalito\/","article_modified_time":"2026-03-12T13:04:15+00:00","og_image":[{"width":800,"height":800,"url":"https:\/\/www.mascoteriagonzalito.cl\/wp-content\/uploads\/2026\/02\/junior-large-breed-3-kg-.png","type":"image\/png"}],"twitter_card":"summary_large_image","twitter_misc":{"Tiempo de lectura":"1 minuto"},"schema":{"@context":"https:\/\/schema.org","@graph":[{"@type":"WebPage","@id":"https:\/\/www.mascoteriagonzalito.cl\/index.php\/producto\/brit-care-dog-hypoallergenic-junior-large-bree-lamb-3-kg\/","url":"https:\/\/www.mascoteriagonzalito.cl\/index.php\/producto\/brit-care-dog-hypoallergenic-junior-large-bree-lamb-3-kg\/","name":"BRIT CARE DOG HYPOALLERGENIC JUNIOR LARGE BREE LAMB 3 KG - Mascoter\u00eda Gonzalito","isPartOf":{"@id":"https:\/\/www.mascoteriagonzalito.cl\/#website"},"primaryImageOfPage":{"@id":"https:\/\/www.mascoteriagonzalito.cl\/index.php\/producto\/brit-care-dog-hypoallergenic-junior-large-bree-lamb-3-kg\/#primaryimage"},"image":{"@id":"https:\/\/www.mascoteriagonzalito.cl\/index.php\/producto\/brit-care-dog-hypoallergenic-junior-large-bree-lamb-3-kg\/#primaryimage"},"thumbnailUrl":"https:\/\/www.mascoteriagonzalito.cl\/wp-content\/uploads\/2026\/02\/junior-large-breed-3-kg-.png","datePublished":"2026-02-26T16:00:10+00:00","dateModified":"2026-03-12T13:04:15+00:00","breadcrumb":{"@id":"https:\/\/www.mascoteriagonzalito.cl\/index.php\/producto\/brit-care-dog-hypoallergenic-junior-large-bree-lamb-3-kg\/#breadcrumb"},"inLanguage":"es","potentialAction":[{"@type":"ReadAction","target":["https:\/\/www.mascoteriagonzalito.cl\/index.php\/producto\/brit-care-dog-hypoallergenic-junior-large-bree-lamb-3-kg\/"]}]},{"@type":"ImageObject","inLanguage":"es","@id":"https:\/\/www.mascoteriagonzalito.cl\/index.php\/producto\/brit-care-dog-hypoallergenic-junior-large-bree-lamb-3-kg\/#primaryimage","url":"https:\/\/www.mascoteriagonzalito.cl\/wp-content\/uploads\/2026\/02\/junior-large-breed-3-kg-.png","contentUrl":"https:\/\/www.mascoteriagonzalito.cl\/wp-content\/uploads\/2026\/02\/junior-large-breed-3-kg-.png","width":800,"height":800},{"@type":"BreadcrumbList","@id":"https:\/\/www.mascoteriagonzalito.cl\/index.php\/producto\/brit-care-dog-hypoallergenic-junior-large-bree-lamb-3-kg\/#breadcrumb","itemListElement":[{"@type":"ListItem","position":1,"name":"Portada","item":"https:\/\/www.mascoteriagonzalito.cl\/"},{"@type":"ListItem","position":2,"name":"Tienda","item":"https:\/\/www.mascoteriagonzalito.cl\/index.php\/tienda\/"},{"@type":"ListItem","position":3,"name":"BRIT CARE DOG HYPOALLERGENIC JUNIOR LARGE BREE LAMB 3 KG"}]},{"@type":"WebSite","@id":"https:\/\/www.mascoteriagonzalito.cl\/#website","url":"https:\/\/www.mascoteriagonzalito.cl\/","name":"Mascoter\u00eda Gonzalito","description":"Alimentos y accesorios para mascotas","publisher":{"@id":"https:\/\/www.mascoteriagonzalito.cl\/#organization"},"potentialAction":[{"@type":"SearchAction","target":{"@type":"EntryPoint","urlTemplate":"https:\/\/www.mascoteriagonzalito.cl\/?s={search_term_string}"},"query-input":{"@type":"PropertyValueSpecification","valueRequired":true,"valueName":"search_term_string"}}],"inLanguage":"es"},{"@type":"Organization","@id":"https:\/\/www.mascoteriagonzalito.cl\/#organization","name":"Mascoter\u00eda Gonzalito","url":"https:\/\/www.mascoteriagonzalito.cl\/","logo":{"@type":"ImageObject","inLanguage":"es","@id":"https:\/\/www.mascoteriagonzalito.cl\/#\/schema\/logo\/image\/","url":"https:\/\/www.mascoteriagonzalito.cl\/wp-content\/uploads\/2025\/01\/IMG-20250113-WA0002-copia.png","contentUrl":"https:\/\/www.mascoteriagonzalito.cl\/wp-content\/uploads\/2025\/01\/IMG-20250113-WA0002-copia.png","width":1600,"height":1600,"caption":"Mascoter\u00eda Gonzalito"},"image":{"@id":"https:\/\/www.mascoteriagonzalito.cl\/#\/schema\/logo\/image\/"},"sameAs":["https:\/\/www.facebook.com\/mascoteria.gonzalito\/"]}]}},"_links":{"self":[{"href":"https:\/\/www.mascoteriagonzalito.cl\/index.php\/wp-json\/wp\/v2\/product\/6560","targetHints":{"allow":["GET"]}}],"collection":[{"href":"https:\/\/www.mascoteriagonzalito.cl\/index.php\/wp-json\/wp\/v2\/product"}],"about":[{"href":"https:\/\/www.mascoteriagonzalito.cl\/index.php\/wp-json\/wp\/v2\/types\/product"}],"replies":[{"embeddable":true,"href":"https:\/\/www.mascoteriagonzalito.cl\/index.php\/wp-json\/wp\/v2\/comments?post=6560"}],"wp:featuredmedia":[{"embeddable":true,"href":"https:\/\/www.mascoteriagonzalito.cl\/index.php\/wp-json\/wp\/v2\/media\/6650"}],"wp:attachment":[{"href":"https:\/\/www.mascoteriagonzalito.cl\/index.php\/wp-json\/wp\/v2\/media?parent=6560"}],"wp:term":[{"taxonomy":"product_brand","embeddable":true,"href":"https:\/\/www.mascoteriagonzalito.cl\/index.php\/wp-json\/wp\/v2\/product_brand?post=6560"},{"taxonomy":"product_cat","embeddable":true,"href":"https:\/\/www.mascoteriagonzalito.cl\/index.php\/wp-json\/wp\/v2\/product_cat?post=6560"},{"taxonomy":"product_tag","embeddable":true,"href":"https:\/\/www.mascoteriagonzalito.cl\/index.php\/wp-json\/wp\/v2\/product_tag?post=6560"}],"curies":[{"name":"wp","href":"https:\/\/api.w.org\/{rel}","templated":true}]}}