{"id":6369,"date":"2026-02-24T14:45:24","date_gmt":"2026-02-24T14:45:24","guid":{"rendered":"https:\/\/www.mascoteriagonzalito.cl\/?post_type=product&#038;p=6369"},"modified":"2026-04-12T19:25:50","modified_gmt":"2026-04-12T19:25:50","slug":"top-one-gato-9-kg","status":"publish","type":"product","link":"https:\/\/www.mascoteriagonzalito.cl\/index.php\/producto\/top-one-gato-9-kg\/","title":{"rendered":"TOP ONE GATO 9 KG"},"content":{"rendered":"<div class=\"summary entry-summary\">\n<div class=\"summary-container\">\n<div class=\"post-content woocommerce-product-details__short-description\">\n<p><strong>Beneficios<\/strong><\/p>\n<ul>\n<li><strong>Piel y pelaje brillante:\u00a0<\/strong>Con omega 3 y 6, \u00e1cidos grasos esenciales, que benefician un pelaje sano, entregando elasticidad a la piel de tu perro.<\/li>\n<li><strong>Heces con menos olor:\u00a0<\/strong>Gracias a la adici\u00f3n de extracto de yucca y un adecuado balance de zeolita, se generan heces m\u00e1s firmes y con menos olor.<\/li>\n<li><strong>Antioxidantes naturales:<\/strong>\u00a0Favorecen el funcionamiento del sistema inmune, retardando el estr\u00e9s oxidativo y evitando el envejecimiento prematuro.<\/li>\n<li><strong>Coraz\u00f3n saludable:<\/strong>\u00a0Gracias a la presencia de Taurina, permite mantener el coraz\u00f3n de tu gato fuerte y sano.<\/li>\n<\/ul>\n<\/div>\n<div class=\"qlwapp qlwapp--woocommerce\" data-display=\"{&quot;devices&quot;:&quot;all&quot;,&quot;entries&quot;:{&quot;post&quot;:{&quot;include&quot;:1,&quot;ids&quot;:[]},&quot;page&quot;:{&quot;include&quot;:1,&quot;ids&quot;:[]},&quot;product&quot;:{&quot;include&quot;:1,&quot;ids&quot;:[]},&quot;avada_portfolio&quot;:{&quot;include&quot;:1,&quot;ids&quot;:[]},&quot;avada_faq&quot;:{&quot;include&quot;:1,&quot;ids&quot;:[]},&quot;slide&quot;:{&quot;include&quot;:1,&quot;ids&quot;:[]}},&quot;taxonomies&quot;:{&quot;category&quot;:{&quot;include&quot;:1,&quot;ids&quot;:[]},&quot;product_cat&quot;:{&quot;include&quot;:1,&quot;ids&quot;:[]},&quot;slide-page&quot;:{&quot;include&quot;:1,&quot;ids&quot;:[]}},&quot;target&quot;:{&quot;include&quot;:1,&quot;ids&quot;:[]}}\" data-button=\"{&quot;layout&quot;:&quot;button&quot;,&quot;box&quot;:&quot;no&quot;,&quot;position&quot;:&quot;woocommerce_before_add_to_cart_form&quot;,&quot;text&quot;:&quot;\\u00bfC\\u00f3mo puedo ayudarte?&quot;,&quot;message&quot;:&quot;\\u00a1Hola! Estoy probando el plugin Social Chat https:\\\/\\\/quadlayers.com\\\/landing\\\/whatsapp-chat\\\/?utm_source=qlwapp_plugin&amp;utm_medium=whatsapp&quot;,&quot;icon&quot;:&quot;qlwapp-whatsapp-icon&quot;,&quot;type&quot;:&quot;phone&quot;,&quot;phone&quot;:&quot;59895761512&quot;,&quot;group&quot;:&quot;https:\\\/\\\/chat.whatsapp.com\\\/EQuPUtcPzEdIZVlT8JyyNw&quot;,&quot;developer&quot;:&quot;no&quot;,&quot;rounded&quot;:&quot;yes&quot;,&quot;timefrom&quot;:&quot;00:00&quot;,&quot;timeto&quot;:&quot;00:00&quot;,&quot;timedays&quot;:[],&quot;timezone&quot;:&quot;UTC-4&quot;,&quot;visibility&quot;:&quot;readonly&quot;,&quot;whatsapp_link_type&quot;:&quot;web&quot;,&quot;animation_name&quot;:&quot;&quot;,&quot;animation_delay&quot;:&quot;&quot;,&quot;position_priority&quot;:10,&quot;devices&quot;:&quot;hide&quot;}\" data-box=\"{&quot;enable&quot;:&quot;yes&quot;,&quot;auto_open&quot;:&quot;no&quot;,&quot;auto_delay_open&quot;:1000,&quot;lazy_load&quot;:&quot;no&quot;,&quot;allow_outside_close&quot;:&quot;no&quot;,&quot;header&quot;:&quot;\\n\\t\\t\\t\\t\\t\\t\\t\\t&lt;p style=\\&quot;line-height: 1;text-align: start\\&quot;&gt;&lt;span style=\\&quot;font-size: 12px;vertical-align: bottom;letter-spacing: -0.2px;opacity: 0.8;margin: 5px 0 0 1px\\&quot;&gt;Powered by&lt;\\\/span&gt;&lt;\\\/p&gt;\\n\\t\\t\\t\\t\\t\\t\\t\\t&lt;p style=\\&quot;line-height: 1;text-align: start\\&quot;&gt;&lt;a style=\\&quot;font-size: 24px;line-height: 34px;font-weight: bold;text-decoration: none;color: white\\&quot; href=\\&quot;https:\\\/\\\/quadlayers.com\\\/products\\\/whatsapp-chat\\\/?utm_source=qlwapp_plugin&amp;utm_medium=header&amp;utm_campaign=social-chat\\&quot; target=\\&quot;_blank\\&quot; rel=\\&quot;noopener\\&quot;&gt;Social Chat&lt;\\\/a&gt;&lt;\\\/p&gt;&quot;,&quot;footer&quot;:&quot;&lt;p style=\\&quot;text-align: start;\\&quot;&gt;Need help? Our team is just a message away&lt;\\\/p&gt;&quot;,&quot;response&quot;:&quot;Escribe una respuesta&quot;,&quot;consent_message&quot;:&quot;I accept cookies and privacy policy.&quot;,&quot;consent_enabled&quot;:&quot;no&quot;}\"><\/div>\n<div class=\"quantity buttons_added\">\n<p><strong>Ingredientes<\/strong><\/p>\n<p>Harina de subproductos de pollo, ma\u00edz, trigo, gluten de ma\u00edz, grasa animal (bovino y\/o cerdo y\/o pollo), harina de salm\u00f3n, hidrolizado liquido de subproductos animales (bovino y\/o cerdo y\/o pollo), cloruro de potasio, inulina (fuente de fructo-oligosac\u00e1ridos), zeolita natural, cloruro de colina, colorante caramelo natural, cloruro de sodio, aceite de linaza, \u00e1cido fosf\u00f3rico, taurina, metionina, lisina, levadura hidrolizada (fuente de beta-glucanos y manano-oligosac\u00e1ridos), antioxidantes, extracto de yucca schidigera y\/o quillaja saponaria, antioxidantes biol\u00f3gicos. Vitaminas: A, D3, E, K3. C, B1, B2, niacina, pantotenato de calcio, piridoxina, \u00e1cido f\u00f3lico, cianocobalamina, biotina. Minerales: Sulfato de zinc, sulfato de cobre, sulfato de manganeso, yodato de calcio, selenito de sodio. Eventuales sustitutos: Triticale y\/o sorgo, y\/o arroz, harina de soya, harina de subproductos de pavo, harina de pescado.<\/p>\n<\/div>\n<\/div>\n<\/div>\n<div class=\"woocommerce-tabs wc-tabs-wrapper\">\n<div id=\"tab-description\" class=\"woocommerce-Tabs-panel woocommerce-Tabs-panel--description panel entry-content wc-tab\" role=\"tabpanel\" aria-labelledby=\"tab-title-description\"><\/div>\n<\/div>\n","protected":false},"excerpt":{"rendered":"<div class=\"woocommerce-product-details__short-description\">\n<p>Alimento para gatos adultos con pollo y salm\u00f3n, rico en prote\u00ednas y taurina para un coraz\u00f3n saludable, piel brillante y un sistema inmunol\u00f3gico fuerte.<\/p>\n<\/div>\n<div class=\"quantity\"><\/div>\n","protected":false},"featured_media":6371,"comment_status":"open","ping_status":"closed","template":"","meta":[],"product_brand":[194],"product_cat":[33],"product_tag":[],"class_list":{"0":"post-6369","1":"product","2":"type-product","3":"status-publish","4":"has-post-thumbnail","6":"product_brand-top-one","7":"product_cat-alimentos-gatos","9":"first","10":"instock","11":"shipping-taxable","12":"purchasable","13":"product-type-simple"},"yoast_head":"<!-- This site is optimized with the Yoast SEO plugin v27.4 - https:\/\/yoast.com\/product\/yoast-seo-wordpress\/ -->\n<title>TOP ONE GATO 9 KG - Mascoter\u00eda Gonzalito<\/title>\n<meta name=\"robots\" content=\"index, follow, max-snippet:-1, max-image-preview:large, max-video-preview:-1\" \/>\n<link rel=\"canonical\" href=\"https:\/\/www.mascoteriagonzalito.cl\/index.php\/producto\/top-one-gato-9-kg\/\" \/>\n<meta property=\"og:locale\" content=\"es_ES\" \/>\n<meta property=\"og:type\" content=\"article\" \/>\n<meta property=\"og:title\" content=\"TOP ONE GATO 9 KG - Mascoter\u00eda Gonzalito\" \/>\n<meta property=\"og:description\" content=\"Alimento para gatos adultos con pollo y salm\u00f3n, rico en prote\u00ednas y taurina para un coraz\u00f3n saludable, piel brillante y un sistema inmunol\u00f3gico fuerte.\" \/>\n<meta property=\"og:url\" content=\"https:\/\/www.mascoteriagonzalito.cl\/index.php\/producto\/top-one-gato-9-kg\/\" \/>\n<meta property=\"og:site_name\" content=\"Mascoter\u00eda Gonzalito\" \/>\n<meta property=\"article:publisher\" content=\"https:\/\/www.facebook.com\/mascoteria.gonzalito\/\" \/>\n<meta property=\"article:modified_time\" content=\"2026-04-12T19:25:50+00:00\" \/>\n<meta property=\"og:image\" content=\"https:\/\/www.mascoteriagonzalito.cl\/wp-content\/uploads\/2026\/02\/127.jpg\" \/>\n\t<meta property=\"og:image:width\" content=\"1024\" \/>\n\t<meta property=\"og:image:height\" content=\"1024\" \/>\n\t<meta property=\"og:image:type\" content=\"image\/jpeg\" \/>\n<meta name=\"twitter:card\" content=\"summary_large_image\" \/>\n<meta name=\"twitter:label1\" content=\"Tiempo de lectura\" \/>\n\t<meta name=\"twitter:data1\" content=\"1 minuto\" \/>\n<script type=\"application\/ld+json\" class=\"yoast-schema-graph\">{\"@context\":\"https:\\\/\\\/schema.org\",\"@graph\":[{\"@type\":\"WebPage\",\"@id\":\"https:\\\/\\\/www.mascoteriagonzalito.cl\\\/index.php\\\/producto\\\/top-one-gato-9-kg\\\/\",\"url\":\"https:\\\/\\\/www.mascoteriagonzalito.cl\\\/index.php\\\/producto\\\/top-one-gato-9-kg\\\/\",\"name\":\"TOP ONE GATO 9 KG - Mascoter\u00eda Gonzalito\",\"isPartOf\":{\"@id\":\"https:\\\/\\\/www.mascoteriagonzalito.cl\\\/#website\"},\"primaryImageOfPage\":{\"@id\":\"https:\\\/\\\/www.mascoteriagonzalito.cl\\\/index.php\\\/producto\\\/top-one-gato-9-kg\\\/#primaryimage\"},\"image\":{\"@id\":\"https:\\\/\\\/www.mascoteriagonzalito.cl\\\/index.php\\\/producto\\\/top-one-gato-9-kg\\\/#primaryimage\"},\"thumbnailUrl\":\"https:\\\/\\\/www.mascoteriagonzalito.cl\\\/wp-content\\\/uploads\\\/2026\\\/02\\\/127.jpg\",\"datePublished\":\"2026-02-24T14:45:24+00:00\",\"dateModified\":\"2026-04-12T19:25:50+00:00\",\"breadcrumb\":{\"@id\":\"https:\\\/\\\/www.mascoteriagonzalito.cl\\\/index.php\\\/producto\\\/top-one-gato-9-kg\\\/#breadcrumb\"},\"inLanguage\":\"es\",\"potentialAction\":[{\"@type\":\"ReadAction\",\"target\":[\"https:\\\/\\\/www.mascoteriagonzalito.cl\\\/index.php\\\/producto\\\/top-one-gato-9-kg\\\/\"]}]},{\"@type\":\"ImageObject\",\"inLanguage\":\"es\",\"@id\":\"https:\\\/\\\/www.mascoteriagonzalito.cl\\\/index.php\\\/producto\\\/top-one-gato-9-kg\\\/#primaryimage\",\"url\":\"https:\\\/\\\/www.mascoteriagonzalito.cl\\\/wp-content\\\/uploads\\\/2026\\\/02\\\/127.jpg\",\"contentUrl\":\"https:\\\/\\\/www.mascoteriagonzalito.cl\\\/wp-content\\\/uploads\\\/2026\\\/02\\\/127.jpg\",\"width\":1024,\"height\":1024},{\"@type\":\"BreadcrumbList\",\"@id\":\"https:\\\/\\\/www.mascoteriagonzalito.cl\\\/index.php\\\/producto\\\/top-one-gato-9-kg\\\/#breadcrumb\",\"itemListElement\":[{\"@type\":\"ListItem\",\"position\":1,\"name\":\"Portada\",\"item\":\"https:\\\/\\\/www.mascoteriagonzalito.cl\\\/\"},{\"@type\":\"ListItem\",\"position\":2,\"name\":\"Tienda\",\"item\":\"https:\\\/\\\/www.mascoteriagonzalito.cl\\\/index.php\\\/tienda\\\/\"},{\"@type\":\"ListItem\",\"position\":3,\"name\":\"TOP ONE GATO 9 KG\"}]},{\"@type\":\"WebSite\",\"@id\":\"https:\\\/\\\/www.mascoteriagonzalito.cl\\\/#website\",\"url\":\"https:\\\/\\\/www.mascoteriagonzalito.cl\\\/\",\"name\":\"Mascoter\u00eda Gonzalito\",\"description\":\"Alimentos y accesorios para mascotas\",\"publisher\":{\"@id\":\"https:\\\/\\\/www.mascoteriagonzalito.cl\\\/#organization\"},\"potentialAction\":[{\"@type\":\"SearchAction\",\"target\":{\"@type\":\"EntryPoint\",\"urlTemplate\":\"https:\\\/\\\/www.mascoteriagonzalito.cl\\\/?s={search_term_string}\"},\"query-input\":{\"@type\":\"PropertyValueSpecification\",\"valueRequired\":true,\"valueName\":\"search_term_string\"}}],\"inLanguage\":\"es\"},{\"@type\":\"Organization\",\"@id\":\"https:\\\/\\\/www.mascoteriagonzalito.cl\\\/#organization\",\"name\":\"Mascoter\u00eda Gonzalito\",\"url\":\"https:\\\/\\\/www.mascoteriagonzalito.cl\\\/\",\"logo\":{\"@type\":\"ImageObject\",\"inLanguage\":\"es\",\"@id\":\"https:\\\/\\\/www.mascoteriagonzalito.cl\\\/#\\\/schema\\\/logo\\\/image\\\/\",\"url\":\"https:\\\/\\\/www.mascoteriagonzalito.cl\\\/wp-content\\\/uploads\\\/2025\\\/01\\\/IMG-20250113-WA0002-copia.png\",\"contentUrl\":\"https:\\\/\\\/www.mascoteriagonzalito.cl\\\/wp-content\\\/uploads\\\/2025\\\/01\\\/IMG-20250113-WA0002-copia.png\",\"width\":1600,\"height\":1600,\"caption\":\"Mascoter\u00eda Gonzalito\"},\"image\":{\"@id\":\"https:\\\/\\\/www.mascoteriagonzalito.cl\\\/#\\\/schema\\\/logo\\\/image\\\/\"},\"sameAs\":[\"https:\\\/\\\/www.facebook.com\\\/mascoteria.gonzalito\\\/\"]}]}<\/script>\n<!-- \/ Yoast SEO plugin. -->","yoast_head_json":{"title":"TOP ONE GATO 9 KG - Mascoter\u00eda Gonzalito","robots":{"index":"index","follow":"follow","max-snippet":"max-snippet:-1","max-image-preview":"max-image-preview:large","max-video-preview":"max-video-preview:-1"},"canonical":"https:\/\/www.mascoteriagonzalito.cl\/index.php\/producto\/top-one-gato-9-kg\/","og_locale":"es_ES","og_type":"article","og_title":"TOP ONE GATO 9 KG - Mascoter\u00eda Gonzalito","og_description":"Alimento para gatos adultos con pollo y salm\u00f3n, rico en prote\u00ednas y taurina para un coraz\u00f3n saludable, piel brillante y un sistema inmunol\u00f3gico fuerte.","og_url":"https:\/\/www.mascoteriagonzalito.cl\/index.php\/producto\/top-one-gato-9-kg\/","og_site_name":"Mascoter\u00eda Gonzalito","article_publisher":"https:\/\/www.facebook.com\/mascoteria.gonzalito\/","article_modified_time":"2026-04-12T19:25:50+00:00","og_image":[{"width":1024,"height":1024,"url":"https:\/\/www.mascoteriagonzalito.cl\/wp-content\/uploads\/2026\/02\/127.jpg","type":"image\/jpeg"}],"twitter_card":"summary_large_image","twitter_misc":{"Tiempo de lectura":"1 minuto"},"schema":{"@context":"https:\/\/schema.org","@graph":[{"@type":"WebPage","@id":"https:\/\/www.mascoteriagonzalito.cl\/index.php\/producto\/top-one-gato-9-kg\/","url":"https:\/\/www.mascoteriagonzalito.cl\/index.php\/producto\/top-one-gato-9-kg\/","name":"TOP ONE GATO 9 KG - Mascoter\u00eda Gonzalito","isPartOf":{"@id":"https:\/\/www.mascoteriagonzalito.cl\/#website"},"primaryImageOfPage":{"@id":"https:\/\/www.mascoteriagonzalito.cl\/index.php\/producto\/top-one-gato-9-kg\/#primaryimage"},"image":{"@id":"https:\/\/www.mascoteriagonzalito.cl\/index.php\/producto\/top-one-gato-9-kg\/#primaryimage"},"thumbnailUrl":"https:\/\/www.mascoteriagonzalito.cl\/wp-content\/uploads\/2026\/02\/127.jpg","datePublished":"2026-02-24T14:45:24+00:00","dateModified":"2026-04-12T19:25:50+00:00","breadcrumb":{"@id":"https:\/\/www.mascoteriagonzalito.cl\/index.php\/producto\/top-one-gato-9-kg\/#breadcrumb"},"inLanguage":"es","potentialAction":[{"@type":"ReadAction","target":["https:\/\/www.mascoteriagonzalito.cl\/index.php\/producto\/top-one-gato-9-kg\/"]}]},{"@type":"ImageObject","inLanguage":"es","@id":"https:\/\/www.mascoteriagonzalito.cl\/index.php\/producto\/top-one-gato-9-kg\/#primaryimage","url":"https:\/\/www.mascoteriagonzalito.cl\/wp-content\/uploads\/2026\/02\/127.jpg","contentUrl":"https:\/\/www.mascoteriagonzalito.cl\/wp-content\/uploads\/2026\/02\/127.jpg","width":1024,"height":1024},{"@type":"BreadcrumbList","@id":"https:\/\/www.mascoteriagonzalito.cl\/index.php\/producto\/top-one-gato-9-kg\/#breadcrumb","itemListElement":[{"@type":"ListItem","position":1,"name":"Portada","item":"https:\/\/www.mascoteriagonzalito.cl\/"},{"@type":"ListItem","position":2,"name":"Tienda","item":"https:\/\/www.mascoteriagonzalito.cl\/index.php\/tienda\/"},{"@type":"ListItem","position":3,"name":"TOP ONE GATO 9 KG"}]},{"@type":"WebSite","@id":"https:\/\/www.mascoteriagonzalito.cl\/#website","url":"https:\/\/www.mascoteriagonzalito.cl\/","name":"Mascoter\u00eda Gonzalito","description":"Alimentos y accesorios para mascotas","publisher":{"@id":"https:\/\/www.mascoteriagonzalito.cl\/#organization"},"potentialAction":[{"@type":"SearchAction","target":{"@type":"EntryPoint","urlTemplate":"https:\/\/www.mascoteriagonzalito.cl\/?s={search_term_string}"},"query-input":{"@type":"PropertyValueSpecification","valueRequired":true,"valueName":"search_term_string"}}],"inLanguage":"es"},{"@type":"Organization","@id":"https:\/\/www.mascoteriagonzalito.cl\/#organization","name":"Mascoter\u00eda Gonzalito","url":"https:\/\/www.mascoteriagonzalito.cl\/","logo":{"@type":"ImageObject","inLanguage":"es","@id":"https:\/\/www.mascoteriagonzalito.cl\/#\/schema\/logo\/image\/","url":"https:\/\/www.mascoteriagonzalito.cl\/wp-content\/uploads\/2025\/01\/IMG-20250113-WA0002-copia.png","contentUrl":"https:\/\/www.mascoteriagonzalito.cl\/wp-content\/uploads\/2025\/01\/IMG-20250113-WA0002-copia.png","width":1600,"height":1600,"caption":"Mascoter\u00eda Gonzalito"},"image":{"@id":"https:\/\/www.mascoteriagonzalito.cl\/#\/schema\/logo\/image\/"},"sameAs":["https:\/\/www.facebook.com\/mascoteria.gonzalito\/"]}]}},"_links":{"self":[{"href":"https:\/\/www.mascoteriagonzalito.cl\/index.php\/wp-json\/wp\/v2\/product\/6369","targetHints":{"allow":["GET"]}}],"collection":[{"href":"https:\/\/www.mascoteriagonzalito.cl\/index.php\/wp-json\/wp\/v2\/product"}],"about":[{"href":"https:\/\/www.mascoteriagonzalito.cl\/index.php\/wp-json\/wp\/v2\/types\/product"}],"replies":[{"embeddable":true,"href":"https:\/\/www.mascoteriagonzalito.cl\/index.php\/wp-json\/wp\/v2\/comments?post=6369"}],"wp:featuredmedia":[{"embeddable":true,"href":"https:\/\/www.mascoteriagonzalito.cl\/index.php\/wp-json\/wp\/v2\/media\/6371"}],"wp:attachment":[{"href":"https:\/\/www.mascoteriagonzalito.cl\/index.php\/wp-json\/wp\/v2\/media?parent=6369"}],"wp:term":[{"taxonomy":"product_brand","embeddable":true,"href":"https:\/\/www.mascoteriagonzalito.cl\/index.php\/wp-json\/wp\/v2\/product_brand?post=6369"},{"taxonomy":"product_cat","embeddable":true,"href":"https:\/\/www.mascoteriagonzalito.cl\/index.php\/wp-json\/wp\/v2\/product_cat?post=6369"},{"taxonomy":"product_tag","embeddable":true,"href":"https:\/\/www.mascoteriagonzalito.cl\/index.php\/wp-json\/wp\/v2\/product_tag?post=6369"}],"curies":[{"name":"wp","href":"https:\/\/api.w.org\/{rel}","templated":true}]}}