{"id":6284,"date":"2026-02-21T16:09:07","date_gmt":"2026-02-21T16:09:07","guid":{"rendered":"https:\/\/www.mascoteriagonzalito.cl\/?post_type=product&#038;p=6284"},"modified":"2026-04-12T20:16:20","modified_gmt":"2026-04-12T20:16:20","slug":"dentalife-purina-gato-40-grs","status":"publish","type":"product","link":"https:\/\/www.mascoteriagonzalito.cl\/index.php\/producto\/dentalife-purina-gato-40-grs\/","title":{"rendered":"DENTALIFE PURINA GATO 40 GRS"},"content":{"rendered":"<p>Nuestro Purina Snack Dentalife Gato es un snack el cual nos ayuda a limpiar la dentadura de tu gato diariamente.<br \/>\nSe encuentra comprobado cient\u00edficamente que gracias a su textura porosa limpia incluso los dientes posteriores, los cuales se consideran m\u00e1s dif\u00edciles de alcanzar.<br \/>\nEl Purina Snack Dentalife Gato tiene un delicioso sabor a pollo para que tu gatito lo pueda comer con facilidad.<br \/>\nAyuda a reducir la formaci\u00f3n de sarro enla boca de tu gatito.<br \/>\nContiene 40 gramos en su bolsa.<\/p>\n<h4>Caracteristicas<\/h4>\n<ul>\n<li>Contiene una textura porosa masticable, ya que es la innovaci\u00f3n en cuidado dental de los gatos.<\/li>\n<li>Ayuda a mant\u00e9n un buen cuidado dental.<\/li>\n<li>Logra limpiar hasta los lugares mas dificiles de alcanzar.<\/li>\n<li>Se pueden dar incluso de forma diaria, ya que si se dan todos los d\u00edas mayor puede ser la limpieza de los dientes.<\/li>\n<li>Es un metodo mas agradable para el gatito, ya que no estamos manipulando su boca. Lo cual puede ser incomodo para el.<\/li>\n<\/ul>\n<h4>Composici\u00f3n<\/h4>\n<ul>\n<li>Carnes y subproductos animales.<\/li>\n<li>Cereales.<\/li>\n<li>Extractos de prote\u00ednas vegetales.<\/li>\n<li>Aceites y grasas.<\/li>\n<li>Subproductos de origen vegetal.<\/li>\n<li>Sustancias minerales.<\/li>\n<li>Pescados y subproductos de pescado.<\/li>\n<li>Glicerol.<\/li>\n<li>Levaduras.<\/li>\n<li>Az\u00facares.<\/li>\n<\/ul>\n<p>Para un beneficio \u00f3ptimo, alimente con 4 golosinas diarias para gatos adultos con un peso de 2.5 kg.<br \/>\nDeja siempre a su disposici\u00f3n agua limpia y fresca.<br \/>\nPor la salud de su gato, respete el modo de empleo y la raci\u00f3n diaria recomendada.<br \/>\nSupervisa a tu gato cuando le est\u00e9s dando el producto.<\/p>\n","protected":false},"excerpt":{"rendered":"<p>Nuestro Purina Snack Dentalife Gato es un snack el cual nos ayuda a limpiar la dentadura de tu gato diariamente.<br \/>\nSe encuentra comprobado cient\u00edficamente que gracias a su textura porosa limpia incluso los dientes posteriores, los cuales se consideran m\u00e1s dif\u00edciles de alcanzar.<\/p>\n","protected":false},"featured_media":6285,"comment_status":"open","ping_status":"closed","template":"","meta":[],"product_brand":[97],"product_cat":[171],"product_tag":[],"class_list":{"0":"post-6284","1":"product","2":"type-product","3":"status-publish","4":"has-post-thumbnail","6":"product_brand-purina","7":"product_cat-snack-gato","9":"first","10":"instock","11":"shipping-taxable","12":"purchasable","13":"product-type-simple"},"yoast_head":"<!-- This site is optimized with the Yoast SEO plugin v27.4 - https:\/\/yoast.com\/product\/yoast-seo-wordpress\/ -->\n<title>DENTALIFE PURINA GATO 40 GRS - Mascoter\u00eda Gonzalito<\/title>\n<meta name=\"robots\" content=\"index, follow, max-snippet:-1, max-image-preview:large, max-video-preview:-1\" \/>\n<link rel=\"canonical\" href=\"https:\/\/www.mascoteriagonzalito.cl\/index.php\/producto\/dentalife-purina-gato-40-grs\/\" \/>\n<meta property=\"og:locale\" content=\"es_ES\" \/>\n<meta property=\"og:type\" content=\"article\" \/>\n<meta property=\"og:title\" content=\"DENTALIFE PURINA GATO 40 GRS - Mascoter\u00eda Gonzalito\" \/>\n<meta property=\"og:description\" content=\"Nuestro Purina Snack Dentalife Gato es un snack el cual nos ayuda a limpiar la dentadura de tu gato diariamente. Se encuentra comprobado cient\u00edficamente que gracias a su textura porosa limpia incluso los dientes posteriores, los cuales se consideran m\u00e1s dif\u00edciles de alcanzar.\" \/>\n<meta property=\"og:url\" content=\"https:\/\/www.mascoteriagonzalito.cl\/index.php\/producto\/dentalife-purina-gato-40-grs\/\" \/>\n<meta property=\"og:site_name\" content=\"Mascoter\u00eda Gonzalito\" \/>\n<meta property=\"article:publisher\" content=\"https:\/\/www.facebook.com\/mascoteria.gonzalito\/\" \/>\n<meta property=\"article:modified_time\" content=\"2026-04-12T20:16:20+00:00\" \/>\n<meta property=\"og:image\" content=\"https:\/\/www.mascoteriagonzalito.cl\/wp-content\/uploads\/2026\/02\/Purina-Snack-Dentalife-Gato-40g.jpg.webp\" \/>\n\t<meta property=\"og:image:width\" content=\"800\" \/>\n\t<meta property=\"og:image:height\" content=\"800\" \/>\n\t<meta property=\"og:image:type\" content=\"image\/webp\" \/>\n<meta name=\"twitter:card\" content=\"summary_large_image\" \/>\n<meta name=\"twitter:label1\" content=\"Tiempo de lectura\" \/>\n\t<meta name=\"twitter:data1\" content=\"1 minuto\" \/>\n<script type=\"application\/ld+json\" class=\"yoast-schema-graph\">{\"@context\":\"https:\\\/\\\/schema.org\",\"@graph\":[{\"@type\":\"WebPage\",\"@id\":\"https:\\\/\\\/www.mascoteriagonzalito.cl\\\/index.php\\\/producto\\\/dentalife-purina-gato-40-grs\\\/\",\"url\":\"https:\\\/\\\/www.mascoteriagonzalito.cl\\\/index.php\\\/producto\\\/dentalife-purina-gato-40-grs\\\/\",\"name\":\"DENTALIFE PURINA GATO 40 GRS - Mascoter\u00eda Gonzalito\",\"isPartOf\":{\"@id\":\"https:\\\/\\\/www.mascoteriagonzalito.cl\\\/#website\"},\"primaryImageOfPage\":{\"@id\":\"https:\\\/\\\/www.mascoteriagonzalito.cl\\\/index.php\\\/producto\\\/dentalife-purina-gato-40-grs\\\/#primaryimage\"},\"image\":{\"@id\":\"https:\\\/\\\/www.mascoteriagonzalito.cl\\\/index.php\\\/producto\\\/dentalife-purina-gato-40-grs\\\/#primaryimage\"},\"thumbnailUrl\":\"https:\\\/\\\/www.mascoteriagonzalito.cl\\\/wp-content\\\/uploads\\\/2026\\\/02\\\/Purina-Snack-Dentalife-Gato-40g.jpg.webp\",\"datePublished\":\"2026-02-21T16:09:07+00:00\",\"dateModified\":\"2026-04-12T20:16:20+00:00\",\"breadcrumb\":{\"@id\":\"https:\\\/\\\/www.mascoteriagonzalito.cl\\\/index.php\\\/producto\\\/dentalife-purina-gato-40-grs\\\/#breadcrumb\"},\"inLanguage\":\"es\",\"potentialAction\":[{\"@type\":\"ReadAction\",\"target\":[\"https:\\\/\\\/www.mascoteriagonzalito.cl\\\/index.php\\\/producto\\\/dentalife-purina-gato-40-grs\\\/\"]}]},{\"@type\":\"ImageObject\",\"inLanguage\":\"es\",\"@id\":\"https:\\\/\\\/www.mascoteriagonzalito.cl\\\/index.php\\\/producto\\\/dentalife-purina-gato-40-grs\\\/#primaryimage\",\"url\":\"https:\\\/\\\/www.mascoteriagonzalito.cl\\\/wp-content\\\/uploads\\\/2026\\\/02\\\/Purina-Snack-Dentalife-Gato-40g.jpg.webp\",\"contentUrl\":\"https:\\\/\\\/www.mascoteriagonzalito.cl\\\/wp-content\\\/uploads\\\/2026\\\/02\\\/Purina-Snack-Dentalife-Gato-40g.jpg.webp\",\"width\":800,\"height\":800},{\"@type\":\"BreadcrumbList\",\"@id\":\"https:\\\/\\\/www.mascoteriagonzalito.cl\\\/index.php\\\/producto\\\/dentalife-purina-gato-40-grs\\\/#breadcrumb\",\"itemListElement\":[{\"@type\":\"ListItem\",\"position\":1,\"name\":\"Portada\",\"item\":\"https:\\\/\\\/www.mascoteriagonzalito.cl\\\/\"},{\"@type\":\"ListItem\",\"position\":2,\"name\":\"Tienda\",\"item\":\"https:\\\/\\\/www.mascoteriagonzalito.cl\\\/index.php\\\/tienda\\\/\"},{\"@type\":\"ListItem\",\"position\":3,\"name\":\"DENTALIFE PURINA GATO 40 GRS\"}]},{\"@type\":\"WebSite\",\"@id\":\"https:\\\/\\\/www.mascoteriagonzalito.cl\\\/#website\",\"url\":\"https:\\\/\\\/www.mascoteriagonzalito.cl\\\/\",\"name\":\"Mascoter\u00eda Gonzalito\",\"description\":\"Alimentos y accesorios para mascotas\",\"publisher\":{\"@id\":\"https:\\\/\\\/www.mascoteriagonzalito.cl\\\/#organization\"},\"potentialAction\":[{\"@type\":\"SearchAction\",\"target\":{\"@type\":\"EntryPoint\",\"urlTemplate\":\"https:\\\/\\\/www.mascoteriagonzalito.cl\\\/?s={search_term_string}\"},\"query-input\":{\"@type\":\"PropertyValueSpecification\",\"valueRequired\":true,\"valueName\":\"search_term_string\"}}],\"inLanguage\":\"es\"},{\"@type\":\"Organization\",\"@id\":\"https:\\\/\\\/www.mascoteriagonzalito.cl\\\/#organization\",\"name\":\"Mascoter\u00eda Gonzalito\",\"url\":\"https:\\\/\\\/www.mascoteriagonzalito.cl\\\/\",\"logo\":{\"@type\":\"ImageObject\",\"inLanguage\":\"es\",\"@id\":\"https:\\\/\\\/www.mascoteriagonzalito.cl\\\/#\\\/schema\\\/logo\\\/image\\\/\",\"url\":\"https:\\\/\\\/www.mascoteriagonzalito.cl\\\/wp-content\\\/uploads\\\/2025\\\/01\\\/IMG-20250113-WA0002-copia.png\",\"contentUrl\":\"https:\\\/\\\/www.mascoteriagonzalito.cl\\\/wp-content\\\/uploads\\\/2025\\\/01\\\/IMG-20250113-WA0002-copia.png\",\"width\":1600,\"height\":1600,\"caption\":\"Mascoter\u00eda Gonzalito\"},\"image\":{\"@id\":\"https:\\\/\\\/www.mascoteriagonzalito.cl\\\/#\\\/schema\\\/logo\\\/image\\\/\"},\"sameAs\":[\"https:\\\/\\\/www.facebook.com\\\/mascoteria.gonzalito\\\/\"]}]}<\/script>\n<!-- \/ Yoast SEO plugin. -->","yoast_head_json":{"title":"DENTALIFE PURINA GATO 40 GRS - Mascoter\u00eda Gonzalito","robots":{"index":"index","follow":"follow","max-snippet":"max-snippet:-1","max-image-preview":"max-image-preview:large","max-video-preview":"max-video-preview:-1"},"canonical":"https:\/\/www.mascoteriagonzalito.cl\/index.php\/producto\/dentalife-purina-gato-40-grs\/","og_locale":"es_ES","og_type":"article","og_title":"DENTALIFE PURINA GATO 40 GRS - Mascoter\u00eda Gonzalito","og_description":"Nuestro Purina Snack Dentalife Gato es un snack el cual nos ayuda a limpiar la dentadura de tu gato diariamente. Se encuentra comprobado cient\u00edficamente que gracias a su textura porosa limpia incluso los dientes posteriores, los cuales se consideran m\u00e1s dif\u00edciles de alcanzar.","og_url":"https:\/\/www.mascoteriagonzalito.cl\/index.php\/producto\/dentalife-purina-gato-40-grs\/","og_site_name":"Mascoter\u00eda Gonzalito","article_publisher":"https:\/\/www.facebook.com\/mascoteria.gonzalito\/","article_modified_time":"2026-04-12T20:16:20+00:00","og_image":[{"width":800,"height":800,"url":"https:\/\/www.mascoteriagonzalito.cl\/wp-content\/uploads\/2026\/02\/Purina-Snack-Dentalife-Gato-40g.jpg.webp","type":"image\/webp"}],"twitter_card":"summary_large_image","twitter_misc":{"Tiempo de lectura":"1 minuto"},"schema":{"@context":"https:\/\/schema.org","@graph":[{"@type":"WebPage","@id":"https:\/\/www.mascoteriagonzalito.cl\/index.php\/producto\/dentalife-purina-gato-40-grs\/","url":"https:\/\/www.mascoteriagonzalito.cl\/index.php\/producto\/dentalife-purina-gato-40-grs\/","name":"DENTALIFE PURINA GATO 40 GRS - Mascoter\u00eda Gonzalito","isPartOf":{"@id":"https:\/\/www.mascoteriagonzalito.cl\/#website"},"primaryImageOfPage":{"@id":"https:\/\/www.mascoteriagonzalito.cl\/index.php\/producto\/dentalife-purina-gato-40-grs\/#primaryimage"},"image":{"@id":"https:\/\/www.mascoteriagonzalito.cl\/index.php\/producto\/dentalife-purina-gato-40-grs\/#primaryimage"},"thumbnailUrl":"https:\/\/www.mascoteriagonzalito.cl\/wp-content\/uploads\/2026\/02\/Purina-Snack-Dentalife-Gato-40g.jpg.webp","datePublished":"2026-02-21T16:09:07+00:00","dateModified":"2026-04-12T20:16:20+00:00","breadcrumb":{"@id":"https:\/\/www.mascoteriagonzalito.cl\/index.php\/producto\/dentalife-purina-gato-40-grs\/#breadcrumb"},"inLanguage":"es","potentialAction":[{"@type":"ReadAction","target":["https:\/\/www.mascoteriagonzalito.cl\/index.php\/producto\/dentalife-purina-gato-40-grs\/"]}]},{"@type":"ImageObject","inLanguage":"es","@id":"https:\/\/www.mascoteriagonzalito.cl\/index.php\/producto\/dentalife-purina-gato-40-grs\/#primaryimage","url":"https:\/\/www.mascoteriagonzalito.cl\/wp-content\/uploads\/2026\/02\/Purina-Snack-Dentalife-Gato-40g.jpg.webp","contentUrl":"https:\/\/www.mascoteriagonzalito.cl\/wp-content\/uploads\/2026\/02\/Purina-Snack-Dentalife-Gato-40g.jpg.webp","width":800,"height":800},{"@type":"BreadcrumbList","@id":"https:\/\/www.mascoteriagonzalito.cl\/index.php\/producto\/dentalife-purina-gato-40-grs\/#breadcrumb","itemListElement":[{"@type":"ListItem","position":1,"name":"Portada","item":"https:\/\/www.mascoteriagonzalito.cl\/"},{"@type":"ListItem","position":2,"name":"Tienda","item":"https:\/\/www.mascoteriagonzalito.cl\/index.php\/tienda\/"},{"@type":"ListItem","position":3,"name":"DENTALIFE PURINA GATO 40 GRS"}]},{"@type":"WebSite","@id":"https:\/\/www.mascoteriagonzalito.cl\/#website","url":"https:\/\/www.mascoteriagonzalito.cl\/","name":"Mascoter\u00eda Gonzalito","description":"Alimentos y accesorios para mascotas","publisher":{"@id":"https:\/\/www.mascoteriagonzalito.cl\/#organization"},"potentialAction":[{"@type":"SearchAction","target":{"@type":"EntryPoint","urlTemplate":"https:\/\/www.mascoteriagonzalito.cl\/?s={search_term_string}"},"query-input":{"@type":"PropertyValueSpecification","valueRequired":true,"valueName":"search_term_string"}}],"inLanguage":"es"},{"@type":"Organization","@id":"https:\/\/www.mascoteriagonzalito.cl\/#organization","name":"Mascoter\u00eda Gonzalito","url":"https:\/\/www.mascoteriagonzalito.cl\/","logo":{"@type":"ImageObject","inLanguage":"es","@id":"https:\/\/www.mascoteriagonzalito.cl\/#\/schema\/logo\/image\/","url":"https:\/\/www.mascoteriagonzalito.cl\/wp-content\/uploads\/2025\/01\/IMG-20250113-WA0002-copia.png","contentUrl":"https:\/\/www.mascoteriagonzalito.cl\/wp-content\/uploads\/2025\/01\/IMG-20250113-WA0002-copia.png","width":1600,"height":1600,"caption":"Mascoter\u00eda Gonzalito"},"image":{"@id":"https:\/\/www.mascoteriagonzalito.cl\/#\/schema\/logo\/image\/"},"sameAs":["https:\/\/www.facebook.com\/mascoteria.gonzalito\/"]}]}},"_links":{"self":[{"href":"https:\/\/www.mascoteriagonzalito.cl\/index.php\/wp-json\/wp\/v2\/product\/6284","targetHints":{"allow":["GET"]}}],"collection":[{"href":"https:\/\/www.mascoteriagonzalito.cl\/index.php\/wp-json\/wp\/v2\/product"}],"about":[{"href":"https:\/\/www.mascoteriagonzalito.cl\/index.php\/wp-json\/wp\/v2\/types\/product"}],"replies":[{"embeddable":true,"href":"https:\/\/www.mascoteriagonzalito.cl\/index.php\/wp-json\/wp\/v2\/comments?post=6284"}],"wp:featuredmedia":[{"embeddable":true,"href":"https:\/\/www.mascoteriagonzalito.cl\/index.php\/wp-json\/wp\/v2\/media\/6285"}],"wp:attachment":[{"href":"https:\/\/www.mascoteriagonzalito.cl\/index.php\/wp-json\/wp\/v2\/media?parent=6284"}],"wp:term":[{"taxonomy":"product_brand","embeddable":true,"href":"https:\/\/www.mascoteriagonzalito.cl\/index.php\/wp-json\/wp\/v2\/product_brand?post=6284"},{"taxonomy":"product_cat","embeddable":true,"href":"https:\/\/www.mascoteriagonzalito.cl\/index.php\/wp-json\/wp\/v2\/product_cat?post=6284"},{"taxonomy":"product_tag","embeddable":true,"href":"https:\/\/www.mascoteriagonzalito.cl\/index.php\/wp-json\/wp\/v2\/product_tag?post=6284"}],"curies":[{"name":"wp","href":"https:\/\/api.w.org\/{rel}","templated":true}]}}