{"id":5752,"date":"2026-02-12T13:54:27","date_gmt":"2026-02-12T13:54:27","guid":{"rendered":"https:\/\/www.mascoteriagonzalito.cl\/?post_type=product&#038;p=5752"},"modified":"2026-02-25T20:44:36","modified_gmt":"2026-02-25T20:44:36","slug":"bravery-herring-senior-large-medium-breeds-12-kg","status":"publish","type":"product","link":"https:\/\/www.mascoteriagonzalito.cl\/index.php\/producto\/bravery-herring-senior-large-medium-breeds-12-kg\/","title":{"rendered":"BRAVERY HERRING SENIOR LARGE\/MEDIUM BREEDS 12 KG"},"content":{"rendered":"<p>Bravery Herring Senior Large\/Medium Breeds 12KG ha sido desarrollado para evitar los trastornos alimentarios m\u00e1s comunes en nuestras mascotas, adem\u00e1s de mejorar su salud y calidad de vida.<\/p>\n<p>La gama de BRAVERY, cubre todas las necesidades nutricionales de nuestras mascotas seg\u00fan su tama\u00f1o y fase de crecimiento. Utilizan una \u00fanica fuente de prote\u00edna animal en cada producto, disminuyendo la alergenicidad del alimento. Y nuestra carne es deshidratada como primer ingrediente.<\/p>\n<h4>Composici\u00f3n del Bravery Herring Senior Large\/Medium Breeds 12KG:<\/h4>\n<ul>\n<li>\u00a0Arenque deshidratado, tapioca, grasa de ave, guisantes, levadura y extracto de levadura-Saccharomyces cerevisiae, boniato, vaina de algarroba, pulpa de remolacha, aceite de pescado, prote\u00edna de patata, Inulina, celulosa natural, minerales, fibra diet\u00e9tica soluble extra\u00edda de Pl\u00e1ntago ovata, aceites esenciales, hidrolizado de crust\u00e1ceos, hidrolizado de cart\u00edlago, yuca, concentrado de zumo de mel\u00f3n liofilizado.<\/li>\n<\/ul>\n<h4>Gu\u00eda de Alimentaci\u00f3n:<\/h4>\n<p><img decoding=\"async\" class=\"lazyload alignnone wp-image-487435\" src=\"data:image\/svg+xml,%3Csvg%20xmlns%3D%27http%3A%2F%2Fwww.w3.org%2F2000%2Fsvg%27%20width%3D%27394%27%20height%3D%27202%27%20viewBox%3D%270%200%20394%20202%27%3E%3Crect%20width%3D%27394%27%20height%3D%27202%27%20fill-opacity%3D%220%22%2F%3E%3C%2Fsvg%3E\" data-orig-src=\"https:\/\/www.tusmascotas.cl\/wp-content\/uploads\/2024\/05\/Senior-L-M-1-300x154.png\" alt=\"\" width=\"394\" height=\"202\" \/><\/p>\n<h4>Componentes Anal\u00edticos del Bravery Herring Senior Large\/Medium Breeds 12KG:<\/h4>\n<ul>\n<li>Prote\u00edna bruta 27,00 %, Grasa bruta 13,00 %, Fibra bruta 6,00 %, Ceniza bruta 6,20 %, Calcio 1,00 %, F\u00f3sforo 0,85 %, Humedad 9,00 %, EPA+DHA 0,70 %, Glucosamina clorhidrato 820 mg\/kg, Condroit\u00edn sulfato 520 mg\/kg. Aditivos Vitamina A 24.200 U.I\/kg, Vitamina D-3 1.760 U.I\/kg, Vitamina E 506 mg\/kg, Vitamina C 220 mg\/kg, Biotina 2.200 mcg\/kg, L-Carnitina 200 mg\/kg, Cloruro de colina 2.300 mg\/kg, Taurina 1.600 mg\/kg, Hierro (Sulfato ferroso) 66 mg\/kg, Hierro 13 mg\/kg, Cobre\u00a0 5,5 mg\/kg, Cobre 3,7 mg\/kg, Manganeso 41 mg\/kg, Manganeso 13 mg\/kg, Zinc 83 mg\/kg, Zinc 50 mg\/kg, Iodo 2,2 mg\/kg, Selenio 0,12 mg\/kg, Selenio 0,12 mg\/kg. Aditivos tecnol\u00f3gicos: Antioxidantes naturales. Aditivos tecnol\u00f3gicos: Antioxidantes naturales (Aceites vegetales ricos en tocoferoles).<\/li>\n<\/ul>\n","protected":false},"excerpt":{"rendered":"<div class=\"woocommerce-product-details__short-description\">\n<p>Bravery Herring Senior Large\/Medium Breeds 12KG est\u00e1 formulado para brindar todos los nutrientes que tu mascota senior necesita, adem\u00e1s de tener un aporte m\u00e1s alto de Omega 3, Omega 6, Glucosamina y Condroitina. Pra un cuidado completo de tu mascota senior. Est\u00e1 elaborado con productos naturales sin utilizar ingredientes artificiales, trabajamos solo con ingredientes naturales cuidadosamente seleccionados.<\/p>\n<\/div>\n","protected":false},"featured_media":6540,"comment_status":"open","ping_status":"closed","template":"","meta":[],"product_brand":[95],"product_cat":[34],"product_tag":[],"class_list":{"0":"post-5752","1":"product","2":"type-product","3":"status-publish","4":"has-post-thumbnail","6":"product_brand-bravery","7":"product_cat-alimentos-perros","9":"first","10":"outofstock","11":"shipping-taxable","12":"purchasable","13":"product-type-simple"},"yoast_head":"<!-- This site is optimized with the Yoast SEO plugin v27.4 - https:\/\/yoast.com\/product\/yoast-seo-wordpress\/ -->\n<title>BRAVERY HERRING SENIOR LARGE\/MEDIUM BREEDS 12 KG - Mascoter\u00eda Gonzalito<\/title>\n<meta name=\"robots\" content=\"index, follow, max-snippet:-1, max-image-preview:large, max-video-preview:-1\" \/>\n<link rel=\"canonical\" href=\"https:\/\/www.mascoteriagonzalito.cl\/index.php\/producto\/bravery-herring-senior-large-medium-breeds-12-kg\/\" \/>\n<meta property=\"og:locale\" content=\"es_ES\" \/>\n<meta property=\"og:type\" content=\"article\" \/>\n<meta property=\"og:title\" content=\"BRAVERY HERRING SENIOR LARGE\/MEDIUM BREEDS 12 KG - Mascoter\u00eda Gonzalito\" \/>\n<meta property=\"og:description\" content=\"Bravery Herring Senior Large\/Medium Breeds 12KG est\u00e1 formulado para brindar todos los nutrientes que tu mascota senior necesita, adem\u00e1s de tener un aporte m\u00e1s alto de Omega 3, Omega 6, Glucosamina y Condroitina. Pra un cuidado completo de tu mascota senior. Est\u00e1 elaborado con productos naturales sin utilizar ingredientes artificiales, trabajamos solo con ingredientes naturales cuidadosamente seleccionados.\" \/>\n<meta property=\"og:url\" content=\"https:\/\/www.mascoteriagonzalito.cl\/index.php\/producto\/bravery-herring-senior-large-medium-breeds-12-kg\/\" \/>\n<meta property=\"og:site_name\" content=\"Mascoter\u00eda Gonzalito\" \/>\n<meta property=\"article:publisher\" content=\"https:\/\/www.facebook.com\/mascoteria.gonzalito\/\" \/>\n<meta property=\"article:modified_time\" content=\"2026-02-25T20:44:36+00:00\" \/>\n<meta property=\"og:image\" content=\"https:\/\/www.mascoteriagonzalito.cl\/wp-content\/uploads\/2026\/02\/8436600821066-1.png\" \/>\n\t<meta property=\"og:image:width\" content=\"800\" \/>\n\t<meta property=\"og:image:height\" content=\"800\" \/>\n\t<meta property=\"og:image:type\" content=\"image\/png\" \/>\n<meta name=\"twitter:card\" content=\"summary_large_image\" \/>\n<meta name=\"twitter:label1\" content=\"Tiempo de lectura\" \/>\n\t<meta name=\"twitter:data1\" content=\"1 minuto\" \/>\n<script type=\"application\/ld+json\" class=\"yoast-schema-graph\">{\"@context\":\"https:\\\/\\\/schema.org\",\"@graph\":[{\"@type\":\"WebPage\",\"@id\":\"https:\\\/\\\/www.mascoteriagonzalito.cl\\\/index.php\\\/producto\\\/bravery-herring-senior-large-medium-breeds-12-kg\\\/\",\"url\":\"https:\\\/\\\/www.mascoteriagonzalito.cl\\\/index.php\\\/producto\\\/bravery-herring-senior-large-medium-breeds-12-kg\\\/\",\"name\":\"BRAVERY HERRING SENIOR LARGE\\\/MEDIUM BREEDS 12 KG - Mascoter\u00eda Gonzalito\",\"isPartOf\":{\"@id\":\"https:\\\/\\\/www.mascoteriagonzalito.cl\\\/#website\"},\"primaryImageOfPage\":{\"@id\":\"https:\\\/\\\/www.mascoteriagonzalito.cl\\\/index.php\\\/producto\\\/bravery-herring-senior-large-medium-breeds-12-kg\\\/#primaryimage\"},\"image\":{\"@id\":\"https:\\\/\\\/www.mascoteriagonzalito.cl\\\/index.php\\\/producto\\\/bravery-herring-senior-large-medium-breeds-12-kg\\\/#primaryimage\"},\"thumbnailUrl\":\"https:\\\/\\\/www.mascoteriagonzalito.cl\\\/wp-content\\\/uploads\\\/2026\\\/02\\\/8436600821066-1.png\",\"datePublished\":\"2026-02-12T13:54:27+00:00\",\"dateModified\":\"2026-02-25T20:44:36+00:00\",\"breadcrumb\":{\"@id\":\"https:\\\/\\\/www.mascoteriagonzalito.cl\\\/index.php\\\/producto\\\/bravery-herring-senior-large-medium-breeds-12-kg\\\/#breadcrumb\"},\"inLanguage\":\"es\",\"potentialAction\":[{\"@type\":\"ReadAction\",\"target\":[\"https:\\\/\\\/www.mascoteriagonzalito.cl\\\/index.php\\\/producto\\\/bravery-herring-senior-large-medium-breeds-12-kg\\\/\"]}]},{\"@type\":\"ImageObject\",\"inLanguage\":\"es\",\"@id\":\"https:\\\/\\\/www.mascoteriagonzalito.cl\\\/index.php\\\/producto\\\/bravery-herring-senior-large-medium-breeds-12-kg\\\/#primaryimage\",\"url\":\"https:\\\/\\\/www.mascoteriagonzalito.cl\\\/wp-content\\\/uploads\\\/2026\\\/02\\\/8436600821066-1.png\",\"contentUrl\":\"https:\\\/\\\/www.mascoteriagonzalito.cl\\\/wp-content\\\/uploads\\\/2026\\\/02\\\/8436600821066-1.png\",\"width\":800,\"height\":800},{\"@type\":\"BreadcrumbList\",\"@id\":\"https:\\\/\\\/www.mascoteriagonzalito.cl\\\/index.php\\\/producto\\\/bravery-herring-senior-large-medium-breeds-12-kg\\\/#breadcrumb\",\"itemListElement\":[{\"@type\":\"ListItem\",\"position\":1,\"name\":\"Portada\",\"item\":\"https:\\\/\\\/www.mascoteriagonzalito.cl\\\/\"},{\"@type\":\"ListItem\",\"position\":2,\"name\":\"Tienda\",\"item\":\"https:\\\/\\\/www.mascoteriagonzalito.cl\\\/index.php\\\/tienda\\\/\"},{\"@type\":\"ListItem\",\"position\":3,\"name\":\"BRAVERY HERRING SENIOR LARGE\\\/MEDIUM BREEDS 12 KG\"}]},{\"@type\":\"WebSite\",\"@id\":\"https:\\\/\\\/www.mascoteriagonzalito.cl\\\/#website\",\"url\":\"https:\\\/\\\/www.mascoteriagonzalito.cl\\\/\",\"name\":\"Mascoter\u00eda Gonzalito\",\"description\":\"Alimentos y accesorios para mascotas\",\"publisher\":{\"@id\":\"https:\\\/\\\/www.mascoteriagonzalito.cl\\\/#organization\"},\"potentialAction\":[{\"@type\":\"SearchAction\",\"target\":{\"@type\":\"EntryPoint\",\"urlTemplate\":\"https:\\\/\\\/www.mascoteriagonzalito.cl\\\/?s={search_term_string}\"},\"query-input\":{\"@type\":\"PropertyValueSpecification\",\"valueRequired\":true,\"valueName\":\"search_term_string\"}}],\"inLanguage\":\"es\"},{\"@type\":\"Organization\",\"@id\":\"https:\\\/\\\/www.mascoteriagonzalito.cl\\\/#organization\",\"name\":\"Mascoter\u00eda Gonzalito\",\"url\":\"https:\\\/\\\/www.mascoteriagonzalito.cl\\\/\",\"logo\":{\"@type\":\"ImageObject\",\"inLanguage\":\"es\",\"@id\":\"https:\\\/\\\/www.mascoteriagonzalito.cl\\\/#\\\/schema\\\/logo\\\/image\\\/\",\"url\":\"https:\\\/\\\/www.mascoteriagonzalito.cl\\\/wp-content\\\/uploads\\\/2025\\\/01\\\/IMG-20250113-WA0002-copia.png\",\"contentUrl\":\"https:\\\/\\\/www.mascoteriagonzalito.cl\\\/wp-content\\\/uploads\\\/2025\\\/01\\\/IMG-20250113-WA0002-copia.png\",\"width\":1600,\"height\":1600,\"caption\":\"Mascoter\u00eda Gonzalito\"},\"image\":{\"@id\":\"https:\\\/\\\/www.mascoteriagonzalito.cl\\\/#\\\/schema\\\/logo\\\/image\\\/\"},\"sameAs\":[\"https:\\\/\\\/www.facebook.com\\\/mascoteria.gonzalito\\\/\"]}]}<\/script>\n<!-- \/ Yoast SEO plugin. -->","yoast_head_json":{"title":"BRAVERY HERRING SENIOR LARGE\/MEDIUM BREEDS 12 KG - Mascoter\u00eda Gonzalito","robots":{"index":"index","follow":"follow","max-snippet":"max-snippet:-1","max-image-preview":"max-image-preview:large","max-video-preview":"max-video-preview:-1"},"canonical":"https:\/\/www.mascoteriagonzalito.cl\/index.php\/producto\/bravery-herring-senior-large-medium-breeds-12-kg\/","og_locale":"es_ES","og_type":"article","og_title":"BRAVERY HERRING SENIOR LARGE\/MEDIUM BREEDS 12 KG - Mascoter\u00eda Gonzalito","og_description":"Bravery Herring Senior Large\/Medium Breeds 12KG est\u00e1 formulado para brindar todos los nutrientes que tu mascota senior necesita, adem\u00e1s de tener un aporte m\u00e1s alto de Omega 3, Omega 6, Glucosamina y Condroitina. Pra un cuidado completo de tu mascota senior. Est\u00e1 elaborado con productos naturales sin utilizar ingredientes artificiales, trabajamos solo con ingredientes naturales cuidadosamente seleccionados.","og_url":"https:\/\/www.mascoteriagonzalito.cl\/index.php\/producto\/bravery-herring-senior-large-medium-breeds-12-kg\/","og_site_name":"Mascoter\u00eda Gonzalito","article_publisher":"https:\/\/www.facebook.com\/mascoteria.gonzalito\/","article_modified_time":"2026-02-25T20:44:36+00:00","og_image":[{"width":800,"height":800,"url":"https:\/\/www.mascoteriagonzalito.cl\/wp-content\/uploads\/2026\/02\/8436600821066-1.png","type":"image\/png"}],"twitter_card":"summary_large_image","twitter_misc":{"Tiempo de lectura":"1 minuto"},"schema":{"@context":"https:\/\/schema.org","@graph":[{"@type":"WebPage","@id":"https:\/\/www.mascoteriagonzalito.cl\/index.php\/producto\/bravery-herring-senior-large-medium-breeds-12-kg\/","url":"https:\/\/www.mascoteriagonzalito.cl\/index.php\/producto\/bravery-herring-senior-large-medium-breeds-12-kg\/","name":"BRAVERY HERRING SENIOR LARGE\/MEDIUM BREEDS 12 KG - Mascoter\u00eda Gonzalito","isPartOf":{"@id":"https:\/\/www.mascoteriagonzalito.cl\/#website"},"primaryImageOfPage":{"@id":"https:\/\/www.mascoteriagonzalito.cl\/index.php\/producto\/bravery-herring-senior-large-medium-breeds-12-kg\/#primaryimage"},"image":{"@id":"https:\/\/www.mascoteriagonzalito.cl\/index.php\/producto\/bravery-herring-senior-large-medium-breeds-12-kg\/#primaryimage"},"thumbnailUrl":"https:\/\/www.mascoteriagonzalito.cl\/wp-content\/uploads\/2026\/02\/8436600821066-1.png","datePublished":"2026-02-12T13:54:27+00:00","dateModified":"2026-02-25T20:44:36+00:00","breadcrumb":{"@id":"https:\/\/www.mascoteriagonzalito.cl\/index.php\/producto\/bravery-herring-senior-large-medium-breeds-12-kg\/#breadcrumb"},"inLanguage":"es","potentialAction":[{"@type":"ReadAction","target":["https:\/\/www.mascoteriagonzalito.cl\/index.php\/producto\/bravery-herring-senior-large-medium-breeds-12-kg\/"]}]},{"@type":"ImageObject","inLanguage":"es","@id":"https:\/\/www.mascoteriagonzalito.cl\/index.php\/producto\/bravery-herring-senior-large-medium-breeds-12-kg\/#primaryimage","url":"https:\/\/www.mascoteriagonzalito.cl\/wp-content\/uploads\/2026\/02\/8436600821066-1.png","contentUrl":"https:\/\/www.mascoteriagonzalito.cl\/wp-content\/uploads\/2026\/02\/8436600821066-1.png","width":800,"height":800},{"@type":"BreadcrumbList","@id":"https:\/\/www.mascoteriagonzalito.cl\/index.php\/producto\/bravery-herring-senior-large-medium-breeds-12-kg\/#breadcrumb","itemListElement":[{"@type":"ListItem","position":1,"name":"Portada","item":"https:\/\/www.mascoteriagonzalito.cl\/"},{"@type":"ListItem","position":2,"name":"Tienda","item":"https:\/\/www.mascoteriagonzalito.cl\/index.php\/tienda\/"},{"@type":"ListItem","position":3,"name":"BRAVERY HERRING SENIOR LARGE\/MEDIUM BREEDS 12 KG"}]},{"@type":"WebSite","@id":"https:\/\/www.mascoteriagonzalito.cl\/#website","url":"https:\/\/www.mascoteriagonzalito.cl\/","name":"Mascoter\u00eda Gonzalito","description":"Alimentos y accesorios para mascotas","publisher":{"@id":"https:\/\/www.mascoteriagonzalito.cl\/#organization"},"potentialAction":[{"@type":"SearchAction","target":{"@type":"EntryPoint","urlTemplate":"https:\/\/www.mascoteriagonzalito.cl\/?s={search_term_string}"},"query-input":{"@type":"PropertyValueSpecification","valueRequired":true,"valueName":"search_term_string"}}],"inLanguage":"es"},{"@type":"Organization","@id":"https:\/\/www.mascoteriagonzalito.cl\/#organization","name":"Mascoter\u00eda Gonzalito","url":"https:\/\/www.mascoteriagonzalito.cl\/","logo":{"@type":"ImageObject","inLanguage":"es","@id":"https:\/\/www.mascoteriagonzalito.cl\/#\/schema\/logo\/image\/","url":"https:\/\/www.mascoteriagonzalito.cl\/wp-content\/uploads\/2025\/01\/IMG-20250113-WA0002-copia.png","contentUrl":"https:\/\/www.mascoteriagonzalito.cl\/wp-content\/uploads\/2025\/01\/IMG-20250113-WA0002-copia.png","width":1600,"height":1600,"caption":"Mascoter\u00eda Gonzalito"},"image":{"@id":"https:\/\/www.mascoteriagonzalito.cl\/#\/schema\/logo\/image\/"},"sameAs":["https:\/\/www.facebook.com\/mascoteria.gonzalito\/"]}]}},"_links":{"self":[{"href":"https:\/\/www.mascoteriagonzalito.cl\/index.php\/wp-json\/wp\/v2\/product\/5752","targetHints":{"allow":["GET"]}}],"collection":[{"href":"https:\/\/www.mascoteriagonzalito.cl\/index.php\/wp-json\/wp\/v2\/product"}],"about":[{"href":"https:\/\/www.mascoteriagonzalito.cl\/index.php\/wp-json\/wp\/v2\/types\/product"}],"replies":[{"embeddable":true,"href":"https:\/\/www.mascoteriagonzalito.cl\/index.php\/wp-json\/wp\/v2\/comments?post=5752"}],"wp:featuredmedia":[{"embeddable":true,"href":"https:\/\/www.mascoteriagonzalito.cl\/index.php\/wp-json\/wp\/v2\/media\/6540"}],"wp:attachment":[{"href":"https:\/\/www.mascoteriagonzalito.cl\/index.php\/wp-json\/wp\/v2\/media?parent=5752"}],"wp:term":[{"taxonomy":"product_brand","embeddable":true,"href":"https:\/\/www.mascoteriagonzalito.cl\/index.php\/wp-json\/wp\/v2\/product_brand?post=5752"},{"taxonomy":"product_cat","embeddable":true,"href":"https:\/\/www.mascoteriagonzalito.cl\/index.php\/wp-json\/wp\/v2\/product_cat?post=5752"},{"taxonomy":"product_tag","embeddable":true,"href":"https:\/\/www.mascoteriagonzalito.cl\/index.php\/wp-json\/wp\/v2\/product_tag?post=5752"}],"curies":[{"name":"wp","href":"https:\/\/api.w.org\/{rel}","templated":true}]}}