{"id":5658,"date":"2026-02-09T21:17:21","date_gmt":"2026-02-09T21:17:21","guid":{"rendered":"https:\/\/www.mascoteriagonzalito.cl\/?post_type=product&#038;p=5658"},"modified":"2026-02-20T17:27:25","modified_gmt":"2026-02-20T17:27:25","slug":"skindrag-ceramida-shampoo-250-ml","status":"publish","type":"product","link":"https:\/\/www.mascoteriagonzalito.cl\/index.php\/producto\/skindrag-ceramida-shampoo-250-ml\/","title":{"rendered":"SKINDRAG CERAMIDA SHAMPOO 250 ML"},"content":{"rendered":"<h4>MODO DE APLICACION<\/h4>\n<ul>\n<li>Moje completamente el pelaje de su mascota con agua tibia.<\/li>\n<li>Aplicar suficiente cantidad de SKINDRAG Ceramidas para cubrir todo el pelo.<\/li>\n<li>Masajear hasta obtener abundante espuma.<\/li>\n<li>Enjuagar con abundante agua tibia.<\/li>\n<\/ul>\n<h4>CERAMIDAS A2<\/h4>\n<p>La principal funcion de la ceramidas A2 es fortalecer la celulas de la piel y el pelo, desde su primer uso repara el pelaje da\u00f1ado, quebradizo y sensible.<\/p>\n<p>Regulan la hidratacion cutanea: se integra en la estructrura interna de los lipidos internos del estrato corneo de la epidermis y del pelo, gracias a ello se mantiene la piel hidratada y flexible<\/p>\n<p>Refuerzan la cohesion de las celulas cuticulares del pelo, logrando un pelaje brillante y suave.<\/p>\n<h4>PRECAUCIONES<\/h4>\n<p>Tener cuidado de no aplicar shampoo directamente en ojos y\/o mucosas. En caso de irritaci\u00f3n, lavar con abundante agua.<\/p>\n<h4>ADVERTENCIA<\/h4>\n<p>Mantener fuera del alcance de los ni\u00f1os.<\/p>\n","protected":false},"excerpt":{"rendered":"<div class=\"woocommerce-product-details__short-description\">\n<p>Los shampoo de l\u00ednea Skindrag est\u00e1n formulados a base de extractos naturales, siendo un producto seguro y de gran calidad para tu perro. El Shampoo SkinDrag Ceramidas, es un shampoo desarrollado con Ceramidas A2, \u00e1cido graso que le otorga\u00a0 propiedades protectoras y reparadoras de la estructura del pelo de tu perro. Es hipoalerg\u00e9nico y su uso continuo otorga fuerza y luminosidad, devolviendo brillo y suavidad al pelaje de su mascota. El Shampoo SkinDrag Ceramidas es un Shampoo Premium con Esencia de Cranberries que brindara Reparaci\u00f3n y Brillo.<\/p>\n<\/div>\n","protected":false},"featured_media":6197,"comment_status":"open","ping_status":"closed","template":"","meta":[],"product_brand":[153],"product_cat":[36],"product_tag":[],"class_list":{"0":"post-5658","1":"product","2":"type-product","3":"status-publish","4":"has-post-thumbnail","6":"product_brand-drag-pharma","7":"product_cat-linea-higiene-perro","9":"first","10":"instock","11":"shipping-taxable","12":"purchasable","13":"product-type-simple"},"yoast_head":"<!-- This site is optimized with the Yoast SEO plugin v27.4 - https:\/\/yoast.com\/product\/yoast-seo-wordpress\/ -->\n<title>SKINDRAG CERAMIDA SHAMPOO 250 ML - Mascoter\u00eda Gonzalito<\/title>\n<meta name=\"robots\" content=\"index, follow, max-snippet:-1, max-image-preview:large, max-video-preview:-1\" \/>\n<link rel=\"canonical\" href=\"https:\/\/www.mascoteriagonzalito.cl\/index.php\/producto\/skindrag-ceramida-shampoo-250-ml\/\" \/>\n<meta property=\"og:locale\" content=\"es_ES\" \/>\n<meta property=\"og:type\" content=\"article\" \/>\n<meta property=\"og:title\" content=\"SKINDRAG CERAMIDA SHAMPOO 250 ML - Mascoter\u00eda Gonzalito\" \/>\n<meta property=\"og:description\" content=\"Los shampoo de l\u00ednea Skindrag est\u00e1n formulados a base de extractos naturales, siendo un producto seguro y de gran calidad para tu perro. El Shampoo SkinDrag Ceramidas, es un shampoo desarrollado con Ceramidas A2, \u00e1cido graso que le otorga\u00a0 propiedades protectoras y reparadoras de la estructura del pelo de tu perro. Es hipoalerg\u00e9nico y su uso continuo otorga fuerza y luminosidad, devolviendo brillo y suavidad al pelaje de su mascota. El Shampoo SkinDrag Ceramidas es un Shampoo Premium con Esencia de Cranberries que brindara Reparaci\u00f3n y Brillo.\" \/>\n<meta property=\"og:url\" content=\"https:\/\/www.mascoteriagonzalito.cl\/index.php\/producto\/skindrag-ceramida-shampoo-250-ml\/\" \/>\n<meta property=\"og:site_name\" content=\"Mascoter\u00eda Gonzalito\" \/>\n<meta property=\"article:publisher\" content=\"https:\/\/www.facebook.com\/mascoteria.gonzalito\/\" \/>\n<meta property=\"article:modified_time\" content=\"2026-02-20T17:27:25+00:00\" \/>\n<meta property=\"og:image\" content=\"https:\/\/www.mascoteriagonzalito.cl\/wp-content\/uploads\/2026\/02\/7800006008856.png.webp\" \/>\n\t<meta property=\"og:image:width\" content=\"800\" \/>\n\t<meta property=\"og:image:height\" content=\"800\" \/>\n\t<meta property=\"og:image:type\" content=\"image\/webp\" \/>\n<meta name=\"twitter:card\" content=\"summary_large_image\" \/>\n<meta name=\"twitter:label1\" content=\"Tiempo de lectura\" \/>\n\t<meta name=\"twitter:data1\" content=\"1 minuto\" \/>\n<script type=\"application\/ld+json\" class=\"yoast-schema-graph\">{\"@context\":\"https:\\\/\\\/schema.org\",\"@graph\":[{\"@type\":\"WebPage\",\"@id\":\"https:\\\/\\\/www.mascoteriagonzalito.cl\\\/index.php\\\/producto\\\/skindrag-ceramida-shampoo-250-ml\\\/\",\"url\":\"https:\\\/\\\/www.mascoteriagonzalito.cl\\\/index.php\\\/producto\\\/skindrag-ceramida-shampoo-250-ml\\\/\",\"name\":\"SKINDRAG CERAMIDA SHAMPOO 250 ML - Mascoter\u00eda Gonzalito\",\"isPartOf\":{\"@id\":\"https:\\\/\\\/www.mascoteriagonzalito.cl\\\/#website\"},\"primaryImageOfPage\":{\"@id\":\"https:\\\/\\\/www.mascoteriagonzalito.cl\\\/index.php\\\/producto\\\/skindrag-ceramida-shampoo-250-ml\\\/#primaryimage\"},\"image\":{\"@id\":\"https:\\\/\\\/www.mascoteriagonzalito.cl\\\/index.php\\\/producto\\\/skindrag-ceramida-shampoo-250-ml\\\/#primaryimage\"},\"thumbnailUrl\":\"https:\\\/\\\/www.mascoteriagonzalito.cl\\\/wp-content\\\/uploads\\\/2026\\\/02\\\/7800006008856.png.webp\",\"datePublished\":\"2026-02-09T21:17:21+00:00\",\"dateModified\":\"2026-02-20T17:27:25+00:00\",\"breadcrumb\":{\"@id\":\"https:\\\/\\\/www.mascoteriagonzalito.cl\\\/index.php\\\/producto\\\/skindrag-ceramida-shampoo-250-ml\\\/#breadcrumb\"},\"inLanguage\":\"es\",\"potentialAction\":[{\"@type\":\"ReadAction\",\"target\":[\"https:\\\/\\\/www.mascoteriagonzalito.cl\\\/index.php\\\/producto\\\/skindrag-ceramida-shampoo-250-ml\\\/\"]}]},{\"@type\":\"ImageObject\",\"inLanguage\":\"es\",\"@id\":\"https:\\\/\\\/www.mascoteriagonzalito.cl\\\/index.php\\\/producto\\\/skindrag-ceramida-shampoo-250-ml\\\/#primaryimage\",\"url\":\"https:\\\/\\\/www.mascoteriagonzalito.cl\\\/wp-content\\\/uploads\\\/2026\\\/02\\\/7800006008856.png.webp\",\"contentUrl\":\"https:\\\/\\\/www.mascoteriagonzalito.cl\\\/wp-content\\\/uploads\\\/2026\\\/02\\\/7800006008856.png.webp\",\"width\":800,\"height\":800},{\"@type\":\"BreadcrumbList\",\"@id\":\"https:\\\/\\\/www.mascoteriagonzalito.cl\\\/index.php\\\/producto\\\/skindrag-ceramida-shampoo-250-ml\\\/#breadcrumb\",\"itemListElement\":[{\"@type\":\"ListItem\",\"position\":1,\"name\":\"Portada\",\"item\":\"https:\\\/\\\/www.mascoteriagonzalito.cl\\\/\"},{\"@type\":\"ListItem\",\"position\":2,\"name\":\"Tienda\",\"item\":\"https:\\\/\\\/www.mascoteriagonzalito.cl\\\/index.php\\\/tienda\\\/\"},{\"@type\":\"ListItem\",\"position\":3,\"name\":\"SKINDRAG CERAMIDA SHAMPOO 250 ML\"}]},{\"@type\":\"WebSite\",\"@id\":\"https:\\\/\\\/www.mascoteriagonzalito.cl\\\/#website\",\"url\":\"https:\\\/\\\/www.mascoteriagonzalito.cl\\\/\",\"name\":\"Mascoter\u00eda Gonzalito\",\"description\":\"Alimentos y accesorios para mascotas\",\"publisher\":{\"@id\":\"https:\\\/\\\/www.mascoteriagonzalito.cl\\\/#organization\"},\"potentialAction\":[{\"@type\":\"SearchAction\",\"target\":{\"@type\":\"EntryPoint\",\"urlTemplate\":\"https:\\\/\\\/www.mascoteriagonzalito.cl\\\/?s={search_term_string}\"},\"query-input\":{\"@type\":\"PropertyValueSpecification\",\"valueRequired\":true,\"valueName\":\"search_term_string\"}}],\"inLanguage\":\"es\"},{\"@type\":\"Organization\",\"@id\":\"https:\\\/\\\/www.mascoteriagonzalito.cl\\\/#organization\",\"name\":\"Mascoter\u00eda Gonzalito\",\"url\":\"https:\\\/\\\/www.mascoteriagonzalito.cl\\\/\",\"logo\":{\"@type\":\"ImageObject\",\"inLanguage\":\"es\",\"@id\":\"https:\\\/\\\/www.mascoteriagonzalito.cl\\\/#\\\/schema\\\/logo\\\/image\\\/\",\"url\":\"https:\\\/\\\/www.mascoteriagonzalito.cl\\\/wp-content\\\/uploads\\\/2025\\\/01\\\/IMG-20250113-WA0002-copia.png\",\"contentUrl\":\"https:\\\/\\\/www.mascoteriagonzalito.cl\\\/wp-content\\\/uploads\\\/2025\\\/01\\\/IMG-20250113-WA0002-copia.png\",\"width\":1600,\"height\":1600,\"caption\":\"Mascoter\u00eda Gonzalito\"},\"image\":{\"@id\":\"https:\\\/\\\/www.mascoteriagonzalito.cl\\\/#\\\/schema\\\/logo\\\/image\\\/\"},\"sameAs\":[\"https:\\\/\\\/www.facebook.com\\\/mascoteria.gonzalito\\\/\"]}]}<\/script>\n<!-- \/ Yoast SEO plugin. -->","yoast_head_json":{"title":"SKINDRAG CERAMIDA SHAMPOO 250 ML - Mascoter\u00eda Gonzalito","robots":{"index":"index","follow":"follow","max-snippet":"max-snippet:-1","max-image-preview":"max-image-preview:large","max-video-preview":"max-video-preview:-1"},"canonical":"https:\/\/www.mascoteriagonzalito.cl\/index.php\/producto\/skindrag-ceramida-shampoo-250-ml\/","og_locale":"es_ES","og_type":"article","og_title":"SKINDRAG CERAMIDA SHAMPOO 250 ML - Mascoter\u00eda Gonzalito","og_description":"Los shampoo de l\u00ednea Skindrag est\u00e1n formulados a base de extractos naturales, siendo un producto seguro y de gran calidad para tu perro. El Shampoo SkinDrag Ceramidas, es un shampoo desarrollado con Ceramidas A2, \u00e1cido graso que le otorga\u00a0 propiedades protectoras y reparadoras de la estructura del pelo de tu perro. Es hipoalerg\u00e9nico y su uso continuo otorga fuerza y luminosidad, devolviendo brillo y suavidad al pelaje de su mascota. El Shampoo SkinDrag Ceramidas es un Shampoo Premium con Esencia de Cranberries que brindara Reparaci\u00f3n y Brillo.","og_url":"https:\/\/www.mascoteriagonzalito.cl\/index.php\/producto\/skindrag-ceramida-shampoo-250-ml\/","og_site_name":"Mascoter\u00eda Gonzalito","article_publisher":"https:\/\/www.facebook.com\/mascoteria.gonzalito\/","article_modified_time":"2026-02-20T17:27:25+00:00","og_image":[{"width":800,"height":800,"url":"https:\/\/www.mascoteriagonzalito.cl\/wp-content\/uploads\/2026\/02\/7800006008856.png.webp","type":"image\/webp"}],"twitter_card":"summary_large_image","twitter_misc":{"Tiempo de lectura":"1 minuto"},"schema":{"@context":"https:\/\/schema.org","@graph":[{"@type":"WebPage","@id":"https:\/\/www.mascoteriagonzalito.cl\/index.php\/producto\/skindrag-ceramida-shampoo-250-ml\/","url":"https:\/\/www.mascoteriagonzalito.cl\/index.php\/producto\/skindrag-ceramida-shampoo-250-ml\/","name":"SKINDRAG CERAMIDA SHAMPOO 250 ML - Mascoter\u00eda Gonzalito","isPartOf":{"@id":"https:\/\/www.mascoteriagonzalito.cl\/#website"},"primaryImageOfPage":{"@id":"https:\/\/www.mascoteriagonzalito.cl\/index.php\/producto\/skindrag-ceramida-shampoo-250-ml\/#primaryimage"},"image":{"@id":"https:\/\/www.mascoteriagonzalito.cl\/index.php\/producto\/skindrag-ceramida-shampoo-250-ml\/#primaryimage"},"thumbnailUrl":"https:\/\/www.mascoteriagonzalito.cl\/wp-content\/uploads\/2026\/02\/7800006008856.png.webp","datePublished":"2026-02-09T21:17:21+00:00","dateModified":"2026-02-20T17:27:25+00:00","breadcrumb":{"@id":"https:\/\/www.mascoteriagonzalito.cl\/index.php\/producto\/skindrag-ceramida-shampoo-250-ml\/#breadcrumb"},"inLanguage":"es","potentialAction":[{"@type":"ReadAction","target":["https:\/\/www.mascoteriagonzalito.cl\/index.php\/producto\/skindrag-ceramida-shampoo-250-ml\/"]}]},{"@type":"ImageObject","inLanguage":"es","@id":"https:\/\/www.mascoteriagonzalito.cl\/index.php\/producto\/skindrag-ceramida-shampoo-250-ml\/#primaryimage","url":"https:\/\/www.mascoteriagonzalito.cl\/wp-content\/uploads\/2026\/02\/7800006008856.png.webp","contentUrl":"https:\/\/www.mascoteriagonzalito.cl\/wp-content\/uploads\/2026\/02\/7800006008856.png.webp","width":800,"height":800},{"@type":"BreadcrumbList","@id":"https:\/\/www.mascoteriagonzalito.cl\/index.php\/producto\/skindrag-ceramida-shampoo-250-ml\/#breadcrumb","itemListElement":[{"@type":"ListItem","position":1,"name":"Portada","item":"https:\/\/www.mascoteriagonzalito.cl\/"},{"@type":"ListItem","position":2,"name":"Tienda","item":"https:\/\/www.mascoteriagonzalito.cl\/index.php\/tienda\/"},{"@type":"ListItem","position":3,"name":"SKINDRAG CERAMIDA SHAMPOO 250 ML"}]},{"@type":"WebSite","@id":"https:\/\/www.mascoteriagonzalito.cl\/#website","url":"https:\/\/www.mascoteriagonzalito.cl\/","name":"Mascoter\u00eda Gonzalito","description":"Alimentos y accesorios para mascotas","publisher":{"@id":"https:\/\/www.mascoteriagonzalito.cl\/#organization"},"potentialAction":[{"@type":"SearchAction","target":{"@type":"EntryPoint","urlTemplate":"https:\/\/www.mascoteriagonzalito.cl\/?s={search_term_string}"},"query-input":{"@type":"PropertyValueSpecification","valueRequired":true,"valueName":"search_term_string"}}],"inLanguage":"es"},{"@type":"Organization","@id":"https:\/\/www.mascoteriagonzalito.cl\/#organization","name":"Mascoter\u00eda Gonzalito","url":"https:\/\/www.mascoteriagonzalito.cl\/","logo":{"@type":"ImageObject","inLanguage":"es","@id":"https:\/\/www.mascoteriagonzalito.cl\/#\/schema\/logo\/image\/","url":"https:\/\/www.mascoteriagonzalito.cl\/wp-content\/uploads\/2025\/01\/IMG-20250113-WA0002-copia.png","contentUrl":"https:\/\/www.mascoteriagonzalito.cl\/wp-content\/uploads\/2025\/01\/IMG-20250113-WA0002-copia.png","width":1600,"height":1600,"caption":"Mascoter\u00eda Gonzalito"},"image":{"@id":"https:\/\/www.mascoteriagonzalito.cl\/#\/schema\/logo\/image\/"},"sameAs":["https:\/\/www.facebook.com\/mascoteria.gonzalito\/"]}]}},"_links":{"self":[{"href":"https:\/\/www.mascoteriagonzalito.cl\/index.php\/wp-json\/wp\/v2\/product\/5658","targetHints":{"allow":["GET"]}}],"collection":[{"href":"https:\/\/www.mascoteriagonzalito.cl\/index.php\/wp-json\/wp\/v2\/product"}],"about":[{"href":"https:\/\/www.mascoteriagonzalito.cl\/index.php\/wp-json\/wp\/v2\/types\/product"}],"replies":[{"embeddable":true,"href":"https:\/\/www.mascoteriagonzalito.cl\/index.php\/wp-json\/wp\/v2\/comments?post=5658"}],"wp:featuredmedia":[{"embeddable":true,"href":"https:\/\/www.mascoteriagonzalito.cl\/index.php\/wp-json\/wp\/v2\/media\/6197"}],"wp:attachment":[{"href":"https:\/\/www.mascoteriagonzalito.cl\/index.php\/wp-json\/wp\/v2\/media?parent=5658"}],"wp:term":[{"taxonomy":"product_brand","embeddable":true,"href":"https:\/\/www.mascoteriagonzalito.cl\/index.php\/wp-json\/wp\/v2\/product_brand?post=5658"},{"taxonomy":"product_cat","embeddable":true,"href":"https:\/\/www.mascoteriagonzalito.cl\/index.php\/wp-json\/wp\/v2\/product_cat?post=5658"},{"taxonomy":"product_tag","embeddable":true,"href":"https:\/\/www.mascoteriagonzalito.cl\/index.php\/wp-json\/wp\/v2\/product_tag?post=5658"}],"curies":[{"name":"wp","href":"https:\/\/api.w.org\/{rel}","templated":true}]}}