{"id":5649,"date":"2026-02-09T19:38:38","date_gmt":"2026-02-09T19:38:38","guid":{"rendered":"https:\/\/www.mascoteriagonzalito.cl\/?post_type=product&#038;p=5649"},"modified":"2026-03-24T12:15:39","modified_gmt":"2026-03-24T12:15:39","slug":"sustrato-premium-para-mascotas-pequeas","status":"publish","type":"product","link":"https:\/\/www.mascoteriagonzalito.cl\/index.php\/producto\/sustrato-premium-para-mascotas-pequeas\/","title":{"rendered":"SUSTRATO PREMIUM PARA MASCOTAS PEQUE\u00d1AS"},"content":{"rendered":"<p>El sustrato Pets Dream Soft proporciona a su mascota un ambiente saludable.<\/p>\n<p>El material es seleccionado y testeado cuidadosamente por m\u00e9todos profesionales.<\/p>\n<p>Puede ser utilizado en aves, chichillas, cobayas, conejos, erizos, h\u00e1mster, hurones, ratas.<\/p>\n<h4>BENEFICIOS<\/h4>\n<ul>\n<li>99% Libre de polvo.<\/li>\n<li>El sustrato Pets Dream Soft se expande hasta 3 veces el tama\u00f1o que tiene en su empaque.<\/li>\n<li>Producto microbiol\u00f3gicamente testeado.<\/li>\n<li>F\u00e1cil y r\u00e1pido de limpiar y mantener.<\/li>\n<li>No pigmenta el pelaje de las mascotas.<\/li>\n<li>Puede utilizarse como nido en algunas mascotas.<\/li>\n<li>Absorbe sobre dos veces m\u00e1s que la viruta.<\/li>\n<li>Control de olor garantizado.<\/li>\n<li>No causa problemas respiratorios como la viruta de pino o madera.<\/li>\n<li>Tambi\u00e9n se recomienda su uso en mascotas que est\u00e9n pasando por alguna condici\u00f3n f\u00edsica como post operatorios, enfermedades urinarias, etc, ya que su color blanco ayuda a verificar el color de las fecas, orina o manchas de sangres<\/li>\n<li>Tiene una textura extra suave para las patas de tu mascota.<\/li>\n<li>Es biodegradable lo que facilita su eliminaci\u00f3n.<\/li>\n<li>Formato: 570 gr.<\/li>\n<\/ul>\n<h4>RECOMENDACIONES<\/h4>\n<ul>\n<li>Al menos una vez por semana remover todo el sustrato y lavar la superficie con limpiadores de jaulas para mascotas.<\/li>\n<li>Mantener una jaula limpia evitar\u00e1 que su mascota desarrolle problemas respiratorios debido a la acumulaci\u00f3n de amon\u00edaco en la jaula causada por la orina.<\/li>\n<li>La frecuencia de limpieza depender\u00e1 del tama\u00f1o del h\u00e1bitat y el n\u00famero de animales.<\/li>\n<\/ul>\n<h4>MODO DE USO<\/h4>\n<ul>\n<li>Disponer una capa de 2 a 3 cm del producto en el habit\u00e1culo.<\/li>\n<li>Recoger fecas y material h\u00famedo peri\u00f3dicamente reponiendo solo la cantidad retirar del producto.<\/li>\n<\/ul>\n","protected":false},"excerpt":{"rendered":"<p>Sustrato de papel Premium PETDREAM blanco, para mascotas peque\u00f1as: hamster, hurones, conejos, coballos y erizos de tierra.<\/p>\n<p>Control del olor garantizado, expande 3 veces su volumen.<\/p>\n<p>&nbsp;<\/p>\n","protected":false},"featured_media":5962,"comment_status":"open","ping_status":"closed","template":"","meta":[],"product_brand":[168],"product_cat":[174],"product_tag":[],"class_list":{"0":"post-5649","1":"product","2":"type-product","3":"status-publish","4":"has-post-thumbnail","6":"product_brand-petdream","7":"product_cat-animales-exoticos","9":"first","10":"instock","11":"shipping-taxable","12":"purchasable","13":"product-type-simple"},"yoast_head":"<!-- This site is optimized with the Yoast SEO plugin v27.4 - https:\/\/yoast.com\/product\/yoast-seo-wordpress\/ -->\n<title>SUSTRATO PREMIUM PARA MASCOTAS PEQUE\u00d1AS - Mascoter\u00eda Gonzalito<\/title>\n<meta name=\"robots\" content=\"index, follow, max-snippet:-1, max-image-preview:large, max-video-preview:-1\" \/>\n<link rel=\"canonical\" href=\"https:\/\/www.mascoteriagonzalito.cl\/index.php\/producto\/sustrato-premium-para-mascotas-pequeas\/\" \/>\n<meta property=\"og:locale\" content=\"es_ES\" \/>\n<meta property=\"og:type\" content=\"article\" \/>\n<meta property=\"og:title\" content=\"SUSTRATO PREMIUM PARA MASCOTAS PEQUE\u00d1AS - Mascoter\u00eda Gonzalito\" \/>\n<meta property=\"og:description\" content=\"Sustrato de papel Premium PETDREAM blanco, para mascotas peque\u00f1as: hamster, hurones, conejos, coballos y erizos de tierra.  Control del olor garantizado, expande 3 veces su volumen.  &nbsp;\" \/>\n<meta property=\"og:url\" content=\"https:\/\/www.mascoteriagonzalito.cl\/index.php\/producto\/sustrato-premium-para-mascotas-pequeas\/\" \/>\n<meta property=\"og:site_name\" content=\"Mascoter\u00eda Gonzalito\" \/>\n<meta property=\"article:publisher\" content=\"https:\/\/www.facebook.com\/mascoteria.gonzalito\/\" \/>\n<meta property=\"article:modified_time\" content=\"2026-03-24T12:15:39+00:00\" \/>\n<meta property=\"og:image\" content=\"https:\/\/www.mascoteriagonzalito.cl\/wp-content\/uploads\/2026\/02\/petdream.webp\" \/>\n\t<meta property=\"og:image:width\" content=\"800\" \/>\n\t<meta property=\"og:image:height\" content=\"800\" \/>\n\t<meta property=\"og:image:type\" content=\"image\/webp\" \/>\n<meta name=\"twitter:card\" content=\"summary_large_image\" \/>\n<meta name=\"twitter:label1\" content=\"Tiempo de lectura\" \/>\n\t<meta name=\"twitter:data1\" content=\"1 minuto\" \/>\n<script type=\"application\/ld+json\" class=\"yoast-schema-graph\">{\"@context\":\"https:\\\/\\\/schema.org\",\"@graph\":[{\"@type\":\"WebPage\",\"@id\":\"https:\\\/\\\/www.mascoteriagonzalito.cl\\\/index.php\\\/producto\\\/sustrato-premium-para-mascotas-pequeas\\\/\",\"url\":\"https:\\\/\\\/www.mascoteriagonzalito.cl\\\/index.php\\\/producto\\\/sustrato-premium-para-mascotas-pequeas\\\/\",\"name\":\"SUSTRATO PREMIUM PARA MASCOTAS PEQUE\u00d1AS - Mascoter\u00eda Gonzalito\",\"isPartOf\":{\"@id\":\"https:\\\/\\\/www.mascoteriagonzalito.cl\\\/#website\"},\"primaryImageOfPage\":{\"@id\":\"https:\\\/\\\/www.mascoteriagonzalito.cl\\\/index.php\\\/producto\\\/sustrato-premium-para-mascotas-pequeas\\\/#primaryimage\"},\"image\":{\"@id\":\"https:\\\/\\\/www.mascoteriagonzalito.cl\\\/index.php\\\/producto\\\/sustrato-premium-para-mascotas-pequeas\\\/#primaryimage\"},\"thumbnailUrl\":\"https:\\\/\\\/www.mascoteriagonzalito.cl\\\/wp-content\\\/uploads\\\/2026\\\/02\\\/petdream.webp\",\"datePublished\":\"2026-02-09T19:38:38+00:00\",\"dateModified\":\"2026-03-24T12:15:39+00:00\",\"breadcrumb\":{\"@id\":\"https:\\\/\\\/www.mascoteriagonzalito.cl\\\/index.php\\\/producto\\\/sustrato-premium-para-mascotas-pequeas\\\/#breadcrumb\"},\"inLanguage\":\"es\",\"potentialAction\":[{\"@type\":\"ReadAction\",\"target\":[\"https:\\\/\\\/www.mascoteriagonzalito.cl\\\/index.php\\\/producto\\\/sustrato-premium-para-mascotas-pequeas\\\/\"]}]},{\"@type\":\"ImageObject\",\"inLanguage\":\"es\",\"@id\":\"https:\\\/\\\/www.mascoteriagonzalito.cl\\\/index.php\\\/producto\\\/sustrato-premium-para-mascotas-pequeas\\\/#primaryimage\",\"url\":\"https:\\\/\\\/www.mascoteriagonzalito.cl\\\/wp-content\\\/uploads\\\/2026\\\/02\\\/petdream.webp\",\"contentUrl\":\"https:\\\/\\\/www.mascoteriagonzalito.cl\\\/wp-content\\\/uploads\\\/2026\\\/02\\\/petdream.webp\",\"width\":800,\"height\":800},{\"@type\":\"BreadcrumbList\",\"@id\":\"https:\\\/\\\/www.mascoteriagonzalito.cl\\\/index.php\\\/producto\\\/sustrato-premium-para-mascotas-pequeas\\\/#breadcrumb\",\"itemListElement\":[{\"@type\":\"ListItem\",\"position\":1,\"name\":\"Portada\",\"item\":\"https:\\\/\\\/www.mascoteriagonzalito.cl\\\/\"},{\"@type\":\"ListItem\",\"position\":2,\"name\":\"Tienda\",\"item\":\"https:\\\/\\\/www.mascoteriagonzalito.cl\\\/index.php\\\/tienda\\\/\"},{\"@type\":\"ListItem\",\"position\":3,\"name\":\"SUSTRATO PREMIUM PARA MASCOTAS PEQUE\u00d1AS\"}]},{\"@type\":\"WebSite\",\"@id\":\"https:\\\/\\\/www.mascoteriagonzalito.cl\\\/#website\",\"url\":\"https:\\\/\\\/www.mascoteriagonzalito.cl\\\/\",\"name\":\"Mascoter\u00eda Gonzalito\",\"description\":\"Alimentos y accesorios para mascotas\",\"publisher\":{\"@id\":\"https:\\\/\\\/www.mascoteriagonzalito.cl\\\/#organization\"},\"potentialAction\":[{\"@type\":\"SearchAction\",\"target\":{\"@type\":\"EntryPoint\",\"urlTemplate\":\"https:\\\/\\\/www.mascoteriagonzalito.cl\\\/?s={search_term_string}\"},\"query-input\":{\"@type\":\"PropertyValueSpecification\",\"valueRequired\":true,\"valueName\":\"search_term_string\"}}],\"inLanguage\":\"es\"},{\"@type\":\"Organization\",\"@id\":\"https:\\\/\\\/www.mascoteriagonzalito.cl\\\/#organization\",\"name\":\"Mascoter\u00eda Gonzalito\",\"url\":\"https:\\\/\\\/www.mascoteriagonzalito.cl\\\/\",\"logo\":{\"@type\":\"ImageObject\",\"inLanguage\":\"es\",\"@id\":\"https:\\\/\\\/www.mascoteriagonzalito.cl\\\/#\\\/schema\\\/logo\\\/image\\\/\",\"url\":\"https:\\\/\\\/www.mascoteriagonzalito.cl\\\/wp-content\\\/uploads\\\/2025\\\/01\\\/IMG-20250113-WA0002-copia.png\",\"contentUrl\":\"https:\\\/\\\/www.mascoteriagonzalito.cl\\\/wp-content\\\/uploads\\\/2025\\\/01\\\/IMG-20250113-WA0002-copia.png\",\"width\":1600,\"height\":1600,\"caption\":\"Mascoter\u00eda Gonzalito\"},\"image\":{\"@id\":\"https:\\\/\\\/www.mascoteriagonzalito.cl\\\/#\\\/schema\\\/logo\\\/image\\\/\"},\"sameAs\":[\"https:\\\/\\\/www.facebook.com\\\/mascoteria.gonzalito\\\/\"]}]}<\/script>\n<!-- \/ Yoast SEO plugin. -->","yoast_head_json":{"title":"SUSTRATO PREMIUM PARA MASCOTAS PEQUE\u00d1AS - Mascoter\u00eda Gonzalito","robots":{"index":"index","follow":"follow","max-snippet":"max-snippet:-1","max-image-preview":"max-image-preview:large","max-video-preview":"max-video-preview:-1"},"canonical":"https:\/\/www.mascoteriagonzalito.cl\/index.php\/producto\/sustrato-premium-para-mascotas-pequeas\/","og_locale":"es_ES","og_type":"article","og_title":"SUSTRATO PREMIUM PARA MASCOTAS PEQUE\u00d1AS - Mascoter\u00eda Gonzalito","og_description":"Sustrato de papel Premium PETDREAM blanco, para mascotas peque\u00f1as: hamster, hurones, conejos, coballos y erizos de tierra.  Control del olor garantizado, expande 3 veces su volumen.  &nbsp;","og_url":"https:\/\/www.mascoteriagonzalito.cl\/index.php\/producto\/sustrato-premium-para-mascotas-pequeas\/","og_site_name":"Mascoter\u00eda Gonzalito","article_publisher":"https:\/\/www.facebook.com\/mascoteria.gonzalito\/","article_modified_time":"2026-03-24T12:15:39+00:00","og_image":[{"width":800,"height":800,"url":"https:\/\/www.mascoteriagonzalito.cl\/wp-content\/uploads\/2026\/02\/petdream.webp","type":"image\/webp"}],"twitter_card":"summary_large_image","twitter_misc":{"Tiempo de lectura":"1 minuto"},"schema":{"@context":"https:\/\/schema.org","@graph":[{"@type":"WebPage","@id":"https:\/\/www.mascoteriagonzalito.cl\/index.php\/producto\/sustrato-premium-para-mascotas-pequeas\/","url":"https:\/\/www.mascoteriagonzalito.cl\/index.php\/producto\/sustrato-premium-para-mascotas-pequeas\/","name":"SUSTRATO PREMIUM PARA MASCOTAS PEQUE\u00d1AS - Mascoter\u00eda Gonzalito","isPartOf":{"@id":"https:\/\/www.mascoteriagonzalito.cl\/#website"},"primaryImageOfPage":{"@id":"https:\/\/www.mascoteriagonzalito.cl\/index.php\/producto\/sustrato-premium-para-mascotas-pequeas\/#primaryimage"},"image":{"@id":"https:\/\/www.mascoteriagonzalito.cl\/index.php\/producto\/sustrato-premium-para-mascotas-pequeas\/#primaryimage"},"thumbnailUrl":"https:\/\/www.mascoteriagonzalito.cl\/wp-content\/uploads\/2026\/02\/petdream.webp","datePublished":"2026-02-09T19:38:38+00:00","dateModified":"2026-03-24T12:15:39+00:00","breadcrumb":{"@id":"https:\/\/www.mascoteriagonzalito.cl\/index.php\/producto\/sustrato-premium-para-mascotas-pequeas\/#breadcrumb"},"inLanguage":"es","potentialAction":[{"@type":"ReadAction","target":["https:\/\/www.mascoteriagonzalito.cl\/index.php\/producto\/sustrato-premium-para-mascotas-pequeas\/"]}]},{"@type":"ImageObject","inLanguage":"es","@id":"https:\/\/www.mascoteriagonzalito.cl\/index.php\/producto\/sustrato-premium-para-mascotas-pequeas\/#primaryimage","url":"https:\/\/www.mascoteriagonzalito.cl\/wp-content\/uploads\/2026\/02\/petdream.webp","contentUrl":"https:\/\/www.mascoteriagonzalito.cl\/wp-content\/uploads\/2026\/02\/petdream.webp","width":800,"height":800},{"@type":"BreadcrumbList","@id":"https:\/\/www.mascoteriagonzalito.cl\/index.php\/producto\/sustrato-premium-para-mascotas-pequeas\/#breadcrumb","itemListElement":[{"@type":"ListItem","position":1,"name":"Portada","item":"https:\/\/www.mascoteriagonzalito.cl\/"},{"@type":"ListItem","position":2,"name":"Tienda","item":"https:\/\/www.mascoteriagonzalito.cl\/index.php\/tienda\/"},{"@type":"ListItem","position":3,"name":"SUSTRATO PREMIUM PARA MASCOTAS PEQUE\u00d1AS"}]},{"@type":"WebSite","@id":"https:\/\/www.mascoteriagonzalito.cl\/#website","url":"https:\/\/www.mascoteriagonzalito.cl\/","name":"Mascoter\u00eda Gonzalito","description":"Alimentos y accesorios para mascotas","publisher":{"@id":"https:\/\/www.mascoteriagonzalito.cl\/#organization"},"potentialAction":[{"@type":"SearchAction","target":{"@type":"EntryPoint","urlTemplate":"https:\/\/www.mascoteriagonzalito.cl\/?s={search_term_string}"},"query-input":{"@type":"PropertyValueSpecification","valueRequired":true,"valueName":"search_term_string"}}],"inLanguage":"es"},{"@type":"Organization","@id":"https:\/\/www.mascoteriagonzalito.cl\/#organization","name":"Mascoter\u00eda Gonzalito","url":"https:\/\/www.mascoteriagonzalito.cl\/","logo":{"@type":"ImageObject","inLanguage":"es","@id":"https:\/\/www.mascoteriagonzalito.cl\/#\/schema\/logo\/image\/","url":"https:\/\/www.mascoteriagonzalito.cl\/wp-content\/uploads\/2025\/01\/IMG-20250113-WA0002-copia.png","contentUrl":"https:\/\/www.mascoteriagonzalito.cl\/wp-content\/uploads\/2025\/01\/IMG-20250113-WA0002-copia.png","width":1600,"height":1600,"caption":"Mascoter\u00eda Gonzalito"},"image":{"@id":"https:\/\/www.mascoteriagonzalito.cl\/#\/schema\/logo\/image\/"},"sameAs":["https:\/\/www.facebook.com\/mascoteria.gonzalito\/"]}]}},"_links":{"self":[{"href":"https:\/\/www.mascoteriagonzalito.cl\/index.php\/wp-json\/wp\/v2\/product\/5649","targetHints":{"allow":["GET"]}}],"collection":[{"href":"https:\/\/www.mascoteriagonzalito.cl\/index.php\/wp-json\/wp\/v2\/product"}],"about":[{"href":"https:\/\/www.mascoteriagonzalito.cl\/index.php\/wp-json\/wp\/v2\/types\/product"}],"replies":[{"embeddable":true,"href":"https:\/\/www.mascoteriagonzalito.cl\/index.php\/wp-json\/wp\/v2\/comments?post=5649"}],"wp:featuredmedia":[{"embeddable":true,"href":"https:\/\/www.mascoteriagonzalito.cl\/index.php\/wp-json\/wp\/v2\/media\/5962"}],"wp:attachment":[{"href":"https:\/\/www.mascoteriagonzalito.cl\/index.php\/wp-json\/wp\/v2\/media?parent=5649"}],"wp:term":[{"taxonomy":"product_brand","embeddable":true,"href":"https:\/\/www.mascoteriagonzalito.cl\/index.php\/wp-json\/wp\/v2\/product_brand?post=5649"},{"taxonomy":"product_cat","embeddable":true,"href":"https:\/\/www.mascoteriagonzalito.cl\/index.php\/wp-json\/wp\/v2\/product_cat?post=5649"},{"taxonomy":"product_tag","embeddable":true,"href":"https:\/\/www.mascoteriagonzalito.cl\/index.php\/wp-json\/wp\/v2\/product_tag?post=5649"}],"curies":[{"name":"wp","href":"https:\/\/api.w.org\/{rel}","templated":true}]}}