{"id":5645,"date":"2026-02-09T19:29:08","date_gmt":"2026-02-09T19:29:08","guid":{"rendered":"https:\/\/www.mascoteriagonzalito.cl\/?post_type=product&#038;p=5645"},"modified":"2026-03-10T17:22:27","modified_gmt":"2026-03-10T17:22:27","slug":"cama-circular-perro-talla-l","status":"publish","type":"product","link":"https:\/\/www.mascoteriagonzalito.cl\/index.php\/producto\/cama-circular-perro-talla-l\/","title":{"rendered":"CAMA WONDER DOG CIRCULAR PERRO TALLA L"},"content":{"rendered":"<p data-start=\"692\" data-end=\"1006\">Fabricada con materiales suaves, resistentes y de alta calidad, su dise\u00f1o redondo crea una sensaci\u00f3n de protecci\u00f3n que ayuda a reducir la ansiedad y mejora la calidad del sue\u00f1o de tu mascota. Su acolchado extra y su textura mullida la convierten en el lugar favorito para dormir, descansar o simplemente relajarse.<\/p>\n<p data-start=\"692\" data-end=\"1006\"><strong>Medidas<\/strong>:<\/p>\n<p>Talla L: 70 cm x 70 cm x 12 cm.<\/p>\n<h4 data-start=\"1008\" data-end=\"1040\">Caracter\u00edsticas destacadas:<\/h4>\n<ul data-start=\"1041\" data-end=\"1361\">\n<li data-start=\"1041\" data-end=\"1110\">\n<p data-start=\"1043\" data-end=\"1110\"><strong data-start=\"1043\" data-end=\"1075\">Dise\u00f1o ergon\u00f3mico y acogedor<\/strong>\u00a0que favorece el descanso profundo.<\/p>\n<\/li>\n<li data-start=\"1111\" data-end=\"1182\">\n<p data-start=\"1113\" data-end=\"1182\"><strong data-start=\"1113\" data-end=\"1137\">Acolchado ultra suave<\/strong>\u00a0ideal para d\u00edas fr\u00edos y mascotas friolentas.<\/p>\n<\/li>\n<li data-start=\"1183\" data-end=\"1237\">\n<p data-start=\"1185\" data-end=\"1237\"><strong data-start=\"1185\" data-end=\"1205\">F\u00e1cil de limpiar<\/strong>, con funda removible y lavable.<\/p>\n<\/li>\n<li data-start=\"1238\" data-end=\"1304\">\n<p data-start=\"1240\" data-end=\"1304\"><strong data-start=\"1240\" data-end=\"1262\">Variedad de tallas<\/strong>\u00a0para adaptarse a cualquier raza o tama\u00f1o.<\/p>\n<\/li>\n<li data-start=\"1305\" data-end=\"1361\">\n<p data-start=\"1307\" data-end=\"1361\"><strong data-start=\"1307\" data-end=\"1329\">Colores atractivos<\/strong>\u00a0que combinan con tu decoraci\u00f3n.<\/p>\n<\/li>\n<\/ul>\n<p data-start=\"1363\" data-end=\"1497\">La\u00a0<strong data-start=\"1366\" data-end=\"1406\">Cama Redonda Acolchada para Mascotas<\/strong>\u00a0no solo cuida el descanso de tu compa\u00f1ero, tambi\u00e9n embellece cualquier rinc\u00f3n de tu hogar.<\/p>\n","protected":false},"excerpt":{"rendered":"<div class=\"woocommerce-product-details__short-description\">\n<p data-start=\"377\" data-end=\"690\">Dale a tu peludo el descanso que se merece con nuestra\u00a0<strong data-start=\"432\" data-end=\"472\">Cama Redonda Acolchada para Mascotas<\/strong>, dise\u00f1ada para ofrecer m\u00e1xima comodidad y adaptarse al estilo de tu hogar, esta cama es perfecta para perros y gatos de todos los tama\u00f1os.<\/p>\n<\/div>\n<div class=\"wd-shipping-progress-bar wd-style-bordered\">\n<div class=\"wd-progress-bar wd-free-progress-bar wd-progress-hide\"><\/div>\n<\/div>\n","protected":false},"featured_media":6096,"comment_status":"open","ping_status":"closed","template":"","meta":[],"product_brand":[179],"product_cat":[38],"product_tag":[],"class_list":{"0":"post-5645","1":"product","2":"type-product","3":"status-publish","4":"has-post-thumbnail","6":"product_brand-wonder-dog","7":"product_cat-accesorios-y-juguetes","9":"first","10":"outofstock","11":"shipping-taxable","12":"purchasable","13":"product-type-simple"},"yoast_head":"<!-- This site is optimized with the Yoast SEO plugin v27.4 - https:\/\/yoast.com\/product\/yoast-seo-wordpress\/ -->\n<title>CAMA WONDER DOG CIRCULAR PERRO TALLA L - Mascoter\u00eda Gonzalito<\/title>\n<meta name=\"robots\" content=\"index, follow, max-snippet:-1, max-image-preview:large, max-video-preview:-1\" \/>\n<link rel=\"canonical\" href=\"https:\/\/www.mascoteriagonzalito.cl\/index.php\/producto\/cama-circular-perro-talla-l\/\" \/>\n<meta property=\"og:locale\" content=\"es_ES\" \/>\n<meta property=\"og:type\" content=\"article\" \/>\n<meta property=\"og:title\" content=\"CAMA WONDER DOG CIRCULAR PERRO TALLA L - Mascoter\u00eda Gonzalito\" \/>\n<meta property=\"og:description\" content=\"Dale a tu peludo el descanso que se merece con nuestra\u00a0Cama Redonda Acolchada para Mascotas, dise\u00f1ada para ofrecer m\u00e1xima comodidad y adaptarse al estilo de tu hogar, esta cama es perfecta para perros y gatos de todos los tama\u00f1os.\" \/>\n<meta property=\"og:url\" content=\"https:\/\/www.mascoteriagonzalito.cl\/index.php\/producto\/cama-circular-perro-talla-l\/\" \/>\n<meta property=\"og:site_name\" content=\"Mascoter\u00eda Gonzalito\" \/>\n<meta property=\"article:publisher\" content=\"https:\/\/www.facebook.com\/mascoteria.gonzalito\/\" \/>\n<meta property=\"article:modified_time\" content=\"2026-03-10T17:22:27+00:00\" \/>\n<meta property=\"og:image\" content=\"https:\/\/www.mascoteriagonzalito.cl\/wp-content\/uploads\/2026\/02\/Cama-Peluda-Gris-Wonder-Dog.webp\" \/>\n\t<meta property=\"og:image:width\" content=\"700\" \/>\n\t<meta property=\"og:image:height\" content=\"700\" \/>\n\t<meta property=\"og:image:type\" content=\"image\/webp\" \/>\n<meta name=\"twitter:card\" content=\"summary_large_image\" \/>\n<meta name=\"twitter:label1\" content=\"Tiempo de lectura\" \/>\n\t<meta name=\"twitter:data1\" content=\"1 minuto\" \/>\n<script type=\"application\/ld+json\" class=\"yoast-schema-graph\">{\"@context\":\"https:\\\/\\\/schema.org\",\"@graph\":[{\"@type\":\"WebPage\",\"@id\":\"https:\\\/\\\/www.mascoteriagonzalito.cl\\\/index.php\\\/producto\\\/cama-circular-perro-talla-l\\\/\",\"url\":\"https:\\\/\\\/www.mascoteriagonzalito.cl\\\/index.php\\\/producto\\\/cama-circular-perro-talla-l\\\/\",\"name\":\"CAMA WONDER DOG CIRCULAR PERRO TALLA L - Mascoter\u00eda Gonzalito\",\"isPartOf\":{\"@id\":\"https:\\\/\\\/www.mascoteriagonzalito.cl\\\/#website\"},\"primaryImageOfPage\":{\"@id\":\"https:\\\/\\\/www.mascoteriagonzalito.cl\\\/index.php\\\/producto\\\/cama-circular-perro-talla-l\\\/#primaryimage\"},\"image\":{\"@id\":\"https:\\\/\\\/www.mascoteriagonzalito.cl\\\/index.php\\\/producto\\\/cama-circular-perro-talla-l\\\/#primaryimage\"},\"thumbnailUrl\":\"https:\\\/\\\/www.mascoteriagonzalito.cl\\\/wp-content\\\/uploads\\\/2026\\\/02\\\/Cama-Peluda-Gris-Wonder-Dog.webp\",\"datePublished\":\"2026-02-09T19:29:08+00:00\",\"dateModified\":\"2026-03-10T17:22:27+00:00\",\"breadcrumb\":{\"@id\":\"https:\\\/\\\/www.mascoteriagonzalito.cl\\\/index.php\\\/producto\\\/cama-circular-perro-talla-l\\\/#breadcrumb\"},\"inLanguage\":\"es\",\"potentialAction\":[{\"@type\":\"ReadAction\",\"target\":[\"https:\\\/\\\/www.mascoteriagonzalito.cl\\\/index.php\\\/producto\\\/cama-circular-perro-talla-l\\\/\"]}]},{\"@type\":\"ImageObject\",\"inLanguage\":\"es\",\"@id\":\"https:\\\/\\\/www.mascoteriagonzalito.cl\\\/index.php\\\/producto\\\/cama-circular-perro-talla-l\\\/#primaryimage\",\"url\":\"https:\\\/\\\/www.mascoteriagonzalito.cl\\\/wp-content\\\/uploads\\\/2026\\\/02\\\/Cama-Peluda-Gris-Wonder-Dog.webp\",\"contentUrl\":\"https:\\\/\\\/www.mascoteriagonzalito.cl\\\/wp-content\\\/uploads\\\/2026\\\/02\\\/Cama-Peluda-Gris-Wonder-Dog.webp\",\"width\":700,\"height\":700},{\"@type\":\"BreadcrumbList\",\"@id\":\"https:\\\/\\\/www.mascoteriagonzalito.cl\\\/index.php\\\/producto\\\/cama-circular-perro-talla-l\\\/#breadcrumb\",\"itemListElement\":[{\"@type\":\"ListItem\",\"position\":1,\"name\":\"Portada\",\"item\":\"https:\\\/\\\/www.mascoteriagonzalito.cl\\\/\"},{\"@type\":\"ListItem\",\"position\":2,\"name\":\"Tienda\",\"item\":\"https:\\\/\\\/www.mascoteriagonzalito.cl\\\/index.php\\\/tienda\\\/\"},{\"@type\":\"ListItem\",\"position\":3,\"name\":\"CAMA WONDER DOG CIRCULAR PERRO TALLA L\"}]},{\"@type\":\"WebSite\",\"@id\":\"https:\\\/\\\/www.mascoteriagonzalito.cl\\\/#website\",\"url\":\"https:\\\/\\\/www.mascoteriagonzalito.cl\\\/\",\"name\":\"Mascoter\u00eda Gonzalito\",\"description\":\"Alimentos y accesorios para mascotas\",\"publisher\":{\"@id\":\"https:\\\/\\\/www.mascoteriagonzalito.cl\\\/#organization\"},\"potentialAction\":[{\"@type\":\"SearchAction\",\"target\":{\"@type\":\"EntryPoint\",\"urlTemplate\":\"https:\\\/\\\/www.mascoteriagonzalito.cl\\\/?s={search_term_string}\"},\"query-input\":{\"@type\":\"PropertyValueSpecification\",\"valueRequired\":true,\"valueName\":\"search_term_string\"}}],\"inLanguage\":\"es\"},{\"@type\":\"Organization\",\"@id\":\"https:\\\/\\\/www.mascoteriagonzalito.cl\\\/#organization\",\"name\":\"Mascoter\u00eda Gonzalito\",\"url\":\"https:\\\/\\\/www.mascoteriagonzalito.cl\\\/\",\"logo\":{\"@type\":\"ImageObject\",\"inLanguage\":\"es\",\"@id\":\"https:\\\/\\\/www.mascoteriagonzalito.cl\\\/#\\\/schema\\\/logo\\\/image\\\/\",\"url\":\"https:\\\/\\\/www.mascoteriagonzalito.cl\\\/wp-content\\\/uploads\\\/2025\\\/01\\\/IMG-20250113-WA0002-copia.png\",\"contentUrl\":\"https:\\\/\\\/www.mascoteriagonzalito.cl\\\/wp-content\\\/uploads\\\/2025\\\/01\\\/IMG-20250113-WA0002-copia.png\",\"width\":1600,\"height\":1600,\"caption\":\"Mascoter\u00eda Gonzalito\"},\"image\":{\"@id\":\"https:\\\/\\\/www.mascoteriagonzalito.cl\\\/#\\\/schema\\\/logo\\\/image\\\/\"},\"sameAs\":[\"https:\\\/\\\/www.facebook.com\\\/mascoteria.gonzalito\\\/\"]}]}<\/script>\n<!-- \/ Yoast SEO plugin. -->","yoast_head_json":{"title":"CAMA WONDER DOG CIRCULAR PERRO TALLA L - Mascoter\u00eda Gonzalito","robots":{"index":"index","follow":"follow","max-snippet":"max-snippet:-1","max-image-preview":"max-image-preview:large","max-video-preview":"max-video-preview:-1"},"canonical":"https:\/\/www.mascoteriagonzalito.cl\/index.php\/producto\/cama-circular-perro-talla-l\/","og_locale":"es_ES","og_type":"article","og_title":"CAMA WONDER DOG CIRCULAR PERRO TALLA L - Mascoter\u00eda Gonzalito","og_description":"Dale a tu peludo el descanso que se merece con nuestra\u00a0Cama Redonda Acolchada para Mascotas, dise\u00f1ada para ofrecer m\u00e1xima comodidad y adaptarse al estilo de tu hogar, esta cama es perfecta para perros y gatos de todos los tama\u00f1os.","og_url":"https:\/\/www.mascoteriagonzalito.cl\/index.php\/producto\/cama-circular-perro-talla-l\/","og_site_name":"Mascoter\u00eda Gonzalito","article_publisher":"https:\/\/www.facebook.com\/mascoteria.gonzalito\/","article_modified_time":"2026-03-10T17:22:27+00:00","og_image":[{"width":700,"height":700,"url":"https:\/\/www.mascoteriagonzalito.cl\/wp-content\/uploads\/2026\/02\/Cama-Peluda-Gris-Wonder-Dog.webp","type":"image\/webp"}],"twitter_card":"summary_large_image","twitter_misc":{"Tiempo de lectura":"1 minuto"},"schema":{"@context":"https:\/\/schema.org","@graph":[{"@type":"WebPage","@id":"https:\/\/www.mascoteriagonzalito.cl\/index.php\/producto\/cama-circular-perro-talla-l\/","url":"https:\/\/www.mascoteriagonzalito.cl\/index.php\/producto\/cama-circular-perro-talla-l\/","name":"CAMA WONDER DOG CIRCULAR PERRO TALLA L - Mascoter\u00eda Gonzalito","isPartOf":{"@id":"https:\/\/www.mascoteriagonzalito.cl\/#website"},"primaryImageOfPage":{"@id":"https:\/\/www.mascoteriagonzalito.cl\/index.php\/producto\/cama-circular-perro-talla-l\/#primaryimage"},"image":{"@id":"https:\/\/www.mascoteriagonzalito.cl\/index.php\/producto\/cama-circular-perro-talla-l\/#primaryimage"},"thumbnailUrl":"https:\/\/www.mascoteriagonzalito.cl\/wp-content\/uploads\/2026\/02\/Cama-Peluda-Gris-Wonder-Dog.webp","datePublished":"2026-02-09T19:29:08+00:00","dateModified":"2026-03-10T17:22:27+00:00","breadcrumb":{"@id":"https:\/\/www.mascoteriagonzalito.cl\/index.php\/producto\/cama-circular-perro-talla-l\/#breadcrumb"},"inLanguage":"es","potentialAction":[{"@type":"ReadAction","target":["https:\/\/www.mascoteriagonzalito.cl\/index.php\/producto\/cama-circular-perro-talla-l\/"]}]},{"@type":"ImageObject","inLanguage":"es","@id":"https:\/\/www.mascoteriagonzalito.cl\/index.php\/producto\/cama-circular-perro-talla-l\/#primaryimage","url":"https:\/\/www.mascoteriagonzalito.cl\/wp-content\/uploads\/2026\/02\/Cama-Peluda-Gris-Wonder-Dog.webp","contentUrl":"https:\/\/www.mascoteriagonzalito.cl\/wp-content\/uploads\/2026\/02\/Cama-Peluda-Gris-Wonder-Dog.webp","width":700,"height":700},{"@type":"BreadcrumbList","@id":"https:\/\/www.mascoteriagonzalito.cl\/index.php\/producto\/cama-circular-perro-talla-l\/#breadcrumb","itemListElement":[{"@type":"ListItem","position":1,"name":"Portada","item":"https:\/\/www.mascoteriagonzalito.cl\/"},{"@type":"ListItem","position":2,"name":"Tienda","item":"https:\/\/www.mascoteriagonzalito.cl\/index.php\/tienda\/"},{"@type":"ListItem","position":3,"name":"CAMA WONDER DOG CIRCULAR PERRO TALLA L"}]},{"@type":"WebSite","@id":"https:\/\/www.mascoteriagonzalito.cl\/#website","url":"https:\/\/www.mascoteriagonzalito.cl\/","name":"Mascoter\u00eda Gonzalito","description":"Alimentos y accesorios para mascotas","publisher":{"@id":"https:\/\/www.mascoteriagonzalito.cl\/#organization"},"potentialAction":[{"@type":"SearchAction","target":{"@type":"EntryPoint","urlTemplate":"https:\/\/www.mascoteriagonzalito.cl\/?s={search_term_string}"},"query-input":{"@type":"PropertyValueSpecification","valueRequired":true,"valueName":"search_term_string"}}],"inLanguage":"es"},{"@type":"Organization","@id":"https:\/\/www.mascoteriagonzalito.cl\/#organization","name":"Mascoter\u00eda Gonzalito","url":"https:\/\/www.mascoteriagonzalito.cl\/","logo":{"@type":"ImageObject","inLanguage":"es","@id":"https:\/\/www.mascoteriagonzalito.cl\/#\/schema\/logo\/image\/","url":"https:\/\/www.mascoteriagonzalito.cl\/wp-content\/uploads\/2025\/01\/IMG-20250113-WA0002-copia.png","contentUrl":"https:\/\/www.mascoteriagonzalito.cl\/wp-content\/uploads\/2025\/01\/IMG-20250113-WA0002-copia.png","width":1600,"height":1600,"caption":"Mascoter\u00eda Gonzalito"},"image":{"@id":"https:\/\/www.mascoteriagonzalito.cl\/#\/schema\/logo\/image\/"},"sameAs":["https:\/\/www.facebook.com\/mascoteria.gonzalito\/"]}]}},"_links":{"self":[{"href":"https:\/\/www.mascoteriagonzalito.cl\/index.php\/wp-json\/wp\/v2\/product\/5645","targetHints":{"allow":["GET"]}}],"collection":[{"href":"https:\/\/www.mascoteriagonzalito.cl\/index.php\/wp-json\/wp\/v2\/product"}],"about":[{"href":"https:\/\/www.mascoteriagonzalito.cl\/index.php\/wp-json\/wp\/v2\/types\/product"}],"replies":[{"embeddable":true,"href":"https:\/\/www.mascoteriagonzalito.cl\/index.php\/wp-json\/wp\/v2\/comments?post=5645"}],"wp:featuredmedia":[{"embeddable":true,"href":"https:\/\/www.mascoteriagonzalito.cl\/index.php\/wp-json\/wp\/v2\/media\/6096"}],"wp:attachment":[{"href":"https:\/\/www.mascoteriagonzalito.cl\/index.php\/wp-json\/wp\/v2\/media?parent=5645"}],"wp:term":[{"taxonomy":"product_brand","embeddable":true,"href":"https:\/\/www.mascoteriagonzalito.cl\/index.php\/wp-json\/wp\/v2\/product_brand?post=5645"},{"taxonomy":"product_cat","embeddable":true,"href":"https:\/\/www.mascoteriagonzalito.cl\/index.php\/wp-json\/wp\/v2\/product_cat?post=5645"},{"taxonomy":"product_tag","embeddable":true,"href":"https:\/\/www.mascoteriagonzalito.cl\/index.php\/wp-json\/wp\/v2\/product_tag?post=5645"}],"curies":[{"name":"wp","href":"https:\/\/api.w.org\/{rel}","templated":true}]}}