{"id":5480,"date":"2026-01-22T14:16:31","date_gmt":"2026-01-22T14:16:31","guid":{"rendered":"https:\/\/www.mascoteriagonzalito.cl\/?post_type=product&#038;p=5480"},"modified":"2026-03-20T13:19:13","modified_gmt":"2026-03-20T13:19:13","slug":"monge-vet-cat-renal-1-5-kg","status":"publish","type":"product","link":"https:\/\/www.mascoteriagonzalito.cl\/index.php\/producto\/monge-vet-cat-renal-1-5-kg\/","title":{"rendered":"MONGE VET CAT RENAL 1,5 KG"},"content":{"rendered":"<p>INGREDIENTES:<\/p>\n<p>Carne de pollo deshidratada (24%) **, tapioca, grasa animal (aceite de pollo) *, guisantes secos **, patatas, pescado seco (anchoa) **, fibra de guisantes, grasa animal (aceite de pato) *, zanahorias secas, pescado aceite (aceite de salm\u00f3n) *, pulpa de manzana seca, pi\u00f1a seca, prote\u00edna de patata **, minerales, xilo-oligosac\u00e1ridos (XOS 0,4%), yuca schidigera, hojas secas de t\u00e9 verde (0,015%), productos y subproductos de la elaboraci\u00f3n fresca frutas y verduras (concentrado de jugo de mel\u00f3n &#8211; Cucumis melo cantalupensis &#8211; fuente de super\u00f3xidosismutasa 0,005%), prote\u00edna de leche en polvo **.<\/p>\n<div class=\"elementor-accordion-title active\" data-section=\"1\">Beneficios<\/div>\n<div class=\"elementor-accordion-content elementor-clearfix\" data-section=\"1\">\n<ol>\n<li>SALUD DIGESTIVA: Enriquecido con prebi\u00f3ticos naturales de \u00faltima generaci\u00f3n; los Xilo-oligosacaridos (XOS) para asegurar la microbiota intestinal.<\/li>\n<li>PREVIENE EL ESTR\u00c9S OXIDATIVO: Con antioxidantes Super \u00d3xido Dismutasa (SOD)para proteger la descomposici\u00f3n g\u00e1strica e intestinal.<\/li>\n<li>BAJO EN F\u00d3SFORO: Contrarresta la insuficiencia renal.<\/li>\n<li>SOPORTE RENAL: Contiene polifenoles que limita la hipertensi\u00f3n glomerular.<\/li>\n<\/ol>\n<\/div>\n","protected":false},"excerpt":{"rendered":"<div id=\"product-description-short-5103\" class=\"product-description-short-detail\">\n<p>Monge Vet Solution Renal Feline es un alimento diet\u00e9tico completo para gatos formulado para el apoyo de la funci\u00f3n renal en caso de insuficiencia renal cr\u00f3nica o temporal. Contiene concentrado de jugo de mel\u00f3n para neutralizar los radicales libres, t\u00e9 verde para el apoyo renal y xilooligosac\u00e1ridos (XOS) para asegurar la microbiota intestinal. La f\u00f3rmula se caracteriza por prote\u00ednas de alta calidad y niveles restringidos de f\u00f3sforo y prote\u00edna cruda. Fit-aroma: tecnolog\u00eda de proceso avanzada (fitoingrediente, Camellia sinensis, recubierto por \u00e1cidos grasos arom\u00e1ticos). El uso en gatitos debe ser bajo indicaci\u00f3n del M\u00e9dico Veterinario.<\/p>\n<\/div>\n<div class=\"social-sharing dropdown\">\n<div class=\"dropdown-toggle title_font\" role=\"tabpanel\" data-toggle=\"dropdown\" aria-expanded=\"false\"><\/div>\n<\/div>\n","protected":false},"featured_media":6400,"comment_status":"open","ping_status":"closed","template":"","meta":[],"product_brand":[197],"product_cat":[33],"product_tag":[],"class_list":{"0":"post-5480","1":"product","2":"type-product","3":"status-publish","4":"has-post-thumbnail","6":"product_brand-monge","7":"product_cat-alimentos-gatos","9":"first","10":"instock","11":"shipping-taxable","12":"purchasable","13":"product-type-simple"},"yoast_head":"<!-- This site is optimized with the Yoast SEO plugin v27.4 - https:\/\/yoast.com\/product\/yoast-seo-wordpress\/ -->\n<title>MONGE VET CAT RENAL 1,5 KG - Mascoter\u00eda Gonzalito<\/title>\n<meta name=\"robots\" content=\"index, follow, max-snippet:-1, max-image-preview:large, max-video-preview:-1\" \/>\n<link rel=\"canonical\" href=\"https:\/\/www.mascoteriagonzalito.cl\/index.php\/producto\/monge-vet-cat-renal-1-5-kg\/\" \/>\n<meta property=\"og:locale\" content=\"es_ES\" \/>\n<meta property=\"og:type\" content=\"article\" \/>\n<meta property=\"og:title\" content=\"MONGE VET CAT RENAL 1,5 KG - Mascoter\u00eda Gonzalito\" \/>\n<meta property=\"og:description\" content=\"Monge Vet Solution Renal Feline es un alimento diet\u00e9tico completo para gatos formulado para el apoyo de la funci\u00f3n renal en caso de insuficiencia renal cr\u00f3nica o temporal. Contiene concentrado de jugo de mel\u00f3n para neutralizar los radicales libres, t\u00e9 verde para el apoyo renal y xilooligosac\u00e1ridos (XOS) para asegurar la microbiota intestinal. La f\u00f3rmula se caracteriza por prote\u00ednas de alta calidad y niveles restringidos de f\u00f3sforo y prote\u00edna cruda. Fit-aroma: tecnolog\u00eda de proceso avanzada (fitoingrediente, Camellia sinensis, recubierto por \u00e1cidos grasos arom\u00e1ticos). El uso en gatitos debe ser bajo indicaci\u00f3n del M\u00e9dico Veterinario.\" \/>\n<meta property=\"og:url\" content=\"https:\/\/www.mascoteriagonzalito.cl\/index.php\/producto\/monge-vet-cat-renal-1-5-kg\/\" \/>\n<meta property=\"og:site_name\" content=\"Mascoter\u00eda Gonzalito\" \/>\n<meta property=\"article:publisher\" content=\"https:\/\/www.facebook.com\/mascoteria.gonzalito\/\" \/>\n<meta property=\"article:modified_time\" content=\"2026-03-20T13:19:13+00:00\" \/>\n<meta property=\"og:image\" content=\"https:\/\/www.mascoteriagonzalito.cl\/wp-content\/uploads\/2026\/01\/monge-vs-renal-felino-15kg.jpg\" \/>\n\t<meta property=\"og:image:width\" content=\"455\" \/>\n\t<meta property=\"og:image:height\" content=\"455\" \/>\n\t<meta property=\"og:image:type\" content=\"image\/jpeg\" \/>\n<meta name=\"twitter:card\" content=\"summary_large_image\" \/>\n<meta name=\"twitter:label1\" content=\"Tiempo de lectura\" \/>\n\t<meta name=\"twitter:data1\" content=\"1 minuto\" \/>\n<script type=\"application\/ld+json\" class=\"yoast-schema-graph\">{\"@context\":\"https:\\\/\\\/schema.org\",\"@graph\":[{\"@type\":\"WebPage\",\"@id\":\"https:\\\/\\\/www.mascoteriagonzalito.cl\\\/index.php\\\/producto\\\/monge-vet-cat-renal-1-5-kg\\\/\",\"url\":\"https:\\\/\\\/www.mascoteriagonzalito.cl\\\/index.php\\\/producto\\\/monge-vet-cat-renal-1-5-kg\\\/\",\"name\":\"MONGE VET CAT RENAL 1,5 KG - Mascoter\u00eda Gonzalito\",\"isPartOf\":{\"@id\":\"https:\\\/\\\/www.mascoteriagonzalito.cl\\\/#website\"},\"primaryImageOfPage\":{\"@id\":\"https:\\\/\\\/www.mascoteriagonzalito.cl\\\/index.php\\\/producto\\\/monge-vet-cat-renal-1-5-kg\\\/#primaryimage\"},\"image\":{\"@id\":\"https:\\\/\\\/www.mascoteriagonzalito.cl\\\/index.php\\\/producto\\\/monge-vet-cat-renal-1-5-kg\\\/#primaryimage\"},\"thumbnailUrl\":\"https:\\\/\\\/www.mascoteriagonzalito.cl\\\/wp-content\\\/uploads\\\/2026\\\/01\\\/monge-vs-renal-felino-15kg.jpg\",\"datePublished\":\"2026-01-22T14:16:31+00:00\",\"dateModified\":\"2026-03-20T13:19:13+00:00\",\"breadcrumb\":{\"@id\":\"https:\\\/\\\/www.mascoteriagonzalito.cl\\\/index.php\\\/producto\\\/monge-vet-cat-renal-1-5-kg\\\/#breadcrumb\"},\"inLanguage\":\"es\",\"potentialAction\":[{\"@type\":\"ReadAction\",\"target\":[\"https:\\\/\\\/www.mascoteriagonzalito.cl\\\/index.php\\\/producto\\\/monge-vet-cat-renal-1-5-kg\\\/\"]}]},{\"@type\":\"ImageObject\",\"inLanguage\":\"es\",\"@id\":\"https:\\\/\\\/www.mascoteriagonzalito.cl\\\/index.php\\\/producto\\\/monge-vet-cat-renal-1-5-kg\\\/#primaryimage\",\"url\":\"https:\\\/\\\/www.mascoteriagonzalito.cl\\\/wp-content\\\/uploads\\\/2026\\\/01\\\/monge-vs-renal-felino-15kg.jpg\",\"contentUrl\":\"https:\\\/\\\/www.mascoteriagonzalito.cl\\\/wp-content\\\/uploads\\\/2026\\\/01\\\/monge-vs-renal-felino-15kg.jpg\",\"width\":455,\"height\":455},{\"@type\":\"BreadcrumbList\",\"@id\":\"https:\\\/\\\/www.mascoteriagonzalito.cl\\\/index.php\\\/producto\\\/monge-vet-cat-renal-1-5-kg\\\/#breadcrumb\",\"itemListElement\":[{\"@type\":\"ListItem\",\"position\":1,\"name\":\"Portada\",\"item\":\"https:\\\/\\\/www.mascoteriagonzalito.cl\\\/\"},{\"@type\":\"ListItem\",\"position\":2,\"name\":\"Tienda\",\"item\":\"https:\\\/\\\/www.mascoteriagonzalito.cl\\\/index.php\\\/tienda\\\/\"},{\"@type\":\"ListItem\",\"position\":3,\"name\":\"MONGE VET CAT RENAL 1,5 KG\"}]},{\"@type\":\"WebSite\",\"@id\":\"https:\\\/\\\/www.mascoteriagonzalito.cl\\\/#website\",\"url\":\"https:\\\/\\\/www.mascoteriagonzalito.cl\\\/\",\"name\":\"Mascoter\u00eda Gonzalito\",\"description\":\"Alimentos y accesorios para mascotas\",\"publisher\":{\"@id\":\"https:\\\/\\\/www.mascoteriagonzalito.cl\\\/#organization\"},\"potentialAction\":[{\"@type\":\"SearchAction\",\"target\":{\"@type\":\"EntryPoint\",\"urlTemplate\":\"https:\\\/\\\/www.mascoteriagonzalito.cl\\\/?s={search_term_string}\"},\"query-input\":{\"@type\":\"PropertyValueSpecification\",\"valueRequired\":true,\"valueName\":\"search_term_string\"}}],\"inLanguage\":\"es\"},{\"@type\":\"Organization\",\"@id\":\"https:\\\/\\\/www.mascoteriagonzalito.cl\\\/#organization\",\"name\":\"Mascoter\u00eda Gonzalito\",\"url\":\"https:\\\/\\\/www.mascoteriagonzalito.cl\\\/\",\"logo\":{\"@type\":\"ImageObject\",\"inLanguage\":\"es\",\"@id\":\"https:\\\/\\\/www.mascoteriagonzalito.cl\\\/#\\\/schema\\\/logo\\\/image\\\/\",\"url\":\"https:\\\/\\\/www.mascoteriagonzalito.cl\\\/wp-content\\\/uploads\\\/2025\\\/01\\\/IMG-20250113-WA0002-copia.png\",\"contentUrl\":\"https:\\\/\\\/www.mascoteriagonzalito.cl\\\/wp-content\\\/uploads\\\/2025\\\/01\\\/IMG-20250113-WA0002-copia.png\",\"width\":1600,\"height\":1600,\"caption\":\"Mascoter\u00eda Gonzalito\"},\"image\":{\"@id\":\"https:\\\/\\\/www.mascoteriagonzalito.cl\\\/#\\\/schema\\\/logo\\\/image\\\/\"},\"sameAs\":[\"https:\\\/\\\/www.facebook.com\\\/mascoteria.gonzalito\\\/\"]}]}<\/script>\n<!-- \/ Yoast SEO plugin. -->","yoast_head_json":{"title":"MONGE VET CAT RENAL 1,5 KG - Mascoter\u00eda Gonzalito","robots":{"index":"index","follow":"follow","max-snippet":"max-snippet:-1","max-image-preview":"max-image-preview:large","max-video-preview":"max-video-preview:-1"},"canonical":"https:\/\/www.mascoteriagonzalito.cl\/index.php\/producto\/monge-vet-cat-renal-1-5-kg\/","og_locale":"es_ES","og_type":"article","og_title":"MONGE VET CAT RENAL 1,5 KG - Mascoter\u00eda Gonzalito","og_description":"Monge Vet Solution Renal Feline es un alimento diet\u00e9tico completo para gatos formulado para el apoyo de la funci\u00f3n renal en caso de insuficiencia renal cr\u00f3nica o temporal. Contiene concentrado de jugo de mel\u00f3n para neutralizar los radicales libres, t\u00e9 verde para el apoyo renal y xilooligosac\u00e1ridos (XOS) para asegurar la microbiota intestinal. La f\u00f3rmula se caracteriza por prote\u00ednas de alta calidad y niveles restringidos de f\u00f3sforo y prote\u00edna cruda. Fit-aroma: tecnolog\u00eda de proceso avanzada (fitoingrediente, Camellia sinensis, recubierto por \u00e1cidos grasos arom\u00e1ticos). El uso en gatitos debe ser bajo indicaci\u00f3n del M\u00e9dico Veterinario.","og_url":"https:\/\/www.mascoteriagonzalito.cl\/index.php\/producto\/monge-vet-cat-renal-1-5-kg\/","og_site_name":"Mascoter\u00eda Gonzalito","article_publisher":"https:\/\/www.facebook.com\/mascoteria.gonzalito\/","article_modified_time":"2026-03-20T13:19:13+00:00","og_image":[{"width":455,"height":455,"url":"https:\/\/www.mascoteriagonzalito.cl\/wp-content\/uploads\/2026\/01\/monge-vs-renal-felino-15kg.jpg","type":"image\/jpeg"}],"twitter_card":"summary_large_image","twitter_misc":{"Tiempo de lectura":"1 minuto"},"schema":{"@context":"https:\/\/schema.org","@graph":[{"@type":"WebPage","@id":"https:\/\/www.mascoteriagonzalito.cl\/index.php\/producto\/monge-vet-cat-renal-1-5-kg\/","url":"https:\/\/www.mascoteriagonzalito.cl\/index.php\/producto\/monge-vet-cat-renal-1-5-kg\/","name":"MONGE VET CAT RENAL 1,5 KG - Mascoter\u00eda Gonzalito","isPartOf":{"@id":"https:\/\/www.mascoteriagonzalito.cl\/#website"},"primaryImageOfPage":{"@id":"https:\/\/www.mascoteriagonzalito.cl\/index.php\/producto\/monge-vet-cat-renal-1-5-kg\/#primaryimage"},"image":{"@id":"https:\/\/www.mascoteriagonzalito.cl\/index.php\/producto\/monge-vet-cat-renal-1-5-kg\/#primaryimage"},"thumbnailUrl":"https:\/\/www.mascoteriagonzalito.cl\/wp-content\/uploads\/2026\/01\/monge-vs-renal-felino-15kg.jpg","datePublished":"2026-01-22T14:16:31+00:00","dateModified":"2026-03-20T13:19:13+00:00","breadcrumb":{"@id":"https:\/\/www.mascoteriagonzalito.cl\/index.php\/producto\/monge-vet-cat-renal-1-5-kg\/#breadcrumb"},"inLanguage":"es","potentialAction":[{"@type":"ReadAction","target":["https:\/\/www.mascoteriagonzalito.cl\/index.php\/producto\/monge-vet-cat-renal-1-5-kg\/"]}]},{"@type":"ImageObject","inLanguage":"es","@id":"https:\/\/www.mascoteriagonzalito.cl\/index.php\/producto\/monge-vet-cat-renal-1-5-kg\/#primaryimage","url":"https:\/\/www.mascoteriagonzalito.cl\/wp-content\/uploads\/2026\/01\/monge-vs-renal-felino-15kg.jpg","contentUrl":"https:\/\/www.mascoteriagonzalito.cl\/wp-content\/uploads\/2026\/01\/monge-vs-renal-felino-15kg.jpg","width":455,"height":455},{"@type":"BreadcrumbList","@id":"https:\/\/www.mascoteriagonzalito.cl\/index.php\/producto\/monge-vet-cat-renal-1-5-kg\/#breadcrumb","itemListElement":[{"@type":"ListItem","position":1,"name":"Portada","item":"https:\/\/www.mascoteriagonzalito.cl\/"},{"@type":"ListItem","position":2,"name":"Tienda","item":"https:\/\/www.mascoteriagonzalito.cl\/index.php\/tienda\/"},{"@type":"ListItem","position":3,"name":"MONGE VET CAT RENAL 1,5 KG"}]},{"@type":"WebSite","@id":"https:\/\/www.mascoteriagonzalito.cl\/#website","url":"https:\/\/www.mascoteriagonzalito.cl\/","name":"Mascoter\u00eda Gonzalito","description":"Alimentos y accesorios para mascotas","publisher":{"@id":"https:\/\/www.mascoteriagonzalito.cl\/#organization"},"potentialAction":[{"@type":"SearchAction","target":{"@type":"EntryPoint","urlTemplate":"https:\/\/www.mascoteriagonzalito.cl\/?s={search_term_string}"},"query-input":{"@type":"PropertyValueSpecification","valueRequired":true,"valueName":"search_term_string"}}],"inLanguage":"es"},{"@type":"Organization","@id":"https:\/\/www.mascoteriagonzalito.cl\/#organization","name":"Mascoter\u00eda Gonzalito","url":"https:\/\/www.mascoteriagonzalito.cl\/","logo":{"@type":"ImageObject","inLanguage":"es","@id":"https:\/\/www.mascoteriagonzalito.cl\/#\/schema\/logo\/image\/","url":"https:\/\/www.mascoteriagonzalito.cl\/wp-content\/uploads\/2025\/01\/IMG-20250113-WA0002-copia.png","contentUrl":"https:\/\/www.mascoteriagonzalito.cl\/wp-content\/uploads\/2025\/01\/IMG-20250113-WA0002-copia.png","width":1600,"height":1600,"caption":"Mascoter\u00eda Gonzalito"},"image":{"@id":"https:\/\/www.mascoteriagonzalito.cl\/#\/schema\/logo\/image\/"},"sameAs":["https:\/\/www.facebook.com\/mascoteria.gonzalito\/"]}]}},"_links":{"self":[{"href":"https:\/\/www.mascoteriagonzalito.cl\/index.php\/wp-json\/wp\/v2\/product\/5480","targetHints":{"allow":["GET"]}}],"collection":[{"href":"https:\/\/www.mascoteriagonzalito.cl\/index.php\/wp-json\/wp\/v2\/product"}],"about":[{"href":"https:\/\/www.mascoteriagonzalito.cl\/index.php\/wp-json\/wp\/v2\/types\/product"}],"replies":[{"embeddable":true,"href":"https:\/\/www.mascoteriagonzalito.cl\/index.php\/wp-json\/wp\/v2\/comments?post=5480"}],"wp:featuredmedia":[{"embeddable":true,"href":"https:\/\/www.mascoteriagonzalito.cl\/index.php\/wp-json\/wp\/v2\/media\/6400"}],"wp:attachment":[{"href":"https:\/\/www.mascoteriagonzalito.cl\/index.php\/wp-json\/wp\/v2\/media?parent=5480"}],"wp:term":[{"taxonomy":"product_brand","embeddable":true,"href":"https:\/\/www.mascoteriagonzalito.cl\/index.php\/wp-json\/wp\/v2\/product_brand?post=5480"},{"taxonomy":"product_cat","embeddable":true,"href":"https:\/\/www.mascoteriagonzalito.cl\/index.php\/wp-json\/wp\/v2\/product_cat?post=5480"},{"taxonomy":"product_tag","embeddable":true,"href":"https:\/\/www.mascoteriagonzalito.cl\/index.php\/wp-json\/wp\/v2\/product_tag?post=5480"}],"curies":[{"name":"wp","href":"https:\/\/api.w.org\/{rel}","templated":true}]}}