{"id":5396,"date":"2025-12-23T12:02:36","date_gmt":"2025-12-23T12:02:36","guid":{"rendered":"https:\/\/www.mascoteriagonzalito.cl\/?post_type=product&#038;p=5396"},"modified":"2026-03-11T16:02:19","modified_gmt":"2026-03-11T16:02:19","slug":"bravery-light-adult-iberian-pork-4-kg","status":"publish","type":"product","link":"https:\/\/www.mascoteriagonzalito.cl\/index.php\/producto\/bravery-light-adult-iberian-pork-4-kg\/","title":{"rendered":"BRAVERY LIGHT ADULT IBERIAN PORK 4 KG"},"content":{"rendered":"<h4>BENEFICIOS<\/h4>\n<ul>\n<li>Con Cerdo Ib\u00e9rico: Carne de elevado contenido proteico y rica en vitaminas del grupo B, que ayudan a disminuir el cansancio durante el esfuerzo. Adem\u00e1s, contiene minerales, como hierro, zinc y potasio que contribuyen al adecuado funcionamiento de la musculatura<\/li>\n<li>Con Tapioca: La tapioca es un alimento sumamente energ\u00e9tico, fuente de hidratos de carbono altamente digestibles e id\u00f3nea para dietas hipoalerg\u00e9nicas.<\/li>\n<li>Libre de Gluten: Elaborado sin cereales, ideal para perros al\u00e9rgicos o con problemas digestivos.<\/li>\n<li>Salud Cardiovascular: La taurina es beneficiosa para la prevenci\u00f3n de algunas cardiomiopat\u00edas, mientras que los \u00e1cidos grasos Omega-3 (EPA y DHA) ayudan a fortalecer la funci\u00f3n card\u00edaca.<\/li>\n<li>Cuidado del Cuerpo: La condroitina y la glucosamina son componentes esenciales del cart\u00edlago con efectos complementarios para mantener una buena salud articular.<\/li>\n<li>Bravery Light Adulto Cerdo Ib\u00e9rico es liviano para la p\u00e9rdida de peso corporal.<\/li>\n<li>Apoyo del Tracto Digestivo: La acci\u00f3n conjunta de FOS como prebi\u00f3tico, MOS que afecta el control de microorganismos pat\u00f3genos y fibras naturales con otro efecto que promueve la flora intestinal saludable y la digesti\u00f3n adecuada.<\/li>\n<\/ul>\n<h4>INGREDIENTES<\/h4>\n<ul>\n<li>Carne de cerdo ib\u00e9rico deshidratada<\/li>\n<li>Tapioca<\/li>\n<li>Guisantes<\/li>\n<li>Fibra de guisante<\/li>\n<li>Grasa de ave<\/li>\n<li>Levadura<\/li>\n<li>Pulpa de remolacha<\/li>\n<li>Aceite de pescado<\/li>\n<\/ul>\n","protected":false},"excerpt":{"rendered":"<div>Bravery Light Adulto Cerdo Ib\u00e9rico es un alimento con cerdo Ib\u00e9rico Light para perros adultos de razas medianas y grandes. Libre de grano y cereales, adem\u00e1s, de ser monoprote\u00edco, con cerdo siempre como primer ingrediente y enriquecido con antioxidantes hipoalerg\u00e9nicos 100% naturales.<\/div>\n<div><\/div>\n<div>Es una receta que se encuentra un elevado contenido de prote\u00ednas, alta digestibilidad y palatabilidad, ideal para razas de perros adultos medianos y grandes.<\/div>\n","protected":false},"featured_media":6536,"comment_status":"open","ping_status":"closed","template":"","meta":[],"product_brand":[95],"product_cat":[34],"product_tag":[],"class_list":{"0":"post-5396","1":"product","2":"type-product","3":"status-publish","4":"has-post-thumbnail","6":"product_brand-bravery","7":"product_cat-alimentos-perros","9":"first","10":"instock","11":"shipping-taxable","12":"purchasable","13":"product-type-simple"},"yoast_head":"<!-- This site is optimized with the Yoast SEO plugin v27.4 - https:\/\/yoast.com\/product\/yoast-seo-wordpress\/ -->\n<title>BRAVERY LIGHT ADULT IBERIAN PORK 4 KG - Mascoter\u00eda Gonzalito<\/title>\n<meta name=\"robots\" content=\"index, follow, max-snippet:-1, max-image-preview:large, max-video-preview:-1\" \/>\n<link rel=\"canonical\" href=\"https:\/\/www.mascoteriagonzalito.cl\/index.php\/producto\/bravery-light-adult-iberian-pork-4-kg\/\" \/>\n<meta property=\"og:locale\" content=\"es_ES\" \/>\n<meta property=\"og:type\" content=\"article\" \/>\n<meta property=\"og:title\" content=\"BRAVERY LIGHT ADULT IBERIAN PORK 4 KG - Mascoter\u00eda Gonzalito\" \/>\n<meta property=\"og:description\" content=\"Bravery Light Adulto Cerdo Ib\u00e9rico es un alimento con cerdo Ib\u00e9rico Light para perros adultos de razas medianas y grandes. Libre de grano y cereales, adem\u00e1s, de ser monoprote\u00edco, con cerdo siempre como primer ingrediente y enriquecido con antioxidantes hipoalerg\u00e9nicos 100% naturales.  Es una receta que se encuentra un elevado contenido de prote\u00ednas, alta digestibilidad y palatabilidad, ideal para razas de perros adultos medianos y grandes.\" \/>\n<meta property=\"og:url\" content=\"https:\/\/www.mascoteriagonzalito.cl\/index.php\/producto\/bravery-light-adult-iberian-pork-4-kg\/\" \/>\n<meta property=\"og:site_name\" content=\"Mascoter\u00eda Gonzalito\" \/>\n<meta property=\"article:publisher\" content=\"https:\/\/www.facebook.com\/mascoteria.gonzalito\/\" \/>\n<meta property=\"article:modified_time\" content=\"2026-03-11T16:02:19+00:00\" \/>\n<meta property=\"og:image\" content=\"https:\/\/www.mascoteriagonzalito.cl\/wp-content\/uploads\/2025\/12\/BRAVERY-Light-Puerco-Iberico-adulto.jpg.webp\" \/>\n\t<meta property=\"og:image:width\" content=\"800\" \/>\n\t<meta property=\"og:image:height\" content=\"800\" \/>\n\t<meta property=\"og:image:type\" content=\"image\/webp\" \/>\n<meta name=\"twitter:card\" content=\"summary_large_image\" \/>\n<meta name=\"twitter:label1\" content=\"Tiempo de lectura\" \/>\n\t<meta name=\"twitter:data1\" content=\"1 minuto\" \/>\n<script type=\"application\/ld+json\" class=\"yoast-schema-graph\">{\"@context\":\"https:\\\/\\\/schema.org\",\"@graph\":[{\"@type\":\"WebPage\",\"@id\":\"https:\\\/\\\/www.mascoteriagonzalito.cl\\\/index.php\\\/producto\\\/bravery-light-adult-iberian-pork-4-kg\\\/\",\"url\":\"https:\\\/\\\/www.mascoteriagonzalito.cl\\\/index.php\\\/producto\\\/bravery-light-adult-iberian-pork-4-kg\\\/\",\"name\":\"BRAVERY LIGHT ADULT IBERIAN PORK 4 KG - Mascoter\u00eda Gonzalito\",\"isPartOf\":{\"@id\":\"https:\\\/\\\/www.mascoteriagonzalito.cl\\\/#website\"},\"primaryImageOfPage\":{\"@id\":\"https:\\\/\\\/www.mascoteriagonzalito.cl\\\/index.php\\\/producto\\\/bravery-light-adult-iberian-pork-4-kg\\\/#primaryimage\"},\"image\":{\"@id\":\"https:\\\/\\\/www.mascoteriagonzalito.cl\\\/index.php\\\/producto\\\/bravery-light-adult-iberian-pork-4-kg\\\/#primaryimage\"},\"thumbnailUrl\":\"https:\\\/\\\/www.mascoteriagonzalito.cl\\\/wp-content\\\/uploads\\\/2025\\\/12\\\/BRAVERY-Light-Puerco-Iberico-adulto.jpg.webp\",\"datePublished\":\"2025-12-23T12:02:36+00:00\",\"dateModified\":\"2026-03-11T16:02:19+00:00\",\"breadcrumb\":{\"@id\":\"https:\\\/\\\/www.mascoteriagonzalito.cl\\\/index.php\\\/producto\\\/bravery-light-adult-iberian-pork-4-kg\\\/#breadcrumb\"},\"inLanguage\":\"es\",\"potentialAction\":[{\"@type\":\"ReadAction\",\"target\":[\"https:\\\/\\\/www.mascoteriagonzalito.cl\\\/index.php\\\/producto\\\/bravery-light-adult-iberian-pork-4-kg\\\/\"]}]},{\"@type\":\"ImageObject\",\"inLanguage\":\"es\",\"@id\":\"https:\\\/\\\/www.mascoteriagonzalito.cl\\\/index.php\\\/producto\\\/bravery-light-adult-iberian-pork-4-kg\\\/#primaryimage\",\"url\":\"https:\\\/\\\/www.mascoteriagonzalito.cl\\\/wp-content\\\/uploads\\\/2025\\\/12\\\/BRAVERY-Light-Puerco-Iberico-adulto.jpg.webp\",\"contentUrl\":\"https:\\\/\\\/www.mascoteriagonzalito.cl\\\/wp-content\\\/uploads\\\/2025\\\/12\\\/BRAVERY-Light-Puerco-Iberico-adulto.jpg.webp\",\"width\":800,\"height\":800},{\"@type\":\"BreadcrumbList\",\"@id\":\"https:\\\/\\\/www.mascoteriagonzalito.cl\\\/index.php\\\/producto\\\/bravery-light-adult-iberian-pork-4-kg\\\/#breadcrumb\",\"itemListElement\":[{\"@type\":\"ListItem\",\"position\":1,\"name\":\"Portada\",\"item\":\"https:\\\/\\\/www.mascoteriagonzalito.cl\\\/\"},{\"@type\":\"ListItem\",\"position\":2,\"name\":\"Tienda\",\"item\":\"https:\\\/\\\/www.mascoteriagonzalito.cl\\\/index.php\\\/tienda\\\/\"},{\"@type\":\"ListItem\",\"position\":3,\"name\":\"BRAVERY LIGHT ADULT IBERIAN PORK 4 KG\"}]},{\"@type\":\"WebSite\",\"@id\":\"https:\\\/\\\/www.mascoteriagonzalito.cl\\\/#website\",\"url\":\"https:\\\/\\\/www.mascoteriagonzalito.cl\\\/\",\"name\":\"Mascoter\u00eda Gonzalito\",\"description\":\"Alimentos y accesorios para mascotas\",\"publisher\":{\"@id\":\"https:\\\/\\\/www.mascoteriagonzalito.cl\\\/#organization\"},\"potentialAction\":[{\"@type\":\"SearchAction\",\"target\":{\"@type\":\"EntryPoint\",\"urlTemplate\":\"https:\\\/\\\/www.mascoteriagonzalito.cl\\\/?s={search_term_string}\"},\"query-input\":{\"@type\":\"PropertyValueSpecification\",\"valueRequired\":true,\"valueName\":\"search_term_string\"}}],\"inLanguage\":\"es\"},{\"@type\":\"Organization\",\"@id\":\"https:\\\/\\\/www.mascoteriagonzalito.cl\\\/#organization\",\"name\":\"Mascoter\u00eda Gonzalito\",\"url\":\"https:\\\/\\\/www.mascoteriagonzalito.cl\\\/\",\"logo\":{\"@type\":\"ImageObject\",\"inLanguage\":\"es\",\"@id\":\"https:\\\/\\\/www.mascoteriagonzalito.cl\\\/#\\\/schema\\\/logo\\\/image\\\/\",\"url\":\"https:\\\/\\\/www.mascoteriagonzalito.cl\\\/wp-content\\\/uploads\\\/2025\\\/01\\\/IMG-20250113-WA0002-copia.png\",\"contentUrl\":\"https:\\\/\\\/www.mascoteriagonzalito.cl\\\/wp-content\\\/uploads\\\/2025\\\/01\\\/IMG-20250113-WA0002-copia.png\",\"width\":1600,\"height\":1600,\"caption\":\"Mascoter\u00eda Gonzalito\"},\"image\":{\"@id\":\"https:\\\/\\\/www.mascoteriagonzalito.cl\\\/#\\\/schema\\\/logo\\\/image\\\/\"},\"sameAs\":[\"https:\\\/\\\/www.facebook.com\\\/mascoteria.gonzalito\\\/\"]}]}<\/script>\n<!-- \/ Yoast SEO plugin. -->","yoast_head_json":{"title":"BRAVERY LIGHT ADULT IBERIAN PORK 4 KG - Mascoter\u00eda Gonzalito","robots":{"index":"index","follow":"follow","max-snippet":"max-snippet:-1","max-image-preview":"max-image-preview:large","max-video-preview":"max-video-preview:-1"},"canonical":"https:\/\/www.mascoteriagonzalito.cl\/index.php\/producto\/bravery-light-adult-iberian-pork-4-kg\/","og_locale":"es_ES","og_type":"article","og_title":"BRAVERY LIGHT ADULT IBERIAN PORK 4 KG - Mascoter\u00eda Gonzalito","og_description":"Bravery Light Adulto Cerdo Ib\u00e9rico es un alimento con cerdo Ib\u00e9rico Light para perros adultos de razas medianas y grandes. Libre de grano y cereales, adem\u00e1s, de ser monoprote\u00edco, con cerdo siempre como primer ingrediente y enriquecido con antioxidantes hipoalerg\u00e9nicos 100% naturales.  Es una receta que se encuentra un elevado contenido de prote\u00ednas, alta digestibilidad y palatabilidad, ideal para razas de perros adultos medianos y grandes.","og_url":"https:\/\/www.mascoteriagonzalito.cl\/index.php\/producto\/bravery-light-adult-iberian-pork-4-kg\/","og_site_name":"Mascoter\u00eda Gonzalito","article_publisher":"https:\/\/www.facebook.com\/mascoteria.gonzalito\/","article_modified_time":"2026-03-11T16:02:19+00:00","og_image":[{"width":800,"height":800,"url":"https:\/\/www.mascoteriagonzalito.cl\/wp-content\/uploads\/2025\/12\/BRAVERY-Light-Puerco-Iberico-adulto.jpg.webp","type":"image\/webp"}],"twitter_card":"summary_large_image","twitter_misc":{"Tiempo de lectura":"1 minuto"},"schema":{"@context":"https:\/\/schema.org","@graph":[{"@type":"WebPage","@id":"https:\/\/www.mascoteriagonzalito.cl\/index.php\/producto\/bravery-light-adult-iberian-pork-4-kg\/","url":"https:\/\/www.mascoteriagonzalito.cl\/index.php\/producto\/bravery-light-adult-iberian-pork-4-kg\/","name":"BRAVERY LIGHT ADULT IBERIAN PORK 4 KG - Mascoter\u00eda Gonzalito","isPartOf":{"@id":"https:\/\/www.mascoteriagonzalito.cl\/#website"},"primaryImageOfPage":{"@id":"https:\/\/www.mascoteriagonzalito.cl\/index.php\/producto\/bravery-light-adult-iberian-pork-4-kg\/#primaryimage"},"image":{"@id":"https:\/\/www.mascoteriagonzalito.cl\/index.php\/producto\/bravery-light-adult-iberian-pork-4-kg\/#primaryimage"},"thumbnailUrl":"https:\/\/www.mascoteriagonzalito.cl\/wp-content\/uploads\/2025\/12\/BRAVERY-Light-Puerco-Iberico-adulto.jpg.webp","datePublished":"2025-12-23T12:02:36+00:00","dateModified":"2026-03-11T16:02:19+00:00","breadcrumb":{"@id":"https:\/\/www.mascoteriagonzalito.cl\/index.php\/producto\/bravery-light-adult-iberian-pork-4-kg\/#breadcrumb"},"inLanguage":"es","potentialAction":[{"@type":"ReadAction","target":["https:\/\/www.mascoteriagonzalito.cl\/index.php\/producto\/bravery-light-adult-iberian-pork-4-kg\/"]}]},{"@type":"ImageObject","inLanguage":"es","@id":"https:\/\/www.mascoteriagonzalito.cl\/index.php\/producto\/bravery-light-adult-iberian-pork-4-kg\/#primaryimage","url":"https:\/\/www.mascoteriagonzalito.cl\/wp-content\/uploads\/2025\/12\/BRAVERY-Light-Puerco-Iberico-adulto.jpg.webp","contentUrl":"https:\/\/www.mascoteriagonzalito.cl\/wp-content\/uploads\/2025\/12\/BRAVERY-Light-Puerco-Iberico-adulto.jpg.webp","width":800,"height":800},{"@type":"BreadcrumbList","@id":"https:\/\/www.mascoteriagonzalito.cl\/index.php\/producto\/bravery-light-adult-iberian-pork-4-kg\/#breadcrumb","itemListElement":[{"@type":"ListItem","position":1,"name":"Portada","item":"https:\/\/www.mascoteriagonzalito.cl\/"},{"@type":"ListItem","position":2,"name":"Tienda","item":"https:\/\/www.mascoteriagonzalito.cl\/index.php\/tienda\/"},{"@type":"ListItem","position":3,"name":"BRAVERY LIGHT ADULT IBERIAN PORK 4 KG"}]},{"@type":"WebSite","@id":"https:\/\/www.mascoteriagonzalito.cl\/#website","url":"https:\/\/www.mascoteriagonzalito.cl\/","name":"Mascoter\u00eda Gonzalito","description":"Alimentos y accesorios para mascotas","publisher":{"@id":"https:\/\/www.mascoteriagonzalito.cl\/#organization"},"potentialAction":[{"@type":"SearchAction","target":{"@type":"EntryPoint","urlTemplate":"https:\/\/www.mascoteriagonzalito.cl\/?s={search_term_string}"},"query-input":{"@type":"PropertyValueSpecification","valueRequired":true,"valueName":"search_term_string"}}],"inLanguage":"es"},{"@type":"Organization","@id":"https:\/\/www.mascoteriagonzalito.cl\/#organization","name":"Mascoter\u00eda Gonzalito","url":"https:\/\/www.mascoteriagonzalito.cl\/","logo":{"@type":"ImageObject","inLanguage":"es","@id":"https:\/\/www.mascoteriagonzalito.cl\/#\/schema\/logo\/image\/","url":"https:\/\/www.mascoteriagonzalito.cl\/wp-content\/uploads\/2025\/01\/IMG-20250113-WA0002-copia.png","contentUrl":"https:\/\/www.mascoteriagonzalito.cl\/wp-content\/uploads\/2025\/01\/IMG-20250113-WA0002-copia.png","width":1600,"height":1600,"caption":"Mascoter\u00eda Gonzalito"},"image":{"@id":"https:\/\/www.mascoteriagonzalito.cl\/#\/schema\/logo\/image\/"},"sameAs":["https:\/\/www.facebook.com\/mascoteria.gonzalito\/"]}]}},"_links":{"self":[{"href":"https:\/\/www.mascoteriagonzalito.cl\/index.php\/wp-json\/wp\/v2\/product\/5396","targetHints":{"allow":["GET"]}}],"collection":[{"href":"https:\/\/www.mascoteriagonzalito.cl\/index.php\/wp-json\/wp\/v2\/product"}],"about":[{"href":"https:\/\/www.mascoteriagonzalito.cl\/index.php\/wp-json\/wp\/v2\/types\/product"}],"replies":[{"embeddable":true,"href":"https:\/\/www.mascoteriagonzalito.cl\/index.php\/wp-json\/wp\/v2\/comments?post=5396"}],"wp:featuredmedia":[{"embeddable":true,"href":"https:\/\/www.mascoteriagonzalito.cl\/index.php\/wp-json\/wp\/v2\/media\/6536"}],"wp:attachment":[{"href":"https:\/\/www.mascoteriagonzalito.cl\/index.php\/wp-json\/wp\/v2\/media?parent=5396"}],"wp:term":[{"taxonomy":"product_brand","embeddable":true,"href":"https:\/\/www.mascoteriagonzalito.cl\/index.php\/wp-json\/wp\/v2\/product_brand?post=5396"},{"taxonomy":"product_cat","embeddable":true,"href":"https:\/\/www.mascoteriagonzalito.cl\/index.php\/wp-json\/wp\/v2\/product_cat?post=5396"},{"taxonomy":"product_tag","embeddable":true,"href":"https:\/\/www.mascoteriagonzalito.cl\/index.php\/wp-json\/wp\/v2\/product_tag?post=5396"}],"curies":[{"name":"wp","href":"https:\/\/api.w.org\/{rel}","templated":true}]}}