{"id":5379,"date":"2025-12-20T17:13:56","date_gmt":"2025-12-20T17:13:56","guid":{"rendered":"https:\/\/www.mascoteriagonzalito.cl\/?post_type=product&#038;p=5379"},"modified":"2026-03-14T14:47:08","modified_gmt":"2026-03-14T14:47:08","slug":"set-bloques-y-tubos-para-hamster","status":"publish","type":"product","link":"https:\/\/www.mascoteriagonzalito.cl\/index.php\/producto\/set-bloques-y-tubos-para-hamster\/","title":{"rendered":"SET BLOQUES Y TUBOS PARA HAMSTER"},"content":{"rendered":"<p>El material de pl\u00e1stico garantiza durabilidad y resistencia, mientras que la bandeja removible facilita la limpieza y mantenimiento del espacio. Con una percha incluida, tu h\u00e1mster podr\u00e1 descansar c\u00f3modamente y observar su entorno desde las alturas.<\/p>\n<p>Aunque no cuenta con rueda de ejercicios ni comederos ni bebederos, este set ofrece la posibilidad de personalizar el h\u00e1bitat de tu mascota de manera creativa y segura. \u00a1Dale a tu h\u00e1mster un hogar divertido y acogedor con este completo set de tubos y bloques!<\/p>\n<p>Es uno de los juguetes recomendados por los veterinarios y entrenadores especialistas, ya que favorece la buena sociabilidad de tu h\u00e1mster, reduce el estr\u00e9s y evita posibles problemas de conducta, tan habituales en los animales. Adem\u00e1s, es un juguete muy vers\u00e1til, id\u00f3neo para el adiestramiento y para los ratos de ocio de tu mascota.<\/p>\n<p>Este es un producto que puede f\u00e1cilmente enriquecer el ambiente y habitat de tu mascotita as\u00ed como tambi\u00e9n puede ser un elemento individual donde el podr\u00e1 divertirse.<\/p>\n<h4>Caracter\u00edsticas:<\/h4>\n<ul>\n<li>Set armable de pol\u00edmeros.<\/li>\n<li>Conectores, placas y tubos para armar un circuito.<\/li>\n<li>Amplio espacio para el movimiento del h\u00e1mster.<\/li>\n<li>Material de pl\u00e1stico de alta calidad, duradero y resistente.<\/li>\n<li>No requiere pegamento, clavos o tornillos; ensamblaje sencillo.<\/li>\n<li>Tubos disponibles en varios colores.<\/li>\n<\/ul>\n<h4>Dimensiones:<\/h4>\n<ul>\n<li>Los tubos tienen 6cm di\u00e1metro.<\/li>\n<li>Armable al gusto.<\/li>\n<li><span class=\"chat-text-message_content\">Armado, son 23 cm ancho x 18 cm largo aproximadamente.<\/span><\/li>\n<li><span class=\"chat-text-message_content\">Trae 17 tubos con 3 cajitas (tal como se aprecia en la imagen)<\/span><\/li>\n<\/ul>\n","protected":false},"excerpt":{"rendered":"<p>El\u00a0<span data-sheets-value=\"{&quot;1&quot;:2,&quot;2&quot;:&quot;Tubo para hamster forma codo&quot;}\" data-sheets-userformat=\"{&quot;2&quot;:4803,&quot;3&quot;:{&quot;1&quot;:1},&quot;4&quot;:{&quot;1&quot;:3,&quot;3&quot;:2},&quot;9&quot;:1,&quot;10&quot;:1,&quot;12&quot;:0,&quot;15&quot;:&quot;Calibri&quot;}\">Tubo para h\u00e1mster\u00a0<\/span>es un juguete y herramienta de ejercicios ideal para tu h\u00e1mster ruso, golden y chino, con este tubo y con otros modelos podr\u00e1s crear un interesante y estimulante mundo para tu mascotita.<\/p>\n<p>Este set de tubos y bloques para h\u00e1mster es ideal para crear un divertido y seguro ambiente para tu mascota. Ofrece un espacio amplio para que tu h\u00e1mster pueda moverse con comodidad. Incluye accesorios como codos, conectores, paneles, rectas y T, permitiendo que puedas armar diferentes dise\u00f1os y configuraciones seg\u00fan tus gustos y necesidades.<\/p>\n","protected":false},"featured_media":5859,"comment_status":"open","ping_status":"closed","template":"","meta":[],"product_brand":[162],"product_cat":[174],"product_tag":[],"class_list":{"0":"post-5379","1":"product","2":"type-product","3":"status-publish","4":"has-post-thumbnail","6":"product_brand-marben","7":"product_cat-animales-exoticos","9":"first","10":"instock","11":"shipping-taxable","12":"purchasable","13":"product-type-simple"},"yoast_head":"<!-- This site is optimized with the Yoast SEO plugin v27.4 - https:\/\/yoast.com\/product\/yoast-seo-wordpress\/ -->\n<title>SET BLOQUES Y TUBOS PARA HAMSTER - Mascoter\u00eda Gonzalito<\/title>\n<meta name=\"robots\" content=\"index, follow, max-snippet:-1, max-image-preview:large, max-video-preview:-1\" \/>\n<link rel=\"canonical\" href=\"https:\/\/www.mascoteriagonzalito.cl\/index.php\/producto\/set-bloques-y-tubos-para-hamster\/\" \/>\n<meta property=\"og:locale\" content=\"es_ES\" \/>\n<meta property=\"og:type\" content=\"article\" \/>\n<meta property=\"og:title\" content=\"SET BLOQUES Y TUBOS PARA HAMSTER - Mascoter\u00eda Gonzalito\" \/>\n<meta property=\"og:description\" content=\"El\u00a0Tubo para h\u00e1mster\u00a0es un juguete y herramienta de ejercicios ideal para tu h\u00e1mster ruso, golden y chino, con este tubo y con otros modelos podr\u00e1s crear un interesante y estimulante mundo para tu mascotita.  Este set de tubos y bloques para h\u00e1mster es ideal para crear un divertido y seguro ambiente para tu mascota. Ofrece un espacio amplio para que tu h\u00e1mster pueda moverse con comodidad. Incluye accesorios como codos, conectores, paneles, rectas y T, permitiendo que puedas armar diferentes dise\u00f1os y configuraciones seg\u00fan tus gustos y necesidades.\" \/>\n<meta property=\"og:url\" content=\"https:\/\/www.mascoteriagonzalito.cl\/index.php\/producto\/set-bloques-y-tubos-para-hamster\/\" \/>\n<meta property=\"og:site_name\" content=\"Mascoter\u00eda Gonzalito\" \/>\n<meta property=\"article:publisher\" content=\"https:\/\/www.facebook.com\/mascoteria.gonzalito\/\" \/>\n<meta property=\"article:modified_time\" content=\"2026-03-14T14:47:08+00:00\" \/>\n<meta property=\"og:image\" content=\"https:\/\/www.mascoteriagonzalito.cl\/wp-content\/uploads\/2025\/12\/111730.png\" \/>\n\t<meta property=\"og:image:width\" content=\"800\" \/>\n\t<meta property=\"og:image:height\" content=\"800\" \/>\n\t<meta property=\"og:image:type\" content=\"image\/png\" \/>\n<meta name=\"twitter:card\" content=\"summary_large_image\" \/>\n<meta name=\"twitter:label1\" content=\"Tiempo de lectura\" \/>\n\t<meta name=\"twitter:data1\" content=\"1 minuto\" \/>\n<script type=\"application\/ld+json\" class=\"yoast-schema-graph\">{\"@context\":\"https:\\\/\\\/schema.org\",\"@graph\":[{\"@type\":\"WebPage\",\"@id\":\"https:\\\/\\\/www.mascoteriagonzalito.cl\\\/index.php\\\/producto\\\/set-bloques-y-tubos-para-hamster\\\/\",\"url\":\"https:\\\/\\\/www.mascoteriagonzalito.cl\\\/index.php\\\/producto\\\/set-bloques-y-tubos-para-hamster\\\/\",\"name\":\"SET BLOQUES Y TUBOS PARA HAMSTER - Mascoter\u00eda Gonzalito\",\"isPartOf\":{\"@id\":\"https:\\\/\\\/www.mascoteriagonzalito.cl\\\/#website\"},\"primaryImageOfPage\":{\"@id\":\"https:\\\/\\\/www.mascoteriagonzalito.cl\\\/index.php\\\/producto\\\/set-bloques-y-tubos-para-hamster\\\/#primaryimage\"},\"image\":{\"@id\":\"https:\\\/\\\/www.mascoteriagonzalito.cl\\\/index.php\\\/producto\\\/set-bloques-y-tubos-para-hamster\\\/#primaryimage\"},\"thumbnailUrl\":\"https:\\\/\\\/www.mascoteriagonzalito.cl\\\/wp-content\\\/uploads\\\/2025\\\/12\\\/111730.png\",\"datePublished\":\"2025-12-20T17:13:56+00:00\",\"dateModified\":\"2026-03-14T14:47:08+00:00\",\"breadcrumb\":{\"@id\":\"https:\\\/\\\/www.mascoteriagonzalito.cl\\\/index.php\\\/producto\\\/set-bloques-y-tubos-para-hamster\\\/#breadcrumb\"},\"inLanguage\":\"es\",\"potentialAction\":[{\"@type\":\"ReadAction\",\"target\":[\"https:\\\/\\\/www.mascoteriagonzalito.cl\\\/index.php\\\/producto\\\/set-bloques-y-tubos-para-hamster\\\/\"]}]},{\"@type\":\"ImageObject\",\"inLanguage\":\"es\",\"@id\":\"https:\\\/\\\/www.mascoteriagonzalito.cl\\\/index.php\\\/producto\\\/set-bloques-y-tubos-para-hamster\\\/#primaryimage\",\"url\":\"https:\\\/\\\/www.mascoteriagonzalito.cl\\\/wp-content\\\/uploads\\\/2025\\\/12\\\/111730.png\",\"contentUrl\":\"https:\\\/\\\/www.mascoteriagonzalito.cl\\\/wp-content\\\/uploads\\\/2025\\\/12\\\/111730.png\",\"width\":800,\"height\":800},{\"@type\":\"BreadcrumbList\",\"@id\":\"https:\\\/\\\/www.mascoteriagonzalito.cl\\\/index.php\\\/producto\\\/set-bloques-y-tubos-para-hamster\\\/#breadcrumb\",\"itemListElement\":[{\"@type\":\"ListItem\",\"position\":1,\"name\":\"Portada\",\"item\":\"https:\\\/\\\/www.mascoteriagonzalito.cl\\\/\"},{\"@type\":\"ListItem\",\"position\":2,\"name\":\"Tienda\",\"item\":\"https:\\\/\\\/www.mascoteriagonzalito.cl\\\/index.php\\\/tienda\\\/\"},{\"@type\":\"ListItem\",\"position\":3,\"name\":\"SET BLOQUES Y TUBOS PARA HAMSTER\"}]},{\"@type\":\"WebSite\",\"@id\":\"https:\\\/\\\/www.mascoteriagonzalito.cl\\\/#website\",\"url\":\"https:\\\/\\\/www.mascoteriagonzalito.cl\\\/\",\"name\":\"Mascoter\u00eda Gonzalito\",\"description\":\"Alimentos y accesorios para mascotas\",\"publisher\":{\"@id\":\"https:\\\/\\\/www.mascoteriagonzalito.cl\\\/#organization\"},\"potentialAction\":[{\"@type\":\"SearchAction\",\"target\":{\"@type\":\"EntryPoint\",\"urlTemplate\":\"https:\\\/\\\/www.mascoteriagonzalito.cl\\\/?s={search_term_string}\"},\"query-input\":{\"@type\":\"PropertyValueSpecification\",\"valueRequired\":true,\"valueName\":\"search_term_string\"}}],\"inLanguage\":\"es\"},{\"@type\":\"Organization\",\"@id\":\"https:\\\/\\\/www.mascoteriagonzalito.cl\\\/#organization\",\"name\":\"Mascoter\u00eda Gonzalito\",\"url\":\"https:\\\/\\\/www.mascoteriagonzalito.cl\\\/\",\"logo\":{\"@type\":\"ImageObject\",\"inLanguage\":\"es\",\"@id\":\"https:\\\/\\\/www.mascoteriagonzalito.cl\\\/#\\\/schema\\\/logo\\\/image\\\/\",\"url\":\"https:\\\/\\\/www.mascoteriagonzalito.cl\\\/wp-content\\\/uploads\\\/2025\\\/01\\\/IMG-20250113-WA0002-copia.png\",\"contentUrl\":\"https:\\\/\\\/www.mascoteriagonzalito.cl\\\/wp-content\\\/uploads\\\/2025\\\/01\\\/IMG-20250113-WA0002-copia.png\",\"width\":1600,\"height\":1600,\"caption\":\"Mascoter\u00eda Gonzalito\"},\"image\":{\"@id\":\"https:\\\/\\\/www.mascoteriagonzalito.cl\\\/#\\\/schema\\\/logo\\\/image\\\/\"},\"sameAs\":[\"https:\\\/\\\/www.facebook.com\\\/mascoteria.gonzalito\\\/\"]}]}<\/script>\n<!-- \/ Yoast SEO plugin. -->","yoast_head_json":{"title":"SET BLOQUES Y TUBOS PARA HAMSTER - Mascoter\u00eda Gonzalito","robots":{"index":"index","follow":"follow","max-snippet":"max-snippet:-1","max-image-preview":"max-image-preview:large","max-video-preview":"max-video-preview:-1"},"canonical":"https:\/\/www.mascoteriagonzalito.cl\/index.php\/producto\/set-bloques-y-tubos-para-hamster\/","og_locale":"es_ES","og_type":"article","og_title":"SET BLOQUES Y TUBOS PARA HAMSTER - Mascoter\u00eda Gonzalito","og_description":"El\u00a0Tubo para h\u00e1mster\u00a0es un juguete y herramienta de ejercicios ideal para tu h\u00e1mster ruso, golden y chino, con este tubo y con otros modelos podr\u00e1s crear un interesante y estimulante mundo para tu mascotita.  Este set de tubos y bloques para h\u00e1mster es ideal para crear un divertido y seguro ambiente para tu mascota. Ofrece un espacio amplio para que tu h\u00e1mster pueda moverse con comodidad. Incluye accesorios como codos, conectores, paneles, rectas y T, permitiendo que puedas armar diferentes dise\u00f1os y configuraciones seg\u00fan tus gustos y necesidades.","og_url":"https:\/\/www.mascoteriagonzalito.cl\/index.php\/producto\/set-bloques-y-tubos-para-hamster\/","og_site_name":"Mascoter\u00eda Gonzalito","article_publisher":"https:\/\/www.facebook.com\/mascoteria.gonzalito\/","article_modified_time":"2026-03-14T14:47:08+00:00","og_image":[{"width":800,"height":800,"url":"https:\/\/www.mascoteriagonzalito.cl\/wp-content\/uploads\/2025\/12\/111730.png","type":"image\/png"}],"twitter_card":"summary_large_image","twitter_misc":{"Tiempo de lectura":"1 minuto"},"schema":{"@context":"https:\/\/schema.org","@graph":[{"@type":"WebPage","@id":"https:\/\/www.mascoteriagonzalito.cl\/index.php\/producto\/set-bloques-y-tubos-para-hamster\/","url":"https:\/\/www.mascoteriagonzalito.cl\/index.php\/producto\/set-bloques-y-tubos-para-hamster\/","name":"SET BLOQUES Y TUBOS PARA HAMSTER - Mascoter\u00eda Gonzalito","isPartOf":{"@id":"https:\/\/www.mascoteriagonzalito.cl\/#website"},"primaryImageOfPage":{"@id":"https:\/\/www.mascoteriagonzalito.cl\/index.php\/producto\/set-bloques-y-tubos-para-hamster\/#primaryimage"},"image":{"@id":"https:\/\/www.mascoteriagonzalito.cl\/index.php\/producto\/set-bloques-y-tubos-para-hamster\/#primaryimage"},"thumbnailUrl":"https:\/\/www.mascoteriagonzalito.cl\/wp-content\/uploads\/2025\/12\/111730.png","datePublished":"2025-12-20T17:13:56+00:00","dateModified":"2026-03-14T14:47:08+00:00","breadcrumb":{"@id":"https:\/\/www.mascoteriagonzalito.cl\/index.php\/producto\/set-bloques-y-tubos-para-hamster\/#breadcrumb"},"inLanguage":"es","potentialAction":[{"@type":"ReadAction","target":["https:\/\/www.mascoteriagonzalito.cl\/index.php\/producto\/set-bloques-y-tubos-para-hamster\/"]}]},{"@type":"ImageObject","inLanguage":"es","@id":"https:\/\/www.mascoteriagonzalito.cl\/index.php\/producto\/set-bloques-y-tubos-para-hamster\/#primaryimage","url":"https:\/\/www.mascoteriagonzalito.cl\/wp-content\/uploads\/2025\/12\/111730.png","contentUrl":"https:\/\/www.mascoteriagonzalito.cl\/wp-content\/uploads\/2025\/12\/111730.png","width":800,"height":800},{"@type":"BreadcrumbList","@id":"https:\/\/www.mascoteriagonzalito.cl\/index.php\/producto\/set-bloques-y-tubos-para-hamster\/#breadcrumb","itemListElement":[{"@type":"ListItem","position":1,"name":"Portada","item":"https:\/\/www.mascoteriagonzalito.cl\/"},{"@type":"ListItem","position":2,"name":"Tienda","item":"https:\/\/www.mascoteriagonzalito.cl\/index.php\/tienda\/"},{"@type":"ListItem","position":3,"name":"SET BLOQUES Y TUBOS PARA HAMSTER"}]},{"@type":"WebSite","@id":"https:\/\/www.mascoteriagonzalito.cl\/#website","url":"https:\/\/www.mascoteriagonzalito.cl\/","name":"Mascoter\u00eda Gonzalito","description":"Alimentos y accesorios para mascotas","publisher":{"@id":"https:\/\/www.mascoteriagonzalito.cl\/#organization"},"potentialAction":[{"@type":"SearchAction","target":{"@type":"EntryPoint","urlTemplate":"https:\/\/www.mascoteriagonzalito.cl\/?s={search_term_string}"},"query-input":{"@type":"PropertyValueSpecification","valueRequired":true,"valueName":"search_term_string"}}],"inLanguage":"es"},{"@type":"Organization","@id":"https:\/\/www.mascoteriagonzalito.cl\/#organization","name":"Mascoter\u00eda Gonzalito","url":"https:\/\/www.mascoteriagonzalito.cl\/","logo":{"@type":"ImageObject","inLanguage":"es","@id":"https:\/\/www.mascoteriagonzalito.cl\/#\/schema\/logo\/image\/","url":"https:\/\/www.mascoteriagonzalito.cl\/wp-content\/uploads\/2025\/01\/IMG-20250113-WA0002-copia.png","contentUrl":"https:\/\/www.mascoteriagonzalito.cl\/wp-content\/uploads\/2025\/01\/IMG-20250113-WA0002-copia.png","width":1600,"height":1600,"caption":"Mascoter\u00eda Gonzalito"},"image":{"@id":"https:\/\/www.mascoteriagonzalito.cl\/#\/schema\/logo\/image\/"},"sameAs":["https:\/\/www.facebook.com\/mascoteria.gonzalito\/"]}]}},"_links":{"self":[{"href":"https:\/\/www.mascoteriagonzalito.cl\/index.php\/wp-json\/wp\/v2\/product\/5379","targetHints":{"allow":["GET"]}}],"collection":[{"href":"https:\/\/www.mascoteriagonzalito.cl\/index.php\/wp-json\/wp\/v2\/product"}],"about":[{"href":"https:\/\/www.mascoteriagonzalito.cl\/index.php\/wp-json\/wp\/v2\/types\/product"}],"replies":[{"embeddable":true,"href":"https:\/\/www.mascoteriagonzalito.cl\/index.php\/wp-json\/wp\/v2\/comments?post=5379"}],"wp:featuredmedia":[{"embeddable":true,"href":"https:\/\/www.mascoteriagonzalito.cl\/index.php\/wp-json\/wp\/v2\/media\/5859"}],"wp:attachment":[{"href":"https:\/\/www.mascoteriagonzalito.cl\/index.php\/wp-json\/wp\/v2\/media?parent=5379"}],"wp:term":[{"taxonomy":"product_brand","embeddable":true,"href":"https:\/\/www.mascoteriagonzalito.cl\/index.php\/wp-json\/wp\/v2\/product_brand?post=5379"},{"taxonomy":"product_cat","embeddable":true,"href":"https:\/\/www.mascoteriagonzalito.cl\/index.php\/wp-json\/wp\/v2\/product_cat?post=5379"},{"taxonomy":"product_tag","embeddable":true,"href":"https:\/\/www.mascoteriagonzalito.cl\/index.php\/wp-json\/wp\/v2\/product_tag?post=5379"}],"curies":[{"name":"wp","href":"https:\/\/api.w.org\/{rel}","templated":true}]}}