{"id":5354,"date":"2025-12-17T17:02:24","date_gmt":"2025-12-17T17:02:24","guid":{"rendered":"https:\/\/www.mascoteriagonzalito.cl\/?post_type=product&#038;p=5354"},"modified":"2026-03-13T18:01:15","modified_gmt":"2026-03-13T18:01:15","slug":"n-d-prime-dog-cachorro-pollo-y-granada-2-5-kg","status":"publish","type":"product","link":"https:\/\/www.mascoteriagonzalito.cl\/index.php\/producto\/n-d-prime-dog-cachorro-pollo-y-granada-2-5-kg\/","title":{"rendered":"N&amp;D PRIME DOG CACHORRO POLLO Y GRANADA 2,5 KG"},"content":{"rendered":"<p><span class=\"titoletto\">composici\u00f3n<\/span><\/p>\n<p class=\"comp\">Carne de pollo (separada mec\u00e1nicamente), harina de v\u00edsceras de aves de corral (m\u00edn. 10%), huevo deshidratado, harina de pescado, harina de crepitaci\u00f3n (prote\u00edna aislada de cerdo), almid\u00f3n de patata, almid\u00f3n de yuca, aceite de pescado, aceite de pollo, pulpa de remolacha, c\u00e1scara de guisante, alfalfa deshidratada, lignocelulosa, semilla de psyllium, levadura seca de cervecer\u00eda, zanahoria deshidratada, espinaca deshidratada, naranja deshidratada, manzana deshidratada, ar\u00e1ndano deshidratado, extracto de granada (m\u00edn. 0,075%), extracto de t\u00e9 verde, Extracto de aloe vera, polvo de c\u00farcuma, beta caroteno, lute\u00edna, aditivos prebi\u00f3ticos (FOS y MOS), DL-metionina, taurina, L-carnitina, sulfato de condroitina, sulfato de glucosamina, extracto de yuca, zeolita, hidrolizado de h\u00edgado de pollo y cerdo, vitaminas (A, D3, E, B1, B2, B6, B12, C, biotina, niacina, \u00e1cido pantot\u00e9nico, \u00e1cido f\u00f3lico, cloruro de colina), cloruro de potasio, fosfato di c\u00e1lcico, quelato de hierro amino\u00e1cido, quelato de amino\u00e1cidos de cobre, quelato de amino\u00e1cidos de zinc, quelato de amino\u00e1cidos de manganeso, proteinato de ionato de calcio, propionato de calcio, concentrado de tocoferol.<br \/>\nEventual sustituto: prote\u00edna de pescado hidrolizada.<\/p>\n","protected":false},"excerpt":{"rendered":"<p>N&amp;D Puppy Mini Breeds-Pollo y Granada es un alimento libre de grano indicado para cachorros de raza peque\u00f1a y para hembras en el tercio final de la gestaci\u00f3n y lactancia. Formulado con prote\u00edna de Pollo de alta calidad. Con un \u00f3ptimo equilibrio de minerales. Enriquecido con frutas, legumbres y Esencias Bot\u00e1nicas como T\u00e9 Verde, Alfalfa, Aloe Vera y Psyllium.<\/p>\n","protected":false},"featured_media":5730,"comment_status":"open","ping_status":"closed","template":"","meta":[],"product_brand":[150],"product_cat":[34],"product_tag":[],"class_list":{"0":"post-5354","1":"product","2":"type-product","3":"status-publish","4":"has-post-thumbnail","6":"product_brand-nd","7":"product_cat-alimentos-perros","9":"first","10":"instock","11":"shipping-taxable","12":"purchasable","13":"product-type-simple"},"yoast_head":"<!-- This site is optimized with the Yoast SEO plugin v27.4 - https:\/\/yoast.com\/product\/yoast-seo-wordpress\/ -->\n<title>N&amp;D PRIME DOG CACHORRO POLLO Y GRANADA 2,5 KG - Mascoter\u00eda Gonzalito<\/title>\n<meta name=\"robots\" content=\"index, follow, max-snippet:-1, max-image-preview:large, max-video-preview:-1\" \/>\n<link rel=\"canonical\" href=\"https:\/\/www.mascoteriagonzalito.cl\/index.php\/producto\/n-d-prime-dog-cachorro-pollo-y-granada-2-5-kg\/\" \/>\n<meta property=\"og:locale\" content=\"es_ES\" \/>\n<meta property=\"og:type\" content=\"article\" \/>\n<meta property=\"og:title\" content=\"N&amp;D PRIME DOG CACHORRO POLLO Y GRANADA 2,5 KG - Mascoter\u00eda Gonzalito\" \/>\n<meta property=\"og:description\" content=\"N&amp;D Puppy Mini Breeds-Pollo y Granada es un alimento libre de grano indicado para cachorros de raza peque\u00f1a y para hembras en el tercio final de la gestaci\u00f3n y lactancia. Formulado con prote\u00edna de Pollo de alta calidad. Con un \u00f3ptimo equilibrio de minerales. Enriquecido con frutas, legumbres y Esencias Bot\u00e1nicas como T\u00e9 Verde, Alfalfa, Aloe Vera y Psyllium.\" \/>\n<meta property=\"og:url\" content=\"https:\/\/www.mascoteriagonzalito.cl\/index.php\/producto\/n-d-prime-dog-cachorro-pollo-y-granada-2-5-kg\/\" \/>\n<meta property=\"og:site_name\" content=\"Mascoter\u00eda Gonzalito\" \/>\n<meta property=\"article:publisher\" content=\"https:\/\/www.facebook.com\/mascoteria.gonzalito\/\" \/>\n<meta property=\"article:modified_time\" content=\"2026-03-13T18:01:15+00:00\" \/>\n<meta property=\"og:image\" content=\"https:\/\/www.mascoteriagonzalito.cl\/wp-content\/uploads\/2025\/12\/nd-prime-mini-puppy-pollo-libre-de-granos-25-kg.png\" \/>\n\t<meta property=\"og:image:width\" content=\"1100\" \/>\n\t<meta property=\"og:image:height\" content=\"1422\" \/>\n\t<meta property=\"og:image:type\" content=\"image\/png\" \/>\n<meta name=\"twitter:card\" content=\"summary_large_image\" \/>\n<meta name=\"twitter:label1\" content=\"Tiempo de lectura\" \/>\n\t<meta name=\"twitter:data1\" content=\"1 minuto\" \/>\n<script type=\"application\/ld+json\" class=\"yoast-schema-graph\">{\"@context\":\"https:\\\/\\\/schema.org\",\"@graph\":[{\"@type\":\"WebPage\",\"@id\":\"https:\\\/\\\/www.mascoteriagonzalito.cl\\\/index.php\\\/producto\\\/n-d-prime-dog-cachorro-pollo-y-granada-2-5-kg\\\/\",\"url\":\"https:\\\/\\\/www.mascoteriagonzalito.cl\\\/index.php\\\/producto\\\/n-d-prime-dog-cachorro-pollo-y-granada-2-5-kg\\\/\",\"name\":\"N&amp;D PRIME DOG CACHORRO POLLO Y GRANADA 2,5 KG - Mascoter\u00eda Gonzalito\",\"isPartOf\":{\"@id\":\"https:\\\/\\\/www.mascoteriagonzalito.cl\\\/#website\"},\"primaryImageOfPage\":{\"@id\":\"https:\\\/\\\/www.mascoteriagonzalito.cl\\\/index.php\\\/producto\\\/n-d-prime-dog-cachorro-pollo-y-granada-2-5-kg\\\/#primaryimage\"},\"image\":{\"@id\":\"https:\\\/\\\/www.mascoteriagonzalito.cl\\\/index.php\\\/producto\\\/n-d-prime-dog-cachorro-pollo-y-granada-2-5-kg\\\/#primaryimage\"},\"thumbnailUrl\":\"https:\\\/\\\/www.mascoteriagonzalito.cl\\\/wp-content\\\/uploads\\\/2025\\\/12\\\/nd-prime-mini-puppy-pollo-libre-de-granos-25-kg.png\",\"datePublished\":\"2025-12-17T17:02:24+00:00\",\"dateModified\":\"2026-03-13T18:01:15+00:00\",\"breadcrumb\":{\"@id\":\"https:\\\/\\\/www.mascoteriagonzalito.cl\\\/index.php\\\/producto\\\/n-d-prime-dog-cachorro-pollo-y-granada-2-5-kg\\\/#breadcrumb\"},\"inLanguage\":\"es\",\"potentialAction\":[{\"@type\":\"ReadAction\",\"target\":[\"https:\\\/\\\/www.mascoteriagonzalito.cl\\\/index.php\\\/producto\\\/n-d-prime-dog-cachorro-pollo-y-granada-2-5-kg\\\/\"]}]},{\"@type\":\"ImageObject\",\"inLanguage\":\"es\",\"@id\":\"https:\\\/\\\/www.mascoteriagonzalito.cl\\\/index.php\\\/producto\\\/n-d-prime-dog-cachorro-pollo-y-granada-2-5-kg\\\/#primaryimage\",\"url\":\"https:\\\/\\\/www.mascoteriagonzalito.cl\\\/wp-content\\\/uploads\\\/2025\\\/12\\\/nd-prime-mini-puppy-pollo-libre-de-granos-25-kg.png\",\"contentUrl\":\"https:\\\/\\\/www.mascoteriagonzalito.cl\\\/wp-content\\\/uploads\\\/2025\\\/12\\\/nd-prime-mini-puppy-pollo-libre-de-granos-25-kg.png\",\"width\":1100,\"height\":1422},{\"@type\":\"BreadcrumbList\",\"@id\":\"https:\\\/\\\/www.mascoteriagonzalito.cl\\\/index.php\\\/producto\\\/n-d-prime-dog-cachorro-pollo-y-granada-2-5-kg\\\/#breadcrumb\",\"itemListElement\":[{\"@type\":\"ListItem\",\"position\":1,\"name\":\"Portada\",\"item\":\"https:\\\/\\\/www.mascoteriagonzalito.cl\\\/\"},{\"@type\":\"ListItem\",\"position\":2,\"name\":\"Tienda\",\"item\":\"https:\\\/\\\/www.mascoteriagonzalito.cl\\\/index.php\\\/tienda\\\/\"},{\"@type\":\"ListItem\",\"position\":3,\"name\":\"N&amp;D PRIME DOG CACHORRO POLLO Y GRANADA 2,5 KG\"}]},{\"@type\":\"WebSite\",\"@id\":\"https:\\\/\\\/www.mascoteriagonzalito.cl\\\/#website\",\"url\":\"https:\\\/\\\/www.mascoteriagonzalito.cl\\\/\",\"name\":\"Mascoter\u00eda Gonzalito\",\"description\":\"Alimentos y accesorios para mascotas\",\"publisher\":{\"@id\":\"https:\\\/\\\/www.mascoteriagonzalito.cl\\\/#organization\"},\"potentialAction\":[{\"@type\":\"SearchAction\",\"target\":{\"@type\":\"EntryPoint\",\"urlTemplate\":\"https:\\\/\\\/www.mascoteriagonzalito.cl\\\/?s={search_term_string}\"},\"query-input\":{\"@type\":\"PropertyValueSpecification\",\"valueRequired\":true,\"valueName\":\"search_term_string\"}}],\"inLanguage\":\"es\"},{\"@type\":\"Organization\",\"@id\":\"https:\\\/\\\/www.mascoteriagonzalito.cl\\\/#organization\",\"name\":\"Mascoter\u00eda Gonzalito\",\"url\":\"https:\\\/\\\/www.mascoteriagonzalito.cl\\\/\",\"logo\":{\"@type\":\"ImageObject\",\"inLanguage\":\"es\",\"@id\":\"https:\\\/\\\/www.mascoteriagonzalito.cl\\\/#\\\/schema\\\/logo\\\/image\\\/\",\"url\":\"https:\\\/\\\/www.mascoteriagonzalito.cl\\\/wp-content\\\/uploads\\\/2025\\\/01\\\/IMG-20250113-WA0002-copia.png\",\"contentUrl\":\"https:\\\/\\\/www.mascoteriagonzalito.cl\\\/wp-content\\\/uploads\\\/2025\\\/01\\\/IMG-20250113-WA0002-copia.png\",\"width\":1600,\"height\":1600,\"caption\":\"Mascoter\u00eda Gonzalito\"},\"image\":{\"@id\":\"https:\\\/\\\/www.mascoteriagonzalito.cl\\\/#\\\/schema\\\/logo\\\/image\\\/\"},\"sameAs\":[\"https:\\\/\\\/www.facebook.com\\\/mascoteria.gonzalito\\\/\"]}]}<\/script>\n<!-- \/ Yoast SEO plugin. -->","yoast_head_json":{"title":"N&amp;D PRIME DOG CACHORRO POLLO Y GRANADA 2,5 KG - Mascoter\u00eda Gonzalito","robots":{"index":"index","follow":"follow","max-snippet":"max-snippet:-1","max-image-preview":"max-image-preview:large","max-video-preview":"max-video-preview:-1"},"canonical":"https:\/\/www.mascoteriagonzalito.cl\/index.php\/producto\/n-d-prime-dog-cachorro-pollo-y-granada-2-5-kg\/","og_locale":"es_ES","og_type":"article","og_title":"N&amp;D PRIME DOG CACHORRO POLLO Y GRANADA 2,5 KG - Mascoter\u00eda Gonzalito","og_description":"N&amp;D Puppy Mini Breeds-Pollo y Granada es un alimento libre de grano indicado para cachorros de raza peque\u00f1a y para hembras en el tercio final de la gestaci\u00f3n y lactancia. Formulado con prote\u00edna de Pollo de alta calidad. Con un \u00f3ptimo equilibrio de minerales. Enriquecido con frutas, legumbres y Esencias Bot\u00e1nicas como T\u00e9 Verde, Alfalfa, Aloe Vera y Psyllium.","og_url":"https:\/\/www.mascoteriagonzalito.cl\/index.php\/producto\/n-d-prime-dog-cachorro-pollo-y-granada-2-5-kg\/","og_site_name":"Mascoter\u00eda Gonzalito","article_publisher":"https:\/\/www.facebook.com\/mascoteria.gonzalito\/","article_modified_time":"2026-03-13T18:01:15+00:00","og_image":[{"width":1100,"height":1422,"url":"https:\/\/www.mascoteriagonzalito.cl\/wp-content\/uploads\/2025\/12\/nd-prime-mini-puppy-pollo-libre-de-granos-25-kg.png","type":"image\/png"}],"twitter_card":"summary_large_image","twitter_misc":{"Tiempo de lectura":"1 minuto"},"schema":{"@context":"https:\/\/schema.org","@graph":[{"@type":"WebPage","@id":"https:\/\/www.mascoteriagonzalito.cl\/index.php\/producto\/n-d-prime-dog-cachorro-pollo-y-granada-2-5-kg\/","url":"https:\/\/www.mascoteriagonzalito.cl\/index.php\/producto\/n-d-prime-dog-cachorro-pollo-y-granada-2-5-kg\/","name":"N&amp;D PRIME DOG CACHORRO POLLO Y GRANADA 2,5 KG - Mascoter\u00eda Gonzalito","isPartOf":{"@id":"https:\/\/www.mascoteriagonzalito.cl\/#website"},"primaryImageOfPage":{"@id":"https:\/\/www.mascoteriagonzalito.cl\/index.php\/producto\/n-d-prime-dog-cachorro-pollo-y-granada-2-5-kg\/#primaryimage"},"image":{"@id":"https:\/\/www.mascoteriagonzalito.cl\/index.php\/producto\/n-d-prime-dog-cachorro-pollo-y-granada-2-5-kg\/#primaryimage"},"thumbnailUrl":"https:\/\/www.mascoteriagonzalito.cl\/wp-content\/uploads\/2025\/12\/nd-prime-mini-puppy-pollo-libre-de-granos-25-kg.png","datePublished":"2025-12-17T17:02:24+00:00","dateModified":"2026-03-13T18:01:15+00:00","breadcrumb":{"@id":"https:\/\/www.mascoteriagonzalito.cl\/index.php\/producto\/n-d-prime-dog-cachorro-pollo-y-granada-2-5-kg\/#breadcrumb"},"inLanguage":"es","potentialAction":[{"@type":"ReadAction","target":["https:\/\/www.mascoteriagonzalito.cl\/index.php\/producto\/n-d-prime-dog-cachorro-pollo-y-granada-2-5-kg\/"]}]},{"@type":"ImageObject","inLanguage":"es","@id":"https:\/\/www.mascoteriagonzalito.cl\/index.php\/producto\/n-d-prime-dog-cachorro-pollo-y-granada-2-5-kg\/#primaryimage","url":"https:\/\/www.mascoteriagonzalito.cl\/wp-content\/uploads\/2025\/12\/nd-prime-mini-puppy-pollo-libre-de-granos-25-kg.png","contentUrl":"https:\/\/www.mascoteriagonzalito.cl\/wp-content\/uploads\/2025\/12\/nd-prime-mini-puppy-pollo-libre-de-granos-25-kg.png","width":1100,"height":1422},{"@type":"BreadcrumbList","@id":"https:\/\/www.mascoteriagonzalito.cl\/index.php\/producto\/n-d-prime-dog-cachorro-pollo-y-granada-2-5-kg\/#breadcrumb","itemListElement":[{"@type":"ListItem","position":1,"name":"Portada","item":"https:\/\/www.mascoteriagonzalito.cl\/"},{"@type":"ListItem","position":2,"name":"Tienda","item":"https:\/\/www.mascoteriagonzalito.cl\/index.php\/tienda\/"},{"@type":"ListItem","position":3,"name":"N&amp;D PRIME DOG CACHORRO POLLO Y GRANADA 2,5 KG"}]},{"@type":"WebSite","@id":"https:\/\/www.mascoteriagonzalito.cl\/#website","url":"https:\/\/www.mascoteriagonzalito.cl\/","name":"Mascoter\u00eda Gonzalito","description":"Alimentos y accesorios para mascotas","publisher":{"@id":"https:\/\/www.mascoteriagonzalito.cl\/#organization"},"potentialAction":[{"@type":"SearchAction","target":{"@type":"EntryPoint","urlTemplate":"https:\/\/www.mascoteriagonzalito.cl\/?s={search_term_string}"},"query-input":{"@type":"PropertyValueSpecification","valueRequired":true,"valueName":"search_term_string"}}],"inLanguage":"es"},{"@type":"Organization","@id":"https:\/\/www.mascoteriagonzalito.cl\/#organization","name":"Mascoter\u00eda Gonzalito","url":"https:\/\/www.mascoteriagonzalito.cl\/","logo":{"@type":"ImageObject","inLanguage":"es","@id":"https:\/\/www.mascoteriagonzalito.cl\/#\/schema\/logo\/image\/","url":"https:\/\/www.mascoteriagonzalito.cl\/wp-content\/uploads\/2025\/01\/IMG-20250113-WA0002-copia.png","contentUrl":"https:\/\/www.mascoteriagonzalito.cl\/wp-content\/uploads\/2025\/01\/IMG-20250113-WA0002-copia.png","width":1600,"height":1600,"caption":"Mascoter\u00eda Gonzalito"},"image":{"@id":"https:\/\/www.mascoteriagonzalito.cl\/#\/schema\/logo\/image\/"},"sameAs":["https:\/\/www.facebook.com\/mascoteria.gonzalito\/"]}]}},"_links":{"self":[{"href":"https:\/\/www.mascoteriagonzalito.cl\/index.php\/wp-json\/wp\/v2\/product\/5354","targetHints":{"allow":["GET"]}}],"collection":[{"href":"https:\/\/www.mascoteriagonzalito.cl\/index.php\/wp-json\/wp\/v2\/product"}],"about":[{"href":"https:\/\/www.mascoteriagonzalito.cl\/index.php\/wp-json\/wp\/v2\/types\/product"}],"replies":[{"embeddable":true,"href":"https:\/\/www.mascoteriagonzalito.cl\/index.php\/wp-json\/wp\/v2\/comments?post=5354"}],"wp:featuredmedia":[{"embeddable":true,"href":"https:\/\/www.mascoteriagonzalito.cl\/index.php\/wp-json\/wp\/v2\/media\/5730"}],"wp:attachment":[{"href":"https:\/\/www.mascoteriagonzalito.cl\/index.php\/wp-json\/wp\/v2\/media?parent=5354"}],"wp:term":[{"taxonomy":"product_brand","embeddable":true,"href":"https:\/\/www.mascoteriagonzalito.cl\/index.php\/wp-json\/wp\/v2\/product_brand?post=5354"},{"taxonomy":"product_cat","embeddable":true,"href":"https:\/\/www.mascoteriagonzalito.cl\/index.php\/wp-json\/wp\/v2\/product_cat?post=5354"},{"taxonomy":"product_tag","embeddable":true,"href":"https:\/\/www.mascoteriagonzalito.cl\/index.php\/wp-json\/wp\/v2\/product_tag?post=5354"}],"curies":[{"name":"wp","href":"https:\/\/api.w.org\/{rel}","templated":true}]}}