{"id":5345,"date":"2025-12-12T14:25:20","date_gmt":"2025-12-12T14:25:20","guid":{"rendered":"https:\/\/www.mascoteriagonzalito.cl\/?post_type=product&#038;p=5345"},"modified":"2026-04-17T20:44:21","modified_gmt":"2026-04-17T20:44:21","slug":"dog-chow-cachorros-minis-y-pequeos-con-carne-y-pollo-8kg","status":"publish","type":"product","link":"https:\/\/www.mascoteriagonzalito.cl\/index.php\/producto\/dog-chow-cachorros-minis-y-pequeos-con-carne-y-pollo-8kg\/","title":{"rendered":"Dog Chow\u00ae cachorros Minis y Peque\u00f1os con Carne y Pollo 8Kg."},"content":{"rendered":"<p>Ma\u00edz, harina de subproductos de pollo, trigo, harina de soya, gluten de ma\u00edz, grasa animal (cerdo y bovino), harina de carne y hueso de cerdo, harina de carne y hueso bovino, aceite de pollo, harina de pescado, hidrolizado de v\u00edsceras de pollo l\u00edquido, cloruro de sodio, harina de plumas de pollo, inulina, fosfato de calcio, cloruro de potasio, premezclas minerales quelados, suplementos vitam\u00ednicos antioxidante, carbonato de calcio, arroz, cloruro de colina, arveja deshidratada, zanahoria deshidratada, taurina, metionina, vitamina E, L-lisina.<\/p>\n<p>Eventuales sustitutos: Sorgo, salvado de trigo, celulosa, harina de alga (Schizochytrium sp.), pulpa de remolacha, fibra de soya, harina de carne y hueso animal (cerdo y bovino), harina de subproductos de pavo, sebo bovino, zeolita, leche bovina en polvo, vitamina C, hidrolizado de v\u00edsceras de cerdo l\u00edquido, hemoglobina bovina en polvo, sorbato de potasio, pared celular levadura (Saccharomyces cerevisiae), treonina, tript\u00f3fano.<\/p>\n","protected":false},"excerpt":{"rendered":"<h5>Beneficios<\/h5>\n<ul>\n<li>Crecimiento Sano<\/li>\n<li>Ayuda a mantener un coraz\u00f3n sano<\/li>\n<li>Promueve el desarrollo del cerebro y la visi\u00f3n<\/li>\n<\/ul>\n","protected":false},"featured_media":3344,"comment_status":"open","ping_status":"closed","template":"","meta":[],"product_brand":[97],"product_cat":[34],"product_tag":[],"class_list":{"0":"post-5345","1":"product","2":"type-product","3":"status-publish","4":"has-post-thumbnail","6":"product_brand-purina","7":"product_cat-alimentos-perros","9":"first","10":"instock","11":"shipping-taxable","12":"purchasable","13":"product-type-simple"},"yoast_head":"<!-- This site is optimized with the Yoast SEO plugin v27.4 - https:\/\/yoast.com\/product\/yoast-seo-wordpress\/ -->\n<title>Dog Chow\u00ae cachorros Minis y Peque\u00f1os con Carne y Pollo 8Kg. - Mascoter\u00eda Gonzalito<\/title>\n<meta name=\"robots\" content=\"index, follow, max-snippet:-1, max-image-preview:large, max-video-preview:-1\" \/>\n<link rel=\"canonical\" href=\"https:\/\/www.mascoteriagonzalito.cl\/index.php\/producto\/dog-chow-cachorros-minis-y-pequeos-con-carne-y-pollo-8kg\/\" \/>\n<meta property=\"og:locale\" content=\"es_ES\" \/>\n<meta property=\"og:type\" content=\"article\" \/>\n<meta property=\"og:title\" content=\"Dog Chow\u00ae cachorros Minis y Peque\u00f1os con Carne y Pollo 8Kg. - Mascoter\u00eda Gonzalito\" \/>\n<meta property=\"og:description\" content=\"Beneficios   Crecimiento Sano  Ayuda a mantener un coraz\u00f3n sano  Promueve el desarrollo del cerebro y la visi\u00f3n\" \/>\n<meta property=\"og:url\" content=\"https:\/\/www.mascoteriagonzalito.cl\/index.php\/producto\/dog-chow-cachorros-minis-y-pequeos-con-carne-y-pollo-8kg\/\" \/>\n<meta property=\"og:site_name\" content=\"Mascoter\u00eda Gonzalito\" \/>\n<meta property=\"article:publisher\" content=\"https:\/\/www.facebook.com\/mascoteria.gonzalito\/\" \/>\n<meta property=\"article:modified_time\" content=\"2026-04-17T20:44:21+00:00\" \/>\n<meta name=\"twitter:card\" content=\"summary_large_image\" \/>\n<meta name=\"twitter:label1\" content=\"Tiempo de lectura\" \/>\n\t<meta name=\"twitter:data1\" content=\"1 minuto\" \/>\n<script type=\"application\/ld+json\" class=\"yoast-schema-graph\">{\"@context\":\"https:\\\/\\\/schema.org\",\"@graph\":[{\"@type\":\"WebPage\",\"@id\":\"https:\\\/\\\/www.mascoteriagonzalito.cl\\\/index.php\\\/producto\\\/dog-chow-cachorros-minis-y-pequeos-con-carne-y-pollo-8kg\\\/\",\"url\":\"https:\\\/\\\/www.mascoteriagonzalito.cl\\\/index.php\\\/producto\\\/dog-chow-cachorros-minis-y-pequeos-con-carne-y-pollo-8kg\\\/\",\"name\":\"Dog Chow\u00ae cachorros Minis y Peque\u00f1os con Carne y Pollo 8Kg. - Mascoter\u00eda Gonzalito\",\"isPartOf\":{\"@id\":\"https:\\\/\\\/www.mascoteriagonzalito.cl\\\/#website\"},\"primaryImageOfPage\":{\"@id\":\"https:\\\/\\\/www.mascoteriagonzalito.cl\\\/index.php\\\/producto\\\/dog-chow-cachorros-minis-y-pequeos-con-carne-y-pollo-8kg\\\/#primaryimage\"},\"image\":{\"@id\":\"https:\\\/\\\/www.mascoteriagonzalito.cl\\\/index.php\\\/producto\\\/dog-chow-cachorros-minis-y-pequeos-con-carne-y-pollo-8kg\\\/#primaryimage\"},\"thumbnailUrl\":\"https:\\\/\\\/www.mascoteriagonzalito.cl\\\/wp-content\\\/uploads\\\/2025\\\/03\\\/1200X1200_MKP-DC-CACH-MYP-CARNE-Y-POLLO-2022.png.avif\",\"datePublished\":\"2025-12-12T14:25:20+00:00\",\"dateModified\":\"2026-04-17T20:44:21+00:00\",\"breadcrumb\":{\"@id\":\"https:\\\/\\\/www.mascoteriagonzalito.cl\\\/index.php\\\/producto\\\/dog-chow-cachorros-minis-y-pequeos-con-carne-y-pollo-8kg\\\/#breadcrumb\"},\"inLanguage\":\"es\",\"potentialAction\":[{\"@type\":\"ReadAction\",\"target\":[\"https:\\\/\\\/www.mascoteriagonzalito.cl\\\/index.php\\\/producto\\\/dog-chow-cachorros-minis-y-pequeos-con-carne-y-pollo-8kg\\\/\"]}]},{\"@type\":\"ImageObject\",\"inLanguage\":\"es\",\"@id\":\"https:\\\/\\\/www.mascoteriagonzalito.cl\\\/index.php\\\/producto\\\/dog-chow-cachorros-minis-y-pequeos-con-carne-y-pollo-8kg\\\/#primaryimage\",\"url\":\"https:\\\/\\\/www.mascoteriagonzalito.cl\\\/wp-content\\\/uploads\\\/2025\\\/03\\\/1200X1200_MKP-DC-CACH-MYP-CARNE-Y-POLLO-2022.png.avif\",\"contentUrl\":\"https:\\\/\\\/www.mascoteriagonzalito.cl\\\/wp-content\\\/uploads\\\/2025\\\/03\\\/1200X1200_MKP-DC-CACH-MYP-CARNE-Y-POLLO-2022.png.avif\",\"width\":1200,\"height\":1200},{\"@type\":\"BreadcrumbList\",\"@id\":\"https:\\\/\\\/www.mascoteriagonzalito.cl\\\/index.php\\\/producto\\\/dog-chow-cachorros-minis-y-pequeos-con-carne-y-pollo-8kg\\\/#breadcrumb\",\"itemListElement\":[{\"@type\":\"ListItem\",\"position\":1,\"name\":\"Portada\",\"item\":\"https:\\\/\\\/www.mascoteriagonzalito.cl\\\/\"},{\"@type\":\"ListItem\",\"position\":2,\"name\":\"Tienda\",\"item\":\"https:\\\/\\\/www.mascoteriagonzalito.cl\\\/index.php\\\/tienda\\\/\"},{\"@type\":\"ListItem\",\"position\":3,\"name\":\"Dog Chow\u00ae cachorros Minis y Peque\u00f1os con Carne y Pollo 8Kg.\"}]},{\"@type\":\"WebSite\",\"@id\":\"https:\\\/\\\/www.mascoteriagonzalito.cl\\\/#website\",\"url\":\"https:\\\/\\\/www.mascoteriagonzalito.cl\\\/\",\"name\":\"Mascoter\u00eda Gonzalito\",\"description\":\"Alimentos y accesorios para mascotas\",\"publisher\":{\"@id\":\"https:\\\/\\\/www.mascoteriagonzalito.cl\\\/#organization\"},\"potentialAction\":[{\"@type\":\"SearchAction\",\"target\":{\"@type\":\"EntryPoint\",\"urlTemplate\":\"https:\\\/\\\/www.mascoteriagonzalito.cl\\\/?s={search_term_string}\"},\"query-input\":{\"@type\":\"PropertyValueSpecification\",\"valueRequired\":true,\"valueName\":\"search_term_string\"}}],\"inLanguage\":\"es\"},{\"@type\":\"Organization\",\"@id\":\"https:\\\/\\\/www.mascoteriagonzalito.cl\\\/#organization\",\"name\":\"Mascoter\u00eda Gonzalito\",\"url\":\"https:\\\/\\\/www.mascoteriagonzalito.cl\\\/\",\"logo\":{\"@type\":\"ImageObject\",\"inLanguage\":\"es\",\"@id\":\"https:\\\/\\\/www.mascoteriagonzalito.cl\\\/#\\\/schema\\\/logo\\\/image\\\/\",\"url\":\"https:\\\/\\\/www.mascoteriagonzalito.cl\\\/wp-content\\\/uploads\\\/2025\\\/01\\\/IMG-20250113-WA0002-copia.png\",\"contentUrl\":\"https:\\\/\\\/www.mascoteriagonzalito.cl\\\/wp-content\\\/uploads\\\/2025\\\/01\\\/IMG-20250113-WA0002-copia.png\",\"width\":1600,\"height\":1600,\"caption\":\"Mascoter\u00eda Gonzalito\"},\"image\":{\"@id\":\"https:\\\/\\\/www.mascoteriagonzalito.cl\\\/#\\\/schema\\\/logo\\\/image\\\/\"},\"sameAs\":[\"https:\\\/\\\/www.facebook.com\\\/mascoteria.gonzalito\\\/\"]}]}<\/script>\n<!-- \/ Yoast SEO plugin. -->","yoast_head_json":{"title":"Dog Chow\u00ae cachorros Minis y Peque\u00f1os con Carne y Pollo 8Kg. - Mascoter\u00eda Gonzalito","robots":{"index":"index","follow":"follow","max-snippet":"max-snippet:-1","max-image-preview":"max-image-preview:large","max-video-preview":"max-video-preview:-1"},"canonical":"https:\/\/www.mascoteriagonzalito.cl\/index.php\/producto\/dog-chow-cachorros-minis-y-pequeos-con-carne-y-pollo-8kg\/","og_locale":"es_ES","og_type":"article","og_title":"Dog Chow\u00ae cachorros Minis y Peque\u00f1os con Carne y Pollo 8Kg. - Mascoter\u00eda Gonzalito","og_description":"Beneficios   Crecimiento Sano  Ayuda a mantener un coraz\u00f3n sano  Promueve el desarrollo del cerebro y la visi\u00f3n","og_url":"https:\/\/www.mascoteriagonzalito.cl\/index.php\/producto\/dog-chow-cachorros-minis-y-pequeos-con-carne-y-pollo-8kg\/","og_site_name":"Mascoter\u00eda Gonzalito","article_publisher":"https:\/\/www.facebook.com\/mascoteria.gonzalito\/","article_modified_time":"2026-04-17T20:44:21+00:00","twitter_card":"summary_large_image","twitter_misc":{"Tiempo de lectura":"1 minuto"},"schema":{"@context":"https:\/\/schema.org","@graph":[{"@type":"WebPage","@id":"https:\/\/www.mascoteriagonzalito.cl\/index.php\/producto\/dog-chow-cachorros-minis-y-pequeos-con-carne-y-pollo-8kg\/","url":"https:\/\/www.mascoteriagonzalito.cl\/index.php\/producto\/dog-chow-cachorros-minis-y-pequeos-con-carne-y-pollo-8kg\/","name":"Dog Chow\u00ae cachorros Minis y Peque\u00f1os con Carne y Pollo 8Kg. - Mascoter\u00eda Gonzalito","isPartOf":{"@id":"https:\/\/www.mascoteriagonzalito.cl\/#website"},"primaryImageOfPage":{"@id":"https:\/\/www.mascoteriagonzalito.cl\/index.php\/producto\/dog-chow-cachorros-minis-y-pequeos-con-carne-y-pollo-8kg\/#primaryimage"},"image":{"@id":"https:\/\/www.mascoteriagonzalito.cl\/index.php\/producto\/dog-chow-cachorros-minis-y-pequeos-con-carne-y-pollo-8kg\/#primaryimage"},"thumbnailUrl":"https:\/\/www.mascoteriagonzalito.cl\/wp-content\/uploads\/2025\/03\/1200X1200_MKP-DC-CACH-MYP-CARNE-Y-POLLO-2022.png.avif","datePublished":"2025-12-12T14:25:20+00:00","dateModified":"2026-04-17T20:44:21+00:00","breadcrumb":{"@id":"https:\/\/www.mascoteriagonzalito.cl\/index.php\/producto\/dog-chow-cachorros-minis-y-pequeos-con-carne-y-pollo-8kg\/#breadcrumb"},"inLanguage":"es","potentialAction":[{"@type":"ReadAction","target":["https:\/\/www.mascoteriagonzalito.cl\/index.php\/producto\/dog-chow-cachorros-minis-y-pequeos-con-carne-y-pollo-8kg\/"]}]},{"@type":"ImageObject","inLanguage":"es","@id":"https:\/\/www.mascoteriagonzalito.cl\/index.php\/producto\/dog-chow-cachorros-minis-y-pequeos-con-carne-y-pollo-8kg\/#primaryimage","url":"https:\/\/www.mascoteriagonzalito.cl\/wp-content\/uploads\/2025\/03\/1200X1200_MKP-DC-CACH-MYP-CARNE-Y-POLLO-2022.png.avif","contentUrl":"https:\/\/www.mascoteriagonzalito.cl\/wp-content\/uploads\/2025\/03\/1200X1200_MKP-DC-CACH-MYP-CARNE-Y-POLLO-2022.png.avif","width":1200,"height":1200},{"@type":"BreadcrumbList","@id":"https:\/\/www.mascoteriagonzalito.cl\/index.php\/producto\/dog-chow-cachorros-minis-y-pequeos-con-carne-y-pollo-8kg\/#breadcrumb","itemListElement":[{"@type":"ListItem","position":1,"name":"Portada","item":"https:\/\/www.mascoteriagonzalito.cl\/"},{"@type":"ListItem","position":2,"name":"Tienda","item":"https:\/\/www.mascoteriagonzalito.cl\/index.php\/tienda\/"},{"@type":"ListItem","position":3,"name":"Dog Chow\u00ae cachorros Minis y Peque\u00f1os con Carne y Pollo 8Kg."}]},{"@type":"WebSite","@id":"https:\/\/www.mascoteriagonzalito.cl\/#website","url":"https:\/\/www.mascoteriagonzalito.cl\/","name":"Mascoter\u00eda Gonzalito","description":"Alimentos y accesorios para mascotas","publisher":{"@id":"https:\/\/www.mascoteriagonzalito.cl\/#organization"},"potentialAction":[{"@type":"SearchAction","target":{"@type":"EntryPoint","urlTemplate":"https:\/\/www.mascoteriagonzalito.cl\/?s={search_term_string}"},"query-input":{"@type":"PropertyValueSpecification","valueRequired":true,"valueName":"search_term_string"}}],"inLanguage":"es"},{"@type":"Organization","@id":"https:\/\/www.mascoteriagonzalito.cl\/#organization","name":"Mascoter\u00eda Gonzalito","url":"https:\/\/www.mascoteriagonzalito.cl\/","logo":{"@type":"ImageObject","inLanguage":"es","@id":"https:\/\/www.mascoteriagonzalito.cl\/#\/schema\/logo\/image\/","url":"https:\/\/www.mascoteriagonzalito.cl\/wp-content\/uploads\/2025\/01\/IMG-20250113-WA0002-copia.png","contentUrl":"https:\/\/www.mascoteriagonzalito.cl\/wp-content\/uploads\/2025\/01\/IMG-20250113-WA0002-copia.png","width":1600,"height":1600,"caption":"Mascoter\u00eda Gonzalito"},"image":{"@id":"https:\/\/www.mascoteriagonzalito.cl\/#\/schema\/logo\/image\/"},"sameAs":["https:\/\/www.facebook.com\/mascoteria.gonzalito\/"]}]}},"_links":{"self":[{"href":"https:\/\/www.mascoteriagonzalito.cl\/index.php\/wp-json\/wp\/v2\/product\/5345","targetHints":{"allow":["GET"]}}],"collection":[{"href":"https:\/\/www.mascoteriagonzalito.cl\/index.php\/wp-json\/wp\/v2\/product"}],"about":[{"href":"https:\/\/www.mascoteriagonzalito.cl\/index.php\/wp-json\/wp\/v2\/types\/product"}],"replies":[{"embeddable":true,"href":"https:\/\/www.mascoteriagonzalito.cl\/index.php\/wp-json\/wp\/v2\/comments?post=5345"}],"wp:featuredmedia":[{"embeddable":true,"href":"https:\/\/www.mascoteriagonzalito.cl\/index.php\/wp-json\/wp\/v2\/media\/3344"}],"wp:attachment":[{"href":"https:\/\/www.mascoteriagonzalito.cl\/index.php\/wp-json\/wp\/v2\/media?parent=5345"}],"wp:term":[{"taxonomy":"product_brand","embeddable":true,"href":"https:\/\/www.mascoteriagonzalito.cl\/index.php\/wp-json\/wp\/v2\/product_brand?post=5345"},{"taxonomy":"product_cat","embeddable":true,"href":"https:\/\/www.mascoteriagonzalito.cl\/index.php\/wp-json\/wp\/v2\/product_cat?post=5345"},{"taxonomy":"product_tag","embeddable":true,"href":"https:\/\/www.mascoteriagonzalito.cl\/index.php\/wp-json\/wp\/v2\/product_tag?post=5345"}],"curies":[{"name":"wp","href":"https:\/\/api.w.org\/{rel}","templated":true}]}}