{"id":5226,"date":"2025-11-27T20:46:24","date_gmt":"2025-11-27T20:46:24","guid":{"rendered":"https:\/\/www.mascoteriagonzalito.cl\/?post_type=product&#038;p=5226"},"modified":"2026-02-18T20:19:49","modified_gmt":"2026-02-18T20:19:49","slug":"protector-solar-para-perro-y-gato-30-gr","status":"publish","type":"product","link":"https:\/\/www.mascoteriagonzalito.cl\/index.php\/producto\/protector-solar-para-perro-y-gato-30-gr\/","title":{"rendered":"PROTECTOR SOLAR PARA PERRO Y GATO 30 GR"},"content":{"rendered":"<p>et\u2019it Protect\u2019it Bloqueador Solar para Mascotas 30g est\u00e1 indicado para proteger la piel expuesta de las mascotas frente a los peligrosos da\u00f1os provocados por la radiaci\u00f3n ultravioleta UVA y UVB de origen solar, como el c\u00e1ncer de piel y las quemaduras solares.. Con la m\u00e1s alta protecci\u00f3n solar del mercado, Pet\u2019it Protect\u2019it utiliza filtros solares europeos de \u00faltima generaci\u00f3n y no usa activos peligrosos para las mascotas que son com\u00fanmente usados en fotoprotectores para humanos.<\/p>\n<p><strong>Caracter\u00edsticas<\/strong><\/p>\n<ul>\n<li>Con pH7, especialmente formulado para el cuidado de la piel de tu mascota. FLUIDO W\/O<\/li>\n<li>Composici\u00f3n fluida que facilita la penetraci\u00f3n inmediata y profunda en la piel.<\/li>\n<li>Formulado con compuestos de buen perfil de seguridad.<\/li>\n<li>FPS 50+ y PA ++++, muy alta protecci\u00f3n frente a la radiaci\u00f3n solar tipo UVB y UVA.<\/li>\n<li>LIBRE DE \u00d3XIDO DE ZINC Y BENZOFENONAS<\/li>\n<li>Alta adherencia a la piel, brind\u00e1ndole resistencia al agua, importante aspecto para la protecci\u00f3n de las mascotas.<\/li>\n<\/ul>\n<p><strong>Modo de Uso<\/strong><\/p>\n<p>Aplica Pet\u2019it\u00ae Protect\u2019it en las zonas m\u00e1s expuestas de la piel de tu mascota, como orejas, hocico, abdomen y otras \u00e1reas desprotegidas o de pelaje claro. Se recomienda reaplicar cada 2 horas para una m\u00e1xima protecci\u00f3n.<\/p>\n<p><strong>\u00bfQu\u00e9 significa FPS 50+?<\/strong><\/p>\n<div>\n<div class=\"inner-toggle-wrap\">\n<div class=\"wpb_text_column wpb_content_element \">\n<div class=\"wpb_wrapper\">\n<p>El FPS es el factor de protecci\u00f3n solar y es un indicador de nivel de filtraci\u00f3n frente a la radiaci\u00f3n UVB de origen solar. A mayor FPS, mayor protecci\u00f3n. En Chile, por asuntos regulatorios, la m\u00e1xima protecci\u00f3n que se puede etiquetar en un protector solar es 50+.<\/p>\n<p>Pet\u2019it Protect\u2019it posee un FPS 50+, es decir, la m\u00e1xima protecci\u00f3n frente a la radiaci\u00f3n UVB y, adem\u00e1s, PA++++ (la m\u00e1xima protecci\u00f3n frente a la radiaci\u00f3n UVA).<strong>\u00bfPuedo ocupar Pet\u2019it Protect\u2019it en mi gato?<\/strong><\/p>\n<div>\n<div class=\"inner-toggle-wrap\">\n<div class=\"wpb_text_column wpb_content_element \">\n<div class=\"wpb_wrapper\">\n<p>\u00a1S\u00ed, Pet\u2019it Protect\u2019it est\u00e1 dise\u00f1ado para ser usado en gatos y perros! Con Protect\u2019it puedes proteger la piel de tu amigo felino y evitar la presentaci\u00f3n de c\u00e1ncer de piel, o carcinoma de c\u00e9lulas escamosas, que es frecuente de observar en gatos de piel clara.<\/p>\n<\/div>\n<\/div>\n<\/div>\n<\/div>\n<\/div>\n<\/div>\n<\/div>\n<\/div>\n","protected":false},"excerpt":{"rendered":"<p>Pet\u2019it Protect\u2019it Bloqueador Solar para Mascotas 30g est\u00e1 indicado para proteger la piel expuesta de las mascotas frente a los peligrosos da\u00f1os provocados por la radiaci\u00f3n ultravioleta UVA y UVB de origen solar, como el c\u00e1ncer de piel y las quemaduras solares.<\/p>\n","protected":false},"featured_media":5824,"comment_status":"open","ping_status":"closed","template":"","meta":[],"product_brand":[153],"product_cat":[15],"product_tag":[],"class_list":{"0":"post-5226","1":"product","2":"type-product","3":"status-publish","4":"has-post-thumbnail","6":"product_brand-drag-pharma","7":"product_cat-sin-categorizar","9":"first","10":"instock","11":"shipping-taxable","12":"purchasable","13":"product-type-simple"},"yoast_head":"<!-- This site is optimized with the Yoast SEO plugin v27.4 - https:\/\/yoast.com\/product\/yoast-seo-wordpress\/ -->\n<title>PROTECTOR SOLAR PARA PERRO Y GATO 30 GR - Mascoter\u00eda Gonzalito<\/title>\n<meta name=\"robots\" content=\"index, follow, max-snippet:-1, max-image-preview:large, max-video-preview:-1\" \/>\n<link rel=\"canonical\" href=\"https:\/\/www.mascoteriagonzalito.cl\/index.php\/producto\/protector-solar-para-perro-y-gato-30-gr\/\" \/>\n<meta property=\"og:locale\" content=\"es_ES\" \/>\n<meta property=\"og:type\" content=\"article\" \/>\n<meta property=\"og:title\" content=\"PROTECTOR SOLAR PARA PERRO Y GATO 30 GR - Mascoter\u00eda Gonzalito\" \/>\n<meta property=\"og:description\" content=\"Pet\u2019it Protect\u2019it Bloqueador Solar para Mascotas 30g est\u00e1 indicado para proteger la piel expuesta de las mascotas frente a los peligrosos da\u00f1os provocados por la radiaci\u00f3n ultravioleta UVA y UVB de origen solar, como el c\u00e1ncer de piel y las quemaduras solares.\" \/>\n<meta property=\"og:url\" content=\"https:\/\/www.mascoteriagonzalito.cl\/index.php\/producto\/protector-solar-para-perro-y-gato-30-gr\/\" \/>\n<meta property=\"og:site_name\" content=\"Mascoter\u00eda Gonzalito\" \/>\n<meta property=\"article:publisher\" content=\"https:\/\/www.facebook.com\/mascoteria.gonzalito\/\" \/>\n<meta property=\"article:modified_time\" content=\"2026-02-18T20:19:49+00:00\" \/>\n<meta property=\"og:image\" content=\"https:\/\/www.mascoteriagonzalito.cl\/wp-content\/uploads\/2025\/11\/petit-bloqueador-para-mascotas.webp\" \/>\n\t<meta property=\"og:image:width\" content=\"760\" \/>\n\t<meta property=\"og:image:height\" content=\"960\" \/>\n\t<meta property=\"og:image:type\" content=\"image\/webp\" \/>\n<meta name=\"twitter:card\" content=\"summary_large_image\" \/>\n<meta name=\"twitter:label1\" content=\"Tiempo de lectura\" \/>\n\t<meta name=\"twitter:data1\" content=\"1 minuto\" \/>\n<script type=\"application\/ld+json\" class=\"yoast-schema-graph\">{\"@context\":\"https:\\\/\\\/schema.org\",\"@graph\":[{\"@type\":\"WebPage\",\"@id\":\"https:\\\/\\\/www.mascoteriagonzalito.cl\\\/index.php\\\/producto\\\/protector-solar-para-perro-y-gato-30-gr\\\/\",\"url\":\"https:\\\/\\\/www.mascoteriagonzalito.cl\\\/index.php\\\/producto\\\/protector-solar-para-perro-y-gato-30-gr\\\/\",\"name\":\"PROTECTOR SOLAR PARA PERRO Y GATO 30 GR - Mascoter\u00eda Gonzalito\",\"isPartOf\":{\"@id\":\"https:\\\/\\\/www.mascoteriagonzalito.cl\\\/#website\"},\"primaryImageOfPage\":{\"@id\":\"https:\\\/\\\/www.mascoteriagonzalito.cl\\\/index.php\\\/producto\\\/protector-solar-para-perro-y-gato-30-gr\\\/#primaryimage\"},\"image\":{\"@id\":\"https:\\\/\\\/www.mascoteriagonzalito.cl\\\/index.php\\\/producto\\\/protector-solar-para-perro-y-gato-30-gr\\\/#primaryimage\"},\"thumbnailUrl\":\"https:\\\/\\\/www.mascoteriagonzalito.cl\\\/wp-content\\\/uploads\\\/2025\\\/11\\\/petit-bloqueador-para-mascotas.webp\",\"datePublished\":\"2025-11-27T20:46:24+00:00\",\"dateModified\":\"2026-02-18T20:19:49+00:00\",\"breadcrumb\":{\"@id\":\"https:\\\/\\\/www.mascoteriagonzalito.cl\\\/index.php\\\/producto\\\/protector-solar-para-perro-y-gato-30-gr\\\/#breadcrumb\"},\"inLanguage\":\"es\",\"potentialAction\":[{\"@type\":\"ReadAction\",\"target\":[\"https:\\\/\\\/www.mascoteriagonzalito.cl\\\/index.php\\\/producto\\\/protector-solar-para-perro-y-gato-30-gr\\\/\"]}]},{\"@type\":\"ImageObject\",\"inLanguage\":\"es\",\"@id\":\"https:\\\/\\\/www.mascoteriagonzalito.cl\\\/index.php\\\/producto\\\/protector-solar-para-perro-y-gato-30-gr\\\/#primaryimage\",\"url\":\"https:\\\/\\\/www.mascoteriagonzalito.cl\\\/wp-content\\\/uploads\\\/2025\\\/11\\\/petit-bloqueador-para-mascotas.webp\",\"contentUrl\":\"https:\\\/\\\/www.mascoteriagonzalito.cl\\\/wp-content\\\/uploads\\\/2025\\\/11\\\/petit-bloqueador-para-mascotas.webp\",\"width\":760,\"height\":960},{\"@type\":\"BreadcrumbList\",\"@id\":\"https:\\\/\\\/www.mascoteriagonzalito.cl\\\/index.php\\\/producto\\\/protector-solar-para-perro-y-gato-30-gr\\\/#breadcrumb\",\"itemListElement\":[{\"@type\":\"ListItem\",\"position\":1,\"name\":\"Portada\",\"item\":\"https:\\\/\\\/www.mascoteriagonzalito.cl\\\/\"},{\"@type\":\"ListItem\",\"position\":2,\"name\":\"Tienda\",\"item\":\"https:\\\/\\\/www.mascoteriagonzalito.cl\\\/index.php\\\/tienda\\\/\"},{\"@type\":\"ListItem\",\"position\":3,\"name\":\"PROTECTOR SOLAR PARA PERRO Y GATO 30 GR\"}]},{\"@type\":\"WebSite\",\"@id\":\"https:\\\/\\\/www.mascoteriagonzalito.cl\\\/#website\",\"url\":\"https:\\\/\\\/www.mascoteriagonzalito.cl\\\/\",\"name\":\"Mascoter\u00eda Gonzalito\",\"description\":\"Alimentos y accesorios para mascotas\",\"publisher\":{\"@id\":\"https:\\\/\\\/www.mascoteriagonzalito.cl\\\/#organization\"},\"potentialAction\":[{\"@type\":\"SearchAction\",\"target\":{\"@type\":\"EntryPoint\",\"urlTemplate\":\"https:\\\/\\\/www.mascoteriagonzalito.cl\\\/?s={search_term_string}\"},\"query-input\":{\"@type\":\"PropertyValueSpecification\",\"valueRequired\":true,\"valueName\":\"search_term_string\"}}],\"inLanguage\":\"es\"},{\"@type\":\"Organization\",\"@id\":\"https:\\\/\\\/www.mascoteriagonzalito.cl\\\/#organization\",\"name\":\"Mascoter\u00eda Gonzalito\",\"url\":\"https:\\\/\\\/www.mascoteriagonzalito.cl\\\/\",\"logo\":{\"@type\":\"ImageObject\",\"inLanguage\":\"es\",\"@id\":\"https:\\\/\\\/www.mascoteriagonzalito.cl\\\/#\\\/schema\\\/logo\\\/image\\\/\",\"url\":\"https:\\\/\\\/www.mascoteriagonzalito.cl\\\/wp-content\\\/uploads\\\/2025\\\/01\\\/IMG-20250113-WA0002-copia.png\",\"contentUrl\":\"https:\\\/\\\/www.mascoteriagonzalito.cl\\\/wp-content\\\/uploads\\\/2025\\\/01\\\/IMG-20250113-WA0002-copia.png\",\"width\":1600,\"height\":1600,\"caption\":\"Mascoter\u00eda Gonzalito\"},\"image\":{\"@id\":\"https:\\\/\\\/www.mascoteriagonzalito.cl\\\/#\\\/schema\\\/logo\\\/image\\\/\"},\"sameAs\":[\"https:\\\/\\\/www.facebook.com\\\/mascoteria.gonzalito\\\/\"]}]}<\/script>\n<!-- \/ Yoast SEO plugin. -->","yoast_head_json":{"title":"PROTECTOR SOLAR PARA PERRO Y GATO 30 GR - Mascoter\u00eda Gonzalito","robots":{"index":"index","follow":"follow","max-snippet":"max-snippet:-1","max-image-preview":"max-image-preview:large","max-video-preview":"max-video-preview:-1"},"canonical":"https:\/\/www.mascoteriagonzalito.cl\/index.php\/producto\/protector-solar-para-perro-y-gato-30-gr\/","og_locale":"es_ES","og_type":"article","og_title":"PROTECTOR SOLAR PARA PERRO Y GATO 30 GR - Mascoter\u00eda Gonzalito","og_description":"Pet\u2019it Protect\u2019it Bloqueador Solar para Mascotas 30g est\u00e1 indicado para proteger la piel expuesta de las mascotas frente a los peligrosos da\u00f1os provocados por la radiaci\u00f3n ultravioleta UVA y UVB de origen solar, como el c\u00e1ncer de piel y las quemaduras solares.","og_url":"https:\/\/www.mascoteriagonzalito.cl\/index.php\/producto\/protector-solar-para-perro-y-gato-30-gr\/","og_site_name":"Mascoter\u00eda Gonzalito","article_publisher":"https:\/\/www.facebook.com\/mascoteria.gonzalito\/","article_modified_time":"2026-02-18T20:19:49+00:00","og_image":[{"width":760,"height":960,"url":"https:\/\/www.mascoteriagonzalito.cl\/wp-content\/uploads\/2025\/11\/petit-bloqueador-para-mascotas.webp","type":"image\/webp"}],"twitter_card":"summary_large_image","twitter_misc":{"Tiempo de lectura":"1 minuto"},"schema":{"@context":"https:\/\/schema.org","@graph":[{"@type":"WebPage","@id":"https:\/\/www.mascoteriagonzalito.cl\/index.php\/producto\/protector-solar-para-perro-y-gato-30-gr\/","url":"https:\/\/www.mascoteriagonzalito.cl\/index.php\/producto\/protector-solar-para-perro-y-gato-30-gr\/","name":"PROTECTOR SOLAR PARA PERRO Y GATO 30 GR - Mascoter\u00eda Gonzalito","isPartOf":{"@id":"https:\/\/www.mascoteriagonzalito.cl\/#website"},"primaryImageOfPage":{"@id":"https:\/\/www.mascoteriagonzalito.cl\/index.php\/producto\/protector-solar-para-perro-y-gato-30-gr\/#primaryimage"},"image":{"@id":"https:\/\/www.mascoteriagonzalito.cl\/index.php\/producto\/protector-solar-para-perro-y-gato-30-gr\/#primaryimage"},"thumbnailUrl":"https:\/\/www.mascoteriagonzalito.cl\/wp-content\/uploads\/2025\/11\/petit-bloqueador-para-mascotas.webp","datePublished":"2025-11-27T20:46:24+00:00","dateModified":"2026-02-18T20:19:49+00:00","breadcrumb":{"@id":"https:\/\/www.mascoteriagonzalito.cl\/index.php\/producto\/protector-solar-para-perro-y-gato-30-gr\/#breadcrumb"},"inLanguage":"es","potentialAction":[{"@type":"ReadAction","target":["https:\/\/www.mascoteriagonzalito.cl\/index.php\/producto\/protector-solar-para-perro-y-gato-30-gr\/"]}]},{"@type":"ImageObject","inLanguage":"es","@id":"https:\/\/www.mascoteriagonzalito.cl\/index.php\/producto\/protector-solar-para-perro-y-gato-30-gr\/#primaryimage","url":"https:\/\/www.mascoteriagonzalito.cl\/wp-content\/uploads\/2025\/11\/petit-bloqueador-para-mascotas.webp","contentUrl":"https:\/\/www.mascoteriagonzalito.cl\/wp-content\/uploads\/2025\/11\/petit-bloqueador-para-mascotas.webp","width":760,"height":960},{"@type":"BreadcrumbList","@id":"https:\/\/www.mascoteriagonzalito.cl\/index.php\/producto\/protector-solar-para-perro-y-gato-30-gr\/#breadcrumb","itemListElement":[{"@type":"ListItem","position":1,"name":"Portada","item":"https:\/\/www.mascoteriagonzalito.cl\/"},{"@type":"ListItem","position":2,"name":"Tienda","item":"https:\/\/www.mascoteriagonzalito.cl\/index.php\/tienda\/"},{"@type":"ListItem","position":3,"name":"PROTECTOR SOLAR PARA PERRO Y GATO 30 GR"}]},{"@type":"WebSite","@id":"https:\/\/www.mascoteriagonzalito.cl\/#website","url":"https:\/\/www.mascoteriagonzalito.cl\/","name":"Mascoter\u00eda Gonzalito","description":"Alimentos y accesorios para mascotas","publisher":{"@id":"https:\/\/www.mascoteriagonzalito.cl\/#organization"},"potentialAction":[{"@type":"SearchAction","target":{"@type":"EntryPoint","urlTemplate":"https:\/\/www.mascoteriagonzalito.cl\/?s={search_term_string}"},"query-input":{"@type":"PropertyValueSpecification","valueRequired":true,"valueName":"search_term_string"}}],"inLanguage":"es"},{"@type":"Organization","@id":"https:\/\/www.mascoteriagonzalito.cl\/#organization","name":"Mascoter\u00eda Gonzalito","url":"https:\/\/www.mascoteriagonzalito.cl\/","logo":{"@type":"ImageObject","inLanguage":"es","@id":"https:\/\/www.mascoteriagonzalito.cl\/#\/schema\/logo\/image\/","url":"https:\/\/www.mascoteriagonzalito.cl\/wp-content\/uploads\/2025\/01\/IMG-20250113-WA0002-copia.png","contentUrl":"https:\/\/www.mascoteriagonzalito.cl\/wp-content\/uploads\/2025\/01\/IMG-20250113-WA0002-copia.png","width":1600,"height":1600,"caption":"Mascoter\u00eda Gonzalito"},"image":{"@id":"https:\/\/www.mascoteriagonzalito.cl\/#\/schema\/logo\/image\/"},"sameAs":["https:\/\/www.facebook.com\/mascoteria.gonzalito\/"]}]}},"_links":{"self":[{"href":"https:\/\/www.mascoteriagonzalito.cl\/index.php\/wp-json\/wp\/v2\/product\/5226","targetHints":{"allow":["GET"]}}],"collection":[{"href":"https:\/\/www.mascoteriagonzalito.cl\/index.php\/wp-json\/wp\/v2\/product"}],"about":[{"href":"https:\/\/www.mascoteriagonzalito.cl\/index.php\/wp-json\/wp\/v2\/types\/product"}],"replies":[{"embeddable":true,"href":"https:\/\/www.mascoteriagonzalito.cl\/index.php\/wp-json\/wp\/v2\/comments?post=5226"}],"wp:featuredmedia":[{"embeddable":true,"href":"https:\/\/www.mascoteriagonzalito.cl\/index.php\/wp-json\/wp\/v2\/media\/5824"}],"wp:attachment":[{"href":"https:\/\/www.mascoteriagonzalito.cl\/index.php\/wp-json\/wp\/v2\/media?parent=5226"}],"wp:term":[{"taxonomy":"product_brand","embeddable":true,"href":"https:\/\/www.mascoteriagonzalito.cl\/index.php\/wp-json\/wp\/v2\/product_brand?post=5226"},{"taxonomy":"product_cat","embeddable":true,"href":"https:\/\/www.mascoteriagonzalito.cl\/index.php\/wp-json\/wp\/v2\/product_cat?post=5226"},{"taxonomy":"product_tag","embeddable":true,"href":"https:\/\/www.mascoteriagonzalito.cl\/index.php\/wp-json\/wp\/v2\/product_tag?post=5226"}],"curies":[{"name":"wp","href":"https:\/\/api.w.org\/{rel}","templated":true}]}}