{"id":5184,"date":"2025-11-24T20:19:46","date_gmt":"2025-11-24T20:19:46","guid":{"rendered":"https:\/\/www.mascoteriagonzalito.cl\/?post_type=product&#038;p=5184"},"modified":"2026-03-30T14:50:01","modified_gmt":"2026-03-30T14:50:01","slug":"pro-plan-dog-adulto-raza-grande-12-kg","status":"publish","type":"product","link":"https:\/\/www.mascoteriagonzalito.cl\/index.php\/producto\/pro-plan-dog-adulto-raza-grande-12-kg\/","title":{"rendered":"PRO PLAN DOG ADULTO RAZA GRANDE 12 KG"},"content":{"rendered":"<p>El Pro Plan Adult Razas Grandes 12Kg ofrece, a trav\u00e9s de sus sabrosas croquetas, un contenido rico en prote\u00ednas (26%) y grasas (12%),utilizando como ingrediente principal carne fresca de pollo, que ayuda a los perros a mantener la masa corporal magra y m\u00fasculos fuertes para garantizarle una vida plena y saludable a tu perro.<\/p>\n<div><\/div>\n<div><strong>BENEFICIOS<\/strong><\/div>\n<ul>\n<li>Promueve un sistema digestivo saludable:\u00a0Prebi\u00f3ticos bioactivos promueven la estabilidad de la microflora intestinal de los perros, protegi\u00e9ndolos de problemas digestivos como la diarrea, y promoviendo una mejor absorci\u00f3n de nutrientes para una salud \u00f3ptima..<\/li>\n<li>Favorece una piel saludable y un pelaje lustroso:\u00a0Una relaci\u00f3n balanceada de calcio y f\u00f3sforo, que ayuda a mantener huesos y dientes fuertes.<\/li>\n<li>Huesos y dientes fuertes:\u00a0Contiene niveles garantizados de probi\u00f3ticos vivos, naturales, omegas y antioxidantes que mantendr\u00e1n su salud digestiva, de su piel y pelaje sanos, junto con una salud inmunol\u00f3gica ideal.<\/li>\n<li>Refuerza el sistema inmunol\u00f3gico:\u00a0Formulado con \u03b2-glucanos provenientes de la levadura natural, y prote\u00ednas de la carne fresca de pollo altamente digeribles para mantener un sistema inmunol\u00f3gico fuerte.<\/li>\n<\/ul>\n<p><strong>INGREDIENTES PRINCIPALES<\/strong><\/p>\n<ul>\n<li>Carne de pollo<\/li>\n<li>Gluten de ma\u00edz<\/li>\n<li>Harina de subproductos de pollo<\/li>\n<li>Arroz, ma\u00edz amarillo<\/li>\n<li>Grasa animal (res y\/o pollo y\/o cerdo)<\/li>\n<li>Trigo<\/li>\n<li>Digesto animal (hidrolizado de subproductos de cerdo y\/o pollo)<\/li>\n<li>Salvado de ma\u00edz<\/li>\n<li>Ortofosfato de calcio<\/li>\n<li>Levadura seca de cervecer\u00eda inactiva con selenio (fuente de beta-glucanos y selenio)<\/li>\n<li>Huevo en polvo<\/li>\n<li>Aceite de pescado<\/li>\n<li>Spirulina en polvo<\/li>\n<\/ul>\n","protected":false},"excerpt":{"rendered":"<div class=\"woocommerce-product-details__short-description\">\n<p><strong>Pro Plan Adult Razas Grandes 12Kg<\/strong>\u00a0es un alimento para perros de razas grandes, ayuda a fortalecer el sistema inmune y digestivo, principalmente a trav\u00e9s de la incorporaci\u00f3n de spirulinaen su f\u00f3rmula, cuya efectividad ha sido cient\u00edficamente probada al ayudar a mantener las defensas naturales del sistema inmunol\u00f3gico y ayudar a optimizar la absorci\u00f3n de nutrientes clave,fortaleciendo y estabilizando la microflora intestinal.<\/p>\n<\/div>\n","protected":false},"featured_media":6303,"comment_status":"open","ping_status":"closed","template":"","meta":[],"product_brand":[191],"product_cat":[34],"product_tag":[],"class_list":{"0":"post-5184","1":"product","2":"type-product","3":"status-publish","4":"has-post-thumbnail","6":"product_brand-dog-chow","7":"product_cat-alimentos-perros","9":"first","10":"instock","11":"shipping-taxable","12":"purchasable","13":"product-type-simple"},"yoast_head":"<!-- This site is optimized with the Yoast SEO plugin v27.4 - https:\/\/yoast.com\/product\/yoast-seo-wordpress\/ -->\n<title>PRO PLAN DOG ADULTO RAZA GRANDE 12 KG - Mascoter\u00eda Gonzalito<\/title>\n<meta name=\"robots\" content=\"index, follow, max-snippet:-1, max-image-preview:large, max-video-preview:-1\" \/>\n<link rel=\"canonical\" href=\"https:\/\/www.mascoteriagonzalito.cl\/index.php\/producto\/pro-plan-dog-adulto-raza-grande-12-kg\/\" \/>\n<meta property=\"og:locale\" content=\"es_ES\" \/>\n<meta property=\"og:type\" content=\"article\" \/>\n<meta property=\"og:title\" content=\"PRO PLAN DOG ADULTO RAZA GRANDE 12 KG - Mascoter\u00eda Gonzalito\" \/>\n<meta property=\"og:description\" content=\"Pro Plan Adult Razas Grandes 12Kg\u00a0es un alimento para perros de razas grandes, ayuda a fortalecer el sistema inmune y digestivo, principalmente a trav\u00e9s de la incorporaci\u00f3n de spirulinaen su f\u00f3rmula, cuya efectividad ha sido cient\u00edficamente probada al ayudar a mantener las defensas naturales del sistema inmunol\u00f3gico y ayudar a optimizar la absorci\u00f3n de nutrientes clave,fortaleciendo y estabilizando la microflora intestinal.\" \/>\n<meta property=\"og:url\" content=\"https:\/\/www.mascoteriagonzalito.cl\/index.php\/producto\/pro-plan-dog-adulto-raza-grande-12-kg\/\" \/>\n<meta property=\"og:site_name\" content=\"Mascoter\u00eda Gonzalito\" \/>\n<meta property=\"article:publisher\" content=\"https:\/\/www.facebook.com\/mascoteria.gonzalito\/\" \/>\n<meta property=\"article:modified_time\" content=\"2026-03-30T14:50:01+00:00\" \/>\n<meta property=\"og:image\" content=\"https:\/\/www.mascoteriagonzalito.cl\/wp-content\/uploads\/2025\/11\/Pro-Plan-Adult-Razas-Grandes-de-12-kg-12604195.jpg\" \/>\n\t<meta property=\"og:image:width\" content=\"800\" \/>\n\t<meta property=\"og:image:height\" content=\"800\" \/>\n\t<meta property=\"og:image:type\" content=\"image\/jpeg\" \/>\n<meta name=\"twitter:card\" content=\"summary_large_image\" \/>\n<meta name=\"twitter:label1\" content=\"Tiempo de lectura\" \/>\n\t<meta name=\"twitter:data1\" content=\"1 minuto\" \/>\n<script type=\"application\/ld+json\" class=\"yoast-schema-graph\">{\"@context\":\"https:\\\/\\\/schema.org\",\"@graph\":[{\"@type\":\"WebPage\",\"@id\":\"https:\\\/\\\/www.mascoteriagonzalito.cl\\\/index.php\\\/producto\\\/pro-plan-dog-adulto-raza-grande-12-kg\\\/\",\"url\":\"https:\\\/\\\/www.mascoteriagonzalito.cl\\\/index.php\\\/producto\\\/pro-plan-dog-adulto-raza-grande-12-kg\\\/\",\"name\":\"PRO PLAN DOG ADULTO RAZA GRANDE 12 KG - Mascoter\u00eda Gonzalito\",\"isPartOf\":{\"@id\":\"https:\\\/\\\/www.mascoteriagonzalito.cl\\\/#website\"},\"primaryImageOfPage\":{\"@id\":\"https:\\\/\\\/www.mascoteriagonzalito.cl\\\/index.php\\\/producto\\\/pro-plan-dog-adulto-raza-grande-12-kg\\\/#primaryimage\"},\"image\":{\"@id\":\"https:\\\/\\\/www.mascoteriagonzalito.cl\\\/index.php\\\/producto\\\/pro-plan-dog-adulto-raza-grande-12-kg\\\/#primaryimage\"},\"thumbnailUrl\":\"https:\\\/\\\/www.mascoteriagonzalito.cl\\\/wp-content\\\/uploads\\\/2025\\\/11\\\/Pro-Plan-Adult-Razas-Grandes-de-12-kg-12604195.jpg\",\"datePublished\":\"2025-11-24T20:19:46+00:00\",\"dateModified\":\"2026-03-30T14:50:01+00:00\",\"breadcrumb\":{\"@id\":\"https:\\\/\\\/www.mascoteriagonzalito.cl\\\/index.php\\\/producto\\\/pro-plan-dog-adulto-raza-grande-12-kg\\\/#breadcrumb\"},\"inLanguage\":\"es\",\"potentialAction\":[{\"@type\":\"ReadAction\",\"target\":[\"https:\\\/\\\/www.mascoteriagonzalito.cl\\\/index.php\\\/producto\\\/pro-plan-dog-adulto-raza-grande-12-kg\\\/\"]}]},{\"@type\":\"ImageObject\",\"inLanguage\":\"es\",\"@id\":\"https:\\\/\\\/www.mascoteriagonzalito.cl\\\/index.php\\\/producto\\\/pro-plan-dog-adulto-raza-grande-12-kg\\\/#primaryimage\",\"url\":\"https:\\\/\\\/www.mascoteriagonzalito.cl\\\/wp-content\\\/uploads\\\/2025\\\/11\\\/Pro-Plan-Adult-Razas-Grandes-de-12-kg-12604195.jpg\",\"contentUrl\":\"https:\\\/\\\/www.mascoteriagonzalito.cl\\\/wp-content\\\/uploads\\\/2025\\\/11\\\/Pro-Plan-Adult-Razas-Grandes-de-12-kg-12604195.jpg\",\"width\":800,\"height\":800},{\"@type\":\"BreadcrumbList\",\"@id\":\"https:\\\/\\\/www.mascoteriagonzalito.cl\\\/index.php\\\/producto\\\/pro-plan-dog-adulto-raza-grande-12-kg\\\/#breadcrumb\",\"itemListElement\":[{\"@type\":\"ListItem\",\"position\":1,\"name\":\"Portada\",\"item\":\"https:\\\/\\\/www.mascoteriagonzalito.cl\\\/\"},{\"@type\":\"ListItem\",\"position\":2,\"name\":\"Tienda\",\"item\":\"https:\\\/\\\/www.mascoteriagonzalito.cl\\\/index.php\\\/tienda\\\/\"},{\"@type\":\"ListItem\",\"position\":3,\"name\":\"PRO PLAN DOG ADULTO RAZA GRANDE 12 KG\"}]},{\"@type\":\"WebSite\",\"@id\":\"https:\\\/\\\/www.mascoteriagonzalito.cl\\\/#website\",\"url\":\"https:\\\/\\\/www.mascoteriagonzalito.cl\\\/\",\"name\":\"Mascoter\u00eda Gonzalito\",\"description\":\"Alimentos y accesorios para mascotas\",\"publisher\":{\"@id\":\"https:\\\/\\\/www.mascoteriagonzalito.cl\\\/#organization\"},\"potentialAction\":[{\"@type\":\"SearchAction\",\"target\":{\"@type\":\"EntryPoint\",\"urlTemplate\":\"https:\\\/\\\/www.mascoteriagonzalito.cl\\\/?s={search_term_string}\"},\"query-input\":{\"@type\":\"PropertyValueSpecification\",\"valueRequired\":true,\"valueName\":\"search_term_string\"}}],\"inLanguage\":\"es\"},{\"@type\":\"Organization\",\"@id\":\"https:\\\/\\\/www.mascoteriagonzalito.cl\\\/#organization\",\"name\":\"Mascoter\u00eda Gonzalito\",\"url\":\"https:\\\/\\\/www.mascoteriagonzalito.cl\\\/\",\"logo\":{\"@type\":\"ImageObject\",\"inLanguage\":\"es\",\"@id\":\"https:\\\/\\\/www.mascoteriagonzalito.cl\\\/#\\\/schema\\\/logo\\\/image\\\/\",\"url\":\"https:\\\/\\\/www.mascoteriagonzalito.cl\\\/wp-content\\\/uploads\\\/2025\\\/01\\\/IMG-20250113-WA0002-copia.png\",\"contentUrl\":\"https:\\\/\\\/www.mascoteriagonzalito.cl\\\/wp-content\\\/uploads\\\/2025\\\/01\\\/IMG-20250113-WA0002-copia.png\",\"width\":1600,\"height\":1600,\"caption\":\"Mascoter\u00eda Gonzalito\"},\"image\":{\"@id\":\"https:\\\/\\\/www.mascoteriagonzalito.cl\\\/#\\\/schema\\\/logo\\\/image\\\/\"},\"sameAs\":[\"https:\\\/\\\/www.facebook.com\\\/mascoteria.gonzalito\\\/\"]}]}<\/script>\n<!-- \/ Yoast SEO plugin. -->","yoast_head_json":{"title":"PRO PLAN DOG ADULTO RAZA GRANDE 12 KG - Mascoter\u00eda Gonzalito","robots":{"index":"index","follow":"follow","max-snippet":"max-snippet:-1","max-image-preview":"max-image-preview:large","max-video-preview":"max-video-preview:-1"},"canonical":"https:\/\/www.mascoteriagonzalito.cl\/index.php\/producto\/pro-plan-dog-adulto-raza-grande-12-kg\/","og_locale":"es_ES","og_type":"article","og_title":"PRO PLAN DOG ADULTO RAZA GRANDE 12 KG - Mascoter\u00eda Gonzalito","og_description":"Pro Plan Adult Razas Grandes 12Kg\u00a0es un alimento para perros de razas grandes, ayuda a fortalecer el sistema inmune y digestivo, principalmente a trav\u00e9s de la incorporaci\u00f3n de spirulinaen su f\u00f3rmula, cuya efectividad ha sido cient\u00edficamente probada al ayudar a mantener las defensas naturales del sistema inmunol\u00f3gico y ayudar a optimizar la absorci\u00f3n de nutrientes clave,fortaleciendo y estabilizando la microflora intestinal.","og_url":"https:\/\/www.mascoteriagonzalito.cl\/index.php\/producto\/pro-plan-dog-adulto-raza-grande-12-kg\/","og_site_name":"Mascoter\u00eda Gonzalito","article_publisher":"https:\/\/www.facebook.com\/mascoteria.gonzalito\/","article_modified_time":"2026-03-30T14:50:01+00:00","og_image":[{"width":800,"height":800,"url":"https:\/\/www.mascoteriagonzalito.cl\/wp-content\/uploads\/2025\/11\/Pro-Plan-Adult-Razas-Grandes-de-12-kg-12604195.jpg","type":"image\/jpeg"}],"twitter_card":"summary_large_image","twitter_misc":{"Tiempo de lectura":"1 minuto"},"schema":{"@context":"https:\/\/schema.org","@graph":[{"@type":"WebPage","@id":"https:\/\/www.mascoteriagonzalito.cl\/index.php\/producto\/pro-plan-dog-adulto-raza-grande-12-kg\/","url":"https:\/\/www.mascoteriagonzalito.cl\/index.php\/producto\/pro-plan-dog-adulto-raza-grande-12-kg\/","name":"PRO PLAN DOG ADULTO RAZA GRANDE 12 KG - Mascoter\u00eda Gonzalito","isPartOf":{"@id":"https:\/\/www.mascoteriagonzalito.cl\/#website"},"primaryImageOfPage":{"@id":"https:\/\/www.mascoteriagonzalito.cl\/index.php\/producto\/pro-plan-dog-adulto-raza-grande-12-kg\/#primaryimage"},"image":{"@id":"https:\/\/www.mascoteriagonzalito.cl\/index.php\/producto\/pro-plan-dog-adulto-raza-grande-12-kg\/#primaryimage"},"thumbnailUrl":"https:\/\/www.mascoteriagonzalito.cl\/wp-content\/uploads\/2025\/11\/Pro-Plan-Adult-Razas-Grandes-de-12-kg-12604195.jpg","datePublished":"2025-11-24T20:19:46+00:00","dateModified":"2026-03-30T14:50:01+00:00","breadcrumb":{"@id":"https:\/\/www.mascoteriagonzalito.cl\/index.php\/producto\/pro-plan-dog-adulto-raza-grande-12-kg\/#breadcrumb"},"inLanguage":"es","potentialAction":[{"@type":"ReadAction","target":["https:\/\/www.mascoteriagonzalito.cl\/index.php\/producto\/pro-plan-dog-adulto-raza-grande-12-kg\/"]}]},{"@type":"ImageObject","inLanguage":"es","@id":"https:\/\/www.mascoteriagonzalito.cl\/index.php\/producto\/pro-plan-dog-adulto-raza-grande-12-kg\/#primaryimage","url":"https:\/\/www.mascoteriagonzalito.cl\/wp-content\/uploads\/2025\/11\/Pro-Plan-Adult-Razas-Grandes-de-12-kg-12604195.jpg","contentUrl":"https:\/\/www.mascoteriagonzalito.cl\/wp-content\/uploads\/2025\/11\/Pro-Plan-Adult-Razas-Grandes-de-12-kg-12604195.jpg","width":800,"height":800},{"@type":"BreadcrumbList","@id":"https:\/\/www.mascoteriagonzalito.cl\/index.php\/producto\/pro-plan-dog-adulto-raza-grande-12-kg\/#breadcrumb","itemListElement":[{"@type":"ListItem","position":1,"name":"Portada","item":"https:\/\/www.mascoteriagonzalito.cl\/"},{"@type":"ListItem","position":2,"name":"Tienda","item":"https:\/\/www.mascoteriagonzalito.cl\/index.php\/tienda\/"},{"@type":"ListItem","position":3,"name":"PRO PLAN DOG ADULTO RAZA GRANDE 12 KG"}]},{"@type":"WebSite","@id":"https:\/\/www.mascoteriagonzalito.cl\/#website","url":"https:\/\/www.mascoteriagonzalito.cl\/","name":"Mascoter\u00eda Gonzalito","description":"Alimentos y accesorios para mascotas","publisher":{"@id":"https:\/\/www.mascoteriagonzalito.cl\/#organization"},"potentialAction":[{"@type":"SearchAction","target":{"@type":"EntryPoint","urlTemplate":"https:\/\/www.mascoteriagonzalito.cl\/?s={search_term_string}"},"query-input":{"@type":"PropertyValueSpecification","valueRequired":true,"valueName":"search_term_string"}}],"inLanguage":"es"},{"@type":"Organization","@id":"https:\/\/www.mascoteriagonzalito.cl\/#organization","name":"Mascoter\u00eda Gonzalito","url":"https:\/\/www.mascoteriagonzalito.cl\/","logo":{"@type":"ImageObject","inLanguage":"es","@id":"https:\/\/www.mascoteriagonzalito.cl\/#\/schema\/logo\/image\/","url":"https:\/\/www.mascoteriagonzalito.cl\/wp-content\/uploads\/2025\/01\/IMG-20250113-WA0002-copia.png","contentUrl":"https:\/\/www.mascoteriagonzalito.cl\/wp-content\/uploads\/2025\/01\/IMG-20250113-WA0002-copia.png","width":1600,"height":1600,"caption":"Mascoter\u00eda Gonzalito"},"image":{"@id":"https:\/\/www.mascoteriagonzalito.cl\/#\/schema\/logo\/image\/"},"sameAs":["https:\/\/www.facebook.com\/mascoteria.gonzalito\/"]}]}},"_links":{"self":[{"href":"https:\/\/www.mascoteriagonzalito.cl\/index.php\/wp-json\/wp\/v2\/product\/5184","targetHints":{"allow":["GET"]}}],"collection":[{"href":"https:\/\/www.mascoteriagonzalito.cl\/index.php\/wp-json\/wp\/v2\/product"}],"about":[{"href":"https:\/\/www.mascoteriagonzalito.cl\/index.php\/wp-json\/wp\/v2\/types\/product"}],"replies":[{"embeddable":true,"href":"https:\/\/www.mascoteriagonzalito.cl\/index.php\/wp-json\/wp\/v2\/comments?post=5184"}],"wp:featuredmedia":[{"embeddable":true,"href":"https:\/\/www.mascoteriagonzalito.cl\/index.php\/wp-json\/wp\/v2\/media\/6303"}],"wp:attachment":[{"href":"https:\/\/www.mascoteriagonzalito.cl\/index.php\/wp-json\/wp\/v2\/media?parent=5184"}],"wp:term":[{"taxonomy":"product_brand","embeddable":true,"href":"https:\/\/www.mascoteriagonzalito.cl\/index.php\/wp-json\/wp\/v2\/product_brand?post=5184"},{"taxonomy":"product_cat","embeddable":true,"href":"https:\/\/www.mascoteriagonzalito.cl\/index.php\/wp-json\/wp\/v2\/product_cat?post=5184"},{"taxonomy":"product_tag","embeddable":true,"href":"https:\/\/www.mascoteriagonzalito.cl\/index.php\/wp-json\/wp\/v2\/product_tag?post=5184"}],"curies":[{"name":"wp","href":"https:\/\/api.w.org\/{rel}","templated":true}]}}