{"id":5117,"date":"2025-11-12T16:10:35","date_gmt":"2025-11-12T16:10:35","guid":{"rendered":"https:\/\/www.mascoteriagonzalito.cl\/?post_type=product&#038;p=5117"},"modified":"2026-03-14T14:01:34","modified_gmt":"2026-03-14T14:01:34","slug":"master-dog-cachorro-raza-pequea-8-kg","status":"publish","type":"product","link":"https:\/\/www.mascoteriagonzalito.cl\/index.php\/producto\/master-dog-cachorro-raza-pequea-8-kg\/","title":{"rendered":"MASTER DOG CACHORRO RAZA PEQUE\u00d1A 8 KG"},"content":{"rendered":"<table class=\"table table-bordered theme-table\">\n<tbody>\n<tr>\n<td align=\"center\" valign=\"middle\"><img class=\"lazyload\" decoding=\"async\" src=\"data:image\/gif;base64,R0lGODlhAQABAAAAACH5BAEKAAEALAAAAAABAAEAAAICTAEAOw==\" data-orig-src=\"https:\/\/www.masterdog.cl\/wp-content\/uploads\/2020\/10\/ICONOS-MDOG-2-05-150x150.png\" \/><\/td>\n<td><strong>CRECIMIENTO SANO Y PROTEGIDO DESDE SUS INICIOS<\/strong><br \/>\nPorque tu cachorro necesita el mejor alimento desde sus inicios, incorporamos m\u00e1s prote\u00ednas para un mejor desarrollo muscular y m\u00e1s materia grasa para entregarle toda la energ\u00eda necesaria en sus juegos.<\/td>\n<\/tr>\n<tr>\n<td align=\"center\" valign=\"middle\"><img class=\"lazyload\" decoding=\"async\" src=\"data:image\/gif;base64,R0lGODlhAQABAAAAACH5BAEKAAEALAAAAAABAAEAAAICTAEAOw==\" data-orig-src=\"https:\/\/www.masterdog.cl\/wp-content\/uploads\/2020\/10\/ICONOS-MDOG-2-06-150x150.png\" \/><\/td>\n<td><strong>\u00d3PTIMO CRECIMIENTO HUESOS Y DIENTES<\/strong><br \/>\nLa relaci\u00f3n Calcio\/F\u00f3sforo es fundamental en las etapas de un cachorro, por lo mismo incorporamos un mayor porcentaje de calcio fortaleciendo huesos y dientes.<\/td>\n<\/tr>\n<tr>\n<td align=\"center\" valign=\"middle\"><img class=\"lazyload\" decoding=\"async\" src=\"data:image\/gif;base64,R0lGODlhAQABAAAAACH5BAEKAAEALAAAAAABAAEAAAICTAEAOw==\" data-orig-src=\"https:\/\/www.masterdog.cl\/wp-content\/uploads\/2020\/10\/ICONOS-MDOG-2-07-150x150.png\" \/><\/td>\n<td><strong>PREBI\u00d3TICOS: FORTALECE SU INMUNIDAD<\/strong><br \/>\nTu Master Dog al igual que nosotros, necesitan fortalecer sus defensas sobre todo cuando son cachorros, y gracias al aporte de prebi\u00f3ticos, la inmunidad se ve reforzada.<\/td>\n<\/tr>\n<tr>\n<td align=\"center\" valign=\"middle\"><img class=\"lazyload\" decoding=\"async\" src=\"data:image\/gif;base64,R0lGODlhAQABAAAAACH5BAEKAAEALAAAAAABAAEAAAICTAEAOw==\" data-orig-src=\"https:\/\/www.masterdog.cl\/wp-content\/uploads\/2020\/10\/ICONOS-MDOG-2-08-150x150.png\" \/><\/td>\n<td><strong>DHA: MEJOR CAPACIDAD DE APRENDIZAJE<\/strong><br \/>\nLos primeros meses de vida en tu cachorro son clave para su aprendizaje futuro, por eso incorporamos DHA en su dieta, lo que favorece su desarrollo cerebral y correcto funcionamiento de la visi\u00f3n.<\/td>\n<\/tr>\n<\/tbody>\n<\/table>\n","protected":false},"excerpt":{"rendered":"<p>Alimento completo y balanceado, recomendado para tu Master Dog Cachorro Raza Peque\u00f1a desde los 1,5 meses a los 12 meses de vida. Ahora con m\u00e1s prote\u00ednas para un mejor desarrollo muscular, bocados m\u00e1s peque\u00f1os y m\u00e1s materia grasa para entregarle toda la energ\u00eda que necesita en sus juegos. Adem\u00e1s incorpora DHA lo que favorece su desarrollo cerebral y correcto funcionamiento de la visi\u00f3n, y prebi\u00f3ticos que fortalecen su inmunidad.<\/p>\n","protected":false},"featured_media":6323,"comment_status":"open","ping_status":"closed","template":"","meta":[],"product_brand":[94],"product_cat":[34],"product_tag":[],"class_list":{"0":"post-5117","1":"product","2":"type-product","3":"status-publish","4":"has-post-thumbnail","6":"product_brand-master","7":"product_cat-alimentos-perros","9":"first","10":"instock","11":"shipping-taxable","12":"purchasable","13":"product-type-simple"},"yoast_head":"<!-- This site is optimized with the Yoast SEO plugin v27.4 - https:\/\/yoast.com\/product\/yoast-seo-wordpress\/ -->\n<title>MASTER DOG CACHORRO RAZA PEQUE\u00d1A 8 KG - Mascoter\u00eda Gonzalito<\/title>\n<meta name=\"robots\" content=\"index, follow, max-snippet:-1, max-image-preview:large, max-video-preview:-1\" \/>\n<link rel=\"canonical\" href=\"https:\/\/www.mascoteriagonzalito.cl\/index.php\/producto\/master-dog-cachorro-raza-pequea-8-kg\/\" \/>\n<meta property=\"og:locale\" content=\"es_ES\" \/>\n<meta property=\"og:type\" content=\"article\" \/>\n<meta property=\"og:title\" content=\"MASTER DOG CACHORRO RAZA PEQUE\u00d1A 8 KG - Mascoter\u00eda Gonzalito\" \/>\n<meta property=\"og:description\" content=\"Alimento completo y balanceado, recomendado para tu Master Dog Cachorro Raza Peque\u00f1a desde los 1,5 meses a los 12 meses de vida. Ahora con m\u00e1s prote\u00ednas para un mejor desarrollo muscular, bocados m\u00e1s peque\u00f1os y m\u00e1s materia grasa para entregarle toda la energ\u00eda que necesita en sus juegos. Adem\u00e1s incorpora DHA lo que favorece su desarrollo cerebral y correcto funcionamiento de la visi\u00f3n, y prebi\u00f3ticos que fortalecen su inmunidad.\" \/>\n<meta property=\"og:url\" content=\"https:\/\/www.mascoteriagonzalito.cl\/index.php\/producto\/master-dog-cachorro-raza-pequea-8-kg\/\" \/>\n<meta property=\"og:site_name\" content=\"Mascoter\u00eda Gonzalito\" \/>\n<meta property=\"article:publisher\" content=\"https:\/\/www.facebook.com\/mascoteria.gonzalito\/\" \/>\n<meta property=\"article:modified_time\" content=\"2026-03-14T14:01:34+00:00\" \/>\n<meta property=\"og:image\" content=\"https:\/\/www.mascoteriagonzalito.cl\/wp-content\/uploads\/2025\/11\/MASTER_DOG_Cachorro_RP_8kg.jpg\" \/>\n\t<meta property=\"og:image:width\" content=\"1080\" \/>\n\t<meta property=\"og:image:height\" content=\"1080\" \/>\n\t<meta property=\"og:image:type\" content=\"image\/jpeg\" \/>\n<meta name=\"twitter:card\" content=\"summary_large_image\" \/>\n<meta name=\"twitter:label1\" content=\"Tiempo de lectura\" \/>\n\t<meta name=\"twitter:data1\" content=\"1 minuto\" \/>\n<script type=\"application\/ld+json\" class=\"yoast-schema-graph\">{\"@context\":\"https:\\\/\\\/schema.org\",\"@graph\":[{\"@type\":\"WebPage\",\"@id\":\"https:\\\/\\\/www.mascoteriagonzalito.cl\\\/index.php\\\/producto\\\/master-dog-cachorro-raza-pequea-8-kg\\\/\",\"url\":\"https:\\\/\\\/www.mascoteriagonzalito.cl\\\/index.php\\\/producto\\\/master-dog-cachorro-raza-pequea-8-kg\\\/\",\"name\":\"MASTER DOG CACHORRO RAZA PEQUE\u00d1A 8 KG - Mascoter\u00eda Gonzalito\",\"isPartOf\":{\"@id\":\"https:\\\/\\\/www.mascoteriagonzalito.cl\\\/#website\"},\"primaryImageOfPage\":{\"@id\":\"https:\\\/\\\/www.mascoteriagonzalito.cl\\\/index.php\\\/producto\\\/master-dog-cachorro-raza-pequea-8-kg\\\/#primaryimage\"},\"image\":{\"@id\":\"https:\\\/\\\/www.mascoteriagonzalito.cl\\\/index.php\\\/producto\\\/master-dog-cachorro-raza-pequea-8-kg\\\/#primaryimage\"},\"thumbnailUrl\":\"https:\\\/\\\/www.mascoteriagonzalito.cl\\\/wp-content\\\/uploads\\\/2025\\\/11\\\/MASTER_DOG_Cachorro_RP_8kg.jpg\",\"datePublished\":\"2025-11-12T16:10:35+00:00\",\"dateModified\":\"2026-03-14T14:01:34+00:00\",\"breadcrumb\":{\"@id\":\"https:\\\/\\\/www.mascoteriagonzalito.cl\\\/index.php\\\/producto\\\/master-dog-cachorro-raza-pequea-8-kg\\\/#breadcrumb\"},\"inLanguage\":\"es\",\"potentialAction\":[{\"@type\":\"ReadAction\",\"target\":[\"https:\\\/\\\/www.mascoteriagonzalito.cl\\\/index.php\\\/producto\\\/master-dog-cachorro-raza-pequea-8-kg\\\/\"]}]},{\"@type\":\"ImageObject\",\"inLanguage\":\"es\",\"@id\":\"https:\\\/\\\/www.mascoteriagonzalito.cl\\\/index.php\\\/producto\\\/master-dog-cachorro-raza-pequea-8-kg\\\/#primaryimage\",\"url\":\"https:\\\/\\\/www.mascoteriagonzalito.cl\\\/wp-content\\\/uploads\\\/2025\\\/11\\\/MASTER_DOG_Cachorro_RP_8kg.jpg\",\"contentUrl\":\"https:\\\/\\\/www.mascoteriagonzalito.cl\\\/wp-content\\\/uploads\\\/2025\\\/11\\\/MASTER_DOG_Cachorro_RP_8kg.jpg\",\"width\":1080,\"height\":1080},{\"@type\":\"BreadcrumbList\",\"@id\":\"https:\\\/\\\/www.mascoteriagonzalito.cl\\\/index.php\\\/producto\\\/master-dog-cachorro-raza-pequea-8-kg\\\/#breadcrumb\",\"itemListElement\":[{\"@type\":\"ListItem\",\"position\":1,\"name\":\"Portada\",\"item\":\"https:\\\/\\\/www.mascoteriagonzalito.cl\\\/\"},{\"@type\":\"ListItem\",\"position\":2,\"name\":\"Tienda\",\"item\":\"https:\\\/\\\/www.mascoteriagonzalito.cl\\\/index.php\\\/tienda\\\/\"},{\"@type\":\"ListItem\",\"position\":3,\"name\":\"MASTER DOG CACHORRO RAZA PEQUE\u00d1A 8 KG\"}]},{\"@type\":\"WebSite\",\"@id\":\"https:\\\/\\\/www.mascoteriagonzalito.cl\\\/#website\",\"url\":\"https:\\\/\\\/www.mascoteriagonzalito.cl\\\/\",\"name\":\"Mascoter\u00eda Gonzalito\",\"description\":\"Alimentos y accesorios para mascotas\",\"publisher\":{\"@id\":\"https:\\\/\\\/www.mascoteriagonzalito.cl\\\/#organization\"},\"potentialAction\":[{\"@type\":\"SearchAction\",\"target\":{\"@type\":\"EntryPoint\",\"urlTemplate\":\"https:\\\/\\\/www.mascoteriagonzalito.cl\\\/?s={search_term_string}\"},\"query-input\":{\"@type\":\"PropertyValueSpecification\",\"valueRequired\":true,\"valueName\":\"search_term_string\"}}],\"inLanguage\":\"es\"},{\"@type\":\"Organization\",\"@id\":\"https:\\\/\\\/www.mascoteriagonzalito.cl\\\/#organization\",\"name\":\"Mascoter\u00eda Gonzalito\",\"url\":\"https:\\\/\\\/www.mascoteriagonzalito.cl\\\/\",\"logo\":{\"@type\":\"ImageObject\",\"inLanguage\":\"es\",\"@id\":\"https:\\\/\\\/www.mascoteriagonzalito.cl\\\/#\\\/schema\\\/logo\\\/image\\\/\",\"url\":\"https:\\\/\\\/www.mascoteriagonzalito.cl\\\/wp-content\\\/uploads\\\/2025\\\/01\\\/IMG-20250113-WA0002-copia.png\",\"contentUrl\":\"https:\\\/\\\/www.mascoteriagonzalito.cl\\\/wp-content\\\/uploads\\\/2025\\\/01\\\/IMG-20250113-WA0002-copia.png\",\"width\":1600,\"height\":1600,\"caption\":\"Mascoter\u00eda Gonzalito\"},\"image\":{\"@id\":\"https:\\\/\\\/www.mascoteriagonzalito.cl\\\/#\\\/schema\\\/logo\\\/image\\\/\"},\"sameAs\":[\"https:\\\/\\\/www.facebook.com\\\/mascoteria.gonzalito\\\/\"]}]}<\/script>\n<!-- \/ Yoast SEO plugin. -->","yoast_head_json":{"title":"MASTER DOG CACHORRO RAZA PEQUE\u00d1A 8 KG - Mascoter\u00eda Gonzalito","robots":{"index":"index","follow":"follow","max-snippet":"max-snippet:-1","max-image-preview":"max-image-preview:large","max-video-preview":"max-video-preview:-1"},"canonical":"https:\/\/www.mascoteriagonzalito.cl\/index.php\/producto\/master-dog-cachorro-raza-pequea-8-kg\/","og_locale":"es_ES","og_type":"article","og_title":"MASTER DOG CACHORRO RAZA PEQUE\u00d1A 8 KG - Mascoter\u00eda Gonzalito","og_description":"Alimento completo y balanceado, recomendado para tu Master Dog Cachorro Raza Peque\u00f1a desde los 1,5 meses a los 12 meses de vida. Ahora con m\u00e1s prote\u00ednas para un mejor desarrollo muscular, bocados m\u00e1s peque\u00f1os y m\u00e1s materia grasa para entregarle toda la energ\u00eda que necesita en sus juegos. Adem\u00e1s incorpora DHA lo que favorece su desarrollo cerebral y correcto funcionamiento de la visi\u00f3n, y prebi\u00f3ticos que fortalecen su inmunidad.","og_url":"https:\/\/www.mascoteriagonzalito.cl\/index.php\/producto\/master-dog-cachorro-raza-pequea-8-kg\/","og_site_name":"Mascoter\u00eda Gonzalito","article_publisher":"https:\/\/www.facebook.com\/mascoteria.gonzalito\/","article_modified_time":"2026-03-14T14:01:34+00:00","og_image":[{"width":1080,"height":1080,"url":"https:\/\/www.mascoteriagonzalito.cl\/wp-content\/uploads\/2025\/11\/MASTER_DOG_Cachorro_RP_8kg.jpg","type":"image\/jpeg"}],"twitter_card":"summary_large_image","twitter_misc":{"Tiempo de lectura":"1 minuto"},"schema":{"@context":"https:\/\/schema.org","@graph":[{"@type":"WebPage","@id":"https:\/\/www.mascoteriagonzalito.cl\/index.php\/producto\/master-dog-cachorro-raza-pequea-8-kg\/","url":"https:\/\/www.mascoteriagonzalito.cl\/index.php\/producto\/master-dog-cachorro-raza-pequea-8-kg\/","name":"MASTER DOG CACHORRO RAZA PEQUE\u00d1A 8 KG - Mascoter\u00eda Gonzalito","isPartOf":{"@id":"https:\/\/www.mascoteriagonzalito.cl\/#website"},"primaryImageOfPage":{"@id":"https:\/\/www.mascoteriagonzalito.cl\/index.php\/producto\/master-dog-cachorro-raza-pequea-8-kg\/#primaryimage"},"image":{"@id":"https:\/\/www.mascoteriagonzalito.cl\/index.php\/producto\/master-dog-cachorro-raza-pequea-8-kg\/#primaryimage"},"thumbnailUrl":"https:\/\/www.mascoteriagonzalito.cl\/wp-content\/uploads\/2025\/11\/MASTER_DOG_Cachorro_RP_8kg.jpg","datePublished":"2025-11-12T16:10:35+00:00","dateModified":"2026-03-14T14:01:34+00:00","breadcrumb":{"@id":"https:\/\/www.mascoteriagonzalito.cl\/index.php\/producto\/master-dog-cachorro-raza-pequea-8-kg\/#breadcrumb"},"inLanguage":"es","potentialAction":[{"@type":"ReadAction","target":["https:\/\/www.mascoteriagonzalito.cl\/index.php\/producto\/master-dog-cachorro-raza-pequea-8-kg\/"]}]},{"@type":"ImageObject","inLanguage":"es","@id":"https:\/\/www.mascoteriagonzalito.cl\/index.php\/producto\/master-dog-cachorro-raza-pequea-8-kg\/#primaryimage","url":"https:\/\/www.mascoteriagonzalito.cl\/wp-content\/uploads\/2025\/11\/MASTER_DOG_Cachorro_RP_8kg.jpg","contentUrl":"https:\/\/www.mascoteriagonzalito.cl\/wp-content\/uploads\/2025\/11\/MASTER_DOG_Cachorro_RP_8kg.jpg","width":1080,"height":1080},{"@type":"BreadcrumbList","@id":"https:\/\/www.mascoteriagonzalito.cl\/index.php\/producto\/master-dog-cachorro-raza-pequea-8-kg\/#breadcrumb","itemListElement":[{"@type":"ListItem","position":1,"name":"Portada","item":"https:\/\/www.mascoteriagonzalito.cl\/"},{"@type":"ListItem","position":2,"name":"Tienda","item":"https:\/\/www.mascoteriagonzalito.cl\/index.php\/tienda\/"},{"@type":"ListItem","position":3,"name":"MASTER DOG CACHORRO RAZA PEQUE\u00d1A 8 KG"}]},{"@type":"WebSite","@id":"https:\/\/www.mascoteriagonzalito.cl\/#website","url":"https:\/\/www.mascoteriagonzalito.cl\/","name":"Mascoter\u00eda Gonzalito","description":"Alimentos y accesorios para mascotas","publisher":{"@id":"https:\/\/www.mascoteriagonzalito.cl\/#organization"},"potentialAction":[{"@type":"SearchAction","target":{"@type":"EntryPoint","urlTemplate":"https:\/\/www.mascoteriagonzalito.cl\/?s={search_term_string}"},"query-input":{"@type":"PropertyValueSpecification","valueRequired":true,"valueName":"search_term_string"}}],"inLanguage":"es"},{"@type":"Organization","@id":"https:\/\/www.mascoteriagonzalito.cl\/#organization","name":"Mascoter\u00eda Gonzalito","url":"https:\/\/www.mascoteriagonzalito.cl\/","logo":{"@type":"ImageObject","inLanguage":"es","@id":"https:\/\/www.mascoteriagonzalito.cl\/#\/schema\/logo\/image\/","url":"https:\/\/www.mascoteriagonzalito.cl\/wp-content\/uploads\/2025\/01\/IMG-20250113-WA0002-copia.png","contentUrl":"https:\/\/www.mascoteriagonzalito.cl\/wp-content\/uploads\/2025\/01\/IMG-20250113-WA0002-copia.png","width":1600,"height":1600,"caption":"Mascoter\u00eda Gonzalito"},"image":{"@id":"https:\/\/www.mascoteriagonzalito.cl\/#\/schema\/logo\/image\/"},"sameAs":["https:\/\/www.facebook.com\/mascoteria.gonzalito\/"]}]}},"_links":{"self":[{"href":"https:\/\/www.mascoteriagonzalito.cl\/index.php\/wp-json\/wp\/v2\/product\/5117","targetHints":{"allow":["GET"]}}],"collection":[{"href":"https:\/\/www.mascoteriagonzalito.cl\/index.php\/wp-json\/wp\/v2\/product"}],"about":[{"href":"https:\/\/www.mascoteriagonzalito.cl\/index.php\/wp-json\/wp\/v2\/types\/product"}],"replies":[{"embeddable":true,"href":"https:\/\/www.mascoteriagonzalito.cl\/index.php\/wp-json\/wp\/v2\/comments?post=5117"}],"wp:featuredmedia":[{"embeddable":true,"href":"https:\/\/www.mascoteriagonzalito.cl\/index.php\/wp-json\/wp\/v2\/media\/6323"}],"wp:attachment":[{"href":"https:\/\/www.mascoteriagonzalito.cl\/index.php\/wp-json\/wp\/v2\/media?parent=5117"}],"wp:term":[{"taxonomy":"product_brand","embeddable":true,"href":"https:\/\/www.mascoteriagonzalito.cl\/index.php\/wp-json\/wp\/v2\/product_brand?post=5117"},{"taxonomy":"product_cat","embeddable":true,"href":"https:\/\/www.mascoteriagonzalito.cl\/index.php\/wp-json\/wp\/v2\/product_cat?post=5117"},{"taxonomy":"product_tag","embeddable":true,"href":"https:\/\/www.mascoteriagonzalito.cl\/index.php\/wp-json\/wp\/v2\/product_tag?post=5117"}],"curies":[{"name":"wp","href":"https:\/\/api.w.org\/{rel}","templated":true}]}}