{"id":5090,"date":"2025-11-06T19:00:31","date_gmt":"2025-11-06T19:00:31","guid":{"rendered":"https:\/\/www.mascoteriagonzalito.cl\/?post_type=product&#038;p=5090"},"modified":"2026-03-21T13:35:14","modified_gmt":"2026-03-21T13:35:14","slug":"shampoo-pelos-oscuros-500-ml-2","status":"publish","type":"product","link":"https:\/\/www.mascoteriagonzalito.cl\/index.php\/producto\/shampoo-pelos-oscuros-500-ml-2\/","title":{"rendered":"SHAMPOO PETBRILHO PELOS OSCUROS 500 ML"},"content":{"rendered":"<p>Shampoo Pelos Oscuros 500m \u2013 Petbrilho les ha sido meticulosamente formulado para realzar y mantener el color intenso y vibrante del pelaje oscuro de tu compa\u00f1ero peludo. Con una f\u00f3rmula \u00fanica, este shampoo garantiza un ba\u00f1o suave y efectivo que dejar\u00e1 a tu mascota con un pelaje limpio, suave y resplandeciente.<\/p>\n<p>Shampoo Pelos Oscuros 500m \u2013 Petbrilho est\u00e1 indicado para la higiene de perros y gatos. Tambi\u00e9n le da un perfume agradable a tu mascota.<\/p>\n<p>Es sin Sulfatos ni Parabenos<\/p>\n<h4>Modo de aplicaci\u00f3n de Shampoo Pelos Oscuros 500ml-\u00a0 Petbrilho<\/h4>\n<ul>\n<li>Elige el lugar adecuado: puedes ba\u00f1ar a tu mascota al aire libre o dentro de la ba\u00f1era.<\/li>\n<li>Cepillado previo: Se suele recomendar para eliminar el pelo muerto y la suciedad superficial, as\u00ed el resultado ser\u00e1 mejor.<\/li>\n<li>Espolvorear el\u00a0shampoo: Frota bien e intenta dejarlo durante unos 5 minutos para que haga su efecto.<\/li>\n<li>Cepillado final: Para eliminar todo el producto. Ay\u00fadate de una toalla si es necesario.<\/li>\n<li>Premia a tu mascota.<\/li>\n<\/ul>\n<h4><b>Precauciones:<\/b><\/h4>\n<ul>\n<li>Tener cuidado de no aplicar directamente en ojos y\/o mucosas.<\/li>\n<li>En caso de accidentes en estas \u00e1reas, se debe lavar con abundante agua.<\/li>\n<li>Si la molestia persiste, suspender uso del producto y consultar a su m\u00e9dico veterinario.<\/li>\n<\/ul>\n<p>Te recomendamos que eventualmente ba\u00f1es a tu mascota con agua y un champ\u00fa especial. El champ\u00fa seco es una opci\u00f3n que resulta muy \u00fatil en caso de cachorros que todav\u00eda no han terminado su ciclo de vacuna, o mascotitas convalecientes con los que hay que tener mayor cuidado. Adem\u00e1s, tambi\u00e9n es una alternativa perfecta para el ba\u00f1o com\u00fan.<\/p>\n","protected":false},"excerpt":{"rendered":"<p>Shampoo Pelos Oscuros 500m \u2013 Petbrilho les ha sido meticulosamente formulado para realzar y mantener el color intenso y vibrante del pelaje oscuro de tu compa\u00f1ero peludo. Con una f\u00f3rmula \u00fanica, este shampoo garantiza un ba\u00f1o suave y efectivo que dejar\u00e1 a tu mascota con un pelaje limpio, suave y resplandeciente.<\/p>\n","protected":false},"featured_media":6080,"comment_status":"open","ping_status":"closed","template":"","meta":[],"product_brand":[178],"product_cat":[36],"product_tag":[],"class_list":{"0":"post-5090","1":"product","2":"type-product","3":"status-publish","4":"has-post-thumbnail","6":"product_brand-petbrilho","7":"product_cat-linea-higiene-perro","9":"first","10":"instock","11":"shipping-taxable","12":"purchasable","13":"product-type-simple"},"yoast_head":"<!-- This site is optimized with the Yoast SEO plugin v27.4 - https:\/\/yoast.com\/product\/yoast-seo-wordpress\/ -->\n<title>SHAMPOO PETBRILHO PELOS OSCUROS 500 ML - Mascoter\u00eda Gonzalito<\/title>\n<meta name=\"robots\" content=\"index, follow, max-snippet:-1, max-image-preview:large, max-video-preview:-1\" \/>\n<link rel=\"canonical\" href=\"https:\/\/www.mascoteriagonzalito.cl\/index.php\/producto\/shampoo-pelos-oscuros-500-ml-2\/\" \/>\n<meta property=\"og:locale\" content=\"es_ES\" \/>\n<meta property=\"og:type\" content=\"article\" \/>\n<meta property=\"og:title\" content=\"SHAMPOO PETBRILHO PELOS OSCUROS 500 ML - Mascoter\u00eda Gonzalito\" \/>\n<meta property=\"og:description\" content=\"Shampoo Pelos Oscuros 500m \u2013 Petbrilho les ha sido meticulosamente formulado para realzar y mantener el color intenso y vibrante del pelaje oscuro de tu compa\u00f1ero peludo. Con una f\u00f3rmula \u00fanica, este shampoo garantiza un ba\u00f1o suave y efectivo que dejar\u00e1 a tu mascota con un pelaje limpio, suave y resplandeciente.\" \/>\n<meta property=\"og:url\" content=\"https:\/\/www.mascoteriagonzalito.cl\/index.php\/producto\/shampoo-pelos-oscuros-500-ml-2\/\" \/>\n<meta property=\"og:site_name\" content=\"Mascoter\u00eda Gonzalito\" \/>\n<meta property=\"article:publisher\" content=\"https:\/\/www.facebook.com\/mascoteria.gonzalito\/\" \/>\n<meta property=\"article:modified_time\" content=\"2026-03-21T13:35:14+00:00\" \/>\n<meta property=\"og:image\" content=\"https:\/\/www.mascoteriagonzalito.cl\/wp-content\/uploads\/2025\/11\/7898275011509-foto-1.png\" \/>\n\t<meta property=\"og:image:width\" content=\"1000\" \/>\n\t<meta property=\"og:image:height\" content=\"1000\" \/>\n\t<meta property=\"og:image:type\" content=\"image\/png\" \/>\n<meta name=\"twitter:card\" content=\"summary_large_image\" \/>\n<script type=\"application\/ld+json\" class=\"yoast-schema-graph\">{\"@context\":\"https:\\\/\\\/schema.org\",\"@graph\":[{\"@type\":\"WebPage\",\"@id\":\"https:\\\/\\\/www.mascoteriagonzalito.cl\\\/index.php\\\/producto\\\/shampoo-pelos-oscuros-500-ml-2\\\/\",\"url\":\"https:\\\/\\\/www.mascoteriagonzalito.cl\\\/index.php\\\/producto\\\/shampoo-pelos-oscuros-500-ml-2\\\/\",\"name\":\"SHAMPOO PETBRILHO PELOS OSCUROS 500 ML - Mascoter\u00eda Gonzalito\",\"isPartOf\":{\"@id\":\"https:\\\/\\\/www.mascoteriagonzalito.cl\\\/#website\"},\"primaryImageOfPage\":{\"@id\":\"https:\\\/\\\/www.mascoteriagonzalito.cl\\\/index.php\\\/producto\\\/shampoo-pelos-oscuros-500-ml-2\\\/#primaryimage\"},\"image\":{\"@id\":\"https:\\\/\\\/www.mascoteriagonzalito.cl\\\/index.php\\\/producto\\\/shampoo-pelos-oscuros-500-ml-2\\\/#primaryimage\"},\"thumbnailUrl\":\"https:\\\/\\\/www.mascoteriagonzalito.cl\\\/wp-content\\\/uploads\\\/2025\\\/11\\\/7898275011509-foto-1.png\",\"datePublished\":\"2025-11-06T19:00:31+00:00\",\"dateModified\":\"2026-03-21T13:35:14+00:00\",\"breadcrumb\":{\"@id\":\"https:\\\/\\\/www.mascoteriagonzalito.cl\\\/index.php\\\/producto\\\/shampoo-pelos-oscuros-500-ml-2\\\/#breadcrumb\"},\"inLanguage\":\"es\",\"potentialAction\":[{\"@type\":\"ReadAction\",\"target\":[\"https:\\\/\\\/www.mascoteriagonzalito.cl\\\/index.php\\\/producto\\\/shampoo-pelos-oscuros-500-ml-2\\\/\"]}]},{\"@type\":\"ImageObject\",\"inLanguage\":\"es\",\"@id\":\"https:\\\/\\\/www.mascoteriagonzalito.cl\\\/index.php\\\/producto\\\/shampoo-pelos-oscuros-500-ml-2\\\/#primaryimage\",\"url\":\"https:\\\/\\\/www.mascoteriagonzalito.cl\\\/wp-content\\\/uploads\\\/2025\\\/11\\\/7898275011509-foto-1.png\",\"contentUrl\":\"https:\\\/\\\/www.mascoteriagonzalito.cl\\\/wp-content\\\/uploads\\\/2025\\\/11\\\/7898275011509-foto-1.png\",\"width\":1000,\"height\":1000},{\"@type\":\"BreadcrumbList\",\"@id\":\"https:\\\/\\\/www.mascoteriagonzalito.cl\\\/index.php\\\/producto\\\/shampoo-pelos-oscuros-500-ml-2\\\/#breadcrumb\",\"itemListElement\":[{\"@type\":\"ListItem\",\"position\":1,\"name\":\"Portada\",\"item\":\"https:\\\/\\\/www.mascoteriagonzalito.cl\\\/\"},{\"@type\":\"ListItem\",\"position\":2,\"name\":\"Tienda\",\"item\":\"https:\\\/\\\/www.mascoteriagonzalito.cl\\\/index.php\\\/tienda\\\/\"},{\"@type\":\"ListItem\",\"position\":3,\"name\":\"SHAMPOO PETBRILHO PELOS OSCUROS 500 ML\"}]},{\"@type\":\"WebSite\",\"@id\":\"https:\\\/\\\/www.mascoteriagonzalito.cl\\\/#website\",\"url\":\"https:\\\/\\\/www.mascoteriagonzalito.cl\\\/\",\"name\":\"Mascoter\u00eda Gonzalito\",\"description\":\"Alimentos y accesorios para mascotas\",\"publisher\":{\"@id\":\"https:\\\/\\\/www.mascoteriagonzalito.cl\\\/#organization\"},\"potentialAction\":[{\"@type\":\"SearchAction\",\"target\":{\"@type\":\"EntryPoint\",\"urlTemplate\":\"https:\\\/\\\/www.mascoteriagonzalito.cl\\\/?s={search_term_string}\"},\"query-input\":{\"@type\":\"PropertyValueSpecification\",\"valueRequired\":true,\"valueName\":\"search_term_string\"}}],\"inLanguage\":\"es\"},{\"@type\":\"Organization\",\"@id\":\"https:\\\/\\\/www.mascoteriagonzalito.cl\\\/#organization\",\"name\":\"Mascoter\u00eda Gonzalito\",\"url\":\"https:\\\/\\\/www.mascoteriagonzalito.cl\\\/\",\"logo\":{\"@type\":\"ImageObject\",\"inLanguage\":\"es\",\"@id\":\"https:\\\/\\\/www.mascoteriagonzalito.cl\\\/#\\\/schema\\\/logo\\\/image\\\/\",\"url\":\"https:\\\/\\\/www.mascoteriagonzalito.cl\\\/wp-content\\\/uploads\\\/2025\\\/01\\\/IMG-20250113-WA0002-copia.png\",\"contentUrl\":\"https:\\\/\\\/www.mascoteriagonzalito.cl\\\/wp-content\\\/uploads\\\/2025\\\/01\\\/IMG-20250113-WA0002-copia.png\",\"width\":1600,\"height\":1600,\"caption\":\"Mascoter\u00eda Gonzalito\"},\"image\":{\"@id\":\"https:\\\/\\\/www.mascoteriagonzalito.cl\\\/#\\\/schema\\\/logo\\\/image\\\/\"},\"sameAs\":[\"https:\\\/\\\/www.facebook.com\\\/mascoteria.gonzalito\\\/\"]}]}<\/script>\n<!-- \/ Yoast SEO plugin. -->","yoast_head_json":{"title":"SHAMPOO PETBRILHO PELOS OSCUROS 500 ML - Mascoter\u00eda Gonzalito","robots":{"index":"index","follow":"follow","max-snippet":"max-snippet:-1","max-image-preview":"max-image-preview:large","max-video-preview":"max-video-preview:-1"},"canonical":"https:\/\/www.mascoteriagonzalito.cl\/index.php\/producto\/shampoo-pelos-oscuros-500-ml-2\/","og_locale":"es_ES","og_type":"article","og_title":"SHAMPOO PETBRILHO PELOS OSCUROS 500 ML - Mascoter\u00eda Gonzalito","og_description":"Shampoo Pelos Oscuros 500m \u2013 Petbrilho les ha sido meticulosamente formulado para realzar y mantener el color intenso y vibrante del pelaje oscuro de tu compa\u00f1ero peludo. Con una f\u00f3rmula \u00fanica, este shampoo garantiza un ba\u00f1o suave y efectivo que dejar\u00e1 a tu mascota con un pelaje limpio, suave y resplandeciente.","og_url":"https:\/\/www.mascoteriagonzalito.cl\/index.php\/producto\/shampoo-pelos-oscuros-500-ml-2\/","og_site_name":"Mascoter\u00eda Gonzalito","article_publisher":"https:\/\/www.facebook.com\/mascoteria.gonzalito\/","article_modified_time":"2026-03-21T13:35:14+00:00","og_image":[{"width":1000,"height":1000,"url":"https:\/\/www.mascoteriagonzalito.cl\/wp-content\/uploads\/2025\/11\/7898275011509-foto-1.png","type":"image\/png"}],"twitter_card":"summary_large_image","schema":{"@context":"https:\/\/schema.org","@graph":[{"@type":"WebPage","@id":"https:\/\/www.mascoteriagonzalito.cl\/index.php\/producto\/shampoo-pelos-oscuros-500-ml-2\/","url":"https:\/\/www.mascoteriagonzalito.cl\/index.php\/producto\/shampoo-pelos-oscuros-500-ml-2\/","name":"SHAMPOO PETBRILHO PELOS OSCUROS 500 ML - Mascoter\u00eda Gonzalito","isPartOf":{"@id":"https:\/\/www.mascoteriagonzalito.cl\/#website"},"primaryImageOfPage":{"@id":"https:\/\/www.mascoteriagonzalito.cl\/index.php\/producto\/shampoo-pelos-oscuros-500-ml-2\/#primaryimage"},"image":{"@id":"https:\/\/www.mascoteriagonzalito.cl\/index.php\/producto\/shampoo-pelos-oscuros-500-ml-2\/#primaryimage"},"thumbnailUrl":"https:\/\/www.mascoteriagonzalito.cl\/wp-content\/uploads\/2025\/11\/7898275011509-foto-1.png","datePublished":"2025-11-06T19:00:31+00:00","dateModified":"2026-03-21T13:35:14+00:00","breadcrumb":{"@id":"https:\/\/www.mascoteriagonzalito.cl\/index.php\/producto\/shampoo-pelos-oscuros-500-ml-2\/#breadcrumb"},"inLanguage":"es","potentialAction":[{"@type":"ReadAction","target":["https:\/\/www.mascoteriagonzalito.cl\/index.php\/producto\/shampoo-pelos-oscuros-500-ml-2\/"]}]},{"@type":"ImageObject","inLanguage":"es","@id":"https:\/\/www.mascoteriagonzalito.cl\/index.php\/producto\/shampoo-pelos-oscuros-500-ml-2\/#primaryimage","url":"https:\/\/www.mascoteriagonzalito.cl\/wp-content\/uploads\/2025\/11\/7898275011509-foto-1.png","contentUrl":"https:\/\/www.mascoteriagonzalito.cl\/wp-content\/uploads\/2025\/11\/7898275011509-foto-1.png","width":1000,"height":1000},{"@type":"BreadcrumbList","@id":"https:\/\/www.mascoteriagonzalito.cl\/index.php\/producto\/shampoo-pelos-oscuros-500-ml-2\/#breadcrumb","itemListElement":[{"@type":"ListItem","position":1,"name":"Portada","item":"https:\/\/www.mascoteriagonzalito.cl\/"},{"@type":"ListItem","position":2,"name":"Tienda","item":"https:\/\/www.mascoteriagonzalito.cl\/index.php\/tienda\/"},{"@type":"ListItem","position":3,"name":"SHAMPOO PETBRILHO PELOS OSCUROS 500 ML"}]},{"@type":"WebSite","@id":"https:\/\/www.mascoteriagonzalito.cl\/#website","url":"https:\/\/www.mascoteriagonzalito.cl\/","name":"Mascoter\u00eda Gonzalito","description":"Alimentos y accesorios para mascotas","publisher":{"@id":"https:\/\/www.mascoteriagonzalito.cl\/#organization"},"potentialAction":[{"@type":"SearchAction","target":{"@type":"EntryPoint","urlTemplate":"https:\/\/www.mascoteriagonzalito.cl\/?s={search_term_string}"},"query-input":{"@type":"PropertyValueSpecification","valueRequired":true,"valueName":"search_term_string"}}],"inLanguage":"es"},{"@type":"Organization","@id":"https:\/\/www.mascoteriagonzalito.cl\/#organization","name":"Mascoter\u00eda Gonzalito","url":"https:\/\/www.mascoteriagonzalito.cl\/","logo":{"@type":"ImageObject","inLanguage":"es","@id":"https:\/\/www.mascoteriagonzalito.cl\/#\/schema\/logo\/image\/","url":"https:\/\/www.mascoteriagonzalito.cl\/wp-content\/uploads\/2025\/01\/IMG-20250113-WA0002-copia.png","contentUrl":"https:\/\/www.mascoteriagonzalito.cl\/wp-content\/uploads\/2025\/01\/IMG-20250113-WA0002-copia.png","width":1600,"height":1600,"caption":"Mascoter\u00eda Gonzalito"},"image":{"@id":"https:\/\/www.mascoteriagonzalito.cl\/#\/schema\/logo\/image\/"},"sameAs":["https:\/\/www.facebook.com\/mascoteria.gonzalito\/"]}]}},"_links":{"self":[{"href":"https:\/\/www.mascoteriagonzalito.cl\/index.php\/wp-json\/wp\/v2\/product\/5090","targetHints":{"allow":["GET"]}}],"collection":[{"href":"https:\/\/www.mascoteriagonzalito.cl\/index.php\/wp-json\/wp\/v2\/product"}],"about":[{"href":"https:\/\/www.mascoteriagonzalito.cl\/index.php\/wp-json\/wp\/v2\/types\/product"}],"replies":[{"embeddable":true,"href":"https:\/\/www.mascoteriagonzalito.cl\/index.php\/wp-json\/wp\/v2\/comments?post=5090"}],"wp:featuredmedia":[{"embeddable":true,"href":"https:\/\/www.mascoteriagonzalito.cl\/index.php\/wp-json\/wp\/v2\/media\/6080"}],"wp:attachment":[{"href":"https:\/\/www.mascoteriagonzalito.cl\/index.php\/wp-json\/wp\/v2\/media?parent=5090"}],"wp:term":[{"taxonomy":"product_brand","embeddable":true,"href":"https:\/\/www.mascoteriagonzalito.cl\/index.php\/wp-json\/wp\/v2\/product_brand?post=5090"},{"taxonomy":"product_cat","embeddable":true,"href":"https:\/\/www.mascoteriagonzalito.cl\/index.php\/wp-json\/wp\/v2\/product_cat?post=5090"},{"taxonomy":"product_tag","embeddable":true,"href":"https:\/\/www.mascoteriagonzalito.cl\/index.php\/wp-json\/wp\/v2\/product_tag?post=5090"}],"curies":[{"name":"wp","href":"https:\/\/api.w.org\/{rel}","templated":true}]}}