{"id":4944,"date":"2025-10-13T15:33:53","date_gmt":"2025-10-13T15:33:53","guid":{"rendered":"https:\/\/www.mascoteriagonzalito.cl\/?post_type=product&#038;p=4944"},"modified":"2026-04-18T15:33:11","modified_gmt":"2026-04-18T15:33:11","slug":"gati-adulto-pescado-y-salmon-15-kg","status":"publish","type":"product","link":"https:\/\/www.mascoteriagonzalito.cl\/index.php\/producto\/gati-adulto-pescado-y-salmon-15-kg\/","title":{"rendered":"GATI ADULTO PESCADO Y SALMON 15 KG"},"content":{"rendered":"<p>INGREDIENTES:<\/p>\n<p>Ma\u00edz, harina de soya, afrechillo de trigo, harina de subproductos de pollo, harina de carne y hueso bovino, sebo vacuno, gluten de ma\u00edz, cloruro de sodio, bisulfato de sodio, harina de pescado, harina de salm\u00f3n, harina de plumas de pollo, carbonato de calcio, hidrolizado de v\u00edsceras de pollo y\/o cerdo en polvo, cloruro de colina, suplemento vitam\u00ednico antioxidante, suplementos minerales quelados, taurina, zanahoria deshidratada, espinaca deshidratada, DL-metionina. SMAV1F3230<\/p>\n<p>Eventuales sustitutos: Trigo, sorgo, arroz, fibra de soya, pulpa de remolacha, celulosa, pared celular de levadura (Saccharomyces cerevisiae), harina de subproductos de pavo, harina de carne y hueso de cerdo, harina de carne y hueso animal (cerdo y bovino), aceite de pollo, grasa animal (cerdo y bovino), \u00e1cido fosf\u00f3rico, fosfato de calcio, L-lisina, L-treonina, L-tript\u00f3fano, vitamina C, vitamina E, inulina, cloruro de potasio, tomate deshidratado, arveja deshidratada, levadura de cerveza (Saccharomyces cerevisiae), harina de alga (Schizochytrium sp), leche en polvo bovina, zeolita, harina de cordero, huevo en polvo, colorantes naturales.<\/p>\n","protected":false},"excerpt":{"rendered":"<div id=\"product-description-short-40657\" class=\"product-description-short typo sm-bottom\">\n<p>NUEVO alimento seco para gatos adultos GATI\u00ae sabor Pescado y Salm\u00f3n a la primavera. Inspirado en recetas caseras con doble prote\u00edna para una mayor palatabilidad. Este alimento 100% completo y balanceado contribuye con m\u00fasculos fuertes y sanos, digesti\u00f3n sana, sistema inmune sano, vitaminas y minerales esenciales y piel y pelaje saludables. Sin colorantes artificiales.<\/p>\n<\/div>\n<div class=\"product-information light-box-bg sm-bottom\">\n<div class=\"product-actions\">\n<form id=\"add-to-cart-or-refresh\" action=\"https:\/\/puntomascotas.cl\/carro-de-la-compra\" method=\"post\">\n<div class=\"product-variants\"><\/div>\n<section class=\"product-discounts\"><\/section>\n<div class=\"product-prices sm-bottom\">\n<div class=\"product-prices-wrapper d-flex flex-wrap align-items-center\"><\/div>\n<\/div>\n<\/form>\n<\/div>\n<\/div>\n","protected":false},"featured_media":6293,"comment_status":"open","ping_status":"closed","template":"","meta":[],"product_brand":[97],"product_cat":[33],"product_tag":[],"class_list":{"0":"post-4944","1":"product","2":"type-product","3":"status-publish","4":"has-post-thumbnail","6":"product_brand-purina","7":"product_cat-alimentos-gatos","9":"first","10":"instock","11":"shipping-taxable","12":"purchasable","13":"product-type-simple"},"yoast_head":"<!-- This site is optimized with the Yoast SEO plugin v27.4 - https:\/\/yoast.com\/product\/yoast-seo-wordpress\/ -->\n<title>GATI ADULTO PESCADO Y SALMON 15 KG - Mascoter\u00eda Gonzalito<\/title>\n<meta name=\"robots\" content=\"index, follow, max-snippet:-1, max-image-preview:large, max-video-preview:-1\" \/>\n<link rel=\"canonical\" href=\"https:\/\/www.mascoteriagonzalito.cl\/index.php\/producto\/gati-adulto-pescado-y-salmon-15-kg\/\" \/>\n<meta property=\"og:locale\" content=\"es_ES\" \/>\n<meta property=\"og:type\" content=\"article\" \/>\n<meta property=\"og:title\" content=\"GATI ADULTO PESCADO Y SALMON 15 KG - Mascoter\u00eda Gonzalito\" \/>\n<meta property=\"og:description\" content=\"NUEVO alimento seco para gatos adultos GATI\u00ae sabor Pescado y Salm\u00f3n a la primavera. Inspirado en recetas caseras con doble prote\u00edna para una mayor palatabilidad. Este alimento 100% completo y balanceado contribuye con m\u00fasculos fuertes y sanos, digesti\u00f3n sana, sistema inmune sano, vitaminas y minerales esenciales y piel y pelaje saludables. Sin colorantes artificiales.\" \/>\n<meta property=\"og:url\" content=\"https:\/\/www.mascoteriagonzalito.cl\/index.php\/producto\/gati-adulto-pescado-y-salmon-15-kg\/\" \/>\n<meta property=\"og:site_name\" content=\"Mascoter\u00eda Gonzalito\" \/>\n<meta property=\"article:publisher\" content=\"https:\/\/www.facebook.com\/mascoteria.gonzalito\/\" \/>\n<meta property=\"article:modified_time\" content=\"2026-04-18T15:33:11+00:00\" \/>\n<meta property=\"og:image\" content=\"https:\/\/www.mascoteriagonzalito.cl\/wp-content\/uploads\/2025\/10\/gati-pescado-salmon-15-kg.jpg\" \/>\n\t<meta property=\"og:image:width\" content=\"455\" \/>\n\t<meta property=\"og:image:height\" content=\"455\" \/>\n\t<meta property=\"og:image:type\" content=\"image\/jpeg\" \/>\n<meta name=\"twitter:card\" content=\"summary_large_image\" \/>\n<meta name=\"twitter:label1\" content=\"Tiempo de lectura\" \/>\n\t<meta name=\"twitter:data1\" content=\"1 minuto\" \/>\n<script type=\"application\/ld+json\" class=\"yoast-schema-graph\">{\"@context\":\"https:\\\/\\\/schema.org\",\"@graph\":[{\"@type\":\"WebPage\",\"@id\":\"https:\\\/\\\/www.mascoteriagonzalito.cl\\\/index.php\\\/producto\\\/gati-adulto-pescado-y-salmon-15-kg\\\/\",\"url\":\"https:\\\/\\\/www.mascoteriagonzalito.cl\\\/index.php\\\/producto\\\/gati-adulto-pescado-y-salmon-15-kg\\\/\",\"name\":\"GATI ADULTO PESCADO Y SALMON 15 KG - Mascoter\u00eda Gonzalito\",\"isPartOf\":{\"@id\":\"https:\\\/\\\/www.mascoteriagonzalito.cl\\\/#website\"},\"primaryImageOfPage\":{\"@id\":\"https:\\\/\\\/www.mascoteriagonzalito.cl\\\/index.php\\\/producto\\\/gati-adulto-pescado-y-salmon-15-kg\\\/#primaryimage\"},\"image\":{\"@id\":\"https:\\\/\\\/www.mascoteriagonzalito.cl\\\/index.php\\\/producto\\\/gati-adulto-pescado-y-salmon-15-kg\\\/#primaryimage\"},\"thumbnailUrl\":\"https:\\\/\\\/www.mascoteriagonzalito.cl\\\/wp-content\\\/uploads\\\/2025\\\/10\\\/gati-pescado-salmon-15-kg.jpg\",\"datePublished\":\"2025-10-13T15:33:53+00:00\",\"dateModified\":\"2026-04-18T15:33:11+00:00\",\"breadcrumb\":{\"@id\":\"https:\\\/\\\/www.mascoteriagonzalito.cl\\\/index.php\\\/producto\\\/gati-adulto-pescado-y-salmon-15-kg\\\/#breadcrumb\"},\"inLanguage\":\"es\",\"potentialAction\":[{\"@type\":\"ReadAction\",\"target\":[\"https:\\\/\\\/www.mascoteriagonzalito.cl\\\/index.php\\\/producto\\\/gati-adulto-pescado-y-salmon-15-kg\\\/\"]}]},{\"@type\":\"ImageObject\",\"inLanguage\":\"es\",\"@id\":\"https:\\\/\\\/www.mascoteriagonzalito.cl\\\/index.php\\\/producto\\\/gati-adulto-pescado-y-salmon-15-kg\\\/#primaryimage\",\"url\":\"https:\\\/\\\/www.mascoteriagonzalito.cl\\\/wp-content\\\/uploads\\\/2025\\\/10\\\/gati-pescado-salmon-15-kg.jpg\",\"contentUrl\":\"https:\\\/\\\/www.mascoteriagonzalito.cl\\\/wp-content\\\/uploads\\\/2025\\\/10\\\/gati-pescado-salmon-15-kg.jpg\",\"width\":455,\"height\":455},{\"@type\":\"BreadcrumbList\",\"@id\":\"https:\\\/\\\/www.mascoteriagonzalito.cl\\\/index.php\\\/producto\\\/gati-adulto-pescado-y-salmon-15-kg\\\/#breadcrumb\",\"itemListElement\":[{\"@type\":\"ListItem\",\"position\":1,\"name\":\"Portada\",\"item\":\"https:\\\/\\\/www.mascoteriagonzalito.cl\\\/\"},{\"@type\":\"ListItem\",\"position\":2,\"name\":\"Tienda\",\"item\":\"https:\\\/\\\/www.mascoteriagonzalito.cl\\\/index.php\\\/tienda\\\/\"},{\"@type\":\"ListItem\",\"position\":3,\"name\":\"GATI ADULTO PESCADO Y SALMON 15 KG\"}]},{\"@type\":\"WebSite\",\"@id\":\"https:\\\/\\\/www.mascoteriagonzalito.cl\\\/#website\",\"url\":\"https:\\\/\\\/www.mascoteriagonzalito.cl\\\/\",\"name\":\"Mascoter\u00eda Gonzalito\",\"description\":\"Alimentos y accesorios para mascotas\",\"publisher\":{\"@id\":\"https:\\\/\\\/www.mascoteriagonzalito.cl\\\/#organization\"},\"potentialAction\":[{\"@type\":\"SearchAction\",\"target\":{\"@type\":\"EntryPoint\",\"urlTemplate\":\"https:\\\/\\\/www.mascoteriagonzalito.cl\\\/?s={search_term_string}\"},\"query-input\":{\"@type\":\"PropertyValueSpecification\",\"valueRequired\":true,\"valueName\":\"search_term_string\"}}],\"inLanguage\":\"es\"},{\"@type\":\"Organization\",\"@id\":\"https:\\\/\\\/www.mascoteriagonzalito.cl\\\/#organization\",\"name\":\"Mascoter\u00eda Gonzalito\",\"url\":\"https:\\\/\\\/www.mascoteriagonzalito.cl\\\/\",\"logo\":{\"@type\":\"ImageObject\",\"inLanguage\":\"es\",\"@id\":\"https:\\\/\\\/www.mascoteriagonzalito.cl\\\/#\\\/schema\\\/logo\\\/image\\\/\",\"url\":\"https:\\\/\\\/www.mascoteriagonzalito.cl\\\/wp-content\\\/uploads\\\/2025\\\/01\\\/IMG-20250113-WA0002-copia.png\",\"contentUrl\":\"https:\\\/\\\/www.mascoteriagonzalito.cl\\\/wp-content\\\/uploads\\\/2025\\\/01\\\/IMG-20250113-WA0002-copia.png\",\"width\":1600,\"height\":1600,\"caption\":\"Mascoter\u00eda Gonzalito\"},\"image\":{\"@id\":\"https:\\\/\\\/www.mascoteriagonzalito.cl\\\/#\\\/schema\\\/logo\\\/image\\\/\"},\"sameAs\":[\"https:\\\/\\\/www.facebook.com\\\/mascoteria.gonzalito\\\/\"]}]}<\/script>\n<!-- \/ Yoast SEO plugin. -->","yoast_head_json":{"title":"GATI ADULTO PESCADO Y SALMON 15 KG - Mascoter\u00eda Gonzalito","robots":{"index":"index","follow":"follow","max-snippet":"max-snippet:-1","max-image-preview":"max-image-preview:large","max-video-preview":"max-video-preview:-1"},"canonical":"https:\/\/www.mascoteriagonzalito.cl\/index.php\/producto\/gati-adulto-pescado-y-salmon-15-kg\/","og_locale":"es_ES","og_type":"article","og_title":"GATI ADULTO PESCADO Y SALMON 15 KG - Mascoter\u00eda Gonzalito","og_description":"NUEVO alimento seco para gatos adultos GATI\u00ae sabor Pescado y Salm\u00f3n a la primavera. Inspirado en recetas caseras con doble prote\u00edna para una mayor palatabilidad. Este alimento 100% completo y balanceado contribuye con m\u00fasculos fuertes y sanos, digesti\u00f3n sana, sistema inmune sano, vitaminas y minerales esenciales y piel y pelaje saludables. Sin colorantes artificiales.","og_url":"https:\/\/www.mascoteriagonzalito.cl\/index.php\/producto\/gati-adulto-pescado-y-salmon-15-kg\/","og_site_name":"Mascoter\u00eda Gonzalito","article_publisher":"https:\/\/www.facebook.com\/mascoteria.gonzalito\/","article_modified_time":"2026-04-18T15:33:11+00:00","og_image":[{"width":455,"height":455,"url":"https:\/\/www.mascoteriagonzalito.cl\/wp-content\/uploads\/2025\/10\/gati-pescado-salmon-15-kg.jpg","type":"image\/jpeg"}],"twitter_card":"summary_large_image","twitter_misc":{"Tiempo de lectura":"1 minuto"},"schema":{"@context":"https:\/\/schema.org","@graph":[{"@type":"WebPage","@id":"https:\/\/www.mascoteriagonzalito.cl\/index.php\/producto\/gati-adulto-pescado-y-salmon-15-kg\/","url":"https:\/\/www.mascoteriagonzalito.cl\/index.php\/producto\/gati-adulto-pescado-y-salmon-15-kg\/","name":"GATI ADULTO PESCADO Y SALMON 15 KG - Mascoter\u00eda Gonzalito","isPartOf":{"@id":"https:\/\/www.mascoteriagonzalito.cl\/#website"},"primaryImageOfPage":{"@id":"https:\/\/www.mascoteriagonzalito.cl\/index.php\/producto\/gati-adulto-pescado-y-salmon-15-kg\/#primaryimage"},"image":{"@id":"https:\/\/www.mascoteriagonzalito.cl\/index.php\/producto\/gati-adulto-pescado-y-salmon-15-kg\/#primaryimage"},"thumbnailUrl":"https:\/\/www.mascoteriagonzalito.cl\/wp-content\/uploads\/2025\/10\/gati-pescado-salmon-15-kg.jpg","datePublished":"2025-10-13T15:33:53+00:00","dateModified":"2026-04-18T15:33:11+00:00","breadcrumb":{"@id":"https:\/\/www.mascoteriagonzalito.cl\/index.php\/producto\/gati-adulto-pescado-y-salmon-15-kg\/#breadcrumb"},"inLanguage":"es","potentialAction":[{"@type":"ReadAction","target":["https:\/\/www.mascoteriagonzalito.cl\/index.php\/producto\/gati-adulto-pescado-y-salmon-15-kg\/"]}]},{"@type":"ImageObject","inLanguage":"es","@id":"https:\/\/www.mascoteriagonzalito.cl\/index.php\/producto\/gati-adulto-pescado-y-salmon-15-kg\/#primaryimage","url":"https:\/\/www.mascoteriagonzalito.cl\/wp-content\/uploads\/2025\/10\/gati-pescado-salmon-15-kg.jpg","contentUrl":"https:\/\/www.mascoteriagonzalito.cl\/wp-content\/uploads\/2025\/10\/gati-pescado-salmon-15-kg.jpg","width":455,"height":455},{"@type":"BreadcrumbList","@id":"https:\/\/www.mascoteriagonzalito.cl\/index.php\/producto\/gati-adulto-pescado-y-salmon-15-kg\/#breadcrumb","itemListElement":[{"@type":"ListItem","position":1,"name":"Portada","item":"https:\/\/www.mascoteriagonzalito.cl\/"},{"@type":"ListItem","position":2,"name":"Tienda","item":"https:\/\/www.mascoteriagonzalito.cl\/index.php\/tienda\/"},{"@type":"ListItem","position":3,"name":"GATI ADULTO PESCADO Y SALMON 15 KG"}]},{"@type":"WebSite","@id":"https:\/\/www.mascoteriagonzalito.cl\/#website","url":"https:\/\/www.mascoteriagonzalito.cl\/","name":"Mascoter\u00eda Gonzalito","description":"Alimentos y accesorios para mascotas","publisher":{"@id":"https:\/\/www.mascoteriagonzalito.cl\/#organization"},"potentialAction":[{"@type":"SearchAction","target":{"@type":"EntryPoint","urlTemplate":"https:\/\/www.mascoteriagonzalito.cl\/?s={search_term_string}"},"query-input":{"@type":"PropertyValueSpecification","valueRequired":true,"valueName":"search_term_string"}}],"inLanguage":"es"},{"@type":"Organization","@id":"https:\/\/www.mascoteriagonzalito.cl\/#organization","name":"Mascoter\u00eda Gonzalito","url":"https:\/\/www.mascoteriagonzalito.cl\/","logo":{"@type":"ImageObject","inLanguage":"es","@id":"https:\/\/www.mascoteriagonzalito.cl\/#\/schema\/logo\/image\/","url":"https:\/\/www.mascoteriagonzalito.cl\/wp-content\/uploads\/2025\/01\/IMG-20250113-WA0002-copia.png","contentUrl":"https:\/\/www.mascoteriagonzalito.cl\/wp-content\/uploads\/2025\/01\/IMG-20250113-WA0002-copia.png","width":1600,"height":1600,"caption":"Mascoter\u00eda Gonzalito"},"image":{"@id":"https:\/\/www.mascoteriagonzalito.cl\/#\/schema\/logo\/image\/"},"sameAs":["https:\/\/www.facebook.com\/mascoteria.gonzalito\/"]}]}},"_links":{"self":[{"href":"https:\/\/www.mascoteriagonzalito.cl\/index.php\/wp-json\/wp\/v2\/product\/4944","targetHints":{"allow":["GET"]}}],"collection":[{"href":"https:\/\/www.mascoteriagonzalito.cl\/index.php\/wp-json\/wp\/v2\/product"}],"about":[{"href":"https:\/\/www.mascoteriagonzalito.cl\/index.php\/wp-json\/wp\/v2\/types\/product"}],"replies":[{"embeddable":true,"href":"https:\/\/www.mascoteriagonzalito.cl\/index.php\/wp-json\/wp\/v2\/comments?post=4944"}],"wp:featuredmedia":[{"embeddable":true,"href":"https:\/\/www.mascoteriagonzalito.cl\/index.php\/wp-json\/wp\/v2\/media\/6293"}],"wp:attachment":[{"href":"https:\/\/www.mascoteriagonzalito.cl\/index.php\/wp-json\/wp\/v2\/media?parent=4944"}],"wp:term":[{"taxonomy":"product_brand","embeddable":true,"href":"https:\/\/www.mascoteriagonzalito.cl\/index.php\/wp-json\/wp\/v2\/product_brand?post=4944"},{"taxonomy":"product_cat","embeddable":true,"href":"https:\/\/www.mascoteriagonzalito.cl\/index.php\/wp-json\/wp\/v2\/product_cat?post=4944"},{"taxonomy":"product_tag","embeddable":true,"href":"https:\/\/www.mascoteriagonzalito.cl\/index.php\/wp-json\/wp\/v2\/product_tag?post=4944"}],"curies":[{"name":"wp","href":"https:\/\/api.w.org\/{rel}","templated":true}]}}