{"id":4840,"date":"2025-09-24T19:10:08","date_gmt":"2025-09-24T19:10:08","guid":{"rendered":"https:\/\/www.mascoteriagonzalito.cl\/?post_type=product&#038;p=4840"},"modified":"2026-03-13T18:48:21","modified_gmt":"2026-03-13T18:48:21","slug":"apeticat-jarabe-suplemento-vitaminico-para-gato-100-ml","status":"publish","type":"product","link":"https:\/\/www.mascoteriagonzalito.cl\/index.php\/producto\/apeticat-jarabe-suplemento-vitaminico-para-gato-100-ml\/","title":{"rendered":"APETICAT JARABE SUPLEMENTO VITAMINICO PARA GATO 100 ML"},"content":{"rendered":"<p>Apeticat Jarabe es un suplemento formulado especialmente para gatos a base de Taurina y Carnitina, complementado con amino\u00e1cidos, vitaminas y Calcio.<\/p>\n<p>Su f\u00f3rmula aumenta las ganas de comer de su mascota, actuando bioenergizante y mejorador de las funciones metab\u00f3licas del organismo.<\/p>\n<p>La Taurina es un amino\u00e1cido que los gatos s\u00f3lo sintetizan en cantidades muy peque\u00f1as, no suficiente para satisfacer en su totalidad las necesidades fisiol\u00f3gicas del animal, su presencia en cantidad adecuada es esencial en la dieta para mantener la salud de su mascota.<\/p>\n<h4>COMPOSICI\u00d3N DEL APETICAT JARABE<\/h4>\n<ul>\n<li>Cada 100 mL contiene:\n<ul>\n<li>Carnitina HCl\u2026\u2026\u2026\u2026\u2026\u2026\u2026\u2026\u2026\u2026.1,6 g<\/li>\n<li>Sorbitol\u2026\u2026\u2026\u2026\u2026\u2026\u2026\u2026\u2026\u2026\u2026\u2026\u2026.25 g<\/li>\n<li>Taurina\u2026\u2026\u2026\u2026\u2026\u2026\u2026\u2026\u2026\u2026\u2026\u2026\u2026\u20261 g<\/li>\n<li>Colina Cloruro\u2026\u2026\u2026\u2026\u2026\u2026\u2026\u2026\u2026\u20269 mg<\/li>\n<li>Vitamina B1\u2026\u2026\u2026\u2026\u2026\u2026\u2026\u2026\u2026\u2026\u20265 mg<\/li>\n<li>Vitamina B2\u2026\u2026\u2026\u2026\u2026\u2026\u2026\u2026\u2026\u2026\u20264 mg<\/li>\n<li>Vitamina B6\u2026\u2026\u2026\u2026\u2026\u2026\u2026\u2026\u2026\u2026\u20264 mg<\/li>\n<li>Vitamina B12\u2026\u2026\u2026\u2026\u2026\u2026\u2026\u2026\u2026\u202620 \u03bcg<\/li>\n<li>\u00c1cido Nicot\u00ednico\u2026\u2026\u2026\u2026\u2026\u2026\u2026\u2026\u2026.6 mg<\/li>\n<li>Calcio Pantotenato\u2026\u2026\u2026\u2026\u2026\u2026\u2026\u20265 mg<\/li>\n<li>Excipientes especiales c.s.p\u2026\u2026\u2026100 mL<\/li>\n<\/ul>\n<\/li>\n<\/ul>\n<h4>INGREDIENTES<\/h4>\n<ul>\n<li>Vitaminas y minerales declarados.<\/li>\n<li>Taurina, agua purificada.<\/li>\n<li>esencia de carne<\/li>\n<li>esencia de salm\u00f3n y preservantes autorizados..<\/li>\n<\/ul>\n<h4>V\u00cdA DE ADMINISTRACI\u00d3N Y DOSIS<\/h4>\n<ul>\n<li>Administrar por v\u00eda oral 1 cucharadita (5 mL) por cada 4 Kg de peso.<\/li>\n<\/ul>\n<h4>ADVERTENCIAS<\/h4>\n<ul>\n<li>Mantener fuera del alcance de los ni\u00f1os.<\/li>\n<\/ul>\n<h4>OBSERVACIONES<\/h4>\n<ul>\n<li>NO CONSTITUYE UN ALIMENTO COMPLETO<\/li>\n<li>USO VETERINARIO<\/li>\n<li>USO EXCLUSIVO EN LA ALIMENTACI\u00d3N ANIMAL<\/li>\n<\/ul>\n<h4>CONSERVACI\u00d3N<\/h4>\n<ul>\n<li>Condiciones de almacenamiento:\n<ul>\n<li>Conservar en lugar fresco, seco y al abrigo de la luz, a no m\u00e1s de 30\u00baC<\/li>\n<\/ul>\n<\/li>\n<\/ul>\n<h4>PRESENTACI\u00d3N<\/h4>\n<ul>\n<li>Frasco con 100 mL<\/li>\n<\/ul>\n","protected":false},"excerpt":{"rendered":"<p>Apeticat Jarabe es un suplemento formulado especialmente para gatos a base de Taurina y Carnitina, complementado con amino\u00e1cidos, vitaminas y Calcio.<\/p>\n<p>Su f\u00f3rmula aumenta las ganas de comer de su mascota, actuando bioenergizante y mejorador de las funciones metab\u00f3licas del organismo.<\/p>\n<p>La Taurina es un amino\u00e1cido que los gatos s\u00f3lo sintetizan en cantidades muy peque\u00f1as, no suficiente para satisfacer en su totalidad las necesidades fisiol\u00f3gicas del animal, su presencia en cantidad adecuada es esencial en la dieta para mantener la salud de su mascota.<\/p>\n","protected":false},"featured_media":5809,"comment_status":"open","ping_status":"closed","template":"","meta":[],"product_brand":[153],"product_cat":[175],"product_tag":[],"class_list":{"0":"post-4840","1":"product","2":"type-product","3":"status-publish","4":"has-post-thumbnail","6":"product_brand-drag-pharma","7":"product_cat-vitaminas-y-suplementos","9":"first","10":"instock","11":"shipping-taxable","12":"purchasable","13":"product-type-simple"},"yoast_head":"<!-- This site is optimized with the Yoast SEO plugin v27.4 - https:\/\/yoast.com\/product\/yoast-seo-wordpress\/ -->\n<title>APETICAT JARABE SUPLEMENTO VITAMINICO PARA GATO 100 ML - Mascoter\u00eda Gonzalito<\/title>\n<meta name=\"robots\" content=\"index, follow, max-snippet:-1, max-image-preview:large, max-video-preview:-1\" \/>\n<link rel=\"canonical\" href=\"https:\/\/www.mascoteriagonzalito.cl\/index.php\/producto\/apeticat-jarabe-suplemento-vitaminico-para-gato-100-ml\/\" \/>\n<meta property=\"og:locale\" content=\"es_ES\" \/>\n<meta property=\"og:type\" content=\"article\" \/>\n<meta property=\"og:title\" content=\"APETICAT JARABE SUPLEMENTO VITAMINICO PARA GATO 100 ML - Mascoter\u00eda Gonzalito\" \/>\n<meta property=\"og:description\" content=\"Apeticat Jarabe es un suplemento formulado especialmente para gatos a base de Taurina y Carnitina, complementado con amino\u00e1cidos, vitaminas y Calcio.  Su f\u00f3rmula aumenta las ganas de comer de su mascota, actuando bioenergizante y mejorador de las funciones metab\u00f3licas del organismo.  La Taurina es un amino\u00e1cido que los gatos s\u00f3lo sintetizan en cantidades muy peque\u00f1as, no suficiente para satisfacer en su totalidad las necesidades fisiol\u00f3gicas del animal, su presencia en cantidad adecuada es esencial en la dieta para mantener la salud de su mascota.\" \/>\n<meta property=\"og:url\" content=\"https:\/\/www.mascoteriagonzalito.cl\/index.php\/producto\/apeticat-jarabe-suplemento-vitaminico-para-gato-100-ml\/\" \/>\n<meta property=\"og:site_name\" content=\"Mascoter\u00eda Gonzalito\" \/>\n<meta property=\"article:publisher\" content=\"https:\/\/www.facebook.com\/mascoteria.gonzalito\/\" \/>\n<meta property=\"article:modified_time\" content=\"2026-03-13T18:48:21+00:00\" \/>\n<meta property=\"og:image\" content=\"https:\/\/www.mascoteriagonzalito.cl\/wp-content\/uploads\/2025\/09\/apeticat-jarabe.jpg\" \/>\n\t<meta property=\"og:image:width\" content=\"800\" \/>\n\t<meta property=\"og:image:height\" content=\"800\" \/>\n\t<meta property=\"og:image:type\" content=\"image\/jpeg\" \/>\n<meta name=\"twitter:card\" content=\"summary_large_image\" \/>\n<meta name=\"twitter:label1\" content=\"Tiempo de lectura\" \/>\n\t<meta name=\"twitter:data1\" content=\"1 minuto\" \/>\n<script type=\"application\/ld+json\" class=\"yoast-schema-graph\">{\"@context\":\"https:\\\/\\\/schema.org\",\"@graph\":[{\"@type\":\"WebPage\",\"@id\":\"https:\\\/\\\/www.mascoteriagonzalito.cl\\\/index.php\\\/producto\\\/apeticat-jarabe-suplemento-vitaminico-para-gato-100-ml\\\/\",\"url\":\"https:\\\/\\\/www.mascoteriagonzalito.cl\\\/index.php\\\/producto\\\/apeticat-jarabe-suplemento-vitaminico-para-gato-100-ml\\\/\",\"name\":\"APETICAT JARABE SUPLEMENTO VITAMINICO PARA GATO 100 ML - Mascoter\u00eda Gonzalito\",\"isPartOf\":{\"@id\":\"https:\\\/\\\/www.mascoteriagonzalito.cl\\\/#website\"},\"primaryImageOfPage\":{\"@id\":\"https:\\\/\\\/www.mascoteriagonzalito.cl\\\/index.php\\\/producto\\\/apeticat-jarabe-suplemento-vitaminico-para-gato-100-ml\\\/#primaryimage\"},\"image\":{\"@id\":\"https:\\\/\\\/www.mascoteriagonzalito.cl\\\/index.php\\\/producto\\\/apeticat-jarabe-suplemento-vitaminico-para-gato-100-ml\\\/#primaryimage\"},\"thumbnailUrl\":\"https:\\\/\\\/www.mascoteriagonzalito.cl\\\/wp-content\\\/uploads\\\/2025\\\/09\\\/apeticat-jarabe.jpg\",\"datePublished\":\"2025-09-24T19:10:08+00:00\",\"dateModified\":\"2026-03-13T18:48:21+00:00\",\"breadcrumb\":{\"@id\":\"https:\\\/\\\/www.mascoteriagonzalito.cl\\\/index.php\\\/producto\\\/apeticat-jarabe-suplemento-vitaminico-para-gato-100-ml\\\/#breadcrumb\"},\"inLanguage\":\"es\",\"potentialAction\":[{\"@type\":\"ReadAction\",\"target\":[\"https:\\\/\\\/www.mascoteriagonzalito.cl\\\/index.php\\\/producto\\\/apeticat-jarabe-suplemento-vitaminico-para-gato-100-ml\\\/\"]}]},{\"@type\":\"ImageObject\",\"inLanguage\":\"es\",\"@id\":\"https:\\\/\\\/www.mascoteriagonzalito.cl\\\/index.php\\\/producto\\\/apeticat-jarabe-suplemento-vitaminico-para-gato-100-ml\\\/#primaryimage\",\"url\":\"https:\\\/\\\/www.mascoteriagonzalito.cl\\\/wp-content\\\/uploads\\\/2025\\\/09\\\/apeticat-jarabe.jpg\",\"contentUrl\":\"https:\\\/\\\/www.mascoteriagonzalito.cl\\\/wp-content\\\/uploads\\\/2025\\\/09\\\/apeticat-jarabe.jpg\",\"width\":800,\"height\":800},{\"@type\":\"BreadcrumbList\",\"@id\":\"https:\\\/\\\/www.mascoteriagonzalito.cl\\\/index.php\\\/producto\\\/apeticat-jarabe-suplemento-vitaminico-para-gato-100-ml\\\/#breadcrumb\",\"itemListElement\":[{\"@type\":\"ListItem\",\"position\":1,\"name\":\"Portada\",\"item\":\"https:\\\/\\\/www.mascoteriagonzalito.cl\\\/\"},{\"@type\":\"ListItem\",\"position\":2,\"name\":\"Tienda\",\"item\":\"https:\\\/\\\/www.mascoteriagonzalito.cl\\\/index.php\\\/tienda\\\/\"},{\"@type\":\"ListItem\",\"position\":3,\"name\":\"APETICAT JARABE SUPLEMENTO VITAMINICO PARA GATO 100 ML\"}]},{\"@type\":\"WebSite\",\"@id\":\"https:\\\/\\\/www.mascoteriagonzalito.cl\\\/#website\",\"url\":\"https:\\\/\\\/www.mascoteriagonzalito.cl\\\/\",\"name\":\"Mascoter\u00eda Gonzalito\",\"description\":\"Alimentos y accesorios para mascotas\",\"publisher\":{\"@id\":\"https:\\\/\\\/www.mascoteriagonzalito.cl\\\/#organization\"},\"potentialAction\":[{\"@type\":\"SearchAction\",\"target\":{\"@type\":\"EntryPoint\",\"urlTemplate\":\"https:\\\/\\\/www.mascoteriagonzalito.cl\\\/?s={search_term_string}\"},\"query-input\":{\"@type\":\"PropertyValueSpecification\",\"valueRequired\":true,\"valueName\":\"search_term_string\"}}],\"inLanguage\":\"es\"},{\"@type\":\"Organization\",\"@id\":\"https:\\\/\\\/www.mascoteriagonzalito.cl\\\/#organization\",\"name\":\"Mascoter\u00eda Gonzalito\",\"url\":\"https:\\\/\\\/www.mascoteriagonzalito.cl\\\/\",\"logo\":{\"@type\":\"ImageObject\",\"inLanguage\":\"es\",\"@id\":\"https:\\\/\\\/www.mascoteriagonzalito.cl\\\/#\\\/schema\\\/logo\\\/image\\\/\",\"url\":\"https:\\\/\\\/www.mascoteriagonzalito.cl\\\/wp-content\\\/uploads\\\/2025\\\/01\\\/IMG-20250113-WA0002-copia.png\",\"contentUrl\":\"https:\\\/\\\/www.mascoteriagonzalito.cl\\\/wp-content\\\/uploads\\\/2025\\\/01\\\/IMG-20250113-WA0002-copia.png\",\"width\":1600,\"height\":1600,\"caption\":\"Mascoter\u00eda Gonzalito\"},\"image\":{\"@id\":\"https:\\\/\\\/www.mascoteriagonzalito.cl\\\/#\\\/schema\\\/logo\\\/image\\\/\"},\"sameAs\":[\"https:\\\/\\\/www.facebook.com\\\/mascoteria.gonzalito\\\/\"]}]}<\/script>\n<!-- \/ Yoast SEO plugin. -->","yoast_head_json":{"title":"APETICAT JARABE SUPLEMENTO VITAMINICO PARA GATO 100 ML - Mascoter\u00eda Gonzalito","robots":{"index":"index","follow":"follow","max-snippet":"max-snippet:-1","max-image-preview":"max-image-preview:large","max-video-preview":"max-video-preview:-1"},"canonical":"https:\/\/www.mascoteriagonzalito.cl\/index.php\/producto\/apeticat-jarabe-suplemento-vitaminico-para-gato-100-ml\/","og_locale":"es_ES","og_type":"article","og_title":"APETICAT JARABE SUPLEMENTO VITAMINICO PARA GATO 100 ML - Mascoter\u00eda Gonzalito","og_description":"Apeticat Jarabe es un suplemento formulado especialmente para gatos a base de Taurina y Carnitina, complementado con amino\u00e1cidos, vitaminas y Calcio.  Su f\u00f3rmula aumenta las ganas de comer de su mascota, actuando bioenergizante y mejorador de las funciones metab\u00f3licas del organismo.  La Taurina es un amino\u00e1cido que los gatos s\u00f3lo sintetizan en cantidades muy peque\u00f1as, no suficiente para satisfacer en su totalidad las necesidades fisiol\u00f3gicas del animal, su presencia en cantidad adecuada es esencial en la dieta para mantener la salud de su mascota.","og_url":"https:\/\/www.mascoteriagonzalito.cl\/index.php\/producto\/apeticat-jarabe-suplemento-vitaminico-para-gato-100-ml\/","og_site_name":"Mascoter\u00eda Gonzalito","article_publisher":"https:\/\/www.facebook.com\/mascoteria.gonzalito\/","article_modified_time":"2026-03-13T18:48:21+00:00","og_image":[{"width":800,"height":800,"url":"https:\/\/www.mascoteriagonzalito.cl\/wp-content\/uploads\/2025\/09\/apeticat-jarabe.jpg","type":"image\/jpeg"}],"twitter_card":"summary_large_image","twitter_misc":{"Tiempo de lectura":"1 minuto"},"schema":{"@context":"https:\/\/schema.org","@graph":[{"@type":"WebPage","@id":"https:\/\/www.mascoteriagonzalito.cl\/index.php\/producto\/apeticat-jarabe-suplemento-vitaminico-para-gato-100-ml\/","url":"https:\/\/www.mascoteriagonzalito.cl\/index.php\/producto\/apeticat-jarabe-suplemento-vitaminico-para-gato-100-ml\/","name":"APETICAT JARABE SUPLEMENTO VITAMINICO PARA GATO 100 ML - Mascoter\u00eda Gonzalito","isPartOf":{"@id":"https:\/\/www.mascoteriagonzalito.cl\/#website"},"primaryImageOfPage":{"@id":"https:\/\/www.mascoteriagonzalito.cl\/index.php\/producto\/apeticat-jarabe-suplemento-vitaminico-para-gato-100-ml\/#primaryimage"},"image":{"@id":"https:\/\/www.mascoteriagonzalito.cl\/index.php\/producto\/apeticat-jarabe-suplemento-vitaminico-para-gato-100-ml\/#primaryimage"},"thumbnailUrl":"https:\/\/www.mascoteriagonzalito.cl\/wp-content\/uploads\/2025\/09\/apeticat-jarabe.jpg","datePublished":"2025-09-24T19:10:08+00:00","dateModified":"2026-03-13T18:48:21+00:00","breadcrumb":{"@id":"https:\/\/www.mascoteriagonzalito.cl\/index.php\/producto\/apeticat-jarabe-suplemento-vitaminico-para-gato-100-ml\/#breadcrumb"},"inLanguage":"es","potentialAction":[{"@type":"ReadAction","target":["https:\/\/www.mascoteriagonzalito.cl\/index.php\/producto\/apeticat-jarabe-suplemento-vitaminico-para-gato-100-ml\/"]}]},{"@type":"ImageObject","inLanguage":"es","@id":"https:\/\/www.mascoteriagonzalito.cl\/index.php\/producto\/apeticat-jarabe-suplemento-vitaminico-para-gato-100-ml\/#primaryimage","url":"https:\/\/www.mascoteriagonzalito.cl\/wp-content\/uploads\/2025\/09\/apeticat-jarabe.jpg","contentUrl":"https:\/\/www.mascoteriagonzalito.cl\/wp-content\/uploads\/2025\/09\/apeticat-jarabe.jpg","width":800,"height":800},{"@type":"BreadcrumbList","@id":"https:\/\/www.mascoteriagonzalito.cl\/index.php\/producto\/apeticat-jarabe-suplemento-vitaminico-para-gato-100-ml\/#breadcrumb","itemListElement":[{"@type":"ListItem","position":1,"name":"Portada","item":"https:\/\/www.mascoteriagonzalito.cl\/"},{"@type":"ListItem","position":2,"name":"Tienda","item":"https:\/\/www.mascoteriagonzalito.cl\/index.php\/tienda\/"},{"@type":"ListItem","position":3,"name":"APETICAT JARABE SUPLEMENTO VITAMINICO PARA GATO 100 ML"}]},{"@type":"WebSite","@id":"https:\/\/www.mascoteriagonzalito.cl\/#website","url":"https:\/\/www.mascoteriagonzalito.cl\/","name":"Mascoter\u00eda Gonzalito","description":"Alimentos y accesorios para mascotas","publisher":{"@id":"https:\/\/www.mascoteriagonzalito.cl\/#organization"},"potentialAction":[{"@type":"SearchAction","target":{"@type":"EntryPoint","urlTemplate":"https:\/\/www.mascoteriagonzalito.cl\/?s={search_term_string}"},"query-input":{"@type":"PropertyValueSpecification","valueRequired":true,"valueName":"search_term_string"}}],"inLanguage":"es"},{"@type":"Organization","@id":"https:\/\/www.mascoteriagonzalito.cl\/#organization","name":"Mascoter\u00eda Gonzalito","url":"https:\/\/www.mascoteriagonzalito.cl\/","logo":{"@type":"ImageObject","inLanguage":"es","@id":"https:\/\/www.mascoteriagonzalito.cl\/#\/schema\/logo\/image\/","url":"https:\/\/www.mascoteriagonzalito.cl\/wp-content\/uploads\/2025\/01\/IMG-20250113-WA0002-copia.png","contentUrl":"https:\/\/www.mascoteriagonzalito.cl\/wp-content\/uploads\/2025\/01\/IMG-20250113-WA0002-copia.png","width":1600,"height":1600,"caption":"Mascoter\u00eda Gonzalito"},"image":{"@id":"https:\/\/www.mascoteriagonzalito.cl\/#\/schema\/logo\/image\/"},"sameAs":["https:\/\/www.facebook.com\/mascoteria.gonzalito\/"]}]}},"_links":{"self":[{"href":"https:\/\/www.mascoteriagonzalito.cl\/index.php\/wp-json\/wp\/v2\/product\/4840","targetHints":{"allow":["GET"]}}],"collection":[{"href":"https:\/\/www.mascoteriagonzalito.cl\/index.php\/wp-json\/wp\/v2\/product"}],"about":[{"href":"https:\/\/www.mascoteriagonzalito.cl\/index.php\/wp-json\/wp\/v2\/types\/product"}],"replies":[{"embeddable":true,"href":"https:\/\/www.mascoteriagonzalito.cl\/index.php\/wp-json\/wp\/v2\/comments?post=4840"}],"wp:featuredmedia":[{"embeddable":true,"href":"https:\/\/www.mascoteriagonzalito.cl\/index.php\/wp-json\/wp\/v2\/media\/5809"}],"wp:attachment":[{"href":"https:\/\/www.mascoteriagonzalito.cl\/index.php\/wp-json\/wp\/v2\/media?parent=4840"}],"wp:term":[{"taxonomy":"product_brand","embeddable":true,"href":"https:\/\/www.mascoteriagonzalito.cl\/index.php\/wp-json\/wp\/v2\/product_brand?post=4840"},{"taxonomy":"product_cat","embeddable":true,"href":"https:\/\/www.mascoteriagonzalito.cl\/index.php\/wp-json\/wp\/v2\/product_cat?post=4840"},{"taxonomy":"product_tag","embeddable":true,"href":"https:\/\/www.mascoteriagonzalito.cl\/index.php\/wp-json\/wp\/v2\/product_tag?post=4840"}],"curies":[{"name":"wp","href":"https:\/\/api.w.org\/{rel}","templated":true}]}}