{"id":4825,"date":"2025-09-16T14:07:57","date_gmt":"2025-09-16T14:07:57","guid":{"rendered":"https:\/\/www.mascoteriagonzalito.cl\/?post_type=product&#038;p=4825"},"modified":"2026-02-20T19:13:06","modified_gmt":"2026-02-20T19:13:06","slug":"perfume-aroma-de-durazno-118-ml","status":"publish","type":"product","link":"https:\/\/www.mascoteriagonzalito.cl\/index.php\/producto\/perfume-aroma-de-durazno-118-ml\/","title":{"rendered":"PEACH BLOSSOM PERFUME AROMA DE DURAZNO 118 ML"},"content":{"rendered":"<p><strong><span dir=\"auto\">Beneficios clave:<\/span><\/strong><\/p>\n<ul>\n<li><strong><span dir=\"auto\">Eliminaci\u00f3n instant\u00e1nea de olores:<\/span><\/strong><span dir=\"auto\">\u00a0Neutraliza r\u00e1pidamente los malos olores de las mascotas y su entorno, proporcionando frescura inmediata<\/span><\/li>\n<li><strong><span dir=\"auto\">Fragancia duradera:<\/span><\/strong><span dir=\"auto\">\u00a0infundida con un agradable aroma a flor de durazno que perdura y refresca su ambiente.<\/span><\/li>\n<li><strong><span dir=\"auto\">Sin alcohol:<\/span><\/strong><span dir=\"auto\">\u00a0seguro para uso regular sin los efectos secantes del alcohol.<\/span><\/li>\n<li><strong><span dir=\"auto\">Acci\u00f3n desodorizante \u00fanica:<\/span><\/strong><span dir=\"auto\">\u00a0Especialmente formulado para descomponer los olores y mantener una atm\u00f3sfera limpia.<\/span><\/li>\n<\/ul>\n<p><strong><span dir=\"auto\">Ingredientes principales:<\/span><\/strong><\/p>\n<ul>\n<li><strong><span dir=\"auto\">Agua desionizada:<\/span><\/strong><span dir=\"auto\">\u00a0Un ingrediente base que garantiza una aplicaci\u00f3n suave<\/span><\/li>\n<li><strong><span dir=\"auto\">Fragancia:<\/span><\/strong><span dir=\"auto\">\u00a0Infunde el spray con un aroma fresco y agradable a flor de durazno.<\/span><\/li>\n<li><strong><span dir=\"auto\">Aceite de ricino hidrogenado PEG-30\/50:<\/span><\/strong><span dir=\"auto\">\u00a0Mejora la eficacia del spray.<\/span><\/li>\n<li><strong><span dir=\"auto\">Propilenglicol:<\/span><\/strong><span dir=\"auto\">\u00a0Contribuye a la estabilidad y el rendimiento de la f\u00f3rmula.<\/span><\/li>\n<li><strong><span dir=\"auto\">\u00c1cido graso insaturado de soja:<\/span><\/strong><span dir=\"auto\">\u00a0favorece la eficacia general de la acci\u00f3n desodorizante.<\/span><\/li>\n<li><strong><span dir=\"auto\">Clorometilisotiazolinona:<\/span><\/strong><span dir=\"auto\">\u00a0Un conservante que mantiene la frescura del producto.<\/span><\/li>\n<\/ul>\n<p><strong><span dir=\"auto\">Instrucciones de uso:<\/span><\/strong><\/p>\n<ol>\n<li><strong><span dir=\"auto\">Agitar bien:<\/span><\/strong><span dir=\"auto\">\u00a0Agite el frasco suavemente antes de usarlo<\/span><\/li>\n<li><strong><span dir=\"auto\">Aplicar:<\/span><\/strong><span dir=\"auto\">\u00a0Mantenga el aerosol a una distancia de 6 a 8 pulgadas del \u00e1rea o la mascota.<\/span><\/li>\n<li><strong><span dir=\"auto\">Roc\u00ede:<\/span><\/strong><span dir=\"auto\">\u00a0roc\u00ede ligeramente el \u00e1rea deseada o el pelaje de su mascota.<\/span><\/li>\n<li><strong><span dir=\"auto\">Dejar secar:<\/span><\/strong><span dir=\"auto\">\u00a0Deje que el aerosol se seque al aire para permitir que se desarrolle la fragancia.<\/span><\/li>\n<\/ol>\n<p><span dir=\"auto\">El desodorante en spray refrescante Bioline Peach Blossom es la elecci\u00f3n perfecta para mantener el entorno de tu mascota y su pelaje fresco y agradablemente perfumado.<\/span><\/p>\n","protected":false},"excerpt":{"rendered":"<p>Perfume con Efecto enzim\u00e1tico desodorante que act\u00faa<br \/>\ndescomponiendo las mol\u00e9culas que generar el mal olor, adem\u00e1s<br \/>\ndeja una elegante fragancia, alta eficacia de desodorante de las<br \/>\nexcretas.<\/p>\n","protected":false},"featured_media":5946,"comment_status":"open","ping_status":"closed","template":"","meta":[],"product_brand":[165],"product_cat":[37,36],"product_tag":[],"class_list":{"0":"post-4825","1":"product","2":"type-product","3":"status-publish","4":"has-post-thumbnail","6":"product_brand-bioline","7":"product_cat-linea-higiene-gato","8":"product_cat-linea-higiene-perro","10":"first","11":"instock","12":"shipping-taxable","13":"purchasable","14":"product-type-simple"},"yoast_head":"<!-- This site is optimized with the Yoast SEO plugin v27.4 - https:\/\/yoast.com\/product\/yoast-seo-wordpress\/ -->\n<title>PEACH BLOSSOM PERFUME AROMA DE DURAZNO 118 ML - Mascoter\u00eda Gonzalito<\/title>\n<meta name=\"robots\" content=\"index, follow, max-snippet:-1, max-image-preview:large, max-video-preview:-1\" \/>\n<link rel=\"canonical\" href=\"https:\/\/www.mascoteriagonzalito.cl\/index.php\/producto\/perfume-aroma-de-durazno-118-ml\/\" \/>\n<meta property=\"og:locale\" content=\"es_ES\" \/>\n<meta property=\"og:type\" content=\"article\" \/>\n<meta property=\"og:title\" content=\"PEACH BLOSSOM PERFUME AROMA DE DURAZNO 118 ML - Mascoter\u00eda Gonzalito\" \/>\n<meta property=\"og:description\" content=\"Perfume con Efecto enzim\u00e1tico desodorante que act\u00faa descomponiendo las mol\u00e9culas que generar el mal olor, adem\u00e1s deja una elegante fragancia, alta eficacia de desodorante de las excretas.\" \/>\n<meta property=\"og:url\" content=\"https:\/\/www.mascoteriagonzalito.cl\/index.php\/producto\/perfume-aroma-de-durazno-118-ml\/\" \/>\n<meta property=\"og:site_name\" content=\"Mascoter\u00eda Gonzalito\" \/>\n<meta property=\"article:publisher\" content=\"https:\/\/www.facebook.com\/mascoteria.gonzalito\/\" \/>\n<meta property=\"article:modified_time\" content=\"2026-02-20T19:13:06+00:00\" \/>\n<meta property=\"og:image\" content=\"https:\/\/www.mascoteriagonzalito.cl\/wp-content\/uploads\/2025\/09\/BLOSSOM.png\" \/>\n\t<meta property=\"og:image:width\" content=\"206\" \/>\n\t<meta property=\"og:image:height\" content=\"403\" \/>\n\t<meta property=\"og:image:type\" content=\"image\/png\" \/>\n<meta name=\"twitter:card\" content=\"summary_large_image\" \/>\n<meta name=\"twitter:label1\" content=\"Tiempo de lectura\" \/>\n\t<meta name=\"twitter:data1\" content=\"1 minuto\" \/>\n<script type=\"application\/ld+json\" class=\"yoast-schema-graph\">{\"@context\":\"https:\\\/\\\/schema.org\",\"@graph\":[{\"@type\":\"WebPage\",\"@id\":\"https:\\\/\\\/www.mascoteriagonzalito.cl\\\/index.php\\\/producto\\\/perfume-aroma-de-durazno-118-ml\\\/\",\"url\":\"https:\\\/\\\/www.mascoteriagonzalito.cl\\\/index.php\\\/producto\\\/perfume-aroma-de-durazno-118-ml\\\/\",\"name\":\"PEACH BLOSSOM PERFUME AROMA DE DURAZNO 118 ML - Mascoter\u00eda Gonzalito\",\"isPartOf\":{\"@id\":\"https:\\\/\\\/www.mascoteriagonzalito.cl\\\/#website\"},\"primaryImageOfPage\":{\"@id\":\"https:\\\/\\\/www.mascoteriagonzalito.cl\\\/index.php\\\/producto\\\/perfume-aroma-de-durazno-118-ml\\\/#primaryimage\"},\"image\":{\"@id\":\"https:\\\/\\\/www.mascoteriagonzalito.cl\\\/index.php\\\/producto\\\/perfume-aroma-de-durazno-118-ml\\\/#primaryimage\"},\"thumbnailUrl\":\"https:\\\/\\\/www.mascoteriagonzalito.cl\\\/wp-content\\\/uploads\\\/2025\\\/09\\\/BLOSSOM.png\",\"datePublished\":\"2025-09-16T14:07:57+00:00\",\"dateModified\":\"2026-02-20T19:13:06+00:00\",\"breadcrumb\":{\"@id\":\"https:\\\/\\\/www.mascoteriagonzalito.cl\\\/index.php\\\/producto\\\/perfume-aroma-de-durazno-118-ml\\\/#breadcrumb\"},\"inLanguage\":\"es\",\"potentialAction\":[{\"@type\":\"ReadAction\",\"target\":[\"https:\\\/\\\/www.mascoteriagonzalito.cl\\\/index.php\\\/producto\\\/perfume-aroma-de-durazno-118-ml\\\/\"]}]},{\"@type\":\"ImageObject\",\"inLanguage\":\"es\",\"@id\":\"https:\\\/\\\/www.mascoteriagonzalito.cl\\\/index.php\\\/producto\\\/perfume-aroma-de-durazno-118-ml\\\/#primaryimage\",\"url\":\"https:\\\/\\\/www.mascoteriagonzalito.cl\\\/wp-content\\\/uploads\\\/2025\\\/09\\\/BLOSSOM.png\",\"contentUrl\":\"https:\\\/\\\/www.mascoteriagonzalito.cl\\\/wp-content\\\/uploads\\\/2025\\\/09\\\/BLOSSOM.png\",\"width\":206,\"height\":403},{\"@type\":\"BreadcrumbList\",\"@id\":\"https:\\\/\\\/www.mascoteriagonzalito.cl\\\/index.php\\\/producto\\\/perfume-aroma-de-durazno-118-ml\\\/#breadcrumb\",\"itemListElement\":[{\"@type\":\"ListItem\",\"position\":1,\"name\":\"Portada\",\"item\":\"https:\\\/\\\/www.mascoteriagonzalito.cl\\\/\"},{\"@type\":\"ListItem\",\"position\":2,\"name\":\"Tienda\",\"item\":\"https:\\\/\\\/www.mascoteriagonzalito.cl\\\/index.php\\\/tienda\\\/\"},{\"@type\":\"ListItem\",\"position\":3,\"name\":\"PEACH BLOSSOM PERFUME AROMA DE DURAZNO 118 ML\"}]},{\"@type\":\"WebSite\",\"@id\":\"https:\\\/\\\/www.mascoteriagonzalito.cl\\\/#website\",\"url\":\"https:\\\/\\\/www.mascoteriagonzalito.cl\\\/\",\"name\":\"Mascoter\u00eda Gonzalito\",\"description\":\"Alimentos y accesorios para mascotas\",\"publisher\":{\"@id\":\"https:\\\/\\\/www.mascoteriagonzalito.cl\\\/#organization\"},\"potentialAction\":[{\"@type\":\"SearchAction\",\"target\":{\"@type\":\"EntryPoint\",\"urlTemplate\":\"https:\\\/\\\/www.mascoteriagonzalito.cl\\\/?s={search_term_string}\"},\"query-input\":{\"@type\":\"PropertyValueSpecification\",\"valueRequired\":true,\"valueName\":\"search_term_string\"}}],\"inLanguage\":\"es\"},{\"@type\":\"Organization\",\"@id\":\"https:\\\/\\\/www.mascoteriagonzalito.cl\\\/#organization\",\"name\":\"Mascoter\u00eda Gonzalito\",\"url\":\"https:\\\/\\\/www.mascoteriagonzalito.cl\\\/\",\"logo\":{\"@type\":\"ImageObject\",\"inLanguage\":\"es\",\"@id\":\"https:\\\/\\\/www.mascoteriagonzalito.cl\\\/#\\\/schema\\\/logo\\\/image\\\/\",\"url\":\"https:\\\/\\\/www.mascoteriagonzalito.cl\\\/wp-content\\\/uploads\\\/2025\\\/01\\\/IMG-20250113-WA0002-copia.png\",\"contentUrl\":\"https:\\\/\\\/www.mascoteriagonzalito.cl\\\/wp-content\\\/uploads\\\/2025\\\/01\\\/IMG-20250113-WA0002-copia.png\",\"width\":1600,\"height\":1600,\"caption\":\"Mascoter\u00eda Gonzalito\"},\"image\":{\"@id\":\"https:\\\/\\\/www.mascoteriagonzalito.cl\\\/#\\\/schema\\\/logo\\\/image\\\/\"},\"sameAs\":[\"https:\\\/\\\/www.facebook.com\\\/mascoteria.gonzalito\\\/\"]}]}<\/script>\n<!-- \/ Yoast SEO plugin. -->","yoast_head_json":{"title":"PEACH BLOSSOM PERFUME AROMA DE DURAZNO 118 ML - Mascoter\u00eda Gonzalito","robots":{"index":"index","follow":"follow","max-snippet":"max-snippet:-1","max-image-preview":"max-image-preview:large","max-video-preview":"max-video-preview:-1"},"canonical":"https:\/\/www.mascoteriagonzalito.cl\/index.php\/producto\/perfume-aroma-de-durazno-118-ml\/","og_locale":"es_ES","og_type":"article","og_title":"PEACH BLOSSOM PERFUME AROMA DE DURAZNO 118 ML - Mascoter\u00eda Gonzalito","og_description":"Perfume con Efecto enzim\u00e1tico desodorante que act\u00faa descomponiendo las mol\u00e9culas que generar el mal olor, adem\u00e1s deja una elegante fragancia, alta eficacia de desodorante de las excretas.","og_url":"https:\/\/www.mascoteriagonzalito.cl\/index.php\/producto\/perfume-aroma-de-durazno-118-ml\/","og_site_name":"Mascoter\u00eda Gonzalito","article_publisher":"https:\/\/www.facebook.com\/mascoteria.gonzalito\/","article_modified_time":"2026-02-20T19:13:06+00:00","og_image":[{"width":206,"height":403,"url":"https:\/\/www.mascoteriagonzalito.cl\/wp-content\/uploads\/2025\/09\/BLOSSOM.png","type":"image\/png"}],"twitter_card":"summary_large_image","twitter_misc":{"Tiempo de lectura":"1 minuto"},"schema":{"@context":"https:\/\/schema.org","@graph":[{"@type":"WebPage","@id":"https:\/\/www.mascoteriagonzalito.cl\/index.php\/producto\/perfume-aroma-de-durazno-118-ml\/","url":"https:\/\/www.mascoteriagonzalito.cl\/index.php\/producto\/perfume-aroma-de-durazno-118-ml\/","name":"PEACH BLOSSOM PERFUME AROMA DE DURAZNO 118 ML - Mascoter\u00eda Gonzalito","isPartOf":{"@id":"https:\/\/www.mascoteriagonzalito.cl\/#website"},"primaryImageOfPage":{"@id":"https:\/\/www.mascoteriagonzalito.cl\/index.php\/producto\/perfume-aroma-de-durazno-118-ml\/#primaryimage"},"image":{"@id":"https:\/\/www.mascoteriagonzalito.cl\/index.php\/producto\/perfume-aroma-de-durazno-118-ml\/#primaryimage"},"thumbnailUrl":"https:\/\/www.mascoteriagonzalito.cl\/wp-content\/uploads\/2025\/09\/BLOSSOM.png","datePublished":"2025-09-16T14:07:57+00:00","dateModified":"2026-02-20T19:13:06+00:00","breadcrumb":{"@id":"https:\/\/www.mascoteriagonzalito.cl\/index.php\/producto\/perfume-aroma-de-durazno-118-ml\/#breadcrumb"},"inLanguage":"es","potentialAction":[{"@type":"ReadAction","target":["https:\/\/www.mascoteriagonzalito.cl\/index.php\/producto\/perfume-aroma-de-durazno-118-ml\/"]}]},{"@type":"ImageObject","inLanguage":"es","@id":"https:\/\/www.mascoteriagonzalito.cl\/index.php\/producto\/perfume-aroma-de-durazno-118-ml\/#primaryimage","url":"https:\/\/www.mascoteriagonzalito.cl\/wp-content\/uploads\/2025\/09\/BLOSSOM.png","contentUrl":"https:\/\/www.mascoteriagonzalito.cl\/wp-content\/uploads\/2025\/09\/BLOSSOM.png","width":206,"height":403},{"@type":"BreadcrumbList","@id":"https:\/\/www.mascoteriagonzalito.cl\/index.php\/producto\/perfume-aroma-de-durazno-118-ml\/#breadcrumb","itemListElement":[{"@type":"ListItem","position":1,"name":"Portada","item":"https:\/\/www.mascoteriagonzalito.cl\/"},{"@type":"ListItem","position":2,"name":"Tienda","item":"https:\/\/www.mascoteriagonzalito.cl\/index.php\/tienda\/"},{"@type":"ListItem","position":3,"name":"PEACH BLOSSOM PERFUME AROMA DE DURAZNO 118 ML"}]},{"@type":"WebSite","@id":"https:\/\/www.mascoteriagonzalito.cl\/#website","url":"https:\/\/www.mascoteriagonzalito.cl\/","name":"Mascoter\u00eda Gonzalito","description":"Alimentos y accesorios para mascotas","publisher":{"@id":"https:\/\/www.mascoteriagonzalito.cl\/#organization"},"potentialAction":[{"@type":"SearchAction","target":{"@type":"EntryPoint","urlTemplate":"https:\/\/www.mascoteriagonzalito.cl\/?s={search_term_string}"},"query-input":{"@type":"PropertyValueSpecification","valueRequired":true,"valueName":"search_term_string"}}],"inLanguage":"es"},{"@type":"Organization","@id":"https:\/\/www.mascoteriagonzalito.cl\/#organization","name":"Mascoter\u00eda Gonzalito","url":"https:\/\/www.mascoteriagonzalito.cl\/","logo":{"@type":"ImageObject","inLanguage":"es","@id":"https:\/\/www.mascoteriagonzalito.cl\/#\/schema\/logo\/image\/","url":"https:\/\/www.mascoteriagonzalito.cl\/wp-content\/uploads\/2025\/01\/IMG-20250113-WA0002-copia.png","contentUrl":"https:\/\/www.mascoteriagonzalito.cl\/wp-content\/uploads\/2025\/01\/IMG-20250113-WA0002-copia.png","width":1600,"height":1600,"caption":"Mascoter\u00eda Gonzalito"},"image":{"@id":"https:\/\/www.mascoteriagonzalito.cl\/#\/schema\/logo\/image\/"},"sameAs":["https:\/\/www.facebook.com\/mascoteria.gonzalito\/"]}]}},"_links":{"self":[{"href":"https:\/\/www.mascoteriagonzalito.cl\/index.php\/wp-json\/wp\/v2\/product\/4825","targetHints":{"allow":["GET"]}}],"collection":[{"href":"https:\/\/www.mascoteriagonzalito.cl\/index.php\/wp-json\/wp\/v2\/product"}],"about":[{"href":"https:\/\/www.mascoteriagonzalito.cl\/index.php\/wp-json\/wp\/v2\/types\/product"}],"replies":[{"embeddable":true,"href":"https:\/\/www.mascoteriagonzalito.cl\/index.php\/wp-json\/wp\/v2\/comments?post=4825"}],"wp:featuredmedia":[{"embeddable":true,"href":"https:\/\/www.mascoteriagonzalito.cl\/index.php\/wp-json\/wp\/v2\/media\/5946"}],"wp:attachment":[{"href":"https:\/\/www.mascoteriagonzalito.cl\/index.php\/wp-json\/wp\/v2\/media?parent=4825"}],"wp:term":[{"taxonomy":"product_brand","embeddable":true,"href":"https:\/\/www.mascoteriagonzalito.cl\/index.php\/wp-json\/wp\/v2\/product_brand?post=4825"},{"taxonomy":"product_cat","embeddable":true,"href":"https:\/\/www.mascoteriagonzalito.cl\/index.php\/wp-json\/wp\/v2\/product_cat?post=4825"},{"taxonomy":"product_tag","embeddable":true,"href":"https:\/\/www.mascoteriagonzalito.cl\/index.php\/wp-json\/wp\/v2\/product_tag?post=4825"}],"curies":[{"name":"wp","href":"https:\/\/api.w.org\/{rel}","templated":true}]}}