{"id":4766,"date":"2025-09-04T15:45:07","date_gmt":"2025-09-04T15:45:07","guid":{"rendered":"https:\/\/www.mascoteriagonzalito.cl\/?post_type=product&#038;p=4766"},"modified":"2026-04-09T16:18:29","modified_gmt":"2026-04-09T16:18:29","slug":"top-one-dog-adulto-mediano-y-grande-18-kg","status":"publish","type":"product","link":"https:\/\/www.mascoteriagonzalito.cl\/index.php\/producto\/top-one-dog-adulto-mediano-y-grande-18-kg\/","title":{"rendered":"TOP ONE DOG ADULTO MEDIANO Y GRANDE 18 KG"},"content":{"rendered":"<h3 data-start=\"479\" data-end=\"517\"><strong data-start=\"483\" data-end=\"515\">Caracter\u00edsticas Principales:<\/strong><\/h3>\n<p data-start=\"519\" data-end=\"1146\">\u2705\u00a0<strong data-start=\"521\" data-end=\"557\">26% de Prote\u00edna de Alta Calidad:<\/strong>\u00a0Elaborado con pollo como fuente principal, favoreciendo el desarrollo y mantenimiento muscular.<br data-start=\"653\" data-end=\"656\" \/>\u2705\u00a0<strong data-start=\"658\" data-end=\"686\">Antioxidantes Naturales:<\/strong>\u00a0Protegen el sistema inmune y retrasan el envejecimiento celular.<br data-start=\"751\" data-end=\"754\" \/>\u2705\u00a0<strong data-start=\"756\" data-end=\"789\">Piel Sana y Pelaje Brillante:<\/strong>\u00a0Contiene Omega 3 y 6, que aportan elasticidad y brillo al pelaje.<br data-start=\"855\" data-end=\"858\" \/>\u2705\u00a0<strong data-start=\"860\" data-end=\"895\">Articulaciones Fuertes y Sanas:<\/strong>\u00a0Incorpora glucosamina para prevenir el desgaste del cart\u00edlago y mantener las articulaciones en \u00f3ptimas condiciones.<br data-start=\"1011\" data-end=\"1014\" \/>\u2705\u00a0<strong data-start=\"1016\" data-end=\"1050\">Heces Firmes y con Menos Olor:<\/strong>\u00a0Gracias al extracto de yucca y zeolita, mejorando la digesti\u00f3n y reduciendo los malos olores.<\/p>\n<h3 data-start=\"1148\" data-end=\"1169\"><strong data-start=\"1152\" data-end=\"1167\">Beneficios:<\/strong><\/h3>\n<p data-start=\"1171\" data-end=\"1590\">\ud83d\udc3e\u00a0<strong data-start=\"1174\" data-end=\"1204\">Mayor Vitalidad y Energ\u00eda:<\/strong>\u00a0Una combinaci\u00f3n equilibrada de prote\u00ednas y grasas para mantener a tu perro activo y saludable.<br data-start=\"1299\" data-end=\"1302\" \/>\ud83d\udc3e\u00a0<strong data-start=\"1305\" data-end=\"1329\">Defensas Reforzadas:<\/strong>\u00a0Antioxidantes naturales que fortalecen el sistema inmunol\u00f3gico.<br data-start=\"1393\" data-end=\"1396\" \/>\ud83d\udc3e\u00a0<strong data-start=\"1399\" data-end=\"1423\">Digesti\u00f3n Saludable:<\/strong>\u00a0Ingredientes de alta calidad y prebi\u00f3ticos que favorecen la salud intestinal.<br data-start=\"1501\" data-end=\"1504\" \/>\ud83d\udc3e\u00a0<strong data-start=\"1507\" data-end=\"1528\">Cuidado Integral:<\/strong>\u00a0Nutrici\u00f3n completa que promueve una vida larga y saludable.<\/p>\n","protected":false},"excerpt":{"rendered":"<p>TOP ONE Adulto sabor pollo esta dirigido a aquel due\u00f1o de mascota que es consciente de la relevancia de una buena nutrici\u00f3n para la salud de su mascota y busca una muy buena relaci\u00f3n de precio y calidad. Especialmente formulado por m\u00e9dicos veterinarios para entregarle a las mascotas una exclusiva combinaci\u00f3n de ingredientes que otorgan beneficios \u00fanicos para su optimo desarrollo y su crecimiento.<\/p>\n<p>&nbsp;<\/p>\n","protected":false},"featured_media":6368,"comment_status":"open","ping_status":"closed","template":"","meta":[],"product_brand":[194],"product_cat":[34],"product_tag":[],"class_list":{"0":"post-4766","1":"product","2":"type-product","3":"status-publish","4":"has-post-thumbnail","6":"product_brand-top-one","7":"product_cat-alimentos-perros","9":"first","10":"instock","11":"shipping-taxable","12":"purchasable","13":"product-type-simple"},"yoast_head":"<!-- This site is optimized with the Yoast SEO plugin v27.4 - https:\/\/yoast.com\/product\/yoast-seo-wordpress\/ -->\n<title>TOP ONE DOG ADULTO MEDIANO Y GRANDE 18 KG - Mascoter\u00eda Gonzalito<\/title>\n<meta name=\"robots\" content=\"index, follow, max-snippet:-1, max-image-preview:large, max-video-preview:-1\" \/>\n<link rel=\"canonical\" href=\"https:\/\/www.mascoteriagonzalito.cl\/index.php\/producto\/top-one-dog-adulto-mediano-y-grande-18-kg\/\" \/>\n<meta property=\"og:locale\" content=\"es_ES\" \/>\n<meta property=\"og:type\" content=\"article\" \/>\n<meta property=\"og:title\" content=\"TOP ONE DOG ADULTO MEDIANO Y GRANDE 18 KG - Mascoter\u00eda Gonzalito\" \/>\n<meta property=\"og:description\" content=\"TOP ONE Adulto sabor pollo esta dirigido a aquel due\u00f1o de mascota que es consciente de la relevancia de una buena nutrici\u00f3n para la salud de su mascota y busca una muy buena relaci\u00f3n de precio y calidad. Especialmente formulado por m\u00e9dicos veterinarios para entregarle a las mascotas una exclusiva combinaci\u00f3n de ingredientes que otorgan beneficios \u00fanicos para su optimo desarrollo y su crecimiento.  &nbsp;\" \/>\n<meta property=\"og:url\" content=\"https:\/\/www.mascoteriagonzalito.cl\/index.php\/producto\/top-one-dog-adulto-mediano-y-grande-18-kg\/\" \/>\n<meta property=\"og:site_name\" content=\"Mascoter\u00eda Gonzalito\" \/>\n<meta property=\"article:publisher\" content=\"https:\/\/www.facebook.com\/mascoteria.gonzalito\/\" \/>\n<meta property=\"article:modified_time\" content=\"2026-04-09T16:18:29+00:00\" \/>\n<meta property=\"og:image\" content=\"https:\/\/www.mascoteriagonzalito.cl\/wp-content\/uploads\/2025\/09\/23P100-600x600-1.webp\" \/>\n\t<meta property=\"og:image:width\" content=\"600\" \/>\n\t<meta property=\"og:image:height\" content=\"600\" \/>\n\t<meta property=\"og:image:type\" content=\"image\/webp\" \/>\n<meta name=\"twitter:card\" content=\"summary_large_image\" \/>\n<meta name=\"twitter:label1\" content=\"Tiempo de lectura\" \/>\n\t<meta name=\"twitter:data1\" content=\"1 minuto\" \/>\n<script type=\"application\/ld+json\" class=\"yoast-schema-graph\">{\"@context\":\"https:\\\/\\\/schema.org\",\"@graph\":[{\"@type\":\"WebPage\",\"@id\":\"https:\\\/\\\/www.mascoteriagonzalito.cl\\\/index.php\\\/producto\\\/top-one-dog-adulto-mediano-y-grande-18-kg\\\/\",\"url\":\"https:\\\/\\\/www.mascoteriagonzalito.cl\\\/index.php\\\/producto\\\/top-one-dog-adulto-mediano-y-grande-18-kg\\\/\",\"name\":\"TOP ONE DOG ADULTO MEDIANO Y GRANDE 18 KG - Mascoter\u00eda Gonzalito\",\"isPartOf\":{\"@id\":\"https:\\\/\\\/www.mascoteriagonzalito.cl\\\/#website\"},\"primaryImageOfPage\":{\"@id\":\"https:\\\/\\\/www.mascoteriagonzalito.cl\\\/index.php\\\/producto\\\/top-one-dog-adulto-mediano-y-grande-18-kg\\\/#primaryimage\"},\"image\":{\"@id\":\"https:\\\/\\\/www.mascoteriagonzalito.cl\\\/index.php\\\/producto\\\/top-one-dog-adulto-mediano-y-grande-18-kg\\\/#primaryimage\"},\"thumbnailUrl\":\"https:\\\/\\\/www.mascoteriagonzalito.cl\\\/wp-content\\\/uploads\\\/2025\\\/09\\\/23P100-600x600-1.webp\",\"datePublished\":\"2025-09-04T15:45:07+00:00\",\"dateModified\":\"2026-04-09T16:18:29+00:00\",\"breadcrumb\":{\"@id\":\"https:\\\/\\\/www.mascoteriagonzalito.cl\\\/index.php\\\/producto\\\/top-one-dog-adulto-mediano-y-grande-18-kg\\\/#breadcrumb\"},\"inLanguage\":\"es\",\"potentialAction\":[{\"@type\":\"ReadAction\",\"target\":[\"https:\\\/\\\/www.mascoteriagonzalito.cl\\\/index.php\\\/producto\\\/top-one-dog-adulto-mediano-y-grande-18-kg\\\/\"]}]},{\"@type\":\"ImageObject\",\"inLanguage\":\"es\",\"@id\":\"https:\\\/\\\/www.mascoteriagonzalito.cl\\\/index.php\\\/producto\\\/top-one-dog-adulto-mediano-y-grande-18-kg\\\/#primaryimage\",\"url\":\"https:\\\/\\\/www.mascoteriagonzalito.cl\\\/wp-content\\\/uploads\\\/2025\\\/09\\\/23P100-600x600-1.webp\",\"contentUrl\":\"https:\\\/\\\/www.mascoteriagonzalito.cl\\\/wp-content\\\/uploads\\\/2025\\\/09\\\/23P100-600x600-1.webp\",\"width\":600,\"height\":600},{\"@type\":\"BreadcrumbList\",\"@id\":\"https:\\\/\\\/www.mascoteriagonzalito.cl\\\/index.php\\\/producto\\\/top-one-dog-adulto-mediano-y-grande-18-kg\\\/#breadcrumb\",\"itemListElement\":[{\"@type\":\"ListItem\",\"position\":1,\"name\":\"Portada\",\"item\":\"https:\\\/\\\/www.mascoteriagonzalito.cl\\\/\"},{\"@type\":\"ListItem\",\"position\":2,\"name\":\"Tienda\",\"item\":\"https:\\\/\\\/www.mascoteriagonzalito.cl\\\/index.php\\\/tienda\\\/\"},{\"@type\":\"ListItem\",\"position\":3,\"name\":\"TOP ONE DOG ADULTO MEDIANO Y GRANDE 18 KG\"}]},{\"@type\":\"WebSite\",\"@id\":\"https:\\\/\\\/www.mascoteriagonzalito.cl\\\/#website\",\"url\":\"https:\\\/\\\/www.mascoteriagonzalito.cl\\\/\",\"name\":\"Mascoter\u00eda Gonzalito\",\"description\":\"Alimentos y accesorios para mascotas\",\"publisher\":{\"@id\":\"https:\\\/\\\/www.mascoteriagonzalito.cl\\\/#organization\"},\"potentialAction\":[{\"@type\":\"SearchAction\",\"target\":{\"@type\":\"EntryPoint\",\"urlTemplate\":\"https:\\\/\\\/www.mascoteriagonzalito.cl\\\/?s={search_term_string}\"},\"query-input\":{\"@type\":\"PropertyValueSpecification\",\"valueRequired\":true,\"valueName\":\"search_term_string\"}}],\"inLanguage\":\"es\"},{\"@type\":\"Organization\",\"@id\":\"https:\\\/\\\/www.mascoteriagonzalito.cl\\\/#organization\",\"name\":\"Mascoter\u00eda Gonzalito\",\"url\":\"https:\\\/\\\/www.mascoteriagonzalito.cl\\\/\",\"logo\":{\"@type\":\"ImageObject\",\"inLanguage\":\"es\",\"@id\":\"https:\\\/\\\/www.mascoteriagonzalito.cl\\\/#\\\/schema\\\/logo\\\/image\\\/\",\"url\":\"https:\\\/\\\/www.mascoteriagonzalito.cl\\\/wp-content\\\/uploads\\\/2025\\\/01\\\/IMG-20250113-WA0002-copia.png\",\"contentUrl\":\"https:\\\/\\\/www.mascoteriagonzalito.cl\\\/wp-content\\\/uploads\\\/2025\\\/01\\\/IMG-20250113-WA0002-copia.png\",\"width\":1600,\"height\":1600,\"caption\":\"Mascoter\u00eda Gonzalito\"},\"image\":{\"@id\":\"https:\\\/\\\/www.mascoteriagonzalito.cl\\\/#\\\/schema\\\/logo\\\/image\\\/\"},\"sameAs\":[\"https:\\\/\\\/www.facebook.com\\\/mascoteria.gonzalito\\\/\"]}]}<\/script>\n<!-- \/ Yoast SEO plugin. -->","yoast_head_json":{"title":"TOP ONE DOG ADULTO MEDIANO Y GRANDE 18 KG - Mascoter\u00eda Gonzalito","robots":{"index":"index","follow":"follow","max-snippet":"max-snippet:-1","max-image-preview":"max-image-preview:large","max-video-preview":"max-video-preview:-1"},"canonical":"https:\/\/www.mascoteriagonzalito.cl\/index.php\/producto\/top-one-dog-adulto-mediano-y-grande-18-kg\/","og_locale":"es_ES","og_type":"article","og_title":"TOP ONE DOG ADULTO MEDIANO Y GRANDE 18 KG - Mascoter\u00eda Gonzalito","og_description":"TOP ONE Adulto sabor pollo esta dirigido a aquel due\u00f1o de mascota que es consciente de la relevancia de una buena nutrici\u00f3n para la salud de su mascota y busca una muy buena relaci\u00f3n de precio y calidad. Especialmente formulado por m\u00e9dicos veterinarios para entregarle a las mascotas una exclusiva combinaci\u00f3n de ingredientes que otorgan beneficios \u00fanicos para su optimo desarrollo y su crecimiento.  &nbsp;","og_url":"https:\/\/www.mascoteriagonzalito.cl\/index.php\/producto\/top-one-dog-adulto-mediano-y-grande-18-kg\/","og_site_name":"Mascoter\u00eda Gonzalito","article_publisher":"https:\/\/www.facebook.com\/mascoteria.gonzalito\/","article_modified_time":"2026-04-09T16:18:29+00:00","og_image":[{"width":600,"height":600,"url":"https:\/\/www.mascoteriagonzalito.cl\/wp-content\/uploads\/2025\/09\/23P100-600x600-1.webp","type":"image\/webp"}],"twitter_card":"summary_large_image","twitter_misc":{"Tiempo de lectura":"1 minuto"},"schema":{"@context":"https:\/\/schema.org","@graph":[{"@type":"WebPage","@id":"https:\/\/www.mascoteriagonzalito.cl\/index.php\/producto\/top-one-dog-adulto-mediano-y-grande-18-kg\/","url":"https:\/\/www.mascoteriagonzalito.cl\/index.php\/producto\/top-one-dog-adulto-mediano-y-grande-18-kg\/","name":"TOP ONE DOG ADULTO MEDIANO Y GRANDE 18 KG - Mascoter\u00eda Gonzalito","isPartOf":{"@id":"https:\/\/www.mascoteriagonzalito.cl\/#website"},"primaryImageOfPage":{"@id":"https:\/\/www.mascoteriagonzalito.cl\/index.php\/producto\/top-one-dog-adulto-mediano-y-grande-18-kg\/#primaryimage"},"image":{"@id":"https:\/\/www.mascoteriagonzalito.cl\/index.php\/producto\/top-one-dog-adulto-mediano-y-grande-18-kg\/#primaryimage"},"thumbnailUrl":"https:\/\/www.mascoteriagonzalito.cl\/wp-content\/uploads\/2025\/09\/23P100-600x600-1.webp","datePublished":"2025-09-04T15:45:07+00:00","dateModified":"2026-04-09T16:18:29+00:00","breadcrumb":{"@id":"https:\/\/www.mascoteriagonzalito.cl\/index.php\/producto\/top-one-dog-adulto-mediano-y-grande-18-kg\/#breadcrumb"},"inLanguage":"es","potentialAction":[{"@type":"ReadAction","target":["https:\/\/www.mascoteriagonzalito.cl\/index.php\/producto\/top-one-dog-adulto-mediano-y-grande-18-kg\/"]}]},{"@type":"ImageObject","inLanguage":"es","@id":"https:\/\/www.mascoteriagonzalito.cl\/index.php\/producto\/top-one-dog-adulto-mediano-y-grande-18-kg\/#primaryimage","url":"https:\/\/www.mascoteriagonzalito.cl\/wp-content\/uploads\/2025\/09\/23P100-600x600-1.webp","contentUrl":"https:\/\/www.mascoteriagonzalito.cl\/wp-content\/uploads\/2025\/09\/23P100-600x600-1.webp","width":600,"height":600},{"@type":"BreadcrumbList","@id":"https:\/\/www.mascoteriagonzalito.cl\/index.php\/producto\/top-one-dog-adulto-mediano-y-grande-18-kg\/#breadcrumb","itemListElement":[{"@type":"ListItem","position":1,"name":"Portada","item":"https:\/\/www.mascoteriagonzalito.cl\/"},{"@type":"ListItem","position":2,"name":"Tienda","item":"https:\/\/www.mascoteriagonzalito.cl\/index.php\/tienda\/"},{"@type":"ListItem","position":3,"name":"TOP ONE DOG ADULTO MEDIANO Y GRANDE 18 KG"}]},{"@type":"WebSite","@id":"https:\/\/www.mascoteriagonzalito.cl\/#website","url":"https:\/\/www.mascoteriagonzalito.cl\/","name":"Mascoter\u00eda Gonzalito","description":"Alimentos y accesorios para mascotas","publisher":{"@id":"https:\/\/www.mascoteriagonzalito.cl\/#organization"},"potentialAction":[{"@type":"SearchAction","target":{"@type":"EntryPoint","urlTemplate":"https:\/\/www.mascoteriagonzalito.cl\/?s={search_term_string}"},"query-input":{"@type":"PropertyValueSpecification","valueRequired":true,"valueName":"search_term_string"}}],"inLanguage":"es"},{"@type":"Organization","@id":"https:\/\/www.mascoteriagonzalito.cl\/#organization","name":"Mascoter\u00eda Gonzalito","url":"https:\/\/www.mascoteriagonzalito.cl\/","logo":{"@type":"ImageObject","inLanguage":"es","@id":"https:\/\/www.mascoteriagonzalito.cl\/#\/schema\/logo\/image\/","url":"https:\/\/www.mascoteriagonzalito.cl\/wp-content\/uploads\/2025\/01\/IMG-20250113-WA0002-copia.png","contentUrl":"https:\/\/www.mascoteriagonzalito.cl\/wp-content\/uploads\/2025\/01\/IMG-20250113-WA0002-copia.png","width":1600,"height":1600,"caption":"Mascoter\u00eda Gonzalito"},"image":{"@id":"https:\/\/www.mascoteriagonzalito.cl\/#\/schema\/logo\/image\/"},"sameAs":["https:\/\/www.facebook.com\/mascoteria.gonzalito\/"]}]}},"_links":{"self":[{"href":"https:\/\/www.mascoteriagonzalito.cl\/index.php\/wp-json\/wp\/v2\/product\/4766","targetHints":{"allow":["GET"]}}],"collection":[{"href":"https:\/\/www.mascoteriagonzalito.cl\/index.php\/wp-json\/wp\/v2\/product"}],"about":[{"href":"https:\/\/www.mascoteriagonzalito.cl\/index.php\/wp-json\/wp\/v2\/types\/product"}],"replies":[{"embeddable":true,"href":"https:\/\/www.mascoteriagonzalito.cl\/index.php\/wp-json\/wp\/v2\/comments?post=4766"}],"wp:featuredmedia":[{"embeddable":true,"href":"https:\/\/www.mascoteriagonzalito.cl\/index.php\/wp-json\/wp\/v2\/media\/6368"}],"wp:attachment":[{"href":"https:\/\/www.mascoteriagonzalito.cl\/index.php\/wp-json\/wp\/v2\/media?parent=4766"}],"wp:term":[{"taxonomy":"product_brand","embeddable":true,"href":"https:\/\/www.mascoteriagonzalito.cl\/index.php\/wp-json\/wp\/v2\/product_brand?post=4766"},{"taxonomy":"product_cat","embeddable":true,"href":"https:\/\/www.mascoteriagonzalito.cl\/index.php\/wp-json\/wp\/v2\/product_cat?post=4766"},{"taxonomy":"product_tag","embeddable":true,"href":"https:\/\/www.mascoteriagonzalito.cl\/index.php\/wp-json\/wp\/v2\/product_tag?post=4766"}],"curies":[{"name":"wp","href":"https:\/\/api.w.org\/{rel}","templated":true}]}}