{"id":4744,"date":"2025-08-27T19:34:25","date_gmt":"2025-08-27T19:34:25","guid":{"rendered":"https:\/\/www.mascoteriagonzalito.cl\/?post_type=product&#038;p=4744"},"modified":"2026-04-10T20:10:13","modified_gmt":"2026-04-10T20:10:13","slug":"master-dog-adulto-raza-pequeas-8-kg","status":"publish","type":"product","link":"https:\/\/www.mascoteriagonzalito.cl\/index.php\/producto\/master-dog-adulto-raza-pequeas-8-kg\/","title":{"rendered":"MASTER DOG ADULTO RAZA PEQUE\u00d1AS 8 KG"},"content":{"rendered":"<p>Alimento completo y balanceado, recomendado para tu perro Adulto Raza Peque\u00f1a. Contiene bocados adecuados para el tama\u00f1o y fuerza de sus mand\u00edbulas, lo que facilita su consumo.<\/p>\n<p><strong>AN\u00c1LISIS GARANTIZADO:<\/strong><\/p>\n<p>Prote\u00ednas 21% M\u00ednimo Fibra 4% M\u00e1ximo Humedad 10% M\u00e1ximo Materia Grasa 9% M\u00ednimo \u00c1cidos Grasos Omega 3 0,13% M\u00ednimo.<\/p>\n<p><strong>INGREDIENTES:<\/strong><\/p>\n<p>Ma\u00edz, harinilla de cereal (trigo y\/o arroz), harina de carne y hueso (bovino y\/o cerdo), harina de subproducto de ave, gluten de ma\u00edz, aceite de ave y cerdo (estabilizado con antioxidantes BHT\/BHA), hidrolizado de h\u00edgado (ave y\/o cerdo), premix vitam\u00ednico mineral (colina, magnesio, vitamina E, hierro, niacina, vitamina B5, cobre, vitamina B2, manganeso, vitamina B1, vitamina B6, vitamina A, vitamina K3, \u00e1cido f\u00f3lico, yodo, biotina, potasio, vitamina D3, vitamina B12, selenio), levadura de cerveza, cloruro de sodio, aceite de pescado estabilizado y desodorizado (fuente \u00e1cidos grasos Omega 3), zeolita, \u00e1cido asc\u00f3rbico, extracto de Yucca, hexametasfosfato de sodio, antif\u00fangicos autorizados, colorantes autorizados, antioxidantes BHT\/BHA.<\/p>\n","protected":false},"excerpt":{"rendered":"<p>Nuestro alimento para perros adultos de razas peque\u00f1as ofrece una combinaci\u00f3n perfecta de nutrici\u00f3n y sabor. Con bocados peque\u00f1os que son ideales para perros peque\u00f1os, este alimento est\u00e1 enriquecido con un delicioso sabor a carne que tu mascota adorar\u00e1. Adem\u00e1s, es rico en prote\u00ednas y vitaminas esenciales para mantener a tu perro lleno de energ\u00eda y saludable. Es la elecci\u00f3n perfecta para satisfacer el apetito de tu amigo de cuatro patas.<\/p>\n<div id=\"product-attributes-main\" class=\"product-attributes\"><\/div>\n","protected":false},"featured_media":6318,"comment_status":"open","ping_status":"closed","template":"","meta":[],"product_brand":[94],"product_cat":[34],"product_tag":[],"class_list":{"0":"post-4744","1":"product","2":"type-product","3":"status-publish","4":"has-post-thumbnail","6":"product_brand-master","7":"product_cat-alimentos-perros","9":"first","10":"instock","11":"shipping-taxable","12":"purchasable","13":"product-type-simple"},"yoast_head":"<!-- This site is optimized with the Yoast SEO plugin v27.4 - https:\/\/yoast.com\/product\/yoast-seo-wordpress\/ -->\n<title>MASTER DOG ADULTO RAZA PEQUE\u00d1AS 8 KG - Mascoter\u00eda Gonzalito<\/title>\n<meta name=\"robots\" content=\"index, follow, max-snippet:-1, max-image-preview:large, max-video-preview:-1\" \/>\n<link rel=\"canonical\" href=\"https:\/\/www.mascoteriagonzalito.cl\/index.php\/producto\/master-dog-adulto-raza-pequeas-8-kg\/\" \/>\n<meta property=\"og:locale\" content=\"es_ES\" \/>\n<meta property=\"og:type\" content=\"article\" \/>\n<meta property=\"og:title\" content=\"MASTER DOG ADULTO RAZA PEQUE\u00d1AS 8 KG - Mascoter\u00eda Gonzalito\" \/>\n<meta property=\"og:description\" content=\"Nuestro alimento para perros adultos de razas peque\u00f1as ofrece una combinaci\u00f3n perfecta de nutrici\u00f3n y sabor. Con bocados peque\u00f1os que son ideales para perros peque\u00f1os, este alimento est\u00e1 enriquecido con un delicioso sabor a carne que tu mascota adorar\u00e1. Adem\u00e1s, es rico en prote\u00ednas y vitaminas esenciales para mantener a tu perro lleno de energ\u00eda y saludable. Es la elecci\u00f3n perfecta para satisfacer el apetito de tu amigo de cuatro patas.\" \/>\n<meta property=\"og:url\" content=\"https:\/\/www.mascoteriagonzalito.cl\/index.php\/producto\/master-dog-adulto-raza-pequeas-8-kg\/\" \/>\n<meta property=\"og:site_name\" content=\"Mascoter\u00eda Gonzalito\" \/>\n<meta property=\"article:publisher\" content=\"https:\/\/www.facebook.com\/mascoteria.gonzalito\/\" \/>\n<meta property=\"article:modified_time\" content=\"2026-04-10T20:10:13+00:00\" \/>\n<meta property=\"og:image\" content=\"https:\/\/www.mascoteriagonzalito.cl\/wp-content\/uploads\/2025\/08\/MASTER_DOG_RP_8kg_1.jpg\" \/>\n\t<meta property=\"og:image:width\" content=\"1080\" \/>\n\t<meta property=\"og:image:height\" content=\"1080\" \/>\n\t<meta property=\"og:image:type\" content=\"image\/jpeg\" \/>\n<meta name=\"twitter:card\" content=\"summary_large_image\" \/>\n<meta name=\"twitter:label1\" content=\"Tiempo de lectura\" \/>\n\t<meta name=\"twitter:data1\" content=\"1 minuto\" \/>\n<script type=\"application\/ld+json\" class=\"yoast-schema-graph\">{\"@context\":\"https:\\\/\\\/schema.org\",\"@graph\":[{\"@type\":\"WebPage\",\"@id\":\"https:\\\/\\\/www.mascoteriagonzalito.cl\\\/index.php\\\/producto\\\/master-dog-adulto-raza-pequeas-8-kg\\\/\",\"url\":\"https:\\\/\\\/www.mascoteriagonzalito.cl\\\/index.php\\\/producto\\\/master-dog-adulto-raza-pequeas-8-kg\\\/\",\"name\":\"MASTER DOG ADULTO RAZA PEQUE\u00d1AS 8 KG - Mascoter\u00eda Gonzalito\",\"isPartOf\":{\"@id\":\"https:\\\/\\\/www.mascoteriagonzalito.cl\\\/#website\"},\"primaryImageOfPage\":{\"@id\":\"https:\\\/\\\/www.mascoteriagonzalito.cl\\\/index.php\\\/producto\\\/master-dog-adulto-raza-pequeas-8-kg\\\/#primaryimage\"},\"image\":{\"@id\":\"https:\\\/\\\/www.mascoteriagonzalito.cl\\\/index.php\\\/producto\\\/master-dog-adulto-raza-pequeas-8-kg\\\/#primaryimage\"},\"thumbnailUrl\":\"https:\\\/\\\/www.mascoteriagonzalito.cl\\\/wp-content\\\/uploads\\\/2025\\\/08\\\/MASTER_DOG_RP_8kg_1.jpg\",\"datePublished\":\"2025-08-27T19:34:25+00:00\",\"dateModified\":\"2026-04-10T20:10:13+00:00\",\"breadcrumb\":{\"@id\":\"https:\\\/\\\/www.mascoteriagonzalito.cl\\\/index.php\\\/producto\\\/master-dog-adulto-raza-pequeas-8-kg\\\/#breadcrumb\"},\"inLanguage\":\"es\",\"potentialAction\":[{\"@type\":\"ReadAction\",\"target\":[\"https:\\\/\\\/www.mascoteriagonzalito.cl\\\/index.php\\\/producto\\\/master-dog-adulto-raza-pequeas-8-kg\\\/\"]}]},{\"@type\":\"ImageObject\",\"inLanguage\":\"es\",\"@id\":\"https:\\\/\\\/www.mascoteriagonzalito.cl\\\/index.php\\\/producto\\\/master-dog-adulto-raza-pequeas-8-kg\\\/#primaryimage\",\"url\":\"https:\\\/\\\/www.mascoteriagonzalito.cl\\\/wp-content\\\/uploads\\\/2025\\\/08\\\/MASTER_DOG_RP_8kg_1.jpg\",\"contentUrl\":\"https:\\\/\\\/www.mascoteriagonzalito.cl\\\/wp-content\\\/uploads\\\/2025\\\/08\\\/MASTER_DOG_RP_8kg_1.jpg\",\"width\":1080,\"height\":1080},{\"@type\":\"BreadcrumbList\",\"@id\":\"https:\\\/\\\/www.mascoteriagonzalito.cl\\\/index.php\\\/producto\\\/master-dog-adulto-raza-pequeas-8-kg\\\/#breadcrumb\",\"itemListElement\":[{\"@type\":\"ListItem\",\"position\":1,\"name\":\"Portada\",\"item\":\"https:\\\/\\\/www.mascoteriagonzalito.cl\\\/\"},{\"@type\":\"ListItem\",\"position\":2,\"name\":\"Tienda\",\"item\":\"https:\\\/\\\/www.mascoteriagonzalito.cl\\\/index.php\\\/tienda\\\/\"},{\"@type\":\"ListItem\",\"position\":3,\"name\":\"MASTER DOG ADULTO RAZA PEQUE\u00d1AS 8 KG\"}]},{\"@type\":\"WebSite\",\"@id\":\"https:\\\/\\\/www.mascoteriagonzalito.cl\\\/#website\",\"url\":\"https:\\\/\\\/www.mascoteriagonzalito.cl\\\/\",\"name\":\"Mascoter\u00eda Gonzalito\",\"description\":\"Alimentos y accesorios para mascotas\",\"publisher\":{\"@id\":\"https:\\\/\\\/www.mascoteriagonzalito.cl\\\/#organization\"},\"potentialAction\":[{\"@type\":\"SearchAction\",\"target\":{\"@type\":\"EntryPoint\",\"urlTemplate\":\"https:\\\/\\\/www.mascoteriagonzalito.cl\\\/?s={search_term_string}\"},\"query-input\":{\"@type\":\"PropertyValueSpecification\",\"valueRequired\":true,\"valueName\":\"search_term_string\"}}],\"inLanguage\":\"es\"},{\"@type\":\"Organization\",\"@id\":\"https:\\\/\\\/www.mascoteriagonzalito.cl\\\/#organization\",\"name\":\"Mascoter\u00eda Gonzalito\",\"url\":\"https:\\\/\\\/www.mascoteriagonzalito.cl\\\/\",\"logo\":{\"@type\":\"ImageObject\",\"inLanguage\":\"es\",\"@id\":\"https:\\\/\\\/www.mascoteriagonzalito.cl\\\/#\\\/schema\\\/logo\\\/image\\\/\",\"url\":\"https:\\\/\\\/www.mascoteriagonzalito.cl\\\/wp-content\\\/uploads\\\/2025\\\/01\\\/IMG-20250113-WA0002-copia.png\",\"contentUrl\":\"https:\\\/\\\/www.mascoteriagonzalito.cl\\\/wp-content\\\/uploads\\\/2025\\\/01\\\/IMG-20250113-WA0002-copia.png\",\"width\":1600,\"height\":1600,\"caption\":\"Mascoter\u00eda Gonzalito\"},\"image\":{\"@id\":\"https:\\\/\\\/www.mascoteriagonzalito.cl\\\/#\\\/schema\\\/logo\\\/image\\\/\"},\"sameAs\":[\"https:\\\/\\\/www.facebook.com\\\/mascoteria.gonzalito\\\/\"]}]}<\/script>\n<!-- \/ Yoast SEO plugin. -->","yoast_head_json":{"title":"MASTER DOG ADULTO RAZA PEQUE\u00d1AS 8 KG - Mascoter\u00eda Gonzalito","robots":{"index":"index","follow":"follow","max-snippet":"max-snippet:-1","max-image-preview":"max-image-preview:large","max-video-preview":"max-video-preview:-1"},"canonical":"https:\/\/www.mascoteriagonzalito.cl\/index.php\/producto\/master-dog-adulto-raza-pequeas-8-kg\/","og_locale":"es_ES","og_type":"article","og_title":"MASTER DOG ADULTO RAZA PEQUE\u00d1AS 8 KG - Mascoter\u00eda Gonzalito","og_description":"Nuestro alimento para perros adultos de razas peque\u00f1as ofrece una combinaci\u00f3n perfecta de nutrici\u00f3n y sabor. Con bocados peque\u00f1os que son ideales para perros peque\u00f1os, este alimento est\u00e1 enriquecido con un delicioso sabor a carne que tu mascota adorar\u00e1. Adem\u00e1s, es rico en prote\u00ednas y vitaminas esenciales para mantener a tu perro lleno de energ\u00eda y saludable. Es la elecci\u00f3n perfecta para satisfacer el apetito de tu amigo de cuatro patas.","og_url":"https:\/\/www.mascoteriagonzalito.cl\/index.php\/producto\/master-dog-adulto-raza-pequeas-8-kg\/","og_site_name":"Mascoter\u00eda Gonzalito","article_publisher":"https:\/\/www.facebook.com\/mascoteria.gonzalito\/","article_modified_time":"2026-04-10T20:10:13+00:00","og_image":[{"width":1080,"height":1080,"url":"https:\/\/www.mascoteriagonzalito.cl\/wp-content\/uploads\/2025\/08\/MASTER_DOG_RP_8kg_1.jpg","type":"image\/jpeg"}],"twitter_card":"summary_large_image","twitter_misc":{"Tiempo de lectura":"1 minuto"},"schema":{"@context":"https:\/\/schema.org","@graph":[{"@type":"WebPage","@id":"https:\/\/www.mascoteriagonzalito.cl\/index.php\/producto\/master-dog-adulto-raza-pequeas-8-kg\/","url":"https:\/\/www.mascoteriagonzalito.cl\/index.php\/producto\/master-dog-adulto-raza-pequeas-8-kg\/","name":"MASTER DOG ADULTO RAZA PEQUE\u00d1AS 8 KG - Mascoter\u00eda Gonzalito","isPartOf":{"@id":"https:\/\/www.mascoteriagonzalito.cl\/#website"},"primaryImageOfPage":{"@id":"https:\/\/www.mascoteriagonzalito.cl\/index.php\/producto\/master-dog-adulto-raza-pequeas-8-kg\/#primaryimage"},"image":{"@id":"https:\/\/www.mascoteriagonzalito.cl\/index.php\/producto\/master-dog-adulto-raza-pequeas-8-kg\/#primaryimage"},"thumbnailUrl":"https:\/\/www.mascoteriagonzalito.cl\/wp-content\/uploads\/2025\/08\/MASTER_DOG_RP_8kg_1.jpg","datePublished":"2025-08-27T19:34:25+00:00","dateModified":"2026-04-10T20:10:13+00:00","breadcrumb":{"@id":"https:\/\/www.mascoteriagonzalito.cl\/index.php\/producto\/master-dog-adulto-raza-pequeas-8-kg\/#breadcrumb"},"inLanguage":"es","potentialAction":[{"@type":"ReadAction","target":["https:\/\/www.mascoteriagonzalito.cl\/index.php\/producto\/master-dog-adulto-raza-pequeas-8-kg\/"]}]},{"@type":"ImageObject","inLanguage":"es","@id":"https:\/\/www.mascoteriagonzalito.cl\/index.php\/producto\/master-dog-adulto-raza-pequeas-8-kg\/#primaryimage","url":"https:\/\/www.mascoteriagonzalito.cl\/wp-content\/uploads\/2025\/08\/MASTER_DOG_RP_8kg_1.jpg","contentUrl":"https:\/\/www.mascoteriagonzalito.cl\/wp-content\/uploads\/2025\/08\/MASTER_DOG_RP_8kg_1.jpg","width":1080,"height":1080},{"@type":"BreadcrumbList","@id":"https:\/\/www.mascoteriagonzalito.cl\/index.php\/producto\/master-dog-adulto-raza-pequeas-8-kg\/#breadcrumb","itemListElement":[{"@type":"ListItem","position":1,"name":"Portada","item":"https:\/\/www.mascoteriagonzalito.cl\/"},{"@type":"ListItem","position":2,"name":"Tienda","item":"https:\/\/www.mascoteriagonzalito.cl\/index.php\/tienda\/"},{"@type":"ListItem","position":3,"name":"MASTER DOG ADULTO RAZA PEQUE\u00d1AS 8 KG"}]},{"@type":"WebSite","@id":"https:\/\/www.mascoteriagonzalito.cl\/#website","url":"https:\/\/www.mascoteriagonzalito.cl\/","name":"Mascoter\u00eda Gonzalito","description":"Alimentos y accesorios para mascotas","publisher":{"@id":"https:\/\/www.mascoteriagonzalito.cl\/#organization"},"potentialAction":[{"@type":"SearchAction","target":{"@type":"EntryPoint","urlTemplate":"https:\/\/www.mascoteriagonzalito.cl\/?s={search_term_string}"},"query-input":{"@type":"PropertyValueSpecification","valueRequired":true,"valueName":"search_term_string"}}],"inLanguage":"es"},{"@type":"Organization","@id":"https:\/\/www.mascoteriagonzalito.cl\/#organization","name":"Mascoter\u00eda Gonzalito","url":"https:\/\/www.mascoteriagonzalito.cl\/","logo":{"@type":"ImageObject","inLanguage":"es","@id":"https:\/\/www.mascoteriagonzalito.cl\/#\/schema\/logo\/image\/","url":"https:\/\/www.mascoteriagonzalito.cl\/wp-content\/uploads\/2025\/01\/IMG-20250113-WA0002-copia.png","contentUrl":"https:\/\/www.mascoteriagonzalito.cl\/wp-content\/uploads\/2025\/01\/IMG-20250113-WA0002-copia.png","width":1600,"height":1600,"caption":"Mascoter\u00eda Gonzalito"},"image":{"@id":"https:\/\/www.mascoteriagonzalito.cl\/#\/schema\/logo\/image\/"},"sameAs":["https:\/\/www.facebook.com\/mascoteria.gonzalito\/"]}]}},"_links":{"self":[{"href":"https:\/\/www.mascoteriagonzalito.cl\/index.php\/wp-json\/wp\/v2\/product\/4744","targetHints":{"allow":["GET"]}}],"collection":[{"href":"https:\/\/www.mascoteriagonzalito.cl\/index.php\/wp-json\/wp\/v2\/product"}],"about":[{"href":"https:\/\/www.mascoteriagonzalito.cl\/index.php\/wp-json\/wp\/v2\/types\/product"}],"replies":[{"embeddable":true,"href":"https:\/\/www.mascoteriagonzalito.cl\/index.php\/wp-json\/wp\/v2\/comments?post=4744"}],"wp:featuredmedia":[{"embeddable":true,"href":"https:\/\/www.mascoteriagonzalito.cl\/index.php\/wp-json\/wp\/v2\/media\/6318"}],"wp:attachment":[{"href":"https:\/\/www.mascoteriagonzalito.cl\/index.php\/wp-json\/wp\/v2\/media?parent=4744"}],"wp:term":[{"taxonomy":"product_brand","embeddable":true,"href":"https:\/\/www.mascoteriagonzalito.cl\/index.php\/wp-json\/wp\/v2\/product_brand?post=4744"},{"taxonomy":"product_cat","embeddable":true,"href":"https:\/\/www.mascoteriagonzalito.cl\/index.php\/wp-json\/wp\/v2\/product_cat?post=4744"},{"taxonomy":"product_tag","embeddable":true,"href":"https:\/\/www.mascoteriagonzalito.cl\/index.php\/wp-json\/wp\/v2\/product_tag?post=4744"}],"curies":[{"name":"wp","href":"https:\/\/api.w.org\/{rel}","templated":true}]}}