{"id":4720,"date":"2025-08-25T20:17:27","date_gmt":"2025-08-25T20:17:27","guid":{"rendered":"https:\/\/www.mascoteriagonzalito.cl\/?post_type=product&#038;p=4720"},"modified":"2026-02-04T23:50:46","modified_gmt":"2026-02-04T23:50:46","slug":"amity-dog-salmon-adult-12-kg","status":"publish","type":"product","link":"https:\/\/www.mascoteriagonzalito.cl\/index.php\/producto\/amity-dog-salmon-adult-12-kg\/","title":{"rendered":"AMITY DOG SALMON ADULT 14 KG"},"content":{"rendered":"<p>DESCRIPCION<\/p>\n<p>Alimento SUPER PREMIUM de salm\u00f3n y arroz integral, elaborado con diferentes ingredientes naturales altamente beneficiosos para mantener un pelo y piel saludables. Ideal para perros adultos de todas las razas El producto debe ser administrado en forma seca. Deje siempre agua fresca y limpia a disposici\u00f3n de su perro.AMITY DOG SALMON ADULT es un alimento Super Premium extruido en forma para perros de todas las razas con carne de salmon deshidratada la cual es una excelente fuente de proteina de bajo perfil lipidico de sabor unico y fuente de acidos graso Omega 3, con ingredientes naturales, sin conservantes artificiales, gluten y transg\u00e9nicos.<\/p>\n<p>El Salmon es una excelente fuente de Omega 3 que ayuda a la salud de la piel y el pelahje ademas la glucosamina y condroitin ayudan al correcto funcionamiento de las articulaciones, mejora la salud del sistema digestivo gracias a la vaina de algarroba, la levadura de cerveza y la fibra aportada por sus ingredientes, el arroz en un carbohidrato noble de liberacion lenta por lo cual reduce el riesgo de obesidad, ademas contien Lcarnitina la cual ayuda a transportar y transformar la grasa en energ\u00eda<\/p>\n<p>Las caracter\u00edsticas de este producto son:<\/p>\n<p>Para todas las razas<br \/>\nEmpaque conveniente con cremayera superior para un correcto almacenaje gracias a sus ingredientes aporta multiples beneficios para la salud de los perros<br \/>\nCroqueta versatil para las distintas razas o porte de perros, Con carne deshidratada como primer ingrediente sin subproductos, carbohidratos nobles de bajo indice glic\u00e9mico<br \/>\nBajo en Sodio, libre de transgenicos y gluten. Composici\u00f3n:<\/p>\n<p>Carne y pescado deshidratados 38% (salm\u00f3n 14%), arroz 27% (arroz integral 15%), guisantes 12%, grasa de ave 12%, harina de algarroba 2%, pulpa de remolacha 2%, prote\u00edna animal hidrolizada, vitaminas y minerales, levadura y extracto de levadura-Saccharomyces cerevisiae (Fuente de mananooligosac\u00e1ridos \u2013 MOS y \u03b2-glucanos), aceite de salm\u00f3n (Fuente de ac. grasos Omega-3), fibra diet\u00e9tica insoluble de guisante, Inulina (Fibra soluble de achicoria, fuente fosfooligosac\u00e1ridos \u2013 FOS), salvia hisp\u00e1nica (fuente de ac. grasos Omega-3 y fibra diet\u00e9tica), algas (Ascophyllum nodosum), hidrolizado de crust\u00e1ceos (Fuente de Glucosamina), hidrolizado de cart\u00edlago (Fuente de Condroitina), aceites esenciales (or\u00e9gano, canela, clavo, tomillo, romero, hierbabuena, t\u00e9 verde), yucca.<\/p>\n<p>Componentes:<\/p>\n<p>Prote\u00edna bruta 26,00%, Grasa bruta 16,00%, Fibra bruta 2,50%, Ceniza bruta 7,90%, Calcio 1,80%, F\u00f3sforo 1,00%, Humedad 9,00% Glucosamina clorhidrato 320 mg\/kg, Condroit\u00edn sulfato 200 mg\/kg<\/p>\n<p>Aditivos nutricionales:<\/p>\n<p>Vitamina A 20.000 U.I\/Kg., Vitamina D-31.800 U.I\/ Kg., Vitamina E (Acetato de todo-rac-a-tocoferilo) 200 mg\/ Kg., Vitamina C 100 mg\/ Kg., L-Carnitina 40 mg\/ Kg., Taurina 500 mg\/Kg., Hierro (Sulfato de hierro II monohidratado) 75 mg\/Kg., Cobre (Sulfato de cobre II pentahidratado) 10 mg\/Kg., Manganeso (Sulfato manganoso monohidratado) 25 mg\/Kg., Zinc (Sulfato de zinc monohidratado)110 mg\/Kg., Iodo (Yoduro de potasio) 2 mg\/Kg., Selenio (Selenito de sodio) 0,1 mg\/Kg., Aditivos tecnol\u00f3gicos: Antioxidantes (Aceites naturales ricos en tocoferoles).<\/p>\n","protected":false},"excerpt":{"rendered":"<p>Alimento SUPER PREMIUM de salm\u00f3n y arroz integral, elaborado con diferentes ingredientes naturales altamente beneficiosos para mantener un pelo y piel saludables. Ideal para perros adultos de todas las razas<\/p>\n","protected":false},"featured_media":4885,"comment_status":"open","ping_status":"closed","template":"","meta":[],"product_brand":[120],"product_cat":[34],"product_tag":[],"class_list":{"0":"post-4720","1":"product","2":"type-product","3":"status-publish","4":"has-post-thumbnail","6":"product_brand-amity","7":"product_cat-alimentos-perros","9":"first","10":"instock","11":"shipping-taxable","12":"purchasable","13":"product-type-simple"},"yoast_head":"<!-- This site is optimized with the Yoast SEO plugin v27.4 - https:\/\/yoast.com\/product\/yoast-seo-wordpress\/ -->\n<title>AMITY DOG SALMON ADULT 14 KG - Mascoter\u00eda Gonzalito<\/title>\n<meta name=\"robots\" content=\"index, follow, max-snippet:-1, max-image-preview:large, max-video-preview:-1\" \/>\n<link rel=\"canonical\" href=\"https:\/\/www.mascoteriagonzalito.cl\/index.php\/producto\/amity-dog-salmon-adult-12-kg\/\" \/>\n<meta property=\"og:locale\" content=\"es_ES\" \/>\n<meta property=\"og:type\" content=\"article\" \/>\n<meta property=\"og:title\" content=\"AMITY DOG SALMON ADULT 14 KG - Mascoter\u00eda Gonzalito\" \/>\n<meta property=\"og:description\" content=\"Alimento SUPER PREMIUM de salm\u00f3n y arroz integral, elaborado con diferentes ingredientes naturales altamente beneficiosos para mantener un pelo y piel saludables. Ideal para perros adultos de todas las razas\" \/>\n<meta property=\"og:url\" content=\"https:\/\/www.mascoteriagonzalito.cl\/index.php\/producto\/amity-dog-salmon-adult-12-kg\/\" \/>\n<meta property=\"og:site_name\" content=\"Mascoter\u00eda Gonzalito\" \/>\n<meta property=\"article:publisher\" content=\"https:\/\/www.facebook.com\/mascoteria.gonzalito\/\" \/>\n<meta property=\"article:modified_time\" content=\"2026-02-04T23:50:46+00:00\" \/>\n<meta property=\"og:image\" content=\"https:\/\/www.mascoteriagonzalito.cl\/wp-content\/uploads\/2025\/08\/AMITY-SALMON.png\" \/>\n\t<meta property=\"og:image:width\" content=\"768\" \/>\n\t<meta property=\"og:image:height\" content=\"768\" \/>\n\t<meta property=\"og:image:type\" content=\"image\/png\" \/>\n<meta name=\"twitter:card\" content=\"summary_large_image\" \/>\n<meta name=\"twitter:label1\" content=\"Tiempo de lectura\" \/>\n\t<meta name=\"twitter:data1\" content=\"2 minutos\" \/>\n<script type=\"application\/ld+json\" class=\"yoast-schema-graph\">{\"@context\":\"https:\\\/\\\/schema.org\",\"@graph\":[{\"@type\":\"WebPage\",\"@id\":\"https:\\\/\\\/www.mascoteriagonzalito.cl\\\/index.php\\\/producto\\\/amity-dog-salmon-adult-12-kg\\\/\",\"url\":\"https:\\\/\\\/www.mascoteriagonzalito.cl\\\/index.php\\\/producto\\\/amity-dog-salmon-adult-12-kg\\\/\",\"name\":\"AMITY DOG SALMON ADULT 14 KG - Mascoter\u00eda Gonzalito\",\"isPartOf\":{\"@id\":\"https:\\\/\\\/www.mascoteriagonzalito.cl\\\/#website\"},\"primaryImageOfPage\":{\"@id\":\"https:\\\/\\\/www.mascoteriagonzalito.cl\\\/index.php\\\/producto\\\/amity-dog-salmon-adult-12-kg\\\/#primaryimage\"},\"image\":{\"@id\":\"https:\\\/\\\/www.mascoteriagonzalito.cl\\\/index.php\\\/producto\\\/amity-dog-salmon-adult-12-kg\\\/#primaryimage\"},\"thumbnailUrl\":\"https:\\\/\\\/www.mascoteriagonzalito.cl\\\/wp-content\\\/uploads\\\/2025\\\/08\\\/AMITY-SALMON.png\",\"datePublished\":\"2025-08-25T20:17:27+00:00\",\"dateModified\":\"2026-02-04T23:50:46+00:00\",\"breadcrumb\":{\"@id\":\"https:\\\/\\\/www.mascoteriagonzalito.cl\\\/index.php\\\/producto\\\/amity-dog-salmon-adult-12-kg\\\/#breadcrumb\"},\"inLanguage\":\"es\",\"potentialAction\":[{\"@type\":\"ReadAction\",\"target\":[\"https:\\\/\\\/www.mascoteriagonzalito.cl\\\/index.php\\\/producto\\\/amity-dog-salmon-adult-12-kg\\\/\"]}]},{\"@type\":\"ImageObject\",\"inLanguage\":\"es\",\"@id\":\"https:\\\/\\\/www.mascoteriagonzalito.cl\\\/index.php\\\/producto\\\/amity-dog-salmon-adult-12-kg\\\/#primaryimage\",\"url\":\"https:\\\/\\\/www.mascoteriagonzalito.cl\\\/wp-content\\\/uploads\\\/2025\\\/08\\\/AMITY-SALMON.png\",\"contentUrl\":\"https:\\\/\\\/www.mascoteriagonzalito.cl\\\/wp-content\\\/uploads\\\/2025\\\/08\\\/AMITY-SALMON.png\",\"width\":768,\"height\":768},{\"@type\":\"BreadcrumbList\",\"@id\":\"https:\\\/\\\/www.mascoteriagonzalito.cl\\\/index.php\\\/producto\\\/amity-dog-salmon-adult-12-kg\\\/#breadcrumb\",\"itemListElement\":[{\"@type\":\"ListItem\",\"position\":1,\"name\":\"Portada\",\"item\":\"https:\\\/\\\/www.mascoteriagonzalito.cl\\\/\"},{\"@type\":\"ListItem\",\"position\":2,\"name\":\"Tienda\",\"item\":\"https:\\\/\\\/www.mascoteriagonzalito.cl\\\/index.php\\\/tienda\\\/\"},{\"@type\":\"ListItem\",\"position\":3,\"name\":\"AMITY DOG SALMON ADULT 14 KG\"}]},{\"@type\":\"WebSite\",\"@id\":\"https:\\\/\\\/www.mascoteriagonzalito.cl\\\/#website\",\"url\":\"https:\\\/\\\/www.mascoteriagonzalito.cl\\\/\",\"name\":\"Mascoter\u00eda Gonzalito\",\"description\":\"Alimentos y accesorios para mascotas\",\"publisher\":{\"@id\":\"https:\\\/\\\/www.mascoteriagonzalito.cl\\\/#organization\"},\"potentialAction\":[{\"@type\":\"SearchAction\",\"target\":{\"@type\":\"EntryPoint\",\"urlTemplate\":\"https:\\\/\\\/www.mascoteriagonzalito.cl\\\/?s={search_term_string}\"},\"query-input\":{\"@type\":\"PropertyValueSpecification\",\"valueRequired\":true,\"valueName\":\"search_term_string\"}}],\"inLanguage\":\"es\"},{\"@type\":\"Organization\",\"@id\":\"https:\\\/\\\/www.mascoteriagonzalito.cl\\\/#organization\",\"name\":\"Mascoter\u00eda Gonzalito\",\"url\":\"https:\\\/\\\/www.mascoteriagonzalito.cl\\\/\",\"logo\":{\"@type\":\"ImageObject\",\"inLanguage\":\"es\",\"@id\":\"https:\\\/\\\/www.mascoteriagonzalito.cl\\\/#\\\/schema\\\/logo\\\/image\\\/\",\"url\":\"https:\\\/\\\/www.mascoteriagonzalito.cl\\\/wp-content\\\/uploads\\\/2025\\\/01\\\/IMG-20250113-WA0002-copia.png\",\"contentUrl\":\"https:\\\/\\\/www.mascoteriagonzalito.cl\\\/wp-content\\\/uploads\\\/2025\\\/01\\\/IMG-20250113-WA0002-copia.png\",\"width\":1600,\"height\":1600,\"caption\":\"Mascoter\u00eda Gonzalito\"},\"image\":{\"@id\":\"https:\\\/\\\/www.mascoteriagonzalito.cl\\\/#\\\/schema\\\/logo\\\/image\\\/\"},\"sameAs\":[\"https:\\\/\\\/www.facebook.com\\\/mascoteria.gonzalito\\\/\"]}]}<\/script>\n<!-- \/ Yoast SEO plugin. -->","yoast_head_json":{"title":"AMITY DOG SALMON ADULT 14 KG - Mascoter\u00eda Gonzalito","robots":{"index":"index","follow":"follow","max-snippet":"max-snippet:-1","max-image-preview":"max-image-preview:large","max-video-preview":"max-video-preview:-1"},"canonical":"https:\/\/www.mascoteriagonzalito.cl\/index.php\/producto\/amity-dog-salmon-adult-12-kg\/","og_locale":"es_ES","og_type":"article","og_title":"AMITY DOG SALMON ADULT 14 KG - Mascoter\u00eda Gonzalito","og_description":"Alimento SUPER PREMIUM de salm\u00f3n y arroz integral, elaborado con diferentes ingredientes naturales altamente beneficiosos para mantener un pelo y piel saludables. Ideal para perros adultos de todas las razas","og_url":"https:\/\/www.mascoteriagonzalito.cl\/index.php\/producto\/amity-dog-salmon-adult-12-kg\/","og_site_name":"Mascoter\u00eda Gonzalito","article_publisher":"https:\/\/www.facebook.com\/mascoteria.gonzalito\/","article_modified_time":"2026-02-04T23:50:46+00:00","og_image":[{"width":768,"height":768,"url":"https:\/\/www.mascoteriagonzalito.cl\/wp-content\/uploads\/2025\/08\/AMITY-SALMON.png","type":"image\/png"}],"twitter_card":"summary_large_image","twitter_misc":{"Tiempo de lectura":"2 minutos"},"schema":{"@context":"https:\/\/schema.org","@graph":[{"@type":"WebPage","@id":"https:\/\/www.mascoteriagonzalito.cl\/index.php\/producto\/amity-dog-salmon-adult-12-kg\/","url":"https:\/\/www.mascoteriagonzalito.cl\/index.php\/producto\/amity-dog-salmon-adult-12-kg\/","name":"AMITY DOG SALMON ADULT 14 KG - Mascoter\u00eda Gonzalito","isPartOf":{"@id":"https:\/\/www.mascoteriagonzalito.cl\/#website"},"primaryImageOfPage":{"@id":"https:\/\/www.mascoteriagonzalito.cl\/index.php\/producto\/amity-dog-salmon-adult-12-kg\/#primaryimage"},"image":{"@id":"https:\/\/www.mascoteriagonzalito.cl\/index.php\/producto\/amity-dog-salmon-adult-12-kg\/#primaryimage"},"thumbnailUrl":"https:\/\/www.mascoteriagonzalito.cl\/wp-content\/uploads\/2025\/08\/AMITY-SALMON.png","datePublished":"2025-08-25T20:17:27+00:00","dateModified":"2026-02-04T23:50:46+00:00","breadcrumb":{"@id":"https:\/\/www.mascoteriagonzalito.cl\/index.php\/producto\/amity-dog-salmon-adult-12-kg\/#breadcrumb"},"inLanguage":"es","potentialAction":[{"@type":"ReadAction","target":["https:\/\/www.mascoteriagonzalito.cl\/index.php\/producto\/amity-dog-salmon-adult-12-kg\/"]}]},{"@type":"ImageObject","inLanguage":"es","@id":"https:\/\/www.mascoteriagonzalito.cl\/index.php\/producto\/amity-dog-salmon-adult-12-kg\/#primaryimage","url":"https:\/\/www.mascoteriagonzalito.cl\/wp-content\/uploads\/2025\/08\/AMITY-SALMON.png","contentUrl":"https:\/\/www.mascoteriagonzalito.cl\/wp-content\/uploads\/2025\/08\/AMITY-SALMON.png","width":768,"height":768},{"@type":"BreadcrumbList","@id":"https:\/\/www.mascoteriagonzalito.cl\/index.php\/producto\/amity-dog-salmon-adult-12-kg\/#breadcrumb","itemListElement":[{"@type":"ListItem","position":1,"name":"Portada","item":"https:\/\/www.mascoteriagonzalito.cl\/"},{"@type":"ListItem","position":2,"name":"Tienda","item":"https:\/\/www.mascoteriagonzalito.cl\/index.php\/tienda\/"},{"@type":"ListItem","position":3,"name":"AMITY DOG SALMON ADULT 14 KG"}]},{"@type":"WebSite","@id":"https:\/\/www.mascoteriagonzalito.cl\/#website","url":"https:\/\/www.mascoteriagonzalito.cl\/","name":"Mascoter\u00eda Gonzalito","description":"Alimentos y accesorios para mascotas","publisher":{"@id":"https:\/\/www.mascoteriagonzalito.cl\/#organization"},"potentialAction":[{"@type":"SearchAction","target":{"@type":"EntryPoint","urlTemplate":"https:\/\/www.mascoteriagonzalito.cl\/?s={search_term_string}"},"query-input":{"@type":"PropertyValueSpecification","valueRequired":true,"valueName":"search_term_string"}}],"inLanguage":"es"},{"@type":"Organization","@id":"https:\/\/www.mascoteriagonzalito.cl\/#organization","name":"Mascoter\u00eda Gonzalito","url":"https:\/\/www.mascoteriagonzalito.cl\/","logo":{"@type":"ImageObject","inLanguage":"es","@id":"https:\/\/www.mascoteriagonzalito.cl\/#\/schema\/logo\/image\/","url":"https:\/\/www.mascoteriagonzalito.cl\/wp-content\/uploads\/2025\/01\/IMG-20250113-WA0002-copia.png","contentUrl":"https:\/\/www.mascoteriagonzalito.cl\/wp-content\/uploads\/2025\/01\/IMG-20250113-WA0002-copia.png","width":1600,"height":1600,"caption":"Mascoter\u00eda Gonzalito"},"image":{"@id":"https:\/\/www.mascoteriagonzalito.cl\/#\/schema\/logo\/image\/"},"sameAs":["https:\/\/www.facebook.com\/mascoteria.gonzalito\/"]}]}},"_links":{"self":[{"href":"https:\/\/www.mascoteriagonzalito.cl\/index.php\/wp-json\/wp\/v2\/product\/4720","targetHints":{"allow":["GET"]}}],"collection":[{"href":"https:\/\/www.mascoteriagonzalito.cl\/index.php\/wp-json\/wp\/v2\/product"}],"about":[{"href":"https:\/\/www.mascoteriagonzalito.cl\/index.php\/wp-json\/wp\/v2\/types\/product"}],"replies":[{"embeddable":true,"href":"https:\/\/www.mascoteriagonzalito.cl\/index.php\/wp-json\/wp\/v2\/comments?post=4720"}],"wp:featuredmedia":[{"embeddable":true,"href":"https:\/\/www.mascoteriagonzalito.cl\/index.php\/wp-json\/wp\/v2\/media\/4885"}],"wp:attachment":[{"href":"https:\/\/www.mascoteriagonzalito.cl\/index.php\/wp-json\/wp\/v2\/media?parent=4720"}],"wp:term":[{"taxonomy":"product_brand","embeddable":true,"href":"https:\/\/www.mascoteriagonzalito.cl\/index.php\/wp-json\/wp\/v2\/product_brand?post=4720"},{"taxonomy":"product_cat","embeddable":true,"href":"https:\/\/www.mascoteriagonzalito.cl\/index.php\/wp-json\/wp\/v2\/product_cat?post=4720"},{"taxonomy":"product_tag","embeddable":true,"href":"https:\/\/www.mascoteriagonzalito.cl\/index.php\/wp-json\/wp\/v2\/product_tag?post=4720"}],"curies":[{"name":"wp","href":"https:\/\/api.w.org\/{rel}","templated":true}]}}