{"id":4695,"date":"2025-08-13T15:23:56","date_gmt":"2025-08-13T15:23:56","guid":{"rendered":"https:\/\/www.mascoteriagonzalito.cl\/?post_type=product&#038;p=4695"},"modified":"2026-04-16T14:07:14","modified_gmt":"2026-04-16T14:07:14","slug":"nomade-senior-raza-pequea-9-kg","status":"publish","type":"product","link":"https:\/\/www.mascoteriagonzalito.cl\/index.php\/producto\/nomade-senior-raza-pequea-9-kg\/","title":{"rendered":"NOMADE SENIOR RAZA PEQUE\u00d1A 9 KG"},"content":{"rendered":"<p>La DEFENSA BIOACTIVA de N\u00f3made Pet integra ingredientes funcionales que refuerzan el sistema inmune y digestivo, potencian la absorci\u00f3n de nutrientes y mantienen el equilibrio intestinal, promoviendo la vitalidad y bienestar diario de tu perro.<\/p>\n<ul>\n<li><strong>ENRIQUECIDO CON MAQUI (CARTISTOTELIA CHILENSIS),<\/strong>\u00a0Esta fruta oriunda de nuestro pa\u00eds, contiene u n alto contenido de antioxidantes celulares que tienen una funci\u00f3n cardio-protectora, que ayuda a regular el metabolismo de la glucosa y del colesterol, teniendo adem\u00e1s funci\u00f3n antiinflamatoria.<\/li>\n<li><strong>DIENTES M\u00c1S BLANCOS Y ENC\u00cdAS M\u00c1S SANAS,\u00a0<\/strong>El uso regular de HMF (Hexametafosfato d e Sodio) reduce significativamente el sarro dental, logr\u00e1ndose dientes m\u00e1s blancos y enc\u00edas m\u00e1s sanas.<\/li>\n<li><strong>FORMULADO CON ANTIOXIDANTES NATURALES,<\/strong>\u00a0Elaborado con Extracto de Romero y Tocoteroles, que ofrecen una potente carga antioxidante para la conservaci\u00f3n del alimento y la salud de t u mascota.<\/li>\n<li><strong>FAVORECE EL CUIDADO DE LAS ARTICULACIONES,\u00a0<\/strong>Contiene Glucosamina y Sulfato d e Condroitina que ayudan a mantener la estructura yfunci\u00f3n del cart\u00edlago, promoviendo articulaciones saludables en perros de edad avanzada.<\/li>\n<li><strong>OMEGA 3Y6 +ZINC ORG\u00c1NICO PARA UN PELAJE BRILLANTE Y UNA MENTE ACTIVA,<\/strong>\u00a0Contiene \u00e1cidos grasos Omega 3y 6, y Zinc Org\u00e1nico, que favorecen aun pelaje m\u00e1s sano, una piel protegida y u n mejor funcionamiento del sistema nervioso.<\/li>\n<li><strong>CONTIENE INGREDIENTES NATURALES.<\/strong><\/li>\n<li><strong>SIN COLORANTES ARTIFICIALE<\/strong><strong>S.<\/strong><\/li>\n<\/ul>\n","protected":false},"excerpt":{"rendered":"<p>Dise\u00f1ado especialmente para perros Senior de razas peque\u00f1as, con un balance \u00f3ptimo de nutrientes para entregar una mejor nutrici\u00f3n y fortalecer el cuidado de las articulaciones. Un alimento que excede los requerimientos nutricionales proporcionando una dieta sana y equilibrada para una vida plena, feliz y en movimiento.<\/p>\n","protected":false},"featured_media":6390,"comment_status":"open","ping_status":"closed","template":"","meta":[],"product_brand":[107],"product_cat":[34],"product_tag":[],"class_list":{"0":"post-4695","1":"product","2":"type-product","3":"status-publish","4":"has-post-thumbnail","6":"product_brand-nomade","7":"product_cat-alimentos-perros","9":"first","10":"instock","11":"shipping-taxable","12":"purchasable","13":"product-type-simple"},"yoast_head":"<!-- This site is optimized with the Yoast SEO plugin v27.4 - https:\/\/yoast.com\/product\/yoast-seo-wordpress\/ -->\n<title>NOMADE SENIOR RAZA PEQUE\u00d1A 9 KG - Mascoter\u00eda Gonzalito<\/title>\n<meta name=\"robots\" content=\"index, follow, max-snippet:-1, max-image-preview:large, max-video-preview:-1\" \/>\n<link rel=\"canonical\" href=\"https:\/\/www.mascoteriagonzalito.cl\/index.php\/producto\/nomade-senior-raza-pequea-9-kg\/\" \/>\n<meta property=\"og:locale\" content=\"es_ES\" \/>\n<meta property=\"og:type\" content=\"article\" \/>\n<meta property=\"og:title\" content=\"NOMADE SENIOR RAZA PEQUE\u00d1A 9 KG - Mascoter\u00eda Gonzalito\" \/>\n<meta property=\"og:description\" content=\"Dise\u00f1ado especialmente para perros Senior de razas peque\u00f1as, con un balance \u00f3ptimo de nutrientes para entregar una mejor nutrici\u00f3n y fortalecer el cuidado de las articulaciones. Un alimento que excede los requerimientos nutricionales proporcionando una dieta sana y equilibrada para una vida plena, feliz y en movimiento.\" \/>\n<meta property=\"og:url\" content=\"https:\/\/www.mascoteriagonzalito.cl\/index.php\/producto\/nomade-senior-raza-pequea-9-kg\/\" \/>\n<meta property=\"og:site_name\" content=\"Mascoter\u00eda Gonzalito\" \/>\n<meta property=\"article:publisher\" content=\"https:\/\/www.facebook.com\/mascoteria.gonzalito\/\" \/>\n<meta property=\"article:modified_time\" content=\"2026-04-16T14:07:14+00:00\" \/>\n<meta property=\"og:image\" content=\"https:\/\/www.mascoteriagonzalito.cl\/wp-content\/uploads\/2025\/08\/719-3.webp\" \/>\n\t<meta property=\"og:image:width\" content=\"719\" \/>\n\t<meta property=\"og:image:height\" content=\"719\" \/>\n\t<meta property=\"og:image:type\" content=\"image\/webp\" \/>\n<meta name=\"twitter:card\" content=\"summary_large_image\" \/>\n<meta name=\"twitter:label1\" content=\"Tiempo de lectura\" \/>\n\t<meta name=\"twitter:data1\" content=\"1 minuto\" \/>\n<script type=\"application\/ld+json\" class=\"yoast-schema-graph\">{\"@context\":\"https:\\\/\\\/schema.org\",\"@graph\":[{\"@type\":\"WebPage\",\"@id\":\"https:\\\/\\\/www.mascoteriagonzalito.cl\\\/index.php\\\/producto\\\/nomade-senior-raza-pequea-9-kg\\\/\",\"url\":\"https:\\\/\\\/www.mascoteriagonzalito.cl\\\/index.php\\\/producto\\\/nomade-senior-raza-pequea-9-kg\\\/\",\"name\":\"NOMADE SENIOR RAZA PEQUE\u00d1A 9 KG - Mascoter\u00eda Gonzalito\",\"isPartOf\":{\"@id\":\"https:\\\/\\\/www.mascoteriagonzalito.cl\\\/#website\"},\"primaryImageOfPage\":{\"@id\":\"https:\\\/\\\/www.mascoteriagonzalito.cl\\\/index.php\\\/producto\\\/nomade-senior-raza-pequea-9-kg\\\/#primaryimage\"},\"image\":{\"@id\":\"https:\\\/\\\/www.mascoteriagonzalito.cl\\\/index.php\\\/producto\\\/nomade-senior-raza-pequea-9-kg\\\/#primaryimage\"},\"thumbnailUrl\":\"https:\\\/\\\/www.mascoteriagonzalito.cl\\\/wp-content\\\/uploads\\\/2025\\\/08\\\/719-3.webp\",\"datePublished\":\"2025-08-13T15:23:56+00:00\",\"dateModified\":\"2026-04-16T14:07:14+00:00\",\"breadcrumb\":{\"@id\":\"https:\\\/\\\/www.mascoteriagonzalito.cl\\\/index.php\\\/producto\\\/nomade-senior-raza-pequea-9-kg\\\/#breadcrumb\"},\"inLanguage\":\"es\",\"potentialAction\":[{\"@type\":\"ReadAction\",\"target\":[\"https:\\\/\\\/www.mascoteriagonzalito.cl\\\/index.php\\\/producto\\\/nomade-senior-raza-pequea-9-kg\\\/\"]}]},{\"@type\":\"ImageObject\",\"inLanguage\":\"es\",\"@id\":\"https:\\\/\\\/www.mascoteriagonzalito.cl\\\/index.php\\\/producto\\\/nomade-senior-raza-pequea-9-kg\\\/#primaryimage\",\"url\":\"https:\\\/\\\/www.mascoteriagonzalito.cl\\\/wp-content\\\/uploads\\\/2025\\\/08\\\/719-3.webp\",\"contentUrl\":\"https:\\\/\\\/www.mascoteriagonzalito.cl\\\/wp-content\\\/uploads\\\/2025\\\/08\\\/719-3.webp\",\"width\":719,\"height\":719},{\"@type\":\"BreadcrumbList\",\"@id\":\"https:\\\/\\\/www.mascoteriagonzalito.cl\\\/index.php\\\/producto\\\/nomade-senior-raza-pequea-9-kg\\\/#breadcrumb\",\"itemListElement\":[{\"@type\":\"ListItem\",\"position\":1,\"name\":\"Portada\",\"item\":\"https:\\\/\\\/www.mascoteriagonzalito.cl\\\/\"},{\"@type\":\"ListItem\",\"position\":2,\"name\":\"Tienda\",\"item\":\"https:\\\/\\\/www.mascoteriagonzalito.cl\\\/index.php\\\/tienda\\\/\"},{\"@type\":\"ListItem\",\"position\":3,\"name\":\"NOMADE SENIOR RAZA PEQUE\u00d1A 9 KG\"}]},{\"@type\":\"WebSite\",\"@id\":\"https:\\\/\\\/www.mascoteriagonzalito.cl\\\/#website\",\"url\":\"https:\\\/\\\/www.mascoteriagonzalito.cl\\\/\",\"name\":\"Mascoter\u00eda Gonzalito\",\"description\":\"Alimentos y accesorios para mascotas\",\"publisher\":{\"@id\":\"https:\\\/\\\/www.mascoteriagonzalito.cl\\\/#organization\"},\"potentialAction\":[{\"@type\":\"SearchAction\",\"target\":{\"@type\":\"EntryPoint\",\"urlTemplate\":\"https:\\\/\\\/www.mascoteriagonzalito.cl\\\/?s={search_term_string}\"},\"query-input\":{\"@type\":\"PropertyValueSpecification\",\"valueRequired\":true,\"valueName\":\"search_term_string\"}}],\"inLanguage\":\"es\"},{\"@type\":\"Organization\",\"@id\":\"https:\\\/\\\/www.mascoteriagonzalito.cl\\\/#organization\",\"name\":\"Mascoter\u00eda Gonzalito\",\"url\":\"https:\\\/\\\/www.mascoteriagonzalito.cl\\\/\",\"logo\":{\"@type\":\"ImageObject\",\"inLanguage\":\"es\",\"@id\":\"https:\\\/\\\/www.mascoteriagonzalito.cl\\\/#\\\/schema\\\/logo\\\/image\\\/\",\"url\":\"https:\\\/\\\/www.mascoteriagonzalito.cl\\\/wp-content\\\/uploads\\\/2025\\\/01\\\/IMG-20250113-WA0002-copia.png\",\"contentUrl\":\"https:\\\/\\\/www.mascoteriagonzalito.cl\\\/wp-content\\\/uploads\\\/2025\\\/01\\\/IMG-20250113-WA0002-copia.png\",\"width\":1600,\"height\":1600,\"caption\":\"Mascoter\u00eda Gonzalito\"},\"image\":{\"@id\":\"https:\\\/\\\/www.mascoteriagonzalito.cl\\\/#\\\/schema\\\/logo\\\/image\\\/\"},\"sameAs\":[\"https:\\\/\\\/www.facebook.com\\\/mascoteria.gonzalito\\\/\"]}]}<\/script>\n<!-- \/ Yoast SEO plugin. -->","yoast_head_json":{"title":"NOMADE SENIOR RAZA PEQUE\u00d1A 9 KG - Mascoter\u00eda Gonzalito","robots":{"index":"index","follow":"follow","max-snippet":"max-snippet:-1","max-image-preview":"max-image-preview:large","max-video-preview":"max-video-preview:-1"},"canonical":"https:\/\/www.mascoteriagonzalito.cl\/index.php\/producto\/nomade-senior-raza-pequea-9-kg\/","og_locale":"es_ES","og_type":"article","og_title":"NOMADE SENIOR RAZA PEQUE\u00d1A 9 KG - Mascoter\u00eda Gonzalito","og_description":"Dise\u00f1ado especialmente para perros Senior de razas peque\u00f1as, con un balance \u00f3ptimo de nutrientes para entregar una mejor nutrici\u00f3n y fortalecer el cuidado de las articulaciones. Un alimento que excede los requerimientos nutricionales proporcionando una dieta sana y equilibrada para una vida plena, feliz y en movimiento.","og_url":"https:\/\/www.mascoteriagonzalito.cl\/index.php\/producto\/nomade-senior-raza-pequea-9-kg\/","og_site_name":"Mascoter\u00eda Gonzalito","article_publisher":"https:\/\/www.facebook.com\/mascoteria.gonzalito\/","article_modified_time":"2026-04-16T14:07:14+00:00","og_image":[{"width":719,"height":719,"url":"https:\/\/www.mascoteriagonzalito.cl\/wp-content\/uploads\/2025\/08\/719-3.webp","type":"image\/webp"}],"twitter_card":"summary_large_image","twitter_misc":{"Tiempo de lectura":"1 minuto"},"schema":{"@context":"https:\/\/schema.org","@graph":[{"@type":"WebPage","@id":"https:\/\/www.mascoteriagonzalito.cl\/index.php\/producto\/nomade-senior-raza-pequea-9-kg\/","url":"https:\/\/www.mascoteriagonzalito.cl\/index.php\/producto\/nomade-senior-raza-pequea-9-kg\/","name":"NOMADE SENIOR RAZA PEQUE\u00d1A 9 KG - Mascoter\u00eda Gonzalito","isPartOf":{"@id":"https:\/\/www.mascoteriagonzalito.cl\/#website"},"primaryImageOfPage":{"@id":"https:\/\/www.mascoteriagonzalito.cl\/index.php\/producto\/nomade-senior-raza-pequea-9-kg\/#primaryimage"},"image":{"@id":"https:\/\/www.mascoteriagonzalito.cl\/index.php\/producto\/nomade-senior-raza-pequea-9-kg\/#primaryimage"},"thumbnailUrl":"https:\/\/www.mascoteriagonzalito.cl\/wp-content\/uploads\/2025\/08\/719-3.webp","datePublished":"2025-08-13T15:23:56+00:00","dateModified":"2026-04-16T14:07:14+00:00","breadcrumb":{"@id":"https:\/\/www.mascoteriagonzalito.cl\/index.php\/producto\/nomade-senior-raza-pequea-9-kg\/#breadcrumb"},"inLanguage":"es","potentialAction":[{"@type":"ReadAction","target":["https:\/\/www.mascoteriagonzalito.cl\/index.php\/producto\/nomade-senior-raza-pequea-9-kg\/"]}]},{"@type":"ImageObject","inLanguage":"es","@id":"https:\/\/www.mascoteriagonzalito.cl\/index.php\/producto\/nomade-senior-raza-pequea-9-kg\/#primaryimage","url":"https:\/\/www.mascoteriagonzalito.cl\/wp-content\/uploads\/2025\/08\/719-3.webp","contentUrl":"https:\/\/www.mascoteriagonzalito.cl\/wp-content\/uploads\/2025\/08\/719-3.webp","width":719,"height":719},{"@type":"BreadcrumbList","@id":"https:\/\/www.mascoteriagonzalito.cl\/index.php\/producto\/nomade-senior-raza-pequea-9-kg\/#breadcrumb","itemListElement":[{"@type":"ListItem","position":1,"name":"Portada","item":"https:\/\/www.mascoteriagonzalito.cl\/"},{"@type":"ListItem","position":2,"name":"Tienda","item":"https:\/\/www.mascoteriagonzalito.cl\/index.php\/tienda\/"},{"@type":"ListItem","position":3,"name":"NOMADE SENIOR RAZA PEQUE\u00d1A 9 KG"}]},{"@type":"WebSite","@id":"https:\/\/www.mascoteriagonzalito.cl\/#website","url":"https:\/\/www.mascoteriagonzalito.cl\/","name":"Mascoter\u00eda Gonzalito","description":"Alimentos y accesorios para mascotas","publisher":{"@id":"https:\/\/www.mascoteriagonzalito.cl\/#organization"},"potentialAction":[{"@type":"SearchAction","target":{"@type":"EntryPoint","urlTemplate":"https:\/\/www.mascoteriagonzalito.cl\/?s={search_term_string}"},"query-input":{"@type":"PropertyValueSpecification","valueRequired":true,"valueName":"search_term_string"}}],"inLanguage":"es"},{"@type":"Organization","@id":"https:\/\/www.mascoteriagonzalito.cl\/#organization","name":"Mascoter\u00eda Gonzalito","url":"https:\/\/www.mascoteriagonzalito.cl\/","logo":{"@type":"ImageObject","inLanguage":"es","@id":"https:\/\/www.mascoteriagonzalito.cl\/#\/schema\/logo\/image\/","url":"https:\/\/www.mascoteriagonzalito.cl\/wp-content\/uploads\/2025\/01\/IMG-20250113-WA0002-copia.png","contentUrl":"https:\/\/www.mascoteriagonzalito.cl\/wp-content\/uploads\/2025\/01\/IMG-20250113-WA0002-copia.png","width":1600,"height":1600,"caption":"Mascoter\u00eda Gonzalito"},"image":{"@id":"https:\/\/www.mascoteriagonzalito.cl\/#\/schema\/logo\/image\/"},"sameAs":["https:\/\/www.facebook.com\/mascoteria.gonzalito\/"]}]}},"_links":{"self":[{"href":"https:\/\/www.mascoteriagonzalito.cl\/index.php\/wp-json\/wp\/v2\/product\/4695","targetHints":{"allow":["GET"]}}],"collection":[{"href":"https:\/\/www.mascoteriagonzalito.cl\/index.php\/wp-json\/wp\/v2\/product"}],"about":[{"href":"https:\/\/www.mascoteriagonzalito.cl\/index.php\/wp-json\/wp\/v2\/types\/product"}],"replies":[{"embeddable":true,"href":"https:\/\/www.mascoteriagonzalito.cl\/index.php\/wp-json\/wp\/v2\/comments?post=4695"}],"wp:featuredmedia":[{"embeddable":true,"href":"https:\/\/www.mascoteriagonzalito.cl\/index.php\/wp-json\/wp\/v2\/media\/6390"}],"wp:attachment":[{"href":"https:\/\/www.mascoteriagonzalito.cl\/index.php\/wp-json\/wp\/v2\/media?parent=4695"}],"wp:term":[{"taxonomy":"product_brand","embeddable":true,"href":"https:\/\/www.mascoteriagonzalito.cl\/index.php\/wp-json\/wp\/v2\/product_brand?post=4695"},{"taxonomy":"product_cat","embeddable":true,"href":"https:\/\/www.mascoteriagonzalito.cl\/index.php\/wp-json\/wp\/v2\/product_cat?post=4695"},{"taxonomy":"product_tag","embeddable":true,"href":"https:\/\/www.mascoteriagonzalito.cl\/index.php\/wp-json\/wp\/v2\/product_tag?post=4695"}],"curies":[{"name":"wp","href":"https:\/\/api.w.org\/{rel}","templated":true}]}}