{"id":4664,"date":"2025-08-07T15:02:12","date_gmt":"2025-08-07T15:02:12","guid":{"rendered":"https:\/\/www.mascoteriagonzalito.cl\/?post_type=product&#038;p=4664"},"modified":"2026-03-10T21:45:49","modified_gmt":"2026-03-10T21:45:49","slug":"delicious-catnip-y-pescado-del-oceano-50-g","status":"publish","type":"product","link":"https:\/\/www.mascoteriagonzalito.cl\/index.php\/producto\/delicious-catnip-y-pescado-del-oceano-50-g\/","title":{"rendered":"DELICIOUS CATNIP Y PESCADO DEL OCEANO 50 G"},"content":{"rendered":"<h4><b>Caracter\u00edsticas<\/b><strong>:<\/strong><\/h4>\n<ul>\n<li>Elaborado con pescado real de alta mar.<\/li>\n<li>Libre de cerdo y manteca, y completamente libre de granos.<\/li>\n<li>Enriquecido con aceite de pescado para promover un pelaje brillante y una piel saludable.<\/li>\n<li>Contiene taurina a\u00f1adida para apoyar la funci\u00f3n cognitiva a largo plazo.<\/li>\n<li>Infundido con prebi\u00f3ticos para mantener un sistema digestivo saludable.<\/li>\n<li>Alto contenido de prote\u00ednas (43.56%) para apoyar la vitalidad y los niveles de energ\u00eda.<\/li>\n<li>Textura \u00fanica, suave y h\u00fameda que facilita la masticaci\u00f3n y la digesti\u00f3n.<\/li>\n<li>Dise\u00f1o de forma cuidadosamente elaborado para promover la salud dental y la diversi\u00f3n durante el juego.<\/li>\n<li>Ideal para entrenamiento y como premio.<\/li>\n<li>Proporciona una deliciosa combinaci\u00f3n de sabor y nutrici\u00f3n para los gatos.<\/li>\n<\/ul>\n<h4><strong>Ingredientes<\/strong><\/h4>\n<p>Almid\u00f3n de Papa Celulosa en Polvo, Pescado en Polvo, Catnip en Polvo, Levadura de Cerveza, Caseinato de Sodio, Aceite de Coco, Aceite de Salm\u00f3n, Pimienta, Algas marinas en polvo, Glicerina, Lecitina de Soya, Multivitaminas, Taurina, Sabor a Pescado, Mannose-oligosac\u00e1ridos.<\/p>\n","protected":false},"excerpt":{"rendered":"<p><strong>Delicious Catnip y Pescado de Oceano 50gr<\/strong><\/p>\n<p>El \u00faltimo premio para gatos elaborado con los mejores pescados de alta mar. Nuestra f\u00f3rmula \u00fanica combina aut\u00e9nticas delicias oce\u00e1nicas con el irresistible atractivo del catnip para crear un tentempi\u00e9 delicioso que tu compa\u00f1ero felino adorar\u00e1.<\/p>\n","protected":false},"featured_media":5892,"comment_status":"open","ping_status":"closed","template":"","meta":[],"product_brand":[162],"product_cat":[171],"product_tag":[],"class_list":{"0":"post-4664","1":"product","2":"type-product","3":"status-publish","4":"has-post-thumbnail","6":"product_brand-marben","7":"product_cat-snack-gato","9":"first","10":"outofstock","11":"sale","12":"shipping-taxable","13":"purchasable","14":"product-type-simple"},"yoast_head":"<!-- This site is optimized with the Yoast SEO plugin v27.4 - https:\/\/yoast.com\/product\/yoast-seo-wordpress\/ -->\n<title>DELICIOUS CATNIP Y PESCADO DEL OCEANO 50 G - Mascoter\u00eda Gonzalito<\/title>\n<meta name=\"robots\" content=\"index, follow, max-snippet:-1, max-image-preview:large, max-video-preview:-1\" \/>\n<link rel=\"canonical\" href=\"https:\/\/www.mascoteriagonzalito.cl\/index.php\/producto\/delicious-catnip-y-pescado-del-oceano-50-g\/\" \/>\n<meta property=\"og:locale\" content=\"es_ES\" \/>\n<meta property=\"og:type\" content=\"article\" \/>\n<meta property=\"og:title\" content=\"DELICIOUS CATNIP Y PESCADO DEL OCEANO 50 G - Mascoter\u00eda Gonzalito\" \/>\n<meta property=\"og:description\" content=\"Delicious Catnip y Pescado de Oceano 50gr  El \u00faltimo premio para gatos elaborado con los mejores pescados de alta mar. Nuestra f\u00f3rmula \u00fanica combina aut\u00e9nticas delicias oce\u00e1nicas con el irresistible atractivo del catnip para crear un tentempi\u00e9 delicioso que tu compa\u00f1ero felino adorar\u00e1.\" \/>\n<meta property=\"og:url\" content=\"https:\/\/www.mascoteriagonzalito.cl\/index.php\/producto\/delicious-catnip-y-pescado-del-oceano-50-g\/\" \/>\n<meta property=\"og:site_name\" content=\"Mascoter\u00eda Gonzalito\" \/>\n<meta property=\"article:publisher\" content=\"https:\/\/www.facebook.com\/mascoteria.gonzalito\/\" \/>\n<meta property=\"article:modified_time\" content=\"2026-03-10T21:45:49+00:00\" \/>\n<meta property=\"og:image\" content=\"https:\/\/www.mascoteriagonzalito.cl\/wp-content\/uploads\/2025\/08\/DELICIOUS-CATNIP-Y-PESCADO-DE-OCEANO-50G.jpg\" \/>\n\t<meta property=\"og:image:width\" content=\"800\" \/>\n\t<meta property=\"og:image:height\" content=\"800\" \/>\n\t<meta property=\"og:image:type\" content=\"image\/jpeg\" \/>\n<meta name=\"twitter:card\" content=\"summary_large_image\" \/>\n<meta name=\"twitter:label1\" content=\"Tiempo de lectura\" \/>\n\t<meta name=\"twitter:data1\" content=\"1 minuto\" \/>\n<script type=\"application\/ld+json\" class=\"yoast-schema-graph\">{\"@context\":\"https:\\\/\\\/schema.org\",\"@graph\":[{\"@type\":\"WebPage\",\"@id\":\"https:\\\/\\\/www.mascoteriagonzalito.cl\\\/index.php\\\/producto\\\/delicious-catnip-y-pescado-del-oceano-50-g\\\/\",\"url\":\"https:\\\/\\\/www.mascoteriagonzalito.cl\\\/index.php\\\/producto\\\/delicious-catnip-y-pescado-del-oceano-50-g\\\/\",\"name\":\"DELICIOUS CATNIP Y PESCADO DEL OCEANO 50 G - Mascoter\u00eda Gonzalito\",\"isPartOf\":{\"@id\":\"https:\\\/\\\/www.mascoteriagonzalito.cl\\\/#website\"},\"primaryImageOfPage\":{\"@id\":\"https:\\\/\\\/www.mascoteriagonzalito.cl\\\/index.php\\\/producto\\\/delicious-catnip-y-pescado-del-oceano-50-g\\\/#primaryimage\"},\"image\":{\"@id\":\"https:\\\/\\\/www.mascoteriagonzalito.cl\\\/index.php\\\/producto\\\/delicious-catnip-y-pescado-del-oceano-50-g\\\/#primaryimage\"},\"thumbnailUrl\":\"https:\\\/\\\/www.mascoteriagonzalito.cl\\\/wp-content\\\/uploads\\\/2025\\\/08\\\/DELICIOUS-CATNIP-Y-PESCADO-DE-OCEANO-50G.jpg\",\"datePublished\":\"2025-08-07T15:02:12+00:00\",\"dateModified\":\"2026-03-10T21:45:49+00:00\",\"breadcrumb\":{\"@id\":\"https:\\\/\\\/www.mascoteriagonzalito.cl\\\/index.php\\\/producto\\\/delicious-catnip-y-pescado-del-oceano-50-g\\\/#breadcrumb\"},\"inLanguage\":\"es\",\"potentialAction\":[{\"@type\":\"ReadAction\",\"target\":[\"https:\\\/\\\/www.mascoteriagonzalito.cl\\\/index.php\\\/producto\\\/delicious-catnip-y-pescado-del-oceano-50-g\\\/\"]}]},{\"@type\":\"ImageObject\",\"inLanguage\":\"es\",\"@id\":\"https:\\\/\\\/www.mascoteriagonzalito.cl\\\/index.php\\\/producto\\\/delicious-catnip-y-pescado-del-oceano-50-g\\\/#primaryimage\",\"url\":\"https:\\\/\\\/www.mascoteriagonzalito.cl\\\/wp-content\\\/uploads\\\/2025\\\/08\\\/DELICIOUS-CATNIP-Y-PESCADO-DE-OCEANO-50G.jpg\",\"contentUrl\":\"https:\\\/\\\/www.mascoteriagonzalito.cl\\\/wp-content\\\/uploads\\\/2025\\\/08\\\/DELICIOUS-CATNIP-Y-PESCADO-DE-OCEANO-50G.jpg\",\"width\":800,\"height\":800},{\"@type\":\"BreadcrumbList\",\"@id\":\"https:\\\/\\\/www.mascoteriagonzalito.cl\\\/index.php\\\/producto\\\/delicious-catnip-y-pescado-del-oceano-50-g\\\/#breadcrumb\",\"itemListElement\":[{\"@type\":\"ListItem\",\"position\":1,\"name\":\"Portada\",\"item\":\"https:\\\/\\\/www.mascoteriagonzalito.cl\\\/\"},{\"@type\":\"ListItem\",\"position\":2,\"name\":\"Tienda\",\"item\":\"https:\\\/\\\/www.mascoteriagonzalito.cl\\\/index.php\\\/tienda\\\/\"},{\"@type\":\"ListItem\",\"position\":3,\"name\":\"DELICIOUS CATNIP Y PESCADO DEL OCEANO 50 G\"}]},{\"@type\":\"WebSite\",\"@id\":\"https:\\\/\\\/www.mascoteriagonzalito.cl\\\/#website\",\"url\":\"https:\\\/\\\/www.mascoteriagonzalito.cl\\\/\",\"name\":\"Mascoter\u00eda Gonzalito\",\"description\":\"Alimentos y accesorios para mascotas\",\"publisher\":{\"@id\":\"https:\\\/\\\/www.mascoteriagonzalito.cl\\\/#organization\"},\"potentialAction\":[{\"@type\":\"SearchAction\",\"target\":{\"@type\":\"EntryPoint\",\"urlTemplate\":\"https:\\\/\\\/www.mascoteriagonzalito.cl\\\/?s={search_term_string}\"},\"query-input\":{\"@type\":\"PropertyValueSpecification\",\"valueRequired\":true,\"valueName\":\"search_term_string\"}}],\"inLanguage\":\"es\"},{\"@type\":\"Organization\",\"@id\":\"https:\\\/\\\/www.mascoteriagonzalito.cl\\\/#organization\",\"name\":\"Mascoter\u00eda Gonzalito\",\"url\":\"https:\\\/\\\/www.mascoteriagonzalito.cl\\\/\",\"logo\":{\"@type\":\"ImageObject\",\"inLanguage\":\"es\",\"@id\":\"https:\\\/\\\/www.mascoteriagonzalito.cl\\\/#\\\/schema\\\/logo\\\/image\\\/\",\"url\":\"https:\\\/\\\/www.mascoteriagonzalito.cl\\\/wp-content\\\/uploads\\\/2025\\\/01\\\/IMG-20250113-WA0002-copia.png\",\"contentUrl\":\"https:\\\/\\\/www.mascoteriagonzalito.cl\\\/wp-content\\\/uploads\\\/2025\\\/01\\\/IMG-20250113-WA0002-copia.png\",\"width\":1600,\"height\":1600,\"caption\":\"Mascoter\u00eda Gonzalito\"},\"image\":{\"@id\":\"https:\\\/\\\/www.mascoteriagonzalito.cl\\\/#\\\/schema\\\/logo\\\/image\\\/\"},\"sameAs\":[\"https:\\\/\\\/www.facebook.com\\\/mascoteria.gonzalito\\\/\"]}]}<\/script>\n<!-- \/ Yoast SEO plugin. -->","yoast_head_json":{"title":"DELICIOUS CATNIP Y PESCADO DEL OCEANO 50 G - Mascoter\u00eda Gonzalito","robots":{"index":"index","follow":"follow","max-snippet":"max-snippet:-1","max-image-preview":"max-image-preview:large","max-video-preview":"max-video-preview:-1"},"canonical":"https:\/\/www.mascoteriagonzalito.cl\/index.php\/producto\/delicious-catnip-y-pescado-del-oceano-50-g\/","og_locale":"es_ES","og_type":"article","og_title":"DELICIOUS CATNIP Y PESCADO DEL OCEANO 50 G - Mascoter\u00eda Gonzalito","og_description":"Delicious Catnip y Pescado de Oceano 50gr  El \u00faltimo premio para gatos elaborado con los mejores pescados de alta mar. Nuestra f\u00f3rmula \u00fanica combina aut\u00e9nticas delicias oce\u00e1nicas con el irresistible atractivo del catnip para crear un tentempi\u00e9 delicioso que tu compa\u00f1ero felino adorar\u00e1.","og_url":"https:\/\/www.mascoteriagonzalito.cl\/index.php\/producto\/delicious-catnip-y-pescado-del-oceano-50-g\/","og_site_name":"Mascoter\u00eda Gonzalito","article_publisher":"https:\/\/www.facebook.com\/mascoteria.gonzalito\/","article_modified_time":"2026-03-10T21:45:49+00:00","og_image":[{"width":800,"height":800,"url":"https:\/\/www.mascoteriagonzalito.cl\/wp-content\/uploads\/2025\/08\/DELICIOUS-CATNIP-Y-PESCADO-DE-OCEANO-50G.jpg","type":"image\/jpeg"}],"twitter_card":"summary_large_image","twitter_misc":{"Tiempo de lectura":"1 minuto"},"schema":{"@context":"https:\/\/schema.org","@graph":[{"@type":"WebPage","@id":"https:\/\/www.mascoteriagonzalito.cl\/index.php\/producto\/delicious-catnip-y-pescado-del-oceano-50-g\/","url":"https:\/\/www.mascoteriagonzalito.cl\/index.php\/producto\/delicious-catnip-y-pescado-del-oceano-50-g\/","name":"DELICIOUS CATNIP Y PESCADO DEL OCEANO 50 G - Mascoter\u00eda Gonzalito","isPartOf":{"@id":"https:\/\/www.mascoteriagonzalito.cl\/#website"},"primaryImageOfPage":{"@id":"https:\/\/www.mascoteriagonzalito.cl\/index.php\/producto\/delicious-catnip-y-pescado-del-oceano-50-g\/#primaryimage"},"image":{"@id":"https:\/\/www.mascoteriagonzalito.cl\/index.php\/producto\/delicious-catnip-y-pescado-del-oceano-50-g\/#primaryimage"},"thumbnailUrl":"https:\/\/www.mascoteriagonzalito.cl\/wp-content\/uploads\/2025\/08\/DELICIOUS-CATNIP-Y-PESCADO-DE-OCEANO-50G.jpg","datePublished":"2025-08-07T15:02:12+00:00","dateModified":"2026-03-10T21:45:49+00:00","breadcrumb":{"@id":"https:\/\/www.mascoteriagonzalito.cl\/index.php\/producto\/delicious-catnip-y-pescado-del-oceano-50-g\/#breadcrumb"},"inLanguage":"es","potentialAction":[{"@type":"ReadAction","target":["https:\/\/www.mascoteriagonzalito.cl\/index.php\/producto\/delicious-catnip-y-pescado-del-oceano-50-g\/"]}]},{"@type":"ImageObject","inLanguage":"es","@id":"https:\/\/www.mascoteriagonzalito.cl\/index.php\/producto\/delicious-catnip-y-pescado-del-oceano-50-g\/#primaryimage","url":"https:\/\/www.mascoteriagonzalito.cl\/wp-content\/uploads\/2025\/08\/DELICIOUS-CATNIP-Y-PESCADO-DE-OCEANO-50G.jpg","contentUrl":"https:\/\/www.mascoteriagonzalito.cl\/wp-content\/uploads\/2025\/08\/DELICIOUS-CATNIP-Y-PESCADO-DE-OCEANO-50G.jpg","width":800,"height":800},{"@type":"BreadcrumbList","@id":"https:\/\/www.mascoteriagonzalito.cl\/index.php\/producto\/delicious-catnip-y-pescado-del-oceano-50-g\/#breadcrumb","itemListElement":[{"@type":"ListItem","position":1,"name":"Portada","item":"https:\/\/www.mascoteriagonzalito.cl\/"},{"@type":"ListItem","position":2,"name":"Tienda","item":"https:\/\/www.mascoteriagonzalito.cl\/index.php\/tienda\/"},{"@type":"ListItem","position":3,"name":"DELICIOUS CATNIP Y PESCADO DEL OCEANO 50 G"}]},{"@type":"WebSite","@id":"https:\/\/www.mascoteriagonzalito.cl\/#website","url":"https:\/\/www.mascoteriagonzalito.cl\/","name":"Mascoter\u00eda Gonzalito","description":"Alimentos y accesorios para mascotas","publisher":{"@id":"https:\/\/www.mascoteriagonzalito.cl\/#organization"},"potentialAction":[{"@type":"SearchAction","target":{"@type":"EntryPoint","urlTemplate":"https:\/\/www.mascoteriagonzalito.cl\/?s={search_term_string}"},"query-input":{"@type":"PropertyValueSpecification","valueRequired":true,"valueName":"search_term_string"}}],"inLanguage":"es"},{"@type":"Organization","@id":"https:\/\/www.mascoteriagonzalito.cl\/#organization","name":"Mascoter\u00eda Gonzalito","url":"https:\/\/www.mascoteriagonzalito.cl\/","logo":{"@type":"ImageObject","inLanguage":"es","@id":"https:\/\/www.mascoteriagonzalito.cl\/#\/schema\/logo\/image\/","url":"https:\/\/www.mascoteriagonzalito.cl\/wp-content\/uploads\/2025\/01\/IMG-20250113-WA0002-copia.png","contentUrl":"https:\/\/www.mascoteriagonzalito.cl\/wp-content\/uploads\/2025\/01\/IMG-20250113-WA0002-copia.png","width":1600,"height":1600,"caption":"Mascoter\u00eda Gonzalito"},"image":{"@id":"https:\/\/www.mascoteriagonzalito.cl\/#\/schema\/logo\/image\/"},"sameAs":["https:\/\/www.facebook.com\/mascoteria.gonzalito\/"]}]}},"_links":{"self":[{"href":"https:\/\/www.mascoteriagonzalito.cl\/index.php\/wp-json\/wp\/v2\/product\/4664","targetHints":{"allow":["GET"]}}],"collection":[{"href":"https:\/\/www.mascoteriagonzalito.cl\/index.php\/wp-json\/wp\/v2\/product"}],"about":[{"href":"https:\/\/www.mascoteriagonzalito.cl\/index.php\/wp-json\/wp\/v2\/types\/product"}],"replies":[{"embeddable":true,"href":"https:\/\/www.mascoteriagonzalito.cl\/index.php\/wp-json\/wp\/v2\/comments?post=4664"}],"wp:featuredmedia":[{"embeddable":true,"href":"https:\/\/www.mascoteriagonzalito.cl\/index.php\/wp-json\/wp\/v2\/media\/5892"}],"wp:attachment":[{"href":"https:\/\/www.mascoteriagonzalito.cl\/index.php\/wp-json\/wp\/v2\/media?parent=4664"}],"wp:term":[{"taxonomy":"product_brand","embeddable":true,"href":"https:\/\/www.mascoteriagonzalito.cl\/index.php\/wp-json\/wp\/v2\/product_brand?post=4664"},{"taxonomy":"product_cat","embeddable":true,"href":"https:\/\/www.mascoteriagonzalito.cl\/index.php\/wp-json\/wp\/v2\/product_cat?post=4664"},{"taxonomy":"product_tag","embeddable":true,"href":"https:\/\/www.mascoteriagonzalito.cl\/index.php\/wp-json\/wp\/v2\/product_tag?post=4664"}],"curies":[{"name":"wp","href":"https:\/\/api.w.org\/{rel}","templated":true}]}}