{"id":4642,"date":"2025-08-01T17:13:50","date_gmt":"2025-08-01T17:13:50","guid":{"rendered":"https:\/\/www.mascoteriagonzalito.cl\/?post_type=product&#038;p=4642"},"modified":"2026-02-19T04:41:42","modified_gmt":"2026-02-19T04:41:42","slug":"lata-leonardo-pato-con-pollo-y-zanahoria-400-g","status":"publish","type":"product","link":"https:\/\/www.mascoteriagonzalito.cl\/index.php\/producto\/lata-leonardo-pato-con-pollo-y-zanahoria-400-g\/","title":{"rendered":"LATA LEONARDO SELECTION PATO CON POLLO Y ZANAHORIA 400 G"},"content":{"rendered":"<div><b>LEONARDO LATA PATO CON POLLO Y ZANAHORIA<\/b><\/div>\n<div>Alimento completo para gatos adultos a partir de un a\u00f1o.<\/div>\n<div>Entrante con pato: la sabrosa carne de pato es el mejor manjar para los peque\u00f1os gourmets. Aderezado con tiernos trozos de pollo y v\u00edsceras, esta variedad aporta una exquisita variedad al plato, intensamente jugoso gracias al caldo de pollo y la carne de pato. Una experiencia especial para el paladar y la vista: el aceite de salm\u00f3n a\u00f1adido con \u00e1cidos grasos poliinsaturados garantiza un pelaje suave y sedoso.<\/div>\n<div><b>FORMATOS:\u00a0<\/b><\/div>\n<div>400 g.<\/div>\n<div><b>AN\u00c1LISIS GARANTIZADO:\u00a0<\/b><\/div>\n<div>PROTE\u00cdNA \/ 11%<\/div>\n<div>CONTENIDO DE GRASA \/ 6%<\/div>\n<div>CENIZA BRUTA \/ 1,8%<\/div>\n<div>FIBRA BRUTA \/ 0,3%<\/div>\n<div>HUMEDAD \/ 79%<\/div>\n<div><b>INGREDIENTES:\u00a0<\/b><\/div>\n<div>Carne, coraz\u00f3n, h\u00edgado y mollejas de pollo (40%); caldo de carne de pollo y pato (28,8%); carne y coraz\u00f3n de pato (26%); zanahorias (4%); minerales (0,5%);\u00a0c\u00e1scaras de huevo *\u00b9 (0,5%);\u00a0aceite de salm\u00f3n (0,1%);\u00a0menta gatuna (0,1%)*\u00b9 secado.<\/div>\n","protected":false},"excerpt":{"rendered":"<p>Leonardo Lata Superior Selection Pato, Pollo y Zanahoria es una deliciosa y nutritiva opci\u00f3n para mimar a tu mascota con lo mejor de la alimentaci\u00f3n natural. Esta f\u00f3rmula premium combina carne de pato jugosa, pollo tierno y zanahorias frescas, proporcionando una mezcla equilibrada de prote\u00ednas de alta calidad y vitaminas esenciales. Cada lata est\u00e1 dise\u00f1ada para satisfacer las necesidades nutricionales de tu perro, asegurando que se mantenga saludable y lleno de energ\u00eda. Adem\u00e1s, la textura suave y el sabor irresistible de esta comida h\u00fameda har\u00e1n que tu mascota disfrute de cada comida. Sin conservantes artificiales ni colorantes, puedes estar seguro de que est\u00e1s ofreciendo solo lo mejor. Opta por Leonardo Lata Superior Selection Pato, Pollo y Zanahoria y transforma la hora de la comida en un momento especial para tu amigo peludo. Ideal para perros de todas las razas y tama\u00f1os, este alimento es una excelente elecci\u00f3n para garantizar su bienestar y felicidad.<\/p>\n","protected":false},"featured_media":5756,"comment_status":"open","ping_status":"closed","template":"","meta":[],"product_brand":[99],"product_cat":[177],"product_tag":[],"class_list":{"0":"post-4642","1":"product","2":"type-product","3":"status-publish","4":"has-post-thumbnail","6":"product_brand-leonardo","7":"product_cat-alimentos-humedos-gatos","9":"first","10":"instock","11":"shipping-taxable","12":"purchasable","13":"product-type-simple"},"yoast_head":"<!-- This site is optimized with the Yoast SEO plugin v27.4 - https:\/\/yoast.com\/product\/yoast-seo-wordpress\/ -->\n<title>LATA LEONARDO SELECTION PATO CON POLLO Y ZANAHORIA 400 G - Mascoter\u00eda Gonzalito<\/title>\n<meta name=\"robots\" content=\"index, follow, max-snippet:-1, max-image-preview:large, max-video-preview:-1\" \/>\n<link rel=\"canonical\" href=\"https:\/\/www.mascoteriagonzalito.cl\/index.php\/producto\/lata-leonardo-pato-con-pollo-y-zanahoria-400-g\/\" \/>\n<meta property=\"og:locale\" content=\"es_ES\" \/>\n<meta property=\"og:type\" content=\"article\" \/>\n<meta property=\"og:title\" content=\"LATA LEONARDO SELECTION PATO CON POLLO Y ZANAHORIA 400 G - Mascoter\u00eda Gonzalito\" \/>\n<meta property=\"og:description\" content=\"Leonardo Lata Superior Selection Pato, Pollo y Zanahoria es una deliciosa y nutritiva opci\u00f3n para mimar a tu mascota con lo mejor de la alimentaci\u00f3n natural. Esta f\u00f3rmula premium combina carne de pato jugosa, pollo tierno y zanahorias frescas, proporcionando una mezcla equilibrada de prote\u00ednas de alta calidad y vitaminas esenciales. Cada lata est\u00e1 dise\u00f1ada para satisfacer las necesidades nutricionales de tu perro, asegurando que se mantenga saludable y lleno de energ\u00eda. Adem\u00e1s, la textura suave y el sabor irresistible de esta comida h\u00fameda har\u00e1n que tu mascota disfrute de cada comida. Sin conservantes artificiales ni colorantes, puedes estar seguro de que est\u00e1s ofreciendo solo lo mejor. Opta por Leonardo Lata Superior Selection Pato, Pollo y Zanahoria y transforma la hora de la comida en un momento especial para tu amigo peludo. Ideal para perros de todas las razas y tama\u00f1os, este alimento es una excelente elecci\u00f3n para garantizar su bienestar y felicidad.\" \/>\n<meta property=\"og:url\" content=\"https:\/\/www.mascoteriagonzalito.cl\/index.php\/producto\/lata-leonardo-pato-con-pollo-y-zanahoria-400-g\/\" \/>\n<meta property=\"og:site_name\" content=\"Mascoter\u00eda Gonzalito\" \/>\n<meta property=\"article:publisher\" content=\"https:\/\/www.facebook.com\/mascoteria.gonzalito\/\" \/>\n<meta property=\"article:modified_time\" content=\"2026-02-19T04:41:42+00:00\" \/>\n<meta property=\"og:image\" content=\"https:\/\/www.mascoteriagonzalito.cl\/wp-content\/uploads\/2025\/08\/Lata-Leonardo-Superior-Selection-Pato-Pollo-y-Zanahoria-400-g_610x_crop_center.webp\" \/>\n\t<meta property=\"og:image:width\" content=\"610\" \/>\n\t<meta property=\"og:image:height\" content=\"610\" \/>\n\t<meta property=\"og:image:type\" content=\"image\/webp\" \/>\n<meta name=\"twitter:card\" content=\"summary_large_image\" \/>\n<meta name=\"twitter:label1\" content=\"Tiempo de lectura\" \/>\n\t<meta name=\"twitter:data1\" content=\"1 minuto\" \/>\n<script type=\"application\/ld+json\" class=\"yoast-schema-graph\">{\"@context\":\"https:\\\/\\\/schema.org\",\"@graph\":[{\"@type\":\"WebPage\",\"@id\":\"https:\\\/\\\/www.mascoteriagonzalito.cl\\\/index.php\\\/producto\\\/lata-leonardo-pato-con-pollo-y-zanahoria-400-g\\\/\",\"url\":\"https:\\\/\\\/www.mascoteriagonzalito.cl\\\/index.php\\\/producto\\\/lata-leonardo-pato-con-pollo-y-zanahoria-400-g\\\/\",\"name\":\"LATA LEONARDO SELECTION PATO CON POLLO Y ZANAHORIA 400 G - Mascoter\u00eda Gonzalito\",\"isPartOf\":{\"@id\":\"https:\\\/\\\/www.mascoteriagonzalito.cl\\\/#website\"},\"primaryImageOfPage\":{\"@id\":\"https:\\\/\\\/www.mascoteriagonzalito.cl\\\/index.php\\\/producto\\\/lata-leonardo-pato-con-pollo-y-zanahoria-400-g\\\/#primaryimage\"},\"image\":{\"@id\":\"https:\\\/\\\/www.mascoteriagonzalito.cl\\\/index.php\\\/producto\\\/lata-leonardo-pato-con-pollo-y-zanahoria-400-g\\\/#primaryimage\"},\"thumbnailUrl\":\"https:\\\/\\\/www.mascoteriagonzalito.cl\\\/wp-content\\\/uploads\\\/2025\\\/08\\\/Lata-Leonardo-Superior-Selection-Pato-Pollo-y-Zanahoria-400-g_610x_crop_center.webp\",\"datePublished\":\"2025-08-01T17:13:50+00:00\",\"dateModified\":\"2026-02-19T04:41:42+00:00\",\"breadcrumb\":{\"@id\":\"https:\\\/\\\/www.mascoteriagonzalito.cl\\\/index.php\\\/producto\\\/lata-leonardo-pato-con-pollo-y-zanahoria-400-g\\\/#breadcrumb\"},\"inLanguage\":\"es\",\"potentialAction\":[{\"@type\":\"ReadAction\",\"target\":[\"https:\\\/\\\/www.mascoteriagonzalito.cl\\\/index.php\\\/producto\\\/lata-leonardo-pato-con-pollo-y-zanahoria-400-g\\\/\"]}]},{\"@type\":\"ImageObject\",\"inLanguage\":\"es\",\"@id\":\"https:\\\/\\\/www.mascoteriagonzalito.cl\\\/index.php\\\/producto\\\/lata-leonardo-pato-con-pollo-y-zanahoria-400-g\\\/#primaryimage\",\"url\":\"https:\\\/\\\/www.mascoteriagonzalito.cl\\\/wp-content\\\/uploads\\\/2025\\\/08\\\/Lata-Leonardo-Superior-Selection-Pato-Pollo-y-Zanahoria-400-g_610x_crop_center.webp\",\"contentUrl\":\"https:\\\/\\\/www.mascoteriagonzalito.cl\\\/wp-content\\\/uploads\\\/2025\\\/08\\\/Lata-Leonardo-Superior-Selection-Pato-Pollo-y-Zanahoria-400-g_610x_crop_center.webp\",\"width\":610,\"height\":610},{\"@type\":\"BreadcrumbList\",\"@id\":\"https:\\\/\\\/www.mascoteriagonzalito.cl\\\/index.php\\\/producto\\\/lata-leonardo-pato-con-pollo-y-zanahoria-400-g\\\/#breadcrumb\",\"itemListElement\":[{\"@type\":\"ListItem\",\"position\":1,\"name\":\"Portada\",\"item\":\"https:\\\/\\\/www.mascoteriagonzalito.cl\\\/\"},{\"@type\":\"ListItem\",\"position\":2,\"name\":\"Tienda\",\"item\":\"https:\\\/\\\/www.mascoteriagonzalito.cl\\\/index.php\\\/tienda\\\/\"},{\"@type\":\"ListItem\",\"position\":3,\"name\":\"LATA LEONARDO SELECTION PATO CON POLLO Y ZANAHORIA 400 G\"}]},{\"@type\":\"WebSite\",\"@id\":\"https:\\\/\\\/www.mascoteriagonzalito.cl\\\/#website\",\"url\":\"https:\\\/\\\/www.mascoteriagonzalito.cl\\\/\",\"name\":\"Mascoter\u00eda Gonzalito\",\"description\":\"Alimentos y accesorios para mascotas\",\"publisher\":{\"@id\":\"https:\\\/\\\/www.mascoteriagonzalito.cl\\\/#organization\"},\"potentialAction\":[{\"@type\":\"SearchAction\",\"target\":{\"@type\":\"EntryPoint\",\"urlTemplate\":\"https:\\\/\\\/www.mascoteriagonzalito.cl\\\/?s={search_term_string}\"},\"query-input\":{\"@type\":\"PropertyValueSpecification\",\"valueRequired\":true,\"valueName\":\"search_term_string\"}}],\"inLanguage\":\"es\"},{\"@type\":\"Organization\",\"@id\":\"https:\\\/\\\/www.mascoteriagonzalito.cl\\\/#organization\",\"name\":\"Mascoter\u00eda Gonzalito\",\"url\":\"https:\\\/\\\/www.mascoteriagonzalito.cl\\\/\",\"logo\":{\"@type\":\"ImageObject\",\"inLanguage\":\"es\",\"@id\":\"https:\\\/\\\/www.mascoteriagonzalito.cl\\\/#\\\/schema\\\/logo\\\/image\\\/\",\"url\":\"https:\\\/\\\/www.mascoteriagonzalito.cl\\\/wp-content\\\/uploads\\\/2025\\\/01\\\/IMG-20250113-WA0002-copia.png\",\"contentUrl\":\"https:\\\/\\\/www.mascoteriagonzalito.cl\\\/wp-content\\\/uploads\\\/2025\\\/01\\\/IMG-20250113-WA0002-copia.png\",\"width\":1600,\"height\":1600,\"caption\":\"Mascoter\u00eda Gonzalito\"},\"image\":{\"@id\":\"https:\\\/\\\/www.mascoteriagonzalito.cl\\\/#\\\/schema\\\/logo\\\/image\\\/\"},\"sameAs\":[\"https:\\\/\\\/www.facebook.com\\\/mascoteria.gonzalito\\\/\"]}]}<\/script>\n<!-- \/ Yoast SEO plugin. -->","yoast_head_json":{"title":"LATA LEONARDO SELECTION PATO CON POLLO Y ZANAHORIA 400 G - Mascoter\u00eda Gonzalito","robots":{"index":"index","follow":"follow","max-snippet":"max-snippet:-1","max-image-preview":"max-image-preview:large","max-video-preview":"max-video-preview:-1"},"canonical":"https:\/\/www.mascoteriagonzalito.cl\/index.php\/producto\/lata-leonardo-pato-con-pollo-y-zanahoria-400-g\/","og_locale":"es_ES","og_type":"article","og_title":"LATA LEONARDO SELECTION PATO CON POLLO Y ZANAHORIA 400 G - Mascoter\u00eda Gonzalito","og_description":"Leonardo Lata Superior Selection Pato, Pollo y Zanahoria es una deliciosa y nutritiva opci\u00f3n para mimar a tu mascota con lo mejor de la alimentaci\u00f3n natural. Esta f\u00f3rmula premium combina carne de pato jugosa, pollo tierno y zanahorias frescas, proporcionando una mezcla equilibrada de prote\u00ednas de alta calidad y vitaminas esenciales. Cada lata est\u00e1 dise\u00f1ada para satisfacer las necesidades nutricionales de tu perro, asegurando que se mantenga saludable y lleno de energ\u00eda. Adem\u00e1s, la textura suave y el sabor irresistible de esta comida h\u00fameda har\u00e1n que tu mascota disfrute de cada comida. Sin conservantes artificiales ni colorantes, puedes estar seguro de que est\u00e1s ofreciendo solo lo mejor. Opta por Leonardo Lata Superior Selection Pato, Pollo y Zanahoria y transforma la hora de la comida en un momento especial para tu amigo peludo. Ideal para perros de todas las razas y tama\u00f1os, este alimento es una excelente elecci\u00f3n para garantizar su bienestar y felicidad.","og_url":"https:\/\/www.mascoteriagonzalito.cl\/index.php\/producto\/lata-leonardo-pato-con-pollo-y-zanahoria-400-g\/","og_site_name":"Mascoter\u00eda Gonzalito","article_publisher":"https:\/\/www.facebook.com\/mascoteria.gonzalito\/","article_modified_time":"2026-02-19T04:41:42+00:00","og_image":[{"width":610,"height":610,"url":"https:\/\/www.mascoteriagonzalito.cl\/wp-content\/uploads\/2025\/08\/Lata-Leonardo-Superior-Selection-Pato-Pollo-y-Zanahoria-400-g_610x_crop_center.webp","type":"image\/webp"}],"twitter_card":"summary_large_image","twitter_misc":{"Tiempo de lectura":"1 minuto"},"schema":{"@context":"https:\/\/schema.org","@graph":[{"@type":"WebPage","@id":"https:\/\/www.mascoteriagonzalito.cl\/index.php\/producto\/lata-leonardo-pato-con-pollo-y-zanahoria-400-g\/","url":"https:\/\/www.mascoteriagonzalito.cl\/index.php\/producto\/lata-leonardo-pato-con-pollo-y-zanahoria-400-g\/","name":"LATA LEONARDO SELECTION PATO CON POLLO Y ZANAHORIA 400 G - Mascoter\u00eda Gonzalito","isPartOf":{"@id":"https:\/\/www.mascoteriagonzalito.cl\/#website"},"primaryImageOfPage":{"@id":"https:\/\/www.mascoteriagonzalito.cl\/index.php\/producto\/lata-leonardo-pato-con-pollo-y-zanahoria-400-g\/#primaryimage"},"image":{"@id":"https:\/\/www.mascoteriagonzalito.cl\/index.php\/producto\/lata-leonardo-pato-con-pollo-y-zanahoria-400-g\/#primaryimage"},"thumbnailUrl":"https:\/\/www.mascoteriagonzalito.cl\/wp-content\/uploads\/2025\/08\/Lata-Leonardo-Superior-Selection-Pato-Pollo-y-Zanahoria-400-g_610x_crop_center.webp","datePublished":"2025-08-01T17:13:50+00:00","dateModified":"2026-02-19T04:41:42+00:00","breadcrumb":{"@id":"https:\/\/www.mascoteriagonzalito.cl\/index.php\/producto\/lata-leonardo-pato-con-pollo-y-zanahoria-400-g\/#breadcrumb"},"inLanguage":"es","potentialAction":[{"@type":"ReadAction","target":["https:\/\/www.mascoteriagonzalito.cl\/index.php\/producto\/lata-leonardo-pato-con-pollo-y-zanahoria-400-g\/"]}]},{"@type":"ImageObject","inLanguage":"es","@id":"https:\/\/www.mascoteriagonzalito.cl\/index.php\/producto\/lata-leonardo-pato-con-pollo-y-zanahoria-400-g\/#primaryimage","url":"https:\/\/www.mascoteriagonzalito.cl\/wp-content\/uploads\/2025\/08\/Lata-Leonardo-Superior-Selection-Pato-Pollo-y-Zanahoria-400-g_610x_crop_center.webp","contentUrl":"https:\/\/www.mascoteriagonzalito.cl\/wp-content\/uploads\/2025\/08\/Lata-Leonardo-Superior-Selection-Pato-Pollo-y-Zanahoria-400-g_610x_crop_center.webp","width":610,"height":610},{"@type":"BreadcrumbList","@id":"https:\/\/www.mascoteriagonzalito.cl\/index.php\/producto\/lata-leonardo-pato-con-pollo-y-zanahoria-400-g\/#breadcrumb","itemListElement":[{"@type":"ListItem","position":1,"name":"Portada","item":"https:\/\/www.mascoteriagonzalito.cl\/"},{"@type":"ListItem","position":2,"name":"Tienda","item":"https:\/\/www.mascoteriagonzalito.cl\/index.php\/tienda\/"},{"@type":"ListItem","position":3,"name":"LATA LEONARDO SELECTION PATO CON POLLO Y ZANAHORIA 400 G"}]},{"@type":"WebSite","@id":"https:\/\/www.mascoteriagonzalito.cl\/#website","url":"https:\/\/www.mascoteriagonzalito.cl\/","name":"Mascoter\u00eda Gonzalito","description":"Alimentos y accesorios para mascotas","publisher":{"@id":"https:\/\/www.mascoteriagonzalito.cl\/#organization"},"potentialAction":[{"@type":"SearchAction","target":{"@type":"EntryPoint","urlTemplate":"https:\/\/www.mascoteriagonzalito.cl\/?s={search_term_string}"},"query-input":{"@type":"PropertyValueSpecification","valueRequired":true,"valueName":"search_term_string"}}],"inLanguage":"es"},{"@type":"Organization","@id":"https:\/\/www.mascoteriagonzalito.cl\/#organization","name":"Mascoter\u00eda Gonzalito","url":"https:\/\/www.mascoteriagonzalito.cl\/","logo":{"@type":"ImageObject","inLanguage":"es","@id":"https:\/\/www.mascoteriagonzalito.cl\/#\/schema\/logo\/image\/","url":"https:\/\/www.mascoteriagonzalito.cl\/wp-content\/uploads\/2025\/01\/IMG-20250113-WA0002-copia.png","contentUrl":"https:\/\/www.mascoteriagonzalito.cl\/wp-content\/uploads\/2025\/01\/IMG-20250113-WA0002-copia.png","width":1600,"height":1600,"caption":"Mascoter\u00eda Gonzalito"},"image":{"@id":"https:\/\/www.mascoteriagonzalito.cl\/#\/schema\/logo\/image\/"},"sameAs":["https:\/\/www.facebook.com\/mascoteria.gonzalito\/"]}]}},"_links":{"self":[{"href":"https:\/\/www.mascoteriagonzalito.cl\/index.php\/wp-json\/wp\/v2\/product\/4642","targetHints":{"allow":["GET"]}}],"collection":[{"href":"https:\/\/www.mascoteriagonzalito.cl\/index.php\/wp-json\/wp\/v2\/product"}],"about":[{"href":"https:\/\/www.mascoteriagonzalito.cl\/index.php\/wp-json\/wp\/v2\/types\/product"}],"replies":[{"embeddable":true,"href":"https:\/\/www.mascoteriagonzalito.cl\/index.php\/wp-json\/wp\/v2\/comments?post=4642"}],"wp:featuredmedia":[{"embeddable":true,"href":"https:\/\/www.mascoteriagonzalito.cl\/index.php\/wp-json\/wp\/v2\/media\/5756"}],"wp:attachment":[{"href":"https:\/\/www.mascoteriagonzalito.cl\/index.php\/wp-json\/wp\/v2\/media?parent=4642"}],"wp:term":[{"taxonomy":"product_brand","embeddable":true,"href":"https:\/\/www.mascoteriagonzalito.cl\/index.php\/wp-json\/wp\/v2\/product_brand?post=4642"},{"taxonomy":"product_cat","embeddable":true,"href":"https:\/\/www.mascoteriagonzalito.cl\/index.php\/wp-json\/wp\/v2\/product_cat?post=4642"},{"taxonomy":"product_tag","embeddable":true,"href":"https:\/\/www.mascoteriagonzalito.cl\/index.php\/wp-json\/wp\/v2\/product_tag?post=4642"}],"curies":[{"name":"wp","href":"https:\/\/api.w.org\/{rel}","templated":true}]}}