{"id":4639,"date":"2025-08-01T17:04:44","date_gmt":"2025-08-01T17:04:44","guid":{"rendered":"https:\/\/www.mascoteriagonzalito.cl\/?post_type=product&#038;p=4639"},"modified":"2026-03-02T22:20:06","modified_gmt":"2026-03-02T22:20:06","slug":"lata-leonardo-pavo-con-trucha-400-g","status":"publish","type":"product","link":"https:\/\/www.mascoteriagonzalito.cl\/index.php\/producto\/lata-leonardo-pavo-con-trucha-400-g\/","title":{"rendered":"LATA LEONARDO SELECTION PAVO CON TRUCHA 400 G"},"content":{"rendered":"<h2 class=\"tab--title-gen\">Ingredientes<\/h2>\n<div id=\"ingredients-content\" class=\"tab--content-gen tab--content\">\n<div class=\"col-md\"><strong class=\"d-block mb-3\">Composici\u00f3n:\u00a0<\/strong>Carne, coraz\u00f3n, h\u00edgado y mollejas de pavo (40 %); caldo de pavo y trucha (28,8 %); trucha (26 %); ar\u00e1ndanos rojos (4 %); minerales (0,5 %); c\u00e1scaras de huevo*\u00b9 (0,5 %); aceite de salm\u00f3n (0,1 %); menta gatuna*\u00b9 (0,1 %) *\u00b9secado<\/div>\n<div class=\"col-md\"><strong class=\"d-block mb-3\">An\u00e1lisis de los componentes:\u00a0<\/strong>Prote\u00edna 11 %; contenido de grasa 6,5 %; ceniza bruta 2 %; fibra bruta 0,3 %; humedad 79 %<\/div>\n<div class=\"col-md\"><strong class=\"d-block mb-3\">Aditivos por kg<\/strong><\/p>\n<div><strong>Aditivos nutricionales<\/strong><br \/>\nVitamina D3 200 UI; vitamina E 50 mg; taurina 1.000 mg; manganeso (sulfato manganoso, monohidratado) 2 mg; zinc (como sulfato de cinc monohidratado) 20 mg; yodo (como yodato de calcio anhidroa) 0,2 mg<\/div>\n<\/div>\n<\/div>\n","protected":false},"excerpt":{"rendered":"<p>Descubre el sabor excepcional de Leonardo Pavo con trucha y ar\u00e1ndanos rojos, un producto dise\u00f1ado para ofrecer una alimentaci\u00f3n equilibrada y deliciosa a tu mascota. En cada lata de 400 gramos, encontrar\u00e1s una mezcla perfecta de prote\u00ednas magras de pavo y trucha, combinadas con los antioxidantes naturales de los ar\u00e1ndanos rojos. Esta f\u00f3rmula no solo promueve la salud y el bienestar de tu perro, sino que tambi\u00e9n proporciona un sabor irresistible que har\u00e1 que cada comida sea un momento especial. Adem\u00e1s de ser una opci\u00f3n sabrosa, este alimento h\u00famedo es rico en \u00e1cidos grasos Omega-3 y Omega-6, que favorecen una piel sana y un pelaje brillante. Sin conservantes ni colorantes artificiales, Leonardo Pavo con trucha y ar\u00e1ndanos rojos es la elecci\u00f3n ideal para quienes buscan lo mejor en nutrici\u00f3n para sus mascotas. Dale a tu perro el gusto de disfrutar de una comida completa y equilibrada, repleta de ingredientes naturales que apoyan su vitalidad y energ\u00eda diaria.<\/p>\n","protected":false},"featured_media":5746,"comment_status":"open","ping_status":"closed","template":"","meta":[],"product_brand":[],"product_cat":[15],"product_tag":[],"class_list":{"0":"post-4639","1":"product","2":"type-product","3":"status-publish","4":"has-post-thumbnail","6":"product_cat-sin-categorizar","8":"first","9":"instock","10":"shipping-taxable","11":"purchasable","12":"product-type-simple"},"yoast_head":"<!-- This site is optimized with the Yoast SEO plugin v27.4 - https:\/\/yoast.com\/product\/yoast-seo-wordpress\/ -->\n<title>LATA LEONARDO SELECTION PAVO CON TRUCHA 400 G - Mascoter\u00eda Gonzalito<\/title>\n<meta name=\"robots\" content=\"index, follow, max-snippet:-1, max-image-preview:large, max-video-preview:-1\" \/>\n<link rel=\"canonical\" href=\"https:\/\/www.mascoteriagonzalito.cl\/index.php\/producto\/lata-leonardo-pavo-con-trucha-400-g\/\" \/>\n<meta property=\"og:locale\" content=\"es_ES\" \/>\n<meta property=\"og:type\" content=\"article\" \/>\n<meta property=\"og:title\" content=\"LATA LEONARDO SELECTION PAVO CON TRUCHA 400 G - Mascoter\u00eda Gonzalito\" \/>\n<meta property=\"og:description\" content=\"Descubre el sabor excepcional de Leonardo Pavo con trucha y ar\u00e1ndanos rojos, un producto dise\u00f1ado para ofrecer una alimentaci\u00f3n equilibrada y deliciosa a tu mascota. En cada lata de 400 gramos, encontrar\u00e1s una mezcla perfecta de prote\u00ednas magras de pavo y trucha, combinadas con los antioxidantes naturales de los ar\u00e1ndanos rojos. Esta f\u00f3rmula no solo promueve la salud y el bienestar de tu perro, sino que tambi\u00e9n proporciona un sabor irresistible que har\u00e1 que cada comida sea un momento especial. Adem\u00e1s de ser una opci\u00f3n sabrosa, este alimento h\u00famedo es rico en \u00e1cidos grasos Omega-3 y Omega-6, que favorecen una piel sana y un pelaje brillante. Sin conservantes ni colorantes artificiales, Leonardo Pavo con trucha y ar\u00e1ndanos rojos es la elecci\u00f3n ideal para quienes buscan lo mejor en nutrici\u00f3n para sus mascotas. Dale a tu perro el gusto de disfrutar de una comida completa y equilibrada, repleta de ingredientes naturales que apoyan su vitalidad y energ\u00eda diaria.\" \/>\n<meta property=\"og:url\" content=\"https:\/\/www.mascoteriagonzalito.cl\/index.php\/producto\/lata-leonardo-pavo-con-trucha-400-g\/\" \/>\n<meta property=\"og:site_name\" content=\"Mascoter\u00eda Gonzalito\" \/>\n<meta property=\"article:publisher\" content=\"https:\/\/www.facebook.com\/mascoteria.gonzalito\/\" \/>\n<meta property=\"article:modified_time\" content=\"2026-03-02T22:20:06+00:00\" \/>\n<meta property=\"og:image\" content=\"https:\/\/www.mascoteriagonzalito.cl\/wp-content\/uploads\/2025\/08\/leonardo-pavo-con-trucha-arandanos-rojos-400gr.png\" \/>\n\t<meta property=\"og:image:width\" content=\"800\" \/>\n\t<meta property=\"og:image:height\" content=\"800\" \/>\n\t<meta property=\"og:image:type\" content=\"image\/png\" \/>\n<meta name=\"twitter:card\" content=\"summary_large_image\" \/>\n<meta name=\"twitter:label1\" content=\"Tiempo de lectura\" \/>\n\t<meta name=\"twitter:data1\" content=\"1 minuto\" \/>\n<script type=\"application\/ld+json\" class=\"yoast-schema-graph\">{\"@context\":\"https:\\\/\\\/schema.org\",\"@graph\":[{\"@type\":\"WebPage\",\"@id\":\"https:\\\/\\\/www.mascoteriagonzalito.cl\\\/index.php\\\/producto\\\/lata-leonardo-pavo-con-trucha-400-g\\\/\",\"url\":\"https:\\\/\\\/www.mascoteriagonzalito.cl\\\/index.php\\\/producto\\\/lata-leonardo-pavo-con-trucha-400-g\\\/\",\"name\":\"LATA LEONARDO SELECTION PAVO CON TRUCHA 400 G - Mascoter\u00eda Gonzalito\",\"isPartOf\":{\"@id\":\"https:\\\/\\\/www.mascoteriagonzalito.cl\\\/#website\"},\"primaryImageOfPage\":{\"@id\":\"https:\\\/\\\/www.mascoteriagonzalito.cl\\\/index.php\\\/producto\\\/lata-leonardo-pavo-con-trucha-400-g\\\/#primaryimage\"},\"image\":{\"@id\":\"https:\\\/\\\/www.mascoteriagonzalito.cl\\\/index.php\\\/producto\\\/lata-leonardo-pavo-con-trucha-400-g\\\/#primaryimage\"},\"thumbnailUrl\":\"https:\\\/\\\/www.mascoteriagonzalito.cl\\\/wp-content\\\/uploads\\\/2025\\\/08\\\/leonardo-pavo-con-trucha-arandanos-rojos-400gr.png\",\"datePublished\":\"2025-08-01T17:04:44+00:00\",\"dateModified\":\"2026-03-02T22:20:06+00:00\",\"breadcrumb\":{\"@id\":\"https:\\\/\\\/www.mascoteriagonzalito.cl\\\/index.php\\\/producto\\\/lata-leonardo-pavo-con-trucha-400-g\\\/#breadcrumb\"},\"inLanguage\":\"es\",\"potentialAction\":[{\"@type\":\"ReadAction\",\"target\":[\"https:\\\/\\\/www.mascoteriagonzalito.cl\\\/index.php\\\/producto\\\/lata-leonardo-pavo-con-trucha-400-g\\\/\"]}]},{\"@type\":\"ImageObject\",\"inLanguage\":\"es\",\"@id\":\"https:\\\/\\\/www.mascoteriagonzalito.cl\\\/index.php\\\/producto\\\/lata-leonardo-pavo-con-trucha-400-g\\\/#primaryimage\",\"url\":\"https:\\\/\\\/www.mascoteriagonzalito.cl\\\/wp-content\\\/uploads\\\/2025\\\/08\\\/leonardo-pavo-con-trucha-arandanos-rojos-400gr.png\",\"contentUrl\":\"https:\\\/\\\/www.mascoteriagonzalito.cl\\\/wp-content\\\/uploads\\\/2025\\\/08\\\/leonardo-pavo-con-trucha-arandanos-rojos-400gr.png\",\"width\":800,\"height\":800},{\"@type\":\"BreadcrumbList\",\"@id\":\"https:\\\/\\\/www.mascoteriagonzalito.cl\\\/index.php\\\/producto\\\/lata-leonardo-pavo-con-trucha-400-g\\\/#breadcrumb\",\"itemListElement\":[{\"@type\":\"ListItem\",\"position\":1,\"name\":\"Portada\",\"item\":\"https:\\\/\\\/www.mascoteriagonzalito.cl\\\/\"},{\"@type\":\"ListItem\",\"position\":2,\"name\":\"Tienda\",\"item\":\"https:\\\/\\\/www.mascoteriagonzalito.cl\\\/index.php\\\/tienda\\\/\"},{\"@type\":\"ListItem\",\"position\":3,\"name\":\"LATA LEONARDO SELECTION PAVO CON TRUCHA 400 G\"}]},{\"@type\":\"WebSite\",\"@id\":\"https:\\\/\\\/www.mascoteriagonzalito.cl\\\/#website\",\"url\":\"https:\\\/\\\/www.mascoteriagonzalito.cl\\\/\",\"name\":\"Mascoter\u00eda Gonzalito\",\"description\":\"Alimentos y accesorios para mascotas\",\"publisher\":{\"@id\":\"https:\\\/\\\/www.mascoteriagonzalito.cl\\\/#organization\"},\"potentialAction\":[{\"@type\":\"SearchAction\",\"target\":{\"@type\":\"EntryPoint\",\"urlTemplate\":\"https:\\\/\\\/www.mascoteriagonzalito.cl\\\/?s={search_term_string}\"},\"query-input\":{\"@type\":\"PropertyValueSpecification\",\"valueRequired\":true,\"valueName\":\"search_term_string\"}}],\"inLanguage\":\"es\"},{\"@type\":\"Organization\",\"@id\":\"https:\\\/\\\/www.mascoteriagonzalito.cl\\\/#organization\",\"name\":\"Mascoter\u00eda Gonzalito\",\"url\":\"https:\\\/\\\/www.mascoteriagonzalito.cl\\\/\",\"logo\":{\"@type\":\"ImageObject\",\"inLanguage\":\"es\",\"@id\":\"https:\\\/\\\/www.mascoteriagonzalito.cl\\\/#\\\/schema\\\/logo\\\/image\\\/\",\"url\":\"https:\\\/\\\/www.mascoteriagonzalito.cl\\\/wp-content\\\/uploads\\\/2025\\\/01\\\/IMG-20250113-WA0002-copia.png\",\"contentUrl\":\"https:\\\/\\\/www.mascoteriagonzalito.cl\\\/wp-content\\\/uploads\\\/2025\\\/01\\\/IMG-20250113-WA0002-copia.png\",\"width\":1600,\"height\":1600,\"caption\":\"Mascoter\u00eda Gonzalito\"},\"image\":{\"@id\":\"https:\\\/\\\/www.mascoteriagonzalito.cl\\\/#\\\/schema\\\/logo\\\/image\\\/\"},\"sameAs\":[\"https:\\\/\\\/www.facebook.com\\\/mascoteria.gonzalito\\\/\"]}]}<\/script>\n<!-- \/ Yoast SEO plugin. -->","yoast_head_json":{"title":"LATA LEONARDO SELECTION PAVO CON TRUCHA 400 G - Mascoter\u00eda Gonzalito","robots":{"index":"index","follow":"follow","max-snippet":"max-snippet:-1","max-image-preview":"max-image-preview:large","max-video-preview":"max-video-preview:-1"},"canonical":"https:\/\/www.mascoteriagonzalito.cl\/index.php\/producto\/lata-leonardo-pavo-con-trucha-400-g\/","og_locale":"es_ES","og_type":"article","og_title":"LATA LEONARDO SELECTION PAVO CON TRUCHA 400 G - Mascoter\u00eda Gonzalito","og_description":"Descubre el sabor excepcional de Leonardo Pavo con trucha y ar\u00e1ndanos rojos, un producto dise\u00f1ado para ofrecer una alimentaci\u00f3n equilibrada y deliciosa a tu mascota. En cada lata de 400 gramos, encontrar\u00e1s una mezcla perfecta de prote\u00ednas magras de pavo y trucha, combinadas con los antioxidantes naturales de los ar\u00e1ndanos rojos. Esta f\u00f3rmula no solo promueve la salud y el bienestar de tu perro, sino que tambi\u00e9n proporciona un sabor irresistible que har\u00e1 que cada comida sea un momento especial. Adem\u00e1s de ser una opci\u00f3n sabrosa, este alimento h\u00famedo es rico en \u00e1cidos grasos Omega-3 y Omega-6, que favorecen una piel sana y un pelaje brillante. Sin conservantes ni colorantes artificiales, Leonardo Pavo con trucha y ar\u00e1ndanos rojos es la elecci\u00f3n ideal para quienes buscan lo mejor en nutrici\u00f3n para sus mascotas. Dale a tu perro el gusto de disfrutar de una comida completa y equilibrada, repleta de ingredientes naturales que apoyan su vitalidad y energ\u00eda diaria.","og_url":"https:\/\/www.mascoteriagonzalito.cl\/index.php\/producto\/lata-leonardo-pavo-con-trucha-400-g\/","og_site_name":"Mascoter\u00eda Gonzalito","article_publisher":"https:\/\/www.facebook.com\/mascoteria.gonzalito\/","article_modified_time":"2026-03-02T22:20:06+00:00","og_image":[{"width":800,"height":800,"url":"https:\/\/www.mascoteriagonzalito.cl\/wp-content\/uploads\/2025\/08\/leonardo-pavo-con-trucha-arandanos-rojos-400gr.png","type":"image\/png"}],"twitter_card":"summary_large_image","twitter_misc":{"Tiempo de lectura":"1 minuto"},"schema":{"@context":"https:\/\/schema.org","@graph":[{"@type":"WebPage","@id":"https:\/\/www.mascoteriagonzalito.cl\/index.php\/producto\/lata-leonardo-pavo-con-trucha-400-g\/","url":"https:\/\/www.mascoteriagonzalito.cl\/index.php\/producto\/lata-leonardo-pavo-con-trucha-400-g\/","name":"LATA LEONARDO SELECTION PAVO CON TRUCHA 400 G - Mascoter\u00eda Gonzalito","isPartOf":{"@id":"https:\/\/www.mascoteriagonzalito.cl\/#website"},"primaryImageOfPage":{"@id":"https:\/\/www.mascoteriagonzalito.cl\/index.php\/producto\/lata-leonardo-pavo-con-trucha-400-g\/#primaryimage"},"image":{"@id":"https:\/\/www.mascoteriagonzalito.cl\/index.php\/producto\/lata-leonardo-pavo-con-trucha-400-g\/#primaryimage"},"thumbnailUrl":"https:\/\/www.mascoteriagonzalito.cl\/wp-content\/uploads\/2025\/08\/leonardo-pavo-con-trucha-arandanos-rojos-400gr.png","datePublished":"2025-08-01T17:04:44+00:00","dateModified":"2026-03-02T22:20:06+00:00","breadcrumb":{"@id":"https:\/\/www.mascoteriagonzalito.cl\/index.php\/producto\/lata-leonardo-pavo-con-trucha-400-g\/#breadcrumb"},"inLanguage":"es","potentialAction":[{"@type":"ReadAction","target":["https:\/\/www.mascoteriagonzalito.cl\/index.php\/producto\/lata-leonardo-pavo-con-trucha-400-g\/"]}]},{"@type":"ImageObject","inLanguage":"es","@id":"https:\/\/www.mascoteriagonzalito.cl\/index.php\/producto\/lata-leonardo-pavo-con-trucha-400-g\/#primaryimage","url":"https:\/\/www.mascoteriagonzalito.cl\/wp-content\/uploads\/2025\/08\/leonardo-pavo-con-trucha-arandanos-rojos-400gr.png","contentUrl":"https:\/\/www.mascoteriagonzalito.cl\/wp-content\/uploads\/2025\/08\/leonardo-pavo-con-trucha-arandanos-rojos-400gr.png","width":800,"height":800},{"@type":"BreadcrumbList","@id":"https:\/\/www.mascoteriagonzalito.cl\/index.php\/producto\/lata-leonardo-pavo-con-trucha-400-g\/#breadcrumb","itemListElement":[{"@type":"ListItem","position":1,"name":"Portada","item":"https:\/\/www.mascoteriagonzalito.cl\/"},{"@type":"ListItem","position":2,"name":"Tienda","item":"https:\/\/www.mascoteriagonzalito.cl\/index.php\/tienda\/"},{"@type":"ListItem","position":3,"name":"LATA LEONARDO SELECTION PAVO CON TRUCHA 400 G"}]},{"@type":"WebSite","@id":"https:\/\/www.mascoteriagonzalito.cl\/#website","url":"https:\/\/www.mascoteriagonzalito.cl\/","name":"Mascoter\u00eda Gonzalito","description":"Alimentos y accesorios para mascotas","publisher":{"@id":"https:\/\/www.mascoteriagonzalito.cl\/#organization"},"potentialAction":[{"@type":"SearchAction","target":{"@type":"EntryPoint","urlTemplate":"https:\/\/www.mascoteriagonzalito.cl\/?s={search_term_string}"},"query-input":{"@type":"PropertyValueSpecification","valueRequired":true,"valueName":"search_term_string"}}],"inLanguage":"es"},{"@type":"Organization","@id":"https:\/\/www.mascoteriagonzalito.cl\/#organization","name":"Mascoter\u00eda Gonzalito","url":"https:\/\/www.mascoteriagonzalito.cl\/","logo":{"@type":"ImageObject","inLanguage":"es","@id":"https:\/\/www.mascoteriagonzalito.cl\/#\/schema\/logo\/image\/","url":"https:\/\/www.mascoteriagonzalito.cl\/wp-content\/uploads\/2025\/01\/IMG-20250113-WA0002-copia.png","contentUrl":"https:\/\/www.mascoteriagonzalito.cl\/wp-content\/uploads\/2025\/01\/IMG-20250113-WA0002-copia.png","width":1600,"height":1600,"caption":"Mascoter\u00eda Gonzalito"},"image":{"@id":"https:\/\/www.mascoteriagonzalito.cl\/#\/schema\/logo\/image\/"},"sameAs":["https:\/\/www.facebook.com\/mascoteria.gonzalito\/"]}]}},"_links":{"self":[{"href":"https:\/\/www.mascoteriagonzalito.cl\/index.php\/wp-json\/wp\/v2\/product\/4639","targetHints":{"allow":["GET"]}}],"collection":[{"href":"https:\/\/www.mascoteriagonzalito.cl\/index.php\/wp-json\/wp\/v2\/product"}],"about":[{"href":"https:\/\/www.mascoteriagonzalito.cl\/index.php\/wp-json\/wp\/v2\/types\/product"}],"replies":[{"embeddable":true,"href":"https:\/\/www.mascoteriagonzalito.cl\/index.php\/wp-json\/wp\/v2\/comments?post=4639"}],"wp:featuredmedia":[{"embeddable":true,"href":"https:\/\/www.mascoteriagonzalito.cl\/index.php\/wp-json\/wp\/v2\/media\/5746"}],"wp:attachment":[{"href":"https:\/\/www.mascoteriagonzalito.cl\/index.php\/wp-json\/wp\/v2\/media?parent=4639"}],"wp:term":[{"taxonomy":"product_brand","embeddable":true,"href":"https:\/\/www.mascoteriagonzalito.cl\/index.php\/wp-json\/wp\/v2\/product_brand?post=4639"},{"taxonomy":"product_cat","embeddable":true,"href":"https:\/\/www.mascoteriagonzalito.cl\/index.php\/wp-json\/wp\/v2\/product_cat?post=4639"},{"taxonomy":"product_tag","embeddable":true,"href":"https:\/\/www.mascoteriagonzalito.cl\/index.php\/wp-json\/wp\/v2\/product_tag?post=4639"}],"curies":[{"name":"wp","href":"https:\/\/api.w.org\/{rel}","templated":true}]}}