{"id":4585,"date":"2025-07-28T18:52:03","date_gmt":"2025-07-28T18:52:03","guid":{"rendered":"https:\/\/www.mascoteriagonzalito.cl\/?post_type=product&#038;p=4585"},"modified":"2026-04-10T15:21:16","modified_gmt":"2026-04-10T15:21:16","slug":"acana-adult-cat-bountiful-4-5-kg","status":"publish","type":"product","link":"https:\/\/www.mascoteriagonzalito.cl\/index.php\/producto\/acana-adult-cat-bountiful-4-5-kg\/","title":{"rendered":"ACANA ADULT CAT BOUNTIFUL 4,5 KG"},"content":{"rendered":"<h2>Acana Bountiful Catch Gatos<\/h2>\n<h3><strong>Beneficios<\/strong><\/h3>\n<ul>\n<li><strong>Impulso inmunol\u00f3gico:<\/strong>\u00a0Las vitaminas, los minerales y los antioxidantes esenciales ayudan a mantener un sistema inmunol\u00f3gico saludable.<\/li>\n<li><strong>Coraz\u00f3n y ojos sanos:<\/strong>\u00a0La taurina, EPA y DHA ayudan a mantener la salud ocular y card\u00edaca<\/li>\n<li><strong>Desarrollo saludable de la piel y el pelaje:<\/strong>\u00a0Los \u00e1cidos grasos omega equilibrados apoyan una piel sana y un pelaje brillante<\/li>\n<li><strong>Gran sabor:<\/strong>\u00a0Los ingredientes de animales de presa peque\u00f1a y el h\u00edgado liofilizado proporcionan un sabor delicioso<\/li>\n<\/ul>\n<h4><strong>Ingredientes<\/strong><\/h4>\n<p>Salm\u00f3n, harina de salm\u00f3n, harina de bagre, avena, guisantes enteros, aceite de bagre, lentejas verdes enteras, arenque entero, garbanzos enteros, bagre, sabor natural de salm\u00f3n, fibra de lentejas, aceite de girasol, trucha arco iris, aceite de salm\u00f3n, ar\u00e1ndanos enteros, algas secas, cloruro de colina, proteinato de zinc, tocoferoles mixtos (conservante), suplemento de vitamina E, taurina, suplemento de vitamina D3, acetato de vitamina A, L-carnitina, DL-metionina, proteinato de cobre, niacina, mononitrato de tiamina, riboflavina, pantotenato de calcio, clorhidrato de piridoxina, \u00e1cido f\u00f3lico, suplemento de vitamina B12, biotina, \u00e1cido asc\u00f3rbico (vitamina C), \u00e1cido c\u00edtrico (conservante), extracto de romero, producto de fermentaci\u00f3n de Lactobacillus acidophilus seco, producto de fermentaci\u00f3n de Bifidobacterium animalis seco, producto de fermentaci\u00f3n de Lactobacillus casei seco.<\/p>\n<p>ENERG\u00cdA METABOLIZABLE: 3800 kcal \/ kg (433 kcal por taza de 8 onzas l\u00edquidas), con 35% de prote\u00ednas, 29% de carbohidratos y 36% de grasas.<\/p>\n<p>La receta de ACANA Bountiful Catch est\u00e1 formulada para cumplir con los niveles nutricionales establecidos por los perfiles de nutrientes de alimentos para gatos de la AAFCO para todas las etapas de la vida.<\/p>\n<h4><strong>An\u00e1lisis garantizado<\/strong><\/h4>\n<ul>\n<li>Prote\u00edna cruda (min.) 33%<\/li>\n<li>Grasa cruda (min.) 16%<\/li>\n<li>Fibra bruta (m\u00e1x.) 4%<\/li>\n<li>Humedad (m\u00e1x.) 10%<\/li>\n<li>Almid\u00f3n diet\u00e9tico (m\u00e1x.) 18%<\/li>\n<li>Az\u00facares (m\u00e1x.) 1,2%<\/li>\n<li>EPA (\u00e1cido eicosapentaenoico) (min.) 0,2%<\/li>\n<li>DHA (\u00e1cido docosahexaenoico) (min.) 0,28%<\/li>\n<li>Calcio (min.) 2%<\/li>\n<li>F\u00f3sforo (min.) 1,4%<\/li>\n<li>Magnesio (min.) 0,1%<\/li>\n<li>Taurina (min.) 0,1%<\/li>\n<li>\u00c1cidos grasos omega-3 * (min.) 0,8%<\/li>\n<li>\u00c1cidos grasos omega-6 * (min.) 2,5%<\/li>\n<li>Microorganismos totales * (min.) 100MM CFU \/ lb<\/li>\n<li>(Lactobacillus acidophilus Bifidobacterium animalis Lactobacillus casei)<\/li>\n<\/ul>\n","protected":false},"excerpt":{"rendered":"<p><strong>Acana Bountiful Catch Gatos<\/strong>\u00a0es un alimento premium para gatos adultos desde 1 a\u00f1o de edad en adelante. Su f\u00f3rmula est\u00e1 repleta de ingredientes de pescado de calidad, como salm\u00f3n y arenque silvestre, merluza y trucha arco iris para que tu gato reciba todos los nutrientes que necesita de manera natural. No contiene colorantes, saborizantes o conservantes artificiales.<\/p>\n","protected":false},"featured_media":4647,"comment_status":"open","ping_status":"closed","template":"","meta":[],"product_brand":[139],"product_cat":[33],"product_tag":[],"class_list":{"0":"post-4585","1":"product","2":"type-product","3":"status-publish","4":"has-post-thumbnail","6":"product_brand-acana","7":"product_cat-alimentos-gatos","9":"first","10":"instock","11":"shipping-taxable","12":"purchasable","13":"product-type-simple"},"yoast_head":"<!-- This site is optimized with the Yoast SEO plugin v27.4 - https:\/\/yoast.com\/product\/yoast-seo-wordpress\/ -->\n<title>ACANA ADULT CAT BOUNTIFUL 4,5 KG - Mascoter\u00eda Gonzalito<\/title>\n<meta name=\"robots\" content=\"index, follow, max-snippet:-1, max-image-preview:large, max-video-preview:-1\" \/>\n<link rel=\"canonical\" href=\"https:\/\/www.mascoteriagonzalito.cl\/index.php\/producto\/acana-adult-cat-bountiful-4-5-kg\/\" \/>\n<meta property=\"og:locale\" content=\"es_ES\" \/>\n<meta property=\"og:type\" content=\"article\" \/>\n<meta property=\"og:title\" content=\"ACANA ADULT CAT BOUNTIFUL 4,5 KG - Mascoter\u00eda Gonzalito\" \/>\n<meta property=\"og:description\" content=\"Acana Bountiful Catch Gatos\u00a0es un alimento premium para gatos adultos desde 1 a\u00f1o de edad en adelante. Su f\u00f3rmula est\u00e1 repleta de ingredientes de pescado de calidad, como salm\u00f3n y arenque silvestre, merluza y trucha arco iris para que tu gato reciba todos los nutrientes que necesita de manera natural. No contiene colorantes, saborizantes o conservantes artificiales.\" \/>\n<meta property=\"og:url\" content=\"https:\/\/www.mascoteriagonzalito.cl\/index.php\/producto\/acana-adult-cat-bountiful-4-5-kg\/\" \/>\n<meta property=\"og:site_name\" content=\"Mascoter\u00eda Gonzalito\" \/>\n<meta property=\"article:publisher\" content=\"https:\/\/www.facebook.com\/mascoteria.gonzalito\/\" \/>\n<meta property=\"article:modified_time\" content=\"2026-04-10T15:21:16+00:00\" \/>\n<meta property=\"og:image\" content=\"https:\/\/www.mascoteriagonzalito.cl\/wp-content\/uploads\/2025\/07\/ACANA-Cat-Bountiful-Catch-Front-10lb-USA.webp\" \/>\n\t<meta property=\"og:image:width\" content=\"450\" \/>\n\t<meta property=\"og:image:height\" content=\"450\" \/>\n\t<meta property=\"og:image:type\" content=\"image\/webp\" \/>\n<meta name=\"twitter:card\" content=\"summary_large_image\" \/>\n<meta name=\"twitter:label1\" content=\"Tiempo de lectura\" \/>\n\t<meta name=\"twitter:data1\" content=\"2 minutos\" \/>\n<script type=\"application\/ld+json\" class=\"yoast-schema-graph\">{\"@context\":\"https:\\\/\\\/schema.org\",\"@graph\":[{\"@type\":\"WebPage\",\"@id\":\"https:\\\/\\\/www.mascoteriagonzalito.cl\\\/index.php\\\/producto\\\/acana-adult-cat-bountiful-4-5-kg\\\/\",\"url\":\"https:\\\/\\\/www.mascoteriagonzalito.cl\\\/index.php\\\/producto\\\/acana-adult-cat-bountiful-4-5-kg\\\/\",\"name\":\"ACANA ADULT CAT BOUNTIFUL 4,5 KG - Mascoter\u00eda Gonzalito\",\"isPartOf\":{\"@id\":\"https:\\\/\\\/www.mascoteriagonzalito.cl\\\/#website\"},\"primaryImageOfPage\":{\"@id\":\"https:\\\/\\\/www.mascoteriagonzalito.cl\\\/index.php\\\/producto\\\/acana-adult-cat-bountiful-4-5-kg\\\/#primaryimage\"},\"image\":{\"@id\":\"https:\\\/\\\/www.mascoteriagonzalito.cl\\\/index.php\\\/producto\\\/acana-adult-cat-bountiful-4-5-kg\\\/#primaryimage\"},\"thumbnailUrl\":\"https:\\\/\\\/www.mascoteriagonzalito.cl\\\/wp-content\\\/uploads\\\/2025\\\/07\\\/ACANA-Cat-Bountiful-Catch-Front-10lb-USA.webp\",\"datePublished\":\"2025-07-28T18:52:03+00:00\",\"dateModified\":\"2026-04-10T15:21:16+00:00\",\"breadcrumb\":{\"@id\":\"https:\\\/\\\/www.mascoteriagonzalito.cl\\\/index.php\\\/producto\\\/acana-adult-cat-bountiful-4-5-kg\\\/#breadcrumb\"},\"inLanguage\":\"es\",\"potentialAction\":[{\"@type\":\"ReadAction\",\"target\":[\"https:\\\/\\\/www.mascoteriagonzalito.cl\\\/index.php\\\/producto\\\/acana-adult-cat-bountiful-4-5-kg\\\/\"]}]},{\"@type\":\"ImageObject\",\"inLanguage\":\"es\",\"@id\":\"https:\\\/\\\/www.mascoteriagonzalito.cl\\\/index.php\\\/producto\\\/acana-adult-cat-bountiful-4-5-kg\\\/#primaryimage\",\"url\":\"https:\\\/\\\/www.mascoteriagonzalito.cl\\\/wp-content\\\/uploads\\\/2025\\\/07\\\/ACANA-Cat-Bountiful-Catch-Front-10lb-USA.webp\",\"contentUrl\":\"https:\\\/\\\/www.mascoteriagonzalito.cl\\\/wp-content\\\/uploads\\\/2025\\\/07\\\/ACANA-Cat-Bountiful-Catch-Front-10lb-USA.webp\",\"width\":450,\"height\":450},{\"@type\":\"BreadcrumbList\",\"@id\":\"https:\\\/\\\/www.mascoteriagonzalito.cl\\\/index.php\\\/producto\\\/acana-adult-cat-bountiful-4-5-kg\\\/#breadcrumb\",\"itemListElement\":[{\"@type\":\"ListItem\",\"position\":1,\"name\":\"Portada\",\"item\":\"https:\\\/\\\/www.mascoteriagonzalito.cl\\\/\"},{\"@type\":\"ListItem\",\"position\":2,\"name\":\"Tienda\",\"item\":\"https:\\\/\\\/www.mascoteriagonzalito.cl\\\/index.php\\\/tienda\\\/\"},{\"@type\":\"ListItem\",\"position\":3,\"name\":\"ACANA ADULT CAT BOUNTIFUL 4,5 KG\"}]},{\"@type\":\"WebSite\",\"@id\":\"https:\\\/\\\/www.mascoteriagonzalito.cl\\\/#website\",\"url\":\"https:\\\/\\\/www.mascoteriagonzalito.cl\\\/\",\"name\":\"Mascoter\u00eda Gonzalito\",\"description\":\"Alimentos y accesorios para mascotas\",\"publisher\":{\"@id\":\"https:\\\/\\\/www.mascoteriagonzalito.cl\\\/#organization\"},\"potentialAction\":[{\"@type\":\"SearchAction\",\"target\":{\"@type\":\"EntryPoint\",\"urlTemplate\":\"https:\\\/\\\/www.mascoteriagonzalito.cl\\\/?s={search_term_string}\"},\"query-input\":{\"@type\":\"PropertyValueSpecification\",\"valueRequired\":true,\"valueName\":\"search_term_string\"}}],\"inLanguage\":\"es\"},{\"@type\":\"Organization\",\"@id\":\"https:\\\/\\\/www.mascoteriagonzalito.cl\\\/#organization\",\"name\":\"Mascoter\u00eda Gonzalito\",\"url\":\"https:\\\/\\\/www.mascoteriagonzalito.cl\\\/\",\"logo\":{\"@type\":\"ImageObject\",\"inLanguage\":\"es\",\"@id\":\"https:\\\/\\\/www.mascoteriagonzalito.cl\\\/#\\\/schema\\\/logo\\\/image\\\/\",\"url\":\"https:\\\/\\\/www.mascoteriagonzalito.cl\\\/wp-content\\\/uploads\\\/2025\\\/01\\\/IMG-20250113-WA0002-copia.png\",\"contentUrl\":\"https:\\\/\\\/www.mascoteriagonzalito.cl\\\/wp-content\\\/uploads\\\/2025\\\/01\\\/IMG-20250113-WA0002-copia.png\",\"width\":1600,\"height\":1600,\"caption\":\"Mascoter\u00eda Gonzalito\"},\"image\":{\"@id\":\"https:\\\/\\\/www.mascoteriagonzalito.cl\\\/#\\\/schema\\\/logo\\\/image\\\/\"},\"sameAs\":[\"https:\\\/\\\/www.facebook.com\\\/mascoteria.gonzalito\\\/\"]}]}<\/script>\n<!-- \/ Yoast SEO plugin. -->","yoast_head_json":{"title":"ACANA ADULT CAT BOUNTIFUL 4,5 KG - Mascoter\u00eda Gonzalito","robots":{"index":"index","follow":"follow","max-snippet":"max-snippet:-1","max-image-preview":"max-image-preview:large","max-video-preview":"max-video-preview:-1"},"canonical":"https:\/\/www.mascoteriagonzalito.cl\/index.php\/producto\/acana-adult-cat-bountiful-4-5-kg\/","og_locale":"es_ES","og_type":"article","og_title":"ACANA ADULT CAT BOUNTIFUL 4,5 KG - Mascoter\u00eda Gonzalito","og_description":"Acana Bountiful Catch Gatos\u00a0es un alimento premium para gatos adultos desde 1 a\u00f1o de edad en adelante. Su f\u00f3rmula est\u00e1 repleta de ingredientes de pescado de calidad, como salm\u00f3n y arenque silvestre, merluza y trucha arco iris para que tu gato reciba todos los nutrientes que necesita de manera natural. No contiene colorantes, saborizantes o conservantes artificiales.","og_url":"https:\/\/www.mascoteriagonzalito.cl\/index.php\/producto\/acana-adult-cat-bountiful-4-5-kg\/","og_site_name":"Mascoter\u00eda Gonzalito","article_publisher":"https:\/\/www.facebook.com\/mascoteria.gonzalito\/","article_modified_time":"2026-04-10T15:21:16+00:00","og_image":[{"width":450,"height":450,"url":"https:\/\/www.mascoteriagonzalito.cl\/wp-content\/uploads\/2025\/07\/ACANA-Cat-Bountiful-Catch-Front-10lb-USA.webp","type":"image\/webp"}],"twitter_card":"summary_large_image","twitter_misc":{"Tiempo de lectura":"2 minutos"},"schema":{"@context":"https:\/\/schema.org","@graph":[{"@type":"WebPage","@id":"https:\/\/www.mascoteriagonzalito.cl\/index.php\/producto\/acana-adult-cat-bountiful-4-5-kg\/","url":"https:\/\/www.mascoteriagonzalito.cl\/index.php\/producto\/acana-adult-cat-bountiful-4-5-kg\/","name":"ACANA ADULT CAT BOUNTIFUL 4,5 KG - Mascoter\u00eda Gonzalito","isPartOf":{"@id":"https:\/\/www.mascoteriagonzalito.cl\/#website"},"primaryImageOfPage":{"@id":"https:\/\/www.mascoteriagonzalito.cl\/index.php\/producto\/acana-adult-cat-bountiful-4-5-kg\/#primaryimage"},"image":{"@id":"https:\/\/www.mascoteriagonzalito.cl\/index.php\/producto\/acana-adult-cat-bountiful-4-5-kg\/#primaryimage"},"thumbnailUrl":"https:\/\/www.mascoteriagonzalito.cl\/wp-content\/uploads\/2025\/07\/ACANA-Cat-Bountiful-Catch-Front-10lb-USA.webp","datePublished":"2025-07-28T18:52:03+00:00","dateModified":"2026-04-10T15:21:16+00:00","breadcrumb":{"@id":"https:\/\/www.mascoteriagonzalito.cl\/index.php\/producto\/acana-adult-cat-bountiful-4-5-kg\/#breadcrumb"},"inLanguage":"es","potentialAction":[{"@type":"ReadAction","target":["https:\/\/www.mascoteriagonzalito.cl\/index.php\/producto\/acana-adult-cat-bountiful-4-5-kg\/"]}]},{"@type":"ImageObject","inLanguage":"es","@id":"https:\/\/www.mascoteriagonzalito.cl\/index.php\/producto\/acana-adult-cat-bountiful-4-5-kg\/#primaryimage","url":"https:\/\/www.mascoteriagonzalito.cl\/wp-content\/uploads\/2025\/07\/ACANA-Cat-Bountiful-Catch-Front-10lb-USA.webp","contentUrl":"https:\/\/www.mascoteriagonzalito.cl\/wp-content\/uploads\/2025\/07\/ACANA-Cat-Bountiful-Catch-Front-10lb-USA.webp","width":450,"height":450},{"@type":"BreadcrumbList","@id":"https:\/\/www.mascoteriagonzalito.cl\/index.php\/producto\/acana-adult-cat-bountiful-4-5-kg\/#breadcrumb","itemListElement":[{"@type":"ListItem","position":1,"name":"Portada","item":"https:\/\/www.mascoteriagonzalito.cl\/"},{"@type":"ListItem","position":2,"name":"Tienda","item":"https:\/\/www.mascoteriagonzalito.cl\/index.php\/tienda\/"},{"@type":"ListItem","position":3,"name":"ACANA ADULT CAT BOUNTIFUL 4,5 KG"}]},{"@type":"WebSite","@id":"https:\/\/www.mascoteriagonzalito.cl\/#website","url":"https:\/\/www.mascoteriagonzalito.cl\/","name":"Mascoter\u00eda Gonzalito","description":"Alimentos y accesorios para mascotas","publisher":{"@id":"https:\/\/www.mascoteriagonzalito.cl\/#organization"},"potentialAction":[{"@type":"SearchAction","target":{"@type":"EntryPoint","urlTemplate":"https:\/\/www.mascoteriagonzalito.cl\/?s={search_term_string}"},"query-input":{"@type":"PropertyValueSpecification","valueRequired":true,"valueName":"search_term_string"}}],"inLanguage":"es"},{"@type":"Organization","@id":"https:\/\/www.mascoteriagonzalito.cl\/#organization","name":"Mascoter\u00eda Gonzalito","url":"https:\/\/www.mascoteriagonzalito.cl\/","logo":{"@type":"ImageObject","inLanguage":"es","@id":"https:\/\/www.mascoteriagonzalito.cl\/#\/schema\/logo\/image\/","url":"https:\/\/www.mascoteriagonzalito.cl\/wp-content\/uploads\/2025\/01\/IMG-20250113-WA0002-copia.png","contentUrl":"https:\/\/www.mascoteriagonzalito.cl\/wp-content\/uploads\/2025\/01\/IMG-20250113-WA0002-copia.png","width":1600,"height":1600,"caption":"Mascoter\u00eda Gonzalito"},"image":{"@id":"https:\/\/www.mascoteriagonzalito.cl\/#\/schema\/logo\/image\/"},"sameAs":["https:\/\/www.facebook.com\/mascoteria.gonzalito\/"]}]}},"_links":{"self":[{"href":"https:\/\/www.mascoteriagonzalito.cl\/index.php\/wp-json\/wp\/v2\/product\/4585","targetHints":{"allow":["GET"]}}],"collection":[{"href":"https:\/\/www.mascoteriagonzalito.cl\/index.php\/wp-json\/wp\/v2\/product"}],"about":[{"href":"https:\/\/www.mascoteriagonzalito.cl\/index.php\/wp-json\/wp\/v2\/types\/product"}],"replies":[{"embeddable":true,"href":"https:\/\/www.mascoteriagonzalito.cl\/index.php\/wp-json\/wp\/v2\/comments?post=4585"}],"wp:featuredmedia":[{"embeddable":true,"href":"https:\/\/www.mascoteriagonzalito.cl\/index.php\/wp-json\/wp\/v2\/media\/4647"}],"wp:attachment":[{"href":"https:\/\/www.mascoteriagonzalito.cl\/index.php\/wp-json\/wp\/v2\/media?parent=4585"}],"wp:term":[{"taxonomy":"product_brand","embeddable":true,"href":"https:\/\/www.mascoteriagonzalito.cl\/index.php\/wp-json\/wp\/v2\/product_brand?post=4585"},{"taxonomy":"product_cat","embeddable":true,"href":"https:\/\/www.mascoteriagonzalito.cl\/index.php\/wp-json\/wp\/v2\/product_cat?post=4585"},{"taxonomy":"product_tag","embeddable":true,"href":"https:\/\/www.mascoteriagonzalito.cl\/index.php\/wp-json\/wp\/v2\/product_tag?post=4585"}],"curies":[{"name":"wp","href":"https:\/\/api.w.org\/{rel}","templated":true}]}}