{"id":4576,"date":"2025-07-26T14:57:23","date_gmt":"2025-07-26T14:57:23","guid":{"rendered":"https:\/\/www.mascoteriagonzalito.cl\/?post_type=product&#038;p=4576"},"modified":"2026-04-06T21:16:53","modified_gmt":"2026-04-06T21:16:53","slug":"snack-animal-planet-tiritas-de-pato-con-pollo-100-g","status":"publish","type":"product","link":"https:\/\/www.mascoteriagonzalito.cl\/index.php\/producto\/snack-animal-planet-tiritas-de-pato-con-pollo-100-g\/","title":{"rendered":"SNACK DOG ANIMAL PLANET TIRITAS DE PATO CON POLLO 100 G"},"content":{"rendered":"<figure><a href=\"https:\/\/distribuidoramdr.cl\/marcas\/animal-planet\"><img class=\"lazyload\" decoding=\"async\" src=\"data:image\/svg+xml,%3Csvg%20xmlns%3D%27http%3A%2F%2Fwww.w3.org%2F2000%2Fsvg%27%20width%3D%27238%27%20height%3D%27140%27%20viewBox%3D%270%200%20238%20140%27%3E%3Crect%20width%3D%27238%27%20height%3D%27140%27%20fill-opacity%3D%220%22%2F%3E%3C%2Fsvg%3E\" data-orig-src=\"https:\/\/images.jumpseller.com\/store\/distribuidora-mdr\/assets\/2018_Animal_Planet_logo.PNG?1681002753\" width=\"238\" height=\"140\" data-image=\"34003268\" \/><\/a><\/figure>\n<p>&nbsp;<\/p>\n<p><strong>Animal Planet Nutribalance, Snack perro hecho con prote\u00edna de origen animal,sin colorantes a\u00f1adidos y con mayor digestibilidad, que le permite al perro y al gato absorber mejor los nutrientes del producto.<\/strong><\/p>\n<p><strong>Promueve un pelaje brillante<br \/>\nLa incorporaci\u00f3n de \u00e1cidos grasos Omega 3, vitaminas y minerales org\u00e1nicos en la formulaci\u00f3n, contribuyen a fortalecer la queratina, la que entrega estructura al pelo y mantiene la salud de los fol\u00edculos pilosos, favoreciendo la lubricaci\u00f3n, elasticidad y brillo del pelaje de su perro<\/strong><\/p>\n<p><strong>INGREDIENTES:<\/strong><\/p>\n<p>Carne de pato, sorbitol, glicerina, almid\u00f3n de ma\u00edz, aislado de prote\u00edna de soya, carne de pollo, sorbato de potasio, cloruro de sodio.<\/p>\n","protected":false},"excerpt":{"rendered":"<p>Animal Planet Nutribalance, Snack perro hecho con prote\u00edna de origen animal, sin colorantes a\u00f1adidos y con mayor digestibilidad, que le permite al perro y al gato absorber mejor los nutrientes del producto.<br \/>\nPromueve un pelaje brillante.<br \/>\nLa incorporaci\u00f3n de \u00e1cidos grasos Omega 3, vitaminas y minerales org\u00e1nicos en la formulaci\u00f3n, contribuyen a fortalecer la queratina, la que entrega estructura al pelo y mantiene la salud de los fol\u00edculos pilosos, favoreciendo la lubricaci\u00f3n, elasticidad y brillo del pelaje de su perro.<\/p>\n","protected":false},"featured_media":6428,"comment_status":"open","ping_status":"closed","template":"","meta":[],"product_brand":[200],"product_cat":[172],"product_tag":[],"class_list":{"0":"post-4576","1":"product","2":"type-product","3":"status-publish","4":"has-post-thumbnail","6":"product_brand-animal-planet","7":"product_cat-snack-perro","9":"first","10":"instock","11":"shipping-taxable","12":"purchasable","13":"product-type-simple"},"yoast_head":"<!-- This site is optimized with the Yoast SEO plugin v27.4 - https:\/\/yoast.com\/product\/yoast-seo-wordpress\/ -->\n<title>SNACK DOG ANIMAL PLANET TIRITAS DE PATO CON POLLO 100 G - Mascoter\u00eda Gonzalito<\/title>\n<meta name=\"robots\" content=\"index, follow, max-snippet:-1, max-image-preview:large, max-video-preview:-1\" \/>\n<link rel=\"canonical\" href=\"https:\/\/www.mascoteriagonzalito.cl\/index.php\/producto\/snack-animal-planet-tiritas-de-pato-con-pollo-100-g\/\" \/>\n<meta property=\"og:locale\" content=\"es_ES\" \/>\n<meta property=\"og:type\" content=\"article\" \/>\n<meta property=\"og:title\" content=\"SNACK DOG ANIMAL PLANET TIRITAS DE PATO CON POLLO 100 G - Mascoter\u00eda Gonzalito\" \/>\n<meta property=\"og:description\" content=\"Animal Planet Nutribalance, Snack perro hecho con prote\u00edna de origen animal, sin colorantes a\u00f1adidos y con mayor digestibilidad, que le permite al perro y al gato absorber mejor los nutrientes del producto. Promueve un pelaje brillante. La incorporaci\u00f3n de \u00e1cidos grasos Omega 3, vitaminas y minerales org\u00e1nicos en la formulaci\u00f3n, contribuyen a fortalecer la queratina, la que entrega estructura al pelo y mantiene la salud de los fol\u00edculos pilosos, favoreciendo la lubricaci\u00f3n, elasticidad y brillo del pelaje de su perro.\" \/>\n<meta property=\"og:url\" content=\"https:\/\/www.mascoteriagonzalito.cl\/index.php\/producto\/snack-animal-planet-tiritas-de-pato-con-pollo-100-g\/\" \/>\n<meta property=\"og:site_name\" content=\"Mascoter\u00eda Gonzalito\" \/>\n<meta property=\"article:publisher\" content=\"https:\/\/www.facebook.com\/mascoteria.gonzalito\/\" \/>\n<meta property=\"article:modified_time\" content=\"2026-04-06T21:16:53+00:00\" \/>\n<meta property=\"og:image\" content=\"https:\/\/www.mascoteriagonzalito.cl\/wp-content\/uploads\/2025\/07\/810.webp\" \/>\n\t<meta property=\"og:image:width\" content=\"810\" \/>\n\t<meta property=\"og:image:height\" content=\"810\" \/>\n\t<meta property=\"og:image:type\" content=\"image\/webp\" \/>\n<meta name=\"twitter:card\" content=\"summary_large_image\" \/>\n<meta name=\"twitter:label1\" content=\"Tiempo de lectura\" \/>\n\t<meta name=\"twitter:data1\" content=\"1 minuto\" \/>\n<script type=\"application\/ld+json\" class=\"yoast-schema-graph\">{\"@context\":\"https:\\\/\\\/schema.org\",\"@graph\":[{\"@type\":\"WebPage\",\"@id\":\"https:\\\/\\\/www.mascoteriagonzalito.cl\\\/index.php\\\/producto\\\/snack-animal-planet-tiritas-de-pato-con-pollo-100-g\\\/\",\"url\":\"https:\\\/\\\/www.mascoteriagonzalito.cl\\\/index.php\\\/producto\\\/snack-animal-planet-tiritas-de-pato-con-pollo-100-g\\\/\",\"name\":\"SNACK DOG ANIMAL PLANET TIRITAS DE PATO CON POLLO 100 G - Mascoter\u00eda Gonzalito\",\"isPartOf\":{\"@id\":\"https:\\\/\\\/www.mascoteriagonzalito.cl\\\/#website\"},\"primaryImageOfPage\":{\"@id\":\"https:\\\/\\\/www.mascoteriagonzalito.cl\\\/index.php\\\/producto\\\/snack-animal-planet-tiritas-de-pato-con-pollo-100-g\\\/#primaryimage\"},\"image\":{\"@id\":\"https:\\\/\\\/www.mascoteriagonzalito.cl\\\/index.php\\\/producto\\\/snack-animal-planet-tiritas-de-pato-con-pollo-100-g\\\/#primaryimage\"},\"thumbnailUrl\":\"https:\\\/\\\/www.mascoteriagonzalito.cl\\\/wp-content\\\/uploads\\\/2025\\\/07\\\/810.webp\",\"datePublished\":\"2025-07-26T14:57:23+00:00\",\"dateModified\":\"2026-04-06T21:16:53+00:00\",\"breadcrumb\":{\"@id\":\"https:\\\/\\\/www.mascoteriagonzalito.cl\\\/index.php\\\/producto\\\/snack-animal-planet-tiritas-de-pato-con-pollo-100-g\\\/#breadcrumb\"},\"inLanguage\":\"es\",\"potentialAction\":[{\"@type\":\"ReadAction\",\"target\":[\"https:\\\/\\\/www.mascoteriagonzalito.cl\\\/index.php\\\/producto\\\/snack-animal-planet-tiritas-de-pato-con-pollo-100-g\\\/\"]}]},{\"@type\":\"ImageObject\",\"inLanguage\":\"es\",\"@id\":\"https:\\\/\\\/www.mascoteriagonzalito.cl\\\/index.php\\\/producto\\\/snack-animal-planet-tiritas-de-pato-con-pollo-100-g\\\/#primaryimage\",\"url\":\"https:\\\/\\\/www.mascoteriagonzalito.cl\\\/wp-content\\\/uploads\\\/2025\\\/07\\\/810.webp\",\"contentUrl\":\"https:\\\/\\\/www.mascoteriagonzalito.cl\\\/wp-content\\\/uploads\\\/2025\\\/07\\\/810.webp\",\"width\":810,\"height\":810},{\"@type\":\"BreadcrumbList\",\"@id\":\"https:\\\/\\\/www.mascoteriagonzalito.cl\\\/index.php\\\/producto\\\/snack-animal-planet-tiritas-de-pato-con-pollo-100-g\\\/#breadcrumb\",\"itemListElement\":[{\"@type\":\"ListItem\",\"position\":1,\"name\":\"Portada\",\"item\":\"https:\\\/\\\/www.mascoteriagonzalito.cl\\\/\"},{\"@type\":\"ListItem\",\"position\":2,\"name\":\"Tienda\",\"item\":\"https:\\\/\\\/www.mascoteriagonzalito.cl\\\/index.php\\\/tienda\\\/\"},{\"@type\":\"ListItem\",\"position\":3,\"name\":\"SNACK DOG ANIMAL PLANET TIRITAS DE PATO CON POLLO 100 G\"}]},{\"@type\":\"WebSite\",\"@id\":\"https:\\\/\\\/www.mascoteriagonzalito.cl\\\/#website\",\"url\":\"https:\\\/\\\/www.mascoteriagonzalito.cl\\\/\",\"name\":\"Mascoter\u00eda Gonzalito\",\"description\":\"Alimentos y accesorios para mascotas\",\"publisher\":{\"@id\":\"https:\\\/\\\/www.mascoteriagonzalito.cl\\\/#organization\"},\"potentialAction\":[{\"@type\":\"SearchAction\",\"target\":{\"@type\":\"EntryPoint\",\"urlTemplate\":\"https:\\\/\\\/www.mascoteriagonzalito.cl\\\/?s={search_term_string}\"},\"query-input\":{\"@type\":\"PropertyValueSpecification\",\"valueRequired\":true,\"valueName\":\"search_term_string\"}}],\"inLanguage\":\"es\"},{\"@type\":\"Organization\",\"@id\":\"https:\\\/\\\/www.mascoteriagonzalito.cl\\\/#organization\",\"name\":\"Mascoter\u00eda Gonzalito\",\"url\":\"https:\\\/\\\/www.mascoteriagonzalito.cl\\\/\",\"logo\":{\"@type\":\"ImageObject\",\"inLanguage\":\"es\",\"@id\":\"https:\\\/\\\/www.mascoteriagonzalito.cl\\\/#\\\/schema\\\/logo\\\/image\\\/\",\"url\":\"https:\\\/\\\/www.mascoteriagonzalito.cl\\\/wp-content\\\/uploads\\\/2025\\\/01\\\/IMG-20250113-WA0002-copia.png\",\"contentUrl\":\"https:\\\/\\\/www.mascoteriagonzalito.cl\\\/wp-content\\\/uploads\\\/2025\\\/01\\\/IMG-20250113-WA0002-copia.png\",\"width\":1600,\"height\":1600,\"caption\":\"Mascoter\u00eda Gonzalito\"},\"image\":{\"@id\":\"https:\\\/\\\/www.mascoteriagonzalito.cl\\\/#\\\/schema\\\/logo\\\/image\\\/\"},\"sameAs\":[\"https:\\\/\\\/www.facebook.com\\\/mascoteria.gonzalito\\\/\"]}]}<\/script>\n<!-- \/ Yoast SEO plugin. -->","yoast_head_json":{"title":"SNACK DOG ANIMAL PLANET TIRITAS DE PATO CON POLLO 100 G - Mascoter\u00eda Gonzalito","robots":{"index":"index","follow":"follow","max-snippet":"max-snippet:-1","max-image-preview":"max-image-preview:large","max-video-preview":"max-video-preview:-1"},"canonical":"https:\/\/www.mascoteriagonzalito.cl\/index.php\/producto\/snack-animal-planet-tiritas-de-pato-con-pollo-100-g\/","og_locale":"es_ES","og_type":"article","og_title":"SNACK DOG ANIMAL PLANET TIRITAS DE PATO CON POLLO 100 G - Mascoter\u00eda Gonzalito","og_description":"Animal Planet Nutribalance, Snack perro hecho con prote\u00edna de origen animal, sin colorantes a\u00f1adidos y con mayor digestibilidad, que le permite al perro y al gato absorber mejor los nutrientes del producto. Promueve un pelaje brillante. La incorporaci\u00f3n de \u00e1cidos grasos Omega 3, vitaminas y minerales org\u00e1nicos en la formulaci\u00f3n, contribuyen a fortalecer la queratina, la que entrega estructura al pelo y mantiene la salud de los fol\u00edculos pilosos, favoreciendo la lubricaci\u00f3n, elasticidad y brillo del pelaje de su perro.","og_url":"https:\/\/www.mascoteriagonzalito.cl\/index.php\/producto\/snack-animal-planet-tiritas-de-pato-con-pollo-100-g\/","og_site_name":"Mascoter\u00eda Gonzalito","article_publisher":"https:\/\/www.facebook.com\/mascoteria.gonzalito\/","article_modified_time":"2026-04-06T21:16:53+00:00","og_image":[{"width":810,"height":810,"url":"https:\/\/www.mascoteriagonzalito.cl\/wp-content\/uploads\/2025\/07\/810.webp","type":"image\/webp"}],"twitter_card":"summary_large_image","twitter_misc":{"Tiempo de lectura":"1 minuto"},"schema":{"@context":"https:\/\/schema.org","@graph":[{"@type":"WebPage","@id":"https:\/\/www.mascoteriagonzalito.cl\/index.php\/producto\/snack-animal-planet-tiritas-de-pato-con-pollo-100-g\/","url":"https:\/\/www.mascoteriagonzalito.cl\/index.php\/producto\/snack-animal-planet-tiritas-de-pato-con-pollo-100-g\/","name":"SNACK DOG ANIMAL PLANET TIRITAS DE PATO CON POLLO 100 G - Mascoter\u00eda Gonzalito","isPartOf":{"@id":"https:\/\/www.mascoteriagonzalito.cl\/#website"},"primaryImageOfPage":{"@id":"https:\/\/www.mascoteriagonzalito.cl\/index.php\/producto\/snack-animal-planet-tiritas-de-pato-con-pollo-100-g\/#primaryimage"},"image":{"@id":"https:\/\/www.mascoteriagonzalito.cl\/index.php\/producto\/snack-animal-planet-tiritas-de-pato-con-pollo-100-g\/#primaryimage"},"thumbnailUrl":"https:\/\/www.mascoteriagonzalito.cl\/wp-content\/uploads\/2025\/07\/810.webp","datePublished":"2025-07-26T14:57:23+00:00","dateModified":"2026-04-06T21:16:53+00:00","breadcrumb":{"@id":"https:\/\/www.mascoteriagonzalito.cl\/index.php\/producto\/snack-animal-planet-tiritas-de-pato-con-pollo-100-g\/#breadcrumb"},"inLanguage":"es","potentialAction":[{"@type":"ReadAction","target":["https:\/\/www.mascoteriagonzalito.cl\/index.php\/producto\/snack-animal-planet-tiritas-de-pato-con-pollo-100-g\/"]}]},{"@type":"ImageObject","inLanguage":"es","@id":"https:\/\/www.mascoteriagonzalito.cl\/index.php\/producto\/snack-animal-planet-tiritas-de-pato-con-pollo-100-g\/#primaryimage","url":"https:\/\/www.mascoteriagonzalito.cl\/wp-content\/uploads\/2025\/07\/810.webp","contentUrl":"https:\/\/www.mascoteriagonzalito.cl\/wp-content\/uploads\/2025\/07\/810.webp","width":810,"height":810},{"@type":"BreadcrumbList","@id":"https:\/\/www.mascoteriagonzalito.cl\/index.php\/producto\/snack-animal-planet-tiritas-de-pato-con-pollo-100-g\/#breadcrumb","itemListElement":[{"@type":"ListItem","position":1,"name":"Portada","item":"https:\/\/www.mascoteriagonzalito.cl\/"},{"@type":"ListItem","position":2,"name":"Tienda","item":"https:\/\/www.mascoteriagonzalito.cl\/index.php\/tienda\/"},{"@type":"ListItem","position":3,"name":"SNACK DOG ANIMAL PLANET TIRITAS DE PATO CON POLLO 100 G"}]},{"@type":"WebSite","@id":"https:\/\/www.mascoteriagonzalito.cl\/#website","url":"https:\/\/www.mascoteriagonzalito.cl\/","name":"Mascoter\u00eda Gonzalito","description":"Alimentos y accesorios para mascotas","publisher":{"@id":"https:\/\/www.mascoteriagonzalito.cl\/#organization"},"potentialAction":[{"@type":"SearchAction","target":{"@type":"EntryPoint","urlTemplate":"https:\/\/www.mascoteriagonzalito.cl\/?s={search_term_string}"},"query-input":{"@type":"PropertyValueSpecification","valueRequired":true,"valueName":"search_term_string"}}],"inLanguage":"es"},{"@type":"Organization","@id":"https:\/\/www.mascoteriagonzalito.cl\/#organization","name":"Mascoter\u00eda Gonzalito","url":"https:\/\/www.mascoteriagonzalito.cl\/","logo":{"@type":"ImageObject","inLanguage":"es","@id":"https:\/\/www.mascoteriagonzalito.cl\/#\/schema\/logo\/image\/","url":"https:\/\/www.mascoteriagonzalito.cl\/wp-content\/uploads\/2025\/01\/IMG-20250113-WA0002-copia.png","contentUrl":"https:\/\/www.mascoteriagonzalito.cl\/wp-content\/uploads\/2025\/01\/IMG-20250113-WA0002-copia.png","width":1600,"height":1600,"caption":"Mascoter\u00eda Gonzalito"},"image":{"@id":"https:\/\/www.mascoteriagonzalito.cl\/#\/schema\/logo\/image\/"},"sameAs":["https:\/\/www.facebook.com\/mascoteria.gonzalito\/"]}]}},"_links":{"self":[{"href":"https:\/\/www.mascoteriagonzalito.cl\/index.php\/wp-json\/wp\/v2\/product\/4576","targetHints":{"allow":["GET"]}}],"collection":[{"href":"https:\/\/www.mascoteriagonzalito.cl\/index.php\/wp-json\/wp\/v2\/product"}],"about":[{"href":"https:\/\/www.mascoteriagonzalito.cl\/index.php\/wp-json\/wp\/v2\/types\/product"}],"replies":[{"embeddable":true,"href":"https:\/\/www.mascoteriagonzalito.cl\/index.php\/wp-json\/wp\/v2\/comments?post=4576"}],"wp:featuredmedia":[{"embeddable":true,"href":"https:\/\/www.mascoteriagonzalito.cl\/index.php\/wp-json\/wp\/v2\/media\/6428"}],"wp:attachment":[{"href":"https:\/\/www.mascoteriagonzalito.cl\/index.php\/wp-json\/wp\/v2\/media?parent=4576"}],"wp:term":[{"taxonomy":"product_brand","embeddable":true,"href":"https:\/\/www.mascoteriagonzalito.cl\/index.php\/wp-json\/wp\/v2\/product_brand?post=4576"},{"taxonomy":"product_cat","embeddable":true,"href":"https:\/\/www.mascoteriagonzalito.cl\/index.php\/wp-json\/wp\/v2\/product_cat?post=4576"},{"taxonomy":"product_tag","embeddable":true,"href":"https:\/\/www.mascoteriagonzalito.cl\/index.php\/wp-json\/wp\/v2\/product_tag?post=4576"}],"curies":[{"name":"wp","href":"https:\/\/api.w.org\/{rel}","templated":true}]}}