{"id":4525,"date":"2025-07-09T20:26:39","date_gmt":"2025-07-09T20:26:39","guid":{"rendered":"https:\/\/www.mascoteriagonzalito.cl\/?post_type=product&#038;p=4525"},"modified":"2026-04-16T14:05:41","modified_gmt":"2026-04-16T14:05:41","slug":"lata-felix-sabor-pescado-atun-156","status":"publish","type":"product","link":"https:\/\/www.mascoteriagonzalito.cl\/index.php\/producto\/lata-felix-sabor-pescado-atun-156\/","title":{"rendered":"LATA FELIX PATE SABOR PESCADO Y ATUN 156 GR"},"content":{"rendered":"<p><strong>Ingredientes<\/strong><\/p>\n<p>Carne de pescado blanco, menudencias de pollo y\/o pavo, v\u00edsceras de cerdo, h\u00edgado de cerdo, agua suficiente para el proceso, carne de pescado, carne de at\u00fan, arroz, saborizante c\u00e1rnico artificial y natural, goma guar, colorante (di\u00f3xido de titanio), minerales [cloruro de potasio, sulfato de magnesio, sulfato de zinc, sulfato ferroso, sulfato de cobre, sulfato de manganeso, yoduro de potasio], vitaminas [suplemento de vitamina E, mononitrato de tiamina (vitamina B-1), niacina (vitamina B-3), pantotenato de calcio (vitamina B-5), suplemento de vitamina A, complejo s\u00f3dico de bisulfito de menadiona (vitamina K), hidrocloruro de piridoxina (vitamina B-6), suplemento de riboflavina (vitamina B-2), suplemento de vitamina B-12, biotina (vitamina B-7), \u00e1cido f\u00f3lico (vitamina B-9), suplemento de vitamina D-3], sal, carragenina, fosfato mono y dic\u00e1lcico, cloruro de colina, taurina.<\/p>\n<p><strong>Gu\u00eda de Alimentaci\u00f3n<\/strong><\/p>\n<p>La raci\u00f3n promedio es una lata de 156g por cada 2,8kg de peso de su gato adulto, repartido en 2 o m\u00e1s comidas. Las necesidades individuales pueden variar y deben ser ajustadas para mantener el peso saludable de su gato.<\/p>\n","protected":false},"excerpt":{"rendered":"<p>Deliciosa combinaci\u00f3n de sabores de pescado y at\u00fan, en un suave y agradable pat\u00e9 que tendr\u00e1n a tu gato esperando con impaciencia la hora de comer todos los d\u00edas.<\/p>\n<p>Alimento balanceado y completo h\u00famedo para gatos adultos de todas las razas FELIX\u00ae. Pat\u00e9 pescado y at\u00fan con una suave y agradable textura en formato lata.<\/p>\n","protected":false},"featured_media":6258,"comment_status":"open","ping_status":"closed","template":"","meta":[],"product_brand":[187],"product_cat":[177],"product_tag":[],"class_list":{"0":"post-4525","1":"product","2":"type-product","3":"status-publish","4":"has-post-thumbnail","6":"product_brand-felix","7":"product_cat-alimentos-humedos-gatos","9":"first","10":"instock","11":"shipping-taxable","12":"purchasable","13":"product-type-simple"},"yoast_head":"<!-- This site is optimized with the Yoast SEO plugin v27.4 - https:\/\/yoast.com\/product\/yoast-seo-wordpress\/ -->\n<title>LATA FELIX PATE SABOR PESCADO Y ATUN 156 GR - Mascoter\u00eda Gonzalito<\/title>\n<meta name=\"robots\" content=\"index, follow, max-snippet:-1, max-image-preview:large, max-video-preview:-1\" \/>\n<link rel=\"canonical\" href=\"https:\/\/www.mascoteriagonzalito.cl\/index.php\/producto\/lata-felix-sabor-pescado-atun-156\/\" \/>\n<meta property=\"og:locale\" content=\"es_ES\" \/>\n<meta property=\"og:type\" content=\"article\" \/>\n<meta property=\"og:title\" content=\"LATA FELIX PATE SABOR PESCADO Y ATUN 156 GR - Mascoter\u00eda Gonzalito\" \/>\n<meta property=\"og:description\" content=\"Deliciosa combinaci\u00f3n de sabores de pescado y at\u00fan, en un suave y agradable pat\u00e9 que tendr\u00e1n a tu gato esperando con impaciencia la hora de comer todos los d\u00edas.  Alimento balanceado y completo h\u00famedo para gatos adultos de todas las razas FELIX\u00ae. Pat\u00e9 pescado y at\u00fan con una suave y agradable textura en formato lata.\" \/>\n<meta property=\"og:url\" content=\"https:\/\/www.mascoteriagonzalito.cl\/index.php\/producto\/lata-felix-sabor-pescado-atun-156\/\" \/>\n<meta property=\"og:site_name\" content=\"Mascoter\u00eda Gonzalito\" \/>\n<meta property=\"article:publisher\" content=\"https:\/\/www.facebook.com\/mascoteria.gonzalito\/\" \/>\n<meta property=\"article:modified_time\" content=\"2026-04-16T14:05:41+00:00\" \/>\n<meta property=\"og:image\" content=\"https:\/\/www.mascoteriagonzalito.cl\/wp-content\/uploads\/2025\/07\/descarga-6.jpg\" \/>\n\t<meta property=\"og:image:width\" content=\"225\" \/>\n\t<meta property=\"og:image:height\" content=\"225\" \/>\n\t<meta property=\"og:image:type\" content=\"image\/jpeg\" \/>\n<meta name=\"twitter:card\" content=\"summary_large_image\" \/>\n<meta name=\"twitter:label1\" content=\"Tiempo de lectura\" \/>\n\t<meta name=\"twitter:data1\" content=\"1 minuto\" \/>\n<script type=\"application\/ld+json\" class=\"yoast-schema-graph\">{\"@context\":\"https:\\\/\\\/schema.org\",\"@graph\":[{\"@type\":\"WebPage\",\"@id\":\"https:\\\/\\\/www.mascoteriagonzalito.cl\\\/index.php\\\/producto\\\/lata-felix-sabor-pescado-atun-156\\\/\",\"url\":\"https:\\\/\\\/www.mascoteriagonzalito.cl\\\/index.php\\\/producto\\\/lata-felix-sabor-pescado-atun-156\\\/\",\"name\":\"LATA FELIX PATE SABOR PESCADO Y ATUN 156 GR - Mascoter\u00eda Gonzalito\",\"isPartOf\":{\"@id\":\"https:\\\/\\\/www.mascoteriagonzalito.cl\\\/#website\"},\"primaryImageOfPage\":{\"@id\":\"https:\\\/\\\/www.mascoteriagonzalito.cl\\\/index.php\\\/producto\\\/lata-felix-sabor-pescado-atun-156\\\/#primaryimage\"},\"image\":{\"@id\":\"https:\\\/\\\/www.mascoteriagonzalito.cl\\\/index.php\\\/producto\\\/lata-felix-sabor-pescado-atun-156\\\/#primaryimage\"},\"thumbnailUrl\":\"https:\\\/\\\/www.mascoteriagonzalito.cl\\\/wp-content\\\/uploads\\\/2025\\\/07\\\/descarga-6.jpg\",\"datePublished\":\"2025-07-09T20:26:39+00:00\",\"dateModified\":\"2026-04-16T14:05:41+00:00\",\"breadcrumb\":{\"@id\":\"https:\\\/\\\/www.mascoteriagonzalito.cl\\\/index.php\\\/producto\\\/lata-felix-sabor-pescado-atun-156\\\/#breadcrumb\"},\"inLanguage\":\"es\",\"potentialAction\":[{\"@type\":\"ReadAction\",\"target\":[\"https:\\\/\\\/www.mascoteriagonzalito.cl\\\/index.php\\\/producto\\\/lata-felix-sabor-pescado-atun-156\\\/\"]}]},{\"@type\":\"ImageObject\",\"inLanguage\":\"es\",\"@id\":\"https:\\\/\\\/www.mascoteriagonzalito.cl\\\/index.php\\\/producto\\\/lata-felix-sabor-pescado-atun-156\\\/#primaryimage\",\"url\":\"https:\\\/\\\/www.mascoteriagonzalito.cl\\\/wp-content\\\/uploads\\\/2025\\\/07\\\/descarga-6.jpg\",\"contentUrl\":\"https:\\\/\\\/www.mascoteriagonzalito.cl\\\/wp-content\\\/uploads\\\/2025\\\/07\\\/descarga-6.jpg\",\"width\":225,\"height\":225},{\"@type\":\"BreadcrumbList\",\"@id\":\"https:\\\/\\\/www.mascoteriagonzalito.cl\\\/index.php\\\/producto\\\/lata-felix-sabor-pescado-atun-156\\\/#breadcrumb\",\"itemListElement\":[{\"@type\":\"ListItem\",\"position\":1,\"name\":\"Portada\",\"item\":\"https:\\\/\\\/www.mascoteriagonzalito.cl\\\/\"},{\"@type\":\"ListItem\",\"position\":2,\"name\":\"Tienda\",\"item\":\"https:\\\/\\\/www.mascoteriagonzalito.cl\\\/index.php\\\/tienda\\\/\"},{\"@type\":\"ListItem\",\"position\":3,\"name\":\"LATA FELIX PATE SABOR PESCADO Y ATUN 156 GR\"}]},{\"@type\":\"WebSite\",\"@id\":\"https:\\\/\\\/www.mascoteriagonzalito.cl\\\/#website\",\"url\":\"https:\\\/\\\/www.mascoteriagonzalito.cl\\\/\",\"name\":\"Mascoter\u00eda Gonzalito\",\"description\":\"Alimentos y accesorios para mascotas\",\"publisher\":{\"@id\":\"https:\\\/\\\/www.mascoteriagonzalito.cl\\\/#organization\"},\"potentialAction\":[{\"@type\":\"SearchAction\",\"target\":{\"@type\":\"EntryPoint\",\"urlTemplate\":\"https:\\\/\\\/www.mascoteriagonzalito.cl\\\/?s={search_term_string}\"},\"query-input\":{\"@type\":\"PropertyValueSpecification\",\"valueRequired\":true,\"valueName\":\"search_term_string\"}}],\"inLanguage\":\"es\"},{\"@type\":\"Organization\",\"@id\":\"https:\\\/\\\/www.mascoteriagonzalito.cl\\\/#organization\",\"name\":\"Mascoter\u00eda Gonzalito\",\"url\":\"https:\\\/\\\/www.mascoteriagonzalito.cl\\\/\",\"logo\":{\"@type\":\"ImageObject\",\"inLanguage\":\"es\",\"@id\":\"https:\\\/\\\/www.mascoteriagonzalito.cl\\\/#\\\/schema\\\/logo\\\/image\\\/\",\"url\":\"https:\\\/\\\/www.mascoteriagonzalito.cl\\\/wp-content\\\/uploads\\\/2025\\\/01\\\/IMG-20250113-WA0002-copia.png\",\"contentUrl\":\"https:\\\/\\\/www.mascoteriagonzalito.cl\\\/wp-content\\\/uploads\\\/2025\\\/01\\\/IMG-20250113-WA0002-copia.png\",\"width\":1600,\"height\":1600,\"caption\":\"Mascoter\u00eda Gonzalito\"},\"image\":{\"@id\":\"https:\\\/\\\/www.mascoteriagonzalito.cl\\\/#\\\/schema\\\/logo\\\/image\\\/\"},\"sameAs\":[\"https:\\\/\\\/www.facebook.com\\\/mascoteria.gonzalito\\\/\"]}]}<\/script>\n<!-- \/ Yoast SEO plugin. -->","yoast_head_json":{"title":"LATA FELIX PATE SABOR PESCADO Y ATUN 156 GR - Mascoter\u00eda Gonzalito","robots":{"index":"index","follow":"follow","max-snippet":"max-snippet:-1","max-image-preview":"max-image-preview:large","max-video-preview":"max-video-preview:-1"},"canonical":"https:\/\/www.mascoteriagonzalito.cl\/index.php\/producto\/lata-felix-sabor-pescado-atun-156\/","og_locale":"es_ES","og_type":"article","og_title":"LATA FELIX PATE SABOR PESCADO Y ATUN 156 GR - Mascoter\u00eda Gonzalito","og_description":"Deliciosa combinaci\u00f3n de sabores de pescado y at\u00fan, en un suave y agradable pat\u00e9 que tendr\u00e1n a tu gato esperando con impaciencia la hora de comer todos los d\u00edas.  Alimento balanceado y completo h\u00famedo para gatos adultos de todas las razas FELIX\u00ae. Pat\u00e9 pescado y at\u00fan con una suave y agradable textura en formato lata.","og_url":"https:\/\/www.mascoteriagonzalito.cl\/index.php\/producto\/lata-felix-sabor-pescado-atun-156\/","og_site_name":"Mascoter\u00eda Gonzalito","article_publisher":"https:\/\/www.facebook.com\/mascoteria.gonzalito\/","article_modified_time":"2026-04-16T14:05:41+00:00","og_image":[{"width":225,"height":225,"url":"https:\/\/www.mascoteriagonzalito.cl\/wp-content\/uploads\/2025\/07\/descarga-6.jpg","type":"image\/jpeg"}],"twitter_card":"summary_large_image","twitter_misc":{"Tiempo de lectura":"1 minuto"},"schema":{"@context":"https:\/\/schema.org","@graph":[{"@type":"WebPage","@id":"https:\/\/www.mascoteriagonzalito.cl\/index.php\/producto\/lata-felix-sabor-pescado-atun-156\/","url":"https:\/\/www.mascoteriagonzalito.cl\/index.php\/producto\/lata-felix-sabor-pescado-atun-156\/","name":"LATA FELIX PATE SABOR PESCADO Y ATUN 156 GR - Mascoter\u00eda Gonzalito","isPartOf":{"@id":"https:\/\/www.mascoteriagonzalito.cl\/#website"},"primaryImageOfPage":{"@id":"https:\/\/www.mascoteriagonzalito.cl\/index.php\/producto\/lata-felix-sabor-pescado-atun-156\/#primaryimage"},"image":{"@id":"https:\/\/www.mascoteriagonzalito.cl\/index.php\/producto\/lata-felix-sabor-pescado-atun-156\/#primaryimage"},"thumbnailUrl":"https:\/\/www.mascoteriagonzalito.cl\/wp-content\/uploads\/2025\/07\/descarga-6.jpg","datePublished":"2025-07-09T20:26:39+00:00","dateModified":"2026-04-16T14:05:41+00:00","breadcrumb":{"@id":"https:\/\/www.mascoteriagonzalito.cl\/index.php\/producto\/lata-felix-sabor-pescado-atun-156\/#breadcrumb"},"inLanguage":"es","potentialAction":[{"@type":"ReadAction","target":["https:\/\/www.mascoteriagonzalito.cl\/index.php\/producto\/lata-felix-sabor-pescado-atun-156\/"]}]},{"@type":"ImageObject","inLanguage":"es","@id":"https:\/\/www.mascoteriagonzalito.cl\/index.php\/producto\/lata-felix-sabor-pescado-atun-156\/#primaryimage","url":"https:\/\/www.mascoteriagonzalito.cl\/wp-content\/uploads\/2025\/07\/descarga-6.jpg","contentUrl":"https:\/\/www.mascoteriagonzalito.cl\/wp-content\/uploads\/2025\/07\/descarga-6.jpg","width":225,"height":225},{"@type":"BreadcrumbList","@id":"https:\/\/www.mascoteriagonzalito.cl\/index.php\/producto\/lata-felix-sabor-pescado-atun-156\/#breadcrumb","itemListElement":[{"@type":"ListItem","position":1,"name":"Portada","item":"https:\/\/www.mascoteriagonzalito.cl\/"},{"@type":"ListItem","position":2,"name":"Tienda","item":"https:\/\/www.mascoteriagonzalito.cl\/index.php\/tienda\/"},{"@type":"ListItem","position":3,"name":"LATA FELIX PATE SABOR PESCADO Y ATUN 156 GR"}]},{"@type":"WebSite","@id":"https:\/\/www.mascoteriagonzalito.cl\/#website","url":"https:\/\/www.mascoteriagonzalito.cl\/","name":"Mascoter\u00eda Gonzalito","description":"Alimentos y accesorios para mascotas","publisher":{"@id":"https:\/\/www.mascoteriagonzalito.cl\/#organization"},"potentialAction":[{"@type":"SearchAction","target":{"@type":"EntryPoint","urlTemplate":"https:\/\/www.mascoteriagonzalito.cl\/?s={search_term_string}"},"query-input":{"@type":"PropertyValueSpecification","valueRequired":true,"valueName":"search_term_string"}}],"inLanguage":"es"},{"@type":"Organization","@id":"https:\/\/www.mascoteriagonzalito.cl\/#organization","name":"Mascoter\u00eda Gonzalito","url":"https:\/\/www.mascoteriagonzalito.cl\/","logo":{"@type":"ImageObject","inLanguage":"es","@id":"https:\/\/www.mascoteriagonzalito.cl\/#\/schema\/logo\/image\/","url":"https:\/\/www.mascoteriagonzalito.cl\/wp-content\/uploads\/2025\/01\/IMG-20250113-WA0002-copia.png","contentUrl":"https:\/\/www.mascoteriagonzalito.cl\/wp-content\/uploads\/2025\/01\/IMG-20250113-WA0002-copia.png","width":1600,"height":1600,"caption":"Mascoter\u00eda Gonzalito"},"image":{"@id":"https:\/\/www.mascoteriagonzalito.cl\/#\/schema\/logo\/image\/"},"sameAs":["https:\/\/www.facebook.com\/mascoteria.gonzalito\/"]}]}},"_links":{"self":[{"href":"https:\/\/www.mascoteriagonzalito.cl\/index.php\/wp-json\/wp\/v2\/product\/4525","targetHints":{"allow":["GET"]}}],"collection":[{"href":"https:\/\/www.mascoteriagonzalito.cl\/index.php\/wp-json\/wp\/v2\/product"}],"about":[{"href":"https:\/\/www.mascoteriagonzalito.cl\/index.php\/wp-json\/wp\/v2\/types\/product"}],"replies":[{"embeddable":true,"href":"https:\/\/www.mascoteriagonzalito.cl\/index.php\/wp-json\/wp\/v2\/comments?post=4525"}],"wp:featuredmedia":[{"embeddable":true,"href":"https:\/\/www.mascoteriagonzalito.cl\/index.php\/wp-json\/wp\/v2\/media\/6258"}],"wp:attachment":[{"href":"https:\/\/www.mascoteriagonzalito.cl\/index.php\/wp-json\/wp\/v2\/media?parent=4525"}],"wp:term":[{"taxonomy":"product_brand","embeddable":true,"href":"https:\/\/www.mascoteriagonzalito.cl\/index.php\/wp-json\/wp\/v2\/product_brand?post=4525"},{"taxonomy":"product_cat","embeddable":true,"href":"https:\/\/www.mascoteriagonzalito.cl\/index.php\/wp-json\/wp\/v2\/product_cat?post=4525"},{"taxonomy":"product_tag","embeddable":true,"href":"https:\/\/www.mascoteriagonzalito.cl\/index.php\/wp-json\/wp\/v2\/product_tag?post=4525"}],"curies":[{"name":"wp","href":"https:\/\/api.w.org\/{rel}","templated":true}]}}