{"id":4491,"date":"2025-07-08T17:41:47","date_gmt":"2025-07-08T17:41:47","guid":{"rendered":"https:\/\/www.mascoteriagonzalito.cl\/?post_type=product&#038;p=4491"},"modified":"2026-03-11T20:52:06","modified_gmt":"2026-03-11T20:52:06","slug":"lata-fancy-fest-tartare-trucha-85-gr","status":"publish","type":"product","link":"https:\/\/www.mascoteriagonzalito.cl\/index.php\/producto\/lata-fancy-fest-tartare-trucha-85-gr\/","title":{"rendered":"LATA FANCY FEST TARTARE TRUCHA 85 GR (FLAKED TROUT FEAST )"},"content":{"rendered":"<h3><strong>Ingredientes<\/strong><\/h3>\n<p>Caldo de pescado, pescado, trucha, h\u00edgado de cerdo, gluten de trigo, carne de pollo, v\u00edsceras de cerdo, harina de soya, gluten de trigo, carne de pollo, v\u00edsceras de cerdo, harina de soya, concentrado de prote\u00edna de soya, sabores artificiales y naturales, colorante di\u00f3xido de titanio, cloruro de potasio, goma xantana, cloruro de colina, carragenina, sal, taurina, mononitrato de tiamina, sulfato de zinc, suplementos de vitamina E, sulfato ferroso, niacina, sulfato de cobre, pantotenato de calcio, sulfato de manganeso, suplemento de vitamina A, complejo s\u00f3dico de bisulfito de menadiona, fuente de vitamina K, hidrocloruro de piridoxina, suplemento de riboflavina, suplemento de vitamina B12, biotina, acido f\u00f3lico, suplemento de vitamina D, Ioduro de potasio.<\/p>\n<h3><strong>An\u00e1lisis garantizado<\/strong><\/h3>\n<ul>\n<li>Prote\u00edna bruta (M\u00edn.)\u00a0\u00a0 \u00a014,0%<\/li>\n<li>Grasa bruta (M\u00edn.)\u00a0\u00a0 \u00a04,0%<\/li>\n<li>Fibra bruta (M\u00e1x.)\u00a0\u00a0 \u00a01,5%<\/li>\n<li>Humedad (M\u00e1x.)\u00a0\u00a0 \u00a078,0%<\/li>\n<li>Minerales (M\u00e1x.)\u00a0\u00a0 \u00a03,7%<\/li>\n<li>Calcio (M\u00edn.)\u00a0\u00a0 \u00a00,13%<\/li>\n<li>F\u00f3sforo (M\u00edn.)\u00a0\u00a0 \u00a00,11%<\/li>\n<\/ul>\n<h3><strong>Recomendaciones de uso<\/strong><\/h3>\n<p>Por cada 4,5kg de peso de su gato adulto, la porci\u00f3n recomendada es de 3 Latas diarias repartida en 2 o m\u00e1s comidas. Las necesidades individuales pueden variar y deben ser ajustadas para mantener el peso saludable de su gato.<\/p>\n","protected":false},"excerpt":{"rendered":"<div id=\"product-description-short-1134\" class=\"product-description-short typo sm-bottom\">\n<p><strong>Purina Fancy Feast Tartare Trucha<\/strong>\u00a0es un seductor fest\u00edn de trocitos de trucha finamente macerados y cocinados a la perfecci\u00f3n. Posee un sabor \u00fanico y superior, con texturas que crean una experiencia culinaria para tu gato.<\/p>\n<\/div>\n<div class=\"product-information light-box-bg sm-bottom\">\n<div class=\"product-actions js-product-actions\">\n<form id=\"add-to-cart-or-refresh\" action=\"https:\/\/felinus.cl\/carrito\" method=\"post\">\n<div class=\"product-variants js-product-variants\">\n<div class=\"product-variants-wrapper sm-bottom \">\n<div class=\"product-variants-item row\"><\/div>\n<\/div>\n<\/div>\n<\/form>\n<\/div>\n<\/div>\n","protected":false},"featured_media":6264,"comment_status":"open","ping_status":"closed","template":"","meta":[],"product_brand":[186],"product_cat":[177],"product_tag":[],"class_list":{"0":"post-4491","1":"product","2":"type-product","3":"status-publish","4":"has-post-thumbnail","6":"product_brand-fancy-feast","7":"product_cat-alimentos-humedos-gatos","9":"first","10":"instock","11":"shipping-taxable","12":"purchasable","13":"product-type-simple"},"yoast_head":"<!-- This site is optimized with the Yoast SEO plugin v27.4 - https:\/\/yoast.com\/product\/yoast-seo-wordpress\/ -->\n<title>LATA FANCY FEST TARTARE TRUCHA 85 GR (FLAKED TROUT FEAST ) - Mascoter\u00eda Gonzalito<\/title>\n<meta name=\"robots\" content=\"index, follow, max-snippet:-1, max-image-preview:large, max-video-preview:-1\" \/>\n<link rel=\"canonical\" href=\"https:\/\/www.mascoteriagonzalito.cl\/index.php\/producto\/lata-fancy-fest-tartare-trucha-85-gr\/\" \/>\n<meta property=\"og:locale\" content=\"es_ES\" \/>\n<meta property=\"og:type\" content=\"article\" \/>\n<meta property=\"og:title\" content=\"LATA FANCY FEST TARTARE TRUCHA 85 GR (FLAKED TROUT FEAST ) - Mascoter\u00eda Gonzalito\" \/>\n<meta property=\"og:description\" content=\"Purina Fancy Feast Tartare Trucha\u00a0es un seductor fest\u00edn de trocitos de trucha finamente macerados y cocinados a la perfecci\u00f3n. Posee un sabor \u00fanico y superior, con texturas que crean una experiencia culinaria para tu gato.\" \/>\n<meta property=\"og:url\" content=\"https:\/\/www.mascoteriagonzalito.cl\/index.php\/producto\/lata-fancy-fest-tartare-trucha-85-gr\/\" \/>\n<meta property=\"og:site_name\" content=\"Mascoter\u00eda Gonzalito\" \/>\n<meta property=\"article:publisher\" content=\"https:\/\/www.facebook.com\/mascoteria.gonzalito\/\" \/>\n<meta property=\"article:modified_time\" content=\"2026-03-11T20:52:06+00:00\" \/>\n<meta property=\"og:image\" content=\"https:\/\/www.mascoteriagonzalito.cl\/wp-content\/uploads\/2025\/07\/shopping-5.webp\" \/>\n\t<meta property=\"og:image:width\" content=\"225\" \/>\n\t<meta property=\"og:image:height\" content=\"216\" \/>\n\t<meta property=\"og:image:type\" content=\"image\/webp\" \/>\n<meta name=\"twitter:card\" content=\"summary_large_image\" \/>\n<meta name=\"twitter:label1\" content=\"Tiempo de lectura\" \/>\n\t<meta name=\"twitter:data1\" content=\"1 minuto\" \/>\n<script type=\"application\/ld+json\" class=\"yoast-schema-graph\">{\"@context\":\"https:\\\/\\\/schema.org\",\"@graph\":[{\"@type\":\"WebPage\",\"@id\":\"https:\\\/\\\/www.mascoteriagonzalito.cl\\\/index.php\\\/producto\\\/lata-fancy-fest-tartare-trucha-85-gr\\\/\",\"url\":\"https:\\\/\\\/www.mascoteriagonzalito.cl\\\/index.php\\\/producto\\\/lata-fancy-fest-tartare-trucha-85-gr\\\/\",\"name\":\"LATA FANCY FEST TARTARE TRUCHA 85 GR (FLAKED TROUT FEAST ) - Mascoter\u00eda Gonzalito\",\"isPartOf\":{\"@id\":\"https:\\\/\\\/www.mascoteriagonzalito.cl\\\/#website\"},\"primaryImageOfPage\":{\"@id\":\"https:\\\/\\\/www.mascoteriagonzalito.cl\\\/index.php\\\/producto\\\/lata-fancy-fest-tartare-trucha-85-gr\\\/#primaryimage\"},\"image\":{\"@id\":\"https:\\\/\\\/www.mascoteriagonzalito.cl\\\/index.php\\\/producto\\\/lata-fancy-fest-tartare-trucha-85-gr\\\/#primaryimage\"},\"thumbnailUrl\":\"https:\\\/\\\/www.mascoteriagonzalito.cl\\\/wp-content\\\/uploads\\\/2025\\\/07\\\/shopping-5.webp\",\"datePublished\":\"2025-07-08T17:41:47+00:00\",\"dateModified\":\"2026-03-11T20:52:06+00:00\",\"breadcrumb\":{\"@id\":\"https:\\\/\\\/www.mascoteriagonzalito.cl\\\/index.php\\\/producto\\\/lata-fancy-fest-tartare-trucha-85-gr\\\/#breadcrumb\"},\"inLanguage\":\"es\",\"potentialAction\":[{\"@type\":\"ReadAction\",\"target\":[\"https:\\\/\\\/www.mascoteriagonzalito.cl\\\/index.php\\\/producto\\\/lata-fancy-fest-tartare-trucha-85-gr\\\/\"]}]},{\"@type\":\"ImageObject\",\"inLanguage\":\"es\",\"@id\":\"https:\\\/\\\/www.mascoteriagonzalito.cl\\\/index.php\\\/producto\\\/lata-fancy-fest-tartare-trucha-85-gr\\\/#primaryimage\",\"url\":\"https:\\\/\\\/www.mascoteriagonzalito.cl\\\/wp-content\\\/uploads\\\/2025\\\/07\\\/shopping-5.webp\",\"contentUrl\":\"https:\\\/\\\/www.mascoteriagonzalito.cl\\\/wp-content\\\/uploads\\\/2025\\\/07\\\/shopping-5.webp\",\"width\":225,\"height\":216},{\"@type\":\"BreadcrumbList\",\"@id\":\"https:\\\/\\\/www.mascoteriagonzalito.cl\\\/index.php\\\/producto\\\/lata-fancy-fest-tartare-trucha-85-gr\\\/#breadcrumb\",\"itemListElement\":[{\"@type\":\"ListItem\",\"position\":1,\"name\":\"Portada\",\"item\":\"https:\\\/\\\/www.mascoteriagonzalito.cl\\\/\"},{\"@type\":\"ListItem\",\"position\":2,\"name\":\"Tienda\",\"item\":\"https:\\\/\\\/www.mascoteriagonzalito.cl\\\/index.php\\\/tienda\\\/\"},{\"@type\":\"ListItem\",\"position\":3,\"name\":\"LATA FANCY FEST TARTARE TRUCHA 85 GR (FLAKED TROUT FEAST )\"}]},{\"@type\":\"WebSite\",\"@id\":\"https:\\\/\\\/www.mascoteriagonzalito.cl\\\/#website\",\"url\":\"https:\\\/\\\/www.mascoteriagonzalito.cl\\\/\",\"name\":\"Mascoter\u00eda Gonzalito\",\"description\":\"Alimentos y accesorios para mascotas\",\"publisher\":{\"@id\":\"https:\\\/\\\/www.mascoteriagonzalito.cl\\\/#organization\"},\"potentialAction\":[{\"@type\":\"SearchAction\",\"target\":{\"@type\":\"EntryPoint\",\"urlTemplate\":\"https:\\\/\\\/www.mascoteriagonzalito.cl\\\/?s={search_term_string}\"},\"query-input\":{\"@type\":\"PropertyValueSpecification\",\"valueRequired\":true,\"valueName\":\"search_term_string\"}}],\"inLanguage\":\"es\"},{\"@type\":\"Organization\",\"@id\":\"https:\\\/\\\/www.mascoteriagonzalito.cl\\\/#organization\",\"name\":\"Mascoter\u00eda Gonzalito\",\"url\":\"https:\\\/\\\/www.mascoteriagonzalito.cl\\\/\",\"logo\":{\"@type\":\"ImageObject\",\"inLanguage\":\"es\",\"@id\":\"https:\\\/\\\/www.mascoteriagonzalito.cl\\\/#\\\/schema\\\/logo\\\/image\\\/\",\"url\":\"https:\\\/\\\/www.mascoteriagonzalito.cl\\\/wp-content\\\/uploads\\\/2025\\\/01\\\/IMG-20250113-WA0002-copia.png\",\"contentUrl\":\"https:\\\/\\\/www.mascoteriagonzalito.cl\\\/wp-content\\\/uploads\\\/2025\\\/01\\\/IMG-20250113-WA0002-copia.png\",\"width\":1600,\"height\":1600,\"caption\":\"Mascoter\u00eda Gonzalito\"},\"image\":{\"@id\":\"https:\\\/\\\/www.mascoteriagonzalito.cl\\\/#\\\/schema\\\/logo\\\/image\\\/\"},\"sameAs\":[\"https:\\\/\\\/www.facebook.com\\\/mascoteria.gonzalito\\\/\"]}]}<\/script>\n<!-- \/ Yoast SEO plugin. -->","yoast_head_json":{"title":"LATA FANCY FEST TARTARE TRUCHA 85 GR (FLAKED TROUT FEAST ) - Mascoter\u00eda Gonzalito","robots":{"index":"index","follow":"follow","max-snippet":"max-snippet:-1","max-image-preview":"max-image-preview:large","max-video-preview":"max-video-preview:-1"},"canonical":"https:\/\/www.mascoteriagonzalito.cl\/index.php\/producto\/lata-fancy-fest-tartare-trucha-85-gr\/","og_locale":"es_ES","og_type":"article","og_title":"LATA FANCY FEST TARTARE TRUCHA 85 GR (FLAKED TROUT FEAST ) - Mascoter\u00eda Gonzalito","og_description":"Purina Fancy Feast Tartare Trucha\u00a0es un seductor fest\u00edn de trocitos de trucha finamente macerados y cocinados a la perfecci\u00f3n. Posee un sabor \u00fanico y superior, con texturas que crean una experiencia culinaria para tu gato.","og_url":"https:\/\/www.mascoteriagonzalito.cl\/index.php\/producto\/lata-fancy-fest-tartare-trucha-85-gr\/","og_site_name":"Mascoter\u00eda Gonzalito","article_publisher":"https:\/\/www.facebook.com\/mascoteria.gonzalito\/","article_modified_time":"2026-03-11T20:52:06+00:00","og_image":[{"width":225,"height":216,"url":"https:\/\/www.mascoteriagonzalito.cl\/wp-content\/uploads\/2025\/07\/shopping-5.webp","type":"image\/webp"}],"twitter_card":"summary_large_image","twitter_misc":{"Tiempo de lectura":"1 minuto"},"schema":{"@context":"https:\/\/schema.org","@graph":[{"@type":"WebPage","@id":"https:\/\/www.mascoteriagonzalito.cl\/index.php\/producto\/lata-fancy-fest-tartare-trucha-85-gr\/","url":"https:\/\/www.mascoteriagonzalito.cl\/index.php\/producto\/lata-fancy-fest-tartare-trucha-85-gr\/","name":"LATA FANCY FEST TARTARE TRUCHA 85 GR (FLAKED TROUT FEAST ) - Mascoter\u00eda Gonzalito","isPartOf":{"@id":"https:\/\/www.mascoteriagonzalito.cl\/#website"},"primaryImageOfPage":{"@id":"https:\/\/www.mascoteriagonzalito.cl\/index.php\/producto\/lata-fancy-fest-tartare-trucha-85-gr\/#primaryimage"},"image":{"@id":"https:\/\/www.mascoteriagonzalito.cl\/index.php\/producto\/lata-fancy-fest-tartare-trucha-85-gr\/#primaryimage"},"thumbnailUrl":"https:\/\/www.mascoteriagonzalito.cl\/wp-content\/uploads\/2025\/07\/shopping-5.webp","datePublished":"2025-07-08T17:41:47+00:00","dateModified":"2026-03-11T20:52:06+00:00","breadcrumb":{"@id":"https:\/\/www.mascoteriagonzalito.cl\/index.php\/producto\/lata-fancy-fest-tartare-trucha-85-gr\/#breadcrumb"},"inLanguage":"es","potentialAction":[{"@type":"ReadAction","target":["https:\/\/www.mascoteriagonzalito.cl\/index.php\/producto\/lata-fancy-fest-tartare-trucha-85-gr\/"]}]},{"@type":"ImageObject","inLanguage":"es","@id":"https:\/\/www.mascoteriagonzalito.cl\/index.php\/producto\/lata-fancy-fest-tartare-trucha-85-gr\/#primaryimage","url":"https:\/\/www.mascoteriagonzalito.cl\/wp-content\/uploads\/2025\/07\/shopping-5.webp","contentUrl":"https:\/\/www.mascoteriagonzalito.cl\/wp-content\/uploads\/2025\/07\/shopping-5.webp","width":225,"height":216},{"@type":"BreadcrumbList","@id":"https:\/\/www.mascoteriagonzalito.cl\/index.php\/producto\/lata-fancy-fest-tartare-trucha-85-gr\/#breadcrumb","itemListElement":[{"@type":"ListItem","position":1,"name":"Portada","item":"https:\/\/www.mascoteriagonzalito.cl\/"},{"@type":"ListItem","position":2,"name":"Tienda","item":"https:\/\/www.mascoteriagonzalito.cl\/index.php\/tienda\/"},{"@type":"ListItem","position":3,"name":"LATA FANCY FEST TARTARE TRUCHA 85 GR (FLAKED TROUT FEAST )"}]},{"@type":"WebSite","@id":"https:\/\/www.mascoteriagonzalito.cl\/#website","url":"https:\/\/www.mascoteriagonzalito.cl\/","name":"Mascoter\u00eda Gonzalito","description":"Alimentos y accesorios para mascotas","publisher":{"@id":"https:\/\/www.mascoteriagonzalito.cl\/#organization"},"potentialAction":[{"@type":"SearchAction","target":{"@type":"EntryPoint","urlTemplate":"https:\/\/www.mascoteriagonzalito.cl\/?s={search_term_string}"},"query-input":{"@type":"PropertyValueSpecification","valueRequired":true,"valueName":"search_term_string"}}],"inLanguage":"es"},{"@type":"Organization","@id":"https:\/\/www.mascoteriagonzalito.cl\/#organization","name":"Mascoter\u00eda Gonzalito","url":"https:\/\/www.mascoteriagonzalito.cl\/","logo":{"@type":"ImageObject","inLanguage":"es","@id":"https:\/\/www.mascoteriagonzalito.cl\/#\/schema\/logo\/image\/","url":"https:\/\/www.mascoteriagonzalito.cl\/wp-content\/uploads\/2025\/01\/IMG-20250113-WA0002-copia.png","contentUrl":"https:\/\/www.mascoteriagonzalito.cl\/wp-content\/uploads\/2025\/01\/IMG-20250113-WA0002-copia.png","width":1600,"height":1600,"caption":"Mascoter\u00eda Gonzalito"},"image":{"@id":"https:\/\/www.mascoteriagonzalito.cl\/#\/schema\/logo\/image\/"},"sameAs":["https:\/\/www.facebook.com\/mascoteria.gonzalito\/"]}]}},"_links":{"self":[{"href":"https:\/\/www.mascoteriagonzalito.cl\/index.php\/wp-json\/wp\/v2\/product\/4491","targetHints":{"allow":["GET"]}}],"collection":[{"href":"https:\/\/www.mascoteriagonzalito.cl\/index.php\/wp-json\/wp\/v2\/product"}],"about":[{"href":"https:\/\/www.mascoteriagonzalito.cl\/index.php\/wp-json\/wp\/v2\/types\/product"}],"replies":[{"embeddable":true,"href":"https:\/\/www.mascoteriagonzalito.cl\/index.php\/wp-json\/wp\/v2\/comments?post=4491"}],"wp:featuredmedia":[{"embeddable":true,"href":"https:\/\/www.mascoteriagonzalito.cl\/index.php\/wp-json\/wp\/v2\/media\/6264"}],"wp:attachment":[{"href":"https:\/\/www.mascoteriagonzalito.cl\/index.php\/wp-json\/wp\/v2\/media?parent=4491"}],"wp:term":[{"taxonomy":"product_brand","embeddable":true,"href":"https:\/\/www.mascoteriagonzalito.cl\/index.php\/wp-json\/wp\/v2\/product_brand?post=4491"},{"taxonomy":"product_cat","embeddable":true,"href":"https:\/\/www.mascoteriagonzalito.cl\/index.php\/wp-json\/wp\/v2\/product_cat?post=4491"},{"taxonomy":"product_tag","embeddable":true,"href":"https:\/\/www.mascoteriagonzalito.cl\/index.php\/wp-json\/wp\/v2\/product_tag?post=4491"}],"curies":[{"name":"wp","href":"https:\/\/api.w.org\/{rel}","templated":true}]}}