{"id":4481,"date":"2025-07-07T20:39:00","date_gmt":"2025-07-07T20:39:00","guid":{"rendered":"https:\/\/www.mascoteriagonzalito.cl\/?post_type=product&#038;p=4481"},"modified":"2026-04-20T21:04:34","modified_gmt":"2026-04-20T21:04:34","slug":"galletas-rellenas-pollo-con-camaron-80-gr","status":"publish","type":"product","link":"https:\/\/www.mascoteriagonzalito.cl\/index.php\/producto\/galletas-rellenas-pollo-con-camaron-80-gr\/","title":{"rendered":"GALLETAS MARBEN RELLENAS POLLO CON CAMARON 80 GR"},"content":{"rendered":"<p>Su receta cuidadosamente elaborada asegura que cada bocado sea una experiencia agradable para tu felino, combinando dos sabores que, juntos, son irresistibles. Adem\u00e1s de su sabor, la textura crujiente de la galleta hace que tu gato disfrute a\u00fan m\u00e1s de su snack. Con la galleta, tienes una opci\u00f3n conveniente y sabrosa que no solo satisface el hambre de tu gato, sino que tambi\u00e9n lo sorprende con un sabor diferente y delicioso.<\/p>\n<p>No dudes en ofrecerle a tu gato esta nueva y atractiva opci\u00f3n, que es perfecta para consentirlo de manera deliciosa y nutritiva. La Galleta rellena sabor pollo con camar\u00f3n se convertir\u00e1 r\u00e1pidamente en un imprescindible en su rutina de golosinas.<\/p>\n","protected":false},"excerpt":{"rendered":"<div class=\"woocommerce-product-details__short-description\">\n<p>Galleta rellena sabor pollo con camaron, es una deliciosa opci\u00f3n que combina el sabor del pollo con el toque \u00fanico del camar\u00f3n en un solo bocado. Este snack ha sido creado especialmente para consentir a tu gato, ofreci\u00e9ndole una experiencia de sabor irresistible que seguramente cautivar\u00e1 sus papilas gustativas. Su relleno sabroso y su textura crujiente convierten a la Galleta rellena sabor pollo con camar\u00f3n en una merienda perfecta para cualquier momento del d\u00eda.<\/p>\n<\/div>\n","protected":false},"featured_media":6023,"comment_status":"open","ping_status":"closed","template":"","meta":[],"product_brand":[162],"product_cat":[171],"product_tag":[],"class_list":{"0":"post-4481","1":"product","2":"type-product","3":"status-publish","4":"has-post-thumbnail","6":"product_brand-marben","7":"product_cat-snack-gato","9":"first","10":"instock","11":"shipping-taxable","12":"purchasable","13":"product-type-simple"},"yoast_head":"<!-- This site is optimized with the Yoast SEO plugin v27.4 - https:\/\/yoast.com\/product\/yoast-seo-wordpress\/ -->\n<title>GALLETAS MARBEN RELLENAS POLLO CON CAMARON 80 GR - Mascoter\u00eda Gonzalito<\/title>\n<meta name=\"robots\" content=\"index, follow, max-snippet:-1, max-image-preview:large, max-video-preview:-1\" \/>\n<link rel=\"canonical\" href=\"https:\/\/www.mascoteriagonzalito.cl\/index.php\/producto\/galletas-rellenas-pollo-con-camaron-80-gr\/\" \/>\n<meta property=\"og:locale\" content=\"es_ES\" \/>\n<meta property=\"og:type\" content=\"article\" \/>\n<meta property=\"og:title\" content=\"GALLETAS MARBEN RELLENAS POLLO CON CAMARON 80 GR - Mascoter\u00eda Gonzalito\" \/>\n<meta property=\"og:description\" content=\"Galleta rellena sabor pollo con camaron, es una deliciosa opci\u00f3n que combina el sabor del pollo con el toque \u00fanico del camar\u00f3n en un solo bocado. Este snack ha sido creado especialmente para consentir a tu gato, ofreci\u00e9ndole una experiencia de sabor irresistible que seguramente cautivar\u00e1 sus papilas gustativas. Su relleno sabroso y su textura crujiente convierten a la Galleta rellena sabor pollo con camar\u00f3n en una merienda perfecta para cualquier momento del d\u00eda.\" \/>\n<meta property=\"og:url\" content=\"https:\/\/www.mascoteriagonzalito.cl\/index.php\/producto\/galletas-rellenas-pollo-con-camaron-80-gr\/\" \/>\n<meta property=\"og:site_name\" content=\"Mascoter\u00eda Gonzalito\" \/>\n<meta property=\"article:publisher\" content=\"https:\/\/www.facebook.com\/mascoteria.gonzalito\/\" \/>\n<meta property=\"article:modified_time\" content=\"2026-04-20T21:04:34+00:00\" \/>\n<meta property=\"og:image\" content=\"https:\/\/www.mascoteriagonzalito.cl\/wp-content\/uploads\/2025\/07\/cats-snack-pollo-con-camaron-80gr.png\" \/>\n\t<meta property=\"og:image:width\" content=\"800\" \/>\n\t<meta property=\"og:image:height\" content=\"800\" \/>\n\t<meta property=\"og:image:type\" content=\"image\/png\" \/>\n<meta name=\"twitter:card\" content=\"summary_large_image\" \/>\n<meta name=\"twitter:label1\" content=\"Tiempo de lectura\" \/>\n\t<meta name=\"twitter:data1\" content=\"1 minuto\" \/>\n<script type=\"application\/ld+json\" class=\"yoast-schema-graph\">{\"@context\":\"https:\\\/\\\/schema.org\",\"@graph\":[{\"@type\":\"WebPage\",\"@id\":\"https:\\\/\\\/www.mascoteriagonzalito.cl\\\/index.php\\\/producto\\\/galletas-rellenas-pollo-con-camaron-80-gr\\\/\",\"url\":\"https:\\\/\\\/www.mascoteriagonzalito.cl\\\/index.php\\\/producto\\\/galletas-rellenas-pollo-con-camaron-80-gr\\\/\",\"name\":\"GALLETAS MARBEN RELLENAS POLLO CON CAMARON 80 GR - Mascoter\u00eda Gonzalito\",\"isPartOf\":{\"@id\":\"https:\\\/\\\/www.mascoteriagonzalito.cl\\\/#website\"},\"primaryImageOfPage\":{\"@id\":\"https:\\\/\\\/www.mascoteriagonzalito.cl\\\/index.php\\\/producto\\\/galletas-rellenas-pollo-con-camaron-80-gr\\\/#primaryimage\"},\"image\":{\"@id\":\"https:\\\/\\\/www.mascoteriagonzalito.cl\\\/index.php\\\/producto\\\/galletas-rellenas-pollo-con-camaron-80-gr\\\/#primaryimage\"},\"thumbnailUrl\":\"https:\\\/\\\/www.mascoteriagonzalito.cl\\\/wp-content\\\/uploads\\\/2025\\\/07\\\/cats-snack-pollo-con-camaron-80gr.png\",\"datePublished\":\"2025-07-07T20:39:00+00:00\",\"dateModified\":\"2026-04-20T21:04:34+00:00\",\"breadcrumb\":{\"@id\":\"https:\\\/\\\/www.mascoteriagonzalito.cl\\\/index.php\\\/producto\\\/galletas-rellenas-pollo-con-camaron-80-gr\\\/#breadcrumb\"},\"inLanguage\":\"es\",\"potentialAction\":[{\"@type\":\"ReadAction\",\"target\":[\"https:\\\/\\\/www.mascoteriagonzalito.cl\\\/index.php\\\/producto\\\/galletas-rellenas-pollo-con-camaron-80-gr\\\/\"]}]},{\"@type\":\"ImageObject\",\"inLanguage\":\"es\",\"@id\":\"https:\\\/\\\/www.mascoteriagonzalito.cl\\\/index.php\\\/producto\\\/galletas-rellenas-pollo-con-camaron-80-gr\\\/#primaryimage\",\"url\":\"https:\\\/\\\/www.mascoteriagonzalito.cl\\\/wp-content\\\/uploads\\\/2025\\\/07\\\/cats-snack-pollo-con-camaron-80gr.png\",\"contentUrl\":\"https:\\\/\\\/www.mascoteriagonzalito.cl\\\/wp-content\\\/uploads\\\/2025\\\/07\\\/cats-snack-pollo-con-camaron-80gr.png\",\"width\":800,\"height\":800},{\"@type\":\"BreadcrumbList\",\"@id\":\"https:\\\/\\\/www.mascoteriagonzalito.cl\\\/index.php\\\/producto\\\/galletas-rellenas-pollo-con-camaron-80-gr\\\/#breadcrumb\",\"itemListElement\":[{\"@type\":\"ListItem\",\"position\":1,\"name\":\"Portada\",\"item\":\"https:\\\/\\\/www.mascoteriagonzalito.cl\\\/\"},{\"@type\":\"ListItem\",\"position\":2,\"name\":\"Tienda\",\"item\":\"https:\\\/\\\/www.mascoteriagonzalito.cl\\\/index.php\\\/tienda\\\/\"},{\"@type\":\"ListItem\",\"position\":3,\"name\":\"GALLETAS MARBEN RELLENAS POLLO CON CAMARON 80 GR\"}]},{\"@type\":\"WebSite\",\"@id\":\"https:\\\/\\\/www.mascoteriagonzalito.cl\\\/#website\",\"url\":\"https:\\\/\\\/www.mascoteriagonzalito.cl\\\/\",\"name\":\"Mascoter\u00eda Gonzalito\",\"description\":\"Alimentos y accesorios para mascotas\",\"publisher\":{\"@id\":\"https:\\\/\\\/www.mascoteriagonzalito.cl\\\/#organization\"},\"potentialAction\":[{\"@type\":\"SearchAction\",\"target\":{\"@type\":\"EntryPoint\",\"urlTemplate\":\"https:\\\/\\\/www.mascoteriagonzalito.cl\\\/?s={search_term_string}\"},\"query-input\":{\"@type\":\"PropertyValueSpecification\",\"valueRequired\":true,\"valueName\":\"search_term_string\"}}],\"inLanguage\":\"es\"},{\"@type\":\"Organization\",\"@id\":\"https:\\\/\\\/www.mascoteriagonzalito.cl\\\/#organization\",\"name\":\"Mascoter\u00eda Gonzalito\",\"url\":\"https:\\\/\\\/www.mascoteriagonzalito.cl\\\/\",\"logo\":{\"@type\":\"ImageObject\",\"inLanguage\":\"es\",\"@id\":\"https:\\\/\\\/www.mascoteriagonzalito.cl\\\/#\\\/schema\\\/logo\\\/image\\\/\",\"url\":\"https:\\\/\\\/www.mascoteriagonzalito.cl\\\/wp-content\\\/uploads\\\/2025\\\/01\\\/IMG-20250113-WA0002-copia.png\",\"contentUrl\":\"https:\\\/\\\/www.mascoteriagonzalito.cl\\\/wp-content\\\/uploads\\\/2025\\\/01\\\/IMG-20250113-WA0002-copia.png\",\"width\":1600,\"height\":1600,\"caption\":\"Mascoter\u00eda Gonzalito\"},\"image\":{\"@id\":\"https:\\\/\\\/www.mascoteriagonzalito.cl\\\/#\\\/schema\\\/logo\\\/image\\\/\"},\"sameAs\":[\"https:\\\/\\\/www.facebook.com\\\/mascoteria.gonzalito\\\/\"]}]}<\/script>\n<!-- \/ Yoast SEO plugin. -->","yoast_head_json":{"title":"GALLETAS MARBEN RELLENAS POLLO CON CAMARON 80 GR - Mascoter\u00eda Gonzalito","robots":{"index":"index","follow":"follow","max-snippet":"max-snippet:-1","max-image-preview":"max-image-preview:large","max-video-preview":"max-video-preview:-1"},"canonical":"https:\/\/www.mascoteriagonzalito.cl\/index.php\/producto\/galletas-rellenas-pollo-con-camaron-80-gr\/","og_locale":"es_ES","og_type":"article","og_title":"GALLETAS MARBEN RELLENAS POLLO CON CAMARON 80 GR - Mascoter\u00eda Gonzalito","og_description":"Galleta rellena sabor pollo con camaron, es una deliciosa opci\u00f3n que combina el sabor del pollo con el toque \u00fanico del camar\u00f3n en un solo bocado. Este snack ha sido creado especialmente para consentir a tu gato, ofreci\u00e9ndole una experiencia de sabor irresistible que seguramente cautivar\u00e1 sus papilas gustativas. Su relleno sabroso y su textura crujiente convierten a la Galleta rellena sabor pollo con camar\u00f3n en una merienda perfecta para cualquier momento del d\u00eda.","og_url":"https:\/\/www.mascoteriagonzalito.cl\/index.php\/producto\/galletas-rellenas-pollo-con-camaron-80-gr\/","og_site_name":"Mascoter\u00eda Gonzalito","article_publisher":"https:\/\/www.facebook.com\/mascoteria.gonzalito\/","article_modified_time":"2026-04-20T21:04:34+00:00","og_image":[{"width":800,"height":800,"url":"https:\/\/www.mascoteriagonzalito.cl\/wp-content\/uploads\/2025\/07\/cats-snack-pollo-con-camaron-80gr.png","type":"image\/png"}],"twitter_card":"summary_large_image","twitter_misc":{"Tiempo de lectura":"1 minuto"},"schema":{"@context":"https:\/\/schema.org","@graph":[{"@type":"WebPage","@id":"https:\/\/www.mascoteriagonzalito.cl\/index.php\/producto\/galletas-rellenas-pollo-con-camaron-80-gr\/","url":"https:\/\/www.mascoteriagonzalito.cl\/index.php\/producto\/galletas-rellenas-pollo-con-camaron-80-gr\/","name":"GALLETAS MARBEN RELLENAS POLLO CON CAMARON 80 GR - Mascoter\u00eda Gonzalito","isPartOf":{"@id":"https:\/\/www.mascoteriagonzalito.cl\/#website"},"primaryImageOfPage":{"@id":"https:\/\/www.mascoteriagonzalito.cl\/index.php\/producto\/galletas-rellenas-pollo-con-camaron-80-gr\/#primaryimage"},"image":{"@id":"https:\/\/www.mascoteriagonzalito.cl\/index.php\/producto\/galletas-rellenas-pollo-con-camaron-80-gr\/#primaryimage"},"thumbnailUrl":"https:\/\/www.mascoteriagonzalito.cl\/wp-content\/uploads\/2025\/07\/cats-snack-pollo-con-camaron-80gr.png","datePublished":"2025-07-07T20:39:00+00:00","dateModified":"2026-04-20T21:04:34+00:00","breadcrumb":{"@id":"https:\/\/www.mascoteriagonzalito.cl\/index.php\/producto\/galletas-rellenas-pollo-con-camaron-80-gr\/#breadcrumb"},"inLanguage":"es","potentialAction":[{"@type":"ReadAction","target":["https:\/\/www.mascoteriagonzalito.cl\/index.php\/producto\/galletas-rellenas-pollo-con-camaron-80-gr\/"]}]},{"@type":"ImageObject","inLanguage":"es","@id":"https:\/\/www.mascoteriagonzalito.cl\/index.php\/producto\/galletas-rellenas-pollo-con-camaron-80-gr\/#primaryimage","url":"https:\/\/www.mascoteriagonzalito.cl\/wp-content\/uploads\/2025\/07\/cats-snack-pollo-con-camaron-80gr.png","contentUrl":"https:\/\/www.mascoteriagonzalito.cl\/wp-content\/uploads\/2025\/07\/cats-snack-pollo-con-camaron-80gr.png","width":800,"height":800},{"@type":"BreadcrumbList","@id":"https:\/\/www.mascoteriagonzalito.cl\/index.php\/producto\/galletas-rellenas-pollo-con-camaron-80-gr\/#breadcrumb","itemListElement":[{"@type":"ListItem","position":1,"name":"Portada","item":"https:\/\/www.mascoteriagonzalito.cl\/"},{"@type":"ListItem","position":2,"name":"Tienda","item":"https:\/\/www.mascoteriagonzalito.cl\/index.php\/tienda\/"},{"@type":"ListItem","position":3,"name":"GALLETAS MARBEN RELLENAS POLLO CON CAMARON 80 GR"}]},{"@type":"WebSite","@id":"https:\/\/www.mascoteriagonzalito.cl\/#website","url":"https:\/\/www.mascoteriagonzalito.cl\/","name":"Mascoter\u00eda Gonzalito","description":"Alimentos y accesorios para mascotas","publisher":{"@id":"https:\/\/www.mascoteriagonzalito.cl\/#organization"},"potentialAction":[{"@type":"SearchAction","target":{"@type":"EntryPoint","urlTemplate":"https:\/\/www.mascoteriagonzalito.cl\/?s={search_term_string}"},"query-input":{"@type":"PropertyValueSpecification","valueRequired":true,"valueName":"search_term_string"}}],"inLanguage":"es"},{"@type":"Organization","@id":"https:\/\/www.mascoteriagonzalito.cl\/#organization","name":"Mascoter\u00eda Gonzalito","url":"https:\/\/www.mascoteriagonzalito.cl\/","logo":{"@type":"ImageObject","inLanguage":"es","@id":"https:\/\/www.mascoteriagonzalito.cl\/#\/schema\/logo\/image\/","url":"https:\/\/www.mascoteriagonzalito.cl\/wp-content\/uploads\/2025\/01\/IMG-20250113-WA0002-copia.png","contentUrl":"https:\/\/www.mascoteriagonzalito.cl\/wp-content\/uploads\/2025\/01\/IMG-20250113-WA0002-copia.png","width":1600,"height":1600,"caption":"Mascoter\u00eda Gonzalito"},"image":{"@id":"https:\/\/www.mascoteriagonzalito.cl\/#\/schema\/logo\/image\/"},"sameAs":["https:\/\/www.facebook.com\/mascoteria.gonzalito\/"]}]}},"_links":{"self":[{"href":"https:\/\/www.mascoteriagonzalito.cl\/index.php\/wp-json\/wp\/v2\/product\/4481","targetHints":{"allow":["GET"]}}],"collection":[{"href":"https:\/\/www.mascoteriagonzalito.cl\/index.php\/wp-json\/wp\/v2\/product"}],"about":[{"href":"https:\/\/www.mascoteriagonzalito.cl\/index.php\/wp-json\/wp\/v2\/types\/product"}],"replies":[{"embeddable":true,"href":"https:\/\/www.mascoteriagonzalito.cl\/index.php\/wp-json\/wp\/v2\/comments?post=4481"}],"wp:featuredmedia":[{"embeddable":true,"href":"https:\/\/www.mascoteriagonzalito.cl\/index.php\/wp-json\/wp\/v2\/media\/6023"}],"wp:attachment":[{"href":"https:\/\/www.mascoteriagonzalito.cl\/index.php\/wp-json\/wp\/v2\/media?parent=4481"}],"wp:term":[{"taxonomy":"product_brand","embeddable":true,"href":"https:\/\/www.mascoteriagonzalito.cl\/index.php\/wp-json\/wp\/v2\/product_brand?post=4481"},{"taxonomy":"product_cat","embeddable":true,"href":"https:\/\/www.mascoteriagonzalito.cl\/index.php\/wp-json\/wp\/v2\/product_cat?post=4481"},{"taxonomy":"product_tag","embeddable":true,"href":"https:\/\/www.mascoteriagonzalito.cl\/index.php\/wp-json\/wp\/v2\/product_tag?post=4481"}],"curies":[{"name":"wp","href":"https:\/\/api.w.org\/{rel}","templated":true}]}}