{"id":4474,"date":"2025-07-07T19:41:37","date_gmt":"2025-07-07T19:41:37","guid":{"rendered":"https:\/\/www.mascoteriagonzalito.cl\/?post_type=product&#038;p=4474"},"modified":"2026-03-23T15:16:38","modified_gmt":"2026-03-23T15:16:38","slug":"alfalfa-granulada-600-g","status":"publish","type":"product","link":"https:\/\/www.mascoteriagonzalito.cl\/index.php\/producto\/alfalfa-granulada-600-g\/","title":{"rendered":"ALFALFA GRANULADA 600 G"},"content":{"rendered":"<h4>Beneficios De\u00a0<strong>Alfalfa Granulada Tropifit 600gr<\/strong>:<\/h4>\n<ul>\n<li>Rico en Fibra Diet\u00e9tica: La fibra es esencial para una digesti\u00f3n saludable en roedores y conejos. Con un contenido de fibra bruta del 25%, nuestro heno de alfalfa ayuda a mantener el sistema digestivo de tus mascotas en \u00f3ptimas condiciones.<\/li>\n<li>Fuente de Prote\u00ednas Vegetales: Con un 17% de prote\u00edna bruta, esta alfalfa granulada asegura un desarrollo y crecimiento adecuados para tus peque\u00f1os amigos.<\/li>\n<li>Vitaminas y Minerales Esenciales: El heno de alfalfa es una excelente fuente de betacaroteno y vitamina A, que son vitales para la salud ocular y de la piel. Adem\u00e1s, aporta calcio, f\u00f3sforo y magnesio, necesarios para huesos fuertes y saludables.<\/li>\n<li>Prevenci\u00f3n de Trastornos Gastrointestinales: Gracias a su alto contenido en clorofila, este producto previene problemas digestivos e intoxicaciones, asegurando que tus mascotas se mantengan sanas y felices.<\/li>\n<li>Alfalfa de Alta Calidad: Obtenida de prados y campos limpios, nuestra alfalfa no proviene de regiones industrializadas, lo que garantiza un producto libre de contaminantes.<\/li>\n<li>Formato Pr\u00e1ctico y Eficiente: Los gr\u00e1nulos de alfalfa no generan polvo y ocupan menos espacio durante el almacenamiento. Adem\u00e1s, el c\u00f3modo cierre zip mantiene la comida fresca por m\u00e1s tiempo, asegurando que cada porci\u00f3n sea tan nutritiva como la anterior.<\/li>\n<\/ul>\n","protected":false},"excerpt":{"rendered":"<p><strong>Alfalfa Granulada Tropifit 600gr\u00a0<\/strong>es la elecci\u00f3n ideal para garantizar una\u00a0dieta rica\u00a0y\u00a0equilibrada\u00a0a tus roedores y conejos. Este alimento, obtenido de campos limpios, es una fuente excepcional de\u00a0fibra diet\u00e9tica\u00a0y\u00a0prote\u00ednas vegetales, esenciales para el crecimiento y la salud de tus mascotas.<\/p>\n<p>Adem\u00e1s, su\u00a0alto contenido\u00a0en\u00a0betacaroteno,\u00a0vitamina A\u00a0y\u00a0minerales\u00a0como\u00a0calcio,\u00a0f\u00f3sforo\u00a0y\u00a0magnesio, contribuye a mantener\u00a0huesos fuertes\u00a0y un\u00a0sistema digestivo saludable.<\/p>\n","protected":false},"featured_media":5865,"comment_status":"open","ping_status":"closed","template":"","meta":[],"product_brand":[162],"product_cat":[174],"product_tag":[],"class_list":{"0":"post-4474","1":"product","2":"type-product","3":"status-publish","4":"has-post-thumbnail","6":"product_brand-marben","7":"product_cat-animales-exoticos","9":"first","10":"instock","11":"shipping-taxable","12":"purchasable","13":"product-type-simple"},"yoast_head":"<!-- This site is optimized with the Yoast SEO plugin v27.4 - https:\/\/yoast.com\/product\/yoast-seo-wordpress\/ -->\n<title>ALFALFA GRANULADA 600 G - Mascoter\u00eda Gonzalito<\/title>\n<meta name=\"robots\" content=\"index, follow, max-snippet:-1, max-image-preview:large, max-video-preview:-1\" \/>\n<link rel=\"canonical\" href=\"https:\/\/www.mascoteriagonzalito.cl\/index.php\/producto\/alfalfa-granulada-600-g\/\" \/>\n<meta property=\"og:locale\" content=\"es_ES\" \/>\n<meta property=\"og:type\" content=\"article\" \/>\n<meta property=\"og:title\" content=\"ALFALFA GRANULADA 600 G - Mascoter\u00eda Gonzalito\" \/>\n<meta property=\"og:description\" content=\"Alfalfa Granulada Tropifit 600gr\u00a0es la elecci\u00f3n ideal para garantizar una\u00a0dieta rica\u00a0y\u00a0equilibrada\u00a0a tus roedores y conejos. Este alimento, obtenido de campos limpios, es una fuente excepcional de\u00a0fibra diet\u00e9tica\u00a0y\u00a0prote\u00ednas vegetales, esenciales para el crecimiento y la salud de tus mascotas.  Adem\u00e1s, su\u00a0alto contenido\u00a0en\u00a0betacaroteno,\u00a0vitamina A\u00a0y\u00a0minerales\u00a0como\u00a0calcio,\u00a0f\u00f3sforo\u00a0y\u00a0magnesio, contribuye a mantener\u00a0huesos fuertes\u00a0y un\u00a0sistema digestivo saludable.\" \/>\n<meta property=\"og:url\" content=\"https:\/\/www.mascoteriagonzalito.cl\/index.php\/producto\/alfalfa-granulada-600-g\/\" \/>\n<meta property=\"og:site_name\" content=\"Mascoter\u00eda Gonzalito\" \/>\n<meta property=\"article:publisher\" content=\"https:\/\/www.facebook.com\/mascoteria.gonzalito\/\" \/>\n<meta property=\"article:modified_time\" content=\"2026-03-23T15:16:38+00:00\" \/>\n<meta property=\"og:image\" content=\"https:\/\/www.mascoteriagonzalito.cl\/wp-content\/uploads\/2025\/07\/50282-ALFALFA-GRANULADA-TROPIFIT-600G.png\" \/>\n\t<meta property=\"og:image:width\" content=\"800\" \/>\n\t<meta property=\"og:image:height\" content=\"800\" \/>\n\t<meta property=\"og:image:type\" content=\"image\/png\" \/>\n<meta name=\"twitter:card\" content=\"summary_large_image\" \/>\n<meta name=\"twitter:label1\" content=\"Tiempo de lectura\" \/>\n\t<meta name=\"twitter:data1\" content=\"1 minuto\" \/>\n<script type=\"application\/ld+json\" class=\"yoast-schema-graph\">{\"@context\":\"https:\\\/\\\/schema.org\",\"@graph\":[{\"@type\":\"WebPage\",\"@id\":\"https:\\\/\\\/www.mascoteriagonzalito.cl\\\/index.php\\\/producto\\\/alfalfa-granulada-600-g\\\/\",\"url\":\"https:\\\/\\\/www.mascoteriagonzalito.cl\\\/index.php\\\/producto\\\/alfalfa-granulada-600-g\\\/\",\"name\":\"ALFALFA GRANULADA 600 G - Mascoter\u00eda Gonzalito\",\"isPartOf\":{\"@id\":\"https:\\\/\\\/www.mascoteriagonzalito.cl\\\/#website\"},\"primaryImageOfPage\":{\"@id\":\"https:\\\/\\\/www.mascoteriagonzalito.cl\\\/index.php\\\/producto\\\/alfalfa-granulada-600-g\\\/#primaryimage\"},\"image\":{\"@id\":\"https:\\\/\\\/www.mascoteriagonzalito.cl\\\/index.php\\\/producto\\\/alfalfa-granulada-600-g\\\/#primaryimage\"},\"thumbnailUrl\":\"https:\\\/\\\/www.mascoteriagonzalito.cl\\\/wp-content\\\/uploads\\\/2025\\\/07\\\/50282-ALFALFA-GRANULADA-TROPIFIT-600G.png\",\"datePublished\":\"2025-07-07T19:41:37+00:00\",\"dateModified\":\"2026-03-23T15:16:38+00:00\",\"breadcrumb\":{\"@id\":\"https:\\\/\\\/www.mascoteriagonzalito.cl\\\/index.php\\\/producto\\\/alfalfa-granulada-600-g\\\/#breadcrumb\"},\"inLanguage\":\"es\",\"potentialAction\":[{\"@type\":\"ReadAction\",\"target\":[\"https:\\\/\\\/www.mascoteriagonzalito.cl\\\/index.php\\\/producto\\\/alfalfa-granulada-600-g\\\/\"]}]},{\"@type\":\"ImageObject\",\"inLanguage\":\"es\",\"@id\":\"https:\\\/\\\/www.mascoteriagonzalito.cl\\\/index.php\\\/producto\\\/alfalfa-granulada-600-g\\\/#primaryimage\",\"url\":\"https:\\\/\\\/www.mascoteriagonzalito.cl\\\/wp-content\\\/uploads\\\/2025\\\/07\\\/50282-ALFALFA-GRANULADA-TROPIFIT-600G.png\",\"contentUrl\":\"https:\\\/\\\/www.mascoteriagonzalito.cl\\\/wp-content\\\/uploads\\\/2025\\\/07\\\/50282-ALFALFA-GRANULADA-TROPIFIT-600G.png\",\"width\":800,\"height\":800},{\"@type\":\"BreadcrumbList\",\"@id\":\"https:\\\/\\\/www.mascoteriagonzalito.cl\\\/index.php\\\/producto\\\/alfalfa-granulada-600-g\\\/#breadcrumb\",\"itemListElement\":[{\"@type\":\"ListItem\",\"position\":1,\"name\":\"Portada\",\"item\":\"https:\\\/\\\/www.mascoteriagonzalito.cl\\\/\"},{\"@type\":\"ListItem\",\"position\":2,\"name\":\"Tienda\",\"item\":\"https:\\\/\\\/www.mascoteriagonzalito.cl\\\/index.php\\\/tienda\\\/\"},{\"@type\":\"ListItem\",\"position\":3,\"name\":\"ALFALFA GRANULADA 600 G\"}]},{\"@type\":\"WebSite\",\"@id\":\"https:\\\/\\\/www.mascoteriagonzalito.cl\\\/#website\",\"url\":\"https:\\\/\\\/www.mascoteriagonzalito.cl\\\/\",\"name\":\"Mascoter\u00eda Gonzalito\",\"description\":\"Alimentos y accesorios para mascotas\",\"publisher\":{\"@id\":\"https:\\\/\\\/www.mascoteriagonzalito.cl\\\/#organization\"},\"potentialAction\":[{\"@type\":\"SearchAction\",\"target\":{\"@type\":\"EntryPoint\",\"urlTemplate\":\"https:\\\/\\\/www.mascoteriagonzalito.cl\\\/?s={search_term_string}\"},\"query-input\":{\"@type\":\"PropertyValueSpecification\",\"valueRequired\":true,\"valueName\":\"search_term_string\"}}],\"inLanguage\":\"es\"},{\"@type\":\"Organization\",\"@id\":\"https:\\\/\\\/www.mascoteriagonzalito.cl\\\/#organization\",\"name\":\"Mascoter\u00eda Gonzalito\",\"url\":\"https:\\\/\\\/www.mascoteriagonzalito.cl\\\/\",\"logo\":{\"@type\":\"ImageObject\",\"inLanguage\":\"es\",\"@id\":\"https:\\\/\\\/www.mascoteriagonzalito.cl\\\/#\\\/schema\\\/logo\\\/image\\\/\",\"url\":\"https:\\\/\\\/www.mascoteriagonzalito.cl\\\/wp-content\\\/uploads\\\/2025\\\/01\\\/IMG-20250113-WA0002-copia.png\",\"contentUrl\":\"https:\\\/\\\/www.mascoteriagonzalito.cl\\\/wp-content\\\/uploads\\\/2025\\\/01\\\/IMG-20250113-WA0002-copia.png\",\"width\":1600,\"height\":1600,\"caption\":\"Mascoter\u00eda Gonzalito\"},\"image\":{\"@id\":\"https:\\\/\\\/www.mascoteriagonzalito.cl\\\/#\\\/schema\\\/logo\\\/image\\\/\"},\"sameAs\":[\"https:\\\/\\\/www.facebook.com\\\/mascoteria.gonzalito\\\/\"]}]}<\/script>\n<!-- \/ Yoast SEO plugin. -->","yoast_head_json":{"title":"ALFALFA GRANULADA 600 G - Mascoter\u00eda Gonzalito","robots":{"index":"index","follow":"follow","max-snippet":"max-snippet:-1","max-image-preview":"max-image-preview:large","max-video-preview":"max-video-preview:-1"},"canonical":"https:\/\/www.mascoteriagonzalito.cl\/index.php\/producto\/alfalfa-granulada-600-g\/","og_locale":"es_ES","og_type":"article","og_title":"ALFALFA GRANULADA 600 G - Mascoter\u00eda Gonzalito","og_description":"Alfalfa Granulada Tropifit 600gr\u00a0es la elecci\u00f3n ideal para garantizar una\u00a0dieta rica\u00a0y\u00a0equilibrada\u00a0a tus roedores y conejos. Este alimento, obtenido de campos limpios, es una fuente excepcional de\u00a0fibra diet\u00e9tica\u00a0y\u00a0prote\u00ednas vegetales, esenciales para el crecimiento y la salud de tus mascotas.  Adem\u00e1s, su\u00a0alto contenido\u00a0en\u00a0betacaroteno,\u00a0vitamina A\u00a0y\u00a0minerales\u00a0como\u00a0calcio,\u00a0f\u00f3sforo\u00a0y\u00a0magnesio, contribuye a mantener\u00a0huesos fuertes\u00a0y un\u00a0sistema digestivo saludable.","og_url":"https:\/\/www.mascoteriagonzalito.cl\/index.php\/producto\/alfalfa-granulada-600-g\/","og_site_name":"Mascoter\u00eda Gonzalito","article_publisher":"https:\/\/www.facebook.com\/mascoteria.gonzalito\/","article_modified_time":"2026-03-23T15:16:38+00:00","og_image":[{"width":800,"height":800,"url":"https:\/\/www.mascoteriagonzalito.cl\/wp-content\/uploads\/2025\/07\/50282-ALFALFA-GRANULADA-TROPIFIT-600G.png","type":"image\/png"}],"twitter_card":"summary_large_image","twitter_misc":{"Tiempo de lectura":"1 minuto"},"schema":{"@context":"https:\/\/schema.org","@graph":[{"@type":"WebPage","@id":"https:\/\/www.mascoteriagonzalito.cl\/index.php\/producto\/alfalfa-granulada-600-g\/","url":"https:\/\/www.mascoteriagonzalito.cl\/index.php\/producto\/alfalfa-granulada-600-g\/","name":"ALFALFA GRANULADA 600 G - Mascoter\u00eda Gonzalito","isPartOf":{"@id":"https:\/\/www.mascoteriagonzalito.cl\/#website"},"primaryImageOfPage":{"@id":"https:\/\/www.mascoteriagonzalito.cl\/index.php\/producto\/alfalfa-granulada-600-g\/#primaryimage"},"image":{"@id":"https:\/\/www.mascoteriagonzalito.cl\/index.php\/producto\/alfalfa-granulada-600-g\/#primaryimage"},"thumbnailUrl":"https:\/\/www.mascoteriagonzalito.cl\/wp-content\/uploads\/2025\/07\/50282-ALFALFA-GRANULADA-TROPIFIT-600G.png","datePublished":"2025-07-07T19:41:37+00:00","dateModified":"2026-03-23T15:16:38+00:00","breadcrumb":{"@id":"https:\/\/www.mascoteriagonzalito.cl\/index.php\/producto\/alfalfa-granulada-600-g\/#breadcrumb"},"inLanguage":"es","potentialAction":[{"@type":"ReadAction","target":["https:\/\/www.mascoteriagonzalito.cl\/index.php\/producto\/alfalfa-granulada-600-g\/"]}]},{"@type":"ImageObject","inLanguage":"es","@id":"https:\/\/www.mascoteriagonzalito.cl\/index.php\/producto\/alfalfa-granulada-600-g\/#primaryimage","url":"https:\/\/www.mascoteriagonzalito.cl\/wp-content\/uploads\/2025\/07\/50282-ALFALFA-GRANULADA-TROPIFIT-600G.png","contentUrl":"https:\/\/www.mascoteriagonzalito.cl\/wp-content\/uploads\/2025\/07\/50282-ALFALFA-GRANULADA-TROPIFIT-600G.png","width":800,"height":800},{"@type":"BreadcrumbList","@id":"https:\/\/www.mascoteriagonzalito.cl\/index.php\/producto\/alfalfa-granulada-600-g\/#breadcrumb","itemListElement":[{"@type":"ListItem","position":1,"name":"Portada","item":"https:\/\/www.mascoteriagonzalito.cl\/"},{"@type":"ListItem","position":2,"name":"Tienda","item":"https:\/\/www.mascoteriagonzalito.cl\/index.php\/tienda\/"},{"@type":"ListItem","position":3,"name":"ALFALFA GRANULADA 600 G"}]},{"@type":"WebSite","@id":"https:\/\/www.mascoteriagonzalito.cl\/#website","url":"https:\/\/www.mascoteriagonzalito.cl\/","name":"Mascoter\u00eda Gonzalito","description":"Alimentos y accesorios para mascotas","publisher":{"@id":"https:\/\/www.mascoteriagonzalito.cl\/#organization"},"potentialAction":[{"@type":"SearchAction","target":{"@type":"EntryPoint","urlTemplate":"https:\/\/www.mascoteriagonzalito.cl\/?s={search_term_string}"},"query-input":{"@type":"PropertyValueSpecification","valueRequired":true,"valueName":"search_term_string"}}],"inLanguage":"es"},{"@type":"Organization","@id":"https:\/\/www.mascoteriagonzalito.cl\/#organization","name":"Mascoter\u00eda Gonzalito","url":"https:\/\/www.mascoteriagonzalito.cl\/","logo":{"@type":"ImageObject","inLanguage":"es","@id":"https:\/\/www.mascoteriagonzalito.cl\/#\/schema\/logo\/image\/","url":"https:\/\/www.mascoteriagonzalito.cl\/wp-content\/uploads\/2025\/01\/IMG-20250113-WA0002-copia.png","contentUrl":"https:\/\/www.mascoteriagonzalito.cl\/wp-content\/uploads\/2025\/01\/IMG-20250113-WA0002-copia.png","width":1600,"height":1600,"caption":"Mascoter\u00eda Gonzalito"},"image":{"@id":"https:\/\/www.mascoteriagonzalito.cl\/#\/schema\/logo\/image\/"},"sameAs":["https:\/\/www.facebook.com\/mascoteria.gonzalito\/"]}]}},"_links":{"self":[{"href":"https:\/\/www.mascoteriagonzalito.cl\/index.php\/wp-json\/wp\/v2\/product\/4474","targetHints":{"allow":["GET"]}}],"collection":[{"href":"https:\/\/www.mascoteriagonzalito.cl\/index.php\/wp-json\/wp\/v2\/product"}],"about":[{"href":"https:\/\/www.mascoteriagonzalito.cl\/index.php\/wp-json\/wp\/v2\/types\/product"}],"replies":[{"embeddable":true,"href":"https:\/\/www.mascoteriagonzalito.cl\/index.php\/wp-json\/wp\/v2\/comments?post=4474"}],"wp:featuredmedia":[{"embeddable":true,"href":"https:\/\/www.mascoteriagonzalito.cl\/index.php\/wp-json\/wp\/v2\/media\/5865"}],"wp:attachment":[{"href":"https:\/\/www.mascoteriagonzalito.cl\/index.php\/wp-json\/wp\/v2\/media?parent=4474"}],"wp:term":[{"taxonomy":"product_brand","embeddable":true,"href":"https:\/\/www.mascoteriagonzalito.cl\/index.php\/wp-json\/wp\/v2\/product_brand?post=4474"},{"taxonomy":"product_cat","embeddable":true,"href":"https:\/\/www.mascoteriagonzalito.cl\/index.php\/wp-json\/wp\/v2\/product_cat?post=4474"},{"taxonomy":"product_tag","embeddable":true,"href":"https:\/\/www.mascoteriagonzalito.cl\/index.php\/wp-json\/wp\/v2\/product_tag?post=4474"}],"curies":[{"name":"wp","href":"https:\/\/api.w.org\/{rel}","templated":true}]}}