{"id":4391,"date":"2025-06-16T15:54:27","date_gmt":"2025-06-16T15:54:27","guid":{"rendered":"https:\/\/www.mascoteriagonzalito.cl\/?post_type=product&#038;p=4391"},"modified":"2026-04-10T15:21:58","modified_gmt":"2026-04-10T15:21:58","slug":"acana-adult-cat-bountiful-1-8-kg","status":"publish","type":"product","link":"https:\/\/www.mascoteriagonzalito.cl\/index.php\/producto\/acana-adult-cat-bountiful-1-8-kg\/","title":{"rendered":"ACANA ADULT CAT BOUNTIFUL 1.8 KG"},"content":{"rendered":"<p><strong>CARACTERISTICAS\u00a0<\/strong><\/p>\n<p><span>Especialmente elaborada con abundante pescado, nuestra Receta ACANA\u2122 Bountiful Catch satisface a tu gato con ricos ingredientes de pescado. Enriquecida con un 65 % de ingredientes animales de calidad,\u00a0<\/span><sup><span>incluyendo<\/span><\/sup><span>\u00a0salm\u00f3n crudo y arenque entero, Bountiful Catch ofrece la prote\u00edna animal que tu gato necesita para alcanzar su m\u00e1ximo potencial. Esta receta rica en nutrientes tambi\u00e9n contribuye a la salud de tu gato, incluyendo piel y pelaje sanos, coraz\u00f3n y ojos sanos, y salud digestiva. \u00a1Nutre a tu felino con una receta a base de pescado dise\u00f1ada para mantenerlo sano y feliz con ACANA Bountiful Catch!<\/span><\/p>\n<p>&nbsp;<\/p>\n<ul>\n<li><span>Rico con 65% de ingredientes animales de calidad* como salm\u00f3n crudo y arenque entero.<\/span><\/li>\n<li><span>Los \u00e1cidos grasos Omega-3 y Omega-6 equilibrados favorecen una piel sana y un pelaje brillante.<\/span><\/li>\n<li><span>La taurina, el EPA y el DHA son nutrientes esenciales para ayudar a mantener la salud ocular y card\u00edaca de su gato.<\/span><\/li>\n<li><span>Prote\u00ednas de alta calidad, fibra y una mezcla de probi\u00f3ticos ayudan a favorecer la salud digestiva de su gato.<\/span><\/li>\n<li><span>Elaborado en EE. UU. con los mejores ingredientes del mundo.<\/span><\/li>\n<\/ul>\n<h2><span>Ingredientes<\/span><\/h2>\n<p><span>Salm\u00f3n, harina de salm\u00f3n, harina de bagre, avena mondada, guisantes enteros, aceite de bagre, arenque entero, lentejas verdes enteras, garbanzos enteros, bagre, sabor natural a salm\u00f3n, fibra de lentejas, aceite de girasol, trucha arco\u00edris, aceite de salm\u00f3n, ar\u00e1ndanos enteros, algas secas, cloruro de colina, proteinato de zinc, tocoferoles mixtos (conservante), suplemento de vitamina E, taurina, suplemento de vitamina D3, acetato de vitamina A, L-carnitina, DL-metionina, proteinato de cobre, niacina, mononitrato de tiamina, riboflavina, pantotenato de calcio, clorhidrato de piridoxina, \u00e1cido f\u00f3lico, suplemento de vitamina B12, biotina, \u00e1cido asc\u00f3rbico (vitamina C), \u00e1cido c\u00edtrico (conservante), extracto de romero, producto de fermentaci\u00f3n de Lactobacillus acidophilus seco, producto de fermentaci\u00f3n de Bifidobacterium animalis seco, producto de fermentaci\u00f3n de Lactobacillus casei seco.<\/span><\/p>\n<p><span>ENERG\u00cdA METABOLIZABLE: 3800 kcal\/kg (433 kcal por taza de 8 fl. oz), con 35% de prote\u00ednas, 29% de carbohidratos y 36% de grasas.<\/span><\/p>\n<p><span>La receta de ACANA Bountiful Catch est\u00e1 formulada para cumplir con los niveles nutricionales establecidos por los perfiles de nutrientes de alimentos para gatos de la AAFCO para mantenimiento de adultos.<\/span><\/p>\n<div class=\"content-asset\">\n<h1><span><strong>Beneficios<\/strong>\u00a0de Acana<\/span><\/h1>\n<\/div>\n<div class=\"container benefits-list-container\">\n<h3><span>Piel y pelaje saludables<\/span><\/h3>\n<p><span>Los \u00e1cidos grasos omega equilibrados favorecen una piel sana y un pelaje brillante.<\/span><\/p>\n<p>&nbsp;<\/p>\n<h3><span>Coraz\u00f3n y ojos sanos<\/span><\/h3>\n<p><span>La taurina, el EPA y el DHA ayudan a mantener la salud ocular y card\u00edaca<\/span><\/p>\n<p>&nbsp;<\/p>\n<h3><span>Salud digestiva<\/span><\/h3>\n<p><span>Una mezcla de prote\u00ednas, fibra y probi\u00f3ticos de alta calidad ayuda a mantener la salud digestiva.<\/span><\/p>\n<p>&nbsp;<\/p>\n<h3><span>Sabor apetecible<\/span><\/h3>\n<p><span>Hecho con pescado crudo para brindar el sabor que anhelan los gatos.<\/span><\/p>\n<\/div>\n","protected":false},"excerpt":{"rendered":"<p>Especialmente elaborada con abundante pescado, nuestra Receta ACANA\u2122 Bountiful Catch satisface a tu gato con ricos ingredientes de pescado. Enriquecida con un 65 % de ingredientes animales de calidad,\u00a0<sup>incluyendo<\/sup>\u00a0salm\u00f3n crudo y arenque entero, Bountiful Catch ofrece la prote\u00edna animal que tu gato necesita para alcanzar su m\u00e1ximo potencial.<\/p>\n","protected":false},"featured_media":4399,"comment_status":"open","ping_status":"closed","template":"","meta":[],"product_brand":[139],"product_cat":[33],"product_tag":[],"class_list":{"0":"post-4391","1":"product","2":"type-product","3":"status-publish","4":"has-post-thumbnail","6":"product_brand-acana","7":"product_cat-alimentos-gatos","9":"first","10":"instock","11":"shipping-taxable","12":"purchasable","13":"product-type-simple"},"yoast_head":"<!-- This site is optimized with the Yoast SEO plugin v27.4 - https:\/\/yoast.com\/product\/yoast-seo-wordpress\/ -->\n<title>ACANA ADULT CAT BOUNTIFUL 1.8 KG - Mascoter\u00eda Gonzalito<\/title>\n<meta name=\"robots\" content=\"index, follow, max-snippet:-1, max-image-preview:large, max-video-preview:-1\" \/>\n<link rel=\"canonical\" href=\"https:\/\/www.mascoteriagonzalito.cl\/index.php\/producto\/acana-adult-cat-bountiful-1-8-kg\/\" \/>\n<meta property=\"og:locale\" content=\"es_ES\" \/>\n<meta property=\"og:type\" content=\"article\" \/>\n<meta property=\"og:title\" content=\"ACANA ADULT CAT BOUNTIFUL 1.8 KG - Mascoter\u00eda Gonzalito\" \/>\n<meta property=\"og:description\" content=\"Especialmente elaborada con abundante pescado, nuestra Receta ACANA\u2122 Bountiful Catch satisface a tu gato con ricos ingredientes de pescado. Enriquecida con un 65 % de ingredientes animales de calidad,\u00a0incluyendo\u00a0salm\u00f3n crudo y arenque entero, Bountiful Catch ofrece la prote\u00edna animal que tu gato necesita para alcanzar su m\u00e1ximo potencial.\" \/>\n<meta property=\"og:url\" content=\"https:\/\/www.mascoteriagonzalito.cl\/index.php\/producto\/acana-adult-cat-bountiful-1-8-kg\/\" \/>\n<meta property=\"og:site_name\" content=\"Mascoter\u00eda Gonzalito\" \/>\n<meta property=\"article:publisher\" content=\"https:\/\/www.facebook.com\/mascoteria.gonzalito\/\" \/>\n<meta property=\"article:modified_time\" content=\"2026-04-10T15:21:58+00:00\" \/>\n<meta property=\"og:image\" content=\"https:\/\/www.mascoteriagonzalito.cl\/wp-content\/uploads\/2025\/06\/ACANA-Cat-Bountiful-Catch-Front-10lb-USA.webp\" \/>\n\t<meta property=\"og:image:width\" content=\"450\" \/>\n\t<meta property=\"og:image:height\" content=\"450\" \/>\n\t<meta property=\"og:image:type\" content=\"image\/webp\" \/>\n<meta name=\"twitter:card\" content=\"summary_large_image\" \/>\n<meta name=\"twitter:label1\" content=\"Tiempo de lectura\" \/>\n\t<meta name=\"twitter:data1\" content=\"2 minutos\" \/>\n<script type=\"application\/ld+json\" class=\"yoast-schema-graph\">{\"@context\":\"https:\\\/\\\/schema.org\",\"@graph\":[{\"@type\":\"WebPage\",\"@id\":\"https:\\\/\\\/www.mascoteriagonzalito.cl\\\/index.php\\\/producto\\\/acana-adult-cat-bountiful-1-8-kg\\\/\",\"url\":\"https:\\\/\\\/www.mascoteriagonzalito.cl\\\/index.php\\\/producto\\\/acana-adult-cat-bountiful-1-8-kg\\\/\",\"name\":\"ACANA ADULT CAT BOUNTIFUL 1.8 KG - Mascoter\u00eda Gonzalito\",\"isPartOf\":{\"@id\":\"https:\\\/\\\/www.mascoteriagonzalito.cl\\\/#website\"},\"primaryImageOfPage\":{\"@id\":\"https:\\\/\\\/www.mascoteriagonzalito.cl\\\/index.php\\\/producto\\\/acana-adult-cat-bountiful-1-8-kg\\\/#primaryimage\"},\"image\":{\"@id\":\"https:\\\/\\\/www.mascoteriagonzalito.cl\\\/index.php\\\/producto\\\/acana-adult-cat-bountiful-1-8-kg\\\/#primaryimage\"},\"thumbnailUrl\":\"https:\\\/\\\/www.mascoteriagonzalito.cl\\\/wp-content\\\/uploads\\\/2025\\\/06\\\/ACANA-Cat-Bountiful-Catch-Front-10lb-USA.webp\",\"datePublished\":\"2025-06-16T15:54:27+00:00\",\"dateModified\":\"2026-04-10T15:21:58+00:00\",\"breadcrumb\":{\"@id\":\"https:\\\/\\\/www.mascoteriagonzalito.cl\\\/index.php\\\/producto\\\/acana-adult-cat-bountiful-1-8-kg\\\/#breadcrumb\"},\"inLanguage\":\"es\",\"potentialAction\":[{\"@type\":\"ReadAction\",\"target\":[\"https:\\\/\\\/www.mascoteriagonzalito.cl\\\/index.php\\\/producto\\\/acana-adult-cat-bountiful-1-8-kg\\\/\"]}]},{\"@type\":\"ImageObject\",\"inLanguage\":\"es\",\"@id\":\"https:\\\/\\\/www.mascoteriagonzalito.cl\\\/index.php\\\/producto\\\/acana-adult-cat-bountiful-1-8-kg\\\/#primaryimage\",\"url\":\"https:\\\/\\\/www.mascoteriagonzalito.cl\\\/wp-content\\\/uploads\\\/2025\\\/06\\\/ACANA-Cat-Bountiful-Catch-Front-10lb-USA.webp\",\"contentUrl\":\"https:\\\/\\\/www.mascoteriagonzalito.cl\\\/wp-content\\\/uploads\\\/2025\\\/06\\\/ACANA-Cat-Bountiful-Catch-Front-10lb-USA.webp\",\"width\":450,\"height\":450},{\"@type\":\"BreadcrumbList\",\"@id\":\"https:\\\/\\\/www.mascoteriagonzalito.cl\\\/index.php\\\/producto\\\/acana-adult-cat-bountiful-1-8-kg\\\/#breadcrumb\",\"itemListElement\":[{\"@type\":\"ListItem\",\"position\":1,\"name\":\"Portada\",\"item\":\"https:\\\/\\\/www.mascoteriagonzalito.cl\\\/\"},{\"@type\":\"ListItem\",\"position\":2,\"name\":\"Tienda\",\"item\":\"https:\\\/\\\/www.mascoteriagonzalito.cl\\\/index.php\\\/tienda\\\/\"},{\"@type\":\"ListItem\",\"position\":3,\"name\":\"ACANA ADULT CAT BOUNTIFUL 1.8 KG\"}]},{\"@type\":\"WebSite\",\"@id\":\"https:\\\/\\\/www.mascoteriagonzalito.cl\\\/#website\",\"url\":\"https:\\\/\\\/www.mascoteriagonzalito.cl\\\/\",\"name\":\"Mascoter\u00eda Gonzalito\",\"description\":\"Alimentos y accesorios para mascotas\",\"publisher\":{\"@id\":\"https:\\\/\\\/www.mascoteriagonzalito.cl\\\/#organization\"},\"potentialAction\":[{\"@type\":\"SearchAction\",\"target\":{\"@type\":\"EntryPoint\",\"urlTemplate\":\"https:\\\/\\\/www.mascoteriagonzalito.cl\\\/?s={search_term_string}\"},\"query-input\":{\"@type\":\"PropertyValueSpecification\",\"valueRequired\":true,\"valueName\":\"search_term_string\"}}],\"inLanguage\":\"es\"},{\"@type\":\"Organization\",\"@id\":\"https:\\\/\\\/www.mascoteriagonzalito.cl\\\/#organization\",\"name\":\"Mascoter\u00eda Gonzalito\",\"url\":\"https:\\\/\\\/www.mascoteriagonzalito.cl\\\/\",\"logo\":{\"@type\":\"ImageObject\",\"inLanguage\":\"es\",\"@id\":\"https:\\\/\\\/www.mascoteriagonzalito.cl\\\/#\\\/schema\\\/logo\\\/image\\\/\",\"url\":\"https:\\\/\\\/www.mascoteriagonzalito.cl\\\/wp-content\\\/uploads\\\/2025\\\/01\\\/IMG-20250113-WA0002-copia.png\",\"contentUrl\":\"https:\\\/\\\/www.mascoteriagonzalito.cl\\\/wp-content\\\/uploads\\\/2025\\\/01\\\/IMG-20250113-WA0002-copia.png\",\"width\":1600,\"height\":1600,\"caption\":\"Mascoter\u00eda Gonzalito\"},\"image\":{\"@id\":\"https:\\\/\\\/www.mascoteriagonzalito.cl\\\/#\\\/schema\\\/logo\\\/image\\\/\"},\"sameAs\":[\"https:\\\/\\\/www.facebook.com\\\/mascoteria.gonzalito\\\/\"]}]}<\/script>\n<!-- \/ Yoast SEO plugin. -->","yoast_head_json":{"title":"ACANA ADULT CAT BOUNTIFUL 1.8 KG - Mascoter\u00eda Gonzalito","robots":{"index":"index","follow":"follow","max-snippet":"max-snippet:-1","max-image-preview":"max-image-preview:large","max-video-preview":"max-video-preview:-1"},"canonical":"https:\/\/www.mascoteriagonzalito.cl\/index.php\/producto\/acana-adult-cat-bountiful-1-8-kg\/","og_locale":"es_ES","og_type":"article","og_title":"ACANA ADULT CAT BOUNTIFUL 1.8 KG - Mascoter\u00eda Gonzalito","og_description":"Especialmente elaborada con abundante pescado, nuestra Receta ACANA\u2122 Bountiful Catch satisface a tu gato con ricos ingredientes de pescado. Enriquecida con un 65 % de ingredientes animales de calidad,\u00a0incluyendo\u00a0salm\u00f3n crudo y arenque entero, Bountiful Catch ofrece la prote\u00edna animal que tu gato necesita para alcanzar su m\u00e1ximo potencial.","og_url":"https:\/\/www.mascoteriagonzalito.cl\/index.php\/producto\/acana-adult-cat-bountiful-1-8-kg\/","og_site_name":"Mascoter\u00eda Gonzalito","article_publisher":"https:\/\/www.facebook.com\/mascoteria.gonzalito\/","article_modified_time":"2026-04-10T15:21:58+00:00","og_image":[{"width":450,"height":450,"url":"https:\/\/www.mascoteriagonzalito.cl\/wp-content\/uploads\/2025\/06\/ACANA-Cat-Bountiful-Catch-Front-10lb-USA.webp","type":"image\/webp"}],"twitter_card":"summary_large_image","twitter_misc":{"Tiempo de lectura":"2 minutos"},"schema":{"@context":"https:\/\/schema.org","@graph":[{"@type":"WebPage","@id":"https:\/\/www.mascoteriagonzalito.cl\/index.php\/producto\/acana-adult-cat-bountiful-1-8-kg\/","url":"https:\/\/www.mascoteriagonzalito.cl\/index.php\/producto\/acana-adult-cat-bountiful-1-8-kg\/","name":"ACANA ADULT CAT BOUNTIFUL 1.8 KG - Mascoter\u00eda Gonzalito","isPartOf":{"@id":"https:\/\/www.mascoteriagonzalito.cl\/#website"},"primaryImageOfPage":{"@id":"https:\/\/www.mascoteriagonzalito.cl\/index.php\/producto\/acana-adult-cat-bountiful-1-8-kg\/#primaryimage"},"image":{"@id":"https:\/\/www.mascoteriagonzalito.cl\/index.php\/producto\/acana-adult-cat-bountiful-1-8-kg\/#primaryimage"},"thumbnailUrl":"https:\/\/www.mascoteriagonzalito.cl\/wp-content\/uploads\/2025\/06\/ACANA-Cat-Bountiful-Catch-Front-10lb-USA.webp","datePublished":"2025-06-16T15:54:27+00:00","dateModified":"2026-04-10T15:21:58+00:00","breadcrumb":{"@id":"https:\/\/www.mascoteriagonzalito.cl\/index.php\/producto\/acana-adult-cat-bountiful-1-8-kg\/#breadcrumb"},"inLanguage":"es","potentialAction":[{"@type":"ReadAction","target":["https:\/\/www.mascoteriagonzalito.cl\/index.php\/producto\/acana-adult-cat-bountiful-1-8-kg\/"]}]},{"@type":"ImageObject","inLanguage":"es","@id":"https:\/\/www.mascoteriagonzalito.cl\/index.php\/producto\/acana-adult-cat-bountiful-1-8-kg\/#primaryimage","url":"https:\/\/www.mascoteriagonzalito.cl\/wp-content\/uploads\/2025\/06\/ACANA-Cat-Bountiful-Catch-Front-10lb-USA.webp","contentUrl":"https:\/\/www.mascoteriagonzalito.cl\/wp-content\/uploads\/2025\/06\/ACANA-Cat-Bountiful-Catch-Front-10lb-USA.webp","width":450,"height":450},{"@type":"BreadcrumbList","@id":"https:\/\/www.mascoteriagonzalito.cl\/index.php\/producto\/acana-adult-cat-bountiful-1-8-kg\/#breadcrumb","itemListElement":[{"@type":"ListItem","position":1,"name":"Portada","item":"https:\/\/www.mascoteriagonzalito.cl\/"},{"@type":"ListItem","position":2,"name":"Tienda","item":"https:\/\/www.mascoteriagonzalito.cl\/index.php\/tienda\/"},{"@type":"ListItem","position":3,"name":"ACANA ADULT CAT BOUNTIFUL 1.8 KG"}]},{"@type":"WebSite","@id":"https:\/\/www.mascoteriagonzalito.cl\/#website","url":"https:\/\/www.mascoteriagonzalito.cl\/","name":"Mascoter\u00eda Gonzalito","description":"Alimentos y accesorios para mascotas","publisher":{"@id":"https:\/\/www.mascoteriagonzalito.cl\/#organization"},"potentialAction":[{"@type":"SearchAction","target":{"@type":"EntryPoint","urlTemplate":"https:\/\/www.mascoteriagonzalito.cl\/?s={search_term_string}"},"query-input":{"@type":"PropertyValueSpecification","valueRequired":true,"valueName":"search_term_string"}}],"inLanguage":"es"},{"@type":"Organization","@id":"https:\/\/www.mascoteriagonzalito.cl\/#organization","name":"Mascoter\u00eda Gonzalito","url":"https:\/\/www.mascoteriagonzalito.cl\/","logo":{"@type":"ImageObject","inLanguage":"es","@id":"https:\/\/www.mascoteriagonzalito.cl\/#\/schema\/logo\/image\/","url":"https:\/\/www.mascoteriagonzalito.cl\/wp-content\/uploads\/2025\/01\/IMG-20250113-WA0002-copia.png","contentUrl":"https:\/\/www.mascoteriagonzalito.cl\/wp-content\/uploads\/2025\/01\/IMG-20250113-WA0002-copia.png","width":1600,"height":1600,"caption":"Mascoter\u00eda Gonzalito"},"image":{"@id":"https:\/\/www.mascoteriagonzalito.cl\/#\/schema\/logo\/image\/"},"sameAs":["https:\/\/www.facebook.com\/mascoteria.gonzalito\/"]}]}},"_links":{"self":[{"href":"https:\/\/www.mascoteriagonzalito.cl\/index.php\/wp-json\/wp\/v2\/product\/4391","targetHints":{"allow":["GET"]}}],"collection":[{"href":"https:\/\/www.mascoteriagonzalito.cl\/index.php\/wp-json\/wp\/v2\/product"}],"about":[{"href":"https:\/\/www.mascoteriagonzalito.cl\/index.php\/wp-json\/wp\/v2\/types\/product"}],"replies":[{"embeddable":true,"href":"https:\/\/www.mascoteriagonzalito.cl\/index.php\/wp-json\/wp\/v2\/comments?post=4391"}],"wp:featuredmedia":[{"embeddable":true,"href":"https:\/\/www.mascoteriagonzalito.cl\/index.php\/wp-json\/wp\/v2\/media\/4399"}],"wp:attachment":[{"href":"https:\/\/www.mascoteriagonzalito.cl\/index.php\/wp-json\/wp\/v2\/media?parent=4391"}],"wp:term":[{"taxonomy":"product_brand","embeddable":true,"href":"https:\/\/www.mascoteriagonzalito.cl\/index.php\/wp-json\/wp\/v2\/product_brand?post=4391"},{"taxonomy":"product_cat","embeddable":true,"href":"https:\/\/www.mascoteriagonzalito.cl\/index.php\/wp-json\/wp\/v2\/product_cat?post=4391"},{"taxonomy":"product_tag","embeddable":true,"href":"https:\/\/www.mascoteriagonzalito.cl\/index.php\/wp-json\/wp\/v2\/product_tag?post=4391"}],"curies":[{"name":"wp","href":"https:\/\/api.w.org\/{rel}","templated":true}]}}