{"id":4120,"date":"2025-05-15T21:39:46","date_gmt":"2025-05-15T21:39:46","guid":{"rendered":"https:\/\/www.mascoteriagonzalito.cl\/?post_type=product&#038;p=4120"},"modified":"2026-04-17T20:18:23","modified_gmt":"2026-04-17T20:18:23","slug":"mazuri-guinea-pig-timothy-diet-1-kg","status":"publish","type":"product","link":"https:\/\/www.mascoteriagonzalito.cl\/index.php\/producto\/mazuri-guinea-pig-timothy-diet-1-kg\/","title":{"rendered":"MAZURI GUINEA PIG DIET 1 KG"},"content":{"rendered":"<p><strong>DESCRIPCION\u00a0<\/strong><\/p>\n<p>La dieta Mazuri\u00ae para cobayas a base de heno Timothy est\u00e1 dise\u00f1ada para satisfacer las necesidades de su cobaya. Elaborada con heno Timothy, esta dieta proporciona una cantidad baja de prote\u00ednas y minerales equilibrados, esenciales para la salud \u00f3ptima de las cobayas en todas las etapas de su vida. Los pellets est\u00e1n especialmente elaborados para garantizar que su cobaya reciba todos los nutrientes esenciales que necesita para prosperar. El pellet, rico en fibra, favorece la masticaci\u00f3n y contiene probi\u00f3ticos vivos para la salud intestinal. Con la dieta Mazuri\u00ae para cobayas a base de heno Timothy, puede estar seguro de que su mascota recibe la mejor nutrici\u00f3n posible para mantener una vida sana y feliz.<\/p>\n<p><strong>INGREDIENTES\u00a0<\/strong><\/p>\n<p>Heno de timoteo molido, harina de soja descascarillada, harinillas de trigo, c\u00e1scaras de soja molidas, avena molida, linaza molida, melaza de ca\u00f1a, carbonato de calcio, aceite de soja, sal, fosfato dic\u00e1lcico, L-ascorbil-2-polifosfato (vitamina C), \u00f3xido de magnesio, trigo molido, cloruro de colina, DL-metionina, producto de fermentaci\u00f3n de Lactobacillus acidophilus seco, producto de fermentaci\u00f3n de Lactobacillus casei seco, producto de fermentaci\u00f3n de Bifidobacterium thermophilum seco, acetato de vitamina A, producto de fermentaci\u00f3n de Enterococcus faecium seco, complejo de bisulfito s\u00f3dico de menadiona (vitamina K), colecalciferol (vitamina D3), extracto de Yucca schidigera, \u00e1cido f\u00f3lico, clorhidrato de piridoxina, pantotenato de calcio, acetato de d-alfa tocoferilo (vitamina E). \u00d3xido manganoso, \u00f3xido de zinc, riboflavina-5-fosfato, carbonato ferroso, mononitrato de tiamina, suplemento de vitamina B12, \u00e1cido nicot\u00ednico (niacina), sulfato de cobre, carbonato de cobalto, sulfato de zinc, yodato de calcio, selenito de sodio.<\/p>\n","protected":false},"excerpt":{"rendered":"<ul>\n<li><strong><span>Pellet a base de heno Timothy<\/span><\/strong><span>\u00a0\u00a0: menor contenido de prote\u00ednas y mejor equilibrio mineral que la alfalfa.<\/span><\/li>\n<li><strong><span>Mayor contenido de fibra<\/span><\/strong><span>\u00a0\u00a0: para ayudar a favorecer la actividad masticatoria y un sistema digestivo saludable.<\/span><\/li>\n<li><strong><span>Contiene vitamina C estabilizada \u00a0<\/span><\/strong><span>\u00a0: permanece activa durante m\u00e1s tiempo que la vitamina C tradicional.<\/span><\/li>\n<li><strong><span>Sin colorantes ni sabores artificiales.<\/span><\/strong><\/li>\n<\/ul>\n","protected":false},"featured_media":4160,"comment_status":"open","ping_status":"closed","template":"","meta":[],"product_brand":[136],"product_cat":[174],"product_tag":[],"class_list":{"0":"post-4120","1":"product","2":"type-product","3":"status-publish","4":"has-post-thumbnail","6":"product_brand-mazuri","7":"product_cat-animales-exoticos","9":"first","10":"instock","11":"shipping-taxable","12":"purchasable","13":"product-type-simple"},"yoast_head":"<!-- This site is optimized with the Yoast SEO plugin v27.4 - https:\/\/yoast.com\/product\/yoast-seo-wordpress\/ -->\n<title>MAZURI GUINEA PIG DIET 1 KG - Mascoter\u00eda Gonzalito<\/title>\n<meta name=\"robots\" content=\"index, follow, max-snippet:-1, max-image-preview:large, max-video-preview:-1\" \/>\n<link rel=\"canonical\" href=\"https:\/\/www.mascoteriagonzalito.cl\/index.php\/producto\/mazuri-guinea-pig-timothy-diet-1-kg\/\" \/>\n<meta property=\"og:locale\" content=\"es_ES\" \/>\n<meta property=\"og:type\" content=\"article\" \/>\n<meta property=\"og:title\" content=\"MAZURI GUINEA PIG DIET 1 KG - Mascoter\u00eda Gonzalito\" \/>\n<meta property=\"og:description\" content=\"Pellet a base de heno Timothy\u00a0\u00a0: menor contenido de prote\u00ednas y mejor equilibrio mineral que la alfalfa.  Mayor contenido de fibra\u00a0\u00a0: para ayudar a favorecer la actividad masticatoria y un sistema digestivo saludable.  Contiene vitamina C estabilizada \u00a0\u00a0: permanece activa durante m\u00e1s tiempo que la vitamina C tradicional.  Sin colorantes ni sabores artificiales.\" \/>\n<meta property=\"og:url\" content=\"https:\/\/www.mascoteriagonzalito.cl\/index.php\/producto\/mazuri-guinea-pig-timothy-diet-1-kg\/\" \/>\n<meta property=\"og:site_name\" content=\"Mascoter\u00eda Gonzalito\" \/>\n<meta property=\"article:publisher\" content=\"https:\/\/www.facebook.com\/mascoteria.gonzalito\/\" \/>\n<meta property=\"article:modified_time\" content=\"2026-04-17T20:18:23+00:00\" \/>\n<meta property=\"og:image\" content=\"https:\/\/www.mascoteriagonzalito.cl\/wp-content\/uploads\/2025\/05\/MAZURI.webp\" \/>\n\t<meta property=\"og:image:width\" content=\"1200\" \/>\n\t<meta property=\"og:image:height\" content=\"1200\" \/>\n\t<meta property=\"og:image:type\" content=\"image\/webp\" \/>\n<meta name=\"twitter:card\" content=\"summary_large_image\" \/>\n<meta name=\"twitter:label1\" content=\"Tiempo de lectura\" \/>\n\t<meta name=\"twitter:data1\" content=\"1 minuto\" \/>\n<script type=\"application\/ld+json\" class=\"yoast-schema-graph\">{\"@context\":\"https:\\\/\\\/schema.org\",\"@graph\":[{\"@type\":\"WebPage\",\"@id\":\"https:\\\/\\\/www.mascoteriagonzalito.cl\\\/index.php\\\/producto\\\/mazuri-guinea-pig-timothy-diet-1-kg\\\/\",\"url\":\"https:\\\/\\\/www.mascoteriagonzalito.cl\\\/index.php\\\/producto\\\/mazuri-guinea-pig-timothy-diet-1-kg\\\/\",\"name\":\"MAZURI GUINEA PIG DIET 1 KG - Mascoter\u00eda Gonzalito\",\"isPartOf\":{\"@id\":\"https:\\\/\\\/www.mascoteriagonzalito.cl\\\/#website\"},\"primaryImageOfPage\":{\"@id\":\"https:\\\/\\\/www.mascoteriagonzalito.cl\\\/index.php\\\/producto\\\/mazuri-guinea-pig-timothy-diet-1-kg\\\/#primaryimage\"},\"image\":{\"@id\":\"https:\\\/\\\/www.mascoteriagonzalito.cl\\\/index.php\\\/producto\\\/mazuri-guinea-pig-timothy-diet-1-kg\\\/#primaryimage\"},\"thumbnailUrl\":\"https:\\\/\\\/www.mascoteriagonzalito.cl\\\/wp-content\\\/uploads\\\/2025\\\/05\\\/MAZURI.webp\",\"datePublished\":\"2025-05-15T21:39:46+00:00\",\"dateModified\":\"2026-04-17T20:18:23+00:00\",\"breadcrumb\":{\"@id\":\"https:\\\/\\\/www.mascoteriagonzalito.cl\\\/index.php\\\/producto\\\/mazuri-guinea-pig-timothy-diet-1-kg\\\/#breadcrumb\"},\"inLanguage\":\"es\",\"potentialAction\":[{\"@type\":\"ReadAction\",\"target\":[\"https:\\\/\\\/www.mascoteriagonzalito.cl\\\/index.php\\\/producto\\\/mazuri-guinea-pig-timothy-diet-1-kg\\\/\"]}]},{\"@type\":\"ImageObject\",\"inLanguage\":\"es\",\"@id\":\"https:\\\/\\\/www.mascoteriagonzalito.cl\\\/index.php\\\/producto\\\/mazuri-guinea-pig-timothy-diet-1-kg\\\/#primaryimage\",\"url\":\"https:\\\/\\\/www.mascoteriagonzalito.cl\\\/wp-content\\\/uploads\\\/2025\\\/05\\\/MAZURI.webp\",\"contentUrl\":\"https:\\\/\\\/www.mascoteriagonzalito.cl\\\/wp-content\\\/uploads\\\/2025\\\/05\\\/MAZURI.webp\",\"width\":1200,\"height\":1200},{\"@type\":\"BreadcrumbList\",\"@id\":\"https:\\\/\\\/www.mascoteriagonzalito.cl\\\/index.php\\\/producto\\\/mazuri-guinea-pig-timothy-diet-1-kg\\\/#breadcrumb\",\"itemListElement\":[{\"@type\":\"ListItem\",\"position\":1,\"name\":\"Portada\",\"item\":\"https:\\\/\\\/www.mascoteriagonzalito.cl\\\/\"},{\"@type\":\"ListItem\",\"position\":2,\"name\":\"Tienda\",\"item\":\"https:\\\/\\\/www.mascoteriagonzalito.cl\\\/index.php\\\/tienda\\\/\"},{\"@type\":\"ListItem\",\"position\":3,\"name\":\"MAZURI GUINEA PIG DIET 1 KG\"}]},{\"@type\":\"WebSite\",\"@id\":\"https:\\\/\\\/www.mascoteriagonzalito.cl\\\/#website\",\"url\":\"https:\\\/\\\/www.mascoteriagonzalito.cl\\\/\",\"name\":\"Mascoter\u00eda Gonzalito\",\"description\":\"Alimentos y accesorios para mascotas\",\"publisher\":{\"@id\":\"https:\\\/\\\/www.mascoteriagonzalito.cl\\\/#organization\"},\"potentialAction\":[{\"@type\":\"SearchAction\",\"target\":{\"@type\":\"EntryPoint\",\"urlTemplate\":\"https:\\\/\\\/www.mascoteriagonzalito.cl\\\/?s={search_term_string}\"},\"query-input\":{\"@type\":\"PropertyValueSpecification\",\"valueRequired\":true,\"valueName\":\"search_term_string\"}}],\"inLanguage\":\"es\"},{\"@type\":\"Organization\",\"@id\":\"https:\\\/\\\/www.mascoteriagonzalito.cl\\\/#organization\",\"name\":\"Mascoter\u00eda Gonzalito\",\"url\":\"https:\\\/\\\/www.mascoteriagonzalito.cl\\\/\",\"logo\":{\"@type\":\"ImageObject\",\"inLanguage\":\"es\",\"@id\":\"https:\\\/\\\/www.mascoteriagonzalito.cl\\\/#\\\/schema\\\/logo\\\/image\\\/\",\"url\":\"https:\\\/\\\/www.mascoteriagonzalito.cl\\\/wp-content\\\/uploads\\\/2025\\\/01\\\/IMG-20250113-WA0002-copia.png\",\"contentUrl\":\"https:\\\/\\\/www.mascoteriagonzalito.cl\\\/wp-content\\\/uploads\\\/2025\\\/01\\\/IMG-20250113-WA0002-copia.png\",\"width\":1600,\"height\":1600,\"caption\":\"Mascoter\u00eda Gonzalito\"},\"image\":{\"@id\":\"https:\\\/\\\/www.mascoteriagonzalito.cl\\\/#\\\/schema\\\/logo\\\/image\\\/\"},\"sameAs\":[\"https:\\\/\\\/www.facebook.com\\\/mascoteria.gonzalito\\\/\"]}]}<\/script>\n<!-- \/ Yoast SEO plugin. -->","yoast_head_json":{"title":"MAZURI GUINEA PIG DIET 1 KG - Mascoter\u00eda Gonzalito","robots":{"index":"index","follow":"follow","max-snippet":"max-snippet:-1","max-image-preview":"max-image-preview:large","max-video-preview":"max-video-preview:-1"},"canonical":"https:\/\/www.mascoteriagonzalito.cl\/index.php\/producto\/mazuri-guinea-pig-timothy-diet-1-kg\/","og_locale":"es_ES","og_type":"article","og_title":"MAZURI GUINEA PIG DIET 1 KG - Mascoter\u00eda Gonzalito","og_description":"Pellet a base de heno Timothy\u00a0\u00a0: menor contenido de prote\u00ednas y mejor equilibrio mineral que la alfalfa.  Mayor contenido de fibra\u00a0\u00a0: para ayudar a favorecer la actividad masticatoria y un sistema digestivo saludable.  Contiene vitamina C estabilizada \u00a0\u00a0: permanece activa durante m\u00e1s tiempo que la vitamina C tradicional.  Sin colorantes ni sabores artificiales.","og_url":"https:\/\/www.mascoteriagonzalito.cl\/index.php\/producto\/mazuri-guinea-pig-timothy-diet-1-kg\/","og_site_name":"Mascoter\u00eda Gonzalito","article_publisher":"https:\/\/www.facebook.com\/mascoteria.gonzalito\/","article_modified_time":"2026-04-17T20:18:23+00:00","og_image":[{"width":1200,"height":1200,"url":"https:\/\/www.mascoteriagonzalito.cl\/wp-content\/uploads\/2025\/05\/MAZURI.webp","type":"image\/webp"}],"twitter_card":"summary_large_image","twitter_misc":{"Tiempo de lectura":"1 minuto"},"schema":{"@context":"https:\/\/schema.org","@graph":[{"@type":"WebPage","@id":"https:\/\/www.mascoteriagonzalito.cl\/index.php\/producto\/mazuri-guinea-pig-timothy-diet-1-kg\/","url":"https:\/\/www.mascoteriagonzalito.cl\/index.php\/producto\/mazuri-guinea-pig-timothy-diet-1-kg\/","name":"MAZURI GUINEA PIG DIET 1 KG - Mascoter\u00eda Gonzalito","isPartOf":{"@id":"https:\/\/www.mascoteriagonzalito.cl\/#website"},"primaryImageOfPage":{"@id":"https:\/\/www.mascoteriagonzalito.cl\/index.php\/producto\/mazuri-guinea-pig-timothy-diet-1-kg\/#primaryimage"},"image":{"@id":"https:\/\/www.mascoteriagonzalito.cl\/index.php\/producto\/mazuri-guinea-pig-timothy-diet-1-kg\/#primaryimage"},"thumbnailUrl":"https:\/\/www.mascoteriagonzalito.cl\/wp-content\/uploads\/2025\/05\/MAZURI.webp","datePublished":"2025-05-15T21:39:46+00:00","dateModified":"2026-04-17T20:18:23+00:00","breadcrumb":{"@id":"https:\/\/www.mascoteriagonzalito.cl\/index.php\/producto\/mazuri-guinea-pig-timothy-diet-1-kg\/#breadcrumb"},"inLanguage":"es","potentialAction":[{"@type":"ReadAction","target":["https:\/\/www.mascoteriagonzalito.cl\/index.php\/producto\/mazuri-guinea-pig-timothy-diet-1-kg\/"]}]},{"@type":"ImageObject","inLanguage":"es","@id":"https:\/\/www.mascoteriagonzalito.cl\/index.php\/producto\/mazuri-guinea-pig-timothy-diet-1-kg\/#primaryimage","url":"https:\/\/www.mascoteriagonzalito.cl\/wp-content\/uploads\/2025\/05\/MAZURI.webp","contentUrl":"https:\/\/www.mascoteriagonzalito.cl\/wp-content\/uploads\/2025\/05\/MAZURI.webp","width":1200,"height":1200},{"@type":"BreadcrumbList","@id":"https:\/\/www.mascoteriagonzalito.cl\/index.php\/producto\/mazuri-guinea-pig-timothy-diet-1-kg\/#breadcrumb","itemListElement":[{"@type":"ListItem","position":1,"name":"Portada","item":"https:\/\/www.mascoteriagonzalito.cl\/"},{"@type":"ListItem","position":2,"name":"Tienda","item":"https:\/\/www.mascoteriagonzalito.cl\/index.php\/tienda\/"},{"@type":"ListItem","position":3,"name":"MAZURI GUINEA PIG DIET 1 KG"}]},{"@type":"WebSite","@id":"https:\/\/www.mascoteriagonzalito.cl\/#website","url":"https:\/\/www.mascoteriagonzalito.cl\/","name":"Mascoter\u00eda Gonzalito","description":"Alimentos y accesorios para mascotas","publisher":{"@id":"https:\/\/www.mascoteriagonzalito.cl\/#organization"},"potentialAction":[{"@type":"SearchAction","target":{"@type":"EntryPoint","urlTemplate":"https:\/\/www.mascoteriagonzalito.cl\/?s={search_term_string}"},"query-input":{"@type":"PropertyValueSpecification","valueRequired":true,"valueName":"search_term_string"}}],"inLanguage":"es"},{"@type":"Organization","@id":"https:\/\/www.mascoteriagonzalito.cl\/#organization","name":"Mascoter\u00eda Gonzalito","url":"https:\/\/www.mascoteriagonzalito.cl\/","logo":{"@type":"ImageObject","inLanguage":"es","@id":"https:\/\/www.mascoteriagonzalito.cl\/#\/schema\/logo\/image\/","url":"https:\/\/www.mascoteriagonzalito.cl\/wp-content\/uploads\/2025\/01\/IMG-20250113-WA0002-copia.png","contentUrl":"https:\/\/www.mascoteriagonzalito.cl\/wp-content\/uploads\/2025\/01\/IMG-20250113-WA0002-copia.png","width":1600,"height":1600,"caption":"Mascoter\u00eda Gonzalito"},"image":{"@id":"https:\/\/www.mascoteriagonzalito.cl\/#\/schema\/logo\/image\/"},"sameAs":["https:\/\/www.facebook.com\/mascoteria.gonzalito\/"]}]}},"_links":{"self":[{"href":"https:\/\/www.mascoteriagonzalito.cl\/index.php\/wp-json\/wp\/v2\/product\/4120","targetHints":{"allow":["GET"]}}],"collection":[{"href":"https:\/\/www.mascoteriagonzalito.cl\/index.php\/wp-json\/wp\/v2\/product"}],"about":[{"href":"https:\/\/www.mascoteriagonzalito.cl\/index.php\/wp-json\/wp\/v2\/types\/product"}],"replies":[{"embeddable":true,"href":"https:\/\/www.mascoteriagonzalito.cl\/index.php\/wp-json\/wp\/v2\/comments?post=4120"}],"wp:featuredmedia":[{"embeddable":true,"href":"https:\/\/www.mascoteriagonzalito.cl\/index.php\/wp-json\/wp\/v2\/media\/4160"}],"wp:attachment":[{"href":"https:\/\/www.mascoteriagonzalito.cl\/index.php\/wp-json\/wp\/v2\/media?parent=4120"}],"wp:term":[{"taxonomy":"product_brand","embeddable":true,"href":"https:\/\/www.mascoteriagonzalito.cl\/index.php\/wp-json\/wp\/v2\/product_brand?post=4120"},{"taxonomy":"product_cat","embeddable":true,"href":"https:\/\/www.mascoteriagonzalito.cl\/index.php\/wp-json\/wp\/v2\/product_cat?post=4120"},{"taxonomy":"product_tag","embeddable":true,"href":"https:\/\/www.mascoteriagonzalito.cl\/index.php\/wp-json\/wp\/v2\/product_tag?post=4120"}],"curies":[{"name":"wp","href":"https:\/\/api.w.org\/{rel}","templated":true}]}}