{"id":4118,"date":"2025-05-15T21:35:31","date_gmt":"2025-05-15T21:35:31","guid":{"rendered":"https:\/\/www.mascoteriagonzalito.cl\/?post_type=product&#038;p=4118"},"modified":"2026-04-15T23:09:12","modified_gmt":"2026-04-15T23:09:12","slug":"invermic-antiparasitario-interno-10-ml","status":"publish","type":"product","link":"https:\/\/www.mascoteriagonzalito.cl\/index.php\/producto\/invermic-antiparasitario-interno-10-ml\/","title":{"rendered":"INVERMIC ANTIPARASITARIO INTERNO PERRO 10 ML"},"content":{"rendered":"<p>Invermic Gotas para Perros es un potente antihelm\u00edntico de uso oral y acci\u00f3n sist\u00e9mica, en dosis \u00fanica elimina las formas larvarias y adultas de nem\u00e1todos del tracto gastrointestinal y de las v\u00edas respiratorias.\u00a0 Invermic Gotas para Perros No presenta actividad contra tenias (c\u00e9stodos). Gracias a sus propiedades inmunoestimulantes, puede ser usado en animales debilitados o inmunodeprimidos.<\/p>\n<h4>Dosis<\/h4>\n<p>Administrar por v\u00eda oral 6 gotas por cada kilo de peso (6 mg\/Kg), en dosis \u00fanica.<\/p>\n<p>DOSIS INMUNOMODULADORA: 2 a 3 gotas por kilo de peso, 3 veces por semana. La duraci\u00f3n del tratamiento depender\u00e1 de la patolog\u00eda inmune a tratar.<\/p>\n<h4>Observaciones<\/h4>\n<ul>\n<li>PRECAUCIONES: En caso de sobredosificaci\u00f3n, los s\u00edntomas como sialorrea, temblores musculares o v\u00f3mitos desaparecen espont\u00e1neamente sin dejar secuelas.<\/li>\n<li>CONSERVACI\u00d3N: Almacenar a temperatura ambiente entre 15 y 30\u00b0C, en lugar fresco y seco.<\/li>\n<li>CONDICI\u00d3N DE VENTA: Venta bajo receta M\u00e9dico Veterinaria.<\/li>\n<\/ul>\n<h4>Contraindicaciones<\/h4>\n<ul>\n<li>No usar en perras en el \u00faltimo tercio de gestaci\u00f3n, en perros que presenten insuficiencia hep\u00e1tica o renal o \u00a0a perros menores de 2 semanas de edad.<\/li>\n<\/ul>\n<h4>Presentaci\u00f3n<\/h4>\n<p>Frasco\u00a0 con 10 mL<\/p>\n<h4>Precauciones<\/h4>\n<p>ADVERTENCIAS: Mantener fuera del alcance de los ni\u00f1os.<\/p>\n","protected":false},"excerpt":{"rendered":"<p>Invermic Gotas para Perros es un potente antihelm\u00edntico de uso oral y acci\u00f3n sist\u00e9mica, en dosis \u00fanica elimina las formas larvarias y adultas de nem\u00e1todos del tracto gastrointestinal y de las v\u00edas respiratorias.\u00a0 Invermic Gotas para Perros No presenta actividad contra tenias (c\u00e9stodos). Gracias a sus propiedades inmunoestimulantes, puede ser usado en animales debilitados o inmunodeprimidos.<\/p>\n","protected":false},"featured_media":5800,"comment_status":"open","ping_status":"closed","template":"","meta":[],"product_brand":[153],"product_cat":[39],"product_tag":[],"class_list":{"0":"post-4118","1":"product","2":"type-product","3":"status-publish","4":"has-post-thumbnail","6":"product_brand-drag-pharma","7":"product_cat-antiparasitarios-perro","9":"first","10":"instock","11":"shipping-taxable","12":"purchasable","13":"product-type-simple"},"yoast_head":"<!-- This site is optimized with the Yoast SEO plugin v27.4 - https:\/\/yoast.com\/product\/yoast-seo-wordpress\/ -->\n<title>INVERMIC ANTIPARASITARIO INTERNO PERRO 10 ML - Mascoter\u00eda Gonzalito<\/title>\n<meta name=\"robots\" content=\"index, follow, max-snippet:-1, max-image-preview:large, max-video-preview:-1\" \/>\n<link rel=\"canonical\" href=\"https:\/\/www.mascoteriagonzalito.cl\/index.php\/producto\/invermic-antiparasitario-interno-10-ml\/\" \/>\n<meta property=\"og:locale\" content=\"es_ES\" \/>\n<meta property=\"og:type\" content=\"article\" \/>\n<meta property=\"og:title\" content=\"INVERMIC ANTIPARASITARIO INTERNO PERRO 10 ML - Mascoter\u00eda Gonzalito\" \/>\n<meta property=\"og:description\" content=\"Invermic Gotas para Perros es un potente antihelm\u00edntico de uso oral y acci\u00f3n sist\u00e9mica, en dosis \u00fanica elimina las formas larvarias y adultas de nem\u00e1todos del tracto gastrointestinal y de las v\u00edas respiratorias.\u00a0 Invermic Gotas para Perros No presenta actividad contra tenias (c\u00e9stodos). Gracias a sus propiedades inmunoestimulantes, puede ser usado en animales debilitados o inmunodeprimidos.\" \/>\n<meta property=\"og:url\" content=\"https:\/\/www.mascoteriagonzalito.cl\/index.php\/producto\/invermic-antiparasitario-interno-10-ml\/\" \/>\n<meta property=\"og:site_name\" content=\"Mascoter\u00eda Gonzalito\" \/>\n<meta property=\"article:publisher\" content=\"https:\/\/www.facebook.com\/mascoteria.gonzalito\/\" \/>\n<meta property=\"article:modified_time\" content=\"2026-04-15T23:09:12+00:00\" \/>\n<meta property=\"og:image\" content=\"https:\/\/www.mascoteriagonzalito.cl\/wp-content\/uploads\/2025\/05\/invermic-perro-10ml.jpg\" \/>\n\t<meta property=\"og:image:width\" content=\"800\" \/>\n\t<meta property=\"og:image:height\" content=\"800\" \/>\n\t<meta property=\"og:image:type\" content=\"image\/jpeg\" \/>\n<meta name=\"twitter:card\" content=\"summary_large_image\" \/>\n<meta name=\"twitter:label1\" content=\"Tiempo de lectura\" \/>\n\t<meta name=\"twitter:data1\" content=\"1 minuto\" \/>\n<script type=\"application\/ld+json\" class=\"yoast-schema-graph\">{\"@context\":\"https:\\\/\\\/schema.org\",\"@graph\":[{\"@type\":\"WebPage\",\"@id\":\"https:\\\/\\\/www.mascoteriagonzalito.cl\\\/index.php\\\/producto\\\/invermic-antiparasitario-interno-10-ml\\\/\",\"url\":\"https:\\\/\\\/www.mascoteriagonzalito.cl\\\/index.php\\\/producto\\\/invermic-antiparasitario-interno-10-ml\\\/\",\"name\":\"INVERMIC ANTIPARASITARIO INTERNO PERRO 10 ML - Mascoter\u00eda Gonzalito\",\"isPartOf\":{\"@id\":\"https:\\\/\\\/www.mascoteriagonzalito.cl\\\/#website\"},\"primaryImageOfPage\":{\"@id\":\"https:\\\/\\\/www.mascoteriagonzalito.cl\\\/index.php\\\/producto\\\/invermic-antiparasitario-interno-10-ml\\\/#primaryimage\"},\"image\":{\"@id\":\"https:\\\/\\\/www.mascoteriagonzalito.cl\\\/index.php\\\/producto\\\/invermic-antiparasitario-interno-10-ml\\\/#primaryimage\"},\"thumbnailUrl\":\"https:\\\/\\\/www.mascoteriagonzalito.cl\\\/wp-content\\\/uploads\\\/2025\\\/05\\\/invermic-perro-10ml.jpg\",\"datePublished\":\"2025-05-15T21:35:31+00:00\",\"dateModified\":\"2026-04-15T23:09:12+00:00\",\"breadcrumb\":{\"@id\":\"https:\\\/\\\/www.mascoteriagonzalito.cl\\\/index.php\\\/producto\\\/invermic-antiparasitario-interno-10-ml\\\/#breadcrumb\"},\"inLanguage\":\"es\",\"potentialAction\":[{\"@type\":\"ReadAction\",\"target\":[\"https:\\\/\\\/www.mascoteriagonzalito.cl\\\/index.php\\\/producto\\\/invermic-antiparasitario-interno-10-ml\\\/\"]}]},{\"@type\":\"ImageObject\",\"inLanguage\":\"es\",\"@id\":\"https:\\\/\\\/www.mascoteriagonzalito.cl\\\/index.php\\\/producto\\\/invermic-antiparasitario-interno-10-ml\\\/#primaryimage\",\"url\":\"https:\\\/\\\/www.mascoteriagonzalito.cl\\\/wp-content\\\/uploads\\\/2025\\\/05\\\/invermic-perro-10ml.jpg\",\"contentUrl\":\"https:\\\/\\\/www.mascoteriagonzalito.cl\\\/wp-content\\\/uploads\\\/2025\\\/05\\\/invermic-perro-10ml.jpg\",\"width\":800,\"height\":800},{\"@type\":\"BreadcrumbList\",\"@id\":\"https:\\\/\\\/www.mascoteriagonzalito.cl\\\/index.php\\\/producto\\\/invermic-antiparasitario-interno-10-ml\\\/#breadcrumb\",\"itemListElement\":[{\"@type\":\"ListItem\",\"position\":1,\"name\":\"Portada\",\"item\":\"https:\\\/\\\/www.mascoteriagonzalito.cl\\\/\"},{\"@type\":\"ListItem\",\"position\":2,\"name\":\"Tienda\",\"item\":\"https:\\\/\\\/www.mascoteriagonzalito.cl\\\/index.php\\\/tienda\\\/\"},{\"@type\":\"ListItem\",\"position\":3,\"name\":\"INVERMIC ANTIPARASITARIO INTERNO PERRO 10 ML\"}]},{\"@type\":\"WebSite\",\"@id\":\"https:\\\/\\\/www.mascoteriagonzalito.cl\\\/#website\",\"url\":\"https:\\\/\\\/www.mascoteriagonzalito.cl\\\/\",\"name\":\"Mascoter\u00eda Gonzalito\",\"description\":\"Alimentos y accesorios para mascotas\",\"publisher\":{\"@id\":\"https:\\\/\\\/www.mascoteriagonzalito.cl\\\/#organization\"},\"potentialAction\":[{\"@type\":\"SearchAction\",\"target\":{\"@type\":\"EntryPoint\",\"urlTemplate\":\"https:\\\/\\\/www.mascoteriagonzalito.cl\\\/?s={search_term_string}\"},\"query-input\":{\"@type\":\"PropertyValueSpecification\",\"valueRequired\":true,\"valueName\":\"search_term_string\"}}],\"inLanguage\":\"es\"},{\"@type\":\"Organization\",\"@id\":\"https:\\\/\\\/www.mascoteriagonzalito.cl\\\/#organization\",\"name\":\"Mascoter\u00eda Gonzalito\",\"url\":\"https:\\\/\\\/www.mascoteriagonzalito.cl\\\/\",\"logo\":{\"@type\":\"ImageObject\",\"inLanguage\":\"es\",\"@id\":\"https:\\\/\\\/www.mascoteriagonzalito.cl\\\/#\\\/schema\\\/logo\\\/image\\\/\",\"url\":\"https:\\\/\\\/www.mascoteriagonzalito.cl\\\/wp-content\\\/uploads\\\/2025\\\/01\\\/IMG-20250113-WA0002-copia.png\",\"contentUrl\":\"https:\\\/\\\/www.mascoteriagonzalito.cl\\\/wp-content\\\/uploads\\\/2025\\\/01\\\/IMG-20250113-WA0002-copia.png\",\"width\":1600,\"height\":1600,\"caption\":\"Mascoter\u00eda Gonzalito\"},\"image\":{\"@id\":\"https:\\\/\\\/www.mascoteriagonzalito.cl\\\/#\\\/schema\\\/logo\\\/image\\\/\"},\"sameAs\":[\"https:\\\/\\\/www.facebook.com\\\/mascoteria.gonzalito\\\/\"]}]}<\/script>\n<!-- \/ Yoast SEO plugin. -->","yoast_head_json":{"title":"INVERMIC ANTIPARASITARIO INTERNO PERRO 10 ML - Mascoter\u00eda Gonzalito","robots":{"index":"index","follow":"follow","max-snippet":"max-snippet:-1","max-image-preview":"max-image-preview:large","max-video-preview":"max-video-preview:-1"},"canonical":"https:\/\/www.mascoteriagonzalito.cl\/index.php\/producto\/invermic-antiparasitario-interno-10-ml\/","og_locale":"es_ES","og_type":"article","og_title":"INVERMIC ANTIPARASITARIO INTERNO PERRO 10 ML - Mascoter\u00eda Gonzalito","og_description":"Invermic Gotas para Perros es un potente antihelm\u00edntico de uso oral y acci\u00f3n sist\u00e9mica, en dosis \u00fanica elimina las formas larvarias y adultas de nem\u00e1todos del tracto gastrointestinal y de las v\u00edas respiratorias.\u00a0 Invermic Gotas para Perros No presenta actividad contra tenias (c\u00e9stodos). Gracias a sus propiedades inmunoestimulantes, puede ser usado en animales debilitados o inmunodeprimidos.","og_url":"https:\/\/www.mascoteriagonzalito.cl\/index.php\/producto\/invermic-antiparasitario-interno-10-ml\/","og_site_name":"Mascoter\u00eda Gonzalito","article_publisher":"https:\/\/www.facebook.com\/mascoteria.gonzalito\/","article_modified_time":"2026-04-15T23:09:12+00:00","og_image":[{"width":800,"height":800,"url":"https:\/\/www.mascoteriagonzalito.cl\/wp-content\/uploads\/2025\/05\/invermic-perro-10ml.jpg","type":"image\/jpeg"}],"twitter_card":"summary_large_image","twitter_misc":{"Tiempo de lectura":"1 minuto"},"schema":{"@context":"https:\/\/schema.org","@graph":[{"@type":"WebPage","@id":"https:\/\/www.mascoteriagonzalito.cl\/index.php\/producto\/invermic-antiparasitario-interno-10-ml\/","url":"https:\/\/www.mascoteriagonzalito.cl\/index.php\/producto\/invermic-antiparasitario-interno-10-ml\/","name":"INVERMIC ANTIPARASITARIO INTERNO PERRO 10 ML - Mascoter\u00eda Gonzalito","isPartOf":{"@id":"https:\/\/www.mascoteriagonzalito.cl\/#website"},"primaryImageOfPage":{"@id":"https:\/\/www.mascoteriagonzalito.cl\/index.php\/producto\/invermic-antiparasitario-interno-10-ml\/#primaryimage"},"image":{"@id":"https:\/\/www.mascoteriagonzalito.cl\/index.php\/producto\/invermic-antiparasitario-interno-10-ml\/#primaryimage"},"thumbnailUrl":"https:\/\/www.mascoteriagonzalito.cl\/wp-content\/uploads\/2025\/05\/invermic-perro-10ml.jpg","datePublished":"2025-05-15T21:35:31+00:00","dateModified":"2026-04-15T23:09:12+00:00","breadcrumb":{"@id":"https:\/\/www.mascoteriagonzalito.cl\/index.php\/producto\/invermic-antiparasitario-interno-10-ml\/#breadcrumb"},"inLanguage":"es","potentialAction":[{"@type":"ReadAction","target":["https:\/\/www.mascoteriagonzalito.cl\/index.php\/producto\/invermic-antiparasitario-interno-10-ml\/"]}]},{"@type":"ImageObject","inLanguage":"es","@id":"https:\/\/www.mascoteriagonzalito.cl\/index.php\/producto\/invermic-antiparasitario-interno-10-ml\/#primaryimage","url":"https:\/\/www.mascoteriagonzalito.cl\/wp-content\/uploads\/2025\/05\/invermic-perro-10ml.jpg","contentUrl":"https:\/\/www.mascoteriagonzalito.cl\/wp-content\/uploads\/2025\/05\/invermic-perro-10ml.jpg","width":800,"height":800},{"@type":"BreadcrumbList","@id":"https:\/\/www.mascoteriagonzalito.cl\/index.php\/producto\/invermic-antiparasitario-interno-10-ml\/#breadcrumb","itemListElement":[{"@type":"ListItem","position":1,"name":"Portada","item":"https:\/\/www.mascoteriagonzalito.cl\/"},{"@type":"ListItem","position":2,"name":"Tienda","item":"https:\/\/www.mascoteriagonzalito.cl\/index.php\/tienda\/"},{"@type":"ListItem","position":3,"name":"INVERMIC ANTIPARASITARIO INTERNO PERRO 10 ML"}]},{"@type":"WebSite","@id":"https:\/\/www.mascoteriagonzalito.cl\/#website","url":"https:\/\/www.mascoteriagonzalito.cl\/","name":"Mascoter\u00eda Gonzalito","description":"Alimentos y accesorios para mascotas","publisher":{"@id":"https:\/\/www.mascoteriagonzalito.cl\/#organization"},"potentialAction":[{"@type":"SearchAction","target":{"@type":"EntryPoint","urlTemplate":"https:\/\/www.mascoteriagonzalito.cl\/?s={search_term_string}"},"query-input":{"@type":"PropertyValueSpecification","valueRequired":true,"valueName":"search_term_string"}}],"inLanguage":"es"},{"@type":"Organization","@id":"https:\/\/www.mascoteriagonzalito.cl\/#organization","name":"Mascoter\u00eda Gonzalito","url":"https:\/\/www.mascoteriagonzalito.cl\/","logo":{"@type":"ImageObject","inLanguage":"es","@id":"https:\/\/www.mascoteriagonzalito.cl\/#\/schema\/logo\/image\/","url":"https:\/\/www.mascoteriagonzalito.cl\/wp-content\/uploads\/2025\/01\/IMG-20250113-WA0002-copia.png","contentUrl":"https:\/\/www.mascoteriagonzalito.cl\/wp-content\/uploads\/2025\/01\/IMG-20250113-WA0002-copia.png","width":1600,"height":1600,"caption":"Mascoter\u00eda Gonzalito"},"image":{"@id":"https:\/\/www.mascoteriagonzalito.cl\/#\/schema\/logo\/image\/"},"sameAs":["https:\/\/www.facebook.com\/mascoteria.gonzalito\/"]}]}},"_links":{"self":[{"href":"https:\/\/www.mascoteriagonzalito.cl\/index.php\/wp-json\/wp\/v2\/product\/4118","targetHints":{"allow":["GET"]}}],"collection":[{"href":"https:\/\/www.mascoteriagonzalito.cl\/index.php\/wp-json\/wp\/v2\/product"}],"about":[{"href":"https:\/\/www.mascoteriagonzalito.cl\/index.php\/wp-json\/wp\/v2\/types\/product"}],"replies":[{"embeddable":true,"href":"https:\/\/www.mascoteriagonzalito.cl\/index.php\/wp-json\/wp\/v2\/comments?post=4118"}],"wp:featuredmedia":[{"embeddable":true,"href":"https:\/\/www.mascoteriagonzalito.cl\/index.php\/wp-json\/wp\/v2\/media\/5800"}],"wp:attachment":[{"href":"https:\/\/www.mascoteriagonzalito.cl\/index.php\/wp-json\/wp\/v2\/media?parent=4118"}],"wp:term":[{"taxonomy":"product_brand","embeddable":true,"href":"https:\/\/www.mascoteriagonzalito.cl\/index.php\/wp-json\/wp\/v2\/product_brand?post=4118"},{"taxonomy":"product_cat","embeddable":true,"href":"https:\/\/www.mascoteriagonzalito.cl\/index.php\/wp-json\/wp\/v2\/product_cat?post=4118"},{"taxonomy":"product_tag","embeddable":true,"href":"https:\/\/www.mascoteriagonzalito.cl\/index.php\/wp-json\/wp\/v2\/product_tag?post=4118"}],"curies":[{"name":"wp","href":"https:\/\/api.w.org\/{rel}","templated":true}]}}