{"id":4007,"date":"2025-04-29T15:17:11","date_gmt":"2025-04-29T15:17:11","guid":{"rendered":"https:\/\/www.mascoteriagonzalito.cl\/?post_type=product&#038;p=4007"},"modified":"2026-02-23T21:03:13","modified_gmt":"2026-02-23T21:03:13","slug":"lata-bravery-dog-chicken-vegetales-290-g","status":"publish","type":"product","link":"https:\/\/www.mascoteriagonzalito.cl\/index.php\/producto\/lata-bravery-dog-chicken-vegetales-290-g\/","title":{"rendered":"LATA BRAVERY  DOG CHICKEN &amp; VEGETALES 290 G"},"content":{"rendered":"<p>DESCRIPCION<\/p>\n<p>H\u00famedo de Pollo y Vegetales para Perros es un alimento h\u00famedo para perros con deliciosa pechuga de pollo en una salsa de vegetales, aceite de salm\u00f3n y oliva extra virgen que mejoran la salud cardiovascular y el sistema inmune.<\/p>\n<p>Esta comida h\u00fameda para perros contiene 100% prote\u00edna de pollo seleccionado y de calidad, procesado adecuadamente y sin mezclar cereales, colorantes, potenciadores del sabor o conservantes, por lo que es una excelente fuente de nutrientes para la salud de tu perro.<\/p>\n<p><strong>Ingredientes de Bravery H\u00famedo de Pollo y Vegetales:<\/strong><\/p>\n<p><strong>COMPOSICI\u00d3N (%):<\/strong><br \/>\nPollo 50, zanahorias 4, guisantes 4, aceite de salmo\u0301n 1, aceite de oliva virgen extra 1, minerales.<\/p>\n<p><strong>CONSTITUYENTES ANAL\u00cdTICOS (%):<\/strong><br \/>\nProtei\u0301na cruda 9, grasa bruta 6, fibra bruta 1, ceniza bruta 2, humedad 80. Taurina 2356 mg\/kg (MS).<\/p>\n<p><strong>\u00bfPor qu\u00e9 preferir Bravery?<\/strong><\/p>\n<p>Bravery es una gama de alimentos secos y h\u00famedos para perros y gatos de prestigio. Se trata de un producto libre de cereales, monoproteico, con carne siempre como primer ingrediente, solo con antioxidantes, hipoalerg\u00e9nico y con productos 100% naturales.<\/p>\n","protected":false},"excerpt":{"rendered":"<p>H\u00famedo de Pollo y Vegetales para Perros es un alimento h\u00famedo para perros con deliciosa pechuga de pollo en una salsa de vegetales, aceite de salm\u00f3n y oliva extra virgen que mejoran la salud cardiovascular y el sistema inmune.<\/p>\n","protected":false},"featured_media":4892,"comment_status":"open","ping_status":"closed","template":"","meta":[],"product_brand":[95],"product_cat":[176],"product_tag":[],"class_list":{"0":"post-4007","1":"product","2":"type-product","3":"status-publish","4":"has-post-thumbnail","6":"product_brand-bravery","7":"product_cat-alimentos-humedos-perros","9":"first","10":"outofstock","11":"shipping-taxable","12":"purchasable","13":"product-type-simple"},"yoast_head":"<!-- This site is optimized with the Yoast SEO plugin v27.4 - https:\/\/yoast.com\/product\/yoast-seo-wordpress\/ -->\n<title>LATA BRAVERY DOG CHICKEN &amp; VEGETALES 290 G - Mascoter\u00eda Gonzalito<\/title>\n<meta name=\"robots\" content=\"index, follow, max-snippet:-1, max-image-preview:large, max-video-preview:-1\" \/>\n<link rel=\"canonical\" href=\"https:\/\/www.mascoteriagonzalito.cl\/index.php\/producto\/lata-bravery-dog-chicken-vegetales-290-g\/\" \/>\n<meta property=\"og:locale\" content=\"es_ES\" \/>\n<meta property=\"og:type\" content=\"article\" \/>\n<meta property=\"og:title\" content=\"LATA BRAVERY DOG CHICKEN &amp; VEGETALES 290 G - Mascoter\u00eda Gonzalito\" \/>\n<meta property=\"og:description\" content=\"H\u00famedo de Pollo y Vegetales para Perros es un alimento h\u00famedo para perros con deliciosa pechuga de pollo en una salsa de vegetales, aceite de salm\u00f3n y oliva extra virgen que mejoran la salud cardiovascular y el sistema inmune.\" \/>\n<meta property=\"og:url\" content=\"https:\/\/www.mascoteriagonzalito.cl\/index.php\/producto\/lata-bravery-dog-chicken-vegetales-290-g\/\" \/>\n<meta property=\"og:site_name\" content=\"Mascoter\u00eda Gonzalito\" \/>\n<meta property=\"article:publisher\" content=\"https:\/\/www.facebook.com\/mascoteria.gonzalito\/\" \/>\n<meta property=\"article:modified_time\" content=\"2026-02-23T21:03:13+00:00\" \/>\n<meta property=\"og:image\" content=\"https:\/\/www.mascoteriagonzalito.cl\/wp-content\/uploads\/2025\/04\/bravery_perros_pollo.jpg\" \/>\n\t<meta property=\"og:image:width\" content=\"700\" \/>\n\t<meta property=\"og:image:height\" content=\"700\" \/>\n\t<meta property=\"og:image:type\" content=\"image\/jpeg\" \/>\n<meta name=\"twitter:card\" content=\"summary_large_image\" \/>\n<meta name=\"twitter:label1\" content=\"Tiempo de lectura\" \/>\n\t<meta name=\"twitter:data1\" content=\"1 minuto\" \/>\n<script type=\"application\/ld+json\" class=\"yoast-schema-graph\">{\"@context\":\"https:\\\/\\\/schema.org\",\"@graph\":[{\"@type\":\"WebPage\",\"@id\":\"https:\\\/\\\/www.mascoteriagonzalito.cl\\\/index.php\\\/producto\\\/lata-bravery-dog-chicken-vegetales-290-g\\\/\",\"url\":\"https:\\\/\\\/www.mascoteriagonzalito.cl\\\/index.php\\\/producto\\\/lata-bravery-dog-chicken-vegetales-290-g\\\/\",\"name\":\"LATA BRAVERY DOG CHICKEN &amp; VEGETALES 290 G - Mascoter\u00eda Gonzalito\",\"isPartOf\":{\"@id\":\"https:\\\/\\\/www.mascoteriagonzalito.cl\\\/#website\"},\"primaryImageOfPage\":{\"@id\":\"https:\\\/\\\/www.mascoteriagonzalito.cl\\\/index.php\\\/producto\\\/lata-bravery-dog-chicken-vegetales-290-g\\\/#primaryimage\"},\"image\":{\"@id\":\"https:\\\/\\\/www.mascoteriagonzalito.cl\\\/index.php\\\/producto\\\/lata-bravery-dog-chicken-vegetales-290-g\\\/#primaryimage\"},\"thumbnailUrl\":\"https:\\\/\\\/www.mascoteriagonzalito.cl\\\/wp-content\\\/uploads\\\/2025\\\/04\\\/bravery_perros_pollo.jpg\",\"datePublished\":\"2025-04-29T15:17:11+00:00\",\"dateModified\":\"2026-02-23T21:03:13+00:00\",\"breadcrumb\":{\"@id\":\"https:\\\/\\\/www.mascoteriagonzalito.cl\\\/index.php\\\/producto\\\/lata-bravery-dog-chicken-vegetales-290-g\\\/#breadcrumb\"},\"inLanguage\":\"es\",\"potentialAction\":[{\"@type\":\"ReadAction\",\"target\":[\"https:\\\/\\\/www.mascoteriagonzalito.cl\\\/index.php\\\/producto\\\/lata-bravery-dog-chicken-vegetales-290-g\\\/\"]}]},{\"@type\":\"ImageObject\",\"inLanguage\":\"es\",\"@id\":\"https:\\\/\\\/www.mascoteriagonzalito.cl\\\/index.php\\\/producto\\\/lata-bravery-dog-chicken-vegetales-290-g\\\/#primaryimage\",\"url\":\"https:\\\/\\\/www.mascoteriagonzalito.cl\\\/wp-content\\\/uploads\\\/2025\\\/04\\\/bravery_perros_pollo.jpg\",\"contentUrl\":\"https:\\\/\\\/www.mascoteriagonzalito.cl\\\/wp-content\\\/uploads\\\/2025\\\/04\\\/bravery_perros_pollo.jpg\",\"width\":700,\"height\":700},{\"@type\":\"BreadcrumbList\",\"@id\":\"https:\\\/\\\/www.mascoteriagonzalito.cl\\\/index.php\\\/producto\\\/lata-bravery-dog-chicken-vegetales-290-g\\\/#breadcrumb\",\"itemListElement\":[{\"@type\":\"ListItem\",\"position\":1,\"name\":\"Portada\",\"item\":\"https:\\\/\\\/www.mascoteriagonzalito.cl\\\/\"},{\"@type\":\"ListItem\",\"position\":2,\"name\":\"Tienda\",\"item\":\"https:\\\/\\\/www.mascoteriagonzalito.cl\\\/index.php\\\/tienda\\\/\"},{\"@type\":\"ListItem\",\"position\":3,\"name\":\"LATA BRAVERY DOG CHICKEN &amp; VEGETALES 290 G\"}]},{\"@type\":\"WebSite\",\"@id\":\"https:\\\/\\\/www.mascoteriagonzalito.cl\\\/#website\",\"url\":\"https:\\\/\\\/www.mascoteriagonzalito.cl\\\/\",\"name\":\"Mascoter\u00eda Gonzalito\",\"description\":\"Alimentos y accesorios para mascotas\",\"publisher\":{\"@id\":\"https:\\\/\\\/www.mascoteriagonzalito.cl\\\/#organization\"},\"potentialAction\":[{\"@type\":\"SearchAction\",\"target\":{\"@type\":\"EntryPoint\",\"urlTemplate\":\"https:\\\/\\\/www.mascoteriagonzalito.cl\\\/?s={search_term_string}\"},\"query-input\":{\"@type\":\"PropertyValueSpecification\",\"valueRequired\":true,\"valueName\":\"search_term_string\"}}],\"inLanguage\":\"es\"},{\"@type\":\"Organization\",\"@id\":\"https:\\\/\\\/www.mascoteriagonzalito.cl\\\/#organization\",\"name\":\"Mascoter\u00eda Gonzalito\",\"url\":\"https:\\\/\\\/www.mascoteriagonzalito.cl\\\/\",\"logo\":{\"@type\":\"ImageObject\",\"inLanguage\":\"es\",\"@id\":\"https:\\\/\\\/www.mascoteriagonzalito.cl\\\/#\\\/schema\\\/logo\\\/image\\\/\",\"url\":\"https:\\\/\\\/www.mascoteriagonzalito.cl\\\/wp-content\\\/uploads\\\/2025\\\/01\\\/IMG-20250113-WA0002-copia.png\",\"contentUrl\":\"https:\\\/\\\/www.mascoteriagonzalito.cl\\\/wp-content\\\/uploads\\\/2025\\\/01\\\/IMG-20250113-WA0002-copia.png\",\"width\":1600,\"height\":1600,\"caption\":\"Mascoter\u00eda Gonzalito\"},\"image\":{\"@id\":\"https:\\\/\\\/www.mascoteriagonzalito.cl\\\/#\\\/schema\\\/logo\\\/image\\\/\"},\"sameAs\":[\"https:\\\/\\\/www.facebook.com\\\/mascoteria.gonzalito\\\/\"]}]}<\/script>\n<!-- \/ Yoast SEO plugin. -->","yoast_head_json":{"title":"LATA BRAVERY DOG CHICKEN &amp; VEGETALES 290 G - Mascoter\u00eda Gonzalito","robots":{"index":"index","follow":"follow","max-snippet":"max-snippet:-1","max-image-preview":"max-image-preview:large","max-video-preview":"max-video-preview:-1"},"canonical":"https:\/\/www.mascoteriagonzalito.cl\/index.php\/producto\/lata-bravery-dog-chicken-vegetales-290-g\/","og_locale":"es_ES","og_type":"article","og_title":"LATA BRAVERY DOG CHICKEN &amp; VEGETALES 290 G - Mascoter\u00eda Gonzalito","og_description":"H\u00famedo de Pollo y Vegetales para Perros es un alimento h\u00famedo para perros con deliciosa pechuga de pollo en una salsa de vegetales, aceite de salm\u00f3n y oliva extra virgen que mejoran la salud cardiovascular y el sistema inmune.","og_url":"https:\/\/www.mascoteriagonzalito.cl\/index.php\/producto\/lata-bravery-dog-chicken-vegetales-290-g\/","og_site_name":"Mascoter\u00eda Gonzalito","article_publisher":"https:\/\/www.facebook.com\/mascoteria.gonzalito\/","article_modified_time":"2026-02-23T21:03:13+00:00","og_image":[{"width":700,"height":700,"url":"https:\/\/www.mascoteriagonzalito.cl\/wp-content\/uploads\/2025\/04\/bravery_perros_pollo.jpg","type":"image\/jpeg"}],"twitter_card":"summary_large_image","twitter_misc":{"Tiempo de lectura":"1 minuto"},"schema":{"@context":"https:\/\/schema.org","@graph":[{"@type":"WebPage","@id":"https:\/\/www.mascoteriagonzalito.cl\/index.php\/producto\/lata-bravery-dog-chicken-vegetales-290-g\/","url":"https:\/\/www.mascoteriagonzalito.cl\/index.php\/producto\/lata-bravery-dog-chicken-vegetales-290-g\/","name":"LATA BRAVERY DOG CHICKEN &amp; VEGETALES 290 G - Mascoter\u00eda Gonzalito","isPartOf":{"@id":"https:\/\/www.mascoteriagonzalito.cl\/#website"},"primaryImageOfPage":{"@id":"https:\/\/www.mascoteriagonzalito.cl\/index.php\/producto\/lata-bravery-dog-chicken-vegetales-290-g\/#primaryimage"},"image":{"@id":"https:\/\/www.mascoteriagonzalito.cl\/index.php\/producto\/lata-bravery-dog-chicken-vegetales-290-g\/#primaryimage"},"thumbnailUrl":"https:\/\/www.mascoteriagonzalito.cl\/wp-content\/uploads\/2025\/04\/bravery_perros_pollo.jpg","datePublished":"2025-04-29T15:17:11+00:00","dateModified":"2026-02-23T21:03:13+00:00","breadcrumb":{"@id":"https:\/\/www.mascoteriagonzalito.cl\/index.php\/producto\/lata-bravery-dog-chicken-vegetales-290-g\/#breadcrumb"},"inLanguage":"es","potentialAction":[{"@type":"ReadAction","target":["https:\/\/www.mascoteriagonzalito.cl\/index.php\/producto\/lata-bravery-dog-chicken-vegetales-290-g\/"]}]},{"@type":"ImageObject","inLanguage":"es","@id":"https:\/\/www.mascoteriagonzalito.cl\/index.php\/producto\/lata-bravery-dog-chicken-vegetales-290-g\/#primaryimage","url":"https:\/\/www.mascoteriagonzalito.cl\/wp-content\/uploads\/2025\/04\/bravery_perros_pollo.jpg","contentUrl":"https:\/\/www.mascoteriagonzalito.cl\/wp-content\/uploads\/2025\/04\/bravery_perros_pollo.jpg","width":700,"height":700},{"@type":"BreadcrumbList","@id":"https:\/\/www.mascoteriagonzalito.cl\/index.php\/producto\/lata-bravery-dog-chicken-vegetales-290-g\/#breadcrumb","itemListElement":[{"@type":"ListItem","position":1,"name":"Portada","item":"https:\/\/www.mascoteriagonzalito.cl\/"},{"@type":"ListItem","position":2,"name":"Tienda","item":"https:\/\/www.mascoteriagonzalito.cl\/index.php\/tienda\/"},{"@type":"ListItem","position":3,"name":"LATA BRAVERY DOG CHICKEN &amp; VEGETALES 290 G"}]},{"@type":"WebSite","@id":"https:\/\/www.mascoteriagonzalito.cl\/#website","url":"https:\/\/www.mascoteriagonzalito.cl\/","name":"Mascoter\u00eda Gonzalito","description":"Alimentos y accesorios para mascotas","publisher":{"@id":"https:\/\/www.mascoteriagonzalito.cl\/#organization"},"potentialAction":[{"@type":"SearchAction","target":{"@type":"EntryPoint","urlTemplate":"https:\/\/www.mascoteriagonzalito.cl\/?s={search_term_string}"},"query-input":{"@type":"PropertyValueSpecification","valueRequired":true,"valueName":"search_term_string"}}],"inLanguage":"es"},{"@type":"Organization","@id":"https:\/\/www.mascoteriagonzalito.cl\/#organization","name":"Mascoter\u00eda Gonzalito","url":"https:\/\/www.mascoteriagonzalito.cl\/","logo":{"@type":"ImageObject","inLanguage":"es","@id":"https:\/\/www.mascoteriagonzalito.cl\/#\/schema\/logo\/image\/","url":"https:\/\/www.mascoteriagonzalito.cl\/wp-content\/uploads\/2025\/01\/IMG-20250113-WA0002-copia.png","contentUrl":"https:\/\/www.mascoteriagonzalito.cl\/wp-content\/uploads\/2025\/01\/IMG-20250113-WA0002-copia.png","width":1600,"height":1600,"caption":"Mascoter\u00eda Gonzalito"},"image":{"@id":"https:\/\/www.mascoteriagonzalito.cl\/#\/schema\/logo\/image\/"},"sameAs":["https:\/\/www.facebook.com\/mascoteria.gonzalito\/"]}]}},"_links":{"self":[{"href":"https:\/\/www.mascoteriagonzalito.cl\/index.php\/wp-json\/wp\/v2\/product\/4007","targetHints":{"allow":["GET"]}}],"collection":[{"href":"https:\/\/www.mascoteriagonzalito.cl\/index.php\/wp-json\/wp\/v2\/product"}],"about":[{"href":"https:\/\/www.mascoteriagonzalito.cl\/index.php\/wp-json\/wp\/v2\/types\/product"}],"replies":[{"embeddable":true,"href":"https:\/\/www.mascoteriagonzalito.cl\/index.php\/wp-json\/wp\/v2\/comments?post=4007"}],"wp:featuredmedia":[{"embeddable":true,"href":"https:\/\/www.mascoteriagonzalito.cl\/index.php\/wp-json\/wp\/v2\/media\/4892"}],"wp:attachment":[{"href":"https:\/\/www.mascoteriagonzalito.cl\/index.php\/wp-json\/wp\/v2\/media?parent=4007"}],"wp:term":[{"taxonomy":"product_brand","embeddable":true,"href":"https:\/\/www.mascoteriagonzalito.cl\/index.php\/wp-json\/wp\/v2\/product_brand?post=4007"},{"taxonomy":"product_cat","embeddable":true,"href":"https:\/\/www.mascoteriagonzalito.cl\/index.php\/wp-json\/wp\/v2\/product_cat?post=4007"},{"taxonomy":"product_tag","embeddable":true,"href":"https:\/\/www.mascoteriagonzalito.cl\/index.php\/wp-json\/wp\/v2\/product_tag?post=4007"}],"curies":[{"name":"wp","href":"https:\/\/api.w.org\/{rel}","templated":true}]}}