{"id":3782,"date":"2025-04-10T22:35:49","date_gmt":"2025-04-10T22:35:49","guid":{"rendered":"https:\/\/www.mascoteriagonzalito.cl\/?post_type=product&#038;p=3782"},"modified":"2026-02-12T21:03:12","modified_gmt":"2026-02-12T21:03:12","slug":"advocate-antiparasitario-interno-externo-gato-4-a-8-kg","status":"publish","type":"product","link":"https:\/\/www.mascoteriagonzalito.cl\/index.php\/producto\/advocate-antiparasitario-interno-externo-gato-4-a-8-kg\/","title":{"rendered":"ADVOCATE ANTIPARASITARIO INTERNO\/EXTERNO GATO 4 A 8 KG"},"content":{"rendered":"<p>Advocate felino 4 a 8 kg Gatos es un antiparasitario en pipeta que ofrece una protecci\u00f3n superior contra los principales par\u00e1sitos externos e internos.<\/p>\n<p>Advocate\u00a0felino 4 a 8 kg\u00a0 es usado para el tratamiento y control de las pulgas Ctenocephalides spp., tratamiento de la infestaci\u00f3n por el \u00e1caro del o\u00eddo Otodectes cynotis, tratamiento de las infestaciones por nem\u00e1todos gastrointestinales: larva L4, adultos inmaduros y adultos de Toxocara canis, Ancylostoma caninum y Uncinaria stenocephala y adultos de Toxascaris leonina y Trichuris vulpis.<\/p>\n<h4>Principio activo:<\/h4>\n<ul>\n<li>Imidacloprid 100 mg, Moxidectina 10 mg, Excipientes c.s.p. 1 ml. Antiparasitario interno y externo.<\/li>\n<\/ul>\n<h4>Dosificaci\u00f3n y Modo de Empleo:<\/h4>\n<p>Soluci\u00f3n t\u00f3pica (Spot On).<\/p>\n<p>Una pipeta de Advocate\u00ae Gatos tiene un efecto de 4 semanas. Transcurrido este per\u00edodo, debe repetirse el tratamiento cada mes.<\/p>\n<p>No se debe dosificar el frasco, si su mascota pesa entre 4 y 8 kg debe aplicarse la totalidad de la pipeta.<\/p>\n<h4>Presentaciones:<\/h4>\n<ul>\n<li>Advocate pipeta para gatos viene en dos presentaciones, identificadas por colores seg\u00fan el peso de la mascota:\n<ul>\n<li>\u00a00,4 ml para gatos peque\u00f1os de hasta 4 Kg de peso.<\/li>\n<li>\u00a00,8 ml para gatos grandes desde 4 Kg hasta 8 Kg de peso.<\/li>\n<\/ul>\n<\/li>\n<\/ul>\n<h4>Beneficios<\/h4>\n<ul>\n<li>Antiparasitario para gatos.<\/li>\n<li>Antiparasitario interno y externo.<\/li>\n<li>Para gatos que pesan entre 4 y 8 kgs.<\/li>\n<li>Tama\u00f1o 1 pipeta por envase.<\/li>\n<\/ul>\n","protected":false},"excerpt":{"rendered":"<p>Advocate felino 4 a 8 kg Gatos es un antiparasitario en pipeta que ofrece una protecci\u00f3n superior contra los principales par\u00e1sitos externos e internos.<\/p>\n<p>Advocate\u00a0felino 4 a 8 kg\u00a0 es usado para el tratamiento y control de las pulgas Ctenocephalides spp., tratamiento de la infestaci\u00f3n por el \u00e1caro del o\u00eddo Otodectes cynotis, tratamiento de las infestaciones por nem\u00e1todos gastrointestinales: larva L4, adultos inmaduros y adultos de Toxocara canis, Ancylostoma caninum y Uncinaria stenocephala y adultos de Toxascaris leonina y Trichuris vulpis.<\/p>\n","protected":false},"featured_media":3783,"comment_status":"open","ping_status":"closed","template":"","meta":[],"product_brand":[123],"product_cat":[40],"product_tag":[],"class_list":{"0":"post-3782","1":"product","2":"type-product","3":"status-publish","4":"has-post-thumbnail","6":"product_brand-advocate","7":"product_cat-antiparasitario-gato","9":"first","10":"instock","11":"shipping-taxable","12":"purchasable","13":"product-type-simple"},"yoast_head":"<!-- This site is optimized with the Yoast SEO plugin v27.4 - https:\/\/yoast.com\/product\/yoast-seo-wordpress\/ -->\n<title>ADVOCATE ANTIPARASITARIO INTERNO\/EXTERNO GATO 4 A 8 KG - Mascoter\u00eda Gonzalito<\/title>\n<meta name=\"robots\" content=\"index, follow, max-snippet:-1, max-image-preview:large, max-video-preview:-1\" \/>\n<link rel=\"canonical\" href=\"https:\/\/www.mascoteriagonzalito.cl\/index.php\/producto\/advocate-antiparasitario-interno-externo-gato-4-a-8-kg\/\" \/>\n<meta property=\"og:locale\" content=\"es_ES\" \/>\n<meta property=\"og:type\" content=\"article\" \/>\n<meta property=\"og:title\" content=\"ADVOCATE ANTIPARASITARIO INTERNO\/EXTERNO GATO 4 A 8 KG - Mascoter\u00eda Gonzalito\" \/>\n<meta property=\"og:description\" content=\"Advocate felino 4 a 8 kg Gatos es un antiparasitario en pipeta que ofrece una protecci\u00f3n superior contra los principales par\u00e1sitos externos e internos.  Advocate\u00a0felino 4 a 8 kg\u00a0 es usado para el tratamiento y control de las pulgas Ctenocephalides spp., tratamiento de la infestaci\u00f3n por el \u00e1caro del o\u00eddo Otodectes cynotis, tratamiento de las infestaciones por nem\u00e1todos gastrointestinales: larva L4, adultos inmaduros y adultos de Toxocara canis, Ancylostoma caninum y Uncinaria stenocephala y adultos de Toxascaris leonina y Trichuris vulpis.\" \/>\n<meta property=\"og:url\" content=\"https:\/\/www.mascoteriagonzalito.cl\/index.php\/producto\/advocate-antiparasitario-interno-externo-gato-4-a-8-kg\/\" \/>\n<meta property=\"og:site_name\" content=\"Mascoter\u00eda Gonzalito\" \/>\n<meta property=\"article:publisher\" content=\"https:\/\/www.facebook.com\/mascoteria.gonzalito\/\" \/>\n<meta property=\"article:modified_time\" content=\"2026-02-12T21:03:12+00:00\" \/>\n<meta property=\"og:image\" content=\"https:\/\/www.mascoteriagonzalito.cl\/wp-content\/uploads\/2025\/04\/Advocate-felino-4-a-8-kg.jpg\" \/>\n\t<meta property=\"og:image:width\" content=\"800\" \/>\n\t<meta property=\"og:image:height\" content=\"800\" \/>\n\t<meta property=\"og:image:type\" content=\"image\/jpeg\" \/>\n<meta name=\"twitter:card\" content=\"summary_large_image\" \/>\n<meta name=\"twitter:label1\" content=\"Tiempo de lectura\" \/>\n\t<meta name=\"twitter:data1\" content=\"1 minuto\" \/>\n<script type=\"application\/ld+json\" class=\"yoast-schema-graph\">{\"@context\":\"https:\\\/\\\/schema.org\",\"@graph\":[{\"@type\":\"WebPage\",\"@id\":\"https:\\\/\\\/www.mascoteriagonzalito.cl\\\/index.php\\\/producto\\\/advocate-antiparasitario-interno-externo-gato-4-a-8-kg\\\/\",\"url\":\"https:\\\/\\\/www.mascoteriagonzalito.cl\\\/index.php\\\/producto\\\/advocate-antiparasitario-interno-externo-gato-4-a-8-kg\\\/\",\"name\":\"ADVOCATE ANTIPARASITARIO INTERNO\\\/EXTERNO GATO 4 A 8 KG - Mascoter\u00eda Gonzalito\",\"isPartOf\":{\"@id\":\"https:\\\/\\\/www.mascoteriagonzalito.cl\\\/#website\"},\"primaryImageOfPage\":{\"@id\":\"https:\\\/\\\/www.mascoteriagonzalito.cl\\\/index.php\\\/producto\\\/advocate-antiparasitario-interno-externo-gato-4-a-8-kg\\\/#primaryimage\"},\"image\":{\"@id\":\"https:\\\/\\\/www.mascoteriagonzalito.cl\\\/index.php\\\/producto\\\/advocate-antiparasitario-interno-externo-gato-4-a-8-kg\\\/#primaryimage\"},\"thumbnailUrl\":\"https:\\\/\\\/www.mascoteriagonzalito.cl\\\/wp-content\\\/uploads\\\/2025\\\/04\\\/Advocate-felino-4-a-8-kg.jpg\",\"datePublished\":\"2025-04-10T22:35:49+00:00\",\"dateModified\":\"2026-02-12T21:03:12+00:00\",\"breadcrumb\":{\"@id\":\"https:\\\/\\\/www.mascoteriagonzalito.cl\\\/index.php\\\/producto\\\/advocate-antiparasitario-interno-externo-gato-4-a-8-kg\\\/#breadcrumb\"},\"inLanguage\":\"es\",\"potentialAction\":[{\"@type\":\"ReadAction\",\"target\":[\"https:\\\/\\\/www.mascoteriagonzalito.cl\\\/index.php\\\/producto\\\/advocate-antiparasitario-interno-externo-gato-4-a-8-kg\\\/\"]}]},{\"@type\":\"ImageObject\",\"inLanguage\":\"es\",\"@id\":\"https:\\\/\\\/www.mascoteriagonzalito.cl\\\/index.php\\\/producto\\\/advocate-antiparasitario-interno-externo-gato-4-a-8-kg\\\/#primaryimage\",\"url\":\"https:\\\/\\\/www.mascoteriagonzalito.cl\\\/wp-content\\\/uploads\\\/2025\\\/04\\\/Advocate-felino-4-a-8-kg.jpg\",\"contentUrl\":\"https:\\\/\\\/www.mascoteriagonzalito.cl\\\/wp-content\\\/uploads\\\/2025\\\/04\\\/Advocate-felino-4-a-8-kg.jpg\",\"width\":800,\"height\":800},{\"@type\":\"BreadcrumbList\",\"@id\":\"https:\\\/\\\/www.mascoteriagonzalito.cl\\\/index.php\\\/producto\\\/advocate-antiparasitario-interno-externo-gato-4-a-8-kg\\\/#breadcrumb\",\"itemListElement\":[{\"@type\":\"ListItem\",\"position\":1,\"name\":\"Portada\",\"item\":\"https:\\\/\\\/www.mascoteriagonzalito.cl\\\/\"},{\"@type\":\"ListItem\",\"position\":2,\"name\":\"Tienda\",\"item\":\"https:\\\/\\\/www.mascoteriagonzalito.cl\\\/index.php\\\/tienda\\\/\"},{\"@type\":\"ListItem\",\"position\":3,\"name\":\"ADVOCATE ANTIPARASITARIO INTERNO\\\/EXTERNO GATO 4 A 8 KG\"}]},{\"@type\":\"WebSite\",\"@id\":\"https:\\\/\\\/www.mascoteriagonzalito.cl\\\/#website\",\"url\":\"https:\\\/\\\/www.mascoteriagonzalito.cl\\\/\",\"name\":\"Mascoter\u00eda Gonzalito\",\"description\":\"Alimentos y accesorios para mascotas\",\"publisher\":{\"@id\":\"https:\\\/\\\/www.mascoteriagonzalito.cl\\\/#organization\"},\"potentialAction\":[{\"@type\":\"SearchAction\",\"target\":{\"@type\":\"EntryPoint\",\"urlTemplate\":\"https:\\\/\\\/www.mascoteriagonzalito.cl\\\/?s={search_term_string}\"},\"query-input\":{\"@type\":\"PropertyValueSpecification\",\"valueRequired\":true,\"valueName\":\"search_term_string\"}}],\"inLanguage\":\"es\"},{\"@type\":\"Organization\",\"@id\":\"https:\\\/\\\/www.mascoteriagonzalito.cl\\\/#organization\",\"name\":\"Mascoter\u00eda Gonzalito\",\"url\":\"https:\\\/\\\/www.mascoteriagonzalito.cl\\\/\",\"logo\":{\"@type\":\"ImageObject\",\"inLanguage\":\"es\",\"@id\":\"https:\\\/\\\/www.mascoteriagonzalito.cl\\\/#\\\/schema\\\/logo\\\/image\\\/\",\"url\":\"https:\\\/\\\/www.mascoteriagonzalito.cl\\\/wp-content\\\/uploads\\\/2025\\\/01\\\/IMG-20250113-WA0002-copia.png\",\"contentUrl\":\"https:\\\/\\\/www.mascoteriagonzalito.cl\\\/wp-content\\\/uploads\\\/2025\\\/01\\\/IMG-20250113-WA0002-copia.png\",\"width\":1600,\"height\":1600,\"caption\":\"Mascoter\u00eda Gonzalito\"},\"image\":{\"@id\":\"https:\\\/\\\/www.mascoteriagonzalito.cl\\\/#\\\/schema\\\/logo\\\/image\\\/\"},\"sameAs\":[\"https:\\\/\\\/www.facebook.com\\\/mascoteria.gonzalito\\\/\"]}]}<\/script>\n<!-- \/ Yoast SEO plugin. -->","yoast_head_json":{"title":"ADVOCATE ANTIPARASITARIO INTERNO\/EXTERNO GATO 4 A 8 KG - Mascoter\u00eda Gonzalito","robots":{"index":"index","follow":"follow","max-snippet":"max-snippet:-1","max-image-preview":"max-image-preview:large","max-video-preview":"max-video-preview:-1"},"canonical":"https:\/\/www.mascoteriagonzalito.cl\/index.php\/producto\/advocate-antiparasitario-interno-externo-gato-4-a-8-kg\/","og_locale":"es_ES","og_type":"article","og_title":"ADVOCATE ANTIPARASITARIO INTERNO\/EXTERNO GATO 4 A 8 KG - Mascoter\u00eda Gonzalito","og_description":"Advocate felino 4 a 8 kg Gatos es un antiparasitario en pipeta que ofrece una protecci\u00f3n superior contra los principales par\u00e1sitos externos e internos.  Advocate\u00a0felino 4 a 8 kg\u00a0 es usado para el tratamiento y control de las pulgas Ctenocephalides spp., tratamiento de la infestaci\u00f3n por el \u00e1caro del o\u00eddo Otodectes cynotis, tratamiento de las infestaciones por nem\u00e1todos gastrointestinales: larva L4, adultos inmaduros y adultos de Toxocara canis, Ancylostoma caninum y Uncinaria stenocephala y adultos de Toxascaris leonina y Trichuris vulpis.","og_url":"https:\/\/www.mascoteriagonzalito.cl\/index.php\/producto\/advocate-antiparasitario-interno-externo-gato-4-a-8-kg\/","og_site_name":"Mascoter\u00eda Gonzalito","article_publisher":"https:\/\/www.facebook.com\/mascoteria.gonzalito\/","article_modified_time":"2026-02-12T21:03:12+00:00","og_image":[{"width":800,"height":800,"url":"https:\/\/www.mascoteriagonzalito.cl\/wp-content\/uploads\/2025\/04\/Advocate-felino-4-a-8-kg.jpg","type":"image\/jpeg"}],"twitter_card":"summary_large_image","twitter_misc":{"Tiempo de lectura":"1 minuto"},"schema":{"@context":"https:\/\/schema.org","@graph":[{"@type":"WebPage","@id":"https:\/\/www.mascoteriagonzalito.cl\/index.php\/producto\/advocate-antiparasitario-interno-externo-gato-4-a-8-kg\/","url":"https:\/\/www.mascoteriagonzalito.cl\/index.php\/producto\/advocate-antiparasitario-interno-externo-gato-4-a-8-kg\/","name":"ADVOCATE ANTIPARASITARIO INTERNO\/EXTERNO GATO 4 A 8 KG - Mascoter\u00eda Gonzalito","isPartOf":{"@id":"https:\/\/www.mascoteriagonzalito.cl\/#website"},"primaryImageOfPage":{"@id":"https:\/\/www.mascoteriagonzalito.cl\/index.php\/producto\/advocate-antiparasitario-interno-externo-gato-4-a-8-kg\/#primaryimage"},"image":{"@id":"https:\/\/www.mascoteriagonzalito.cl\/index.php\/producto\/advocate-antiparasitario-interno-externo-gato-4-a-8-kg\/#primaryimage"},"thumbnailUrl":"https:\/\/www.mascoteriagonzalito.cl\/wp-content\/uploads\/2025\/04\/Advocate-felino-4-a-8-kg.jpg","datePublished":"2025-04-10T22:35:49+00:00","dateModified":"2026-02-12T21:03:12+00:00","breadcrumb":{"@id":"https:\/\/www.mascoteriagonzalito.cl\/index.php\/producto\/advocate-antiparasitario-interno-externo-gato-4-a-8-kg\/#breadcrumb"},"inLanguage":"es","potentialAction":[{"@type":"ReadAction","target":["https:\/\/www.mascoteriagonzalito.cl\/index.php\/producto\/advocate-antiparasitario-interno-externo-gato-4-a-8-kg\/"]}]},{"@type":"ImageObject","inLanguage":"es","@id":"https:\/\/www.mascoteriagonzalito.cl\/index.php\/producto\/advocate-antiparasitario-interno-externo-gato-4-a-8-kg\/#primaryimage","url":"https:\/\/www.mascoteriagonzalito.cl\/wp-content\/uploads\/2025\/04\/Advocate-felino-4-a-8-kg.jpg","contentUrl":"https:\/\/www.mascoteriagonzalito.cl\/wp-content\/uploads\/2025\/04\/Advocate-felino-4-a-8-kg.jpg","width":800,"height":800},{"@type":"BreadcrumbList","@id":"https:\/\/www.mascoteriagonzalito.cl\/index.php\/producto\/advocate-antiparasitario-interno-externo-gato-4-a-8-kg\/#breadcrumb","itemListElement":[{"@type":"ListItem","position":1,"name":"Portada","item":"https:\/\/www.mascoteriagonzalito.cl\/"},{"@type":"ListItem","position":2,"name":"Tienda","item":"https:\/\/www.mascoteriagonzalito.cl\/index.php\/tienda\/"},{"@type":"ListItem","position":3,"name":"ADVOCATE ANTIPARASITARIO INTERNO\/EXTERNO GATO 4 A 8 KG"}]},{"@type":"WebSite","@id":"https:\/\/www.mascoteriagonzalito.cl\/#website","url":"https:\/\/www.mascoteriagonzalito.cl\/","name":"Mascoter\u00eda Gonzalito","description":"Alimentos y accesorios para mascotas","publisher":{"@id":"https:\/\/www.mascoteriagonzalito.cl\/#organization"},"potentialAction":[{"@type":"SearchAction","target":{"@type":"EntryPoint","urlTemplate":"https:\/\/www.mascoteriagonzalito.cl\/?s={search_term_string}"},"query-input":{"@type":"PropertyValueSpecification","valueRequired":true,"valueName":"search_term_string"}}],"inLanguage":"es"},{"@type":"Organization","@id":"https:\/\/www.mascoteriagonzalito.cl\/#organization","name":"Mascoter\u00eda Gonzalito","url":"https:\/\/www.mascoteriagonzalito.cl\/","logo":{"@type":"ImageObject","inLanguage":"es","@id":"https:\/\/www.mascoteriagonzalito.cl\/#\/schema\/logo\/image\/","url":"https:\/\/www.mascoteriagonzalito.cl\/wp-content\/uploads\/2025\/01\/IMG-20250113-WA0002-copia.png","contentUrl":"https:\/\/www.mascoteriagonzalito.cl\/wp-content\/uploads\/2025\/01\/IMG-20250113-WA0002-copia.png","width":1600,"height":1600,"caption":"Mascoter\u00eda Gonzalito"},"image":{"@id":"https:\/\/www.mascoteriagonzalito.cl\/#\/schema\/logo\/image\/"},"sameAs":["https:\/\/www.facebook.com\/mascoteria.gonzalito\/"]}]}},"_links":{"self":[{"href":"https:\/\/www.mascoteriagonzalito.cl\/index.php\/wp-json\/wp\/v2\/product\/3782","targetHints":{"allow":["GET"]}}],"collection":[{"href":"https:\/\/www.mascoteriagonzalito.cl\/index.php\/wp-json\/wp\/v2\/product"}],"about":[{"href":"https:\/\/www.mascoteriagonzalito.cl\/index.php\/wp-json\/wp\/v2\/types\/product"}],"replies":[{"embeddable":true,"href":"https:\/\/www.mascoteriagonzalito.cl\/index.php\/wp-json\/wp\/v2\/comments?post=3782"}],"wp:featuredmedia":[{"embeddable":true,"href":"https:\/\/www.mascoteriagonzalito.cl\/index.php\/wp-json\/wp\/v2\/media\/3783"}],"wp:attachment":[{"href":"https:\/\/www.mascoteriagonzalito.cl\/index.php\/wp-json\/wp\/v2\/media?parent=3782"}],"wp:term":[{"taxonomy":"product_brand","embeddable":true,"href":"https:\/\/www.mascoteriagonzalito.cl\/index.php\/wp-json\/wp\/v2\/product_brand?post=3782"},{"taxonomy":"product_cat","embeddable":true,"href":"https:\/\/www.mascoteriagonzalito.cl\/index.php\/wp-json\/wp\/v2\/product_cat?post=3782"},{"taxonomy":"product_tag","embeddable":true,"href":"https:\/\/www.mascoteriagonzalito.cl\/index.php\/wp-json\/wp\/v2\/product_tag?post=3782"}],"curies":[{"name":"wp","href":"https:\/\/api.w.org\/{rel}","templated":true}]}}