{"id":3742,"date":"2025-04-09T23:02:18","date_gmt":"2025-04-09T23:02:18","guid":{"rendered":"https:\/\/www.mascoteriagonzalito.cl\/?post_type=product&#038;p=3742"},"modified":"2026-04-17T22:51:56","modified_gmt":"2026-04-17T22:51:56","slug":"lata-fit-formula-dog-adult-pollo-280-grs","status":"publish","type":"product","link":"https:\/\/www.mascoteriagonzalito.cl\/index.php\/producto\/lata-fit-formula-dog-adult-pollo-280-grs\/","title":{"rendered":"LATA FIT FORMULA DOG ADULT POLLO 280 GRS"},"content":{"rendered":"<h1>ALIMENTO H\u00daMEDO<br \/>\nPERROS ADULTOS POLLO<\/h1>\n<p>ALIMENTO H\u00daMEDO ENLATADO PARA PERROS ADULTOS 100% BALANCEADO<\/p>\n<p><strong>INGREDIENTES<\/strong><\/p>\n<p>Carne mec\u00e1nicamente separada de pollo, h\u00edgado de pollo, h\u00edgado de cerdo, piel de\u00a0pollo, harina de v\u00edsceras de pollo, espinacas en polvo, harina de trigo, agua, cloruro de sodio,\u00a0cloruro de potasio, calc\u00e1reo calc\u00edtico, tripolifosfato de sodio, goma xantana, colorante natural\u00a0caramelo, premix vitam\u00ednico (A, D3, E, K3, B1, B2, B6, B12, \u00e1cido pantot\u00e9nico, \u00e1cido f\u00f3lico, niacina,\u00a0biotina, cloruro de colina) y mineral (sulfato de zinc, sulfato ferroso, sulfato de manganeso, yodato\u00a0de calcio, selenito de sodio, cobre quelado).<br \/>\nEventuales sustitutos: Menudencias de aves, menudencias de cerdos, grasa de cerdo, carbonato\u00a0de calcio, almid\u00f3n de yuca, carragenina, goma guar, colorantes (rojo amaranto, carm\u00edn de \u00edndigo,\u00a0amarillo tartrazina).<\/p>\n","protected":false},"excerpt":{"rendered":"<p><strong>FIT FORMULA<sup>\u00ae<\/sup>\u00a0PERRO ADULTO POLLO<\/strong>\u00a0contiene ingredientes seleccionados que pasan por\u00a0los m\u00e1s estrictos controles de calidad, los cuales aportan a la mascota las cantidades de prote\u00ednas,\u00a0energ\u00eda, vitaminas y minerales necesarias para una nutrici\u00f3n equilibrada.<\/p>\n","protected":false},"featured_media":3743,"comment_status":"open","ping_status":"closed","template":"","meta":[],"product_brand":[98],"product_cat":[176],"product_tag":[],"class_list":{"0":"post-3742","1":"product","2":"type-product","3":"status-publish","4":"has-post-thumbnail","6":"product_brand-fit-formula","7":"product_cat-alimentos-humedos-perros","9":"first","10":"instock","11":"shipping-taxable","12":"purchasable","13":"product-type-simple"},"yoast_head":"<!-- This site is optimized with the Yoast SEO plugin v27.4 - https:\/\/yoast.com\/product\/yoast-seo-wordpress\/ -->\n<title>LATA FIT FORMULA DOG ADULT POLLO 280 GRS - Mascoter\u00eda Gonzalito<\/title>\n<meta name=\"robots\" content=\"index, follow, max-snippet:-1, max-image-preview:large, max-video-preview:-1\" \/>\n<link rel=\"canonical\" href=\"https:\/\/www.mascoteriagonzalito.cl\/index.php\/producto\/lata-fit-formula-dog-adult-pollo-280-grs\/\" \/>\n<meta property=\"og:locale\" content=\"es_ES\" \/>\n<meta property=\"og:type\" content=\"article\" \/>\n<meta property=\"og:title\" content=\"LATA FIT FORMULA DOG ADULT POLLO 280 GRS - Mascoter\u00eda Gonzalito\" \/>\n<meta property=\"og:description\" content=\"FIT FORMULA\u00ae\u00a0PERRO ADULTO POLLO\u00a0contiene ingredientes seleccionados que pasan por\u00a0los m\u00e1s estrictos controles de calidad, los cuales aportan a la mascota las cantidades de prote\u00ednas,\u00a0energ\u00eda, vitaminas y minerales necesarias para una nutrici\u00f3n equilibrada.\" \/>\n<meta property=\"og:url\" content=\"https:\/\/www.mascoteriagonzalito.cl\/index.php\/producto\/lata-fit-formula-dog-adult-pollo-280-grs\/\" \/>\n<meta property=\"og:site_name\" content=\"Mascoter\u00eda Gonzalito\" \/>\n<meta property=\"article:publisher\" content=\"https:\/\/www.facebook.com\/mascoteria.gonzalito\/\" \/>\n<meta property=\"article:modified_time\" content=\"2026-04-17T22:51:56+00:00\" \/>\n<meta property=\"og:image\" content=\"https:\/\/www.mascoteriagonzalito.cl\/wp-content\/uploads\/2025\/04\/humedo_perro_adulto_pollo-min.png\" \/>\n\t<meta property=\"og:image:width\" content=\"518\" \/>\n\t<meta property=\"og:image:height\" content=\"1000\" \/>\n\t<meta property=\"og:image:type\" content=\"image\/png\" \/>\n<meta name=\"twitter:card\" content=\"summary_large_image\" \/>\n<meta name=\"twitter:label1\" content=\"Tiempo de lectura\" \/>\n\t<meta name=\"twitter:data1\" content=\"1 minuto\" \/>\n<script type=\"application\/ld+json\" class=\"yoast-schema-graph\">{\"@context\":\"https:\\\/\\\/schema.org\",\"@graph\":[{\"@type\":\"WebPage\",\"@id\":\"https:\\\/\\\/www.mascoteriagonzalito.cl\\\/index.php\\\/producto\\\/lata-fit-formula-dog-adult-pollo-280-grs\\\/\",\"url\":\"https:\\\/\\\/www.mascoteriagonzalito.cl\\\/index.php\\\/producto\\\/lata-fit-formula-dog-adult-pollo-280-grs\\\/\",\"name\":\"LATA FIT FORMULA DOG ADULT POLLO 280 GRS - Mascoter\u00eda Gonzalito\",\"isPartOf\":{\"@id\":\"https:\\\/\\\/www.mascoteriagonzalito.cl\\\/#website\"},\"primaryImageOfPage\":{\"@id\":\"https:\\\/\\\/www.mascoteriagonzalito.cl\\\/index.php\\\/producto\\\/lata-fit-formula-dog-adult-pollo-280-grs\\\/#primaryimage\"},\"image\":{\"@id\":\"https:\\\/\\\/www.mascoteriagonzalito.cl\\\/index.php\\\/producto\\\/lata-fit-formula-dog-adult-pollo-280-grs\\\/#primaryimage\"},\"thumbnailUrl\":\"https:\\\/\\\/www.mascoteriagonzalito.cl\\\/wp-content\\\/uploads\\\/2025\\\/04\\\/humedo_perro_adulto_pollo-min.png\",\"datePublished\":\"2025-04-09T23:02:18+00:00\",\"dateModified\":\"2026-04-17T22:51:56+00:00\",\"breadcrumb\":{\"@id\":\"https:\\\/\\\/www.mascoteriagonzalito.cl\\\/index.php\\\/producto\\\/lata-fit-formula-dog-adult-pollo-280-grs\\\/#breadcrumb\"},\"inLanguage\":\"es\",\"potentialAction\":[{\"@type\":\"ReadAction\",\"target\":[\"https:\\\/\\\/www.mascoteriagonzalito.cl\\\/index.php\\\/producto\\\/lata-fit-formula-dog-adult-pollo-280-grs\\\/\"]}]},{\"@type\":\"ImageObject\",\"inLanguage\":\"es\",\"@id\":\"https:\\\/\\\/www.mascoteriagonzalito.cl\\\/index.php\\\/producto\\\/lata-fit-formula-dog-adult-pollo-280-grs\\\/#primaryimage\",\"url\":\"https:\\\/\\\/www.mascoteriagonzalito.cl\\\/wp-content\\\/uploads\\\/2025\\\/04\\\/humedo_perro_adulto_pollo-min.png\",\"contentUrl\":\"https:\\\/\\\/www.mascoteriagonzalito.cl\\\/wp-content\\\/uploads\\\/2025\\\/04\\\/humedo_perro_adulto_pollo-min.png\",\"width\":518,\"height\":1000},{\"@type\":\"BreadcrumbList\",\"@id\":\"https:\\\/\\\/www.mascoteriagonzalito.cl\\\/index.php\\\/producto\\\/lata-fit-formula-dog-adult-pollo-280-grs\\\/#breadcrumb\",\"itemListElement\":[{\"@type\":\"ListItem\",\"position\":1,\"name\":\"Portada\",\"item\":\"https:\\\/\\\/www.mascoteriagonzalito.cl\\\/\"},{\"@type\":\"ListItem\",\"position\":2,\"name\":\"Tienda\",\"item\":\"https:\\\/\\\/www.mascoteriagonzalito.cl\\\/index.php\\\/tienda\\\/\"},{\"@type\":\"ListItem\",\"position\":3,\"name\":\"LATA FIT FORMULA DOG ADULT POLLO 280 GRS\"}]},{\"@type\":\"WebSite\",\"@id\":\"https:\\\/\\\/www.mascoteriagonzalito.cl\\\/#website\",\"url\":\"https:\\\/\\\/www.mascoteriagonzalito.cl\\\/\",\"name\":\"Mascoter\u00eda Gonzalito\",\"description\":\"Alimentos y accesorios para mascotas\",\"publisher\":{\"@id\":\"https:\\\/\\\/www.mascoteriagonzalito.cl\\\/#organization\"},\"potentialAction\":[{\"@type\":\"SearchAction\",\"target\":{\"@type\":\"EntryPoint\",\"urlTemplate\":\"https:\\\/\\\/www.mascoteriagonzalito.cl\\\/?s={search_term_string}\"},\"query-input\":{\"@type\":\"PropertyValueSpecification\",\"valueRequired\":true,\"valueName\":\"search_term_string\"}}],\"inLanguage\":\"es\"},{\"@type\":\"Organization\",\"@id\":\"https:\\\/\\\/www.mascoteriagonzalito.cl\\\/#organization\",\"name\":\"Mascoter\u00eda Gonzalito\",\"url\":\"https:\\\/\\\/www.mascoteriagonzalito.cl\\\/\",\"logo\":{\"@type\":\"ImageObject\",\"inLanguage\":\"es\",\"@id\":\"https:\\\/\\\/www.mascoteriagonzalito.cl\\\/#\\\/schema\\\/logo\\\/image\\\/\",\"url\":\"https:\\\/\\\/www.mascoteriagonzalito.cl\\\/wp-content\\\/uploads\\\/2025\\\/01\\\/IMG-20250113-WA0002-copia.png\",\"contentUrl\":\"https:\\\/\\\/www.mascoteriagonzalito.cl\\\/wp-content\\\/uploads\\\/2025\\\/01\\\/IMG-20250113-WA0002-copia.png\",\"width\":1600,\"height\":1600,\"caption\":\"Mascoter\u00eda Gonzalito\"},\"image\":{\"@id\":\"https:\\\/\\\/www.mascoteriagonzalito.cl\\\/#\\\/schema\\\/logo\\\/image\\\/\"},\"sameAs\":[\"https:\\\/\\\/www.facebook.com\\\/mascoteria.gonzalito\\\/\"]}]}<\/script>\n<!-- \/ Yoast SEO plugin. -->","yoast_head_json":{"title":"LATA FIT FORMULA DOG ADULT POLLO 280 GRS - Mascoter\u00eda Gonzalito","robots":{"index":"index","follow":"follow","max-snippet":"max-snippet:-1","max-image-preview":"max-image-preview:large","max-video-preview":"max-video-preview:-1"},"canonical":"https:\/\/www.mascoteriagonzalito.cl\/index.php\/producto\/lata-fit-formula-dog-adult-pollo-280-grs\/","og_locale":"es_ES","og_type":"article","og_title":"LATA FIT FORMULA DOG ADULT POLLO 280 GRS - Mascoter\u00eda Gonzalito","og_description":"FIT FORMULA\u00ae\u00a0PERRO ADULTO POLLO\u00a0contiene ingredientes seleccionados que pasan por\u00a0los m\u00e1s estrictos controles de calidad, los cuales aportan a la mascota las cantidades de prote\u00ednas,\u00a0energ\u00eda, vitaminas y minerales necesarias para una nutrici\u00f3n equilibrada.","og_url":"https:\/\/www.mascoteriagonzalito.cl\/index.php\/producto\/lata-fit-formula-dog-adult-pollo-280-grs\/","og_site_name":"Mascoter\u00eda Gonzalito","article_publisher":"https:\/\/www.facebook.com\/mascoteria.gonzalito\/","article_modified_time":"2026-04-17T22:51:56+00:00","og_image":[{"width":518,"height":1000,"url":"https:\/\/www.mascoteriagonzalito.cl\/wp-content\/uploads\/2025\/04\/humedo_perro_adulto_pollo-min.png","type":"image\/png"}],"twitter_card":"summary_large_image","twitter_misc":{"Tiempo de lectura":"1 minuto"},"schema":{"@context":"https:\/\/schema.org","@graph":[{"@type":"WebPage","@id":"https:\/\/www.mascoteriagonzalito.cl\/index.php\/producto\/lata-fit-formula-dog-adult-pollo-280-grs\/","url":"https:\/\/www.mascoteriagonzalito.cl\/index.php\/producto\/lata-fit-formula-dog-adult-pollo-280-grs\/","name":"LATA FIT FORMULA DOG ADULT POLLO 280 GRS - Mascoter\u00eda Gonzalito","isPartOf":{"@id":"https:\/\/www.mascoteriagonzalito.cl\/#website"},"primaryImageOfPage":{"@id":"https:\/\/www.mascoteriagonzalito.cl\/index.php\/producto\/lata-fit-formula-dog-adult-pollo-280-grs\/#primaryimage"},"image":{"@id":"https:\/\/www.mascoteriagonzalito.cl\/index.php\/producto\/lata-fit-formula-dog-adult-pollo-280-grs\/#primaryimage"},"thumbnailUrl":"https:\/\/www.mascoteriagonzalito.cl\/wp-content\/uploads\/2025\/04\/humedo_perro_adulto_pollo-min.png","datePublished":"2025-04-09T23:02:18+00:00","dateModified":"2026-04-17T22:51:56+00:00","breadcrumb":{"@id":"https:\/\/www.mascoteriagonzalito.cl\/index.php\/producto\/lata-fit-formula-dog-adult-pollo-280-grs\/#breadcrumb"},"inLanguage":"es","potentialAction":[{"@type":"ReadAction","target":["https:\/\/www.mascoteriagonzalito.cl\/index.php\/producto\/lata-fit-formula-dog-adult-pollo-280-grs\/"]}]},{"@type":"ImageObject","inLanguage":"es","@id":"https:\/\/www.mascoteriagonzalito.cl\/index.php\/producto\/lata-fit-formula-dog-adult-pollo-280-grs\/#primaryimage","url":"https:\/\/www.mascoteriagonzalito.cl\/wp-content\/uploads\/2025\/04\/humedo_perro_adulto_pollo-min.png","contentUrl":"https:\/\/www.mascoteriagonzalito.cl\/wp-content\/uploads\/2025\/04\/humedo_perro_adulto_pollo-min.png","width":518,"height":1000},{"@type":"BreadcrumbList","@id":"https:\/\/www.mascoteriagonzalito.cl\/index.php\/producto\/lata-fit-formula-dog-adult-pollo-280-grs\/#breadcrumb","itemListElement":[{"@type":"ListItem","position":1,"name":"Portada","item":"https:\/\/www.mascoteriagonzalito.cl\/"},{"@type":"ListItem","position":2,"name":"Tienda","item":"https:\/\/www.mascoteriagonzalito.cl\/index.php\/tienda\/"},{"@type":"ListItem","position":3,"name":"LATA FIT FORMULA DOG ADULT POLLO 280 GRS"}]},{"@type":"WebSite","@id":"https:\/\/www.mascoteriagonzalito.cl\/#website","url":"https:\/\/www.mascoteriagonzalito.cl\/","name":"Mascoter\u00eda Gonzalito","description":"Alimentos y accesorios para mascotas","publisher":{"@id":"https:\/\/www.mascoteriagonzalito.cl\/#organization"},"potentialAction":[{"@type":"SearchAction","target":{"@type":"EntryPoint","urlTemplate":"https:\/\/www.mascoteriagonzalito.cl\/?s={search_term_string}"},"query-input":{"@type":"PropertyValueSpecification","valueRequired":true,"valueName":"search_term_string"}}],"inLanguage":"es"},{"@type":"Organization","@id":"https:\/\/www.mascoteriagonzalito.cl\/#organization","name":"Mascoter\u00eda Gonzalito","url":"https:\/\/www.mascoteriagonzalito.cl\/","logo":{"@type":"ImageObject","inLanguage":"es","@id":"https:\/\/www.mascoteriagonzalito.cl\/#\/schema\/logo\/image\/","url":"https:\/\/www.mascoteriagonzalito.cl\/wp-content\/uploads\/2025\/01\/IMG-20250113-WA0002-copia.png","contentUrl":"https:\/\/www.mascoteriagonzalito.cl\/wp-content\/uploads\/2025\/01\/IMG-20250113-WA0002-copia.png","width":1600,"height":1600,"caption":"Mascoter\u00eda Gonzalito"},"image":{"@id":"https:\/\/www.mascoteriagonzalito.cl\/#\/schema\/logo\/image\/"},"sameAs":["https:\/\/www.facebook.com\/mascoteria.gonzalito\/"]}]}},"_links":{"self":[{"href":"https:\/\/www.mascoteriagonzalito.cl\/index.php\/wp-json\/wp\/v2\/product\/3742","targetHints":{"allow":["GET"]}}],"collection":[{"href":"https:\/\/www.mascoteriagonzalito.cl\/index.php\/wp-json\/wp\/v2\/product"}],"about":[{"href":"https:\/\/www.mascoteriagonzalito.cl\/index.php\/wp-json\/wp\/v2\/types\/product"}],"replies":[{"embeddable":true,"href":"https:\/\/www.mascoteriagonzalito.cl\/index.php\/wp-json\/wp\/v2\/comments?post=3742"}],"wp:featuredmedia":[{"embeddable":true,"href":"https:\/\/www.mascoteriagonzalito.cl\/index.php\/wp-json\/wp\/v2\/media\/3743"}],"wp:attachment":[{"href":"https:\/\/www.mascoteriagonzalito.cl\/index.php\/wp-json\/wp\/v2\/media?parent=3742"}],"wp:term":[{"taxonomy":"product_brand","embeddable":true,"href":"https:\/\/www.mascoteriagonzalito.cl\/index.php\/wp-json\/wp\/v2\/product_brand?post=3742"},{"taxonomy":"product_cat","embeddable":true,"href":"https:\/\/www.mascoteriagonzalito.cl\/index.php\/wp-json\/wp\/v2\/product_cat?post=3742"},{"taxonomy":"product_tag","embeddable":true,"href":"https:\/\/www.mascoteriagonzalito.cl\/index.php\/wp-json\/wp\/v2\/product_tag?post=3742"}],"curies":[{"name":"wp","href":"https:\/\/api.w.org\/{rel}","templated":true}]}}