{"id":3584,"date":"2025-04-02T18:17:32","date_gmt":"2025-04-02T18:17:32","guid":{"rendered":"https:\/\/www.mascoteriagonzalito.cl\/?post_type=product&#038;p=3584"},"modified":"2026-04-11T15:24:08","modified_gmt":"2026-04-11T15:24:08","slug":"master-dog-adulto-pollo-razas-medianas-grandes-18-kg","status":"publish","type":"product","link":"https:\/\/www.mascoteriagonzalito.cl\/index.php\/producto\/master-dog-adulto-pollo-razas-medianas-grandes-18-kg\/","title":{"rendered":"MASTER DOG ADULTO POLLO RAZAS MEDIANAS\/GRANDES 18 KG"},"content":{"rendered":"<p><strong>PIEL SANA Y PELAJE BRILLANTE<\/strong><br \/>\nTu Master Dog est\u00e1 expuesto a las amenazas del entorno, es por esto que cuidamos su piel, ya que es la primera barrera de defensa que tiene. Incorporamos en la formulaci\u00f3n \u00e1cidos grasos Omega 3 para que adquiera una piel resistente y un pelaje m\u00e1s brillante. Adem\u00e1s, favorece el buen funcionamiento de su coraz\u00f3n y sistema inmune para que crezca fuerte y sano.<\/p>\n<p><strong>PROTE\u00cdNAS DE ALTA CALIDAD, VITAMINAS Y MINERALES<\/strong><br \/>\nIncorporamos en su formulaci\u00f3n prote\u00ednas de alta calidad, las cuales aportan amino\u00e1cidos esenciales para un correcto desarrollo muscular. Adem\u00e1s contiene todas las vitaminas y minerales que tu Master Dog necesita para mantenerse fuerte y saludable.<\/p>\n<p><strong>FECAS FIRMES Y CON MENOS OLOR<\/strong><br \/>\nLas prote\u00ednas de alta calidad y el extracto de Yucca Schidigera (peque\u00f1o \u00e1rbol que tiene m\u00faltiples beneficios) colaboran para que las fecas de tu Master Dog sean m\u00e1s firmes y con menos olor.<\/p>\n<p><strong>DIENTES SANOS<\/strong><br \/>\nAl igual que los humanos, tu Master Dog tambi\u00e9n puede presentar problemas Dentales, por lo mismo hemos incorporado en su formulaci\u00f3n Hexametafosfato y Vitamina C que ayudan a reducir la formaci\u00f3n de placa bacteriana, previniendo la formaci\u00f3n de sarro y el mal aliento.<\/p>\n","protected":false},"excerpt":{"rendered":"<p>Alimento completo y balanceado recomendado para tu Master Dog Adulto Razas Medianas y Grandes, desde los 18 meses hasta los 7 a\u00f1os. Contiene Omega 3 para una piel sana y pelaje brillante. Adem\u00e1s contiene prote\u00ednas de alta calidad, vitaminas y minerales que tu Master Dog necesita para mantenerse fuerte y saludable.<\/p>\n","protected":false},"featured_media":6316,"comment_status":"open","ping_status":"closed","template":"","meta":[],"product_brand":[94],"product_cat":[34],"product_tag":[],"class_list":{"0":"post-3584","1":"product","2":"type-product","3":"status-publish","4":"has-post-thumbnail","6":"product_brand-master","7":"product_cat-alimentos-perros","9":"first","10":"instock","11":"shipping-taxable","12":"purchasable","13":"product-type-simple"},"yoast_head":"<!-- This site is optimized with the Yoast SEO plugin v27.4 - https:\/\/yoast.com\/product\/yoast-seo-wordpress\/ -->\n<title>MASTER DOG ADULTO POLLO RAZAS MEDIANAS\/GRANDES 18 KG - Mascoter\u00eda Gonzalito<\/title>\n<meta name=\"robots\" content=\"index, follow, max-snippet:-1, max-image-preview:large, max-video-preview:-1\" \/>\n<link rel=\"canonical\" href=\"https:\/\/www.mascoteriagonzalito.cl\/index.php\/producto\/master-dog-adulto-pollo-razas-medianas-grandes-18-kg\/\" \/>\n<meta property=\"og:locale\" content=\"es_ES\" \/>\n<meta property=\"og:type\" content=\"article\" \/>\n<meta property=\"og:title\" content=\"MASTER DOG ADULTO POLLO RAZAS MEDIANAS\/GRANDES 18 KG - Mascoter\u00eda Gonzalito\" \/>\n<meta property=\"og:description\" content=\"Alimento completo y balanceado recomendado para tu Master Dog Adulto Razas Medianas y Grandes, desde los 18 meses hasta los 7 a\u00f1os. Contiene Omega 3 para una piel sana y pelaje brillante. Adem\u00e1s contiene prote\u00ednas de alta calidad, vitaminas y minerales que tu Master Dog necesita para mantenerse fuerte y saludable.\" \/>\n<meta property=\"og:url\" content=\"https:\/\/www.mascoteriagonzalito.cl\/index.php\/producto\/master-dog-adulto-pollo-razas-medianas-grandes-18-kg\/\" \/>\n<meta property=\"og:site_name\" content=\"Mascoter\u00eda Gonzalito\" \/>\n<meta property=\"article:publisher\" content=\"https:\/\/www.facebook.com\/mascoteria.gonzalito\/\" \/>\n<meta property=\"article:modified_time\" content=\"2026-04-11T15:24:08+00:00\" \/>\n<meta property=\"og:image\" content=\"https:\/\/www.mascoteriagonzalito.cl\/wp-content\/uploads\/2025\/04\/images-10.jpg\" \/>\n\t<meta property=\"og:image:width\" content=\"225\" \/>\n\t<meta property=\"og:image:height\" content=\"225\" \/>\n\t<meta property=\"og:image:type\" content=\"image\/jpeg\" \/>\n<meta name=\"twitter:card\" content=\"summary_large_image\" \/>\n<meta name=\"twitter:label1\" content=\"Tiempo de lectura\" \/>\n\t<meta name=\"twitter:data1\" content=\"1 minuto\" \/>\n<script type=\"application\/ld+json\" class=\"yoast-schema-graph\">{\"@context\":\"https:\\\/\\\/schema.org\",\"@graph\":[{\"@type\":\"WebPage\",\"@id\":\"https:\\\/\\\/www.mascoteriagonzalito.cl\\\/index.php\\\/producto\\\/master-dog-adulto-pollo-razas-medianas-grandes-18-kg\\\/\",\"url\":\"https:\\\/\\\/www.mascoteriagonzalito.cl\\\/index.php\\\/producto\\\/master-dog-adulto-pollo-razas-medianas-grandes-18-kg\\\/\",\"name\":\"MASTER DOG ADULTO POLLO RAZAS MEDIANAS\\\/GRANDES 18 KG - Mascoter\u00eda Gonzalito\",\"isPartOf\":{\"@id\":\"https:\\\/\\\/www.mascoteriagonzalito.cl\\\/#website\"},\"primaryImageOfPage\":{\"@id\":\"https:\\\/\\\/www.mascoteriagonzalito.cl\\\/index.php\\\/producto\\\/master-dog-adulto-pollo-razas-medianas-grandes-18-kg\\\/#primaryimage\"},\"image\":{\"@id\":\"https:\\\/\\\/www.mascoteriagonzalito.cl\\\/index.php\\\/producto\\\/master-dog-adulto-pollo-razas-medianas-grandes-18-kg\\\/#primaryimage\"},\"thumbnailUrl\":\"https:\\\/\\\/www.mascoteriagonzalito.cl\\\/wp-content\\\/uploads\\\/2025\\\/04\\\/images-10.jpg\",\"datePublished\":\"2025-04-02T18:17:32+00:00\",\"dateModified\":\"2026-04-11T15:24:08+00:00\",\"breadcrumb\":{\"@id\":\"https:\\\/\\\/www.mascoteriagonzalito.cl\\\/index.php\\\/producto\\\/master-dog-adulto-pollo-razas-medianas-grandes-18-kg\\\/#breadcrumb\"},\"inLanguage\":\"es\",\"potentialAction\":[{\"@type\":\"ReadAction\",\"target\":[\"https:\\\/\\\/www.mascoteriagonzalito.cl\\\/index.php\\\/producto\\\/master-dog-adulto-pollo-razas-medianas-grandes-18-kg\\\/\"]}]},{\"@type\":\"ImageObject\",\"inLanguage\":\"es\",\"@id\":\"https:\\\/\\\/www.mascoteriagonzalito.cl\\\/index.php\\\/producto\\\/master-dog-adulto-pollo-razas-medianas-grandes-18-kg\\\/#primaryimage\",\"url\":\"https:\\\/\\\/www.mascoteriagonzalito.cl\\\/wp-content\\\/uploads\\\/2025\\\/04\\\/images-10.jpg\",\"contentUrl\":\"https:\\\/\\\/www.mascoteriagonzalito.cl\\\/wp-content\\\/uploads\\\/2025\\\/04\\\/images-10.jpg\",\"width\":225,\"height\":225},{\"@type\":\"BreadcrumbList\",\"@id\":\"https:\\\/\\\/www.mascoteriagonzalito.cl\\\/index.php\\\/producto\\\/master-dog-adulto-pollo-razas-medianas-grandes-18-kg\\\/#breadcrumb\",\"itemListElement\":[{\"@type\":\"ListItem\",\"position\":1,\"name\":\"Portada\",\"item\":\"https:\\\/\\\/www.mascoteriagonzalito.cl\\\/\"},{\"@type\":\"ListItem\",\"position\":2,\"name\":\"Tienda\",\"item\":\"https:\\\/\\\/www.mascoteriagonzalito.cl\\\/index.php\\\/tienda\\\/\"},{\"@type\":\"ListItem\",\"position\":3,\"name\":\"MASTER DOG ADULTO POLLO RAZAS MEDIANAS\\\/GRANDES 18 KG\"}]},{\"@type\":\"WebSite\",\"@id\":\"https:\\\/\\\/www.mascoteriagonzalito.cl\\\/#website\",\"url\":\"https:\\\/\\\/www.mascoteriagonzalito.cl\\\/\",\"name\":\"Mascoter\u00eda Gonzalito\",\"description\":\"Alimentos y accesorios para mascotas\",\"publisher\":{\"@id\":\"https:\\\/\\\/www.mascoteriagonzalito.cl\\\/#organization\"},\"potentialAction\":[{\"@type\":\"SearchAction\",\"target\":{\"@type\":\"EntryPoint\",\"urlTemplate\":\"https:\\\/\\\/www.mascoteriagonzalito.cl\\\/?s={search_term_string}\"},\"query-input\":{\"@type\":\"PropertyValueSpecification\",\"valueRequired\":true,\"valueName\":\"search_term_string\"}}],\"inLanguage\":\"es\"},{\"@type\":\"Organization\",\"@id\":\"https:\\\/\\\/www.mascoteriagonzalito.cl\\\/#organization\",\"name\":\"Mascoter\u00eda Gonzalito\",\"url\":\"https:\\\/\\\/www.mascoteriagonzalito.cl\\\/\",\"logo\":{\"@type\":\"ImageObject\",\"inLanguage\":\"es\",\"@id\":\"https:\\\/\\\/www.mascoteriagonzalito.cl\\\/#\\\/schema\\\/logo\\\/image\\\/\",\"url\":\"https:\\\/\\\/www.mascoteriagonzalito.cl\\\/wp-content\\\/uploads\\\/2025\\\/01\\\/IMG-20250113-WA0002-copia.png\",\"contentUrl\":\"https:\\\/\\\/www.mascoteriagonzalito.cl\\\/wp-content\\\/uploads\\\/2025\\\/01\\\/IMG-20250113-WA0002-copia.png\",\"width\":1600,\"height\":1600,\"caption\":\"Mascoter\u00eda Gonzalito\"},\"image\":{\"@id\":\"https:\\\/\\\/www.mascoteriagonzalito.cl\\\/#\\\/schema\\\/logo\\\/image\\\/\"},\"sameAs\":[\"https:\\\/\\\/www.facebook.com\\\/mascoteria.gonzalito\\\/\"]}]}<\/script>\n<!-- \/ Yoast SEO plugin. -->","yoast_head_json":{"title":"MASTER DOG ADULTO POLLO RAZAS MEDIANAS\/GRANDES 18 KG - Mascoter\u00eda Gonzalito","robots":{"index":"index","follow":"follow","max-snippet":"max-snippet:-1","max-image-preview":"max-image-preview:large","max-video-preview":"max-video-preview:-1"},"canonical":"https:\/\/www.mascoteriagonzalito.cl\/index.php\/producto\/master-dog-adulto-pollo-razas-medianas-grandes-18-kg\/","og_locale":"es_ES","og_type":"article","og_title":"MASTER DOG ADULTO POLLO RAZAS MEDIANAS\/GRANDES 18 KG - Mascoter\u00eda Gonzalito","og_description":"Alimento completo y balanceado recomendado para tu Master Dog Adulto Razas Medianas y Grandes, desde los 18 meses hasta los 7 a\u00f1os. Contiene Omega 3 para una piel sana y pelaje brillante. Adem\u00e1s contiene prote\u00ednas de alta calidad, vitaminas y minerales que tu Master Dog necesita para mantenerse fuerte y saludable.","og_url":"https:\/\/www.mascoteriagonzalito.cl\/index.php\/producto\/master-dog-adulto-pollo-razas-medianas-grandes-18-kg\/","og_site_name":"Mascoter\u00eda Gonzalito","article_publisher":"https:\/\/www.facebook.com\/mascoteria.gonzalito\/","article_modified_time":"2026-04-11T15:24:08+00:00","og_image":[{"width":225,"height":225,"url":"https:\/\/www.mascoteriagonzalito.cl\/wp-content\/uploads\/2025\/04\/images-10.jpg","type":"image\/jpeg"}],"twitter_card":"summary_large_image","twitter_misc":{"Tiempo de lectura":"1 minuto"},"schema":{"@context":"https:\/\/schema.org","@graph":[{"@type":"WebPage","@id":"https:\/\/www.mascoteriagonzalito.cl\/index.php\/producto\/master-dog-adulto-pollo-razas-medianas-grandes-18-kg\/","url":"https:\/\/www.mascoteriagonzalito.cl\/index.php\/producto\/master-dog-adulto-pollo-razas-medianas-grandes-18-kg\/","name":"MASTER DOG ADULTO POLLO RAZAS MEDIANAS\/GRANDES 18 KG - Mascoter\u00eda Gonzalito","isPartOf":{"@id":"https:\/\/www.mascoteriagonzalito.cl\/#website"},"primaryImageOfPage":{"@id":"https:\/\/www.mascoteriagonzalito.cl\/index.php\/producto\/master-dog-adulto-pollo-razas-medianas-grandes-18-kg\/#primaryimage"},"image":{"@id":"https:\/\/www.mascoteriagonzalito.cl\/index.php\/producto\/master-dog-adulto-pollo-razas-medianas-grandes-18-kg\/#primaryimage"},"thumbnailUrl":"https:\/\/www.mascoteriagonzalito.cl\/wp-content\/uploads\/2025\/04\/images-10.jpg","datePublished":"2025-04-02T18:17:32+00:00","dateModified":"2026-04-11T15:24:08+00:00","breadcrumb":{"@id":"https:\/\/www.mascoteriagonzalito.cl\/index.php\/producto\/master-dog-adulto-pollo-razas-medianas-grandes-18-kg\/#breadcrumb"},"inLanguage":"es","potentialAction":[{"@type":"ReadAction","target":["https:\/\/www.mascoteriagonzalito.cl\/index.php\/producto\/master-dog-adulto-pollo-razas-medianas-grandes-18-kg\/"]}]},{"@type":"ImageObject","inLanguage":"es","@id":"https:\/\/www.mascoteriagonzalito.cl\/index.php\/producto\/master-dog-adulto-pollo-razas-medianas-grandes-18-kg\/#primaryimage","url":"https:\/\/www.mascoteriagonzalito.cl\/wp-content\/uploads\/2025\/04\/images-10.jpg","contentUrl":"https:\/\/www.mascoteriagonzalito.cl\/wp-content\/uploads\/2025\/04\/images-10.jpg","width":225,"height":225},{"@type":"BreadcrumbList","@id":"https:\/\/www.mascoteriagonzalito.cl\/index.php\/producto\/master-dog-adulto-pollo-razas-medianas-grandes-18-kg\/#breadcrumb","itemListElement":[{"@type":"ListItem","position":1,"name":"Portada","item":"https:\/\/www.mascoteriagonzalito.cl\/"},{"@type":"ListItem","position":2,"name":"Tienda","item":"https:\/\/www.mascoteriagonzalito.cl\/index.php\/tienda\/"},{"@type":"ListItem","position":3,"name":"MASTER DOG ADULTO POLLO RAZAS MEDIANAS\/GRANDES 18 KG"}]},{"@type":"WebSite","@id":"https:\/\/www.mascoteriagonzalito.cl\/#website","url":"https:\/\/www.mascoteriagonzalito.cl\/","name":"Mascoter\u00eda Gonzalito","description":"Alimentos y accesorios para mascotas","publisher":{"@id":"https:\/\/www.mascoteriagonzalito.cl\/#organization"},"potentialAction":[{"@type":"SearchAction","target":{"@type":"EntryPoint","urlTemplate":"https:\/\/www.mascoteriagonzalito.cl\/?s={search_term_string}"},"query-input":{"@type":"PropertyValueSpecification","valueRequired":true,"valueName":"search_term_string"}}],"inLanguage":"es"},{"@type":"Organization","@id":"https:\/\/www.mascoteriagonzalito.cl\/#organization","name":"Mascoter\u00eda Gonzalito","url":"https:\/\/www.mascoteriagonzalito.cl\/","logo":{"@type":"ImageObject","inLanguage":"es","@id":"https:\/\/www.mascoteriagonzalito.cl\/#\/schema\/logo\/image\/","url":"https:\/\/www.mascoteriagonzalito.cl\/wp-content\/uploads\/2025\/01\/IMG-20250113-WA0002-copia.png","contentUrl":"https:\/\/www.mascoteriagonzalito.cl\/wp-content\/uploads\/2025\/01\/IMG-20250113-WA0002-copia.png","width":1600,"height":1600,"caption":"Mascoter\u00eda Gonzalito"},"image":{"@id":"https:\/\/www.mascoteriagonzalito.cl\/#\/schema\/logo\/image\/"},"sameAs":["https:\/\/www.facebook.com\/mascoteria.gonzalito\/"]}]}},"_links":{"self":[{"href":"https:\/\/www.mascoteriagonzalito.cl\/index.php\/wp-json\/wp\/v2\/product\/3584","targetHints":{"allow":["GET"]}}],"collection":[{"href":"https:\/\/www.mascoteriagonzalito.cl\/index.php\/wp-json\/wp\/v2\/product"}],"about":[{"href":"https:\/\/www.mascoteriagonzalito.cl\/index.php\/wp-json\/wp\/v2\/types\/product"}],"replies":[{"embeddable":true,"href":"https:\/\/www.mascoteriagonzalito.cl\/index.php\/wp-json\/wp\/v2\/comments?post=3584"}],"wp:featuredmedia":[{"embeddable":true,"href":"https:\/\/www.mascoteriagonzalito.cl\/index.php\/wp-json\/wp\/v2\/media\/6316"}],"wp:attachment":[{"href":"https:\/\/www.mascoteriagonzalito.cl\/index.php\/wp-json\/wp\/v2\/media?parent=3584"}],"wp:term":[{"taxonomy":"product_brand","embeddable":true,"href":"https:\/\/www.mascoteriagonzalito.cl\/index.php\/wp-json\/wp\/v2\/product_brand?post=3584"},{"taxonomy":"product_cat","embeddable":true,"href":"https:\/\/www.mascoteriagonzalito.cl\/index.php\/wp-json\/wp\/v2\/product_cat?post=3584"},{"taxonomy":"product_tag","embeddable":true,"href":"https:\/\/www.mascoteriagonzalito.cl\/index.php\/wp-json\/wp\/v2\/product_tag?post=3584"}],"curies":[{"name":"wp","href":"https:\/\/api.w.org\/{rel}","templated":true}]}}