{"id":3351,"date":"2025-03-07T19:43:09","date_gmt":"2025-03-07T19:43:09","guid":{"rendered":"https:\/\/www.mascoteriagonzalito.cl\/?post_type=product&#038;p=3351"},"modified":"2026-04-15T21:27:25","modified_gmt":"2026-04-15T21:27:25","slug":"dog-chow-extralife-adultos-minis-y-pequenos-con-carne-y-pollo-8kg","status":"publish","type":"product","link":"https:\/\/www.mascoteriagonzalito.cl\/index.php\/producto\/dog-chow-extralife-adultos-minis-y-pequenos-con-carne-y-pollo-8kg\/","title":{"rendered":"Dog Chow\u00ae extralife adultos minis y peque\u00f1os con carne y pollo 8Kg."},"content":{"rendered":"<p>Ma\u00edz, harina de soya, gluten de ma\u00edz, grasa animal (cerdo y bovino), harina de subproductos de pollo, harina de carne y hueso de cerdo, harina de plumas de pollo, aceite de pollo, hidrolizado de v\u00edsceras de pollo l\u00edquido, harina de carne y hueso bovino, trigo, fibra de soya, fosfato de calcio, cloruro de sodio, zeolita, carbonato de calcio, inulina, cloruro de potasio, premezclas minerales quelados, suplementos vitam\u00ednicos antioxidantes, arroz, taurina, cloruro de colina, metionina, arveja deshidratada, zanahoria deshidratada, L-lisina, colorante natural caramelo.<\/p>\n<p>*Eventuales sustitutos: Sorgo, salvado de trigo, celulosa, pulpa de remolacha, harina de carne y hueso animal (cerdo y bovino), harina de subproductos de pavo, harina de salm\u00f3n, sebo bovino, harina de alga (Schizochytrium sp.) leche bovina en polvo, vitamina C, vitamina E, hemoglobina bovina en polvo, sorbato de potasio, pared celular de levadura (Saccharomyces cerevisiae), harina de carne y hueso de cordero, avena, huevo en polvo.<\/p>\n","protected":false},"excerpt":{"rendered":"<h5 class=\"card-subtitle mb-1\">Descripci\u00f3n<\/h5>\n<p>Alimento seco para perros adultos minis y peque\u00f1os DOG CHOW\u00ae con Carne y Pollo, sin colorantes. En cada croqueta encontrar\u00e1s un alimento 100% balanceado, con probi\u00f3ticos naturales que equilibran su flora intestinal, omegas 6 y 3 y niveles de sodio adecuados. Ayuda a cuidar la salud oral, a mantener un coraz\u00f3n sano y tener m\u00fasculos y huesos fuertes. Con Extralife, una mezcla especial de antioxidantes, vitaminas y minerales que ayuda a maximizar la calidad de vida de tu perro d\u00eda tras d\u00eda, entregando hasta 1,8 a\u00f1os m\u00e1s de vida saludable juntos.<\/p>\n<h5>Beneficios<\/h5>\n<ul>\n<li>Equilibra la flora intestinal<\/li>\n<li>Ayuda a mantener un coraz\u00f3n sano<\/li>\n<li>M\u00fasculos y huesos fuertes<\/li>\n<\/ul>\n","protected":false},"featured_media":3352,"comment_status":"open","ping_status":"closed","template":"","meta":[],"product_brand":[97],"product_cat":[34],"product_tag":[],"class_list":{"0":"post-3351","1":"product","2":"type-product","3":"status-publish","4":"has-post-thumbnail","6":"product_brand-purina","7":"product_cat-alimentos-perros","9":"first","10":"instock","11":"shipping-taxable","12":"purchasable","13":"product-type-simple"},"yoast_head":"<!-- This site is optimized with the Yoast SEO plugin v27.4 - https:\/\/yoast.com\/product\/yoast-seo-wordpress\/ -->\n<title>Dog Chow\u00ae extralife adultos minis y peque\u00f1os con carne y pollo 8Kg. - Mascoter\u00eda Gonzalito<\/title>\n<meta name=\"robots\" content=\"index, follow, max-snippet:-1, max-image-preview:large, max-video-preview:-1\" \/>\n<link rel=\"canonical\" href=\"https:\/\/www.mascoteriagonzalito.cl\/index.php\/producto\/dog-chow-extralife-adultos-minis-y-pequenos-con-carne-y-pollo-8kg\/\" \/>\n<meta property=\"og:locale\" content=\"es_ES\" \/>\n<meta property=\"og:type\" content=\"article\" \/>\n<meta property=\"og:title\" content=\"Dog Chow\u00ae extralife adultos minis y peque\u00f1os con carne y pollo 8Kg. - Mascoter\u00eda Gonzalito\" \/>\n<meta property=\"og:description\" content=\"Descripci\u00f3n Alimento seco para perros adultos minis y peque\u00f1os DOG CHOW\u00ae con Carne y Pollo, sin colorantes. En cada croqueta encontrar\u00e1s un alimento 100% balanceado, con probi\u00f3ticos naturales que equilibran su flora intestinal, omegas 6 y 3 y niveles de sodio adecuados. Ayuda a cuidar la salud oral, a mantener un coraz\u00f3n sano y tener m\u00fasculos y huesos fuertes. Con Extralife, una mezcla especial de antioxidantes, vitaminas y minerales que ayuda a maximizar la calidad de vida de tu perro d\u00eda tras d\u00eda, entregando hasta 1,8 a\u00f1os m\u00e1s de vida saludable juntos. Beneficios   Equilibra la flora intestinal  Ayuda a mantener un coraz\u00f3n sano  M\u00fasculos y huesos fuertes\" \/>\n<meta property=\"og:url\" content=\"https:\/\/www.mascoteriagonzalito.cl\/index.php\/producto\/dog-chow-extralife-adultos-minis-y-pequenos-con-carne-y-pollo-8kg\/\" \/>\n<meta property=\"og:site_name\" content=\"Mascoter\u00eda Gonzalito\" \/>\n<meta property=\"article:publisher\" content=\"https:\/\/www.facebook.com\/mascoteria.gonzalito\/\" \/>\n<meta property=\"article:modified_time\" content=\"2026-04-15T21:27:25+00:00\" \/>\n<meta name=\"twitter:card\" content=\"summary_large_image\" \/>\n<meta name=\"twitter:label1\" content=\"Tiempo de lectura\" \/>\n\t<meta name=\"twitter:data1\" content=\"1 minuto\" \/>\n<script type=\"application\/ld+json\" class=\"yoast-schema-graph\">{\"@context\":\"https:\\\/\\\/schema.org\",\"@graph\":[{\"@type\":\"WebPage\",\"@id\":\"https:\\\/\\\/www.mascoteriagonzalito.cl\\\/index.php\\\/producto\\\/dog-chow-extralife-adultos-minis-y-pequenos-con-carne-y-pollo-8kg\\\/\",\"url\":\"https:\\\/\\\/www.mascoteriagonzalito.cl\\\/index.php\\\/producto\\\/dog-chow-extralife-adultos-minis-y-pequenos-con-carne-y-pollo-8kg\\\/\",\"name\":\"Dog Chow\u00ae extralife adultos minis y peque\u00f1os con carne y pollo 8Kg. - Mascoter\u00eda Gonzalito\",\"isPartOf\":{\"@id\":\"https:\\\/\\\/www.mascoteriagonzalito.cl\\\/#website\"},\"primaryImageOfPage\":{\"@id\":\"https:\\\/\\\/www.mascoteriagonzalito.cl\\\/index.php\\\/producto\\\/dog-chow-extralife-adultos-minis-y-pequenos-con-carne-y-pollo-8kg\\\/#primaryimage\"},\"image\":{\"@id\":\"https:\\\/\\\/www.mascoteriagonzalito.cl\\\/index.php\\\/producto\\\/dog-chow-extralife-adultos-minis-y-pequenos-con-carne-y-pollo-8kg\\\/#primaryimage\"},\"thumbnailUrl\":\"https:\\\/\\\/www.mascoteriagonzalito.cl\\\/wp-content\\\/uploads\\\/2025\\\/03\\\/1200X1200_MKP-DC-AD-MYP-CARNE-Y-POLLO.png.avif\",\"datePublished\":\"2025-03-07T19:43:09+00:00\",\"dateModified\":\"2026-04-15T21:27:25+00:00\",\"breadcrumb\":{\"@id\":\"https:\\\/\\\/www.mascoteriagonzalito.cl\\\/index.php\\\/producto\\\/dog-chow-extralife-adultos-minis-y-pequenos-con-carne-y-pollo-8kg\\\/#breadcrumb\"},\"inLanguage\":\"es\",\"potentialAction\":[{\"@type\":\"ReadAction\",\"target\":[\"https:\\\/\\\/www.mascoteriagonzalito.cl\\\/index.php\\\/producto\\\/dog-chow-extralife-adultos-minis-y-pequenos-con-carne-y-pollo-8kg\\\/\"]}]},{\"@type\":\"ImageObject\",\"inLanguage\":\"es\",\"@id\":\"https:\\\/\\\/www.mascoteriagonzalito.cl\\\/index.php\\\/producto\\\/dog-chow-extralife-adultos-minis-y-pequenos-con-carne-y-pollo-8kg\\\/#primaryimage\",\"url\":\"https:\\\/\\\/www.mascoteriagonzalito.cl\\\/wp-content\\\/uploads\\\/2025\\\/03\\\/1200X1200_MKP-DC-AD-MYP-CARNE-Y-POLLO.png.avif\",\"contentUrl\":\"https:\\\/\\\/www.mascoteriagonzalito.cl\\\/wp-content\\\/uploads\\\/2025\\\/03\\\/1200X1200_MKP-DC-AD-MYP-CARNE-Y-POLLO.png.avif\",\"width\":1200,\"height\":1200},{\"@type\":\"BreadcrumbList\",\"@id\":\"https:\\\/\\\/www.mascoteriagonzalito.cl\\\/index.php\\\/producto\\\/dog-chow-extralife-adultos-minis-y-pequenos-con-carne-y-pollo-8kg\\\/#breadcrumb\",\"itemListElement\":[{\"@type\":\"ListItem\",\"position\":1,\"name\":\"Portada\",\"item\":\"https:\\\/\\\/www.mascoteriagonzalito.cl\\\/\"},{\"@type\":\"ListItem\",\"position\":2,\"name\":\"Tienda\",\"item\":\"https:\\\/\\\/www.mascoteriagonzalito.cl\\\/index.php\\\/tienda\\\/\"},{\"@type\":\"ListItem\",\"position\":3,\"name\":\"Dog Chow\u00ae extralife adultos minis y peque\u00f1os con carne y pollo 8Kg.\"}]},{\"@type\":\"WebSite\",\"@id\":\"https:\\\/\\\/www.mascoteriagonzalito.cl\\\/#website\",\"url\":\"https:\\\/\\\/www.mascoteriagonzalito.cl\\\/\",\"name\":\"Mascoter\u00eda Gonzalito\",\"description\":\"Alimentos y accesorios para mascotas\",\"publisher\":{\"@id\":\"https:\\\/\\\/www.mascoteriagonzalito.cl\\\/#organization\"},\"potentialAction\":[{\"@type\":\"SearchAction\",\"target\":{\"@type\":\"EntryPoint\",\"urlTemplate\":\"https:\\\/\\\/www.mascoteriagonzalito.cl\\\/?s={search_term_string}\"},\"query-input\":{\"@type\":\"PropertyValueSpecification\",\"valueRequired\":true,\"valueName\":\"search_term_string\"}}],\"inLanguage\":\"es\"},{\"@type\":\"Organization\",\"@id\":\"https:\\\/\\\/www.mascoteriagonzalito.cl\\\/#organization\",\"name\":\"Mascoter\u00eda Gonzalito\",\"url\":\"https:\\\/\\\/www.mascoteriagonzalito.cl\\\/\",\"logo\":{\"@type\":\"ImageObject\",\"inLanguage\":\"es\",\"@id\":\"https:\\\/\\\/www.mascoteriagonzalito.cl\\\/#\\\/schema\\\/logo\\\/image\\\/\",\"url\":\"https:\\\/\\\/www.mascoteriagonzalito.cl\\\/wp-content\\\/uploads\\\/2025\\\/01\\\/IMG-20250113-WA0002-copia.png\",\"contentUrl\":\"https:\\\/\\\/www.mascoteriagonzalito.cl\\\/wp-content\\\/uploads\\\/2025\\\/01\\\/IMG-20250113-WA0002-copia.png\",\"width\":1600,\"height\":1600,\"caption\":\"Mascoter\u00eda Gonzalito\"},\"image\":{\"@id\":\"https:\\\/\\\/www.mascoteriagonzalito.cl\\\/#\\\/schema\\\/logo\\\/image\\\/\"},\"sameAs\":[\"https:\\\/\\\/www.facebook.com\\\/mascoteria.gonzalito\\\/\"]}]}<\/script>\n<!-- \/ Yoast SEO plugin. -->","yoast_head_json":{"title":"Dog Chow\u00ae extralife adultos minis y peque\u00f1os con carne y pollo 8Kg. - Mascoter\u00eda Gonzalito","robots":{"index":"index","follow":"follow","max-snippet":"max-snippet:-1","max-image-preview":"max-image-preview:large","max-video-preview":"max-video-preview:-1"},"canonical":"https:\/\/www.mascoteriagonzalito.cl\/index.php\/producto\/dog-chow-extralife-adultos-minis-y-pequenos-con-carne-y-pollo-8kg\/","og_locale":"es_ES","og_type":"article","og_title":"Dog Chow\u00ae extralife adultos minis y peque\u00f1os con carne y pollo 8Kg. - Mascoter\u00eda Gonzalito","og_description":"Descripci\u00f3n Alimento seco para perros adultos minis y peque\u00f1os DOG CHOW\u00ae con Carne y Pollo, sin colorantes. En cada croqueta encontrar\u00e1s un alimento 100% balanceado, con probi\u00f3ticos naturales que equilibran su flora intestinal, omegas 6 y 3 y niveles de sodio adecuados. Ayuda a cuidar la salud oral, a mantener un coraz\u00f3n sano y tener m\u00fasculos y huesos fuertes. Con Extralife, una mezcla especial de antioxidantes, vitaminas y minerales que ayuda a maximizar la calidad de vida de tu perro d\u00eda tras d\u00eda, entregando hasta 1,8 a\u00f1os m\u00e1s de vida saludable juntos. Beneficios   Equilibra la flora intestinal  Ayuda a mantener un coraz\u00f3n sano  M\u00fasculos y huesos fuertes","og_url":"https:\/\/www.mascoteriagonzalito.cl\/index.php\/producto\/dog-chow-extralife-adultos-minis-y-pequenos-con-carne-y-pollo-8kg\/","og_site_name":"Mascoter\u00eda Gonzalito","article_publisher":"https:\/\/www.facebook.com\/mascoteria.gonzalito\/","article_modified_time":"2026-04-15T21:27:25+00:00","twitter_card":"summary_large_image","twitter_misc":{"Tiempo de lectura":"1 minuto"},"schema":{"@context":"https:\/\/schema.org","@graph":[{"@type":"WebPage","@id":"https:\/\/www.mascoteriagonzalito.cl\/index.php\/producto\/dog-chow-extralife-adultos-minis-y-pequenos-con-carne-y-pollo-8kg\/","url":"https:\/\/www.mascoteriagonzalito.cl\/index.php\/producto\/dog-chow-extralife-adultos-minis-y-pequenos-con-carne-y-pollo-8kg\/","name":"Dog Chow\u00ae extralife adultos minis y peque\u00f1os con carne y pollo 8Kg. - Mascoter\u00eda Gonzalito","isPartOf":{"@id":"https:\/\/www.mascoteriagonzalito.cl\/#website"},"primaryImageOfPage":{"@id":"https:\/\/www.mascoteriagonzalito.cl\/index.php\/producto\/dog-chow-extralife-adultos-minis-y-pequenos-con-carne-y-pollo-8kg\/#primaryimage"},"image":{"@id":"https:\/\/www.mascoteriagonzalito.cl\/index.php\/producto\/dog-chow-extralife-adultos-minis-y-pequenos-con-carne-y-pollo-8kg\/#primaryimage"},"thumbnailUrl":"https:\/\/www.mascoteriagonzalito.cl\/wp-content\/uploads\/2025\/03\/1200X1200_MKP-DC-AD-MYP-CARNE-Y-POLLO.png.avif","datePublished":"2025-03-07T19:43:09+00:00","dateModified":"2026-04-15T21:27:25+00:00","breadcrumb":{"@id":"https:\/\/www.mascoteriagonzalito.cl\/index.php\/producto\/dog-chow-extralife-adultos-minis-y-pequenos-con-carne-y-pollo-8kg\/#breadcrumb"},"inLanguage":"es","potentialAction":[{"@type":"ReadAction","target":["https:\/\/www.mascoteriagonzalito.cl\/index.php\/producto\/dog-chow-extralife-adultos-minis-y-pequenos-con-carne-y-pollo-8kg\/"]}]},{"@type":"ImageObject","inLanguage":"es","@id":"https:\/\/www.mascoteriagonzalito.cl\/index.php\/producto\/dog-chow-extralife-adultos-minis-y-pequenos-con-carne-y-pollo-8kg\/#primaryimage","url":"https:\/\/www.mascoteriagonzalito.cl\/wp-content\/uploads\/2025\/03\/1200X1200_MKP-DC-AD-MYP-CARNE-Y-POLLO.png.avif","contentUrl":"https:\/\/www.mascoteriagonzalito.cl\/wp-content\/uploads\/2025\/03\/1200X1200_MKP-DC-AD-MYP-CARNE-Y-POLLO.png.avif","width":1200,"height":1200},{"@type":"BreadcrumbList","@id":"https:\/\/www.mascoteriagonzalito.cl\/index.php\/producto\/dog-chow-extralife-adultos-minis-y-pequenos-con-carne-y-pollo-8kg\/#breadcrumb","itemListElement":[{"@type":"ListItem","position":1,"name":"Portada","item":"https:\/\/www.mascoteriagonzalito.cl\/"},{"@type":"ListItem","position":2,"name":"Tienda","item":"https:\/\/www.mascoteriagonzalito.cl\/index.php\/tienda\/"},{"@type":"ListItem","position":3,"name":"Dog Chow\u00ae extralife adultos minis y peque\u00f1os con carne y pollo 8Kg."}]},{"@type":"WebSite","@id":"https:\/\/www.mascoteriagonzalito.cl\/#website","url":"https:\/\/www.mascoteriagonzalito.cl\/","name":"Mascoter\u00eda Gonzalito","description":"Alimentos y accesorios para mascotas","publisher":{"@id":"https:\/\/www.mascoteriagonzalito.cl\/#organization"},"potentialAction":[{"@type":"SearchAction","target":{"@type":"EntryPoint","urlTemplate":"https:\/\/www.mascoteriagonzalito.cl\/?s={search_term_string}"},"query-input":{"@type":"PropertyValueSpecification","valueRequired":true,"valueName":"search_term_string"}}],"inLanguage":"es"},{"@type":"Organization","@id":"https:\/\/www.mascoteriagonzalito.cl\/#organization","name":"Mascoter\u00eda Gonzalito","url":"https:\/\/www.mascoteriagonzalito.cl\/","logo":{"@type":"ImageObject","inLanguage":"es","@id":"https:\/\/www.mascoteriagonzalito.cl\/#\/schema\/logo\/image\/","url":"https:\/\/www.mascoteriagonzalito.cl\/wp-content\/uploads\/2025\/01\/IMG-20250113-WA0002-copia.png","contentUrl":"https:\/\/www.mascoteriagonzalito.cl\/wp-content\/uploads\/2025\/01\/IMG-20250113-WA0002-copia.png","width":1600,"height":1600,"caption":"Mascoter\u00eda Gonzalito"},"image":{"@id":"https:\/\/www.mascoteriagonzalito.cl\/#\/schema\/logo\/image\/"},"sameAs":["https:\/\/www.facebook.com\/mascoteria.gonzalito\/"]}]}},"_links":{"self":[{"href":"https:\/\/www.mascoteriagonzalito.cl\/index.php\/wp-json\/wp\/v2\/product\/3351","targetHints":{"allow":["GET"]}}],"collection":[{"href":"https:\/\/www.mascoteriagonzalito.cl\/index.php\/wp-json\/wp\/v2\/product"}],"about":[{"href":"https:\/\/www.mascoteriagonzalito.cl\/index.php\/wp-json\/wp\/v2\/types\/product"}],"replies":[{"embeddable":true,"href":"https:\/\/www.mascoteriagonzalito.cl\/index.php\/wp-json\/wp\/v2\/comments?post=3351"}],"wp:featuredmedia":[{"embeddable":true,"href":"https:\/\/www.mascoteriagonzalito.cl\/index.php\/wp-json\/wp\/v2\/media\/3352"}],"wp:attachment":[{"href":"https:\/\/www.mascoteriagonzalito.cl\/index.php\/wp-json\/wp\/v2\/media?parent=3351"}],"wp:term":[{"taxonomy":"product_brand","embeddable":true,"href":"https:\/\/www.mascoteriagonzalito.cl\/index.php\/wp-json\/wp\/v2\/product_brand?post=3351"},{"taxonomy":"product_cat","embeddable":true,"href":"https:\/\/www.mascoteriagonzalito.cl\/index.php\/wp-json\/wp\/v2\/product_cat?post=3351"},{"taxonomy":"product_tag","embeddable":true,"href":"https:\/\/www.mascoteriagonzalito.cl\/index.php\/wp-json\/wp\/v2\/product_tag?post=3351"}],"curies":[{"name":"wp","href":"https:\/\/api.w.org\/{rel}","templated":true}]}}