{"id":3347,"date":"2025-03-07T19:34:26","date_gmt":"2025-03-07T19:34:26","guid":{"rendered":"https:\/\/www.mascoteriagonzalito.cl\/?post_type=product&#038;p=3347"},"modified":"2026-04-14T22:04:44","modified_gmt":"2026-04-14T22:04:44","slug":"dog-chow-cachorros-medianos-y-grandes-con-carne-y-pollo-8kg-2","status":"publish","type":"product","link":"https:\/\/www.mascoteriagonzalito.cl\/index.php\/producto\/dog-chow-cachorros-medianos-y-grandes-con-carne-y-pollo-8kg-2\/","title":{"rendered":"Dog Chow\u00ae Cachorros Medianos y Grandes con Carne y Pollo 8Kg"},"content":{"rendered":"<p>Ma\u00edz, harina de soya, harina de subproductos de pollo, harina de carne y hueso de cerdo, grasa animal (cerdo y bovino), harina de plumas de pollo, gluten de ma\u00edz, harina de pescado, harina de carne y hueso bovino, aceite de pollo, hidrolizado de v\u00edsceras de pollo l\u00edquido, trigo, fosfato de calcio, zeolita, cloruro de sodio, inulina, cloruro de potasio, premezcla minerales quelados, suplementos vitam\u00ednicos antioxidantes, arroz, carbonato de calcio, cloruro de colina, arveja deshidratada, zanahoria deshidratada, taurina, metionina, vitamina E, L-lisina.<\/p>\n<p>Eventuales sustitutos: Sorgo, salvado de trigo, celulosa, pulpa de remolacha, fibra de soya, harina de alga (Schizochytrium sp.), harina de carne y hueso animal (cerdo y bovino), harina de subproductos de pavo, hidrolizado de v\u00edsceras de cerdo l\u00edquido, sebo bovino, leche bovina en polvo, vitamina C, hemoglobina bovina en polvo, sorbato de potasio, pared celular levadura (Saccharomyces cerevisiae), treonina, tript\u00f3fano.<\/p>\n","protected":false},"excerpt":{"rendered":"<h5 class=\"card-subtitle mb-1\">Descripci\u00f3n<\/h5>\n<p>Alimento seco para cachorros medianos y grandes DOG CHOW\u00ae con Carne y Pollo, sin colorantes. En cada croqueta encontrar\u00e1s un alimento 100% balanceado, con probi\u00f3ticos naturales que equilibran su flora intestinal, omegas 6 y 3 y niveles de sodio adecuados. Promueve el desarrollo del cerebro y la visi\u00f3n, un crecimiento sano, un pelaje brillante y m\u00fasculos y huesos fuertes. Con Extralife, una mezcla especial de antioxidantes, vitaminas y minerales que ayuda a maximizar la calidad de vida de tu perro d\u00eda tras d\u00eda, entregando hasta 1,8 a\u00f1os m\u00e1s de vida saludable juntos.<\/p>\n<h5>Beneficios<\/h5>\n<ul>\n<li>Crecimiento Sano<\/li>\n<li>Promueve un pelaje brillante<\/li>\n<li>Promueve el desarrollo del cerebro y la visi\u00f3n<\/li>\n<\/ul>\n","protected":false},"featured_media":3348,"comment_status":"open","ping_status":"closed","template":"","meta":[],"product_brand":[97],"product_cat":[34],"product_tag":[],"class_list":{"0":"post-3347","1":"product","2":"type-product","3":"status-publish","4":"has-post-thumbnail","6":"product_brand-purina","7":"product_cat-alimentos-perros","9":"first","10":"instock","11":"shipping-taxable","12":"purchasable","13":"product-type-simple"},"yoast_head":"<!-- This site is optimized with the Yoast SEO plugin v27.4 - https:\/\/yoast.com\/product\/yoast-seo-wordpress\/ -->\n<title>Dog Chow\u00ae Cachorros Medianos y Grandes con Carne y Pollo 8Kg - Mascoter\u00eda Gonzalito<\/title>\n<meta name=\"robots\" content=\"index, follow, max-snippet:-1, max-image-preview:large, max-video-preview:-1\" \/>\n<link rel=\"canonical\" href=\"https:\/\/www.mascoteriagonzalito.cl\/index.php\/producto\/dog-chow-cachorros-medianos-y-grandes-con-carne-y-pollo-8kg-2\/\" \/>\n<meta property=\"og:locale\" content=\"es_ES\" \/>\n<meta property=\"og:type\" content=\"article\" \/>\n<meta property=\"og:title\" content=\"Dog Chow\u00ae Cachorros Medianos y Grandes con Carne y Pollo 8Kg - Mascoter\u00eda Gonzalito\" \/>\n<meta property=\"og:description\" content=\"Descripci\u00f3n Alimento seco para cachorros medianos y grandes DOG CHOW\u00ae con Carne y Pollo, sin colorantes. En cada croqueta encontrar\u00e1s un alimento 100% balanceado, con probi\u00f3ticos naturales que equilibran su flora intestinal, omegas 6 y 3 y niveles de sodio adecuados. Promueve el desarrollo del cerebro y la visi\u00f3n, un crecimiento sano, un pelaje brillante y m\u00fasculos y huesos fuertes. Con Extralife, una mezcla especial de antioxidantes, vitaminas y minerales que ayuda a maximizar la calidad de vida de tu perro d\u00eda tras d\u00eda, entregando hasta 1,8 a\u00f1os m\u00e1s de vida saludable juntos. Beneficios   Crecimiento Sano  Promueve un pelaje brillante  Promueve el desarrollo del cerebro y la visi\u00f3n\" \/>\n<meta property=\"og:url\" content=\"https:\/\/www.mascoteriagonzalito.cl\/index.php\/producto\/dog-chow-cachorros-medianos-y-grandes-con-carne-y-pollo-8kg-2\/\" \/>\n<meta property=\"og:site_name\" content=\"Mascoter\u00eda Gonzalito\" \/>\n<meta property=\"article:publisher\" content=\"https:\/\/www.facebook.com\/mascoteria.gonzalito\/\" \/>\n<meta property=\"article:modified_time\" content=\"2026-04-14T22:04:44+00:00\" \/>\n<meta name=\"twitter:card\" content=\"summary_large_image\" \/>\n<meta name=\"twitter:label1\" content=\"Tiempo de lectura\" \/>\n\t<meta name=\"twitter:data1\" content=\"1 minuto\" \/>\n<script type=\"application\/ld+json\" class=\"yoast-schema-graph\">{\"@context\":\"https:\\\/\\\/schema.org\",\"@graph\":[{\"@type\":\"WebPage\",\"@id\":\"https:\\\/\\\/www.mascoteriagonzalito.cl\\\/index.php\\\/producto\\\/dog-chow-cachorros-medianos-y-grandes-con-carne-y-pollo-8kg-2\\\/\",\"url\":\"https:\\\/\\\/www.mascoteriagonzalito.cl\\\/index.php\\\/producto\\\/dog-chow-cachorros-medianos-y-grandes-con-carne-y-pollo-8kg-2\\\/\",\"name\":\"Dog Chow\u00ae Cachorros Medianos y Grandes con Carne y Pollo 8Kg - Mascoter\u00eda Gonzalito\",\"isPartOf\":{\"@id\":\"https:\\\/\\\/www.mascoteriagonzalito.cl\\\/#website\"},\"primaryImageOfPage\":{\"@id\":\"https:\\\/\\\/www.mascoteriagonzalito.cl\\\/index.php\\\/producto\\\/dog-chow-cachorros-medianos-y-grandes-con-carne-y-pollo-8kg-2\\\/#primaryimage\"},\"image\":{\"@id\":\"https:\\\/\\\/www.mascoteriagonzalito.cl\\\/index.php\\\/producto\\\/dog-chow-cachorros-medianos-y-grandes-con-carne-y-pollo-8kg-2\\\/#primaryimage\"},\"thumbnailUrl\":\"https:\\\/\\\/www.mascoteriagonzalito.cl\\\/wp-content\\\/uploads\\\/2025\\\/03\\\/1200X1200_MKP-DC-CACH-MYG-CARNE-Y-POLLO-.png.avif\",\"datePublished\":\"2025-03-07T19:34:26+00:00\",\"dateModified\":\"2026-04-14T22:04:44+00:00\",\"breadcrumb\":{\"@id\":\"https:\\\/\\\/www.mascoteriagonzalito.cl\\\/index.php\\\/producto\\\/dog-chow-cachorros-medianos-y-grandes-con-carne-y-pollo-8kg-2\\\/#breadcrumb\"},\"inLanguage\":\"es\",\"potentialAction\":[{\"@type\":\"ReadAction\",\"target\":[\"https:\\\/\\\/www.mascoteriagonzalito.cl\\\/index.php\\\/producto\\\/dog-chow-cachorros-medianos-y-grandes-con-carne-y-pollo-8kg-2\\\/\"]}]},{\"@type\":\"ImageObject\",\"inLanguage\":\"es\",\"@id\":\"https:\\\/\\\/www.mascoteriagonzalito.cl\\\/index.php\\\/producto\\\/dog-chow-cachorros-medianos-y-grandes-con-carne-y-pollo-8kg-2\\\/#primaryimage\",\"url\":\"https:\\\/\\\/www.mascoteriagonzalito.cl\\\/wp-content\\\/uploads\\\/2025\\\/03\\\/1200X1200_MKP-DC-CACH-MYG-CARNE-Y-POLLO-.png.avif\",\"contentUrl\":\"https:\\\/\\\/www.mascoteriagonzalito.cl\\\/wp-content\\\/uploads\\\/2025\\\/03\\\/1200X1200_MKP-DC-CACH-MYG-CARNE-Y-POLLO-.png.avif\",\"width\":1200,\"height\":1200},{\"@type\":\"BreadcrumbList\",\"@id\":\"https:\\\/\\\/www.mascoteriagonzalito.cl\\\/index.php\\\/producto\\\/dog-chow-cachorros-medianos-y-grandes-con-carne-y-pollo-8kg-2\\\/#breadcrumb\",\"itemListElement\":[{\"@type\":\"ListItem\",\"position\":1,\"name\":\"Portada\",\"item\":\"https:\\\/\\\/www.mascoteriagonzalito.cl\\\/\"},{\"@type\":\"ListItem\",\"position\":2,\"name\":\"Tienda\",\"item\":\"https:\\\/\\\/www.mascoteriagonzalito.cl\\\/index.php\\\/tienda\\\/\"},{\"@type\":\"ListItem\",\"position\":3,\"name\":\"Dog Chow\u00ae Cachorros Medianos y Grandes con Carne y Pollo 8Kg\"}]},{\"@type\":\"WebSite\",\"@id\":\"https:\\\/\\\/www.mascoteriagonzalito.cl\\\/#website\",\"url\":\"https:\\\/\\\/www.mascoteriagonzalito.cl\\\/\",\"name\":\"Mascoter\u00eda Gonzalito\",\"description\":\"Alimentos y accesorios para mascotas\",\"publisher\":{\"@id\":\"https:\\\/\\\/www.mascoteriagonzalito.cl\\\/#organization\"},\"potentialAction\":[{\"@type\":\"SearchAction\",\"target\":{\"@type\":\"EntryPoint\",\"urlTemplate\":\"https:\\\/\\\/www.mascoteriagonzalito.cl\\\/?s={search_term_string}\"},\"query-input\":{\"@type\":\"PropertyValueSpecification\",\"valueRequired\":true,\"valueName\":\"search_term_string\"}}],\"inLanguage\":\"es\"},{\"@type\":\"Organization\",\"@id\":\"https:\\\/\\\/www.mascoteriagonzalito.cl\\\/#organization\",\"name\":\"Mascoter\u00eda Gonzalito\",\"url\":\"https:\\\/\\\/www.mascoteriagonzalito.cl\\\/\",\"logo\":{\"@type\":\"ImageObject\",\"inLanguage\":\"es\",\"@id\":\"https:\\\/\\\/www.mascoteriagonzalito.cl\\\/#\\\/schema\\\/logo\\\/image\\\/\",\"url\":\"https:\\\/\\\/www.mascoteriagonzalito.cl\\\/wp-content\\\/uploads\\\/2025\\\/01\\\/IMG-20250113-WA0002-copia.png\",\"contentUrl\":\"https:\\\/\\\/www.mascoteriagonzalito.cl\\\/wp-content\\\/uploads\\\/2025\\\/01\\\/IMG-20250113-WA0002-copia.png\",\"width\":1600,\"height\":1600,\"caption\":\"Mascoter\u00eda Gonzalito\"},\"image\":{\"@id\":\"https:\\\/\\\/www.mascoteriagonzalito.cl\\\/#\\\/schema\\\/logo\\\/image\\\/\"},\"sameAs\":[\"https:\\\/\\\/www.facebook.com\\\/mascoteria.gonzalito\\\/\"]}]}<\/script>\n<!-- \/ Yoast SEO plugin. -->","yoast_head_json":{"title":"Dog Chow\u00ae Cachorros Medianos y Grandes con Carne y Pollo 8Kg - Mascoter\u00eda Gonzalito","robots":{"index":"index","follow":"follow","max-snippet":"max-snippet:-1","max-image-preview":"max-image-preview:large","max-video-preview":"max-video-preview:-1"},"canonical":"https:\/\/www.mascoteriagonzalito.cl\/index.php\/producto\/dog-chow-cachorros-medianos-y-grandes-con-carne-y-pollo-8kg-2\/","og_locale":"es_ES","og_type":"article","og_title":"Dog Chow\u00ae Cachorros Medianos y Grandes con Carne y Pollo 8Kg - Mascoter\u00eda Gonzalito","og_description":"Descripci\u00f3n Alimento seco para cachorros medianos y grandes DOG CHOW\u00ae con Carne y Pollo, sin colorantes. En cada croqueta encontrar\u00e1s un alimento 100% balanceado, con probi\u00f3ticos naturales que equilibran su flora intestinal, omegas 6 y 3 y niveles de sodio adecuados. Promueve el desarrollo del cerebro y la visi\u00f3n, un crecimiento sano, un pelaje brillante y m\u00fasculos y huesos fuertes. Con Extralife, una mezcla especial de antioxidantes, vitaminas y minerales que ayuda a maximizar la calidad de vida de tu perro d\u00eda tras d\u00eda, entregando hasta 1,8 a\u00f1os m\u00e1s de vida saludable juntos. Beneficios   Crecimiento Sano  Promueve un pelaje brillante  Promueve el desarrollo del cerebro y la visi\u00f3n","og_url":"https:\/\/www.mascoteriagonzalito.cl\/index.php\/producto\/dog-chow-cachorros-medianos-y-grandes-con-carne-y-pollo-8kg-2\/","og_site_name":"Mascoter\u00eda Gonzalito","article_publisher":"https:\/\/www.facebook.com\/mascoteria.gonzalito\/","article_modified_time":"2026-04-14T22:04:44+00:00","twitter_card":"summary_large_image","twitter_misc":{"Tiempo de lectura":"1 minuto"},"schema":{"@context":"https:\/\/schema.org","@graph":[{"@type":"WebPage","@id":"https:\/\/www.mascoteriagonzalito.cl\/index.php\/producto\/dog-chow-cachorros-medianos-y-grandes-con-carne-y-pollo-8kg-2\/","url":"https:\/\/www.mascoteriagonzalito.cl\/index.php\/producto\/dog-chow-cachorros-medianos-y-grandes-con-carne-y-pollo-8kg-2\/","name":"Dog Chow\u00ae Cachorros Medianos y Grandes con Carne y Pollo 8Kg - Mascoter\u00eda Gonzalito","isPartOf":{"@id":"https:\/\/www.mascoteriagonzalito.cl\/#website"},"primaryImageOfPage":{"@id":"https:\/\/www.mascoteriagonzalito.cl\/index.php\/producto\/dog-chow-cachorros-medianos-y-grandes-con-carne-y-pollo-8kg-2\/#primaryimage"},"image":{"@id":"https:\/\/www.mascoteriagonzalito.cl\/index.php\/producto\/dog-chow-cachorros-medianos-y-grandes-con-carne-y-pollo-8kg-2\/#primaryimage"},"thumbnailUrl":"https:\/\/www.mascoteriagonzalito.cl\/wp-content\/uploads\/2025\/03\/1200X1200_MKP-DC-CACH-MYG-CARNE-Y-POLLO-.png.avif","datePublished":"2025-03-07T19:34:26+00:00","dateModified":"2026-04-14T22:04:44+00:00","breadcrumb":{"@id":"https:\/\/www.mascoteriagonzalito.cl\/index.php\/producto\/dog-chow-cachorros-medianos-y-grandes-con-carne-y-pollo-8kg-2\/#breadcrumb"},"inLanguage":"es","potentialAction":[{"@type":"ReadAction","target":["https:\/\/www.mascoteriagonzalito.cl\/index.php\/producto\/dog-chow-cachorros-medianos-y-grandes-con-carne-y-pollo-8kg-2\/"]}]},{"@type":"ImageObject","inLanguage":"es","@id":"https:\/\/www.mascoteriagonzalito.cl\/index.php\/producto\/dog-chow-cachorros-medianos-y-grandes-con-carne-y-pollo-8kg-2\/#primaryimage","url":"https:\/\/www.mascoteriagonzalito.cl\/wp-content\/uploads\/2025\/03\/1200X1200_MKP-DC-CACH-MYG-CARNE-Y-POLLO-.png.avif","contentUrl":"https:\/\/www.mascoteriagonzalito.cl\/wp-content\/uploads\/2025\/03\/1200X1200_MKP-DC-CACH-MYG-CARNE-Y-POLLO-.png.avif","width":1200,"height":1200},{"@type":"BreadcrumbList","@id":"https:\/\/www.mascoteriagonzalito.cl\/index.php\/producto\/dog-chow-cachorros-medianos-y-grandes-con-carne-y-pollo-8kg-2\/#breadcrumb","itemListElement":[{"@type":"ListItem","position":1,"name":"Portada","item":"https:\/\/www.mascoteriagonzalito.cl\/"},{"@type":"ListItem","position":2,"name":"Tienda","item":"https:\/\/www.mascoteriagonzalito.cl\/index.php\/tienda\/"},{"@type":"ListItem","position":3,"name":"Dog Chow\u00ae Cachorros Medianos y Grandes con Carne y Pollo 8Kg"}]},{"@type":"WebSite","@id":"https:\/\/www.mascoteriagonzalito.cl\/#website","url":"https:\/\/www.mascoteriagonzalito.cl\/","name":"Mascoter\u00eda Gonzalito","description":"Alimentos y accesorios para mascotas","publisher":{"@id":"https:\/\/www.mascoteriagonzalito.cl\/#organization"},"potentialAction":[{"@type":"SearchAction","target":{"@type":"EntryPoint","urlTemplate":"https:\/\/www.mascoteriagonzalito.cl\/?s={search_term_string}"},"query-input":{"@type":"PropertyValueSpecification","valueRequired":true,"valueName":"search_term_string"}}],"inLanguage":"es"},{"@type":"Organization","@id":"https:\/\/www.mascoteriagonzalito.cl\/#organization","name":"Mascoter\u00eda Gonzalito","url":"https:\/\/www.mascoteriagonzalito.cl\/","logo":{"@type":"ImageObject","inLanguage":"es","@id":"https:\/\/www.mascoteriagonzalito.cl\/#\/schema\/logo\/image\/","url":"https:\/\/www.mascoteriagonzalito.cl\/wp-content\/uploads\/2025\/01\/IMG-20250113-WA0002-copia.png","contentUrl":"https:\/\/www.mascoteriagonzalito.cl\/wp-content\/uploads\/2025\/01\/IMG-20250113-WA0002-copia.png","width":1600,"height":1600,"caption":"Mascoter\u00eda Gonzalito"},"image":{"@id":"https:\/\/www.mascoteriagonzalito.cl\/#\/schema\/logo\/image\/"},"sameAs":["https:\/\/www.facebook.com\/mascoteria.gonzalito\/"]}]}},"_links":{"self":[{"href":"https:\/\/www.mascoteriagonzalito.cl\/index.php\/wp-json\/wp\/v2\/product\/3347","targetHints":{"allow":["GET"]}}],"collection":[{"href":"https:\/\/www.mascoteriagonzalito.cl\/index.php\/wp-json\/wp\/v2\/product"}],"about":[{"href":"https:\/\/www.mascoteriagonzalito.cl\/index.php\/wp-json\/wp\/v2\/types\/product"}],"replies":[{"embeddable":true,"href":"https:\/\/www.mascoteriagonzalito.cl\/index.php\/wp-json\/wp\/v2\/comments?post=3347"}],"wp:featuredmedia":[{"embeddable":true,"href":"https:\/\/www.mascoteriagonzalito.cl\/index.php\/wp-json\/wp\/v2\/media\/3348"}],"wp:attachment":[{"href":"https:\/\/www.mascoteriagonzalito.cl\/index.php\/wp-json\/wp\/v2\/media?parent=3347"}],"wp:term":[{"taxonomy":"product_brand","embeddable":true,"href":"https:\/\/www.mascoteriagonzalito.cl\/index.php\/wp-json\/wp\/v2\/product_brand?post=3347"},{"taxonomy":"product_cat","embeddable":true,"href":"https:\/\/www.mascoteriagonzalito.cl\/index.php\/wp-json\/wp\/v2\/product_cat?post=3347"},{"taxonomy":"product_tag","embeddable":true,"href":"https:\/\/www.mascoteriagonzalito.cl\/index.php\/wp-json\/wp\/v2\/product_tag?post=3347"}],"curies":[{"name":"wp","href":"https:\/\/api.w.org\/{rel}","templated":true}]}}