{"id":3295,"date":"2025-03-07T01:57:52","date_gmt":"2025-03-07T01:57:52","guid":{"rendered":"https:\/\/www.mascoteriagonzalito.cl\/?post_type=product&#038;p=3295"},"modified":"2026-03-28T13:50:18","modified_gmt":"2026-03-28T13:50:18","slug":"poema-alimento-adulto-razas-medianas-y-pequenas-salmon","status":"publish","type":"product","link":"https:\/\/www.mascoteriagonzalito.cl\/index.php\/producto\/poema-alimento-adulto-razas-medianas-y-pequenas-salmon\/","title":{"rendered":"Poema &#8211; Alimento Adulto Razas Medianas y Peque\u00f1as Salm\u00f3n"},"content":{"rendered":"<p>Ingredientes: Hidrolizado de salm\u00f3n, harina de arroz, aceite de salm\u00f3n y sardinas, avena, arroz entero, almid\u00f3n de mandioca, saccharomyces cerevisie (fuente de fructo-oligosac\u00e1ridos y manano-oligosac\u00e1ridos), salvado de arroz, linaza, cloruro de potasio, cloruro de sodio, vitamina A, vitamina D, vitamina E, vitamina K, tiamina, riboflavina, \u00e1cido pantot\u00e9nico, niacina, vitamina B6, biotina, \u00e1cido f\u00f3lico, vitamina B12, cloruro de colina, hierro, sulfato de manganeso, cobre, cobalto, zinc, yodo, selenio, extracto de yuca schidigera y quillay, vitamina C, extracto de romero y tocoferoles mixtos saborizante natural.<\/p>\n<p>\u2022 82% Prote\u00ednas de Origen Animal. \u2022 Digestibilidad Proteica 96%. \u2022 Hidrolizado de Salm\u00f3n: Gran Desarrollo Muscular y Excelente Digestibilidad. \u2022 Salm\u00f3n Entero: Para alta Digestibilidad y Palatabilidad. \u2022 No contiene ma\u00edz, Trigo o Soya. \u2022 Preservantes y Antioxidantes Naturales. \u2022 Extracto de Quillay y Yucca Schidigera: Para disminuir el olor de las heces.<\/p>\n","protected":false},"excerpt":{"rendered":"<p>Producto hipoalerg\u00e9nico desarrollado para perros adultos de 1 a 7 a\u00f1os, recomendado para Razas Medianas y Razas Peque\u00f1as. El ingrediente principal es hidrolizado de salm\u00f3n, proveniente desde el sur del pa\u00eds, el que contribuye de manera importante en la nutrici\u00f3n de su mascota y asegura una alta palatabilidad, una alta digestibilidad y una alta biodisponibilidad de prote\u00ednas garantizando la \u00f3ptima salud de tu mascota. Adicionalmente, todos sus ingredientes han sido cuidadosamente seleccionados para lograr una f\u00f3rmula balanceada que le entrega justo lo que tu mascota necesita para tener m\u00fasculos sanos, huesos fuertes, pelaje brillante y un aliento sano.<\/p>\n","protected":false},"featured_media":3296,"comment_status":"open","ping_status":"closed","template":"","meta":[],"product_brand":[101],"product_cat":[34],"product_tag":[],"class_list":{"0":"post-3295","1":"product","2":"type-product","3":"status-publish","4":"has-post-thumbnail","6":"product_brand-poema","7":"product_cat-alimentos-perros","9":"first","10":"instock","11":"shipping-taxable","12":"purchasable","13":"product-type-variable"},"yoast_head":"<!-- This site is optimized with the Yoast SEO plugin v27.4 - https:\/\/yoast.com\/product\/yoast-seo-wordpress\/ -->\n<title>Poema - Alimento Adulto Razas Medianas y Peque\u00f1as Salm\u00f3n - Mascoter\u00eda Gonzalito<\/title>\n<meta name=\"robots\" content=\"index, follow, max-snippet:-1, max-image-preview:large, max-video-preview:-1\" \/>\n<link rel=\"canonical\" href=\"https:\/\/www.mascoteriagonzalito.cl\/index.php\/producto\/poema-alimento-adulto-razas-medianas-y-pequenas-salmon\/\" \/>\n<meta property=\"og:locale\" content=\"es_ES\" \/>\n<meta property=\"og:type\" content=\"article\" \/>\n<meta property=\"og:title\" content=\"Poema - Alimento Adulto Razas Medianas y Peque\u00f1as Salm\u00f3n - Mascoter\u00eda Gonzalito\" \/>\n<meta property=\"og:description\" content=\"Producto hipoalerg\u00e9nico desarrollado para perros adultos de 1 a 7 a\u00f1os, recomendado para Razas Medianas y Razas Peque\u00f1as. El ingrediente principal es hidrolizado de salm\u00f3n, proveniente desde el sur del pa\u00eds, el que contribuye de manera importante en la nutrici\u00f3n de su mascota y asegura una alta palatabilidad, una alta digestibilidad y una alta biodisponibilidad de prote\u00ednas garantizando la \u00f3ptima salud de tu mascota. Adicionalmente, todos sus ingredientes han sido cuidadosamente seleccionados para lograr una f\u00f3rmula balanceada que le entrega justo lo que tu mascota necesita para tener m\u00fasculos sanos, huesos fuertes, pelaje brillante y un aliento sano.\" \/>\n<meta property=\"og:url\" content=\"https:\/\/www.mascoteriagonzalito.cl\/index.php\/producto\/poema-alimento-adulto-razas-medianas-y-pequenas-salmon\/\" \/>\n<meta property=\"og:site_name\" content=\"Mascoter\u00eda Gonzalito\" \/>\n<meta property=\"article:publisher\" content=\"https:\/\/www.facebook.com\/mascoteria.gonzalito\/\" \/>\n<meta property=\"article:modified_time\" content=\"2026-03-28T13:50:18+00:00\" \/>\n<meta property=\"og:image\" content=\"https:\/\/www.mascoteriagonzalito.cl\/wp-content\/uploads\/2025\/03\/POEMA-ADULTOS-SALMON-HIPOALERGENICO.webp\" \/>\n\t<meta property=\"og:image:width\" content=\"625\" \/>\n\t<meta property=\"og:image:height\" content=\"994\" \/>\n\t<meta property=\"og:image:type\" content=\"image\/webp\" \/>\n<meta name=\"twitter:card\" content=\"summary_large_image\" \/>\n<meta name=\"twitter:label1\" content=\"Tiempo de lectura\" \/>\n\t<meta name=\"twitter:data1\" content=\"1 minuto\" \/>\n<script type=\"application\/ld+json\" class=\"yoast-schema-graph\">{\"@context\":\"https:\\\/\\\/schema.org\",\"@graph\":[{\"@type\":\"WebPage\",\"@id\":\"https:\\\/\\\/www.mascoteriagonzalito.cl\\\/index.php\\\/producto\\\/poema-alimento-adulto-razas-medianas-y-pequenas-salmon\\\/\",\"url\":\"https:\\\/\\\/www.mascoteriagonzalito.cl\\\/index.php\\\/producto\\\/poema-alimento-adulto-razas-medianas-y-pequenas-salmon\\\/\",\"name\":\"Poema - Alimento Adulto Razas Medianas y Peque\u00f1as Salm\u00f3n - Mascoter\u00eda Gonzalito\",\"isPartOf\":{\"@id\":\"https:\\\/\\\/www.mascoteriagonzalito.cl\\\/#website\"},\"primaryImageOfPage\":{\"@id\":\"https:\\\/\\\/www.mascoteriagonzalito.cl\\\/index.php\\\/producto\\\/poema-alimento-adulto-razas-medianas-y-pequenas-salmon\\\/#primaryimage\"},\"image\":{\"@id\":\"https:\\\/\\\/www.mascoteriagonzalito.cl\\\/index.php\\\/producto\\\/poema-alimento-adulto-razas-medianas-y-pequenas-salmon\\\/#primaryimage\"},\"thumbnailUrl\":\"https:\\\/\\\/www.mascoteriagonzalito.cl\\\/wp-content\\\/uploads\\\/2025\\\/03\\\/POEMA-ADULTOS-SALMON-HIPOALERGENICO.webp\",\"datePublished\":\"2025-03-07T01:57:52+00:00\",\"dateModified\":\"2026-03-28T13:50:18+00:00\",\"breadcrumb\":{\"@id\":\"https:\\\/\\\/www.mascoteriagonzalito.cl\\\/index.php\\\/producto\\\/poema-alimento-adulto-razas-medianas-y-pequenas-salmon\\\/#breadcrumb\"},\"inLanguage\":\"es\",\"potentialAction\":[{\"@type\":\"ReadAction\",\"target\":[\"https:\\\/\\\/www.mascoteriagonzalito.cl\\\/index.php\\\/producto\\\/poema-alimento-adulto-razas-medianas-y-pequenas-salmon\\\/\"]}]},{\"@type\":\"ImageObject\",\"inLanguage\":\"es\",\"@id\":\"https:\\\/\\\/www.mascoteriagonzalito.cl\\\/index.php\\\/producto\\\/poema-alimento-adulto-razas-medianas-y-pequenas-salmon\\\/#primaryimage\",\"url\":\"https:\\\/\\\/www.mascoteriagonzalito.cl\\\/wp-content\\\/uploads\\\/2025\\\/03\\\/POEMA-ADULTOS-SALMON-HIPOALERGENICO.webp\",\"contentUrl\":\"https:\\\/\\\/www.mascoteriagonzalito.cl\\\/wp-content\\\/uploads\\\/2025\\\/03\\\/POEMA-ADULTOS-SALMON-HIPOALERGENICO.webp\",\"width\":625,\"height\":994},{\"@type\":\"BreadcrumbList\",\"@id\":\"https:\\\/\\\/www.mascoteriagonzalito.cl\\\/index.php\\\/producto\\\/poema-alimento-adulto-razas-medianas-y-pequenas-salmon\\\/#breadcrumb\",\"itemListElement\":[{\"@type\":\"ListItem\",\"position\":1,\"name\":\"Portada\",\"item\":\"https:\\\/\\\/www.mascoteriagonzalito.cl\\\/\"},{\"@type\":\"ListItem\",\"position\":2,\"name\":\"Tienda\",\"item\":\"https:\\\/\\\/www.mascoteriagonzalito.cl\\\/index.php\\\/tienda\\\/\"},{\"@type\":\"ListItem\",\"position\":3,\"name\":\"Poema &#8211; Alimento Adulto Razas Medianas y Peque\u00f1as Salm\u00f3n\"}]},{\"@type\":\"WebSite\",\"@id\":\"https:\\\/\\\/www.mascoteriagonzalito.cl\\\/#website\",\"url\":\"https:\\\/\\\/www.mascoteriagonzalito.cl\\\/\",\"name\":\"Mascoter\u00eda Gonzalito\",\"description\":\"Alimentos y accesorios para mascotas\",\"publisher\":{\"@id\":\"https:\\\/\\\/www.mascoteriagonzalito.cl\\\/#organization\"},\"potentialAction\":[{\"@type\":\"SearchAction\",\"target\":{\"@type\":\"EntryPoint\",\"urlTemplate\":\"https:\\\/\\\/www.mascoteriagonzalito.cl\\\/?s={search_term_string}\"},\"query-input\":{\"@type\":\"PropertyValueSpecification\",\"valueRequired\":true,\"valueName\":\"search_term_string\"}}],\"inLanguage\":\"es\"},{\"@type\":\"Organization\",\"@id\":\"https:\\\/\\\/www.mascoteriagonzalito.cl\\\/#organization\",\"name\":\"Mascoter\u00eda Gonzalito\",\"url\":\"https:\\\/\\\/www.mascoteriagonzalito.cl\\\/\",\"logo\":{\"@type\":\"ImageObject\",\"inLanguage\":\"es\",\"@id\":\"https:\\\/\\\/www.mascoteriagonzalito.cl\\\/#\\\/schema\\\/logo\\\/image\\\/\",\"url\":\"https:\\\/\\\/www.mascoteriagonzalito.cl\\\/wp-content\\\/uploads\\\/2025\\\/01\\\/IMG-20250113-WA0002-copia.png\",\"contentUrl\":\"https:\\\/\\\/www.mascoteriagonzalito.cl\\\/wp-content\\\/uploads\\\/2025\\\/01\\\/IMG-20250113-WA0002-copia.png\",\"width\":1600,\"height\":1600,\"caption\":\"Mascoter\u00eda Gonzalito\"},\"image\":{\"@id\":\"https:\\\/\\\/www.mascoteriagonzalito.cl\\\/#\\\/schema\\\/logo\\\/image\\\/\"},\"sameAs\":[\"https:\\\/\\\/www.facebook.com\\\/mascoteria.gonzalito\\\/\"]}]}<\/script>\n<!-- \/ Yoast SEO plugin. -->","yoast_head_json":{"title":"Poema - Alimento Adulto Razas Medianas y Peque\u00f1as Salm\u00f3n - Mascoter\u00eda Gonzalito","robots":{"index":"index","follow":"follow","max-snippet":"max-snippet:-1","max-image-preview":"max-image-preview:large","max-video-preview":"max-video-preview:-1"},"canonical":"https:\/\/www.mascoteriagonzalito.cl\/index.php\/producto\/poema-alimento-adulto-razas-medianas-y-pequenas-salmon\/","og_locale":"es_ES","og_type":"article","og_title":"Poema - Alimento Adulto Razas Medianas y Peque\u00f1as Salm\u00f3n - Mascoter\u00eda Gonzalito","og_description":"Producto hipoalerg\u00e9nico desarrollado para perros adultos de 1 a 7 a\u00f1os, recomendado para Razas Medianas y Razas Peque\u00f1as. El ingrediente principal es hidrolizado de salm\u00f3n, proveniente desde el sur del pa\u00eds, el que contribuye de manera importante en la nutrici\u00f3n de su mascota y asegura una alta palatabilidad, una alta digestibilidad y una alta biodisponibilidad de prote\u00ednas garantizando la \u00f3ptima salud de tu mascota. Adicionalmente, todos sus ingredientes han sido cuidadosamente seleccionados para lograr una f\u00f3rmula balanceada que le entrega justo lo que tu mascota necesita para tener m\u00fasculos sanos, huesos fuertes, pelaje brillante y un aliento sano.","og_url":"https:\/\/www.mascoteriagonzalito.cl\/index.php\/producto\/poema-alimento-adulto-razas-medianas-y-pequenas-salmon\/","og_site_name":"Mascoter\u00eda Gonzalito","article_publisher":"https:\/\/www.facebook.com\/mascoteria.gonzalito\/","article_modified_time":"2026-03-28T13:50:18+00:00","og_image":[{"width":625,"height":994,"url":"https:\/\/www.mascoteriagonzalito.cl\/wp-content\/uploads\/2025\/03\/POEMA-ADULTOS-SALMON-HIPOALERGENICO.webp","type":"image\/webp"}],"twitter_card":"summary_large_image","twitter_misc":{"Tiempo de lectura":"1 minuto"},"schema":{"@context":"https:\/\/schema.org","@graph":[{"@type":"WebPage","@id":"https:\/\/www.mascoteriagonzalito.cl\/index.php\/producto\/poema-alimento-adulto-razas-medianas-y-pequenas-salmon\/","url":"https:\/\/www.mascoteriagonzalito.cl\/index.php\/producto\/poema-alimento-adulto-razas-medianas-y-pequenas-salmon\/","name":"Poema - Alimento Adulto Razas Medianas y Peque\u00f1as Salm\u00f3n - Mascoter\u00eda Gonzalito","isPartOf":{"@id":"https:\/\/www.mascoteriagonzalito.cl\/#website"},"primaryImageOfPage":{"@id":"https:\/\/www.mascoteriagonzalito.cl\/index.php\/producto\/poema-alimento-adulto-razas-medianas-y-pequenas-salmon\/#primaryimage"},"image":{"@id":"https:\/\/www.mascoteriagonzalito.cl\/index.php\/producto\/poema-alimento-adulto-razas-medianas-y-pequenas-salmon\/#primaryimage"},"thumbnailUrl":"https:\/\/www.mascoteriagonzalito.cl\/wp-content\/uploads\/2025\/03\/POEMA-ADULTOS-SALMON-HIPOALERGENICO.webp","datePublished":"2025-03-07T01:57:52+00:00","dateModified":"2026-03-28T13:50:18+00:00","breadcrumb":{"@id":"https:\/\/www.mascoteriagonzalito.cl\/index.php\/producto\/poema-alimento-adulto-razas-medianas-y-pequenas-salmon\/#breadcrumb"},"inLanguage":"es","potentialAction":[{"@type":"ReadAction","target":["https:\/\/www.mascoteriagonzalito.cl\/index.php\/producto\/poema-alimento-adulto-razas-medianas-y-pequenas-salmon\/"]}]},{"@type":"ImageObject","inLanguage":"es","@id":"https:\/\/www.mascoteriagonzalito.cl\/index.php\/producto\/poema-alimento-adulto-razas-medianas-y-pequenas-salmon\/#primaryimage","url":"https:\/\/www.mascoteriagonzalito.cl\/wp-content\/uploads\/2025\/03\/POEMA-ADULTOS-SALMON-HIPOALERGENICO.webp","contentUrl":"https:\/\/www.mascoteriagonzalito.cl\/wp-content\/uploads\/2025\/03\/POEMA-ADULTOS-SALMON-HIPOALERGENICO.webp","width":625,"height":994},{"@type":"BreadcrumbList","@id":"https:\/\/www.mascoteriagonzalito.cl\/index.php\/producto\/poema-alimento-adulto-razas-medianas-y-pequenas-salmon\/#breadcrumb","itemListElement":[{"@type":"ListItem","position":1,"name":"Portada","item":"https:\/\/www.mascoteriagonzalito.cl\/"},{"@type":"ListItem","position":2,"name":"Tienda","item":"https:\/\/www.mascoteriagonzalito.cl\/index.php\/tienda\/"},{"@type":"ListItem","position":3,"name":"Poema &#8211; Alimento Adulto Razas Medianas y Peque\u00f1as Salm\u00f3n"}]},{"@type":"WebSite","@id":"https:\/\/www.mascoteriagonzalito.cl\/#website","url":"https:\/\/www.mascoteriagonzalito.cl\/","name":"Mascoter\u00eda Gonzalito","description":"Alimentos y accesorios para mascotas","publisher":{"@id":"https:\/\/www.mascoteriagonzalito.cl\/#organization"},"potentialAction":[{"@type":"SearchAction","target":{"@type":"EntryPoint","urlTemplate":"https:\/\/www.mascoteriagonzalito.cl\/?s={search_term_string}"},"query-input":{"@type":"PropertyValueSpecification","valueRequired":true,"valueName":"search_term_string"}}],"inLanguage":"es"},{"@type":"Organization","@id":"https:\/\/www.mascoteriagonzalito.cl\/#organization","name":"Mascoter\u00eda Gonzalito","url":"https:\/\/www.mascoteriagonzalito.cl\/","logo":{"@type":"ImageObject","inLanguage":"es","@id":"https:\/\/www.mascoteriagonzalito.cl\/#\/schema\/logo\/image\/","url":"https:\/\/www.mascoteriagonzalito.cl\/wp-content\/uploads\/2025\/01\/IMG-20250113-WA0002-copia.png","contentUrl":"https:\/\/www.mascoteriagonzalito.cl\/wp-content\/uploads\/2025\/01\/IMG-20250113-WA0002-copia.png","width":1600,"height":1600,"caption":"Mascoter\u00eda Gonzalito"},"image":{"@id":"https:\/\/www.mascoteriagonzalito.cl\/#\/schema\/logo\/image\/"},"sameAs":["https:\/\/www.facebook.com\/mascoteria.gonzalito\/"]}]}},"_links":{"self":[{"href":"https:\/\/www.mascoteriagonzalito.cl\/index.php\/wp-json\/wp\/v2\/product\/3295","targetHints":{"allow":["GET"]}}],"collection":[{"href":"https:\/\/www.mascoteriagonzalito.cl\/index.php\/wp-json\/wp\/v2\/product"}],"about":[{"href":"https:\/\/www.mascoteriagonzalito.cl\/index.php\/wp-json\/wp\/v2\/types\/product"}],"replies":[{"embeddable":true,"href":"https:\/\/www.mascoteriagonzalito.cl\/index.php\/wp-json\/wp\/v2\/comments?post=3295"}],"wp:featuredmedia":[{"embeddable":true,"href":"https:\/\/www.mascoteriagonzalito.cl\/index.php\/wp-json\/wp\/v2\/media\/3296"}],"wp:attachment":[{"href":"https:\/\/www.mascoteriagonzalito.cl\/index.php\/wp-json\/wp\/v2\/media?parent=3295"}],"wp:term":[{"taxonomy":"product_brand","embeddable":true,"href":"https:\/\/www.mascoteriagonzalito.cl\/index.php\/wp-json\/wp\/v2\/product_brand?post=3295"},{"taxonomy":"product_cat","embeddable":true,"href":"https:\/\/www.mascoteriagonzalito.cl\/index.php\/wp-json\/wp\/v2\/product_cat?post=3295"},{"taxonomy":"product_tag","embeddable":true,"href":"https:\/\/www.mascoteriagonzalito.cl\/index.php\/wp-json\/wp\/v2\/product_tag?post=3295"}],"curies":[{"name":"wp","href":"https:\/\/api.w.org\/{rel}","templated":true}]}}