{"id":3127,"date":"2025-03-04T04:55:32","date_gmt":"2025-03-04T04:55:32","guid":{"rendered":"https:\/\/www.mascoteriagonzalito.cl\/?post_type=product&#038;p=3127"},"modified":"2026-03-18T19:05:38","modified_gmt":"2026-03-18T19:05:38","slug":"bravery-salmon-mini-puppy-small-breeds-2","status":"publish","type":"product","link":"https:\/\/www.mascoteriagonzalito.cl\/index.php\/producto\/bravery-salmon-mini-puppy-small-breeds-2\/","title":{"rendered":"BRAVERY SALMON MINI PUPPY SMALL BREEDS"},"content":{"rendered":"<p>Composici\u00f3n<br \/>\nSalm\u00f3n deshidratado, tapioca, grasa de ave (fuente de \u00e1cidos grasos \u2126 \u2013 6), guisantes, levadura y extracto de levadura \u2013 Saccharomyces cerevisiae (fuente de mananooligosac\u00e1ridos \u2013 MOS y \u03b2 \u2013 glucanos), prote\u00edna hidrolizada de salm\u00f3n, aceite de salm\u00f3n (fuente de \u00e1cidos grasos \u2126 \u2013 3 \u2013 EPA y DHA), vaina de algarroba, prote\u00edna de patata, boniato, pulpa de remolacha, Inulina (fibra soluble de achicoria, fuente fosfooligosac\u00e1ridos \u2013 FOS), celulosa natural (fuente de fibra insoluble), minerales, fibra diet\u00e9tica soluble extra\u00edda de Plantago ovata, aceites esenciales (or\u00e9gano, canela, clavo, tomillo, romero, hierbabuena, t\u00e9 verde), hidrolizado de crust\u00e1ceos (fuente de glucosamina), hidrolizado de cart\u00edlago (fuente de condroitina), yuca, concentrado de zumo de mel\u00f3n liofilizado (rico en super\u00f3xido dismutasa \u2013 SOD).<\/p>\n<p>Componentes anal\u00edticos<br \/>\nProte\u00edna bruta\u2026\u2026\u2026\u2026\u2026\u2026\u2026\u2026\u2026\u2026\u2026.. 31%<br \/>\nGrasa bruta\u2026\u2026\u2026\u2026\u2026\u2026\u2026\u2026\u2026\u2026\u2026\u2026\u2026. 20%<br \/>\nFibra bruta\u2026\u2026\u2026\u2026\u2026\u2026\u2026\u2026\u2026\u2026\u2026\u2026\u2026\u2026 2,4%<br \/>\nCeniza bruta\u2026\u2026\u2026\u2026\u2026\u2026\u2026\u2026\u2026\u2026\u2026\u2026\u2026 7,8%<br \/>\nCalcio\u2026\u2026\u2026\u2026\u2026\u2026\u2026\u2026\u2026\u2026\u2026\u2026\u2026\u2026\u2026\u2026\u2026. 1,4%<br \/>\nF\u00f3sforo\u2026\u2026\u2026\u2026\u2026\u2026\u2026\u2026\u2026\u2026\u2026\u2026\u2026\u2026\u2026\u2026. 0,95%<br \/>\nHumedad\u2026\u2026\u2026\u2026\u2026\u2026\u2026\u2026\u2026\u2026\u2026\u2026\u2026\u2026\u2026 9%<br \/>\nEPA+DHA\u2026\u2026\u2026\u2026\u2026\u2026\u2026\u2026\u2026\u2026\u2026\u2026\u2026\u2026\u2026 0,63%<br \/>\nGlucosamina clorhidrato\u2026\u2026\u2026\u2026.. 380 mg\/kg<br \/>\nCondroit\u00edn sulfato\u2026\u2026\u2026\u2026\u2026\u2026\u2026\u2026\u2026. 240 mg\/kg<\/p>\n<p>Aditivos nutricionales<br \/>\nVitamina A 24.000 U.I\/kg, vitamina D3 1.760 U.I\/kg, vitamina E 500 mg\/kg, vitamina C 220 mg\/kg, biotina 2.200 mcg\/kg, L \u2013 Carnitina 100 mg\/kg, cloruro de colina 1.980 mg\/kg, taurina 1.300 mg\/Kg, hierro (sulfato ferroso monohidratado) 66 mg\/kg, hierro (quelato ferroso de hidrato de glicina) 13 mg\/kg, cobre (sulfato c\u00faprico pentahidratado) 5,5 mg\/kg, cobre 3,7 (quelato c\u00faprico de hidrato de glicina) mg\/kg, manganeso (sulfato manganoso monohidratado) 41 mg\/kg, manganeso (quelato de manganeso de hidrato de glicina) 13 mg\/kg, zinc (sulfato de zinc monohidratado) 83 mg\/kg, zinc (quelato de zinc de hidrato de glicina) 50 mg\/kg, yodo (yoduro de potasio) 2,2 mg\/kg, selenio (selenito de sodio) 0,12 mg\/kg, selenio (an\u00e1logo hidroxilado de la selenometionina) 0,12 mg\/kg.<\/p>\n<p>Aditivos tecnol\u00f3gicos<br \/>\nAntioxidantes naturales (aceites vegetales ricos en tocoferoles)<\/p>\n<p>Modo de empleo<br \/>\nEl producto debe ser administrado en forma seca. Deje siempre agua fresca y limpia a disposici\u00f3n de su perro.<\/p>\n<p>Modo de conservaci\u00f3n<br \/>\nMantener el envase bien cerrado, en un lugar seco y ventilado, lejos de la luz y el sol.<\/p>\n","protected":false},"excerpt":{"rendered":"<p>\u2022 Elaborado con 100% carne de salm\u00f3n deshidratada<br \/>\n\u2022 Hipoalerg\u00e9nico y monoproteico<br \/>\n\u2022 Libre de granos y gluten<br \/>\n\u2022 Adecuado para perros sensibles, intolerantes o al\u00e9rgicos<br \/>\n\u2022 Croqueta peque\u00f1a perfecta para tu mascota<br \/>\n\u2022 Los ingredientes altamente digeribles permiten una absorci\u00f3n \u00f3ptima de los nutrientes que son esenciales para su vitalidad y salud.<br \/>\n\u2022 Sin colorantes, saborizantes ni conservantes artificiales a\u00f1adidos<br \/>\n\u2022 Ideal para cachorros de tama\u00f1o peque\u00f1o (2 a 12 meses), con un peso m\u00e1ximo de 10 kilos<\/p>\n","protected":false},"featured_media":3128,"comment_status":"open","ping_status":"closed","template":"","meta":[],"product_brand":[95],"product_cat":[34],"product_tag":[],"class_list":{"0":"post-3127","1":"product","2":"type-product","3":"status-publish","4":"has-post-thumbnail","6":"product_brand-bravery","7":"product_cat-alimentos-perros","9":"first","10":"instock","11":"shipping-taxable","12":"purchasable","13":"product-type-variable"},"yoast_head":"<!-- This site is optimized with the Yoast SEO plugin v27.4 - https:\/\/yoast.com\/product\/yoast-seo-wordpress\/ -->\n<title>BRAVERY SALMON MINI PUPPY SMALL BREEDS - Mascoter\u00eda Gonzalito<\/title>\n<meta name=\"robots\" content=\"index, follow, max-snippet:-1, max-image-preview:large, max-video-preview:-1\" \/>\n<link rel=\"canonical\" href=\"https:\/\/www.mascoteriagonzalito.cl\/index.php\/producto\/bravery-salmon-mini-puppy-small-breeds-2\/\" \/>\n<meta property=\"og:locale\" content=\"es_ES\" \/>\n<meta property=\"og:type\" content=\"article\" \/>\n<meta property=\"og:title\" content=\"BRAVERY SALMON MINI PUPPY SMALL BREEDS - Mascoter\u00eda Gonzalito\" \/>\n<meta property=\"og:description\" content=\"\u2022 Elaborado con 100% carne de salm\u00f3n deshidratada \u2022 Hipoalerg\u00e9nico y monoproteico \u2022 Libre de granos y gluten \u2022 Adecuado para perros sensibles, intolerantes o al\u00e9rgicos \u2022 Croqueta peque\u00f1a perfecta para tu mascota \u2022 Los ingredientes altamente digeribles permiten una absorci\u00f3n \u00f3ptima de los nutrientes que son esenciales para su vitalidad y salud. \u2022 Sin colorantes, saborizantes ni conservantes artificiales a\u00f1adidos \u2022 Ideal para cachorros de tama\u00f1o peque\u00f1o (2 a 12 meses), con un peso m\u00e1ximo de 10 kilos\" \/>\n<meta property=\"og:url\" content=\"https:\/\/www.mascoteriagonzalito.cl\/index.php\/producto\/bravery-salmon-mini-puppy-small-breeds-2\/\" \/>\n<meta property=\"og:site_name\" content=\"Mascoter\u00eda Gonzalito\" \/>\n<meta property=\"article:publisher\" content=\"https:\/\/www.facebook.com\/mascoteria.gonzalito\/\" \/>\n<meta property=\"article:modified_time\" content=\"2026-03-18T19:05:38+00:00\" \/>\n<meta property=\"og:image\" content=\"https:\/\/www.mascoteriagonzalito.cl\/wp-content\/uploads\/2025\/03\/BRAVERY-SALMON-MINI-PUPPY-2.png\" \/>\n\t<meta property=\"og:image:width\" content=\"1080\" \/>\n\t<meta property=\"og:image:height\" content=\"1080\" \/>\n\t<meta property=\"og:image:type\" content=\"image\/png\" \/>\n<meta name=\"twitter:card\" content=\"summary_large_image\" \/>\n<meta name=\"twitter:label1\" content=\"Tiempo de lectura\" \/>\n\t<meta name=\"twitter:data1\" content=\"2 minutos\" \/>\n<script type=\"application\/ld+json\" class=\"yoast-schema-graph\">{\"@context\":\"https:\\\/\\\/schema.org\",\"@graph\":[{\"@type\":\"WebPage\",\"@id\":\"https:\\\/\\\/www.mascoteriagonzalito.cl\\\/index.php\\\/producto\\\/bravery-salmon-mini-puppy-small-breeds-2\\\/\",\"url\":\"https:\\\/\\\/www.mascoteriagonzalito.cl\\\/index.php\\\/producto\\\/bravery-salmon-mini-puppy-small-breeds-2\\\/\",\"name\":\"BRAVERY SALMON MINI PUPPY SMALL BREEDS - Mascoter\u00eda Gonzalito\",\"isPartOf\":{\"@id\":\"https:\\\/\\\/www.mascoteriagonzalito.cl\\\/#website\"},\"primaryImageOfPage\":{\"@id\":\"https:\\\/\\\/www.mascoteriagonzalito.cl\\\/index.php\\\/producto\\\/bravery-salmon-mini-puppy-small-breeds-2\\\/#primaryimage\"},\"image\":{\"@id\":\"https:\\\/\\\/www.mascoteriagonzalito.cl\\\/index.php\\\/producto\\\/bravery-salmon-mini-puppy-small-breeds-2\\\/#primaryimage\"},\"thumbnailUrl\":\"https:\\\/\\\/www.mascoteriagonzalito.cl\\\/wp-content\\\/uploads\\\/2025\\\/03\\\/BRAVERY-SALMON-MINI-PUPPY-2.png\",\"datePublished\":\"2025-03-04T04:55:32+00:00\",\"dateModified\":\"2026-03-18T19:05:38+00:00\",\"breadcrumb\":{\"@id\":\"https:\\\/\\\/www.mascoteriagonzalito.cl\\\/index.php\\\/producto\\\/bravery-salmon-mini-puppy-small-breeds-2\\\/#breadcrumb\"},\"inLanguage\":\"es\",\"potentialAction\":[{\"@type\":\"ReadAction\",\"target\":[\"https:\\\/\\\/www.mascoteriagonzalito.cl\\\/index.php\\\/producto\\\/bravery-salmon-mini-puppy-small-breeds-2\\\/\"]}]},{\"@type\":\"ImageObject\",\"inLanguage\":\"es\",\"@id\":\"https:\\\/\\\/www.mascoteriagonzalito.cl\\\/index.php\\\/producto\\\/bravery-salmon-mini-puppy-small-breeds-2\\\/#primaryimage\",\"url\":\"https:\\\/\\\/www.mascoteriagonzalito.cl\\\/wp-content\\\/uploads\\\/2025\\\/03\\\/BRAVERY-SALMON-MINI-PUPPY-2.png\",\"contentUrl\":\"https:\\\/\\\/www.mascoteriagonzalito.cl\\\/wp-content\\\/uploads\\\/2025\\\/03\\\/BRAVERY-SALMON-MINI-PUPPY-2.png\",\"width\":1080,\"height\":1080},{\"@type\":\"BreadcrumbList\",\"@id\":\"https:\\\/\\\/www.mascoteriagonzalito.cl\\\/index.php\\\/producto\\\/bravery-salmon-mini-puppy-small-breeds-2\\\/#breadcrumb\",\"itemListElement\":[{\"@type\":\"ListItem\",\"position\":1,\"name\":\"Portada\",\"item\":\"https:\\\/\\\/www.mascoteriagonzalito.cl\\\/\"},{\"@type\":\"ListItem\",\"position\":2,\"name\":\"Tienda\",\"item\":\"https:\\\/\\\/www.mascoteriagonzalito.cl\\\/index.php\\\/tienda\\\/\"},{\"@type\":\"ListItem\",\"position\":3,\"name\":\"BRAVERY SALMON MINI PUPPY SMALL BREEDS\"}]},{\"@type\":\"WebSite\",\"@id\":\"https:\\\/\\\/www.mascoteriagonzalito.cl\\\/#website\",\"url\":\"https:\\\/\\\/www.mascoteriagonzalito.cl\\\/\",\"name\":\"Mascoter\u00eda Gonzalito\",\"description\":\"Alimentos y accesorios para mascotas\",\"publisher\":{\"@id\":\"https:\\\/\\\/www.mascoteriagonzalito.cl\\\/#organization\"},\"potentialAction\":[{\"@type\":\"SearchAction\",\"target\":{\"@type\":\"EntryPoint\",\"urlTemplate\":\"https:\\\/\\\/www.mascoteriagonzalito.cl\\\/?s={search_term_string}\"},\"query-input\":{\"@type\":\"PropertyValueSpecification\",\"valueRequired\":true,\"valueName\":\"search_term_string\"}}],\"inLanguage\":\"es\"},{\"@type\":\"Organization\",\"@id\":\"https:\\\/\\\/www.mascoteriagonzalito.cl\\\/#organization\",\"name\":\"Mascoter\u00eda Gonzalito\",\"url\":\"https:\\\/\\\/www.mascoteriagonzalito.cl\\\/\",\"logo\":{\"@type\":\"ImageObject\",\"inLanguage\":\"es\",\"@id\":\"https:\\\/\\\/www.mascoteriagonzalito.cl\\\/#\\\/schema\\\/logo\\\/image\\\/\",\"url\":\"https:\\\/\\\/www.mascoteriagonzalito.cl\\\/wp-content\\\/uploads\\\/2025\\\/01\\\/IMG-20250113-WA0002-copia.png\",\"contentUrl\":\"https:\\\/\\\/www.mascoteriagonzalito.cl\\\/wp-content\\\/uploads\\\/2025\\\/01\\\/IMG-20250113-WA0002-copia.png\",\"width\":1600,\"height\":1600,\"caption\":\"Mascoter\u00eda Gonzalito\"},\"image\":{\"@id\":\"https:\\\/\\\/www.mascoteriagonzalito.cl\\\/#\\\/schema\\\/logo\\\/image\\\/\"},\"sameAs\":[\"https:\\\/\\\/www.facebook.com\\\/mascoteria.gonzalito\\\/\"]}]}<\/script>\n<!-- \/ Yoast SEO plugin. -->","yoast_head_json":{"title":"BRAVERY SALMON MINI PUPPY SMALL BREEDS - Mascoter\u00eda Gonzalito","robots":{"index":"index","follow":"follow","max-snippet":"max-snippet:-1","max-image-preview":"max-image-preview:large","max-video-preview":"max-video-preview:-1"},"canonical":"https:\/\/www.mascoteriagonzalito.cl\/index.php\/producto\/bravery-salmon-mini-puppy-small-breeds-2\/","og_locale":"es_ES","og_type":"article","og_title":"BRAVERY SALMON MINI PUPPY SMALL BREEDS - Mascoter\u00eda Gonzalito","og_description":"\u2022 Elaborado con 100% carne de salm\u00f3n deshidratada \u2022 Hipoalerg\u00e9nico y monoproteico \u2022 Libre de granos y gluten \u2022 Adecuado para perros sensibles, intolerantes o al\u00e9rgicos \u2022 Croqueta peque\u00f1a perfecta para tu mascota \u2022 Los ingredientes altamente digeribles permiten una absorci\u00f3n \u00f3ptima de los nutrientes que son esenciales para su vitalidad y salud. \u2022 Sin colorantes, saborizantes ni conservantes artificiales a\u00f1adidos \u2022 Ideal para cachorros de tama\u00f1o peque\u00f1o (2 a 12 meses), con un peso m\u00e1ximo de 10 kilos","og_url":"https:\/\/www.mascoteriagonzalito.cl\/index.php\/producto\/bravery-salmon-mini-puppy-small-breeds-2\/","og_site_name":"Mascoter\u00eda Gonzalito","article_publisher":"https:\/\/www.facebook.com\/mascoteria.gonzalito\/","article_modified_time":"2026-03-18T19:05:38+00:00","og_image":[{"width":1080,"height":1080,"url":"https:\/\/www.mascoteriagonzalito.cl\/wp-content\/uploads\/2025\/03\/BRAVERY-SALMON-MINI-PUPPY-2.png","type":"image\/png"}],"twitter_card":"summary_large_image","twitter_misc":{"Tiempo de lectura":"2 minutos"},"schema":{"@context":"https:\/\/schema.org","@graph":[{"@type":"WebPage","@id":"https:\/\/www.mascoteriagonzalito.cl\/index.php\/producto\/bravery-salmon-mini-puppy-small-breeds-2\/","url":"https:\/\/www.mascoteriagonzalito.cl\/index.php\/producto\/bravery-salmon-mini-puppy-small-breeds-2\/","name":"BRAVERY SALMON MINI PUPPY SMALL BREEDS - Mascoter\u00eda Gonzalito","isPartOf":{"@id":"https:\/\/www.mascoteriagonzalito.cl\/#website"},"primaryImageOfPage":{"@id":"https:\/\/www.mascoteriagonzalito.cl\/index.php\/producto\/bravery-salmon-mini-puppy-small-breeds-2\/#primaryimage"},"image":{"@id":"https:\/\/www.mascoteriagonzalito.cl\/index.php\/producto\/bravery-salmon-mini-puppy-small-breeds-2\/#primaryimage"},"thumbnailUrl":"https:\/\/www.mascoteriagonzalito.cl\/wp-content\/uploads\/2025\/03\/BRAVERY-SALMON-MINI-PUPPY-2.png","datePublished":"2025-03-04T04:55:32+00:00","dateModified":"2026-03-18T19:05:38+00:00","breadcrumb":{"@id":"https:\/\/www.mascoteriagonzalito.cl\/index.php\/producto\/bravery-salmon-mini-puppy-small-breeds-2\/#breadcrumb"},"inLanguage":"es","potentialAction":[{"@type":"ReadAction","target":["https:\/\/www.mascoteriagonzalito.cl\/index.php\/producto\/bravery-salmon-mini-puppy-small-breeds-2\/"]}]},{"@type":"ImageObject","inLanguage":"es","@id":"https:\/\/www.mascoteriagonzalito.cl\/index.php\/producto\/bravery-salmon-mini-puppy-small-breeds-2\/#primaryimage","url":"https:\/\/www.mascoteriagonzalito.cl\/wp-content\/uploads\/2025\/03\/BRAVERY-SALMON-MINI-PUPPY-2.png","contentUrl":"https:\/\/www.mascoteriagonzalito.cl\/wp-content\/uploads\/2025\/03\/BRAVERY-SALMON-MINI-PUPPY-2.png","width":1080,"height":1080},{"@type":"BreadcrumbList","@id":"https:\/\/www.mascoteriagonzalito.cl\/index.php\/producto\/bravery-salmon-mini-puppy-small-breeds-2\/#breadcrumb","itemListElement":[{"@type":"ListItem","position":1,"name":"Portada","item":"https:\/\/www.mascoteriagonzalito.cl\/"},{"@type":"ListItem","position":2,"name":"Tienda","item":"https:\/\/www.mascoteriagonzalito.cl\/index.php\/tienda\/"},{"@type":"ListItem","position":3,"name":"BRAVERY SALMON MINI PUPPY SMALL BREEDS"}]},{"@type":"WebSite","@id":"https:\/\/www.mascoteriagonzalito.cl\/#website","url":"https:\/\/www.mascoteriagonzalito.cl\/","name":"Mascoter\u00eda Gonzalito","description":"Alimentos y accesorios para mascotas","publisher":{"@id":"https:\/\/www.mascoteriagonzalito.cl\/#organization"},"potentialAction":[{"@type":"SearchAction","target":{"@type":"EntryPoint","urlTemplate":"https:\/\/www.mascoteriagonzalito.cl\/?s={search_term_string}"},"query-input":{"@type":"PropertyValueSpecification","valueRequired":true,"valueName":"search_term_string"}}],"inLanguage":"es"},{"@type":"Organization","@id":"https:\/\/www.mascoteriagonzalito.cl\/#organization","name":"Mascoter\u00eda Gonzalito","url":"https:\/\/www.mascoteriagonzalito.cl\/","logo":{"@type":"ImageObject","inLanguage":"es","@id":"https:\/\/www.mascoteriagonzalito.cl\/#\/schema\/logo\/image\/","url":"https:\/\/www.mascoteriagonzalito.cl\/wp-content\/uploads\/2025\/01\/IMG-20250113-WA0002-copia.png","contentUrl":"https:\/\/www.mascoteriagonzalito.cl\/wp-content\/uploads\/2025\/01\/IMG-20250113-WA0002-copia.png","width":1600,"height":1600,"caption":"Mascoter\u00eda Gonzalito"},"image":{"@id":"https:\/\/www.mascoteriagonzalito.cl\/#\/schema\/logo\/image\/"},"sameAs":["https:\/\/www.facebook.com\/mascoteria.gonzalito\/"]}]}},"_links":{"self":[{"href":"https:\/\/www.mascoteriagonzalito.cl\/index.php\/wp-json\/wp\/v2\/product\/3127","targetHints":{"allow":["GET"]}}],"collection":[{"href":"https:\/\/www.mascoteriagonzalito.cl\/index.php\/wp-json\/wp\/v2\/product"}],"about":[{"href":"https:\/\/www.mascoteriagonzalito.cl\/index.php\/wp-json\/wp\/v2\/types\/product"}],"replies":[{"embeddable":true,"href":"https:\/\/www.mascoteriagonzalito.cl\/index.php\/wp-json\/wp\/v2\/comments?post=3127"}],"wp:featuredmedia":[{"embeddable":true,"href":"https:\/\/www.mascoteriagonzalito.cl\/index.php\/wp-json\/wp\/v2\/media\/3128"}],"wp:attachment":[{"href":"https:\/\/www.mascoteriagonzalito.cl\/index.php\/wp-json\/wp\/v2\/media?parent=3127"}],"wp:term":[{"taxonomy":"product_brand","embeddable":true,"href":"https:\/\/www.mascoteriagonzalito.cl\/index.php\/wp-json\/wp\/v2\/product_brand?post=3127"},{"taxonomy":"product_cat","embeddable":true,"href":"https:\/\/www.mascoteriagonzalito.cl\/index.php\/wp-json\/wp\/v2\/product_cat?post=3127"},{"taxonomy":"product_tag","embeddable":true,"href":"https:\/\/www.mascoteriagonzalito.cl\/index.php\/wp-json\/wp\/v2\/product_tag?post=3127"}],"curies":[{"name":"wp","href":"https:\/\/api.w.org\/{rel}","templated":true}]}}