{"id":3024,"date":"2025-03-01T19:35:18","date_gmt":"2025-03-01T19:35:18","guid":{"rendered":"https:\/\/www.mascoteriagonzalito.cl\/?post_type=product&#038;p=3024"},"modified":"2026-04-18T15:28:36","modified_gmt":"2026-04-18T15:28:36","slug":"fit-formula-adulto-raza-pequena-10-kg","status":"publish","type":"product","link":"https:\/\/www.mascoteriagonzalito.cl\/index.php\/producto\/fit-formula-adulto-raza-pequena-10-kg\/","title":{"rendered":"Fit Formula Adulto Raza Peque\u00f1a 10 kg"},"content":{"rendered":"<p><strong>Formulado con:<\/strong><\/p>\n<ul>\n<li>Prote\u00ednas de alta calidad, para un mejor desarrollo muscular.<\/li>\n<li>\u00c1cidos grasos esenciales DHA \u2013 Omega 3.<\/li>\n<li>Prebi\u00f3ticos, Manano Oligosac\u00e1ridos (MOS), que mantienen la salud intestinal, reducen la poblaci\u00f3n de bacterias da\u00f1inas y ayudan a fortalecer el sistema inmune.<\/li>\n<li>Extracto de Yucca schidigera, que mejora la consistencia de las deposiciones, dej\u00e1ndolas m\u00e1s firmes, mejor conformadas y disminuyendo su olor de manera natural.<\/li>\n<\/ul>\n<p><strong>INGREDIENTES<\/strong><\/p>\n<p>Ma\u00edz, Harina de V\u00edsceras de Ave, Harina de Carne y Hueso Bovina, Trigo, Arroz, Soya, Gluten Meal, Aceite Refinado de Ave, Hidrolizados Proteicos (Saborizante Natural), \u00c1cidos Grasos Marinos y Vegetales Ricos en Omega 3 y 6, DHA, Nucle\u00f3tidos, Vitaminas (A, D, E, C, B1 Tiamina, B2 Riboflavina, B3 Niacina, B5 \u00c1cido Pantot\u00e9nico, B6 Piridoxina, B9 \u00c1cido F\u00f3lico, B12 Cianocobalamina, Biotina y Colina), Minerales (Calcio, F\u00f3sforo, Potasio, Sodio, Cloruro, Magnesio, Cobre Org\u00e1nico, Yodo, Hierro Org\u00e1nico, Manganeso Org\u00e1nico, Selenio Org\u00e1nico y Zinc Org\u00e1nico), Extracto de Levadura Fuente de Manano Oligosac\u00e1ridos (MOS), Extracto de Yucca schidigera, Zeolita, Colorante Caf\u00e9, Esencia de Carne, Conservantes (Antif\u00fangicos y Antioxidantes).<\/p>\n","protected":false},"excerpt":{"rendered":"<p>FIT F\u00f3rmula MR Adulto Raza Peque\u00f1a, es un alimento completo y balanceado desarrollado con ingredientes de alta digestibilidad, maximizando la capacidad de su mascota para absorber los nutrientes, satisfaciendo todos los requerimientos nutricionales de los perros adultos en mantenci\u00f3n.<\/p>\n","protected":false},"featured_media":3025,"comment_status":"open","ping_status":"closed","template":"","meta":[],"product_brand":[98],"product_cat":[34],"product_tag":[],"class_list":{"0":"post-3024","1":"product","2":"type-product","3":"status-publish","4":"has-post-thumbnail","6":"product_brand-fit-formula","7":"product_cat-alimentos-perros","9":"first","10":"instock","11":"shipping-taxable","12":"purchasable","13":"product-type-simple"},"yoast_head":"<!-- This site is optimized with the Yoast SEO plugin v27.4 - https:\/\/yoast.com\/product\/yoast-seo-wordpress\/ -->\n<title>Fit Formula Adulto Raza Peque\u00f1a 10 kg - Mascoter\u00eda Gonzalito<\/title>\n<meta name=\"robots\" content=\"index, follow, max-snippet:-1, max-image-preview:large, max-video-preview:-1\" \/>\n<link rel=\"canonical\" href=\"https:\/\/www.mascoteriagonzalito.cl\/index.php\/producto\/fit-formula-adulto-raza-pequena-10-kg\/\" \/>\n<meta property=\"og:locale\" content=\"es_ES\" \/>\n<meta property=\"og:type\" content=\"article\" \/>\n<meta property=\"og:title\" content=\"Fit Formula Adulto Raza Peque\u00f1a 10 kg - Mascoter\u00eda Gonzalito\" \/>\n<meta property=\"og:description\" content=\"FIT F\u00f3rmula MR Adulto Raza Peque\u00f1a, es un alimento completo y balanceado desarrollado con ingredientes de alta digestibilidad, maximizando la capacidad de su mascota para absorber los nutrientes, satisfaciendo todos los requerimientos nutricionales de los perros adultos en mantenci\u00f3n.\" \/>\n<meta property=\"og:url\" content=\"https:\/\/www.mascoteriagonzalito.cl\/index.php\/producto\/fit-formula-adulto-raza-pequena-10-kg\/\" \/>\n<meta property=\"og:site_name\" content=\"Mascoter\u00eda Gonzalito\" \/>\n<meta property=\"article:publisher\" content=\"https:\/\/www.facebook.com\/mascoteria.gonzalito\/\" \/>\n<meta property=\"article:modified_time\" content=\"2026-04-18T15:28:36+00:00\" \/>\n<meta property=\"og:image\" content=\"https:\/\/www.mascoteriagonzalito.cl\/wp-content\/uploads\/2025\/03\/fit-formula-seco-perro-adulto-raz-pequena-10-kg.png\" \/>\n\t<meta property=\"og:image:width\" content=\"518\" \/>\n\t<meta property=\"og:image:height\" content=\"1000\" \/>\n\t<meta property=\"og:image:type\" content=\"image\/png\" \/>\n<meta name=\"twitter:card\" content=\"summary_large_image\" \/>\n<meta name=\"twitter:label1\" content=\"Tiempo de lectura\" \/>\n\t<meta name=\"twitter:data1\" content=\"1 minuto\" \/>\n<script type=\"application\/ld+json\" class=\"yoast-schema-graph\">{\"@context\":\"https:\\\/\\\/schema.org\",\"@graph\":[{\"@type\":\"WebPage\",\"@id\":\"https:\\\/\\\/www.mascoteriagonzalito.cl\\\/index.php\\\/producto\\\/fit-formula-adulto-raza-pequena-10-kg\\\/\",\"url\":\"https:\\\/\\\/www.mascoteriagonzalito.cl\\\/index.php\\\/producto\\\/fit-formula-adulto-raza-pequena-10-kg\\\/\",\"name\":\"Fit Formula Adulto Raza Peque\u00f1a 10 kg - Mascoter\u00eda Gonzalito\",\"isPartOf\":{\"@id\":\"https:\\\/\\\/www.mascoteriagonzalito.cl\\\/#website\"},\"primaryImageOfPage\":{\"@id\":\"https:\\\/\\\/www.mascoteriagonzalito.cl\\\/index.php\\\/producto\\\/fit-formula-adulto-raza-pequena-10-kg\\\/#primaryimage\"},\"image\":{\"@id\":\"https:\\\/\\\/www.mascoteriagonzalito.cl\\\/index.php\\\/producto\\\/fit-formula-adulto-raza-pequena-10-kg\\\/#primaryimage\"},\"thumbnailUrl\":\"https:\\\/\\\/www.mascoteriagonzalito.cl\\\/wp-content\\\/uploads\\\/2025\\\/03\\\/fit-formula-seco-perro-adulto-raz-pequena-10-kg.png\",\"datePublished\":\"2025-03-01T19:35:18+00:00\",\"dateModified\":\"2026-04-18T15:28:36+00:00\",\"breadcrumb\":{\"@id\":\"https:\\\/\\\/www.mascoteriagonzalito.cl\\\/index.php\\\/producto\\\/fit-formula-adulto-raza-pequena-10-kg\\\/#breadcrumb\"},\"inLanguage\":\"es\",\"potentialAction\":[{\"@type\":\"ReadAction\",\"target\":[\"https:\\\/\\\/www.mascoteriagonzalito.cl\\\/index.php\\\/producto\\\/fit-formula-adulto-raza-pequena-10-kg\\\/\"]}]},{\"@type\":\"ImageObject\",\"inLanguage\":\"es\",\"@id\":\"https:\\\/\\\/www.mascoteriagonzalito.cl\\\/index.php\\\/producto\\\/fit-formula-adulto-raza-pequena-10-kg\\\/#primaryimage\",\"url\":\"https:\\\/\\\/www.mascoteriagonzalito.cl\\\/wp-content\\\/uploads\\\/2025\\\/03\\\/fit-formula-seco-perro-adulto-raz-pequena-10-kg.png\",\"contentUrl\":\"https:\\\/\\\/www.mascoteriagonzalito.cl\\\/wp-content\\\/uploads\\\/2025\\\/03\\\/fit-formula-seco-perro-adulto-raz-pequena-10-kg.png\",\"width\":518,\"height\":1000},{\"@type\":\"BreadcrumbList\",\"@id\":\"https:\\\/\\\/www.mascoteriagonzalito.cl\\\/index.php\\\/producto\\\/fit-formula-adulto-raza-pequena-10-kg\\\/#breadcrumb\",\"itemListElement\":[{\"@type\":\"ListItem\",\"position\":1,\"name\":\"Portada\",\"item\":\"https:\\\/\\\/www.mascoteriagonzalito.cl\\\/\"},{\"@type\":\"ListItem\",\"position\":2,\"name\":\"Tienda\",\"item\":\"https:\\\/\\\/www.mascoteriagonzalito.cl\\\/index.php\\\/tienda\\\/\"},{\"@type\":\"ListItem\",\"position\":3,\"name\":\"Fit Formula Adulto Raza Peque\u00f1a 10 kg\"}]},{\"@type\":\"WebSite\",\"@id\":\"https:\\\/\\\/www.mascoteriagonzalito.cl\\\/#website\",\"url\":\"https:\\\/\\\/www.mascoteriagonzalito.cl\\\/\",\"name\":\"Mascoter\u00eda Gonzalito\",\"description\":\"Alimentos y accesorios para mascotas\",\"publisher\":{\"@id\":\"https:\\\/\\\/www.mascoteriagonzalito.cl\\\/#organization\"},\"potentialAction\":[{\"@type\":\"SearchAction\",\"target\":{\"@type\":\"EntryPoint\",\"urlTemplate\":\"https:\\\/\\\/www.mascoteriagonzalito.cl\\\/?s={search_term_string}\"},\"query-input\":{\"@type\":\"PropertyValueSpecification\",\"valueRequired\":true,\"valueName\":\"search_term_string\"}}],\"inLanguage\":\"es\"},{\"@type\":\"Organization\",\"@id\":\"https:\\\/\\\/www.mascoteriagonzalito.cl\\\/#organization\",\"name\":\"Mascoter\u00eda Gonzalito\",\"url\":\"https:\\\/\\\/www.mascoteriagonzalito.cl\\\/\",\"logo\":{\"@type\":\"ImageObject\",\"inLanguage\":\"es\",\"@id\":\"https:\\\/\\\/www.mascoteriagonzalito.cl\\\/#\\\/schema\\\/logo\\\/image\\\/\",\"url\":\"https:\\\/\\\/www.mascoteriagonzalito.cl\\\/wp-content\\\/uploads\\\/2025\\\/01\\\/IMG-20250113-WA0002-copia.png\",\"contentUrl\":\"https:\\\/\\\/www.mascoteriagonzalito.cl\\\/wp-content\\\/uploads\\\/2025\\\/01\\\/IMG-20250113-WA0002-copia.png\",\"width\":1600,\"height\":1600,\"caption\":\"Mascoter\u00eda Gonzalito\"},\"image\":{\"@id\":\"https:\\\/\\\/www.mascoteriagonzalito.cl\\\/#\\\/schema\\\/logo\\\/image\\\/\"},\"sameAs\":[\"https:\\\/\\\/www.facebook.com\\\/mascoteria.gonzalito\\\/\"]}]}<\/script>\n<!-- \/ Yoast SEO plugin. -->","yoast_head_json":{"title":"Fit Formula Adulto Raza Peque\u00f1a 10 kg - Mascoter\u00eda Gonzalito","robots":{"index":"index","follow":"follow","max-snippet":"max-snippet:-1","max-image-preview":"max-image-preview:large","max-video-preview":"max-video-preview:-1"},"canonical":"https:\/\/www.mascoteriagonzalito.cl\/index.php\/producto\/fit-formula-adulto-raza-pequena-10-kg\/","og_locale":"es_ES","og_type":"article","og_title":"Fit Formula Adulto Raza Peque\u00f1a 10 kg - Mascoter\u00eda Gonzalito","og_description":"FIT F\u00f3rmula MR Adulto Raza Peque\u00f1a, es un alimento completo y balanceado desarrollado con ingredientes de alta digestibilidad, maximizando la capacidad de su mascota para absorber los nutrientes, satisfaciendo todos los requerimientos nutricionales de los perros adultos en mantenci\u00f3n.","og_url":"https:\/\/www.mascoteriagonzalito.cl\/index.php\/producto\/fit-formula-adulto-raza-pequena-10-kg\/","og_site_name":"Mascoter\u00eda Gonzalito","article_publisher":"https:\/\/www.facebook.com\/mascoteria.gonzalito\/","article_modified_time":"2026-04-18T15:28:36+00:00","og_image":[{"width":518,"height":1000,"url":"https:\/\/www.mascoteriagonzalito.cl\/wp-content\/uploads\/2025\/03\/fit-formula-seco-perro-adulto-raz-pequena-10-kg.png","type":"image\/png"}],"twitter_card":"summary_large_image","twitter_misc":{"Tiempo de lectura":"1 minuto"},"schema":{"@context":"https:\/\/schema.org","@graph":[{"@type":"WebPage","@id":"https:\/\/www.mascoteriagonzalito.cl\/index.php\/producto\/fit-formula-adulto-raza-pequena-10-kg\/","url":"https:\/\/www.mascoteriagonzalito.cl\/index.php\/producto\/fit-formula-adulto-raza-pequena-10-kg\/","name":"Fit Formula Adulto Raza Peque\u00f1a 10 kg - Mascoter\u00eda Gonzalito","isPartOf":{"@id":"https:\/\/www.mascoteriagonzalito.cl\/#website"},"primaryImageOfPage":{"@id":"https:\/\/www.mascoteriagonzalito.cl\/index.php\/producto\/fit-formula-adulto-raza-pequena-10-kg\/#primaryimage"},"image":{"@id":"https:\/\/www.mascoteriagonzalito.cl\/index.php\/producto\/fit-formula-adulto-raza-pequena-10-kg\/#primaryimage"},"thumbnailUrl":"https:\/\/www.mascoteriagonzalito.cl\/wp-content\/uploads\/2025\/03\/fit-formula-seco-perro-adulto-raz-pequena-10-kg.png","datePublished":"2025-03-01T19:35:18+00:00","dateModified":"2026-04-18T15:28:36+00:00","breadcrumb":{"@id":"https:\/\/www.mascoteriagonzalito.cl\/index.php\/producto\/fit-formula-adulto-raza-pequena-10-kg\/#breadcrumb"},"inLanguage":"es","potentialAction":[{"@type":"ReadAction","target":["https:\/\/www.mascoteriagonzalito.cl\/index.php\/producto\/fit-formula-adulto-raza-pequena-10-kg\/"]}]},{"@type":"ImageObject","inLanguage":"es","@id":"https:\/\/www.mascoteriagonzalito.cl\/index.php\/producto\/fit-formula-adulto-raza-pequena-10-kg\/#primaryimage","url":"https:\/\/www.mascoteriagonzalito.cl\/wp-content\/uploads\/2025\/03\/fit-formula-seco-perro-adulto-raz-pequena-10-kg.png","contentUrl":"https:\/\/www.mascoteriagonzalito.cl\/wp-content\/uploads\/2025\/03\/fit-formula-seco-perro-adulto-raz-pequena-10-kg.png","width":518,"height":1000},{"@type":"BreadcrumbList","@id":"https:\/\/www.mascoteriagonzalito.cl\/index.php\/producto\/fit-formula-adulto-raza-pequena-10-kg\/#breadcrumb","itemListElement":[{"@type":"ListItem","position":1,"name":"Portada","item":"https:\/\/www.mascoteriagonzalito.cl\/"},{"@type":"ListItem","position":2,"name":"Tienda","item":"https:\/\/www.mascoteriagonzalito.cl\/index.php\/tienda\/"},{"@type":"ListItem","position":3,"name":"Fit Formula Adulto Raza Peque\u00f1a 10 kg"}]},{"@type":"WebSite","@id":"https:\/\/www.mascoteriagonzalito.cl\/#website","url":"https:\/\/www.mascoteriagonzalito.cl\/","name":"Mascoter\u00eda Gonzalito","description":"Alimentos y accesorios para mascotas","publisher":{"@id":"https:\/\/www.mascoteriagonzalito.cl\/#organization"},"potentialAction":[{"@type":"SearchAction","target":{"@type":"EntryPoint","urlTemplate":"https:\/\/www.mascoteriagonzalito.cl\/?s={search_term_string}"},"query-input":{"@type":"PropertyValueSpecification","valueRequired":true,"valueName":"search_term_string"}}],"inLanguage":"es"},{"@type":"Organization","@id":"https:\/\/www.mascoteriagonzalito.cl\/#organization","name":"Mascoter\u00eda Gonzalito","url":"https:\/\/www.mascoteriagonzalito.cl\/","logo":{"@type":"ImageObject","inLanguage":"es","@id":"https:\/\/www.mascoteriagonzalito.cl\/#\/schema\/logo\/image\/","url":"https:\/\/www.mascoteriagonzalito.cl\/wp-content\/uploads\/2025\/01\/IMG-20250113-WA0002-copia.png","contentUrl":"https:\/\/www.mascoteriagonzalito.cl\/wp-content\/uploads\/2025\/01\/IMG-20250113-WA0002-copia.png","width":1600,"height":1600,"caption":"Mascoter\u00eda Gonzalito"},"image":{"@id":"https:\/\/www.mascoteriagonzalito.cl\/#\/schema\/logo\/image\/"},"sameAs":["https:\/\/www.facebook.com\/mascoteria.gonzalito\/"]}]}},"_links":{"self":[{"href":"https:\/\/www.mascoteriagonzalito.cl\/index.php\/wp-json\/wp\/v2\/product\/3024","targetHints":{"allow":["GET"]}}],"collection":[{"href":"https:\/\/www.mascoteriagonzalito.cl\/index.php\/wp-json\/wp\/v2\/product"}],"about":[{"href":"https:\/\/www.mascoteriagonzalito.cl\/index.php\/wp-json\/wp\/v2\/types\/product"}],"replies":[{"embeddable":true,"href":"https:\/\/www.mascoteriagonzalito.cl\/index.php\/wp-json\/wp\/v2\/comments?post=3024"}],"wp:featuredmedia":[{"embeddable":true,"href":"https:\/\/www.mascoteriagonzalito.cl\/index.php\/wp-json\/wp\/v2\/media\/3025"}],"wp:attachment":[{"href":"https:\/\/www.mascoteriagonzalito.cl\/index.php\/wp-json\/wp\/v2\/media?parent=3024"}],"wp:term":[{"taxonomy":"product_brand","embeddable":true,"href":"https:\/\/www.mascoteriagonzalito.cl\/index.php\/wp-json\/wp\/v2\/product_brand?post=3024"},{"taxonomy":"product_cat","embeddable":true,"href":"https:\/\/www.mascoteriagonzalito.cl\/index.php\/wp-json\/wp\/v2\/product_cat?post=3024"},{"taxonomy":"product_tag","embeddable":true,"href":"https:\/\/www.mascoteriagonzalito.cl\/index.php\/wp-json\/wp\/v2\/product_tag?post=3024"}],"curies":[{"name":"wp","href":"https:\/\/api.w.org\/{rel}","templated":true}]}}