{"id":2939,"date":"2025-02-28T05:38:12","date_gmt":"2025-02-28T05:38:12","guid":{"rendered":"https:\/\/www.mascoteriagonzalito.cl\/?post_type=product&#038;p=2939"},"modified":"2026-04-13T14:19:46","modified_gmt":"2026-04-13T14:19:46","slug":"biofresh-adulto-razas-pequenas-y-mini-3-kg","status":"publish","type":"product","link":"https:\/\/www.mascoteriagonzalito.cl\/index.php\/producto\/biofresh-adulto-razas-pequenas-y-mini-3-kg\/","title":{"rendered":"Biofresh ? Adulto Razas peque\u00f1as y mini 3 kg"},"content":{"rendered":"<p>Biofresh Super Premium es innovador y diferente, porque tiene ALTA INCLUSI\u00d3N DE INGREDIENTES REALMENTE FRESCOS, directamente de la naturaliza. El resultado es un alimento completo y equilibrado que se destaca para elevar la nutrici\u00f3n de los cachorros de razas peque\u00f1as y mini a su m\u00e1s alto nivel.<\/p>\n<table class=\"andes-table\">\n<tbody class=\"andes-table__body\">\n<tr class=\"andes-table__row ui-vpp-striped-specs__row\">\n<th class=\"andes-table__header andes-table__header--left ui-vpp-striped-specs__row__column ui-vpp-striped-specs__row__column--id\" scope=\"row\">\n<div class=\"andes-table__header__container\">Ingredientes<\/div>\n<\/th>\n<td id=\":R19nl5pakkvm:\" class=\"andes-table__column andes-table__column--left andes-table__column--vertical-align-center ui-vpp-striped-specs__row__column\"><span id=\":R19nl5pakkvm:-value\" class=\"andes-table__column--value\">H\u00edgado de pollo, Harina de v\u00edsceras de pollo, Grasa de pollo, Manzana, Papaya, Remolacha, Or\u00e9gano, Ar\u00e1ndano en polvo, Orujo de tomate, Huevo deshidratado, EPA, DHA, Semillas de lino, Avena, Arroz integral, Arroz partido, Hidrolizado de h\u00edgado de pollo, Hidrolizado de h\u00edgado de cerdo, Sal, Pulpa de remolacha, Pared celular de levadura, Sulfato de condroitina, Sulfato de glucosamina, DL-Metionina, L-lisina, Cloruro de potasio, Cloruro de colina, Vitamina A, Vitamina B1, Vitamina B2, Vitamina B6, Vitamina B12, Vitamina C, Vitamina D3, Vitamina E, Vitamina K3, Vitamina H, Niacina, \u00c1cido f\u00f3lico, Amino\u00e1cido de manganeso quelato de \u00e1cido, Quelato de amino\u00e1cido de zinc, Quelato de amino\u00e1cido de hierro, Quelato de amino\u00e1cido de cobre, Complejo amino\u00e1cido de selenio, Concentrado de tocoferol, Extracto de romero, Extracto de t\u00e9 verde, \u00c1cido c\u00edtrico, Zeolita, Hexametafosfato de sodio, Vitamina B5, Iodato de calcio<\/span><\/td>\n<\/tr>\n<\/tbody>\n<\/table>\n<p>La tecnolog\u00eda BIOFRESH garantiza la conservaci\u00f3n de este alimento de forma 100% natural y segura, sin conservantes artificiales A\u00d1ADIDOS.<\/p>\n","protected":false},"excerpt":{"rendered":"<p>Biofresh para elevar la nutrici\u00f3n de los adultos de razas peque\u00f1as y mini a su m\u00e1s alto nivel.<\/p>\n","protected":false},"featured_media":2940,"comment_status":"open","ping_status":"closed","template":"","meta":[],"product_brand":[102],"product_cat":[34],"product_tag":[],"class_list":{"0":"post-2939","1":"product","2":"type-product","3":"status-publish","4":"has-post-thumbnail","6":"product_brand-biofresh","7":"product_cat-alimentos-perros","9":"first","10":"instock","11":"shipping-taxable","12":"purchasable","13":"product-type-simple"},"yoast_head":"<!-- This site is optimized with the Yoast SEO plugin v27.4 - https:\/\/yoast.com\/product\/yoast-seo-wordpress\/ -->\n<title>Biofresh ? Adulto Razas peque\u00f1as y mini 3 kg - Mascoter\u00eda Gonzalito<\/title>\n<meta name=\"robots\" content=\"index, follow, max-snippet:-1, max-image-preview:large, max-video-preview:-1\" \/>\n<link rel=\"canonical\" href=\"https:\/\/www.mascoteriagonzalito.cl\/index.php\/producto\/biofresh-adulto-razas-pequenas-y-mini-3-kg\/\" \/>\n<meta property=\"og:locale\" content=\"es_ES\" \/>\n<meta property=\"og:type\" content=\"article\" \/>\n<meta property=\"og:title\" content=\"Biofresh ? Adulto Razas peque\u00f1as y mini 3 kg - Mascoter\u00eda Gonzalito\" \/>\n<meta property=\"og:description\" content=\"Biofresh para elevar la nutrici\u00f3n de los adultos de razas peque\u00f1as y mini a su m\u00e1s alto nivel.\" \/>\n<meta property=\"og:url\" content=\"https:\/\/www.mascoteriagonzalito.cl\/index.php\/producto\/biofresh-adulto-razas-pequenas-y-mini-3-kg\/\" \/>\n<meta property=\"og:site_name\" content=\"Mascoter\u00eda Gonzalito\" \/>\n<meta property=\"article:publisher\" content=\"https:\/\/www.facebook.com\/mascoteria.gonzalito\/\" \/>\n<meta property=\"article:modified_time\" content=\"2026-04-13T14:19:46+00:00\" \/>\n<meta property=\"og:image\" content=\"https:\/\/www.mascoteriagonzalito.cl\/wp-content\/uploads\/2025\/02\/BIOFRESH_ADULTO-RACAS-PEQUENAS-E-MIN.png\" \/>\n\t<meta property=\"og:image:width\" content=\"1000\" \/>\n\t<meta property=\"og:image:height\" content=\"1000\" \/>\n\t<meta property=\"og:image:type\" content=\"image\/png\" \/>\n<meta name=\"twitter:card\" content=\"summary_large_image\" \/>\n<meta name=\"twitter:label1\" content=\"Tiempo de lectura\" \/>\n\t<meta name=\"twitter:data1\" content=\"1 minuto\" \/>\n<script type=\"application\/ld+json\" class=\"yoast-schema-graph\">{\"@context\":\"https:\\\/\\\/schema.org\",\"@graph\":[{\"@type\":\"WebPage\",\"@id\":\"https:\\\/\\\/www.mascoteriagonzalito.cl\\\/index.php\\\/producto\\\/biofresh-adulto-razas-pequenas-y-mini-3-kg\\\/\",\"url\":\"https:\\\/\\\/www.mascoteriagonzalito.cl\\\/index.php\\\/producto\\\/biofresh-adulto-razas-pequenas-y-mini-3-kg\\\/\",\"name\":\"Biofresh ? Adulto Razas peque\u00f1as y mini 3 kg - Mascoter\u00eda Gonzalito\",\"isPartOf\":{\"@id\":\"https:\\\/\\\/www.mascoteriagonzalito.cl\\\/#website\"},\"primaryImageOfPage\":{\"@id\":\"https:\\\/\\\/www.mascoteriagonzalito.cl\\\/index.php\\\/producto\\\/biofresh-adulto-razas-pequenas-y-mini-3-kg\\\/#primaryimage\"},\"image\":{\"@id\":\"https:\\\/\\\/www.mascoteriagonzalito.cl\\\/index.php\\\/producto\\\/biofresh-adulto-razas-pequenas-y-mini-3-kg\\\/#primaryimage\"},\"thumbnailUrl\":\"https:\\\/\\\/www.mascoteriagonzalito.cl\\\/wp-content\\\/uploads\\\/2025\\\/02\\\/BIOFRESH_ADULTO-RACAS-PEQUENAS-E-MIN.png\",\"datePublished\":\"2025-02-28T05:38:12+00:00\",\"dateModified\":\"2026-04-13T14:19:46+00:00\",\"breadcrumb\":{\"@id\":\"https:\\\/\\\/www.mascoteriagonzalito.cl\\\/index.php\\\/producto\\\/biofresh-adulto-razas-pequenas-y-mini-3-kg\\\/#breadcrumb\"},\"inLanguage\":\"es\",\"potentialAction\":[{\"@type\":\"ReadAction\",\"target\":[\"https:\\\/\\\/www.mascoteriagonzalito.cl\\\/index.php\\\/producto\\\/biofresh-adulto-razas-pequenas-y-mini-3-kg\\\/\"]}]},{\"@type\":\"ImageObject\",\"inLanguage\":\"es\",\"@id\":\"https:\\\/\\\/www.mascoteriagonzalito.cl\\\/index.php\\\/producto\\\/biofresh-adulto-razas-pequenas-y-mini-3-kg\\\/#primaryimage\",\"url\":\"https:\\\/\\\/www.mascoteriagonzalito.cl\\\/wp-content\\\/uploads\\\/2025\\\/02\\\/BIOFRESH_ADULTO-RACAS-PEQUENAS-E-MIN.png\",\"contentUrl\":\"https:\\\/\\\/www.mascoteriagonzalito.cl\\\/wp-content\\\/uploads\\\/2025\\\/02\\\/BIOFRESH_ADULTO-RACAS-PEQUENAS-E-MIN.png\",\"width\":1000,\"height\":1000},{\"@type\":\"BreadcrumbList\",\"@id\":\"https:\\\/\\\/www.mascoteriagonzalito.cl\\\/index.php\\\/producto\\\/biofresh-adulto-razas-pequenas-y-mini-3-kg\\\/#breadcrumb\",\"itemListElement\":[{\"@type\":\"ListItem\",\"position\":1,\"name\":\"Portada\",\"item\":\"https:\\\/\\\/www.mascoteriagonzalito.cl\\\/\"},{\"@type\":\"ListItem\",\"position\":2,\"name\":\"Tienda\",\"item\":\"https:\\\/\\\/www.mascoteriagonzalito.cl\\\/index.php\\\/tienda\\\/\"},{\"@type\":\"ListItem\",\"position\":3,\"name\":\"Biofresh ? Adulto Razas peque\u00f1as y mini 3 kg\"}]},{\"@type\":\"WebSite\",\"@id\":\"https:\\\/\\\/www.mascoteriagonzalito.cl\\\/#website\",\"url\":\"https:\\\/\\\/www.mascoteriagonzalito.cl\\\/\",\"name\":\"Mascoter\u00eda Gonzalito\",\"description\":\"Alimentos y accesorios para mascotas\",\"publisher\":{\"@id\":\"https:\\\/\\\/www.mascoteriagonzalito.cl\\\/#organization\"},\"potentialAction\":[{\"@type\":\"SearchAction\",\"target\":{\"@type\":\"EntryPoint\",\"urlTemplate\":\"https:\\\/\\\/www.mascoteriagonzalito.cl\\\/?s={search_term_string}\"},\"query-input\":{\"@type\":\"PropertyValueSpecification\",\"valueRequired\":true,\"valueName\":\"search_term_string\"}}],\"inLanguage\":\"es\"},{\"@type\":\"Organization\",\"@id\":\"https:\\\/\\\/www.mascoteriagonzalito.cl\\\/#organization\",\"name\":\"Mascoter\u00eda Gonzalito\",\"url\":\"https:\\\/\\\/www.mascoteriagonzalito.cl\\\/\",\"logo\":{\"@type\":\"ImageObject\",\"inLanguage\":\"es\",\"@id\":\"https:\\\/\\\/www.mascoteriagonzalito.cl\\\/#\\\/schema\\\/logo\\\/image\\\/\",\"url\":\"https:\\\/\\\/www.mascoteriagonzalito.cl\\\/wp-content\\\/uploads\\\/2025\\\/01\\\/IMG-20250113-WA0002-copia.png\",\"contentUrl\":\"https:\\\/\\\/www.mascoteriagonzalito.cl\\\/wp-content\\\/uploads\\\/2025\\\/01\\\/IMG-20250113-WA0002-copia.png\",\"width\":1600,\"height\":1600,\"caption\":\"Mascoter\u00eda Gonzalito\"},\"image\":{\"@id\":\"https:\\\/\\\/www.mascoteriagonzalito.cl\\\/#\\\/schema\\\/logo\\\/image\\\/\"},\"sameAs\":[\"https:\\\/\\\/www.facebook.com\\\/mascoteria.gonzalito\\\/\"]}]}<\/script>\n<!-- \/ Yoast SEO plugin. -->","yoast_head_json":{"title":"Biofresh ? Adulto Razas peque\u00f1as y mini 3 kg - Mascoter\u00eda Gonzalito","robots":{"index":"index","follow":"follow","max-snippet":"max-snippet:-1","max-image-preview":"max-image-preview:large","max-video-preview":"max-video-preview:-1"},"canonical":"https:\/\/www.mascoteriagonzalito.cl\/index.php\/producto\/biofresh-adulto-razas-pequenas-y-mini-3-kg\/","og_locale":"es_ES","og_type":"article","og_title":"Biofresh ? Adulto Razas peque\u00f1as y mini 3 kg - Mascoter\u00eda Gonzalito","og_description":"Biofresh para elevar la nutrici\u00f3n de los adultos de razas peque\u00f1as y mini a su m\u00e1s alto nivel.","og_url":"https:\/\/www.mascoteriagonzalito.cl\/index.php\/producto\/biofresh-adulto-razas-pequenas-y-mini-3-kg\/","og_site_name":"Mascoter\u00eda Gonzalito","article_publisher":"https:\/\/www.facebook.com\/mascoteria.gonzalito\/","article_modified_time":"2026-04-13T14:19:46+00:00","og_image":[{"width":1000,"height":1000,"url":"https:\/\/www.mascoteriagonzalito.cl\/wp-content\/uploads\/2025\/02\/BIOFRESH_ADULTO-RACAS-PEQUENAS-E-MIN.png","type":"image\/png"}],"twitter_card":"summary_large_image","twitter_misc":{"Tiempo de lectura":"1 minuto"},"schema":{"@context":"https:\/\/schema.org","@graph":[{"@type":"WebPage","@id":"https:\/\/www.mascoteriagonzalito.cl\/index.php\/producto\/biofresh-adulto-razas-pequenas-y-mini-3-kg\/","url":"https:\/\/www.mascoteriagonzalito.cl\/index.php\/producto\/biofresh-adulto-razas-pequenas-y-mini-3-kg\/","name":"Biofresh ? Adulto Razas peque\u00f1as y mini 3 kg - Mascoter\u00eda Gonzalito","isPartOf":{"@id":"https:\/\/www.mascoteriagonzalito.cl\/#website"},"primaryImageOfPage":{"@id":"https:\/\/www.mascoteriagonzalito.cl\/index.php\/producto\/biofresh-adulto-razas-pequenas-y-mini-3-kg\/#primaryimage"},"image":{"@id":"https:\/\/www.mascoteriagonzalito.cl\/index.php\/producto\/biofresh-adulto-razas-pequenas-y-mini-3-kg\/#primaryimage"},"thumbnailUrl":"https:\/\/www.mascoteriagonzalito.cl\/wp-content\/uploads\/2025\/02\/BIOFRESH_ADULTO-RACAS-PEQUENAS-E-MIN.png","datePublished":"2025-02-28T05:38:12+00:00","dateModified":"2026-04-13T14:19:46+00:00","breadcrumb":{"@id":"https:\/\/www.mascoteriagonzalito.cl\/index.php\/producto\/biofresh-adulto-razas-pequenas-y-mini-3-kg\/#breadcrumb"},"inLanguage":"es","potentialAction":[{"@type":"ReadAction","target":["https:\/\/www.mascoteriagonzalito.cl\/index.php\/producto\/biofresh-adulto-razas-pequenas-y-mini-3-kg\/"]}]},{"@type":"ImageObject","inLanguage":"es","@id":"https:\/\/www.mascoteriagonzalito.cl\/index.php\/producto\/biofresh-adulto-razas-pequenas-y-mini-3-kg\/#primaryimage","url":"https:\/\/www.mascoteriagonzalito.cl\/wp-content\/uploads\/2025\/02\/BIOFRESH_ADULTO-RACAS-PEQUENAS-E-MIN.png","contentUrl":"https:\/\/www.mascoteriagonzalito.cl\/wp-content\/uploads\/2025\/02\/BIOFRESH_ADULTO-RACAS-PEQUENAS-E-MIN.png","width":1000,"height":1000},{"@type":"BreadcrumbList","@id":"https:\/\/www.mascoteriagonzalito.cl\/index.php\/producto\/biofresh-adulto-razas-pequenas-y-mini-3-kg\/#breadcrumb","itemListElement":[{"@type":"ListItem","position":1,"name":"Portada","item":"https:\/\/www.mascoteriagonzalito.cl\/"},{"@type":"ListItem","position":2,"name":"Tienda","item":"https:\/\/www.mascoteriagonzalito.cl\/index.php\/tienda\/"},{"@type":"ListItem","position":3,"name":"Biofresh ? Adulto Razas peque\u00f1as y mini 3 kg"}]},{"@type":"WebSite","@id":"https:\/\/www.mascoteriagonzalito.cl\/#website","url":"https:\/\/www.mascoteriagonzalito.cl\/","name":"Mascoter\u00eda Gonzalito","description":"Alimentos y accesorios para mascotas","publisher":{"@id":"https:\/\/www.mascoteriagonzalito.cl\/#organization"},"potentialAction":[{"@type":"SearchAction","target":{"@type":"EntryPoint","urlTemplate":"https:\/\/www.mascoteriagonzalito.cl\/?s={search_term_string}"},"query-input":{"@type":"PropertyValueSpecification","valueRequired":true,"valueName":"search_term_string"}}],"inLanguage":"es"},{"@type":"Organization","@id":"https:\/\/www.mascoteriagonzalito.cl\/#organization","name":"Mascoter\u00eda Gonzalito","url":"https:\/\/www.mascoteriagonzalito.cl\/","logo":{"@type":"ImageObject","inLanguage":"es","@id":"https:\/\/www.mascoteriagonzalito.cl\/#\/schema\/logo\/image\/","url":"https:\/\/www.mascoteriagonzalito.cl\/wp-content\/uploads\/2025\/01\/IMG-20250113-WA0002-copia.png","contentUrl":"https:\/\/www.mascoteriagonzalito.cl\/wp-content\/uploads\/2025\/01\/IMG-20250113-WA0002-copia.png","width":1600,"height":1600,"caption":"Mascoter\u00eda Gonzalito"},"image":{"@id":"https:\/\/www.mascoteriagonzalito.cl\/#\/schema\/logo\/image\/"},"sameAs":["https:\/\/www.facebook.com\/mascoteria.gonzalito\/"]}]}},"_links":{"self":[{"href":"https:\/\/www.mascoteriagonzalito.cl\/index.php\/wp-json\/wp\/v2\/product\/2939","targetHints":{"allow":["GET"]}}],"collection":[{"href":"https:\/\/www.mascoteriagonzalito.cl\/index.php\/wp-json\/wp\/v2\/product"}],"about":[{"href":"https:\/\/www.mascoteriagonzalito.cl\/index.php\/wp-json\/wp\/v2\/types\/product"}],"replies":[{"embeddable":true,"href":"https:\/\/www.mascoteriagonzalito.cl\/index.php\/wp-json\/wp\/v2\/comments?post=2939"}],"wp:featuredmedia":[{"embeddable":true,"href":"https:\/\/www.mascoteriagonzalito.cl\/index.php\/wp-json\/wp\/v2\/media\/2940"}],"wp:attachment":[{"href":"https:\/\/www.mascoteriagonzalito.cl\/index.php\/wp-json\/wp\/v2\/media?parent=2939"}],"wp:term":[{"taxonomy":"product_brand","embeddable":true,"href":"https:\/\/www.mascoteriagonzalito.cl\/index.php\/wp-json\/wp\/v2\/product_brand?post=2939"},{"taxonomy":"product_cat","embeddable":true,"href":"https:\/\/www.mascoteriagonzalito.cl\/index.php\/wp-json\/wp\/v2\/product_cat?post=2939"},{"taxonomy":"product_tag","embeddable":true,"href":"https:\/\/www.mascoteriagonzalito.cl\/index.php\/wp-json\/wp\/v2\/product_tag?post=2939"}],"curies":[{"name":"wp","href":"https:\/\/api.w.org\/{rel}","templated":true}]}}